{"id":1060,"date":"2016-08-21T20:38:32","date_gmt":"2016-08-21T20:38:32","guid":{"rendered":"http:\/\/moverdb.com\/?page_id=1060"},"modified":"2026-01-08T15:20:47","modified_gmt":"2026-01-08T15:20:47","slug":"suddath","status":"publish","type":"page","link":"https:\/\/moverdb.com\/sv\/suddath\/","title":{"rendered":"Suddath: International Moving &amp; Relocations Recensioner"},"content":{"rendered":"<p>Suddath erbjuder sina kunder full service inom flyttning och f\u00f6rvaring b\u00e5de internationellt och lokalt. Dessa listas nedan tillsammans med en f\u00f6retagsprofil och recensioner.<\/p>\n<p><strong>Internationell flyttning och lagring<\/strong><\/p>\n<ul>\n<li> F\u00f6rs\u00e4ndelse av hush\u00e5llsvaror<\/li>\n<li> Tilldelad flyttr\u00e5dgivare<\/li>\n<li> Paket f\u00f6re flytt<\/li>\n<li> Tullinformation och r\u00e5dgivning<\/li>\n<li> Information om destinationen<\/li>\n<li> F\u00f6rvaringsutrymmen<\/li>\n<li> V\u00e4rdering eller f\u00f6rs\u00e4kringsr\u00e5dgivning<\/li>\n<\/ul>\n<p><strong>F\u00f6rvaltning av policy och program f\u00f6r f\u00f6retagsflyttning<\/strong><\/p>\n<ul>\n<li> \u00d6versyn och\/eller utveckling av politiken f\u00f6r omplacering<\/li>\n<li> F\u00f6rvaltning av politiken<\/li>\n<li> Engagerad, erfaren kundtj\u00e4nst<\/li>\n<li> Kvalitetss\u00e4kringsprogram med m\u00e4tbara m\u00e4tv\u00e4rden<\/li>\n<li> Online-\u00e5tkomst eller rapportering och sp\u00e5rning av f\u00f6rs\u00e4ndelser<\/li>\n<\/ul>\n<p><strong>Andra tj\u00e4nster f\u00f6r global r\u00f6rlighet<\/strong><\/p>\n<ul>\n<li> Global riktm\u00e4rkning, \u00f6versyn och utveckling av politiken<\/li>\n<li> Tj\u00e4nster f\u00f6r avresa och f\u00f6rs\u00e4ljning av bost\u00e4der<\/li>\n<li> Kostnadsprognoser<\/li>\n<li> Bed\u00f6mning av kandidater<\/li>\n<li> Skatter\u00e5dgivning och r\u00e5dgivning om social trygghet<\/li>\n<li> L\u00f6pande uppdragstj\u00e4nster<\/li>\n<li> Resa f\u00f6re uppdraget<\/li>\n<li> Interkulturell utbildning, aff\u00e4rsinformation och spr\u00e5ktr\u00e4ning<\/li>\n<li> Leasing eller finansiering av bilar<\/li>\n<li> S\u00f6kning av skola<\/li>\n<li> Program f\u00f6r \u00e5terv\u00e4ndande<\/li>\n<\/ul>\n<p><strong>Worldwide Government Moving and Storage<\/strong><\/p>\n<ul>\n<li> Flyttning med full service f\u00f6r myndigheter och milit\u00e4rer<\/li>\n<\/ul>\n<p><strong><a href=\"https:\/\/moverdb.com\/sv\/moving-to-the-united-states\/\" data-internallinksmanager029f6b8e52c=\"94\" title=\"Flyttar du till USA? 2026 Levnadskostnader och flyttningstips\">USA<\/a> Flyttning och lagring av bost\u00e4der<\/strong><\/p>\n<p><strong>Flyttning av f\u00f6retag<\/strong><\/p>\n<ul>\n<li> Utv\u00e4rdering och samr\u00e5d om flyttpolitik<\/li>\n<li> F\u00f6rflyttningshantering<\/li>\n<li> Gruppf\u00f6rflyttningar<\/li>\n<li> En enda kontaktpunkt<\/li>\n<li> Transport av hush\u00e5llsvaror<\/li>\n<li> Andra flyttj\u00e4nster (inklusive fastighetsrelaterade tj\u00e4nster, hypoteksl\u00e5n, bostadss\u00f6kning, destinationstj\u00e4nster)<\/li>\n<\/ul>\n<p><strong>Bost\u00e4der, privat flyttning<\/strong><\/p>\n<ul>\n<li> Uppskattning f\u00f6re flytten<\/li>\n<li> En dedikerad flyttkoordinator<\/li>\n<li> F\u00f6rpackningstj\u00e4nster (i ursprungslandet och p\u00e5 destinationen)<\/li>\n<li> F\u00f6rpackningsmaterial<\/li>\n<li> Sp\u00e5rning av f\u00f6rs\u00e4ndelser<\/li>\n<li> Lagringstj\u00e4nster<\/li>\n<li> Flyttning och fastighetsrelaterade tj\u00e4nster<\/li>\n<\/ul>\n<h2>Suddaths f\u00f6retagsprofil<\/h2>\n<p>Suddath, Suddath Van Lines och Suddath Relocations Systems \u00e4r en familj av f\u00f6retag som startade 1919 i Jacksonville, <a href=\"https:\/\/moverdb.com\/sv\/moving-to-the-united-states\/moving-to-florida\/\" data-internallinksmanager029f6b8e52c=\"331\" title=\"Flytta till Florida? 2026 Levnadskostnader &amp; Flytttips\">Florida<\/a> av Carl Suddath som startade f\u00f6retaget med en sk\u00e5pbil, tv\u00e5 mulor och tv\u00e5 turistbilar f\u00f6r att betj\u00e4na den nya filmindustrin. De har nu kontor i USA och <a href=\"https:\/\/moverdb.com\/sv\/moving-to-canada\/\" data-internallinksmanager029f6b8e52c=\"265\" title=\"Flytta till Kanada? 2026 Levnadskostnader och flyttningstips\">Kanada<\/a> och ett stort n\u00e4tverk av agenter \u00f6ver hela v\u00e4rlden.<\/p>\n<p>Suddath hanterar \u00f6ver 75 000 flyttar per \u00e5r, internationellt och lokalt, f\u00f6r privatpersoner, f\u00f6retag, myndigheter och milit\u00e4rer. <\/p>\n<p>De kan stolt skryta med att de har n\u00e5gra av Fortune 500-f\u00f6retagen som sina fr\u00e4msta kunder, tillsammans med den amerikanska regeringen. Suddath erbjuder en komplett service fr\u00e5n f\u00f6rsta offert till uppackning och flyttj\u00e4nster.<\/p>\n<p>Suddath har f\u00f6ljande ackrediteringar och medlemskap:<\/p>\n<ul>\n<li> <a href=\"https:\/\/moverdb.com\/sv\/fidi-faim\/\">FIDI<\/a><\/li>\n<li> Internationellt n\u00e4tverk f\u00f6r utlandsflyttning (OMNI)<\/li>\n<li> <a href=\"https:\/\/moverdb.com\/sv\/jag-ar\/\">Internationella sammanslutningen av flyttfirmor<\/a> (<a href=\"https:\/\/moverdb.com\/sv\/iam\/\" data-internallinksmanager029f6b8e52c=\"23\" title=\"International Association of Movers (IAM) f\u00f6rklaras\">IAM<\/a>)<\/li>\n<li> <a href=\"https:\/\/moverdb.com\/sv\/lacma\/\" target=\"_blank\" rel=\"noopener\">F\u00f6reningen f\u00f6r internationella flyttfirmor i Latinamerika och V\u00e4stindien<\/a> (<a href=\"https:\/\/moverdb.com\/sv\/lacma\/\" data-internallinksmanager029f6b8e52c=\"28\" title=\"Latinamerikanska och karibiska internationella flyttf\u00f6reningen (LACMA)\">LACMA<\/a>)<\/li>\n<li> Pan American International Movers Association (PAIMA)<\/li>\n<li> <a href=\"https:\/\/moverdb.com\/sv\/british-association-of-removers\/\" target=\"_blank\" rel=\"noopener\">British Association of Removers (brittisk sammanslutning av flyttfirmor)<\/a> (<a href=\"https:\/\/moverdb.com\/sv\/british-association-of-removers\/\" data-internallinksmanager029f6b8e52c=\"9\" title=\"British Association of Removers (BAR) f\u00f6rklaras\">BAR<\/a>)<\/li>\n<li> <a href=\"https:\/\/moverdb.com\/sv\/radet-for-omplacering-av-arbetstagare\/\" target=\"_blank\" rel=\"noopener\">ERC i hela v\u00e4rlden<\/a><\/li>\n<li> F\u00f6reningen f\u00f6r personalf\u00f6rvaltning (SHRM)<\/li>\n<li> Partnerskap f\u00f6r kundhandel mot terrorism (C-TPAT)<\/li>\n<li> <a href=\"https:\/\/moverdb.com\/sv\/iata\/\" target=\"_blank\" rel=\"noopener\">IATA<\/a><\/li>\n<li> Better Business Bureau (BBB)<\/li>\n<li> ISO 9001-2008<\/li>\n<li> Brookfield Global Relocation Services<\/li>\n<li> <a href=\"https:\/\/moverdb.com\/sv\/fidi-faim\/\" data-internallinksmanager029f6b8e52c=\"16\" title=\"FIDI &amp; FAIM (FIDI Accredited International Mover) f\u00f6rklaras\">FAIM<\/a> Plus<\/li>\n<li> Certifierad kontorsflyttare - International Office Moving Institute<\/li>\n<li> <a href=\"https:\/\/moverdb.com\/sv\/falg-promover\/\" target=\"_blank\" rel=\"noopener\">ProMover<\/a><\/li>\n<li> General Services Administration (GSA)<\/li>\n<\/ul>\n<p><strong>Suddath Moving Recensioner<\/strong><\/p>\n<p><strong>Positivt:<\/strong><\/p>\n<ul>\n<li> <em>\"De hj\u00e4lpte mig i varje steg av min flyttprocess.\"<\/em> - Alan H via <a href=\"http:\/\/www.yelp.com\/biz\/suddath-relocation-systems-jacksonville-3?hrid=aZPhVuYjTxAl3ImKZTmp1A&#038;utm_campaign=www_review_share_popup&#038;utm_medium=copy_link&#038;utm_source=(direct)\" target=\"_blank\" rel=\"noopener\">Yelp<\/a><\/li>\n<li> <em>\"Suddath gjorde ett utm\u00e4rkt jobb fr\u00e5n b\u00f6rjan till slut - fr\u00e5n kontakt till unders\u00f6kning till lastning och lossning och de h\u00f6ll tidsplanen. Ett s\u00e4rskilt tack g\u00e5r till de fyra killarna och chauff\u00f6ren som utf\u00f6rde de tunga lyften.\"<\/em> - Wayne Ernest via <a href=\"http:\/\/reviews.birdeye.com\/suddath-relocation-systems-388913888\" target=\"_blank\" rel=\"noopener\">BirdEye<\/a> <\/li>\n<\/ul>\n<p><strong>Negativt:<\/strong><\/p>\n<ul>\n<li> <em>\"Efter flera e-postmeddelanden erbj\u00f6d de fina m\u00e4nniskorna p\u00e5 Suddath mig $2 350 f\u00f6r mina saknade f\u00f6rem\u00e5l till ett v\u00e4rde av $7 500.\" <\/em>Aaron C via <a href=\"http:\/\/www.yelp.com\/biz\/suddath-relocation-systems-jacksonville-3?hrid=NyswOKGKwwPmsuorvGtzew&#038;utm_campaign=www_review_share_popup&#038;utm_medium=copy_link&#038;utm_source=(direct)\" target=\"_blank\" rel=\"noopener\">Yelp<\/a> <\/li>\n<li> \"Jag har flyttat flera g\u00e5nger under de senaste 15 \u00e5ren och detta var det absolut v\u00e4rsta. <a href=\"https:\/\/moverdb.com\/sv\/moving-companies\/\" data-internallinksmanager029f6b8e52c=\"79\" title=\"Topp 25 internationella flyttfirmor p\u00e5 n\u00e4tet\">flyttfirma<\/a> Jag har n\u00e5gonsin haft att g\u00f6ra med.\" - Peter Burgess via <a href=\"http:\/\/www.mymovingreviews.com\/movers\/suddath-120#26803\" target=\"_blank\" rel=\"noopener\">MyMovingReviews.com<\/a><\/li>\n<\/ul>\n<div itemprop=\"review\" itemscope itemtype=\"http:\/\/schema.org\/Review\">\n<span itemprop=\"author\" itemscope=\"\" itemtype=\"http:\/\/schema.org\/Organization\"><span itemprop=\"name\">MoverDB.com<\/span><\/span> Webbplatsgranskning p\u00e5 n\u00e4tet f\u00f6r <span itemprop=\"itemreviewed\" itemscope=\"\" itemtype=\"http:\/\/schema.org\/Brand\"><span itemprop=\"name\">Suddath<\/span><\/span>:<\/p>\n<ol>\n<li> Tydliga kontaktuppgifter p\u00e5 webbplatsen (inklusive telefonnummer): <strong>Ja<\/strong><\/li>\n<li> L\u00e4tt att f\u00e5 <a href=\"https:\/\/moverdb.com\/sv\/citat\/\">offerter f\u00f6r internationella flyttningar<\/a>? (Formul\u00e4r f\u00f6r beg\u00e4ran om uppskattning online): <strong>Ja<\/strong><\/li>\n<li> Tydlig information p\u00e5 webbplatsen: <strong>Delvis<\/strong>, Webbplatsen inneh\u00e5ller m\u00e5nga sidor, men den mesta informationen \u00e4r ganska allm\u00e4n.<\/li>\n<li> Medlemskap i internationellt erk\u00e4nda flyttorganisationer: <strong>Ja<\/strong>, m\u00e5nga, se ovan<\/li>\n<li> F\u00f6rteckning \u00f6ver kunder och\/eller tidigare kundreferenser: <strong>N\u00e5gra,<\/strong> har fallstudier men inte detaljerade recensioner eller vittnesm\u00e5l.<\/li>\n<\/ol>\n<div itemprop=\"reviewRating\" itemscope itemtype=\"http:\/\/schema.org\/Rating\"><meta itemprop=\"worstRating\" content = \"0\" \/><meta itemprop=\"bestRating\" content=\"5\" \/><meta itemprop=\"ratingValue\" content=\"4\"><\/div>\n<p><strong>Sammanfattande betyg: 4\/5<\/strong><br \/>\n<strong>Datum f\u00f6r granskning:<\/strong> <span itemprop=\"datePublished\" content=\"2016-08-21\">21\/08\/2016<\/span>\n<\/div>\n<p>L\u00e4s mer om <a href=\"https:\/\/moverdb.com\/sv\/flyttfirmor\/\">internationella flyttfirmor<\/a>, <a href=\"https:\/\/moverdb.com\/sv\/us-canada-movers\/\">Nordamerikanska flyttfirmor<\/a> och v\u00e5r <a href=\"https:\/\/moverdb.com\/sv\/recensioner\/\">granskningsprocess.<\/a>.<\/p>\n<p><strong>Webbplats:<\/strong> <a href=\"http:\/\/suddath.com\" target=\"_blank\" rel=\"noopener\">http:\/\/suddath.com<\/a><\/p>","protected":false},"excerpt":{"rendered":"<p>Suddath offers its clients full service moving and storage both internationally and locally. These are listed below, together with a company profile and reviews. International Moving and Storage Shipment of household goods Assigned move counsellor Pre-move kit Customs information and counselling Destination information Storage facilities Valuation or insurance counselling Corporate relocation policy and program management [&hellip;]<\/p>\n","protected":false},"author":1,"featured_media":0,"parent":0,"menu_order":0,"comment_status":"closed","ping_status":"closed","template":"","meta":{"_genesis_hide_title":false,"_genesis_hide_breadcrumbs":false,"_genesis_hide_singular_image":false,"_genesis_hide_footer_widgets":false,"_genesis_custom_body_class":"","_genesis_custom_post_class":"","_genesis_layout":"","footnotes":""},"class_list":{"0":"post-1060","1":"page","2":"type-page","3":"status-publish","5":"entry"},"_links":{"self":[{"href":"https:\/\/moverdb.com\/sv\/wp-json\/wp\/v2\/pages\/1060","targetHints":{"allow":["GET"]}}],"collection":[{"href":"https:\/\/moverdb.com\/sv\/wp-json\/wp\/v2\/pages"}],"about":[{"href":"https:\/\/moverdb.com\/sv\/wp-json\/wp\/v2\/types\/page"}],"author":[{"embeddable":true,"href":"https:\/\/moverdb.com\/sv\/wp-json\/wp\/v2\/users\/1"}],"replies":[{"embeddable":true,"href":"https:\/\/moverdb.com\/sv\/wp-json\/wp\/v2\/comments?post=1060"}],"version-history":[{"count":6,"href":"https:\/\/moverdb.com\/sv\/wp-json\/wp\/v2\/pages\/1060\/revisions"}],"predecessor-version":[{"id":6242,"href":"https:\/\/moverdb.com\/sv\/wp-json\/wp\/v2\/pages\/1060\/revisions\/6242"}],"wp:attachment":[{"href":"https:\/\/moverdb.com\/sv\/wp-json\/wp\/v2\/media?parent=1060"}],"curies":[{"name":"wp","href":"https:\/\/api.w.org\/{rel}","templated":true}]}}