{"id":1059,"date":"2016-08-21T14:56:28","date_gmt":"2016-08-21T14:56:28","guid":{"rendered":"http:\/\/moverdb.com\/?page_id=1059"},"modified":"2026-01-08T14:47:35","modified_gmt":"2026-01-08T14:47:35","slug":"arpin-van-lines","status":"publish","type":"page","link":"https:\/\/moverdb.com\/sv\/arpin-van-lines\/","title":{"rendered":"Arpin Van Lines: Flyttj\u00e4nster och recensioner"},"content":{"rendered":"<p>Arpin Van Lines har sitt s\u00e4te i West Warwick, RI och erbjuder sina kunder ett brett utbud av tj\u00e4nster b\u00e5de internationellt och lokalt. Dessa tj\u00e4nster listas nedan tillsammans med en f\u00f6retagsprofil och recensioner. Internationella flyttar sk\u00f6ts ocks\u00e5 av <a href=\"https:\/\/moverdb.com\/sv\/arpin-international\/\">Arpin International<\/a>.<\/p>\n<p><strong>Internationella flyttar<\/strong><\/p>\n<ul>\n<li> M\u00e5ngkulturell och flerspr\u00e5kig personal<\/li>\n<li> En dedikerad samordnare f\u00f6r internationella flyttar<\/li>\n<li> D\u00f6rr till d\u00f6rr<\/li>\n<li> Packning och uppackning<\/li>\n<li> Demontering och \u00e5termontering av m\u00f6bler och\/eller varor.<\/li>\n<li> Hj\u00e4lp med tullar<\/li>\n<li> F\u00f6rflyttningar \u00f6ver gr\u00e4nserna - <a href=\"https:\/\/moverdb.com\/sv\/moving-to-canada\/\" data-internallinksmanager029f6b8e52c=\"265\" title=\"Flytta till Kanada? 2026 Levnadskostnader och flyttningstips\">Kanada<\/a><\/li>\n<\/ul>\n<p><strong>GSA och milit\u00e4ra flyttar<\/strong><\/p>\n<ul>\n<li> Milit\u00e4r<\/li>\n<li> Regering\/GSA<\/li>\n<li> Veteranernas drag<\/li>\n<li> Milit\u00e4ra ombyggnader<\/li>\n<\/ul>\n<p><strong>Hush\u00e5llsflyttar<\/strong><\/p>\n<ul>\n<li> Lokala flyttningar<\/li>\n<li> Flyttar p\u00e5 l\u00e5nga avst\u00e5nd<\/li>\n<li> Senior flyttar<\/li>\n<li> L\u00f6sning f\u00f6r sm\u00e5 flyttar<\/li>\n<\/ul>\n<p><strong>Lagring<\/strong><\/p>\n<ul>\n<li> L\u00e5ngsiktigt<\/li>\n<li> Kort sikt<\/li>\n<li> Viss klimatkontrollerad f\u00f6rvaring<\/li>\n<li> Containerf\u00f6rvaring<\/li>\n<\/ul>\n<h2>Arpin Van Lines f\u00f6retagsprofil<\/h2>\n<p>Arpin Van Lines grundades \u00e5r 1900 och har d\u00e4rf\u00f6r flyttat m\u00e4nniskor och f\u00f6retag i \u00f6ver 100 \u00e5r och \u00e4r fortfarande ett familjef\u00f6retag. <\/p>\n<p>F\u00f6retaget \u00e4r stolt \u00f6ver att utf\u00f6ra n\u00e4stan perfekta eller perfekta lokala, l\u00e5ngv\u00e4ga och internationella flyttar. F\u00f6retaget har 385 kontor i <a href=\"https:\/\/moverdb.com\/sv\/moving-to-the-united-states\/\" data-internallinksmanager029f6b8e52c=\"94\" title=\"Flyttar du till USA? 2026 Levnadskostnader och flyttningstips\">F\u00f6renta staterna<\/a> och har samarbetat med p\u00e5litliga toppbyr\u00e5er \u00f6ver hela v\u00e4rlden f\u00f6r att kunna leverera den kvalitet som f\u00f6retaget lovar.<\/p>\n<p>F\u00f6retagets huvudinriktning \u00e4r flyttning. De samarbetar med flyttfirmor i USA och globalt. Arpin Van Lines utf\u00f6r cirka 14 000 GSA- och milit\u00e4rf\u00f6rflyttningar per \u00e5r.<\/p>\n<p>Arpin Van Lines st\u00f6der Save the Children, Habitat for Humanity och Audubon Society of <a href=\"https:\/\/moverdb.com\/sv\/moving-to-the-united-states\/moving-to-rhode-island\/\" data-internallinksmanager029f6b8e52c=\"450\" title=\"Flyttar du till Rhode Island? 2024 Levnadskostnader &amp; tips f\u00f6r flytt\">Rhode Island<\/a>. F\u00f6retaget har en strikt milj\u00f6policy som har lett till att de har f\u00e5tt m\u00e5nga utm\u00e4rkelser f\u00f6r att de minskar sitt koldioxidavtryck.<\/p>\n<p>Arpin Van Lines har f\u00f6ljande ackrediteringar och anslutningar:<\/p>\n<ul>\n<li> The <a href=\"https:\/\/moverdb.com\/sv\/amsa\/\">Amerikansk f\u00f6rening f\u00f6r flyttning och lagring<\/a> (<a href=\"https:\/\/moverdb.com\/sv\/amsa\/\" data-internallinksmanager029f6b8e52c=\"5\" title=\"American Moving &amp; Storage Association (AMSA) f\u00f6rklaras\">AMSA<\/a>)<\/li>\n<li> <a href=\"https:\/\/moverdb.com\/sv\/radet-for-omplacering-av-arbetstagare\/\">ERC i hela v\u00e4rlden<\/a><\/li>\n<li> Nationella sammanslutningen f\u00f6r chefer f\u00f6r flytt av seniorer (NASMM)<\/li>\n<li> Certifierad <a href=\"https:\/\/moverdb.com\/sv\/falg-promover\/\">ProMover<\/a><\/li>\n<li> Better Business Bureau (BBB) A+<\/li>\n<li> SmartWay Transport Partner<\/li>\n<li> ISSP<\/li>\n<\/ul>\n<h2>Recensioner av Arpin Van Lines<\/h2>\n<p><strong>Positivt:<\/strong><\/p>\n<ul>\n<li> <em>\"Jag vet inte riktigt varf\u00f6r det finns s\u00e5 m\u00e5nga d\u00e5liga recensioner, men jag hade d\u00e4remot en utm\u00e4rkt upplevelse! Det kan ha varit den lokala filialen som sk\u00f6tte flytten eller f\u00f6retagets rykte. Hur som helst var min upplevelse fantastisk fr\u00e5n b\u00f6rjan till slut!\"<\/em> - Jay Cee via <a href=\"http:\/\/www.yelp.com\/biz\/arpin-van-lines-west-warwick-2?hrid=OS55XvTTjsx1-lntFW5mvw&#038;utm_campaign=www_review_share_popup&#038;utm_medium=copy_link&#038;utm_source=(direct)\" target=\"_blank\" rel=\"noopener\">Yelp<\/a><\/li>\n<li> \"Jag m\u00e5ste s\u00e4ga att killarna fr\u00e5n Arpin Van Lines gjorde ett otroligt bra jobb f\u00f6r oss. De kom precis i tid n\u00e4r de sa att de skulle komma och de gjorde hela flytten s\u00e5 l\u00e4tt.\"<\/em> &lt;\/em - Emmanuel P. via <a href=\"https:\/\/www.customerlobby.com\/reviews\/28943\/arpin-van-lines-inc\/review\/877013\" target=\"_blank\" rel=\"noopener\">Kundlobbyn<\/a> <\/li>\n<li> <em>\"Jag ville bara s\u00e4ga hur n\u00f6jd jag var med flytten.  Kontoret h\u00f6ll koll p\u00e5 mig och brydde sig faktiskt om hur allting gick f\u00f6r mig och min familj.\"<\/em> - Yuriko Sprott via <a href=\"http:\/\/www.mymovingreviews.com\/movers\/arpin-van-lines-664#39723\" target=\"_blank\" rel=\"noopener\">MyMovingReviews.com<\/a> <\/li>\n<\/ul>\n<p><strong>Negativt:<\/strong><\/p>\n<ul>\n<li> \"<em>Vi flyttade fr\u00e5n <a href=\"https:\/\/moverdb.com\/sv\/moving-to-the-united-states\/moving-to-illinois\/\" data-internallinksmanager029f6b8e52c=\"401\" title=\"Flyttar till Illinois? 2026 Levnadskostnader &amp; tips om flyttning\">Illinois<\/a> till Sacramento och upplevelsen var HORRIBEL.\" <\/em>John W via <a href=\"http:\/\/www.yelp.com\/biz\/arpin-van-lines-west-warwick-2?hrid=_dchwV9PFPdLsH2-htD5dA&#038;utm_campaign=www_review_share_popup&#038;utm_medium=copy_link&#038;utm_source=(direct)\" target=\"_blank\" rel=\"noopener\">Yelp<\/a><\/li>\n<li> <em>\"Det g\u00e5r inte att uttrycka hur jag hoppas att ni inte anv\u00e4nder det h\u00e4r f\u00f6retaget. Vi har gjort 7 flyttar utanf\u00f6r staten p\u00e5 grund av min mans jobb och jag har aldrig bevittnat s\u00e5dan inkompetens.\"<\/em> - Marci R. via <a href=\"https:\/\/www.customerlobby.com\/reviews\/28943\/arpin-van-lines-inc\/review\/854697\" target=\"_blank\" rel=\"noopener\">Kundlobbyn<\/a><\/li>\n<li> <em>\"Var ska jag b\u00f6rja... Det tog tv\u00e5 veckor att f\u00e5 ett erbjudande, de \u00e4r f\u00f6r n\u00e4rvarande tre dagar f\u00f6rsenade och min gravida fru och jag m\u00e5ste sova p\u00e5 en uppbl\u00e5sbar madrass med en resv\u00e4ska tills de anl\u00e4nder.\"<\/em> - Mmonahan via <a href=\"http:\/\/www.mymovingreviews.com\/movers\/arpin-van-lines-664#55388\" target=\"_blank\" rel=\"noopener\">MyMovingReviews.com<\/a> <\/li>\n<\/ul>\n<div itemprop=\"review\" itemscope itemtype=\"http:\/\/schema.org\/Review\">\n<span itemprop=\"author\" itemscope=\"\" itemtype=\"http:\/\/schema.org\/Organization\"><span itemprop=\"name\">MoverDB.com<\/span><\/span> Webbplatsgranskning p\u00e5 n\u00e4tet f\u00f6r <span itemprop=\"itemreviewed\" itemscope=\"\" itemtype=\"http:\/\/schema.org\/Brand\"><span itemprop=\"name\">Arpin Van Lines<\/span><\/span>:<\/p>\n<ol>\n<li> Tydliga kontaktuppgifter p\u00e5 webbplatsen (inklusive telefonnummer): <strong>Ja<\/strong><\/li>\n<li> L\u00e4tt att f\u00e5 <a href=\"https:\/\/moverdb.com\/sv\/citat\/\">offerter f\u00f6r internationella flyttningar<\/a>? (Formul\u00e4r f\u00f6r beg\u00e4ran om uppskattning online): <strong>Ja<\/strong><\/li>\n<li> Tydlig information p\u00e5 webbplatsen: <strong>Ja,<\/strong> P\u00e5 webbplatsen finns guider och videor.<\/li>\n<li> Medlemskap i internationellt erk\u00e4nda flyttorganisationer: <strong>Ja<\/strong>, (se ovan)<\/li>\n<li> F\u00f6rteckning \u00f6ver kunder och\/eller tidigare kundreferenser. <strong>Delvis<\/strong> De listar kundreferenser via Customer Lobby, se ovan.<\/li>\n<\/ol>\n<div itemprop=\"reviewRating\" itemscope itemtype=\"http:\/\/schema.org\/Rating\"><meta itemprop=\"worstRating\" content = \"0\" \/><meta itemprop=\"bestRating\" content=\"5\" \/><meta itemprop=\"ratingValue\" content=\"4\"><\/div>\n<p><strong>Sammanfattande betyg: 4\/5<\/strong><br \/>\n<strong>Datum f\u00f6r granskning:<\/strong> <span itemprop=\"datePublished\" content=\"2016-08-21\">21\/08\/2016<\/span>\n<\/div>\n<p>L\u00e4s mer om <a href=\"https:\/\/moverdb.com\/sv\/flyttfirmor\/\">internationella flyttfirmor<\/a>, <a href=\"https:\/\/moverdb.com\/sv\/us-canada-movers\/\">Flyttfirmor i USA<\/a> och v\u00e5r <a href=\"https:\/\/moverdb.com\/sv\/recensioner\/\">granskningsprocess.<\/a>.<\/p>\n<p><strong>Webbplats:<\/strong> <a href=\"http:\/\/www.arpin.com\" target=\"_blank\" rel=\"noopener\">http:\/\/www.arpin.com<\/a><\/p>","protected":false},"excerpt":{"rendered":"<p>Arpin Van Lines is based in West Warwick, RI and offers its customers a wide range of services both internationally and locally. These services are listed below, together with a company profile and reviews. International moves are also handled by Arpin International. International Moves Multicultural and multilingual staff Dedicated international move coordinator Door to door [&hellip;]<\/p>\n","protected":false},"author":1,"featured_media":0,"parent":0,"menu_order":0,"comment_status":"closed","ping_status":"closed","template":"","meta":{"_genesis_hide_title":false,"_genesis_hide_breadcrumbs":false,"_genesis_hide_singular_image":false,"_genesis_hide_footer_widgets":false,"_genesis_custom_body_class":"","_genesis_custom_post_class":"","_genesis_layout":"","footnotes":""},"class_list":{"0":"post-1059","1":"page","2":"type-page","3":"status-publish","5":"entry"},"_links":{"self":[{"href":"https:\/\/moverdb.com\/sv\/wp-json\/wp\/v2\/pages\/1059","targetHints":{"allow":["GET"]}}],"collection":[{"href":"https:\/\/moverdb.com\/sv\/wp-json\/wp\/v2\/pages"}],"about":[{"href":"https:\/\/moverdb.com\/sv\/wp-json\/wp\/v2\/types\/page"}],"author":[{"embeddable":true,"href":"https:\/\/moverdb.com\/sv\/wp-json\/wp\/v2\/users\/1"}],"replies":[{"embeddable":true,"href":"https:\/\/moverdb.com\/sv\/wp-json\/wp\/v2\/comments?post=1059"}],"version-history":[{"count":7,"href":"https:\/\/moverdb.com\/sv\/wp-json\/wp\/v2\/pages\/1059\/revisions"}],"predecessor-version":[{"id":6176,"href":"https:\/\/moverdb.com\/sv\/wp-json\/wp\/v2\/pages\/1059\/revisions\/6176"}],"wp:attachment":[{"href":"https:\/\/moverdb.com\/sv\/wp-json\/wp\/v2\/media?parent=1059"}],"curies":[{"name":"wp","href":"https:\/\/api.w.org\/{rel}","templated":true}]}}