{"id":1058,"date":"2016-07-25T21:05:23","date_gmt":"2016-07-25T21:05:23","guid":{"rendered":"http:\/\/moverdb.com\/?page_id=1058"},"modified":"2026-01-08T14:40:09","modified_gmt":"2026-01-08T14:40:09","slug":"mayflower-transit","status":"publish","type":"page","link":"https:\/\/moverdb.com\/sv\/mayflower-transit\/","title":{"rendered":"Mayflower Transit: Internationella flyttj\u00e4nster och recensioner"},"content":{"rendered":"<p>Mayflower Transit erbjuder sina kunder en rad olika inhemska och internationella flyttj\u00e4nster som listas nedan. D\u00e4r f\u00f6ljer ocks\u00e5 en f\u00f6retagsprofil och recensioner.<\/p>\n<p><strong>Internationella flyttfirmor<\/strong><\/p>\n<p>Tj\u00e4nster f\u00f6re uppdragstilldelningen<\/p>\n<ul>\n<li> Visum- och invandringstj\u00e4nster<\/li>\n<li> F\u00f6rhandsgranskning av resan och orientering om omr\u00e5det<\/li>\n<li> Information om land och kultur<\/li>\n<\/ul>\n<p>Flyttj\u00e4nster<\/p>\n<ul>\n<li> Planering f\u00f6re flytten<\/li>\n<li> Transport av tillh\u00f6righeter<\/li>\n<li> Hantering av flytten<\/li>\n<li> Sp\u00e5rning av f\u00f6rs\u00e4ndelser<\/li>\n<\/ul>\n<p>Internationella tj\u00e4nster f\u00f6r destinationer<\/p>\n<ul>\n<li> Kulturell och spr\u00e5klig utbildning<\/li>\n<li> St\u00f6d till skolor<\/li>\n<li> St\u00f6d fr\u00e5n partner\/maka\/make<\/li>\n<li> Inskolning i tj\u00e4nsten<\/li>\n<li> Hj\u00e4lp vid avresa<\/li>\n<\/ul>\n<p>Skyddstj\u00e4nster<\/p>\n<ul>\n<li> Viktmultiplikator<\/li>\n<li> Inventarier av h\u00f6gt v\u00e4rde<\/li>\n<li> V\u00e4rderad inventarief\u00f6rteckning med specificerade uppgifter<\/li>\n<\/ul>\n<p>St\u00f6d till bost\u00e4der<\/p>\n<ul>\n<li> Tj\u00e4nster f\u00f6r att hitta ett hem<\/li>\n<li> Tillf\u00e4lligt boende<\/li>\n<li> F\u00f6rvaltning av fastigheter och hyresavtal<\/li>\n<\/ul>\n<p><strong><a href=\"https:\/\/moverdb.com\/sv\/moving-to-canada\/\" data-internallinksmanager029f6b8e52c=\"265\" title=\"Flytta till Kanada? 2026 Levnadskostnader och flyttningstips\">Flytta till Kanada<\/a><\/strong><\/p>\n<ul>\n<li> Dokumentation och best\u00e4mmelser som kr\u00e4vs<\/li>\n<li> Information om transport av tillh\u00f6righeter<\/li>\n<li> Information om <a href=\"https:\/\/moverdb.com\/sv\/biltransport-frakt\/\">transport av fordon.<\/a><\/li>\n<\/ul>\n<p><strong>Olika typer av flyttningar<\/strong><\/p>\n<ul>\n<li> Hush\u00e5llsflyttare - korta och l\u00e5nga avst\u00e5nd<\/li>\n<li> Lokala flyttfirmor<\/li>\n<li> F\u00f6retagsflyttare<\/li>\n<li> Milit\u00e4ra och statliga flyttare<\/li>\n<li> <a href=\"https:\/\/moverdb.com\/sv\/flyttfirmor\/\" target=\"_blank\" rel=\"noopener\">Internationella flyttfirmor<\/a><\/li>\n<\/ul>\n<p><strong>Flyttj\u00e4nster<\/strong><\/p>\n<ul>\n<li> Packning och uppackning<\/li>\n<li> Flyttskydd<\/li>\n<li> Biltransporter<\/li>\n<li> Lagring<\/li>\n<li> Reng\u00f6ringstj\u00e4nst<\/li>\n<li> Insamling av skr\u00e4p<\/li>\n<li> Installation av hemmabiosystem och\/eller datorer<\/li>\n<li> Tr\u00e4dg\u00e5rdssk\u00f6tsel<\/li>\n<li> Fastighetstj\u00e4nster<\/li>\n<\/ul>\n<h2>Mayflower Transit F\u00f6retagsprofil<\/h2>\n<p>Mayflower Transit grundades 1927 av Conrad M. Gentry och Don F. Kenworthy i Indianapolis. De grundande medlemmarna ville ge m\u00e4nniskor ett alternativ till att flytta sina tillh\u00f6righeter med t\u00e5g. <\/p>\n<p>I slutet av andra v\u00e4rldskriget hade f\u00f6retaget expanderat och omfattade nu tj\u00e4nster som flyttning av anst\u00e4llda, flyttning och uppl\u00e4ggning av m\u00e4ssor. <\/p>\n<p>1995 ansl\u00f6t sig Mayflower Transit till UniGroup, som \u00e4r en <strong>$1,7 miljarder<\/strong> f\u00f6retag som erbjuder flyttning, transport och f\u00f6rvaring \u00f6ver hela v\u00e4rlden. Mayflower Transit erbjuder ett brett utbud av tj\u00e4nster, fr\u00e5n att g\u00f6ra det sj\u00e4lv till att erbjuda flyttning och f\u00f6rvaring, till skr\u00e4ddarsydda fullservicetj\u00e4nster. <\/p>\n<p><strong>Mayflower Transit anslutningar och ackrediteringar:<\/strong><\/p>\n<ul>\n<li> Nationell kvalitetss\u00e4kring <a href=\"https:\/\/moverdb.com\/sv\/moving-to-the-united-states\/\" data-internallinksmanager029f6b8e52c=\"94\" title=\"Flyttar du till USA? 2026 Levnadskostnader och flyttningstips\">USA<\/a> (NQA) ISO 9001:2008<\/li>\n<li> <a href=\"https:\/\/moverdb.com\/sv\/amsa\/\">Amerikansk f\u00f6rening f\u00f6r flyttning och lagring<\/a> (<a href=\"https:\/\/moverdb.com\/sv\/amsa\/\" data-internallinksmanager029f6b8e52c=\"5\" title=\"American Moving &amp; Storage Association (AMSA) f\u00f6rklaras\">AMSA<\/a>) - <a href=\"https:\/\/moverdb.com\/sv\/falg-promover\/\">ProMover<\/a><\/li>\n<\/ul>\n<h2>Recensioner av Mayflower Transit<\/h2>\n<p><strong>Positivt:<\/strong><\/p>\n<ul>\n<li> \"<em>De d\u00f6k upp i tid, anl\u00e4nde till v\u00e5r nya adress i tid och det slutliga priset som vi betalade var EXAKT vad de erbj\u00f6d oss fr\u00e5n b\u00f6rjan!! \"<\/em> - Paul I via <a href=\"http:\/\/www.mymovingreviews.com\/movers\/mayflower-movers-181#38117\" target=\"_blank\" rel=\"noopener\">MyMovingReviews.com<\/a> <\/li>\n<li> \"<em>De gjorde ett utm\u00e4rkt jobb f\u00f6r oss, de st\u00e4llde upp s\u00e4ngar och monterade ihop m\u00f6bler som m\u00e5ste plockas is\u00e4r f\u00f6r att packas. B\u00e5de min fru och jag var mycket n\u00f6jda med hur de flyttade oss.\"<\/em> - Jon via <a href=\"https:\/\/www.consumeraffairs.com\/movers\/mayflower.html?page=3\" target=\"_blank\" rel=\"noopener\">Konsumentfr\u00e5gor<\/a> <\/li>\n<\/ul>\n<p><strong>Negativt:<\/strong><\/p>\n<ul>\n<li> \"<em>Om jag kunde ge 0 stj\u00e4rnor skulle jag absolut g\u00f6ra det.\"<\/em> - Bill M. via <a href=\"http:\/\/www.mymovingreviews.com\/movers\/mayflower-movers-181#41675\" target=\"_blank\" rel=\"noopener\">MyMovingReviews.com<\/a><\/li>\n<li> \"<em>Jag \u00f6nskar att vi hade l\u00e4st recensionerna innan vi flyttade. Upplevelsen var fruktansv\u00e4rd fr\u00e5n b\u00f6rjan till slut.\" <\/em> - Alison via <a href=\"https:\/\/www.consumeraffairs.com\/movers\/mayflower.html?page=3\" target=\"_blank\" rel=\"noopener\">Konsumentfr\u00e5gor<\/a><\/li>\n<\/ul>\n<div itemprop=\"review\" itemscope itemtype=\"http:\/\/schema.org\/Review\">\n<span itemprop=\"author\" itemscope=\"\" itemtype=\"http:\/\/schema.org\/Organization\"><span itemprop=\"name\">MoverDB.com<\/span><\/span> Webbplatsgranskning p\u00e5 n\u00e4tet f\u00f6r <span itemprop=\"itemreviewed\" itemscope=\"\" itemtype=\"http:\/\/schema.org\/Brand\"><span itemprop=\"name\">Mayflower Transit<\/span><\/span>:<\/p>\n<ol>\n<li> Tydliga kontaktuppgifter p\u00e5 webbplatsen (inklusive telefonnummer): <strong>Ja<\/strong><\/li>\n<li> L\u00e4tt att f\u00e5 <a href=\"https:\/\/moverdb.com\/sv\/citat\/\">offerter f\u00f6r internationella flyttningar<\/a>? (Formul\u00e4r f\u00f6r beg\u00e4ran om uppskattning online): <strong>Ja<\/strong><\/li>\n<li> Tydlig information p\u00e5 webbplatsen: <strong>Ja.<\/strong> Webbplatsen inneh\u00e5ller mycket information, och du kan f\u00e5 mer information n\u00e4r du ber om en offert.<\/li>\n<li> Medlemskap i internationellt erk\u00e4nda flyttorganisationer: <strong>Ja<\/strong>, se ovan.<\/li>\n<li> F\u00f6rteckning \u00f6ver kunder och\/eller tidigare kundreferenser: <strong>Ja<\/strong>, det finns m\u00e5nga positiva kundomd\u00f6men p\u00e5 webbplatsen.<\/li>\n<\/ol>\n<div itemprop=\"reviewRating\" itemscope itemtype=\"http:\/\/schema.org\/Rating\"><meta itemprop=\"worstRating\" content = \"0\" \/><meta itemprop=\"bestRating\" content=\"5\" \/><meta itemprop=\"ratingValue\" content=\"4.5\"><\/div>\n<p><strong>Sammanfattande betyg: 4.5\/5<\/strong><br \/>\n<strong>Datum f\u00f6r granskning:<\/strong> <span itemprop=\"datePublished\" content=\"2016-07-25\">25\/07\/2016<\/span>\n<\/div>\n<p>L\u00e4s mer om <a href=\"https:\/\/moverdb.com\/sv\/flyttfirmor\/\">internationella flyttfirmor<\/a>, <a href=\"https:\/\/moverdb.com\/sv\/us-canada-movers\/\">Inhemska flyttare i USA<\/a> och f\u00e5 mer information om v\u00e5r <a href=\"https:\/\/moverdb.com\/sv\/recensioner\/\">granskningsprocess.<\/a>.<\/p>\n<p><strong>Webbplats:<\/strong> <a href=\"http:\/\/www.mayflower.com\/\" target=\"_blank\" rel=\"noopener\">http:\/\/www.mayflower.com<\/a><\/p>","protected":false},"excerpt":{"rendered":"<p>Mayflower Transit offers its customers a range of domestic and international moving services, which are listed below. There also follows a company profile and reviews. International Movers Pre-assignment Services Visa and immigration services Preview trip and area orientation Country and culture information Moving Services Pre-move planning Transportation of belongings Managing the move Shipment tracking International [&hellip;]<\/p>\n","protected":false},"author":1,"featured_media":0,"parent":0,"menu_order":0,"comment_status":"closed","ping_status":"closed","template":"","meta":{"_genesis_hide_title":false,"_genesis_hide_breadcrumbs":false,"_genesis_hide_singular_image":false,"_genesis_hide_footer_widgets":false,"_genesis_custom_body_class":"","_genesis_custom_post_class":"","_genesis_layout":"","footnotes":""},"class_list":{"0":"post-1058","1":"page","2":"type-page","3":"status-publish","5":"entry"},"_links":{"self":[{"href":"https:\/\/moverdb.com\/sv\/wp-json\/wp\/v2\/pages\/1058","targetHints":{"allow":["GET"]}}],"collection":[{"href":"https:\/\/moverdb.com\/sv\/wp-json\/wp\/v2\/pages"}],"about":[{"href":"https:\/\/moverdb.com\/sv\/wp-json\/wp\/v2\/types\/page"}],"author":[{"embeddable":true,"href":"https:\/\/moverdb.com\/sv\/wp-json\/wp\/v2\/users\/1"}],"replies":[{"embeddable":true,"href":"https:\/\/moverdb.com\/sv\/wp-json\/wp\/v2\/comments?post=1058"}],"version-history":[{"count":7,"href":"https:\/\/moverdb.com\/sv\/wp-json\/wp\/v2\/pages\/1058\/revisions"}],"predecessor-version":[{"id":13174,"href":"https:\/\/moverdb.com\/sv\/wp-json\/wp\/v2\/pages\/1058\/revisions\/13174"}],"wp:attachment":[{"href":"https:\/\/moverdb.com\/sv\/wp-json\/wp\/v2\/media?parent=1058"}],"curies":[{"name":"wp","href":"https:\/\/api.w.org\/{rel}","templated":true}]}}