{"id":1057,"date":"2016-08-21T14:07:37","date_gmt":"2016-08-21T14:07:37","guid":{"rendered":"http:\/\/moverdb.com\/?page_id=1057"},"modified":"2026-01-08T15:20:46","modified_gmt":"2026-01-08T15:20:46","slug":"stevens-worldwide-van-lines","status":"publish","type":"page","link":"https:\/\/moverdb.com\/sv\/stevens-worldwide-van-lines\/","title":{"rendered":"Stevens Worldwide Van Lines: Internationell flyttning Recensioner"},"content":{"rendered":"<p>Stevens Worldwide Van Lines \u00e4r baserat i Saginaw MI. F\u00f6retaget erbjuder sina kunder ett brett utbud av tj\u00e4nster som anges nedan. D\u00e4r f\u00f6ljer ocks\u00e5 en f\u00f6retagsprofil och recensioner.<\/p>\n<p><strong>Internationell flyttning<\/strong><\/p>\n<ul>\n<li> Personlig flyttning av hush\u00e5ll<\/li>\n<li> DOD:s internationella flyttning<\/li>\n<li> GSA internationell flyttning<\/li>\n<li> Flyttning av f\u00f6retag<\/li>\n<li> <a href=\"https:\/\/moverdb.com\/sv\/speditor\/\">Spedition<\/a><\/li>\n<li> Fullst\u00e4ndig service fr\u00e5n d\u00f6rr till d\u00f6rr<\/li>\n<li> Stevens specialister p\u00e5 internationella flyttningar i alla l\u00e4nder.<\/li>\n<li> Hj\u00e4lpa till att fastst\u00e4lla kundens behov<\/li>\n<li> F\u00f6rklarar alla internationella flytt- och omlokaliseringstj\u00e4nster som finns tillg\u00e4ngliga, t.ex. packning, flyttning och spedition, <a href=\"https:\/\/moverdb.com\/sv\/container-transport\/\">frakt<\/a>, lagring och f\u00f6rs\u00e4kring<\/li>\n<li> Beskriv Stevens Internationals skyldigheter och kundens ansvar f\u00f6re, under och efter en flytt.<\/li>\n<li> Ge en <a href=\"https:\/\/moverdb.com\/sv\/citat\/\">noggrann uppskattning<\/a><\/li>\n<li> Planera all logistik f\u00f6r flytten<\/li>\n<li> F\u00f6rhandla om <a href=\"https:\/\/moverdb.com\/sv\/flyttkostnader\/\">de b\u00e4sta priserna<\/a><\/li>\n<li> \u00d6vervaka de transport\u00f6rer och agenter som anv\u00e4nds och \u00f6vervaka varje fas av flytten.<\/li>\n<li> Se till att all dokumentation fylls i och l\u00e4mnas in korrekt och i tid.<\/li>\n<li> Ansvaret f\u00f6r att sk\u00f6ta f\u00f6rs\u00e4ndelsen i enlighet med instruktionerna fr\u00e5n transportkonsulten eller den utl\u00e4ndska agenten.<\/li>\n<li> Skicka ut l\u00e4mpligt material, arbetskraft och utrustning.<\/li>\n<\/ul>\n<p><strong>Stevens internationella flyttsamordnare<\/strong><\/p>\n<ul>\n<li> har erfarenhet av internationell spedition och flyttbranschen<\/li>\n<li> Har flerspr\u00e5kig kapacitet<\/li>\n<li> K\u00e4nner till tullbest\u00e4mmelser och annan viktig information och kan hj\u00e4lpa till med hantering och behandling av dokument.<\/li>\n<li> Tillhandah\u00e5ller kontroll med en enda tj\u00e4nst.<\/li>\n<li> Ge r\u00e5dgivning f\u00f6re flytten och fortl\u00f6pande r\u00e5dgivning<\/li>\n<li> Kan hj\u00e4lpa till med information om destinationsland och tullar<\/li>\n<li> Tillhandah\u00e5lla kontinuerlig kommunikation och \u00f6vervakning av tj\u00e4nster.<\/li>\n<li> F\u00f6lja klart definierade f\u00f6rfaranden f\u00f6r beredning och hantering.<\/li>\n<li> Anv\u00e4nd omfattande, snabba och r\u00e4ttvisa metoder f\u00f6r skadereglering.<\/li>\n<\/ul>\n<p><strong>Flyttning av hush\u00e5ll<\/strong><\/p>\n<ul>\n<li> Lokal flyttning<\/li>\n<li> Flyttning fr\u00e5n ett annat land<\/li>\n<li> Flyttning \u00f6ver l\u00e5nga avst\u00e5nd<\/li>\n<li> Flyttning mellan stater<\/li>\n<li> Flyttning i hela landet<\/li>\n<li> Programmet f\u00f6r sm\u00e5f\u00f6rflyttningar<\/li>\n<li> Packning och uppackning<\/li>\n<li> L\u00e5dor och f\u00f6rpackningsmaterial levereras<\/li>\n<li> Kort- och l\u00e5ngtidslagring finns tillg\u00e4nglig<\/li>\n<\/ul>\n<p><strong>Flyttning av f\u00f6retag<\/strong><\/p>\n<ul>\n<li> Fullst\u00e4ndig service tillg\u00e4nglig<\/li>\n<li> Dedikerad flyttkonsult<\/li>\n<li> Flyttning av datorsystem<\/li>\n<li> Projektledning<\/li>\n<li> Kontors- och industrif\u00f6rflyttningar<\/li>\n<li> F\u00f6rvaltning\/f\u00f6rvaring av tillg\u00e5ngar<\/li>\n<li> Hantering av nationella flyttningar<\/li>\n<li> MAC-tj\u00e4nster<\/li>\n<li> F\u00f6rvaltning av registeruppgifter<\/li>\n<li> Flyttning av utrustning<\/li>\n<li> Flyttning av filer<\/li>\n<li> Flyttning av laboratorier<\/li>\n<\/ul>\n<p><strong>Statliga och milit\u00e4ra flyttningar<\/strong><\/p>\n<p><strong>Flyttning av pr\u00e4ster<\/strong><\/p>\n<h2>Stevens Worldwide Van Lines f\u00f6retagsprofil<\/h2>\n<p>Frederick H. Stevens Jr. startade Stevens Worldwide Van Lines 1905. Han anv\u00e4nde en h\u00e4st och en dragk\u00e4rra f\u00f6r att flytta bagage fr\u00e5n <a href=\"https:\/\/moverdb.com\/sv\/moving-to-the-united-states\/moving-to-michigan\/\" data-internallinksmanager029f6b8e52c=\"414\" title=\"Flytta till Michigan? 2026 Levnadskostnader &amp; tips om flytt\">Michigan<\/a> Central Passenger Depot i Saginaw. Idag har Stevens 125 agenter runt om i v\u00e4rlden. <a href=\"https:\/\/moverdb.com\/sv\/moving-to-the-united-states\/\" data-internallinksmanager029f6b8e52c=\"94\" title=\"Flyttar du till USA? 2026 Levnadskostnader och flyttningstips\">F\u00f6renta staterna<\/a> och en omfattande internationell avdelning. F\u00f6retaget har fj\u00e4rde och femte generationen Stevens som innehar ledande befattningar inom f\u00f6retaget.<\/p>\n<p>Stevens Worldwide Van Lines flyttar hush\u00e5ll, f\u00f6retag, statlig och milit\u00e4r personal samt pr\u00e4ster i USA och runt om i v\u00e4rlden. F\u00f6retaget har genomf\u00f6rt m\u00e5nga gr\u00f6na initiativ f\u00f6r att minska sitt koldioxidavtryck. Det st\u00f6der ocks\u00e5 olika v\u00e4lg\u00f6renhetsorganisationer b\u00e5de internationellt och lokalt.<\/p>\n<p>Stevens Worldwide Van Lines har f\u00f6ljande ackrediteringar och anslutningar:<\/p>\n<ul>\n<li> ISO 9001<\/li>\n<li> <a href=\"https:\/\/moverdb.com\/sv\/fidi-faim\/\">FIDI<\/a><\/li>\n<li> <a href=\"https:\/\/moverdb.com\/sv\/fidi-faim\/\" data-internallinksmanager029f6b8e52c=\"16\" title=\"FIDI &amp; FAIM (FIDI Accredited International Mover) f\u00f6rklaras\">FAIM<\/a><\/li>\n<li> <a href=\"https:\/\/moverdb.com\/sv\/jag-ar\/\">Internationella sammanslutningen av flyttfirmor<\/a> (<a href=\"https:\/\/moverdb.com\/sv\/iam\/\" data-internallinksmanager029f6b8e52c=\"23\" title=\"International Association of Movers (IAM) f\u00f6rklaras\">IAM<\/a>)<\/li>\n<li> <a href=\"https:\/\/moverdb.com\/sv\/lacma\/\">F\u00f6reningen f\u00f6r internationella flyttfirmor i Latinamerika och V\u00e4stindien<\/a> (<a href=\"https:\/\/moverdb.com\/sv\/lacma\/\" data-internallinksmanager029f6b8e52c=\"28\" title=\"Latinamerikanska och karibiska internationella flyttf\u00f6reningen (LACMA)\">LACMA<\/a>)<\/li>\n<li> <a href=\"https:\/\/moverdb.com\/sv\/amsa\/\">Amerikansk f\u00f6rening f\u00f6r flyttning och lagring<\/a> (<a href=\"https:\/\/moverdb.com\/sv\/amsa\/\" data-internallinksmanager029f6b8e52c=\"5\" title=\"American Moving &amp; Storage Association (AMSA) f\u00f6rklaras\">AMSA<\/a>) - <a href=\"https:\/\/moverdb.com\/sv\/falg-promover\/\">ProMover<\/a><\/li>\n<li> BBB A+<\/li>\n<\/ul>\n<h2>Stevens Worldwide Van Lines recensioner<\/h2>\n<p><strong>Positivt:<\/strong><\/p>\n<ul>\n<li> <em>\"Fr\u00e5n b\u00f6rjan till slut var v\u00e5r flyttupplevelse med Stevens enast\u00e5ende!\"<\/em> - Martin via <a href=\"http:\/\/stevensworldwide.com\/testimonials\" target=\"_blank\" rel=\"noopener\">Stevens kundreferenser<\/a><\/li>\n<li> \"<em>V\u00e5r erfarenhet av Stevens Worldwide var f\u00f6rstklassig fr\u00e5n b\u00f6rjan till slut.\" <\/em> - Michael via <a href=\"http:\/\/www.yelp.com\/biz\/stevens-worldwide-van-lines-saginaw-4?hrid=IQoARxOFSez8PQ9c5gUSmQ&#038;utm_campaign=www_review_share_popup&#038;utm_medium=copy_link&#038;utm_source=(direct)\" target=\"_blank\" rel=\"noopener\">Yelp<\/a><\/li>\n<li> \"<em>Erfarenheten \u00f6vertr\u00e4ffade f\u00f6rv\u00e4ntningarna. Mycket viktigt \u00e4r att f\u00f6rs\u00e4ljningspriset l\u00e5g helt i linje med det faktiska priset. F\u00f6r det andra var vi \u00f6verv\u00e4ldigade av packningen. Flyttfirman bad oss ber\u00e4tta om v\u00e5ra behov dagen innan och de tillhandah\u00f6ll arbetskraft f\u00f6r att f\u00e5 allt gjort. \"<\/em> - Bill Counts via <a href=\"http:\/\/www.mymovingreviews.com\/movers\/stevens-van-lines-825#49902\" target=\"_blank\" rel=\"noopener\">MyMovingReviews.com<\/a><\/li>\n<li> \"<em>Mycket v\u00e4nlig personal.\"<\/em> - En Google-anv\u00e4ndare via <a href=\"http:\/\/reviews.birdeye.com\/stevens-worldwide-van-lines-951509696\" target=\"_blank\" rel=\"noopener\">BirdEye<\/a> <\/li>\n<\/ul>\n<p><strong>Negativt:<\/strong><\/p>\n<ul>\n<li> <em>\"En stj\u00e4rna \u00e4r till och med f\u00f6r mycket f\u00f6r dem.\"<\/em> - Michael M via <a href=\"http:\/\/www.yelp.com\/biz\/stevens-worldwide-van-lines-saginaw-4?hrid=7erY_4bReACOHR_0idQdUQ&#038;utm_campaign=www_review_share_popup&#038;utm_medium=copy_link&#038;utm_source=(direct)\" target=\"_blank\" rel=\"noopener\">Yelp<\/a><\/li>\n<li> <em>\"En amat\u00f6rf\u00f6rare med tre odugliga medhj\u00e4lpare tog 14 timmar p\u00e5 sig att lasta ett hus med tv\u00e5 sovrum och k\u00e4llare.\"<\/em> - Steve via <a href=\"http:\/\/www.mymovingreviews.com\/movers\/stevens-van-lines-825#55538\" target=\"_blank\" rel=\"noopener\">MyMovingReviews.com<\/a> <\/li>\n<li> \"<em>Vi kunde inte ha haft en mer obehaglig upplevelse.\"<\/em> - Brian Gibson via <a href=\"http:\/\/reviews.birdeye.com\/stevens-worldwide-van-lines-951509696\" target=\"_blank\" rel=\"noopener\">BirdEye<\/a> <\/li>\n<\/ul>\n<div itemprop=\"review\" itemscope itemtype=\"http:\/\/schema.org\/Review\">\n<span itemprop=\"author\" itemscope=\"\" itemtype=\"http:\/\/schema.org\/Organization\"><span itemprop=\"name\">MoverDB.com<\/span><\/span> Webbplatsgranskning p\u00e5 n\u00e4tet f\u00f6r <span itemprop=\"itemreviewed\" itemscope=\"\" itemtype=\"http:\/\/schema.org\/Brand\"><span itemprop=\"name\">Stevens Worldwide Van Lines<\/span><\/span>:<\/p>\n<ol>\n<li> Tydliga kontaktuppgifter p\u00e5 webbplatsen (inklusive telefonnummer): <strong>Ja<\/strong><\/li>\n<li> L\u00e4tt att f\u00e5 <a href=\"https:\/\/moverdb.com\/sv\/citat\/\">offerter f\u00f6r internationella flyttningar<\/a>? (Formul\u00e4r f\u00f6r beg\u00e4ran om uppskattning online): <strong>Ja<\/strong><\/li>\n<li> Tydlig information p\u00e5 webbplatsen: <strong>Ja,<\/strong> en god m\u00e4ngd information om vad du ska g\u00f6ra innan du flyttar.<\/li>\n<li> Medlemskap i internationellt erk\u00e4nda flyttorganisationer: <strong>Ja<\/strong>, m\u00e5nga se ovan<\/li>\n<li> F\u00f6rteckning \u00f6ver kunder och\/eller tidigare kundreferenser. <strong>Ja,<\/strong> Det finns m\u00e5nga positiva kundrecensioner och vittnesm\u00e5l p\u00e5 webbplatsen.<\/li>\n<\/ol>\n<div itemprop=\"reviewRating\" itemscope itemtype=\"http:\/\/schema.org\/Rating\"><meta itemprop=\"worstRating\" content = \"0\" \/><meta itemprop=\"bestRating\" content=\"5\" \/><meta itemprop=\"ratingValue\" content=\"4.5\"><\/div>\n<p><strong>Sammanfattande betyg: 4.5\/5<\/strong><br \/>\n<strong>Datum f\u00f6r granskning:<\/strong> <span itemprop=\"datePublished\" content=\"2016-08-21\">21\/08\/2016<\/span>\n<\/div>\n<p>L\u00e4s mer om <a href=\"https:\/\/moverdb.com\/sv\/flyttfirmor\/\">internationella flyttfirmor<\/a>, <a href=\"https:\/\/moverdb.com\/sv\/us-canada-movers\/\">Flyttfirmor i USA<\/a> och v\u00e5r <a href=\"https:\/\/moverdb.com\/sv\/recensioner\/\">f\u00f6rklaring av granskningsf\u00f6rfarandet<\/a>.<\/p>\n<p><strong>Webbplats:<\/strong> <a href=\"http:\/\/stevensworldwide.com\/\" target=\"_blank\" rel=\"noopener\">http:\/\/stevensworldwide.com<\/a><\/p>","protected":false},"excerpt":{"rendered":"<p>Stevens Worldwide Van Lines is based in Saginaw MI. The company offers its customers a wide range of services which are listed below. There also follows a company profile and reviews. International Moving Personal household moving DOD international moving GSA international moving Corporate moving Freight forwarding Full door to door service Stevens International relocation specialists [&hellip;]<\/p>\n","protected":false},"author":1,"featured_media":0,"parent":0,"menu_order":0,"comment_status":"closed","ping_status":"closed","template":"","meta":{"_genesis_hide_title":false,"_genesis_hide_breadcrumbs":false,"_genesis_hide_singular_image":false,"_genesis_hide_footer_widgets":false,"_genesis_custom_body_class":"","_genesis_custom_post_class":"","_genesis_layout":"","footnotes":""},"class_list":{"0":"post-1057","1":"page","2":"type-page","3":"status-publish","5":"entry"},"_links":{"self":[{"href":"https:\/\/moverdb.com\/sv\/wp-json\/wp\/v2\/pages\/1057","targetHints":{"allow":["GET"]}}],"collection":[{"href":"https:\/\/moverdb.com\/sv\/wp-json\/wp\/v2\/pages"}],"about":[{"href":"https:\/\/moverdb.com\/sv\/wp-json\/wp\/v2\/types\/page"}],"author":[{"embeddable":true,"href":"https:\/\/moverdb.com\/sv\/wp-json\/wp\/v2\/users\/1"}],"replies":[{"embeddable":true,"href":"https:\/\/moverdb.com\/sv\/wp-json\/wp\/v2\/comments?post=1057"}],"version-history":[{"count":7,"href":"https:\/\/moverdb.com\/sv\/wp-json\/wp\/v2\/pages\/1057\/revisions"}],"predecessor-version":[{"id":6241,"href":"https:\/\/moverdb.com\/sv\/wp-json\/wp\/v2\/pages\/1057\/revisions\/6241"}],"wp:attachment":[{"href":"https:\/\/moverdb.com\/sv\/wp-json\/wp\/v2\/media?parent=1057"}],"curies":[{"name":"wp","href":"https:\/\/api.w.org\/{rel}","templated":true}]}}