{"id":1041,"date":"2016-10-25T05:39:31","date_gmt":"2016-10-25T05:39:31","guid":{"rendered":"http:\/\/moverdb.com\/?page_id=1041"},"modified":"2026-01-08T14:47:33","modified_gmt":"2026-01-08T14:47:33","slug":"armstrong-relokalisering","status":"publish","type":"page","link":"https:\/\/moverdb.com\/sv\/armstrong-relocation\/","title":{"rendered":"Armstrong Flyttning: Internationell flyttning Recensioner"},"content":{"rendered":"<p>Armstrong Relocation erbjuder sina kunder ett stort antal flyttj\u00e4nster. Dessa listas nedan tillsammans med en f\u00f6retagsprofil och recensioner.<\/p>\n<p><strong>Internationella flyttj\u00e4nster<\/strong><\/p>\n<ul>\n<li> Planering f\u00f6re flytten<\/li>\n<li> Personlig flyttledning och skr\u00e4ddarsydd flyttplanering<\/li>\n<li> Gratis paket med f\u00f6rberedelser f\u00f6r flytt<\/li>\n<li> Fullst\u00e4ndig eller partiell packning\/uppackning<\/li>\n<li> Kasserar och specialf\u00f6rpackningar<\/li>\n<li> Skydd av egendom<\/li>\n<li> Luft-, havs- och\/eller landtransporter<\/li>\n<li> Export- eller importdokumentation<\/li>\n<li> <a href=\"https:\/\/moverdb.com\/sv\/speditor\/\">Spedition<\/a><\/li>\n<li> Tullklarering<\/li>\n<li> Tj\u00e4nster p\u00e5 destinationen<\/li>\n<li> Sp\u00e5rning av flyttningar online<\/li>\n<li> V\u00e4rderingst\u00e4ckning<\/li>\n<li> Skadest\u00e5ndshantering<\/li>\n<li> Kortsiktig och l\u00e5ngsiktig lagring<\/li>\n<li> Borttagning av skr\u00e4p<\/li>\n<\/ul>\n<p><strong>Internationella tj\u00e4nster f\u00f6r destinationer<\/strong><\/p>\n<ul>\n<li> Orientering<\/li>\n<li> Samr\u00e5d f\u00f6re beslut<\/li>\n<li> Hj\u00e4lp med socialf\u00f6rs\u00e4kringar och k\u00f6rkort<\/li>\n<li> St\u00f6d vid undertecknande av hyresavtal<\/li>\n<li> Hj\u00e4lp med inflyttningsinspektion<\/li>\n<li> F\u00f6rhandsvisningsprogram\/introduktionsresor<\/li>\n<li> St\u00f6d till k\u00f6p av bostad<\/li>\n<li> Fullservice f\u00f6r att hitta ett hem<\/li>\n<li> Guidade turer i hyrbilar<\/li>\n<li> Analys av levnadskostnaderna (COLA)<\/li>\n<li> St\u00f6d till skolor<\/li>\n<li> St\u00f6d till bos\u00e4ttning<\/li>\n<li> Tj\u00e4nster vid avresa<\/li>\n<\/ul>\n<p><strong>F\u00f6retagsflyttar<\/strong><\/p>\n<ul>\n<li> R\u00e5dgivning och utveckling av politik<\/li>\n<li> Hantering av flytt av hush\u00e5llsvaror<\/li>\n<li> Flyttning av en grupp<\/li>\n<li> Eng\u00e5ngsbelopp<\/li>\n<li> F\u00f6rflyttning av hush\u00e5llsvaror<\/li>\n<li> <a href=\"https:\/\/moverdb.com\/sv\/container-transport\/\">Fullservice f\u00f6r containertransporter<\/a><\/li>\n<li> Anpassad rapportering<\/li>\n<li> Sp\u00e5rning av flyttningar online<\/li>\n<li> V\u00e4rderingst\u00e4ckning<\/li>\n<li> Skadest\u00e5ndshantering<\/li>\n<li> Kortsiktig och l\u00e5ngsiktig lagring<\/li>\n<li> Kasserar och specialf\u00f6rpackningar<\/li>\n<li> Conciergetj\u00e4nster p\u00e5 Executive-niv\u00e5<\/li>\n<li> Rensning, iscens\u00e4ttning och organisering<\/li>\n<li> Tj\u00e4nster f\u00f6r anslutning till eln\u00e4tet<\/li>\n<li> Val av m\u00e4klare och plan f\u00f6r marknadsf\u00f6ring av bost\u00e4der<\/li>\n<li> \u00c5terbetalning av pengar vid f\u00f6rs\u00e4ljning och k\u00f6p av bostad<\/li>\n<li> Gratis informationspaket om destinationen<\/li>\n<li> Tillf\u00e4lligt boende<\/li>\n<li> St\u00f6d till hypoteksl\u00e5n<\/li>\n<\/ul>\n<p><strong>Flyttning av bost\u00e4der<\/strong><\/p>\n<ul>\n<li> Gratis uppskattning<\/li>\n<li> Hantering och planering av flyttningar<\/li>\n<li> En dedikerad flyttkoordinator<\/li>\n<li> Fullst\u00e4ndig eller partiell packning\/uppackning<\/li>\n<li> Skydd av egendom<\/li>\n<li> F\u00f6rpackningsmaterial<\/li>\n<li> F\u00f6rflyttning av hush\u00e5llsvaror<\/li>\n<li> F\u00f6rs\u00e4kringst\u00e4ckning<\/li>\n<li> Kort-\/l\u00e5ngtidsf\u00f6rvaring<\/li>\n<li> Kistningstj\u00e4nster<\/li>\n<li> Flyttning med full service<\/li>\n<li> Anslutningstj\u00e4nst f\u00f6r allm\u00e4nnyttiga tj\u00e4nster<\/li>\n<li> Planer f\u00f6r f\u00f6rs\u00e4ljning\/k\u00f6p av fastigheter med \u00e5terbetalning av pengar<\/li>\n<li> Stagning och organisation<\/li>\n<\/ul>\n<p><strong>Flyttning av anl\u00e4ggningar<\/strong><\/p>\n<ul>\n<li> Kontor<\/li>\n<li> Industriell<\/li>\n<li> H\u00e4lso- och sjukv\u00e5rd<\/li>\n<li> Regeringen<\/li>\n<\/ul>\n<h2>Armstrong Relocation F\u00f6retagsprofil<\/h2>\n<p>Armstrong Transfer and Storage grundades 1922 och k\u00f6ptes 1957 av sv\u00e5grarna Clyde Springer och Jim Watson, som startade verksamhet i Memphis, <a href=\"https:\/\/moverdb.com\/sv\/moving-to-the-united-states\/moving-to-tennessee\/\" data-internallinksmanager029f6b8e52c=\"406\" title=\"Flyttar till Tennessee? 2026 Levnadskostnader &amp; tips om flytt\">Tennessee<\/a> och kallade f\u00f6retaget Armstrong Relocation. Idag \u00e4r det fortfarande familje\u00e4gt av den tredje generationen av dessa tv\u00e5 herrar. <\/p>\n<p>Armstrong Relocation \u00e4r idag den st\u00f6rsta varumottagaren f\u00f6r <a href=\"https:\/\/moverdb.com\/sv\/united-van-lines\/\">United Van Lines<\/a> och har 22 kontor i Europa. <a href=\"https:\/\/moverdb.com\/sv\/moving-to-the-united-states\/\" data-internallinksmanager029f6b8e52c=\"94\" title=\"Flyttar du till USA? 2026 Levnadskostnader och flyttningstips\">USA<\/a>samt en kedja av agenter \u00f6ver hela v\u00e4rlden f\u00f6r att ta hand om sina internationella kunder. Armstrong Relocation har som m\u00e5ls\u00e4ttning att leverera kvalitet av h\u00f6gsta kvalitet och uppn\u00e5 kundn\u00f6jdhet.<\/p>\n<p>Armstrong Relocation har f\u00f6ljande anslutningar och ackrediteringar:<\/p>\n<ul>\n<li> <a href=\"https:\/\/moverdb.com\/sv\/british-association-of-removers\/\">British Association of Removers (brittisk sammanslutning av flyttfirmor)<\/a> (<a href=\"https:\/\/moverdb.com\/sv\/british-association-of-removers\/\" data-internallinksmanager029f6b8e52c=\"9\" title=\"British Association of Removers (BAR) f\u00f6rklaras\">BAR<\/a>)<\/li>\n<li> <a href=\"https:\/\/moverdb.com\/sv\/fidi-faim\/\">Federation of International Moving Companies (federationen f\u00f6r internationella flyttfirmor)<\/a> (<a href=\"https:\/\/moverdb.com\/sv\/fidi-faim\/\" data-internallinksmanager029f6b8e52c=\"16\" title=\"FIDI &amp; FAIM (FIDI Accredited International Mover) f\u00f6rklaras\">FIDI<\/a>)<\/li>\n<li> Forum f\u00f6r f\u00f6rvaltning av utlandsstationerade<\/li>\n<li> Indirekt flygbolag<\/li>\n<li> <a href=\"https:\/\/moverdb.com\/sv\/iata\/\">Internationella lufttransportf\u00f6rbundet<\/a> (<a href=\"https:\/\/moverdb.com\/sv\/iata\/\" data-internallinksmanager029f6b8e52c=\"22\" title=\"Internationella lufttransportf\u00f6rbundet (IATA) f\u00f6rklaras\">IATA<\/a>)<\/li>\n<li> <a href=\"https:\/\/moverdb.com\/sv\/jag-ar\/\">Internationella sammanslutningen av flyttfirmor<\/a> (<a href=\"https:\/\/moverdb.com\/sv\/iam\/\" data-internallinksmanager029f6b8e52c=\"23\" title=\"International Association of Movers (IAM) f\u00f6rklaras\">IAM<\/a>)<\/li>\n<li> International Facility Management Association<\/li>\n<li> Internationella organisationen f\u00f6r standardisering<\/li>\n<li> <a href=\"https:\/\/moverdb.com\/sv\/lacma\/\">Latin America &amp; Caribbean International Movers Association (f\u00f6reningen f\u00f6r internationella flyttfirmor i Latinamerika och V\u00e4stindien)<\/a> (<a href=\"https:\/\/moverdb.com\/sv\/lacma\/\" data-internallinksmanager029f6b8e52c=\"28\" title=\"Latinamerikanska och karibiska internationella flyttf\u00f6reningen (LACMA)\">LACMA<\/a>)<\/li>\n<li> Internationellt n\u00e4tverk f\u00f6r utlandsflyttning (OMNI)<\/li>\n<li> Overseas Shippers Association (OSA) - grundande medlem<\/li>\n<li> F\u00f6reningen f\u00f6r personaladministration<\/li>\n<li> USA:s tull- och gr\u00e4nsskydd<\/li>\n<li> <a href=\"https:\/\/moverdb.com\/sv\/radet-for-omplacering-av-arbetstagare\/\">R\u00e5det f\u00f6r omplacering av anst\u00e4llda i hela v\u00e4rlden<\/a><\/li>\n<li> Smartway<\/li>\n<li> <a href=\"https:\/\/moverdb.com\/sv\/united-van-lines\/\">United Van Lines<\/a><\/li>\n<\/ul>\n<h2>Recensioner av Armstrong Relocation<\/h2>\n<p><strong>Positivt:<\/strong><\/p>\n<ul>\n<li> <em>\"Armstrong-teamet gjorde verkligen flytten till en trevlig upplevelse!\"<\/em> Kay T via <a href=\"https:\/\/www.yelp.com\/biz\/armstrong-relocation-carrollton-4?hrid=LJyHKGw95UdYmBHHZwyr5Q&#038;utm_campaign=www_review_share_popup&#038;utm_medium=copy_link&#038;utm_source=(direct)\" target=\"_blank\" rel=\"noopener\">Yelp<\/a><\/li>\n<li> <em>\"Jag kan inte fatta hur l\u00e4tt min flytt gick. Det var l\u00e4tt och jag stressade inte. Erin s\u00e5g till att jag hela tiden hade all information jag beh\u00f6vde och ringde ofta f\u00f6r att kolla in. Om jag n\u00e5gonsin hamnar i en situation d\u00e4r jag m\u00e5ste flytta igen kommer jag definitivt att anv\u00e4nda Armstrong Relation f\u00f6r att f\u00e5 mig dit!\"<\/em> - Bfunte via <a href=\"http:\/\/www.mymovingreviews.com\/movers\/armstrong-relocation-2671#50688\" target=\"_blank\" rel=\"noopener\">MyMovingReviews.com<\/a> <\/li>\n<li> <em>\"V\u00e5rt Armstrong-team var enast\u00e5ende! De gav enast\u00e5ende kundservice och var v\u00e4nliga, hj\u00e4lpsamma, v\u00e4lorganiserade, effektiva och professionella. De var det b\u00e4sta flyttteam vi n\u00e5gonsin haft!\"<\/em> - M.M kundens vittnesm\u00e5l fr\u00e5n Armstrong Website<\/li>\n<\/ul>\n<p><strong>Negativt:<\/strong><\/p>\n<ul>\n<li> \"<em>Jag \u00f6nskar att jag kunde ge dem noll stj\u00e4rnor. Det var den v\u00e4rsta upplevelsen i mitt liv.\"<\/em> Natalie M via <a href=\"https:\/\/www.yelp.com\/biz\/armstrong-relocation-carrollton-4?hrid=caooXxcr-ZmkltnMtL6R_g&#038;utm_campaign=www_review_share_popup&#038;utm_medium=copy_link&#038;utm_source=(direct)\" target=\"_blank\" rel=\"noopener\">Yelp<\/a><\/li>\n<li> <em>\"Jag tror att Armstrong kan vara ett rimligt val f\u00f6r en lokal flytt. Men f\u00f6r l\u00e4ngre flyttar m\u00e5ste de bli b\u00e4ttre p\u00e5 att uppskatta leveranstiden och kommunicera med agenten p\u00e5 leveranssidan.\"<\/em> - via <a href=\"http:\/\/www.bbb.org\/chicago\/business-reviews\/movers\/armstrong-relocation-co-in-glendale-hts-il-12008868\/customer-reviews\" target=\"_blank\" rel=\"noopener\">BBB<\/a><\/li>\n<li> <em>\"Jag \u00e4r s\u00e5 uppr\u00f6rd \u00f6ver dem. De packade upp alla mina saker som jag hade p\u00e5 vinden. Vilket \u00e4r bra eftersom jag inte vill att de ska g\u00e5 s\u00f6nder. Men allting var blandat.\"<\/em> - Mistie via <a href=\"https:\/\/www.facebook.com\/ArmstrongRelocationDallas\/reviews\/\" target=\"_blank\" rel=\"noopener\">Facebook<\/a><\/li>\n<\/ul>\n<div itemprop=\"review\" itemscope itemtype=\"http:\/\/schema.org\/Review\">\n<span itemprop=\"author\" itemscope=\"\" itemtype=\"http:\/\/schema.org\/Organization\"><span itemprop=\"name\">MoverDB.com<\/span><\/span> Webbplatsgranskning p\u00e5 n\u00e4tet f\u00f6r <span itemprop=\"itemreviewed\" itemscope=\"\" itemtype=\"http:\/\/schema.org\/Brand\"><span itemprop=\"name\">Armstrong flyttning<\/span><\/span>:<\/p>\n<ol>\n<li> Tydliga kontaktuppgifter p\u00e5 webbplatsen (inklusive telefonnummer): <strong>Ja<\/strong><\/li>\n<li> L\u00e4tt att f\u00e5 <a href=\"https:\/\/moverdb.com\/sv\/citat\/\">offerter f\u00f6r internationella flyttningar<\/a>? (Formul\u00e4r f\u00f6r beg\u00e4ran om uppskattning online): <strong>Ja<\/strong><\/li>\n<li> Tydlig information p\u00e5 webbplatsen: <strong>Ja<\/strong>, Webbplatsen ger kunderna en god uppfattning om vad de kan f\u00f6rv\u00e4nta sig av f\u00f6retaget.<\/li>\n<li> Medlemskap i internationellt erk\u00e4nda flyttorganisationer: <strong>Ja<\/strong>, m\u00e5nga, se ovan<\/li>\n<li> F\u00f6rteckning \u00f6ver kunder och\/eller tidigare kundreferenser: <strong>Ja<\/strong>men dessa finns spridda p\u00e5 webbplatsen och inte p\u00e5 en s\u00e4rskild landningssida. Dessutom \u00e4r deras recensioner fr\u00e5n hela webben lite blandade.<\/li>\n<\/ol>\n<div itemprop=\"reviewRating\" itemscope itemtype=\"http:\/\/schema.org\/Rating\"><meta itemprop=\"worstRating\" content = \"0\" \/><meta itemprop=\"bestRating\" content=\"5\" \/><meta itemprop=\"ratingValue\" content=\"4\"><\/div>\n<p><strong>Sammanfattande betyg: 4\/5<\/strong><br \/>\n<strong>Datum f\u00f6r granskning:<\/strong> <span itemprop=\"datePublished\" content=\"2016-10-25\">25\/10\/2016<\/span>\n<\/div>\n<p>L\u00e4s mer om <a href=\"https:\/\/moverdb.com\/sv\/flyttfirmor\/\">internationella flyttfirmor<\/a>, <a href=\"https:\/\/moverdb.com\/sv\/us-canada-movers\/\">L\u00e5ngdistans- och mellanstatliga flyttfirmor<\/a> och v\u00e5r <a href=\"https:\/\/moverdb.com\/sv\/recensioner\/\">granskningsprocess.<\/a>.<\/p>\n<p><strong>Webbplats:<\/strong> <a href=\"http:\/\/www.armstrongrelocation.com\" target=\"_blank\" rel=\"noopener\">http:\/\/www.armstrongrelocation.com<\/a><\/p>","protected":false},"excerpt":{"rendered":"<p>Armstrong Relocation has an abundance of moving services which it offers its customers. These are listed below together with a company profile and reviews. International Moving Services Pre-move planning Personal move management and custom-designed move planning Free move preparation packet Full or partial packing\/unpacking Crating and specialty packing Property protection Air, ocean and\/or land transportation [&hellip;]<\/p>\n","protected":false},"author":1,"featured_media":0,"parent":0,"menu_order":0,"comment_status":"closed","ping_status":"closed","template":"","meta":{"_genesis_hide_title":false,"_genesis_hide_breadcrumbs":false,"_genesis_hide_singular_image":false,"_genesis_hide_footer_widgets":false,"_genesis_custom_body_class":"","_genesis_custom_post_class":"","_genesis_layout":"","footnotes":""},"class_list":{"0":"post-1041","1":"page","2":"type-page","3":"status-publish","5":"entry"},"_links":{"self":[{"href":"https:\/\/moverdb.com\/sv\/wp-json\/wp\/v2\/pages\/1041","targetHints":{"allow":["GET"]}}],"collection":[{"href":"https:\/\/moverdb.com\/sv\/wp-json\/wp\/v2\/pages"}],"about":[{"href":"https:\/\/moverdb.com\/sv\/wp-json\/wp\/v2\/types\/page"}],"author":[{"embeddable":true,"href":"https:\/\/moverdb.com\/sv\/wp-json\/wp\/v2\/users\/1"}],"replies":[{"embeddable":true,"href":"https:\/\/moverdb.com\/sv\/wp-json\/wp\/v2\/comments?post=1041"}],"version-history":[{"count":3,"href":"https:\/\/moverdb.com\/sv\/wp-json\/wp\/v2\/pages\/1041\/revisions"}],"predecessor-version":[{"id":6174,"href":"https:\/\/moverdb.com\/sv\/wp-json\/wp\/v2\/pages\/1041\/revisions\/6174"}],"wp:attachment":[{"href":"https:\/\/moverdb.com\/sv\/wp-json\/wp\/v2\/media?parent=1041"}],"curies":[{"name":"wp","href":"https:\/\/api.w.org\/{rel}","templated":true}]}}