{"id":1039,"date":"2016-10-26T05:36:32","date_gmt":"2016-10-26T05:36:32","guid":{"rendered":"http:\/\/moverdb.com\/?page_id=1039"},"modified":"2026-01-08T15:30:40","modified_gmt":"2026-01-08T15:30:40","slug":"williams-moving-storage","status":"publish","type":"page","link":"https:\/\/moverdb.com\/sv\/williams-moving-storage\/","title":{"rendered":"Williams Moving &amp; Storage: Internationell flyttning Recensioner"},"content":{"rendered":"<p>Williams Moving &amp; Storage Ltd ligger i Lethbridge, <a href=\"https:\/\/moverdb.com\/sv\/moving-to-canada\/\" data-internallinksmanager029f6b8e52c=\"265\" title=\"Flytta till Kanada? 2026 Levnadskostnader och flyttningstips\">Kanada<\/a>. F\u00f6retaget erbjuder sina kunder en rad olika flyttj\u00e4nster som listas nedan, tillsammans med en f\u00f6retagsprofil och recensioner.<\/p>\n<p><strong>Internationella flyttar<\/strong><\/p>\n<ul>\n<li> F\u00f6rflyttning med j\u00e4rnv\u00e4g, fartyg eller flyg<\/li>\n<li> Tilldelad flyttledare<\/li>\n<li> D\u00f6rr-till-d\u00f6rr-tj\u00e4nster \u00f6ver hela v\u00e4rlden<\/li>\n<li> Packning - full service, \u00f6mt\u00e5liga f\u00f6rem\u00e5l eller egenpackning<\/li>\n<li> F\u00f6rpackningsmaterial<\/li>\n<li> Tullklarering<\/li>\n<li> Uppackning - full service, \u00f6mt\u00e5liga f\u00f6rem\u00e5l eller sj\u00e4lvuppackning<\/li>\n<li> L\u00e5ng- och korttidsf\u00f6rvaring<\/li>\n<\/ul>\n<p><strong>F\u00f6retags- och f\u00f6retagsflyttar<\/strong><\/p>\n<ul>\n<li> D\u00f6rr till d\u00f6rr<\/li>\n<li> Tilldelad flyttledare<\/li>\n<li> Utpekad bes\u00e4ttning f\u00f6r k\u00e4nsligt material<\/li>\n<li> Utsedd installationsbes\u00e4ttning<\/li>\n<\/ul>\n<p><strong>Flyttning av bost\u00e4der<\/strong><\/p>\n<ul>\n<li> Fullst\u00e4ndig service tillg\u00e4nglig<\/li>\n<li> Tilldelad flyttledare<\/li>\n<li> Medf\u00f6ljande f\u00f6rpackningsmaterial<\/li>\n<li> Packning - full service, \u00f6mt\u00e5liga f\u00f6rem\u00e5l eller g\u00f6r-det-sj\u00e4lv-arbete<\/li>\n<li> Uppackning - full service, \u00f6mt\u00e5liga f\u00f6rem\u00e5l eller g\u00f6r det sj\u00e4lv<\/li>\n<\/ul>\n<p><strong>G\u00f6r-det-sj\u00e4lv-f\u00f6rflyttningar<\/strong><\/p>\n<ul>\n<li> Lastbil och f\u00f6rpackningsmaterial levereras<\/li>\n<li> 8 timmar f\u00f6r att packa och lasta<\/li>\n<li> Flyttad till dep\u00e5<\/li>\n<li> P\u00e5 destinationen - 8 timmar f\u00f6r lossning<\/li>\n<\/ul>\n<h2>Williams Moving &amp; Storage F\u00f6retagsprofil<\/h2>\n<p><em><strong>Observera<\/strong> att Williams Moving &amp; Storage <a href=\"http:\/\/globalnews.ca\/news\/1787201\/after-86-years-williams-moving-and-storage-files-for-bankruptcy\/\" target=\"_blank\" rel=\"noopener\">ans\u00f6kte om konkurs 2015<\/a>. Williams Moving &amp; Storage (Cranbrook) Ltd. \u00e4r dock fortfarande verksamt och finns profilerat nedan.<\/em><\/p>\n<p>Williams Moving and Storage grundades 1929. F\u00f6retaget flyttar privatpersoner och f\u00f6retag b\u00e5de lokalt och internationellt. F\u00f6retaget \u00e4r specialiserat p\u00e5 f\u00f6retags- och kommersiella flyttningar, bostads- och <a href=\"https:\/\/moverdb.com\/sv\/container-transport\/\">internationella flyttar<\/a>. <\/p>\n<p>En av deras innovativa tj\u00e4nster \u00e4r g\u00f6r-det-sj\u00e4lv-f\u00f6rflyttning som \u00e4r idealisk f\u00f6r kunder med en liten budget. <\/p>\n<p>Williams Moving &amp; Storage har h\u00f6gspecialiserad flyttutrustning som de garanterar kommer att flytta dina tillh\u00f6righeter enkelt, snabbt och utan att de skadas.<\/p>\n<p>Williams Moving &amp; Storage har f\u00f6ljande ackrediteringar och anslutningar:<\/p>\n<ul>\n<li> <a href=\"https:\/\/moverdb.com\/sv\/fidi-faim\/\">Federation of International Movers (federationen f\u00f6r internationella flyttfirmor)<\/a> (<a href=\"https:\/\/moverdb.com\/sv\/fidi-faim\/\" data-internallinksmanager029f6b8e52c=\"16\" title=\"FIDI &amp; FAIM (FIDI Accredited International Mover) f\u00f6rklaras\">FIDI<\/a>)<\/li>\n<li> <a href=\"https:\/\/moverdb.com\/sv\/fidi-faim\/\">FIDI-ackrediterade internationella flyttfirmor<\/a> (FAIM)<\/li>\n<li> <a href=\"https:\/\/moverdb.com\/sv\/jag-ar\/\">Internationella sammanslutningen av flyttfirmor<\/a> (<a href=\"https:\/\/moverdb.com\/sv\/iam\/\" data-internallinksmanager029f6b8e52c=\"23\" title=\"International Association of Movers (IAM) f\u00f6rklaras\">IAM<\/a>)<\/li>\n<li> Internationellt n\u00e4tverk f\u00f6r utlandsflyttning (OMNI)<\/li>\n<li> N\u00e4tverket f\u00f6r hotell- och restaurangbranschen (NEWH)<\/li>\n<li> N\u00e4tverket f\u00f6r kommersiell omlokalisering (CRN)<\/li>\n<li> <a href=\"https:\/\/moverdb.com\/sv\/united-van-lines\/\">United Van Lines<\/a> (Kanada)<\/li>\n<\/ul>\n<h2>Recensioner av Williams Moving &amp; Storage<\/h2>\n<p><strong>Positivt:<\/strong><\/p>\n<ul>\n<li> \"<em>Det var ett fantastiskt f\u00f6retag att ha att g\u00f6ra med, fr\u00e5n b\u00f6rjan till slut. Kalkylatorn var mycket professionell och hade stort t\u00e5lamod med att svara p\u00e5 alla mina fr\u00e5gor. Allt gick mycket smidigt p\u00e5 flyttdagen. Flyttpersonalen var effektiva och mycket f\u00f6rsiktiga med mina \u00e4godelar.\"<\/em> - Shairoz via <a href=\"https:\/\/homestars.com\/companies\/229930-williams-moving-and-storage\/reviews\/61856\" target=\"_blank\" rel=\"noopener\">HomeStars<\/a> <\/li>\n<\/ul>\n<p><strong>Negativt:<\/strong><\/p>\n<ul>\n<li> <em>\"Williams Moving and Storage borde sk\u00e4mmas. De dyker upp med tillf\u00e4lliga arbetare som inte bryr sig mindre om din sinnesfrid och som inte k\u00e4nner f\u00f6r att arbeta.\"<\/em> - Julie B. via <a href=\"http:\/\/www.bbb.org\/calgary\/business-reviews\/movers\/williams-moving-and-storage-lethbridge-in-lethbridge-ab-36707\/customer-reviews\" target=\"_blank\" rel=\"noopener\">BBB<\/a><\/li>\n<\/ul>\n<div itemprop=\"review\" itemscope itemtype=\"http:\/\/schema.org\/Review\">\n<span itemprop=\"author\" itemscope=\"\" itemtype=\"http:\/\/schema.org\/Organization\"><span itemprop=\"name\">MoverDB.com<\/span><\/span> Webbplatsgranskning p\u00e5 n\u00e4tet f\u00f6r <span itemprop=\"itemreviewed\" itemscope=\"\" itemtype=\"http:\/\/schema.org\/Brand\"><span itemprop=\"name\">Williams Moving &amp; Storage<\/span><\/span>:<\/p>\n<ol>\n<li> Tydliga kontaktuppgifter p\u00e5 webbplatsen (inklusive telefonnummer): <strong>Ja<\/strong><\/li>\n<li> L\u00e4tt att f\u00e5 <a href=\"https:\/\/moverdb.com\/sv\/citat\/\">offerter f\u00f6r internationella flyttningar<\/a>? (Formul\u00e4r f\u00f6r beg\u00e4ran om uppskattning online): <strong>Ja<\/strong><\/li>\n<li> Tydlig information p\u00e5 webbplatsen: <strong>Ingen<\/strong>, Webbplatsen ber\u00e4ttar v\u00e4ldigt lite om f\u00f6retaget eller de tj\u00e4nster som erbjuds.<\/li>\n<li> Medlemskap i internationellt erk\u00e4nda flyttorganisationer: <strong>Ja<\/strong>, m\u00e5nga, se ovan<\/li>\n<li> F\u00f6rteckning \u00f6ver kunder och\/eller tidigare kundreferenser: <strong>Nej,<\/strong> och recensionerna p\u00e5 n\u00e4tet \u00e4r ganska blandade.<\/li>\n<\/ol>\n<div itemprop=\"reviewRating\" itemscope itemtype=\"http:\/\/schema.org\/Rating\"><meta itemprop=\"worstRating\" content = \"0\" \/><meta itemprop=\"bestRating\" content=\"5\" \/><meta itemprop=\"ratingValue\" content=\"3\"><\/div>\n<p><strong>Sammanfattande betyg: 3\/5<\/strong><br \/>\n<strong>Datum f\u00f6r granskning:<\/strong> <span itemprop=\"datePublished\" content=\"2016-10-26\">21\/08\/2016<\/span>\n<\/div>\n<p>L\u00e4s mer om <a href=\"https:\/\/moverdb.com\/sv\/flyttfirmor\/\">De b\u00e4sta flyttf\u00f6retagen<\/a>, <a href=\"https:\/\/moverdb.com\/sv\/us-canada-movers\/\">Kanadensiska flyttfirmor<\/a> och v\u00e5r <a href=\"https:\/\/moverdb.com\/sv\/recensioner\/\">granskningsprocess.<\/a>.<\/p>\n<p><strong>Webbplats:<\/strong> <a href=\"http:\/\/williamsmovingltd.com\/\" target=\"_blank\" rel=\"noopener\">http:\/\/williamsmovingltd.com\/<\/a><\/p>","protected":false},"excerpt":{"rendered":"<p>Williams Moving &#038; Storage Ltd is located in Lethbridge, Canada. The company offers its customers a range of moving services which are listed below, together with a company profile and reviews. International Moves Move by rail, ship or air Assigned move manager Door-to-door service worldwide Packing &#8211; full service, fragile items or self-pack Packing supplies [&hellip;]<\/p>\n","protected":false},"author":1,"featured_media":0,"parent":0,"menu_order":0,"comment_status":"closed","ping_status":"closed","template":"","meta":{"_genesis_hide_title":false,"_genesis_hide_breadcrumbs":false,"_genesis_hide_singular_image":false,"_genesis_hide_footer_widgets":false,"_genesis_custom_body_class":"","_genesis_custom_post_class":"","_genesis_layout":"","footnotes":""},"class_list":{"0":"post-1039","1":"page","2":"type-page","3":"status-publish","5":"entry"},"_links":{"self":[{"href":"https:\/\/moverdb.com\/sv\/wp-json\/wp\/v2\/pages\/1039","targetHints":{"allow":["GET"]}}],"collection":[{"href":"https:\/\/moverdb.com\/sv\/wp-json\/wp\/v2\/pages"}],"about":[{"href":"https:\/\/moverdb.com\/sv\/wp-json\/wp\/v2\/types\/page"}],"author":[{"embeddable":true,"href":"https:\/\/moverdb.com\/sv\/wp-json\/wp\/v2\/users\/1"}],"replies":[{"embeddable":true,"href":"https:\/\/moverdb.com\/sv\/wp-json\/wp\/v2\/comments?post=1039"}],"version-history":[{"count":4,"href":"https:\/\/moverdb.com\/sv\/wp-json\/wp\/v2\/pages\/1039\/revisions"}],"predecessor-version":[{"id":6252,"href":"https:\/\/moverdb.com\/sv\/wp-json\/wp\/v2\/pages\/1039\/revisions\/6252"}],"wp:attachment":[{"href":"https:\/\/moverdb.com\/sv\/wp-json\/wp\/v2\/media?parent=1039"}],"curies":[{"name":"wp","href":"https:\/\/api.w.org\/{rel}","templated":true}]}}