{"id":1038,"date":"2016-11-05T17:02:13","date_gmt":"2016-11-05T17:02:13","guid":{"rendered":"http:\/\/moverdb.com\/?page_id=1038"},"modified":"2026-01-08T15:20:27","modified_gmt":"2026-01-08T15:20:27","slug":"national-van-lines","status":"publish","type":"page","link":"https:\/\/moverdb.com\/sv\/national-van-lines\/","title":{"rendered":"National Van Lines: Internationell flyttning Recensioner"},"content":{"rendered":"<p>National Van Lines erbjuder sina kunder ett brett utbud av flyttj\u00e4nster. Dessa listas nedan tillsammans med en f\u00f6retagsprofil och recensioner.<\/p>\n<p><strong>Internationella flyttar<\/strong><\/p>\n<ul>\n<li> Privatpersoner och f\u00f6retag<\/li>\n<li> En dedikerad flyttkoordinator<\/li>\n<li> R\u00e5dgivning om alla aspekter av flyttprocessen<\/li>\n<li> V\u00e4gledning om dokumentationskrav<\/li>\n<li> <a href=\"https:\/\/moverdb.com\/sv\/citat\/\">Kostnadsber\u00e4kningar fr\u00e5n d\u00f6rr till d\u00f6rr<\/a> f\u00f6r <a href=\"https:\/\/moverdb.com\/sv\/container-transport\/\">sj\u00f6- eller lufttransport<\/a><\/li>\n<li> Sp\u00e5rning f\u00f6r att se till att f\u00f6rs\u00e4ndelsen anl\u00e4nder s\u00e4kert.<\/li>\n<li> Samordning av varje steg i flytten<\/li>\n<li> Hj\u00e4lp i den osannolika h\u00e4ndelsen att en fordran uppst\u00e5r.<\/li>\n<\/ul>\n<p><strong>Specialitetsf\u00f6rflyttningar<\/strong><\/p>\n<ul>\n<li> Inventarier f\u00f6r butiker<\/li>\n<li> Elektronik<\/li>\n<li> M\u00e4ssor<\/li>\n<li> Spelutrustning<\/li>\n<li> Spelautomater<\/li>\n<li> Biltransporter<\/li>\n<li> Flyttning av pianon<\/li>\n<li> Konst som r\u00f6r sig<\/li>\n<li> Flyttare f\u00f6r farfarsur och antikviteter<\/li>\n<li> Flyttare f\u00f6r biljardbord<\/li>\n<\/ul>\n<p><strong>Flyttning av f\u00f6retag<\/strong><\/p>\n<ul>\n<li> Internationellt och lokalt<\/li>\n<li> En anst\u00e4lld eller hela kontoret<\/li>\n<li> Flyttning av datorer och elektronik<\/li>\n<li> Flyttning av laboratorie- och medicinsk utrustning<\/li>\n<\/ul>\n<p><strong>Hush\u00e5llsflyttar<\/strong><\/p>\n<ul>\n<li> Lokala flyttningar<\/li>\n<li> Flyttar p\u00e5 l\u00e5nga avst\u00e5nd<\/li>\n<li> Cross country<\/li>\n<li> Interstate<\/li>\n<li> Inom staten<\/li>\n<li> Nationell<\/li>\n<li> D\u00f6rr till d\u00f6rr<\/li>\n<li> Fullst\u00e4ndig service erbjuds<\/li>\n<\/ul>\n<p><strong>Lagring<\/strong><\/p>\n<ul>\n<li> L\u00e5ng och kort sikt<\/li>\n<li> Klimatkontrollerad<\/li>\n<li> S\u00e4kerhet dygnet runt<\/li>\n<\/ul>\n<h2>National Van Lines f\u00f6retagsprofil<\/h2>\n<p>National Van Lines nuvarande VD, Maureen Beal, \u00e4r dotterdotter till grundaren F. J. McKee. McKee startade f\u00f6retaget i <a href=\"https:\/\/moverdb.com\/sv\/flytta-till-chicago\/\">Chicago<\/a> 1901 med en vagn och en ponny f\u00f6r att leverera is och kol. <\/p>\n<p>F\u00f6retaget har vuxit sedan dess och flyttar nu m\u00e4nniskor, f\u00f6retag och milit\u00e4r personal lokalt och globalt. F\u00f6retaget har \u00f6ver 400 agenter som hj\u00e4lper till med denna process.<\/p>\n<p>F\u00f6retagets motto \u00e4r \"Moving Your Memories\", vilket \u00e4r en p\u00e5minnelse till b\u00e5de personal och kunder om att personliga tillh\u00f6righeter \u00e4r v\u00e4rdefulla och alltid kommer att hanteras med omsorg.<\/p>\n<p>National Van Lines har f\u00f6ljande ackrediteringar och anslutningar:<\/p>\n<ul>\n<li> <a href=\"https:\/\/moverdb.com\/sv\/falg-promover\/\">Certifierad ProMover<\/a><\/li>\n<li> Godk\u00e4nd av Better Business Bureau (BBB)<\/li>\n<li> Movers.Com verifierad flyttfirma<\/li>\n<li> <a href=\"https:\/\/moverdb.com\/sv\/fidi-faim\/\">FIDI<\/a><\/li>\n<\/ul>\n<h2>Recensioner av National Van Lines<\/h2>\n<p><strong>Positivt:<\/strong><\/p>\n<ul>\n<li> <em>\"Jag var mycket n\u00f6jd med h\u00e4mtning och leverans av mina m\u00f6bler. Dave var ocks\u00e5 mycket professionell och gav mig en r\u00e4ttvis uppskattning.\"<\/em> - Bari via f\u00f6retagets vittnessida<\/li>\n<li> <em>\"National Van Lines h\u00e4mtade i tid, levererade i tid och ingenting gick f\u00f6rlorat eller s\u00f6nder.\"<\/em> - Gail via <a href=\"https:\/\/www.yelp.co.uk\/biz\/national-van-lines-broadview?hrid=xrO9qdjtpdZ-DKkGynhkBw&#038;utm_campaign=www_review_share_popup&#038;utm_medium=copy_link&#038;utm_source=(direct)\" target=\"_blank\" rel=\"noopener\">Yelp<\/a><\/li>\n<li> <em>\"Jag har bara ett ord att s\u00e4ga. AWESOME!\"<\/em> - Lori via <a href=\"http:\/\/www.mymovingreviews.com\/movers\/national-van-lines-256#59528\" target=\"_blank\" rel=\"noopener\">MyMovingReviews.com<\/a><\/li>\n<\/ul>\n<p><strong>Negativt:<\/strong><\/p>\n<ul>\n<li> <em>\"Under de senaste \u00e5tta \u00e5ren har jag flyttat 5-6 g\u00e5nger och jag har aldrig haft en s\u00e5dan h\u00e4r upplevelse.\"<\/em> - Cindy via <a href=\"https:\/\/www.consumeraffairs.com\/movers\/national.htm\" target=\"_blank\" rel=\"noopener\">Konsumentfr\u00e5gor<\/a><\/li>\n<li> <em>\"National Van Lines levererade inte mina hush\u00e5llsvaror p\u00e5 det datum som chauff\u00f6ren sa. De sa att min faktura gav mig datumet, men problemet var att jag aldrig fick n\u00e5gon faktura. Vid leveransen saknades mer \u00e4n h\u00e4lften av mina f\u00f6rem\u00e5l.\"<\/em> - Franchon via <a href=\"http:\/\/www.bbb.org\/chicago\/business-reviews\/movers\/national-van-lines-inc-in-broadview-il-5114\/customer-reviews\" target=\"_blank\" rel=\"noopener\">BBB<\/a><\/li>\n<li> <em>\"V\u00e5r erfarenhet av National Van Lines var en mardr\u00f6m. Representanten som skrev under <a href=\"https:\/\/moverdb.com\/sv\/moving-to-the-united-states\/\" data-internallinksmanager029f6b8e52c=\"94\" title=\"Flyttar du till USA? 2026 Levnadskostnader och flyttningstips\">oss<\/a> up verkade bara s\u00e5 professionell och effektiv n\u00e4r vi tr\u00e4ffade henne. Vi hade aldrig kunnat dr\u00f6mma om att vi skulle hamna i en fruktansv\u00e4rd r\u00f6ra.\"<\/em> - via <a href=\"http:\/\/moving-companies.credio.com\/l\/21\/National-Van-Lines\" target=\"_blank\" rel=\"noopener\">Credio<\/a><\/li>\n<\/ul>\n<div itemprop=\"review\" itemscope itemtype=\"http:\/\/schema.org\/Review\">\n<span itemprop=\"author\" itemscope=\"\" itemtype=\"http:\/\/schema.org\/Organization\"><span itemprop=\"name\">MoverDB.com<\/span><\/span> Webbplatsgranskning p\u00e5 n\u00e4tet f\u00f6r <span itemprop=\"itemreviewed\" itemscope=\"\" itemtype=\"http:\/\/schema.org\/Brand\"><span itemprop=\"name\">National Van Lines<\/span><\/span>:<\/p>\n<ol>\n<li> Tydliga kontaktuppgifter p\u00e5 webbplatsen (inklusive telefonnummer): <strong>Ja<\/strong><\/li>\n<li> L\u00e4tt att f\u00e5 <a href=\"https:\/\/moverdb.com\/sv\/citat\/\">offerter f\u00f6r internationella flyttningar<\/a>? (Formul\u00e4r f\u00f6r beg\u00e4ran om uppskattning online): <strong>Ja<\/strong><\/li>\n<li> Tydlig information p\u00e5 webbplatsen: <strong>Ja<\/strong> P\u00e5 webbplatsen beskrivs deras tj\u00e4nster och det finns \u00e4ven anv\u00e4ndbara guider.<\/li>\n<li> Medlemskap i internationellt erk\u00e4nda flyttorganisationer: <strong>Ja<\/strong><\/li>\n<li> F\u00f6rteckning \u00f6ver kunder och\/eller tidigare kundreferenser: <strong>Ja<\/strong> Det finns positiva kundomd\u00f6men p\u00e5 webbplatsen, men n\u00e5gra negativa p\u00e5 resten av internet.<\/li>\n<\/ol>\n<div itemprop=\"reviewRating\" itemscope itemtype=\"http:\/\/schema.org\/Rating\"><meta itemprop=\"worstRating\" content = \"0\" \/><meta itemprop=\"bestRating\" content=\"5\" \/><meta itemprop=\"ratingValue\" content=\"4.5\"><\/div>\n<p><strong>Sammanfattande betyg: 4.5\/5<\/strong><br \/>\n<strong>Datum f\u00f6r granskning:<\/strong> <span itemprop=\"datePublished\" content=\"2016-11-05\">05\/11\/2016<\/span>\n<\/div>\n<p>L\u00e4s mer om <a href=\"https:\/\/moverdb.com\/sv\/flyttfirmor\/\">de b\u00e4sta internationella flyttf\u00f6retagen<\/a>, <a href=\"https:\/\/moverdb.com\/sv\/us-canada-movers\/\">Flyttfirmor i USA<\/a> och v\u00e5r <a href=\"https:\/\/moverdb.com\/sv\/recensioner\/\">granskningsprocess.<\/a>.<\/p>\n<p><strong>Webbplats:<\/strong> <a href=\"http:\/\/www.nationalvanlines.com\/\" target=\"_blank\" rel=\"noopener\">http:\/\/www.nationalvanlines.com\/<\/a><\/p>","protected":false},"excerpt":{"rendered":"<p>National Van Lines offers its customers a wide range of moving services. These are listed below together with a company profile and reviews. International Moves Individual and corporate Dedicated move coordinator Counselling on all aspects of the moving process Guidance on documentation requirements Door-to-door cost estimates for shipping by ocean or air Tracking to ensure [&hellip;]<\/p>\n","protected":false},"author":1,"featured_media":0,"parent":0,"menu_order":0,"comment_status":"closed","ping_status":"closed","template":"","meta":{"_genesis_hide_title":false,"_genesis_hide_breadcrumbs":false,"_genesis_hide_singular_image":false,"_genesis_hide_footer_widgets":false,"_genesis_custom_body_class":"","_genesis_custom_post_class":"","_genesis_layout":"","footnotes":""},"class_list":{"0":"post-1038","1":"page","2":"type-page","3":"status-publish","5":"entry"},"_links":{"self":[{"href":"https:\/\/moverdb.com\/sv\/wp-json\/wp\/v2\/pages\/1038","targetHints":{"allow":["GET"]}}],"collection":[{"href":"https:\/\/moverdb.com\/sv\/wp-json\/wp\/v2\/pages"}],"about":[{"href":"https:\/\/moverdb.com\/sv\/wp-json\/wp\/v2\/types\/page"}],"author":[{"embeddable":true,"href":"https:\/\/moverdb.com\/sv\/wp-json\/wp\/v2\/users\/1"}],"replies":[{"embeddable":true,"href":"https:\/\/moverdb.com\/sv\/wp-json\/wp\/v2\/comments?post=1038"}],"version-history":[{"count":6,"href":"https:\/\/moverdb.com\/sv\/wp-json\/wp\/v2\/pages\/1038\/revisions"}],"predecessor-version":[{"id":6225,"href":"https:\/\/moverdb.com\/sv\/wp-json\/wp\/v2\/pages\/1038\/revisions\/6225"}],"wp:attachment":[{"href":"https:\/\/moverdb.com\/sv\/wp-json\/wp\/v2\/media?parent=1038"}],"curies":[{"name":"wp","href":"https:\/\/api.w.org\/{rel}","templated":true}]}}