{"id":1037,"date":"2016-11-21T06:45:07","date_gmt":"2016-11-21T06:45:07","guid":{"rendered":"http:\/\/moverdb.com\/?page_id=1037"},"modified":"2026-01-08T14:47:47","modified_gmt":"2026-01-08T14:47:47","slug":"berger-allierad","status":"publish","type":"page","link":"https:\/\/moverdb.com\/sv\/berger-allied\/","title":{"rendered":"Berger Allied (\u00f6verf\u00f6ring och lagring): Internationell flyttning Recensioner"},"content":{"rendered":"<p>Berger Allied (officiellt Berger Transfer &amp; Storage) \u00e4r baserat i St. Paul, MN. Det erbjuder sina kunder en rad flyttj\u00e4nster som listas nedan, tillsammans med en f\u00f6retagsprofil och recensioner.<\/p>\n<p><strong>Internationell flyttning<\/strong><\/p>\n<ul>\n<li> F\u00f6rberedelser f\u00f6r flytt<\/li>\n<li> Samr\u00e5d och unders\u00f6kning<\/li>\n<li> Dokumentation<\/li>\n<li> S\u00e4kerhets\u00f6verv\u00e4ganden<\/li>\n<li> Packning och lastning<\/li>\n<li> Live lastar dina f\u00f6rem\u00e5l direkt i en transportcontainer<\/li>\n<li> Tullklarering<\/li>\n<li> Leverans och uppackning<\/li>\n<\/ul>\n<p><strong>Flyttning av bost\u00e4der<\/strong><\/p>\n<ul>\n<li> Planering av flyttning<\/li>\n<li> L\u00e5ngv\u00e4ga flyttning<\/li>\n<li> Fullservice packning<\/li>\n<li> Sj\u00e4lvpackande<\/li>\n<li> <a href=\"https:\/\/moverdb.com\/sv\/biltransport-frakt\/\">Fordon<\/a>, frakt av b\u00e5tar och motorcyklar<\/li>\n<li> Montering\/demontering<\/li>\n<li> \u00c5teranslutning\/fr\u00e5nkoppling av apparater<\/li>\n<li> Uppackning och borttagning av skr\u00e4p<\/li>\n<li> Sp\u00e5rning av f\u00f6rs\u00e4ndelser online<\/li>\n<li> Flyttj\u00e4nster f\u00f6r seniorer<\/li>\n<\/ul>\n<p><strong>Tj\u00e4nster f\u00f6r f\u00f6retagsflyttning<\/strong><\/p>\n<ul>\n<li> Konsulter f\u00f6r omlokalisering<\/li>\n<li> Flyttprogram som passar ditt f\u00f6retags unika kultur, policyer och budgetm\u00e5l.<\/li>\n<li> Engagerade flyttkoordinatorer <\/li>\n<\/ul>\n<p><strong>Kommersiella flyttj\u00e4nster<\/strong><\/p>\n<ul>\n<li> Flyttning av kontor<\/li>\n<li> Lagring av register<\/li>\n<li> Lagerh\u00e5llning<\/li>\n<li> Specialiserad transport<\/li>\n<li> F\u00f6rvaltning av tillg\u00e5ngar<\/li>\n<li> CAD-utrymningsplanering<\/li>\n<li> Projektledning p\u00e5 plats<\/li>\n<\/ul>\n<h2>Berger Allied F\u00f6retagsprofil<\/h2>\n<p>Berger Transfer and Storage har varit verksamt sedan 1910. De arbetar med privatpersoner, f\u00f6retag och myndigheter. De anser att deras st\u00f6rsta styrka \u00e4r fokus p\u00e5 h\u00f6gkvalitativ kundservice.<\/p>\n<p>De har en flotta p\u00e5 \u00f6ver 600 sk\u00e5pbilar och lastbilar och samordnar cirka 24 000 familjef\u00f6rflyttningar per \u00e5r. De hj\u00e4lper ocks\u00e5 till att samla in pengar till United Way, Junior Achievements, Boy Scouts and Girl Scouts of America, March of Dimes, Special Olympics och Move For Hunger.<\/p>\n<p>Berger Transfer and Storage har f\u00f6ljande ackrediteringar och anslutningar:<\/p>\n<ul>\n<li> <a href=\"https:\/\/moverdb.com\/sv\/amsa\/\">AMSA<\/a><\/li>\n<li> AHFA<\/li>\n<li> <a href=\"https:\/\/moverdb.com\/sv\/jag-ar\/\">IAM<\/a><\/li>\n<li> ATA<\/li>\n<li> <a href=\"https:\/\/moverdb.com\/sv\/falg-promover\/\">Promover<\/a><\/li>\n<li> <a href=\"https:\/\/moverdb.com\/sv\/radet-for-omplacering-av-arbetstagare\/\">ERC i hela v\u00e4rlden<\/a><\/li>\n<li> PSA<\/li>\n<li> R\u00f6r dig f\u00f6r hunger<\/li>\n<li> BBB-ackrediterat f\u00f6retag<\/li>\n<\/ul>\n<h2>Berger Allied (\u00f6verf\u00f6ring och lagring) Recensioner<\/h2>\n<p><strong>Positivt:<\/strong><\/p>\n<ul>\n<li> <em>\"V\u00e5r erfarenhet av att flytta \u00f6ver hela landet med Berger Allied var s\u00e5 bra som det bara g\u00e5r!\"<\/em> - Paul M via <a href=\"https:\/\/www.yelp.com\/biz\/berger-allied-van-lines-austin?hrid=r3MbhX4j_6c1VOPPSbKe_g&#038;utm_campaign=www_review_share_popup&#038;utm_medium=copy_link&#038;utm_source=(direct)\" target=\"_blank\" rel=\"noopener\">Yelp<\/a> <\/li>\n<li> <em>\"Berger-teamet i Las Vegas \u00e4r helt enkelt fantastiskt. De \u00e4r inte bara kompetenta och trevliga, utan deras kundservice \u00e4r f\u00f6rmodligen den b\u00e4sta jag n\u00e5gonsin har tr\u00e4ffat.\"<\/em> - Viki via <a href=\"https:\/\/www.facebook.com\/pg\/bergermoving\/reviews\/\" target=\"_blank\" rel=\"noopener\">Facebook<\/a><\/li>\n<li> <em>\"De kom i tid. De svepte in alla m\u00f6bler i skydd och tog sig extra tid f\u00f6r att se till att allt var r\u00e4tt gjort. De tog sig tid att se till att inga v\u00e4ggar skadades.\"<\/em> - Daniel via <a href=\"http:\/\/www.movingcompanyreviews.com\/MN\/St-Paul\/berger-transfer-storage-60973\" target=\"_blank\" rel=\"noopener\">Flyttf\u00f6retagReviews.com<\/a><\/li>\n<\/ul>\n<p><strong>Negativt:<\/strong><\/p>\n<ul>\n<li> <em>\"P\u00e5 rekommendation anlitade jag Berger f\u00f6r en flytt fr\u00e5n <a href=\"https:\/\/moverdb.com\/sv\/moving-to-the-united-states\/moving-to-minnesota\/\" data-internallinksmanager029f6b8e52c=\"443\" title=\"Flyttar till Minnesota? 2026 Levnadskostnader &amp; tips om flyttning\">Minnesota<\/a> till <a href=\"https:\/\/moverdb.com\/sv\/moving-to-the-united-states\/moving-to-california\/\" data-internallinksmanager029f6b8e52c=\"330\" title=\"Flytta till Kalifornien? 2026 Levnadskostnader &amp; Flytttips\">Kalifornien<\/a>. Jag hade s\u00f6kt andra f\u00f6retag och ber\u00e4kningar, jag valde tyv\u00e4rr Berger baserat p\u00e5 den person som slutf\u00f6rde ber\u00e4kningen.\"<\/em> - Via <a href=\"https:\/\/www.bbb.org\/minnesota\/business-reviews\/movers\/berger-transfer-storage-inc-in-saint-paul-mn-103\/reviews-and-complaints\" target=\"_blank\" rel=\"noopener\">BBB wesbite<\/a><\/li>\n<li> <em>\"V\u00e4rsta kundtj\u00e4nsten n\u00e5gonsin. Efter sex m\u00e5nader av felaktig fakturering och otaliga e-postmeddelanden och telefonsamtal f\u00f6r att f\u00f6rs\u00f6ka l\u00f6sa problemet fick jag veta att mina varor l\u00e4ggs ut p\u00e5 auktion.\"<\/em> - Kyle vi <a href=\"https:\/\/www.facebook.com\/pg\/bergermoving\/reviews\/\" target=\"_blank\" rel=\"noopener\">Facebook<\/a><\/li>\n<\/li> <\/li>.\n<li> <em>\"Berger Allied Van Lines gjorde det s\u00e4msta packnings-, flytt- och f\u00f6rvaringsjobbet f\u00f6r mig. <a href=\"https:\/\/moverdb.com\/sv\/moving-to-the-united-states\/\" data-internallinksmanager029f6b8e52c=\"94\" title=\"Flyttar du till USA? 2026 Levnadskostnader och flyttningstips\">oss<\/a>.\"<\/em> - Letty via <a href=\"https:\/\/www.yelp.com\/biz\/berger-allied-van-lines-austin?hrid=AMtotqlDmWIUelyZT7YKAw&#038;utm_campaign=www_review_share_popup&#038;utm_medium=copy_link&#038;utm_source=(direct)\" target=\"_blank\" rel=\"noopener\">Yelp<\/a><\/li>\n<\/ul>\n<div itemprop=\"review\" itemscope itemtype=\"http:\/\/schema.org\/Review\">\n<span itemprop=\"author\" itemscope=\"\" itemtype=\"http:\/\/schema.org\/Organization\"><span itemprop=\"name\">MoverDB.com<\/span><\/span> Webbplatsgranskning p\u00e5 n\u00e4tet f\u00f6r <span itemprop=\"itemreviewed\" itemscope=\"\" itemtype=\"http:\/\/schema.org\/Brand\"><span itemprop=\"name\">Berger Allied<\/span><\/span>:<\/p>\n<ol>\n<li> Tydliga kontaktuppgifter p\u00e5 webbplatsen (inklusive telefonnummer): <strong>Ja<\/strong><\/li>\n<li> L\u00e4tt att f\u00e5 <a href=\"https:\/\/moverdb.com\/sv\/citat\/\">offerter f\u00f6r internationella flyttningar<\/a>? (Formul\u00e4r f\u00f6r beg\u00e4ran om uppskattning online): <strong>Ja<\/strong><\/li>\n<li> Tydlig information p\u00e5 webbplatsen: <strong>Delvis<\/strong>Det finns en hel del allm\u00e4n information om flyttning, men inget s\u00e4rskilt.<\/li>\n<li> Medlemskap i internationellt erk\u00e4nda flyttorganisationer: <strong>Ja<\/strong>, m\u00e5nga, se ovan<\/li>\n<li> F\u00f6rteckning \u00f6ver kunder och\/eller tidigare kundreferenser: <strong>Ingen<\/strong>Det finns inga vittnesm\u00e5l p\u00e5 hemsidan, vad vi kunde hitta, och recensionerna p\u00e5 n\u00e4tet \u00e4r lite blandade. <\/li>\n<\/ol>\n<div itemprop=\"reviewRating\" itemscope itemtype=\"http:\/\/schema.org\/Rating\"><meta itemprop=\"worstRating\" content = \"0\" \/><meta itemprop=\"bestRating\" content=\"5\" \/><meta itemprop=\"ratingValue\" content=\"3.5\"><\/div>\n<p><strong>Sammanfattande betyg: 3.5\/5<\/strong><br \/>\n<strong>Datum f\u00f6r granskning:<\/strong> <span itemprop=\"datePublished\" content=\"2016-11-21\">21\/11\/2016<\/span>\n<\/div>\n<p>L\u00e4s mer om <a href=\"https:\/\/moverdb.com\/sv\/flyttfirmor\/\">internationella flyttfirmor<\/a>, <a href=\"https:\/\/moverdb.com\/sv\/us-canada-movers\/\">Flyttfirmor i USA<\/a> och v\u00e5r <a href=\"https:\/\/moverdb.com\/sv\/recensioner\/\">granskningsprocess.<\/a>.<\/p>\n<p><strong>Webbplats:<\/strong> <a href=\"https:\/\/www.bergerallied.com\" target=\"_blank\" rel=\"noopener\">https:\/\/www.bergerallied.com<\/a><\/p>","protected":false},"excerpt":{"rendered":"<p>Berger Allied (officially Berger Transfer &#038; Storage) is based in St. Paul, MN. It offers its customers a range of moving services which are listed below, together with a company profile and reviews. International Moving Move Preparation Consultation and Survey Documentation Safety Considerations Packing and Loading Live loads your items directly into a shipping container [&hellip;]<\/p>\n","protected":false},"author":1,"featured_media":0,"parent":0,"menu_order":0,"comment_status":"closed","ping_status":"closed","template":"","meta":{"_genesis_hide_title":false,"_genesis_hide_breadcrumbs":false,"_genesis_hide_singular_image":false,"_genesis_hide_footer_widgets":false,"_genesis_custom_body_class":"","_genesis_custom_post_class":"","_genesis_layout":"","footnotes":""},"class_list":{"0":"post-1037","1":"page","2":"type-page","3":"status-publish","5":"entry"},"_links":{"self":[{"href":"https:\/\/moverdb.com\/sv\/wp-json\/wp\/v2\/pages\/1037","targetHints":{"allow":["GET"]}}],"collection":[{"href":"https:\/\/moverdb.com\/sv\/wp-json\/wp\/v2\/pages"}],"about":[{"href":"https:\/\/moverdb.com\/sv\/wp-json\/wp\/v2\/types\/page"}],"author":[{"embeddable":true,"href":"https:\/\/moverdb.com\/sv\/wp-json\/wp\/v2\/users\/1"}],"replies":[{"embeddable":true,"href":"https:\/\/moverdb.com\/sv\/wp-json\/wp\/v2\/comments?post=1037"}],"version-history":[{"count":6,"href":"https:\/\/moverdb.com\/sv\/wp-json\/wp\/v2\/pages\/1037\/revisions"}],"predecessor-version":[{"id":6183,"href":"https:\/\/moverdb.com\/sv\/wp-json\/wp\/v2\/pages\/1037\/revisions\/6183"}],"wp:attachment":[{"href":"https:\/\/moverdb.com\/sv\/wp-json\/wp\/v2\/media?parent=1037"}],"curies":[{"name":"wp","href":"https:\/\/api.w.org\/{rel}","templated":true}]}}