{"id":1036,"date":"2016-11-05T16:39:46","date_gmt":"2016-11-05T16:39:46","guid":{"rendered":"http:\/\/moverdb.com\/?page_id=1036"},"modified":"2026-01-08T14:47:46","modified_gmt":"2026-01-08T14:47:46","slug":"beltmann-relocation","status":"publish","type":"page","link":"https:\/\/moverdb.com\/sv\/beltmann-relocation\/","title":{"rendered":"Beltmann Relocation Group: Internationell flyttning: Recensioner"},"content":{"rendered":"<p>Beltmann Relocation Group erbjuder sina kunder en m\u00e4ngd olika flyttj\u00e4nster internationellt och lokalt. Dessa tj\u00e4nster listas nedan tillsammans med en f\u00f6retagsprofil och recensioner.<\/p>\n<p><strong>Internationella flyttar<\/strong><\/p>\n<ul>\n<li> Internationella f\u00f6retagsflyttar<\/li>\n<li> Individuella flyttningar<\/li>\n<li> F\u00f6renta nationerna<\/li>\n<li> Hj\u00e4lp och v\u00e4gledning i samband med tull och invandring<\/li>\n<li> Hj\u00e4lp med flyttning av husdjur<\/li>\n<li> D\u00f6rr till d\u00f6rr<\/li>\n<li> Flyttansvarig som tilldelats<\/li>\n<li> Fullst\u00e4ndig service tillg\u00e4nglig<\/li>\n<li> F\u00f6rs\u00e4kring som ordnas<\/li>\n<\/ul>\n<p><strong>Kontors- och industrif\u00f6rflyttningar<\/strong><\/p>\n<ul>\n<li> Lokal och l\u00e5ngv\u00e4ga kontorsflyttning<\/li>\n<li> Flyttning mellan avdelningar<\/li>\n<li> Flyttning av datorer och elektronik<\/li>\n<li> Planering och utformning av utrymmen<\/li>\n<li> Planeringsm\u00f6ten f\u00f6re flytten<\/li>\n<li> \u00d6vervakning p\u00e5 plats<\/li>\n<li> Tj\u00e4nster efter flytten<\/li>\n<li> Industriell flytthj\u00e4lp<\/li>\n<li> Flyttning med h\u00f6g s\u00e4kerhet<\/li>\n<li> Flyttning av k\u00e4nslig information<\/li>\n<li> F\u00f6rs\u00e4kring som ordnas<\/li>\n<\/ul>\n<p><strong>Flyttning av f\u00f6retag<\/strong><\/p>\n<ul>\n<li> Flyttj\u00e4nster f\u00f6r chefer p\u00e5 h\u00f6gsta niv\u00e5<\/li>\n<li> Flytta chefen <\/li>\n<li> D\u00f6rr till d\u00f6rr<\/li>\n<li> Packning och uppackning<\/li>\n<li> Sp\u00e5rning av f\u00f6rs\u00e4ndelser<\/li>\n<li> F\u00f6rs\u00e4kring som ordnas<\/li>\n<\/ul>\n<p><strong>Hush\u00e5llsflyttar<\/strong><\/p>\n<ul>\n<li> Lokala flyttningar<\/li>\n<li> Flyttar p\u00e5 l\u00e5nga avst\u00e5nd<\/li>\n<li> D\u00f6rr till d\u00f6rr<\/li>\n<li> Packning och uppackning<\/li>\n<li> F\u00f6rs\u00e4kring som ordnas<\/li>\n<\/ul>\n<p><strong>Lagring<\/strong><\/p>\n<ul>\n<li> L\u00e5ng eller kort sikt<\/li>\n<li> Uppv\u00e4rmt lager <\/li>\n<li> F\u00f6rvaras i ett f\u00f6rseglat valv.<\/li>\n<li> CCTV<\/li>\n<li> Brand- och skadedjursskydd<\/li>\n<\/ul>\n<h2>Beltmann Relocation F\u00f6retagsprofil<\/h2>\n<p>Beltmann Group startades av familjen Battina 1955 och \u00e4r fortfarande familje\u00e4gt och drivs av familjen. Det \u00e4r en av de st\u00f6rsta och \u00e4ldsta agenterna f\u00f6r <a href=\"https:\/\/moverdb.com\/sv\/north-american-van-lines\/\">North American Van Lines<\/a> och har sitt huvudkontor i <a href=\"https:\/\/moverdb.com\/sv\/flyttar-till-minneapolis\/\">Minneapolis<\/a>. <\/p>\n<p>Beltmann Group \u00e4r stolt \u00e4gare av en flotta p\u00e5 \u00f6ver 700 flyttfordon av olika slag och har 14 filialer.<\/p>\n<p>Beltmanns l\u00f6fte \u00e4r \"Var kunden\". Alla anst\u00e4llda uppmuntras att s\u00e4tta sig in i kundens situation och behandla dem p\u00e5 samma s\u00e4tt som de sj\u00e4lva skulle vilja bli behandlade. F\u00f6retaget \u00e4r stolt anh\u00e4ngare av Habitat for Humanity.<\/p>\n<p>Beltmann Relocation har f\u00f6ljande anslutningar och ackrediteringar:<\/p>\n<ul>\n<li> <a href=\"https:\/\/moverdb.com\/sv\/falg-promover\/\">Registrerad internationell flyttfirma<\/a> (<a href=\"https:\/\/moverdb.com\/sv\/rim-promover\/\" data-internallinksmanager029f6b8e52c=\"76\" title=\"RIM International ProMover-certifiering f\u00f6rklarad\">RIM<\/a>)<\/li>\n<li> <a href=\"https:\/\/moverdb.com\/sv\/falg-promover\/\">ProMover<\/a><\/li>\n<li> <a href=\"https:\/\/moverdb.com\/sv\/amsa\/\">Amerikansk f\u00f6rening f\u00f6r flyttning och lagring<\/a> (<a href=\"https:\/\/moverdb.com\/sv\/amsa\/\" data-internallinksmanager029f6b8e52c=\"5\" title=\"American Moving &amp; Storage Association (AMSA) f\u00f6rklaras\">AMSA<\/a>)<\/li>\n<li> Vinnare av North American Quality Award<\/li>\n<li> Godk\u00e4nd av Better Business Bureau (BBB)<\/li>\n<\/ul>\n<p><strong>Recensioner av Beltmann Relocation<\/strong><\/p>\n<p><strong>Positivt:<\/strong><\/p>\n<ul>\n<li> <em>\"Allt gick bra med v\u00e5r flytt. Chauff\u00f6ren och personalen p\u00e5 b\u00e5da sidor arbetade bra.\"<\/em> - Craig via Beltmanns vittnessida<\/li>\n<li> <em>\"Vi har flyttat flera g\u00e5nger genom \u00e5ren och jag m\u00e5ste s\u00e4ga att Beltman var \u00f6verl\u00e4gset b\u00e4st. Den omsorg de lade ner p\u00e5 att packa och lasta v\u00e5ra tillh\u00f6righeter till leveransen var anm\u00e4rkningsv\u00e4rd.\"<\/em> - Abby via <a href=\"https:\/\/www.facebook.com\/pg\/BeltmannRelocation\/reviews\/\" target=\"_blank\" rel=\"noopener\">Facebook<\/a><\/li>\n<\/ul>\n<p><strong>Negativt:<\/strong><\/p>\n<ul>\n<li> <em>\"Vi har inte ens packat upp en tredjedel och har redan en lista p\u00e5 minst 15 saker som \u00e4r skadade eller trasiga. I vissa l\u00e5dor har saker bara sl\u00e4ngts i, utan att de \u00e4r inslagna eller s\u00e4krade.\"<\/em> Amy via <a href=\"https:\/\/www.facebook.com\/pg\/BeltmannRelocation\/reviews\/\" target=\"_blank\" rel=\"noopener\">Facebook<\/a><\/li>\n<li> <em>\"G\u00f6r dig sj\u00e4lv en tj\u00e4nst. Anv\u00e4nd inte detta f\u00f6retag. Radera deras nummer, blockera dem fr\u00e5n att ringa dig. Citat del av processen (du vet var de f\u00f6rs\u00f6ker vinna ditt f\u00f6retag) var bra. H\u00e4mta varor - tummen upp.Leverans av saker - stor tumme ner.\"<\/em> - Kim via <a href=\"https:\/\/www.yelp.com\/biz\/beltmann-relocation-group-glendale-heights?hrid=tJAoAv--s6WetooAeYOQew&#038;utm_campaign=www_review_share_popup&#038;utm_medium=copy_link&#038;utm_source=(direct)\" target=\"_blank\" rel=\"noopener\">Yelp<\/a><\/li>\n<\/ul>\n<div itemprop=\"review\" itemscope itemtype=\"http:\/\/schema.org\/Review\">\n<span itemprop=\"author\" itemscope=\"\" itemtype=\"http:\/\/schema.org\/Organization\"><span itemprop=\"name\">MoverDB.com<\/span><\/span> Webbplatsgranskning p\u00e5 n\u00e4tet f\u00f6r <span itemprop=\"itemreviewed\" itemscope=\"\" itemtype=\"http:\/\/schema.org\/Brand\"><span itemprop=\"name\">Beltmann Relocation Group<\/span><\/span>:<\/p>\n<ol>\n<li> Tydliga kontaktuppgifter p\u00e5 webbplatsen (inklusive telefonnummer): <strong>Ja<\/strong><\/li>\n<li> L\u00e4tt att f\u00e5 <a href=\"https:\/\/moverdb.com\/sv\/citat\/\">offerter f\u00f6r internationella flyttningar<\/a>? (Formul\u00e4r f\u00f6r beg\u00e4ran om uppskattning online): <strong>Ja<\/strong><\/li>\n<li> Tydlig information p\u00e5 webbplatsen: <strong>Ja<\/strong>, P\u00e5 webbplatsen finns anv\u00e4ndbara resurser f\u00f6r flyttningar, bland annat vanliga fr\u00e5gor och tips.<\/li>\n<li> Medlemskap i internationellt erk\u00e4nda flyttorganisationer: <strong>Ja<\/strong>, m\u00e5nga, se ovan<\/li>\n<li> F\u00f6rteckning \u00f6ver kunder och\/eller tidigare kundreferenser: <strong>Ja,<\/strong> Det finns positiva omd\u00f6men p\u00e5 hemsidan, men omd\u00f6men fr\u00e5n andra webbplatser \u00e4r lite mer blandade.<\/li>\n<\/ol>\n<div itemprop=\"reviewRating\" itemscope itemtype=\"http:\/\/schema.org\/Rating\"><meta itemprop=\"worstRating\" content = \"0\" \/><meta itemprop=\"bestRating\" content=\"5\" \/><meta itemprop=\"ratingValue\" content=\"4.5\"><\/div>\n<p><strong>Sammanfattande betyg: 4.5\/5<\/strong><br \/>\n<strong>Datum f\u00f6r granskning:<\/strong> <span itemprop=\"datePublished\" content=\"2016-11-05\">05\/11\/2016<\/span>\n<\/div>\n<p>L\u00e4s mer om <a href=\"https:\/\/moverdb.com\/sv\/flyttfirmor\/\">internationella flyttfirmor<\/a>, <a href=\"https:\/\/moverdb.com\/sv\/us-canada-movers\/\">Inhemska flyttare i USA<\/a> och v\u00e5r <a href=\"https:\/\/moverdb.com\/sv\/recensioner\/\">granskningsprocess.<\/a>.<\/p>\n<p><strong>Webbplats:<\/strong> <a href=\"http:\/\/www.beltmann.com\/\" target=\"_blank\" rel=\"noopener\">http:\/\/www.beltmann.com\/<\/a><\/p>","protected":false},"excerpt":{"rendered":"<p>The Beltmann Relocation Group offers its customers a variety of moving services internationally and locally. These services are listed below together with a company profile and reviews. International Moves International corporate moves Individual moves United Nations Assistance and guidance with customs and immigration Assistance with pet relocation Door-to-door Move manager allocated Full service available Insurance [&hellip;]<\/p>\n","protected":false},"author":1,"featured_media":0,"parent":0,"menu_order":0,"comment_status":"closed","ping_status":"closed","template":"","meta":{"_genesis_hide_title":false,"_genesis_hide_breadcrumbs":false,"_genesis_hide_singular_image":false,"_genesis_hide_footer_widgets":false,"_genesis_custom_body_class":"","_genesis_custom_post_class":"","_genesis_layout":"","footnotes":""},"class_list":{"0":"post-1036","1":"page","2":"type-page","3":"status-publish","5":"entry"},"_links":{"self":[{"href":"https:\/\/moverdb.com\/sv\/wp-json\/wp\/v2\/pages\/1036","targetHints":{"allow":["GET"]}}],"collection":[{"href":"https:\/\/moverdb.com\/sv\/wp-json\/wp\/v2\/pages"}],"about":[{"href":"https:\/\/moverdb.com\/sv\/wp-json\/wp\/v2\/types\/page"}],"author":[{"embeddable":true,"href":"https:\/\/moverdb.com\/sv\/wp-json\/wp\/v2\/users\/1"}],"replies":[{"embeddable":true,"href":"https:\/\/moverdb.com\/sv\/wp-json\/wp\/v2\/comments?post=1036"}],"version-history":[{"count":6,"href":"https:\/\/moverdb.com\/sv\/wp-json\/wp\/v2\/pages\/1036\/revisions"}],"predecessor-version":[{"id":6182,"href":"https:\/\/moverdb.com\/sv\/wp-json\/wp\/v2\/pages\/1036\/revisions\/6182"}],"wp:attachment":[{"href":"https:\/\/moverdb.com\/sv\/wp-json\/wp\/v2\/media?parent=1036"}],"curies":[{"name":"wp","href":"https:\/\/api.w.org\/{rel}","templated":true}]}}