{"id":1034,"date":"2017-01-10T06:29:27","date_gmt":"2017-01-10T06:29:27","guid":{"rendered":"http:\/\/moverdb.com\/?page_id=1034"},"modified":"2026-05-15T14:59:54","modified_gmt":"2026-05-15T14:59:54","slug":"hilldrup-moving-storage","status":"publish","type":"page","link":"https:\/\/moverdb.com\/sv\/hilldrup-moving-storage\/","title":{"rendered":"Hilldrup Moving &amp; Storage: Internationell flyttning Recensioner"},"content":{"rendered":"<p>Hilldrup Moving and Storage \u00e4r baserat i Stafford VA. F\u00f6retaget erbjuder sina kunder en m\u00e4ngd olika tj\u00e4nster som listas nedan, tillsammans med en f\u00f6retagsprofil och recensioner.<\/p>\n<p><strong>Internationella flyttj\u00e4nster<\/strong><\/p>\n<p>St\u00f6d till flyttning<\/p>\n<ul>\n<li> R\u00e5dgivning om m\u00e4nskliga resurser och strategisk planering<\/li>\n<li> Marknadsf\u00f6ringsst\u00f6d<\/li>\n<li> Program f\u00f6r f\u00f6rs\u00e4ljning av hem<\/li>\n<li> Administration av utgifter<\/li>\n<li> Tillf\u00e4lligt boende<\/li>\n<li> Tj\u00e4nster f\u00f6r internationella uppdrag<\/li>\n<li> Tj\u00e4nster p\u00e5 destinationen och vid inflyttning<\/li>\n<li> Program f\u00f6r hantering av flyttningar<\/li>\n<li> \u00d6verv\u00e4ganden om ers\u00e4ttning, skatt och l\u00f6ner<\/li>\n<li> Anpassad rapportering<\/li>\n<li> F\u00f6rvaltning av schablonbelopp<\/li>\n<\/ul>\n<p>F\u00f6rflyttning av f\u00f6rvaltningen<\/p>\n<ul>\n<li> En dedikerad r\u00e5dgivare f\u00f6r internationella flyttar<\/li>\n<li> Hantera alla inrikes-, havs- och lufttransporter.<\/li>\n<li> Hj\u00e4lp med pass, visum och tull<\/li>\n<\/ul>\n<p>Lagringsm\u00f6jligheter<\/p>\n<ul>\n<li> L\u00e5ngsiktig och kortsiktig lagring<\/li>\n<li> Obegr\u00e4nsad tillg\u00e5ng till lagerlokaler runt om i v\u00e4rlden<\/li>\n<li> S\u00e4kerhet dygnet runt<\/li>\n<li> Sprinkler och brandsl\u00e4ckningssystem<\/li>\n<li> DOD-certifierad<\/li>\n<li> 200 000 kvadratmeter klimatkontrollerad lagring finns tillg\u00e4nglig<\/li>\n<li> Bilar, b\u00e5tar och husbilar<\/li>\n<li> Underh\u00e5ll av fordon i l\u00e5ngtidsf\u00f6rvaring.<\/li>\n<\/ul>\n<p><strong>F\u00f6retagsflyttar - internationellt och lokalt<\/strong><\/p>\n<p>Tj\u00e4nster vid avresa<\/p>\n<ul>\n<li> St\u00f6d f\u00f6r marknadsf\u00f6ring av hem<\/li>\n<li> Fastighetsf\u00f6rvaltning<\/li>\n<li> F\u00f6rs\u00e4ndelse av hush\u00e5llsvaror<\/li>\n<li> Resebist\u00e5nd<\/li>\n<\/ul>\n<p>Tj\u00e4nster p\u00e5 destinationen<\/p>\n<ul>\n<li> Orientering om resm\u00e5let<\/li>\n<li> Hj\u00e4lp med att hitta ett hem<\/li>\n<li> St\u00f6d till hypoteksl\u00e5n<\/li>\n<li> Tillf\u00e4lliga bost\u00e4der<\/li>\n<li> Hyresst\u00f6d<\/li>\n<li> St\u00f6d till \u00f6verg\u00e5ng f\u00f6r familjer<\/li>\n<\/ul>\n<p>Globalt uppdrag<\/p>\n<ul>\n<li> Omr\u00e5desorientering<\/li>\n<li> Tillf\u00e4lligt boende<\/li>\n<li> Spr\u00e5kutbildning<\/li>\n<li> Visum- och invandringstj\u00e4nster<\/li>\n<li> Hyresf\u00f6rvaltning<\/li>\n<li> Kostnadsprognoser<\/li>\n<li> Hems\u00f6kning<\/li>\n<li> Tj\u00e4nster f\u00f6r att etablera sig<\/li>\n<li> Utbildning i tv\u00e4rkultur<\/li>\n<li> Hj\u00e4lp med s\u00f6kning efter skola och utbildning<\/li>\n<li> St\u00f6dprogram f\u00f6r makar\/partners<\/li>\n<\/ul>\n<p><strong>Regering och milit\u00e4r<\/strong><\/p>\n<ul>\n<li> CHAMP<\/li>\n<li> DOD Hush\u00e5llsflyttning<\/li>\n<li> Fullst\u00e4ndig flyttning av federala leveranser<\/li>\n<li> Flyttning av kontoret federal supply schedule<\/li>\n<\/ul>\n<p><strong>Flyttj\u00e4nster f\u00f6r bost\u00e4der<\/strong><\/p>\n<ul>\n<li> D\u00f6rr till d\u00f6rr<\/li>\n<li> Fullst\u00e4ndig service tillg\u00e4nglig<\/li>\n<li> L\u00e5ng- och korttidsf\u00f6rvaring finns tillg\u00e4nglig<\/li>\n<li> Packning och uppackning<\/li>\n<li> F\u00f6rs\u00e4kring som ordnas<\/li>\n<li> Biltransport<\/li>\n<\/ul>\n<p><strong>Kommersiella flyttj\u00e4nster<\/strong><\/p>\n<ul>\n<li> Hantering av omlokaliseringar \u00f6ver hela v\u00e4rlden<\/li>\n<li> Kontorsflyttar i hela landet<\/li>\n<li> Inst\u00e4llningar f\u00f6r campus<\/li>\n<li> Budget\/kostnadsanalys<\/li>\n<li> Installation<\/li>\n<li> Omkonfigurering<\/li>\n<li> F\u00f6rvaltning av tillg\u00e5ngar<\/li>\n<li> Lagerh\u00e5llning<\/li>\n<li> IT-avbrott\/\u00e5teranslutning<\/li>\n<li> Analys av behoven av skr\u00e4ddarsydd design f\u00f6r IT<\/li>\n<li> Webbaserad avveckling<\/li>\n<\/ul>\n<h2>Hilldrup Moving &amp; Storage F\u00f6retagsprofil<\/h2>\n<p>R G Hilldrup startade det f\u00f6retag som nu \u00e4r Hilldrup Moving and Storage Company 1903. P\u00e5 1940-talet s\u00e5ldes f\u00f6retaget till en av dess anst\u00e4llda - C B McDaniel. \u00c5r 1964 gick Hilldrup samman med <a href=\"https:\/\/moverdb.com\/sv\/united-van-lines\/\">United Van Lines<\/a> vilket gjorde det m\u00f6jligt f\u00f6r f\u00f6retaget att avsev\u00e4rt ut\u00f6ka sina tj\u00e4nster. F\u00f6retaget erbjuder nu lokala, nationella och internationella flyttar till privatpersoner och f\u00f6retagskunder samt omfattande lagerm\u00f6jligheter. <\/p>\n<p>Hilldrup drivs nu av tredje generationen McDaniel's och f\u00f6retaget tror starkt p\u00e5 familjens styrka. Det \u00e4r denna etik som de \u00f6verf\u00f6r till sina kunder. Hilldrup gillar att ge tillbaka och st\u00f6der m\u00e5nga v\u00e4lg\u00f6renhetsorganisationer i sina samh\u00e4llen.<\/p>\n<p>Hilldrup Moving and Storage har f\u00f6ljande ackrediteringar och anslutningar:<\/p>\n<ul>\n<li> <a href=\"https:\/\/moverdb.com\/sv\/amsa\/\">Amerikansk f\u00f6rening f\u00f6r flyttning och lagring<\/a> (<a href=\"https:\/\/moverdb.com\/sv\/amsa\/\" data-internallinksmanager029f6b8e52c=\"5\" title=\"American Moving &amp; Storage Association (AMSA) f\u00f6rklaras\">AMSA<\/a>)<\/li>\n<li> <a href=\"https:\/\/moverdb.com\/sv\/falg-promover\/\">AMSA:s certifiering f\u00f6r registrerade internationella flyttare (RIM)<\/a><\/li>\n<li> American Trucking Association (ATA)<\/li>\n<li> Better Business Bureau f\u00f6r alla filialer<\/li>\n<li> Centrum f\u00f6r internationell f\u00f6rvaltning av uppdrag (CIAM)<\/li>\n<li> Program f\u00f6r centraliserad hantering av trafiken med hush\u00e5llsvaror (CHAMP)<\/li>\n<li> Utm\u00e4rkelser f\u00f6r Certified Relocation Professional (CRP)<\/li>\n<li> CoreNet Global<\/li>\n<li> <a href=\"https:\/\/moverdb.com\/sv\/radet-for-omplacering-av-arbetstagare\/\">R\u00e5det f\u00f6r omplacering av arbetstagare<\/a> (<a href=\"https:\/\/moverdb.com\/sv\/employee-relocation-council\/\" data-internallinksmanager029f6b8e52c=\"83\" title=\"F\u00f6rklaring av ERC (Employee Relocation Council) i hela v\u00e4rlden\">ERC<\/a>)<\/li>\n<li> Federala sj\u00f6fartskommissionen<\/li>\n<li> <a href=\"https:\/\/moverdb.com\/sv\/fidi-faim\/\">F\u00e9d\u00e9ration Internationale des D\u00e9m\u00e9nageurs Internationaux \/ Federation of International Moving Companies<\/a> (<a href=\"https:\/\/moverdb.com\/sv\/fidi-faim\/\" data-internallinksmanager029f6b8e52c=\"16\" title=\"FIDI &amp; FAIM (FIDI Accredited International Mover) f\u00f6rklaras\">FIDI<\/a>)<\/li>\n<li> FIDI FAIM\/ISO-certifiering<\/li>\n<li> Utm\u00e4rkelser f\u00f6r specialister p\u00e5 global r\u00f6rlighet (GMS)<\/li>\n<li> <a href=\"https:\/\/moverdb.com\/sv\/hgfaa\/\">F\u00f6reningen f\u00f6r spedit\u00f6rer av hush\u00e5llsvaror<\/a> (HHGFA)<\/li>\n<li> <a href=\"https:\/\/moverdb.com\/sv\/iata\/\">Internationella lufttransportf\u00f6rbundet<\/a> (<a href=\"https:\/\/moverdb.com\/sv\/iata\/\" data-internallinksmanager029f6b8e52c=\"22\" title=\"Internationella lufttransportf\u00f6rbundet (IATA) f\u00f6rklaras\">IATA<\/a>)<\/li>\n<li> <a href=\"https:\/\/moverdb.com\/sv\/jag-ar\/\">Internationella sammanslutningen av flyttfirmor<\/a> (<a href=\"https:\/\/moverdb.com\/sv\/iam\/\" data-internallinksmanager029f6b8e52c=\"23\" title=\"International Association of Movers (IAM) f\u00f6rklaras\">IAM<\/a>)<\/li>\n<li> Internationella f\u00f6reningen f\u00f6r fastighetsf\u00f6rvaltning (IFMA)<\/li>\n<li> ISO 9001:2000-certifiering<\/li>\n<li> <a href=\"https:\/\/moverdb.com\/sv\/lacma\/\">Latinamerikanska och karibiska flyttf\u00f6reningen<\/a> (<a href=\"https:\/\/moverdb.com\/sv\/lacma\/\" data-internallinksmanager029f6b8e52c=\"28\" title=\"Latinamerikanska och karibiska internationella flyttf\u00f6reningen (LACMA)\">LACMA<\/a>)<\/li>\n<li> Professional Employee Relocation Council International (PERC International)<\/li>\n<li> <a href=\"https:\/\/moverdb.com\/sv\/falg-promover\/\">ProMover<\/a><\/li>\n<li> UniGroup Worldwide Certified International Agent Forwarder (certifierad internationell spedit\u00f6r)<\/li>\n<li> UniGroup Worldwide UTS Agent Forwarder<\/li>\n<\/ul>\n<h2>Recensioner av Hilldrup Moving &amp; Storage<\/h2>\n<p><strong>Positivt:<\/strong><\/p>\n<ul>\n<li> <em>\"De flyttade in allt och gjorde ett bra jobb.  Kontoret var ocks\u00e5 underbart och svarade p\u00e5 fr\u00e5gor och s\u00e5g till att vi visste allt om flytten.\"<\/em> - Michael S. via <a href=\"https:\/\/www.yelp.co.uk\/biz\/hilldrup-moving-and-storage-stafford?hrid=hESxKCc7GvTBdlp-kN4udw&#038;utm_campaign=www_review_share_popup&#038;utm_medium=copy_link&#038;utm_source=(direct)\" target=\"_blank\" rel=\"noopener\">Yelp<\/a>.<\/li>\n<li> <em>\"Vi kunde inte ha varit n\u00f6jdare med det h\u00e4r f\u00f6retaget, fr\u00e5n uppskattningen till den slutliga leveransen var de i tid, professionella, artiga och mycket v\u00e4nliga.\"<\/em> - Yarbs via <a href=\"https:\/\/www.bbb.org\/richmond\/business-reviews\/movers\/hilldrup-moving-storage-in-stafford-va-37026248\/reviews-and-complaints\" target=\"_blank\" rel=\"noopener\">BBB<\/a><\/li>\n<\/ul>\n<p><strong>Negativt:<\/strong><\/p>\n<ul>\n<li> <em>\"De h\u00e4r killarna \u00e4r fruktansv\u00e4rda. Jag vet att n\u00e4r man anlitar professionella flyttfirmor f\u00f6rv\u00e4ntar man sig att vissa saker ska g\u00e5 s\u00f6nder, det \u00e4r bara en del av processen. Problemet \u00e4r att vi hittade saker som var trasiga p\u00e5 grund av riktigt dumma misstag.\"<\/em> - Nick T. via <a href=\"https:\/\/www.yelp.co.uk\/biz\/hilldrup-moving-and-storage-stafford?hrid=tgu5ZfofrNJ6h_HXaIX9PQ&#038;utm_campaign=www_review_share_popup&#038;utm_medium=copy_link&#038;utm_source=(direct)\" target=\"_blank\" rel=\"noopener\">Yelp<\/a><\/li>\n<li> <em>\"Chauff\u00f6ren som kom fr\u00e5n Hilldrup hade ingen erfarenhet av att lossa och ta med sig saker till h\u00f6ghus. Detta \u00e4r mycket d\u00e5ligt och s\u00e5 oprofessionellt.\"<\/em> - Sharad via <a href=\"https:\/\/www.mymovingreviews.com\/movers\/hilldrup-3657\" target=\"_blank\" rel=\"noopener\">MyMoingReviews.com<\/a><\/li>\n<\/ul>\n<div itemprop=\"review\" itemscope itemtype=\"http:\/\/schema.org\/Review\">\n<span itemprop=\"author\" itemscope=\"\" itemtype=\"http:\/\/schema.org\/Organization\"><span itemprop=\"name\">MoverDB.com<\/span><\/span> Webbplatsgranskning p\u00e5 n\u00e4tet f\u00f6r <span itemprop=\"itemreviewed\" itemscope=\"\" itemtype=\"http:\/\/schema.org\/Brand\"><span itemprop=\"name\">Hilldrup Moving &amp; Storage<\/span><\/span>:<\/p>\n<ol>\n<li> Tydliga kontaktuppgifter p\u00e5 webbplatsen (inklusive telefonnummer): <strong>Ja<\/strong><\/li>\n<li> L\u00e4tt att f\u00e5 <a href=\"https:\/\/moverdb.com\/sv\/citat\/\">offerter f\u00f6r internationella flyttningar<\/a>? (Formul\u00e4r f\u00f6r beg\u00e4ran om uppskattning online): <strong>Ja<\/strong><\/li>\n<li> Tydlig information p\u00e5 webbplatsen: <strong>Ja,<\/strong> Webbplatsen \u00e4r v\u00e4l utformad och beskriver tydligt de produkter och tj\u00e4nster som erbjuds.<\/li>\n<li> Medlemskap i internationellt erk\u00e4nda flyttorganisationer: <strong>Ja<\/strong>, m\u00e5nga, se ovan<\/li>\n<li> F\u00f6rteckning \u00f6ver kunder och\/eller tidigare kundreferenser. <strong>Ja,<\/strong> Medan de listar sina utm\u00e4rkelser och anslutningar p\u00e5 sin webbplats kunde vi inte hitta n\u00e5gon lista \u00f6ver kundreferenser. De har dock generellt sett postie recensioner fr\u00e5n hela webben.<\/li>\n<\/ol>\n<div itemprop=\"reviewRating\" itemscope itemtype=\"http:\/\/schema.org\/Rating\"><meta itemprop=\"worstRating\" content = \"0\" \/><meta itemprop=\"bestRating\" content=\"5\" \/><meta itemprop=\"ratingValue\" content=\"4.5\"><\/div>\n<p><strong>Sammanfattande betyg: 4.5\/5<\/strong><br \/>\n<strong>Datum f\u00f6r granskning:<\/strong> <span itemprop=\"datePublished\" content=\"2017-01-10\">10\/01\/2017<\/span>\n<\/div>\n<p>L\u00e4s mer om <a href=\"https:\/\/moverdb.com\/sv\/flyttfirmor\/\">internationella flyttfirmor<\/a>, <a href=\"https:\/\/moverdb.com\/sv\/us-canada-movers\/\">flyttfirmor f\u00f6r inhemsk flyttning<\/a> och v\u00e5r <a href=\"https:\/\/moverdb.com\/sv\/recensioner\/\">f\u00f6rklaring av granskningsf\u00f6rfarandet<\/a>.<\/p>\n<p><strong>Webbplats:<\/strong> <a href=\"https:\/\/www.hilldrup.com\/\" target=\"_blank\" rel=\"noopener\">https:\/\/www.hilldrup.com\/<\/a><\/p>","protected":false},"excerpt":{"rendered":"<p>Hilldrup Moving and Storage is based in Stafford VA. The company offers its client a variety of services which are listed below, together with a company profile and reviews. International Moving Services Relocation Assistance Human Resource Consulting and Strategic Planning Marketing Assistance Home Sales Program Expense Administration Temporary Living Arrangement International Assignment Services Destination and [&hellip;]<\/p>\n","protected":false},"author":1,"featured_media":0,"parent":0,"menu_order":0,"comment_status":"closed","ping_status":"closed","template":"","meta":{"_genesis_hide_title":false,"_genesis_hide_breadcrumbs":false,"_genesis_hide_singular_image":false,"_genesis_hide_footer_widgets":false,"_genesis_custom_body_class":"","_genesis_custom_post_class":"","_genesis_layout":"","footnotes":""},"class_list":{"0":"post-1034","1":"page","2":"type-page","3":"status-publish","5":"entry"},"_links":{"self":[{"href":"https:\/\/moverdb.com\/sv\/wp-json\/wp\/v2\/pages\/1034","targetHints":{"allow":["GET"]}}],"collection":[{"href":"https:\/\/moverdb.com\/sv\/wp-json\/wp\/v2\/pages"}],"about":[{"href":"https:\/\/moverdb.com\/sv\/wp-json\/wp\/v2\/types\/page"}],"author":[{"embeddable":true,"href":"https:\/\/moverdb.com\/sv\/wp-json\/wp\/v2\/users\/1"}],"replies":[{"embeddable":true,"href":"https:\/\/moverdb.com\/sv\/wp-json\/wp\/v2\/comments?post=1034"}],"version-history":[{"count":3,"href":"https:\/\/moverdb.com\/sv\/wp-json\/wp\/v2\/pages\/1034\/revisions"}],"predecessor-version":[{"id":6220,"href":"https:\/\/moverdb.com\/sv\/wp-json\/wp\/v2\/pages\/1034\/revisions\/6220"}],"wp:attachment":[{"href":"https:\/\/moverdb.com\/sv\/wp-json\/wp\/v2\/media?parent=1034"}],"curies":[{"name":"wp","href":"https:\/\/api.w.org\/{rel}","templated":true}]}}