{"id":1032,"date":"2016-11-24T06:36:56","date_gmt":"2016-11-24T06:36:56","guid":{"rendered":"http:\/\/moverdb.com\/?page_id=1032"},"modified":"2026-01-08T14:47:59","modified_gmt":"2026-01-08T14:47:59","slug":"coleman-worldwide-moving","status":"publish","type":"page","link":"https:\/\/moverdb.com\/sv\/coleman-worldwide-moving\/","title":{"rendered":"Coleman Worldwide Moving: Internationell flyttning Recensioner"},"content":{"rendered":"<p>Coleman Worldwide Moving, \u00e4ven k\u00e4nt som Coleman American Moving Services &amp; Coleman Allied, erbjuder m\u00e5nga internationella flyttj\u00e4nster. Dessa listas nedan tillsammans med en f\u00f6retagsprofil och recensioner.<\/p>\n<p><strong>Internationella flyttfirmor<\/strong><\/p>\n<ul>\n<li> Fullst\u00e4ndig packning<\/li>\n<li> Personlig flyttsamordnare<\/li>\n<li> Anpassad kasse<\/li>\n<li> <a href=\"https:\/\/moverdb.com\/sv\/biltransport-frakt\/\">Transport av fordon<\/a><\/li>\n<li> Sp\u00e5rning av f\u00f6rs\u00e4ndelser p\u00e5 n\u00e4tet<\/li>\n<li> L\u00e5ng- och korttidsf\u00f6rvaring<\/li>\n<li> Uppackning av<\/li>\n<li> Borttagning av skr\u00e4p<\/li>\n<\/ul>\n<p><strong>Flyttning av f\u00f6retag<\/strong><\/p>\n<ul>\n<li> Fullst\u00e4ndig packning<\/li>\n<li> Personlig flyttsamordnare<\/li>\n<li> Fr\u00e5n en anst\u00e4lld till hela personalen<\/li>\n<li> Uppackning av<\/li>\n<li> <a href=\"https:\/\/moverdb.com\/sv\/car-transport-shipping\/\" data-internallinksmanager029f6b8e52c=\"2\" title=\"2026 Internationella offerter f\u00f6r biltransport och fordonsfrakt\">Transport av fordon<\/a><\/li>\n<li> Uppackning och borttagning av skr\u00e4p<\/li>\n<li> Sp\u00e5rning av f\u00f6rs\u00e4ndelser online<\/li>\n<\/ul>\n<p><strong>Kommersiella flyttfirmor<\/strong><\/p>\n<ul>\n<li> Industriell flyttning<\/li>\n<li> Regeringen flyttar<\/li>\n<li> Flyttning av kontor<\/li>\n<li> Flyttning av datorer och elektronik<\/li>\n<li> Flyttning av f\u00f6retag<\/li>\n<\/ul>\n<p><strong>Statliga och milit\u00e4ra flyttfirmor<\/strong><\/p>\n<ul>\n<li> Personlig flyttsamordnare<\/li>\n<li> Fullst\u00e4ndig packning<\/li>\n<li> F\u00f6lja strikta r\u00f6relseprotokoll.<\/li>\n<\/ul>\n<p><strong>Hush\u00e5llsflyttare<\/strong><\/p>\n<ul>\n<li> Personlig flyttsamordnare<\/li>\n<li> Alla storlekar av jobb<\/li>\n<li> Fullst\u00e4ndig service erbjuds<\/li>\n<li> Packning och uppackning<\/li>\n<li> Kort- och l\u00e5ngtidsf\u00f6rvaring<\/li>\n<\/ul>\n<h2>Coleman Worldwide Moving F\u00f6retagets profil<\/h2>\n<p>Coleman Worldwide Moving har funnits sedan 1914 och ing\u00e5r nu i Coleman World Group. Det b\u00f6rjade med \u00e5tta h\u00e4star och tv\u00e5 vagnar, men nu koncentrerar sig f\u00f6retaget p\u00e5 internationella, l\u00e5ngv\u00e4ga, lokala och nationella flyttar f\u00f6r privatpersoner och f\u00f6retag.<\/p>\n<p>Det \u00e4r ocks\u00e5 k\u00e4nt som Coleman American Moving Services och \u00e4r en del av <a href=\"https:\/\/moverdb.com\/sv\/allied-van-lines\/\">Allied Moving<\/a> koncernens dotterbolag.<\/p>\n<p>Coleman har mer \u00e4n 50 f\u00f6retags\u00e4gda kontor i <a href=\"https:\/\/moverdb.com\/sv\/moving-to-the-united-states\/\" data-internallinksmanager029f6b8e52c=\"94\" title=\"Flyttar du till USA? 2026 Levnadskostnader och flyttningstips\">USA<\/a> och mer \u00e4n 400 agenter i 175 l\u00e4nder runt om i v\u00e4rlden. Det \u00e4r ett familje\u00e4gt f\u00f6retag som \u00e4r fast besluten att ge samma service som dess grundare gjorde 1914. <\/p>\n<p>Coleman Worldwide Moving har f\u00f6ljande ackrediteringar och anslutningar:<\/p>\n<ul>\n<li> <a href=\"https:\/\/moverdb.com\/sv\/falg-promover\/\">ProMover<\/a><\/li>\n<li> <a href=\"https:\/\/moverdb.com\/sv\/amsa\/\">AMSA<\/a><\/li>\n<li> BBB-ackrediterad<\/li>\n<li> Vinnare av Allied Quality Award<\/li>\n<li> R\u00f6r dig f\u00f6r hunger<\/li>\n<\/ul>\n<p><strong>Recensioner av Coleman Worldwide Moving<\/strong><\/p>\n<p><strong>Positivt:<\/strong><\/p>\n<ul>\n<li> <em>\"Bra service...Enkelt...Stressfri flytt. Gav en korrekt uppskattning av flytten. Professionell personal \u00f6verallt. Fr\u00e5n uppskattning till leverans. Professionell och v\u00e4nlig h\u00e4mtning, transport och leverans. Tack s\u00e5 mycket.\"<\/em>  - Anthony via <a href=\"http:\/\/www.colemanallied.com\/moving-reviews\/\" target=\"_blank\" rel=\"noopener\">F\u00f6retagets webbplats<\/a><\/li>\n<li> <em>\"Min 90-\u00e5riga far och jag kunde inte vara mer n\u00f6jda med Coleman Worldwide Moving.\"<\/em> - Tori via <a href=\"https:\/\/www.yelp.com\/biz\/coleman-american-moving-services-san-diego?hrid=Ofenf__KAOD4xnvo73xHNw&#038;utm_campaign=www_review_share_popup&#038;utm_medium=copy_link&#038;utm_source=(direct)\" target=\"_blank\" rel=\"noopener\">Yelp<\/a> (f\u00f6r Coleman American Moving Services)<\/li>\n<li> <em>\"Jag har varit verksam inom flyttbranschen, men det var f\u00f6rsta g\u00e5ngen jag var kund. Killarna som skickades f\u00f6r att lasta var artiga, v\u00e4lartade och h\u00e5rt arbetande. Exakt den typ av killar som jag sj\u00e4lv skulle ha anlitat n\u00e4r jag letade efter lokal hj\u00e4lp.\"<\/em> - Donna via <a href=\"https:\/\/www.facebook.com\/pg\/colemanallied\/reviews\/\" target=\"_blank\" rel=\"noopener\">Facebook-sida<\/a><\/li>\n<li> <em>\"Jag har alltid haft goda erfarenheter av att flytta med Allied, men den h\u00e4r flytten \u00f6vertr\u00e4ffade vida de andra! Det var verkligen en stressfri flytt f\u00f6r mig.\"<\/em> - Marlena via <a href=\"http:\/\/www.mymovingreviews.com\/movers\/coleman-worldwide-moving-3905#59102\" target=\"_blank\" rel=\"noopener\">MyMovingReviews<\/a><\/li>\n<\/ul>\n<p><strong>Negativt:<\/strong><\/p>\n<ul>\n<li> <em>\"V\u00e5r erfarenhet av Coleman\/Allied Worldwide som hanterade v\u00e5r flytt mellan olika delstater (<a href=\"https:\/\/moverdb.com\/sv\/moving-to-the-united-states\/moving-to-alabama\/\" data-internallinksmanager029f6b8e52c=\"448\" title=\"Flyttar du till Alabama? 2024 Levnadskostnader &amp; tips f\u00f6r flytt\">Alabama<\/a> till <a href=\"https:\/\/moverdb.com\/sv\/moving-to-the-united-states\/moving-to-north-carolina\/\" data-internallinksmanager029f6b8e52c=\"411\" title=\"Flyttar till North Carolina? 2026 Levnadskostnader &amp; tips om flytt\">North Carolina<\/a>) var full av problem.\"<\/em> - Sarah via <a href=\"https:\/\/www.bbb.org\/csal\/business-reviews\/movers\/coleman-worldwide-moving-in-midland-city-al-4001673\/reviews-and-complaints\" target=\"_blank\" rel=\"noopener\">BBB<\/a><\/li>\n<li> <em>\"Jag har inte ens skrapat p\u00e5 ytan med den h\u00e4r erfarenheten. Det finns s\u00e5 mycket mer att ber\u00e4tta, men jag ville \u00e5tminstone f\u00e5 det v\u00e4rsta av det v\u00e4rsta sagt.\"<\/em> - Kristin via <a href=\"https:\/\/www.consumeraffairs.com\/movers\/allied_van_lines.htm\" target=\"_blank\" rel=\"noopener\">ConsumerAffairs<\/a><\/li>\n<li> <em>\"Anv\u00e4nd INTE DET H\u00c4R <a href=\"https:\/\/moverdb.com\/sv\/moving-companies\/\" data-internallinksmanager029f6b8e52c=\"79\" title=\"Topp 25 internationella flyttfirmor p\u00e5 n\u00e4tet\">FLYTTF\u00d6RETAG<\/a>.  De insisterade p\u00e5 att flytta in oss under en tropisk storm i St Pete efter en mycket f\u00f6rsenad start i St Pete. <a href=\"https:\/\/moverdb.com\/sv\/flytt-till-atlanta\/\">Atlanta<\/a>.\"<\/em> - Becky via <a href=\"https:\/\/www.yelp.com\/biz\/coleman-worldwide-moving-fairburn\" target=\"_blank\" rel=\"noopener\">Yelp<\/a><\/li>\n<li> <em>\"Milit\u00e4ren m\u00e5ste avl\u00e4gsna detta f\u00f6retag som flygbolag. Jag har personligen upplevt problem med detta f\u00f6retag fr\u00e5n packning av mitt hus till leverans och kvitton.\"<\/em> - Shawni via <a href=\"https:\/\/www.facebook.com\/pg\/colemanallied\/reviews\/\" target=\"_blank\" rel=\"noopener\">Facebook-sida<\/a><\/li>\n<\/ul>\n<div itemprop=\"review\" itemscope itemtype=\"http:\/\/schema.org\/Review\">\n<span itemprop=\"author\" itemscope=\"\" itemtype=\"http:\/\/schema.org\/Organization\"><span itemprop=\"name\">MoverDB.com<\/span><\/span> Webbplatsgranskning p\u00e5 n\u00e4tet f\u00f6r <span itemprop=\"itemreviewed\" itemscope=\"\" itemtype=\"http:\/\/schema.org\/Brand\"><span itemprop=\"name\">Coleman Worldwide Moving<\/span><\/span>:<\/p>\n<ol>\n<li> Tydliga kontaktuppgifter p\u00e5 webbplatsen (inklusive telefonnummer): <strong>Ja<\/strong><\/li>\n<li> L\u00e4tt att f\u00e5 <a href=\"https:\/\/moverdb.com\/sv\/citat\/\">offerter f\u00f6r internationella flyttningar<\/a>? (Formul\u00e4r f\u00f6r beg\u00e4ran om uppskattning online): <strong>Ja<\/strong><\/li>\n<li> Tydlig information p\u00e5 webbplatsen: <strong>N\u00e5gra<\/strong>Det finns information om deras tj\u00e4nster, men inte mycket mer \u00e4n s\u00e5.<\/li>\n<li> Medlemskap i internationellt erk\u00e4nda flyttorganisationer: <strong>Ja<\/strong>, \u00e4ven om det inte \u00e4r lika m\u00e5nga som m\u00e5nga andra flyttfirmor.<\/li>\n<li> F\u00f6rteckning \u00f6ver kunder och\/eller tidigare kundreferenser: <strong>Ja<\/strong>, Det finns m\u00e5nga positiva kundomd\u00f6men p\u00e5 webbplatsen, \u00e4ven om recensionerna fr\u00e5n resten av webben \u00e4r lite mer blandade.<\/li>\n<\/ol>\n<div itemprop=\"reviewRating\" itemscope itemtype=\"http:\/\/schema.org\/Rating\"><meta itemprop=\"worstRating\" content = \"0\" \/><meta itemprop=\"bestRating\" content=\"5\" \/><meta itemprop=\"ratingValue\" content=\"4\"><\/div>\n<p><strong>Sammanfattande betyg: 4\/5<\/strong><br \/>\n<strong>Datum f\u00f6r granskning:<\/strong> <span itemprop=\"datePublished\" content=\"2016-11-24\">24\/11\/2016<\/span>\n<\/div>\n<p>L\u00e4s mer om <a href=\"https:\/\/moverdb.com\/sv\/flyttfirmor\/\">b\u00e4sta internationella flyttfirmor<\/a>, <a href=\"https:\/\/moverdb.com\/sv\/us-canada-movers\/\">flyttfirmor i F\u00f6renta staterna<\/a> och v\u00e5r <a href=\"https:\/\/moverdb.com\/sv\/recensioner\/\">granskningsprocess.<\/a>.<\/p>\n<p><strong>Webbplats:<\/strong> <a href=\"http:\/\/www.colemanallied.com\/\" target=\"_blank\" rel=\"noopener\">http:\/\/www.colemanallied.com\/<\/a><\/p>","protected":false},"excerpt":{"rendered":"<p>Coleman Worldwide Moving also known as Coleman American Moving Services &#038; Coleman Allied offers many international moving services. These are listed below, together with a company profile and reviews. International Movers Full service packing Personal move coordinator Custom crating Vehicle shipping On line shipment tracking Long and short term storage Unpacking Debris removal Corporate Relocation [&hellip;]<\/p>\n","protected":false},"author":1,"featured_media":0,"parent":0,"menu_order":0,"comment_status":"closed","ping_status":"closed","template":"","meta":{"_genesis_hide_title":false,"_genesis_hide_breadcrumbs":false,"_genesis_hide_singular_image":false,"_genesis_hide_footer_widgets":false,"_genesis_custom_body_class":"","_genesis_custom_post_class":"","_genesis_layout":"","footnotes":""},"class_list":{"0":"post-1032","1":"page","2":"type-page","3":"status-publish","5":"entry"},"_links":{"self":[{"href":"https:\/\/moverdb.com\/sv\/wp-json\/wp\/v2\/pages\/1032","targetHints":{"allow":["GET"]}}],"collection":[{"href":"https:\/\/moverdb.com\/sv\/wp-json\/wp\/v2\/pages"}],"about":[{"href":"https:\/\/moverdb.com\/sv\/wp-json\/wp\/v2\/types\/page"}],"author":[{"embeddable":true,"href":"https:\/\/moverdb.com\/sv\/wp-json\/wp\/v2\/users\/1"}],"replies":[{"embeddable":true,"href":"https:\/\/moverdb.com\/sv\/wp-json\/wp\/v2\/comments?post=1032"}],"version-history":[{"count":5,"href":"https:\/\/moverdb.com\/sv\/wp-json\/wp\/v2\/pages\/1032\/revisions"}],"predecessor-version":[{"id":6193,"href":"https:\/\/moverdb.com\/sv\/wp-json\/wp\/v2\/pages\/1032\/revisions\/6193"}],"wp:attachment":[{"href":"https:\/\/moverdb.com\/sv\/wp-json\/wp\/v2\/media?parent=1032"}],"curies":[{"name":"wp","href":"https:\/\/api.w.org\/{rel}","templated":true}]}}