{"id":10263,"date":"2023-06-22T15:31:17","date_gmt":"2023-06-22T15:31:17","guid":{"rendered":"https:\/\/moverdb.com\/?page_id=10263"},"modified":"2026-01-08T15:24:56","modified_gmt":"2026-01-08T15:24:56","slug":"moving-companies-zimbabwe","status":"publish","type":"page","link":"https:\/\/moverdb.com\/sv\/moving-companies\/moving-companies-zimbabwe\/","title":{"rendered":"4 b\u00e4sta internationella flyttfirmor i Zimbabwe"},"content":{"rendered":"<p>N\u00e4r du planerar en flytt, s\u00e4rskilt mellan l\u00e4nder, kan det vara \u00f6verv\u00e4ldigande med s\u00e5 mycket att g\u00f6ra. Att anlita en <a href=\"https:\/\/moverdb.com\/sv\/moving-companies\/\" data-internallinksmanager029f6b8e52c=\"79\" title=\"Topp 25 internationella flyttfirmor p\u00e5 n\u00e4tet\">flyttfirma<\/a> kan underl\u00e4tta denna b\u00f6rda och g\u00f6ra din flytt smidigare. Nedan har vi sammanst\u00e4llt en lista \u00f6ver Zimbabwe-baserade <a href=\"https:\/\/moverdb.com\/sv\/international-removals\/\" data-internallinksmanager029f6b8e52c=\"27\" title=\"36 b\u00e4sta internationella flyttfirmor i Storbritannien\">flyttfirmor<\/a> som \u00e4r medlemmar i <a href=\"https:\/\/moverdb.com\/sv\/iam\/\" data-internallinksmanager029f6b8e52c=\"23\" title=\"International Association of Movers (IAM) f\u00f6rklaras\">Internationella sammanslutningen av flyttfirmor<\/a> (IAM) och\/eller <a href=\"https:\/\/moverdb.com\/sv\/fidi-faim\/\" data-internallinksmanager029f6b8e52c=\"16\" title=\"FIDI &amp; FAIM (FIDI Accredited International Mover) f\u00f6rklaras\">FIDI<\/a> Accredited International Mover (FAIM) som kan hj\u00e4lpa dig med din flytt.<\/p>\n<div id=\"ez-toc-container\" class=\"ez-toc-v2_0_82_2 ez-toc-wrap-left counter-hierarchy ez-toc-counter ez-toc-transparent ez-toc-container-direction\">\n<div class=\"ez-toc-title-container\">\n<p class=\"ez-toc-title\" style=\"cursor:inherit\">Avsnitt<\/p>\n<span class=\"ez-toc-title-toggle\"><a href=\"#\" class=\"ez-toc-pull-right ez-toc-btn ez-toc-btn-xs ez-toc-btn-default ez-toc-toggle\" aria-label=\"V\u00e4xla till inneh\u00e5llsf\u00f6rteckning\"><span class=\"ez-toc-js-icon-con\"><span class=\"\"><span class=\"eztoc-hide\" style=\"display:none;\">V\u00e4xel<\/span><span class=\"ez-toc-icon-toggle-span\"><svg style=\"fill: #999;color:#999\" xmlns=\"http:\/\/www.w3.org\/2000\/svg\" class=\"list-377408\" width=\"20px\" height=\"20px\" viewbox=\"0 0 24 24\" fill=\"none\"><path d=\"M6 6H4v2h2V6zm14 0H8v2h12V6zM4 11h2v2H4v-2zm16 0H8v2h12v-2zM4 16h2v2H4v-2zm16 0H8v2h12v-2z\" fill=\"currentColor\"><\/path><\/svg><svg style=\"fill: #999;color:#999\" class=\"arrow-unsorted-368013\" xmlns=\"http:\/\/www.w3.org\/2000\/svg\" width=\"10px\" height=\"10px\" viewbox=\"0 0 24 24\" version=\"1.2\" baseprofile=\"tiny\"><path d=\"M18.2 9.3l-6.2-6.3-6.2 6.3c-.2.2-.3.4-.3.7s.1.5.3.7c.2.2.4.3.7.3h11c.3 0 .5-.1.7-.3.2-.2.3-.5.3-.7s-.1-.5-.3-.7zM5.8 14.7l6.2 6.3 6.2-6.3c.2-.2.3-.5.3-.7s-.1-.5-.3-.7c-.2-.2-.4-.3-.7-.3h-11c-.3 0-.5.1-.7.3-.2.2-.3.5-.3.7s.1.5.3.7z\"\/><\/svg><\/span><\/span><\/span><\/a><\/span><\/div>\n<nav><ul class='ez-toc-list ez-toc-list-level-1 eztoc-toggle-hide-by-default' ><li class='ez-toc-page-1 ez-toc-heading-level-2'><a class=\"ez-toc-link ez-toc-heading-1\" href=\"https:\/\/moverdb.com\/sv\/moving-companies\/moving-companies-zimbabwe\/#1_Biddulphs_International\" >1. Biddulphs International<\/a><\/li><li class='ez-toc-page-1 ez-toc-heading-level-2'><a class=\"ez-toc-link ez-toc-heading-2\" href=\"https:\/\/moverdb.com\/sv\/moving-companies\/moving-companies-zimbabwe\/#2_Chavilon_International_Movers_Logistics\" >2. Chavilon Internationella flyttfirmor &amp; logistik<\/a><\/li><li class='ez-toc-page-1 ez-toc-heading-level-2'><a class=\"ez-toc-link ez-toc-heading-3\" href=\"https:\/\/moverdb.com\/sv\/moving-companies\/moving-companies-zimbabwe\/#3_Glens_Removal_Storage\" >3. Glens flyttning och lagring<\/a><\/li><li class='ez-toc-page-1 ez-toc-heading-level-2'><a class=\"ez-toc-link ez-toc-heading-4\" href=\"https:\/\/moverdb.com\/sv\/moving-companies\/moving-companies-zimbabwe\/#4_Stuttafords\" >4. Stuttafords<\/a><\/li><\/ul><\/nav><\/div>\n<h2><span class=\"ez-toc-section\" id=\"1_Biddulphs_International\"><\/span><strong>1. Biddulphs International<\/strong><img loading=\"lazy\" decoding=\"async\" class=\"alignnone size-full wp-image-10090\" style=\"font-size: 16px;\" src=\"https:\/\/moverdb.com\/wp-content\/uploads\/Biddulphs-International-Zimbabwe-moving-company.png\" alt=\"Biddulphs International Zimbabwe flyttfirma\" width=\"1440\" height=\"670\" data-wp-pid=\"10090\" srcset=\"https:\/\/moverdb.com\/wp-content\/uploads\/Biddulphs-International-Zimbabwe-moving-company.png 1440w, https:\/\/moverdb.com\/wp-content\/uploads\/Biddulphs-International-Zimbabwe-moving-company-300x140.png 300w, https:\/\/moverdb.com\/wp-content\/uploads\/Biddulphs-International-Zimbabwe-moving-company-1024x476.png 1024w, https:\/\/moverdb.com\/wp-content\/uploads\/Biddulphs-International-Zimbabwe-moving-company-18x8.png 18w, https:\/\/moverdb.com\/wp-content\/uploads\/Biddulphs-International-Zimbabwe-moving-company-600x279.png 600w\" sizes=\"auto, (max-width: 1440px) 100vw, 1440px\" \/><span class=\"ez-toc-section-end\"><\/span><\/h2>\n<ul>\n<li>Lokala flyttningar<\/li>\n<li>Internationella flyttar<\/li>\n<li>Hush\u00e5llsflyttar<\/li>\n<li>Flyttning av f\u00f6retag<\/li>\n<li>F\u00f6rpackningstj\u00e4nst<\/li>\n<li>Transport till lands, i luften och till sj\u00f6ss<\/li>\n<li>Alternativ f\u00f6r beh\u00e5llare<\/li>\n<li>Tullklarering<\/li>\n<li>F\u00f6rs\u00e4kring f\u00f6r transitering<\/li>\n<li>F\u00f6rvaringsutrymmen<\/li>\n<\/ul>\n<p>Biddulphs International \u00e4r en internationell flyttfirma som grundades 1928 och har sitt s\u00e4te i Harare. De har ett v\u00e4rldsomsp\u00e4nnande n\u00e4tverk av flyttpartners som uppfyller internationella kvalitetsstandarder f\u00f6r att hj\u00e4lpa dem med internationella flyttar. De \u00e4r medlemmar i IAM och har 87 \u00e5rs erfarenhet.<\/p>\n<p>Biddulphs Internationals flyttkonsulter ger dig r\u00e5d om de mest ekonomiska alternativen f\u00f6r din flytt. De tillhandah\u00e5ller professionella packare som skyddar dina f\u00f6rem\u00e5l under transporten. De ordnar transport och \u00f6vervakar tullklarering samt tillhandah\u00e5ller transportf\u00f6rs\u00e4kring. De erbjuder ett urval av fulla containerlaster, delcontainerlaster och samlastning.<\/p>\n<p>Webbplats: <a href=\"https:\/\/www.biddulphs.co.zw\/\" target=\"_blank\" rel=\"noopener\">https:\/\/www.biddulphs.co.zw\/<\/a><\/p>\n<h2><span class=\"ez-toc-section\" id=\"2_Chavilon_International_Movers_Logistics\"><\/span><strong>2. Chavilon Internationella flyttfirmor &amp; logistik<\/strong><span class=\"ez-toc-section-end\"><\/span><\/h2>\n<p><img loading=\"lazy\" decoding=\"async\" class=\"alignnone size-full wp-image-10093\" src=\"https:\/\/moverdb.com\/wp-content\/uploads\/Chavilon-International-moving-company.png\" alt=\"Chavilon Internationellt flyttf\u00f6retag\" width=\"1440\" height=\"679\" data-wp-pid=\"10093\" srcset=\"https:\/\/moverdb.com\/wp-content\/uploads\/Chavilon-International-moving-company.png 1440w, https:\/\/moverdb.com\/wp-content\/uploads\/Chavilon-International-moving-company-300x141.png 300w, https:\/\/moverdb.com\/wp-content\/uploads\/Chavilon-International-moving-company-1024x483.png 1024w, https:\/\/moverdb.com\/wp-content\/uploads\/Chavilon-International-moving-company-18x8.png 18w, https:\/\/moverdb.com\/wp-content\/uploads\/Chavilon-International-moving-company-600x283.png 600w\" sizes=\"auto, (max-width: 1440px) 100vw, 1440px\" \/><\/p>\n<ul>\n<li>Nationella flyttningar<\/li>\n<li>Internationella flyttar<\/li>\n<li>Flyttning av hush\u00e5ll<\/li>\n<li>F\u00f6retags- och kontorsflyttar<\/li>\n<li>F\u00f6rpackningstj\u00e4nst<\/li>\n<li>Frakt p\u00e5 v\u00e4g, j\u00e4rnv\u00e4g, flyg och sj\u00f6fart<\/li>\n<li>Tullklarering<\/li>\n<li>Flyttning av konst och antikviteter<\/li>\n<li>Flyttning av bil<\/li>\n<li>F\u00f6rvaringsutrymmen<\/li>\n<\/ul>\n<p>Chavilon International Movers &amp; Logistics \u00e4r ett flytt- och logistikf\u00f6retag baserat i Harare med moder- och systerf\u00f6retag i <a href=\"https:\/\/moverdb.com\/sv\/moving-companies\/moving-companies-mozambique\/\" data-internallinksmanager029f6b8e52c=\"286\" title=\"4 b\u00e4sta internationella flyttfirmor i Mo\u00e7ambique\">Mo\u00e7ambique<\/a>, Angola, <a href=\"https:\/\/moverdb.com\/sv\/moving-companies\/botswana-moving-companies\/\" data-internallinksmanager029f6b8e52c=\"167\" title=\"B\u00e4sta internationella flyttfirmor i Botswana\">Botswana<\/a>, <a href=\"https:\/\/moverdb.com\/sv\/moving-companies\/moving-companies-malawi\/\" data-internallinksmanager029f6b8e52c=\"295\" title=\"B\u00e4sta internationella flyttfirmor i Malawi\">Malawi<\/a> och Zambia. De har ocks\u00e5 tillg\u00e5ng till ett internationellt n\u00e4tverk av flyttfirmor f\u00f6r att leverera tj\u00e4nster runt om i v\u00e4rlden. De \u00e4r medlemmar i IAM med sju \u00e5rs erfarenhet.<\/p>\n<p>Chavilon International Movers &amp; Logistics erbjuder en personlig service f\u00f6r d\u00f6rr-till-d\u00f6rr flyttj\u00e4nster inom, till och fr\u00e5n Zimbabwe. De erbjuder \u00e4ven d\u00f6rr-till-d\u00f6rr<a href=\"https:\/\/moverdb.com\/sv\/top-49-container-ports\/\" data-internallinksmanager029f6b8e52c=\"80\" title=\"Topp 49 st\u00f6rsta och mest trafikerade containerhamnar 2025\">port<\/a> och port-till-port-tj\u00e4nster som g\u00f6r att du kan g\u00f6ra mer av flytten sj\u00e4lv, t.ex. packning och uppackning. Deras packningstj\u00e4nst anv\u00e4nder internationellt erk\u00e4nda material f\u00f6r att skydda dina f\u00f6rem\u00e5l under transporten.<\/p>\n<p>Webbplats: <a href=\"http:\/\/www.chavilonmovers.com\/\" target=\"_blank\" rel=\"noopener\">http:\/\/www.chavilonmovers.com\/<\/a><\/p>\n<h2><span class=\"ez-toc-section\" id=\"3_Glens_Removal_Storage\"><\/span><strong>3. Glens flyttning och lagring<\/strong><span class=\"ez-toc-section-end\"><\/span><\/h2>\n<p><img loading=\"lazy\" decoding=\"async\" class=\"alignnone size-full wp-image-10128\" src=\"https:\/\/moverdb.com\/wp-content\/uploads\/Glens-Removals-Storage-international-moving-company.png\" alt=\"Glens Removals &amp; Storage internationell flyttfirma\" width=\"1440\" height=\"680\" data-wp-pid=\"10128\" srcset=\"https:\/\/moverdb.com\/wp-content\/uploads\/Glens-Removals-Storage-international-moving-company.png 1440w, https:\/\/moverdb.com\/wp-content\/uploads\/Glens-Removals-Storage-international-moving-company-300x142.png 300w, https:\/\/moverdb.com\/wp-content\/uploads\/Glens-Removals-Storage-international-moving-company-1024x484.png 1024w, https:\/\/moverdb.com\/wp-content\/uploads\/Glens-Removals-Storage-international-moving-company-18x9.png 18w, https:\/\/moverdb.com\/wp-content\/uploads\/Glens-Removals-Storage-international-moving-company-600x283.png 600w\" sizes=\"auto, (max-width: 1440px) 100vw, 1440px\" \/><\/p>\n<ul>\n<li>Lokala och nationella flyttningar<\/li>\n<li>Internationella flyttar<\/li>\n<li>Hush\u00e5llsflyttar<\/li>\n<li>Flyttning av kontor<\/li>\n<li>Flyttning fr\u00e5n d\u00f6rr till d\u00f6rr<\/li>\n<li>F\u00f6rpackningstj\u00e4nst<\/li>\n<li>F\u00f6rs\u00e4ndelse<\/li>\n<li>Tullklarering<\/li>\n<li>F\u00f6rs\u00e4kring<\/li>\n<li>Kort- och l\u00e5ngtidsf\u00f6rvaring<\/li>\n<\/ul>\n<p>Glens Removal &amp; Storage \u00e4r en flyttfirma som har varit verksam sedan 1952 med kontor och lager i hela Zimbabwe samt filialer i <a href=\"https:\/\/moverdb.com\/sv\/moving-to-south-africa\/\" data-internallinksmanager029f6b8e52c=\"347\" title=\"Flytta till Sydafrika? 2026 Levnadskostnader och tips om flytt\">Sydafrika<\/a>, Zambia, Malawi och Mo\u00e7ambique. De samarbetar med internationella agenter och fraktbolag f\u00f6r att tillhandah\u00e5lla tj\u00e4nster \u00f6ver hela v\u00e4rlden. De \u00e4r medlemmar i IAM med 71 \u00e5rs erfarenhet och \u00e4r ackrediterade av FIDI.<\/p>\n<p>Glens Removal &amp; Storage erbjuder d\u00f6rr-till-d\u00f6rr-tj\u00e4nster som uppfyller internationella flyttstandarder. De tillhandah\u00e5ller professionella packningstj\u00e4nster inklusive l\u00e5dor f\u00f6r att s\u00e4kert leverera dina tillh\u00f6righeter till din destination. De ordnar med transport av tillh\u00f6righeter och erbjuder ett urval av <a href=\"https:\/\/moverdb.com\/sv\/shipping-container-sizes-and-dimensions\/\" data-internallinksmanager029f6b8e52c=\"247\" title=\"Den ultimata guiden till storlekar och dimensioner f\u00f6r transportbeh\u00e5llare\">beh\u00e5llarstorlekar<\/a> och konsolideringstj\u00e4nster f\u00f6r din flytt.<\/p>\n<p>Webbplats: <a href=\"http:\/\/www.glensremovals.com\" target=\"_blank\" rel=\"noopener\">http:\/\/www.glensremovals.com<\/a><\/p>\n<h2><span class=\"ez-toc-section\" id=\"4_Stuttafords\"><\/span><strong>4. Stuttafords<\/strong><span class=\"ez-toc-section-end\"><\/span><\/h2>\n<p><img loading=\"lazy\" decoding=\"async\" class=\"alignnone size-full wp-image-10188\" src=\"https:\/\/moverdb.com\/wp-content\/uploads\/Stuttafords-Zimbabwe-international-moving-company.png\" alt=\"Stuttafords Zimbabwes internationella flyttfirma\" width=\"1440\" height=\"681\" data-wp-pid=\"10188\" srcset=\"https:\/\/moverdb.com\/wp-content\/uploads\/Stuttafords-Zimbabwe-international-moving-company.png 1440w, https:\/\/moverdb.com\/wp-content\/uploads\/Stuttafords-Zimbabwe-international-moving-company-300x142.png 300w, https:\/\/moverdb.com\/wp-content\/uploads\/Stuttafords-Zimbabwe-international-moving-company-1024x484.png 1024w, https:\/\/moverdb.com\/wp-content\/uploads\/Stuttafords-Zimbabwe-international-moving-company-18x9.png 18w, https:\/\/moverdb.com\/wp-content\/uploads\/Stuttafords-Zimbabwe-international-moving-company-600x284.png 600w\" sizes=\"auto, (max-width: 1440px) 100vw, 1440px\" \/><\/p>\n<ul>\n<li>Lokala och nationella flyttningar<\/li>\n<li>Internationella flyttningar<\/li>\n<li>Flyttning av bost\u00e4der<\/li>\n<li>Flyttning av f\u00f6retag<\/li>\n<li>Flyttning fr\u00e5n d\u00f6rr till d\u00f6rr<\/li>\n<li>F\u00f6rpackningstj\u00e4nst<\/li>\n<li>V\u00e4g-, luft- och sj\u00f6frakt<\/li>\n<li>Val av beh\u00e5llarstorlekar<\/li>\n<li>Tullklarering<\/li>\n<li>F\u00f6rvaringsutrymmen<\/li>\n<\/ul>\n<p>Stuttafords \u00e4r ett logistik- och fraktf\u00f6retag som har filialer i Zimbabwe, Malawi och Zambia. Deras kontor i Zimbabwe ligger i Harare och Bulawayo. De \u00e4r medlemmar i IAM med 66 \u00e5rs erfarenhet och \u00e4r ackrediterade av FIDI, vilket inneb\u00e4r att de levererar sina tj\u00e4nster enligt internationella standarder och har ett n\u00e4tverk av flyttfirmor att luta sig mot som erbjuder samma standarder.<\/p>\n<p>Stuttafords erbjuder d\u00f6rr-till-d\u00f6rr flytt- och omlokaliseringstj\u00e4nster f\u00f6r privatpersoner och f\u00f6retag inom, till och fr\u00e5n Zimbabwe. De tillhandah\u00e5ller en professionell packningstj\u00e4nst som s\u00e4kerst\u00e4ller att dina varor inte skadas under transporten. De kommer att ordna transport med tullklarering.<\/p>\n<p>Webbplats: <a href=\"http:\/\/www.stuttafordszim.com\" target=\"_blank\" rel=\"noopener\">http:\/\/www.stuttafordszim.com<\/a><\/p>","protected":false},"excerpt":{"rendered":"<p>When you are planning a move, especially between countries it can be overwhelming with so much to do. Employing a moving company can ease this burden and make your move smoother. Below we have compiled a list of Zimbabwe based removal companies that are members of the International Association of Movers (IAM) and\/or FIDI Accredited [&hellip;]<\/p>\n","protected":false},"author":4,"featured_media":10090,"parent":190,"menu_order":0,"comment_status":"closed","ping_status":"closed","template":"","meta":{"_genesis_hide_title":false,"_genesis_hide_breadcrumbs":false,"_genesis_hide_singular_image":false,"_genesis_hide_footer_widgets":false,"_genesis_custom_body_class":"","_genesis_custom_post_class":"","_genesis_layout":"","footnotes":""},"class_list":{"0":"post-10263","1":"page","2":"type-page","3":"status-publish","4":"has-post-thumbnail","6":"entry"},"_links":{"self":[{"href":"https:\/\/moverdb.com\/sv\/wp-json\/wp\/v2\/pages\/10263","targetHints":{"allow":["GET"]}}],"collection":[{"href":"https:\/\/moverdb.com\/sv\/wp-json\/wp\/v2\/pages"}],"about":[{"href":"https:\/\/moverdb.com\/sv\/wp-json\/wp\/v2\/types\/page"}],"author":[{"embeddable":true,"href":"https:\/\/moverdb.com\/sv\/wp-json\/wp\/v2\/users\/4"}],"replies":[{"embeddable":true,"href":"https:\/\/moverdb.com\/sv\/wp-json\/wp\/v2\/comments?post=10263"}],"version-history":[{"count":2,"href":"https:\/\/moverdb.com\/sv\/wp-json\/wp\/v2\/pages\/10263\/revisions"}],"predecessor-version":[{"id":10265,"href":"https:\/\/moverdb.com\/sv\/wp-json\/wp\/v2\/pages\/10263\/revisions\/10265"}],"up":[{"embeddable":true,"href":"https:\/\/moverdb.com\/sv\/wp-json\/wp\/v2\/pages\/190"}],"wp:featuredmedia":[{"embeddable":true,"href":"https:\/\/moverdb.com\/sv\/wp-json\/wp\/v2\/media\/10090"}],"wp:attachment":[{"href":"https:\/\/moverdb.com\/sv\/wp-json\/wp\/v2\/media?parent=10263"}],"curies":[{"name":"wp","href":"https:\/\/api.w.org\/{rel}","templated":true}]}}