{"id":10249,"date":"2023-06-22T15:38:39","date_gmt":"2023-06-22T15:38:39","guid":{"rendered":"https:\/\/moverdb.com\/?page_id=10249"},"modified":"2026-01-08T15:24:29","modified_gmt":"2026-01-08T15:24:29","slug":"moving-companies-uruguay","status":"publish","type":"page","link":"https:\/\/moverdb.com\/sv\/moving-companies\/moving-companies-uruguay\/","title":{"rendered":"3 b\u00e4sta internationella flyttfirmor i Uruguay"},"content":{"rendered":"<p>Att flytta sitt hem eller sitt f\u00f6retag kan vara en hektisk och stressig tid med mycket att g\u00f6ra och ordna. Det \u00e4r h\u00e4r en <a href=\"https:\/\/moverdb.com\/sv\/moving-companies\/\" data-internallinksmanager029f6b8e52c=\"79\" title=\"Topp 25 internationella flyttfirmor p\u00e5 n\u00e4tet\">flyttfirma<\/a> kan hj\u00e4lpa dig genom att ta p\u00e5 sig m\u00e5nga av uppgifterna som packning, arrangera transport och hantera tullarrangemang f\u00f6r flyttar mellan l\u00e4nder. Nedan har vi sammanst\u00e4llt en lista \u00f6ver Uruguay-baserade <a href=\"https:\/\/moverdb.com\/sv\/international-removals\/\" data-internallinksmanager029f6b8e52c=\"27\" title=\"36 b\u00e4sta internationella flyttfirmor i Storbritannien\">flyttfirmor<\/a> som \u00e4r medlemmar i <a href=\"https:\/\/moverdb.com\/sv\/iam\/\" data-internallinksmanager029f6b8e52c=\"23\" title=\"International Association of Movers (IAM) f\u00f6rklaras\">Internationella sammanslutningen av flyttfirmor<\/a> (IAM) och\/eller <a href=\"https:\/\/moverdb.com\/sv\/fidi-faim\/\" data-internallinksmanager029f6b8e52c=\"16\" title=\"FIDI &amp; FAIM (FIDI Accredited International Mover) f\u00f6rklaras\">FIDI<\/a> Accredited International Mover (FAIM) som kan hj\u00e4lpa dig med din flytt.<\/p>\n<h2><strong>1. AB R\u00f6relse<\/strong><\/h2>\n<p><img loading=\"lazy\" decoding=\"async\" class=\"alignnone size-full wp-image-10064\" src=\"https:\/\/moverdb.com\/wp-content\/uploads\/AB-Moving-international-moving-company.png\" alt=\"AB Moving internationell flyttfirma\" width=\"1440\" height=\"679\" data-wp-pid=\"10064\" srcset=\"https:\/\/moverdb.com\/wp-content\/uploads\/AB-Moving-international-moving-company.png 1440w, https:\/\/moverdb.com\/wp-content\/uploads\/AB-Moving-international-moving-company-300x141.png 300w, https:\/\/moverdb.com\/wp-content\/uploads\/AB-Moving-international-moving-company-1024x483.png 1024w, https:\/\/moverdb.com\/wp-content\/uploads\/AB-Moving-international-moving-company-18x8.png 18w, https:\/\/moverdb.com\/wp-content\/uploads\/AB-Moving-international-moving-company-600x283.png 600w\" sizes=\"auto, (max-width: 1440px) 100vw, 1440px\" \/><\/p>\n<ul>\n<li>Nationella flyttningar<\/li>\n<li>Internationella flyttar<\/li>\n<li>Hush\u00e5llsflyttar<\/li>\n<li>Aff\u00e4rsr\u00f6relser<\/li>\n<li>Flyttj\u00e4nster<\/li>\n<li>Professionell f\u00f6rpackning<\/li>\n<li>Luft-, sj\u00f6- och landtransporter<\/li>\n<li>Hantering av konst<\/li>\n<li>Flyttning av husdjur<\/li>\n<li>S\u00e4ker lagring<\/li>\n<\/ul>\n<p>AB Moving \u00e4r ett internationellt flytt- och relocationf\u00f6retag med mer \u00e4n 25 \u00e5rs erfarenhet och med s\u00e4te i Montevideo. De har ett agentn\u00e4tverk \u00f6ver hela v\u00e4rlden som g\u00f6r det m\u00f6jligt f\u00f6r dem att leverera flyttar var som helst i v\u00e4rlden. De \u00e4r medlemmar i IAM med 15 \u00e5rs erfarenhet.<\/p>\n<p>AB Moving erbjuder personliga tj\u00e4nster som \u00e4r skr\u00e4ddarsydda efter dina behov och erbjuder en d\u00f6rr-till-d\u00f6rr-service. De tillhandah\u00e5ller en professionell f\u00f6rpackningstj\u00e4nst som anv\u00e4nder h\u00f6gkvalitativa material och skr\u00e4ddarsydda tr\u00e4skelett f\u00f6r att skydda dina f\u00f6rem\u00e5l. De ordnar transport med flyg, b\u00e5t eller lastbil med all n\u00f6dv\u00e4ndig dokumentation.<\/p>\n<p>Webbplats: <a href=\"http:\/\/www.ab.com.uy\" target=\"_blank\" rel=\"noopener\">http:\/\/www.ab.com.uy<\/a><\/p>\n<h2><strong>2. Autogiro<\/strong><\/h2>\n<p><img loading=\"lazy\" decoding=\"async\" class=\"alignnone size-full wp-image-10085\" src=\"https:\/\/moverdb.com\/wp-content\/uploads\/Autogiro-international-moving-company.png\" alt=\"Autogiro internationell flyttfirma\" width=\"1440\" height=\"682\" data-wp-pid=\"10085\" srcset=\"https:\/\/moverdb.com\/wp-content\/uploads\/Autogiro-international-moving-company.png 1440w, https:\/\/moverdb.com\/wp-content\/uploads\/Autogiro-international-moving-company-300x142.png 300w, https:\/\/moverdb.com\/wp-content\/uploads\/Autogiro-international-moving-company-1024x485.png 1024w, https:\/\/moverdb.com\/wp-content\/uploads\/Autogiro-international-moving-company-18x9.png 18w, https:\/\/moverdb.com\/wp-content\/uploads\/Autogiro-international-moving-company-600x284.png 600w\" sizes=\"auto, (max-width: 1440px) 100vw, 1440px\" \/><\/p>\n<ul>\n<li>Nationella flyttningar<\/li>\n<li>Internationella flyttar<\/li>\n<li>Flyttning av bost\u00e4der<\/li>\n<li>F\u00f6retagsflyttar<\/li>\n<li>Flyttj\u00e4nster<\/li>\n<li>F\u00f6rpackningstj\u00e4nst<\/li>\n<li>Transportarrangemang<\/li>\n<li>Hantering av konstverk<\/li>\n<li>Transport av s\u00e4llskapsdjur<\/li>\n<li>S\u00e4ker lagring<\/li>\n<\/ul>\n<p>Autogiro \u00e4r ett flytt- och godstransportf\u00f6retag som grundades 1925 och har sitt s\u00e4te i Montevideo. De har skapat band med agenter \u00f6ver hela v\u00e4rlden som levererar enligt h\u00f6ga standarder f\u00f6r att hj\u00e4lpa dem att tillhandah\u00e5lla internationella tj\u00e4nster. De \u00e4r medlemmar i IAM med 98 \u00e5rs erfarenhet och \u00e4r ackrediterade av FIDI.<\/p>\n<p>Autogiro uppskattar f\u00f6rst volymen p\u00e5 din flytt och l\u00e4mnar en offert p\u00e5 en d\u00f6rr-till-d\u00f6rr-flytt med tullr\u00e5dgivning. De packar dina tillh\u00f6righeter och skyddar dem i MDF-l\u00e5dor och uppfyller internationella standarder f\u00f6r \u00f6mt\u00e5liga f\u00f6rem\u00e5l. De lastar dem i antingen en container eller tr\u00e4l\u00e5dor och transporterar dem till din destination med en inventering.<\/p>\n<p>Webbplats: <a href=\"http:\/\/www.autogiro.com.uy\" target=\"_blank\" rel=\"noopener\">http:\/\/www.autogiro.com.uy<\/a><\/p>\n<h2><strong>3. Uruvan<\/strong><\/h2>\n<p><img loading=\"lazy\" decoding=\"async\" class=\"alignnone size-full wp-image-10251\" src=\"https:\/\/moverdb.com\/wp-content\/uploads\/Uruvan-international-moving-company-1.png\" alt=\"Uruvan internationell flyttfirma\" width=\"1440\" height=\"709\" data-wp-pid=\"10251\" srcset=\"https:\/\/moverdb.com\/wp-content\/uploads\/Uruvan-international-moving-company-1.png 1440w, https:\/\/moverdb.com\/wp-content\/uploads\/Uruvan-international-moving-company-1-300x148.png 300w, https:\/\/moverdb.com\/wp-content\/uploads\/Uruvan-international-moving-company-1-1024x504.png 1024w, https:\/\/moverdb.com\/wp-content\/uploads\/Uruvan-international-moving-company-1-18x9.png 18w, https:\/\/moverdb.com\/wp-content\/uploads\/Uruvan-international-moving-company-1-600x295.png 600w\" sizes=\"auto, (max-width: 1440px) 100vw, 1440px\" \/><\/p>\n<ul>\n<li>Nationella flyttningar<\/li>\n<li>Internationella flyttningar<\/li>\n<li>Hush\u00e5llsflyttar<\/li>\n<li>F\u00f6retagsflyttar<\/li>\n<li>Flyttj\u00e4nster<\/li>\n<li>F\u00f6rpackningstj\u00e4nst<\/li>\n<li>Tullklarering<\/li>\n<li>Transport av konst<\/li>\n<li>Transport av s\u00e4llskapsdjur<\/li>\n<li>F\u00f6rvaringsutrymmen<\/li>\n<\/ul>\n<p>Uruvan \u00e4r ett nationellt och internationellt flyttf\u00f6retag som erbjuder speditions- och lagringstj\u00e4nster. F\u00f6retaget bildades 1982 och har sitt s\u00e4te i Montevideo med ett kontor i Punta del Etse. De arbetar med agenturer \u00f6ver hela v\u00e4rlden f\u00f6r att tillhandah\u00e5lla tj\u00e4nster i Uruguay och internationellt. De \u00e4r medlemmar i IAM med 41 \u00e5rs erfarenhet och \u00e4r ackrediterade av FIDI.<\/p>\n<p>Uruvan erbjuder flyttj\u00e4nster fr\u00e5n d\u00f6rr till d\u00f6rr och b\u00f6rjar med en hembesiktning f\u00f6r att bed\u00f6ma dina behov och ge en offert. De samordnar din flytt och ordnar med transport, packning och tullklarering. Deras professionella flyttteam packar dina tillh\u00f6righeter med l\u00e4mpligt f\u00f6rpackningsmaterial f\u00f6r att skydda dem under transporten till ditt nya hem.<\/p>\n<p>Webbplats: <a href=\"http:\/\/www.uruvan.com.uy\" target=\"_blank\" rel=\"noopener\">http:\/\/www.uruvan.com.uy<\/a><\/p>","protected":false},"excerpt":{"rendered":"<p>Moving home or your business can be a hectic and stressful time with a lot to do and arrange. This is where a moving company can help you by taking on many of the tasks such as packing, arranging transportation and handling customs arrangements for inter-country moves. Below we have compiled a list of Uruguay [&hellip;]<\/p>\n","protected":false},"author":4,"featured_media":10064,"parent":190,"menu_order":0,"comment_status":"closed","ping_status":"closed","template":"","meta":{"_genesis_hide_title":false,"_genesis_hide_breadcrumbs":false,"_genesis_hide_singular_image":false,"_genesis_hide_footer_widgets":false,"_genesis_custom_body_class":"","_genesis_custom_post_class":"","_genesis_layout":"","footnotes":""},"class_list":{"0":"post-10249","1":"page","2":"type-page","3":"status-publish","4":"has-post-thumbnail","6":"entry"},"_links":{"self":[{"href":"https:\/\/moverdb.com\/sv\/wp-json\/wp\/v2\/pages\/10249","targetHints":{"allow":["GET"]}}],"collection":[{"href":"https:\/\/moverdb.com\/sv\/wp-json\/wp\/v2\/pages"}],"about":[{"href":"https:\/\/moverdb.com\/sv\/wp-json\/wp\/v2\/types\/page"}],"author":[{"embeddable":true,"href":"https:\/\/moverdb.com\/sv\/wp-json\/wp\/v2\/users\/4"}],"replies":[{"embeddable":true,"href":"https:\/\/moverdb.com\/sv\/wp-json\/wp\/v2\/comments?post=10249"}],"version-history":[{"count":1,"href":"https:\/\/moverdb.com\/sv\/wp-json\/wp\/v2\/pages\/10249\/revisions"}],"predecessor-version":[{"id":10252,"href":"https:\/\/moverdb.com\/sv\/wp-json\/wp\/v2\/pages\/10249\/revisions\/10252"}],"up":[{"embeddable":true,"href":"https:\/\/moverdb.com\/sv\/wp-json\/wp\/v2\/pages\/190"}],"wp:featuredmedia":[{"embeddable":true,"href":"https:\/\/moverdb.com\/sv\/wp-json\/wp\/v2\/media\/10064"}],"wp:attachment":[{"href":"https:\/\/moverdb.com\/sv\/wp-json\/wp\/v2\/media?parent=10249"}],"curies":[{"name":"wp","href":"https:\/\/api.w.org\/{rel}","templated":true}]}}