{"id":10219,"date":"2023-06-22T15:52:47","date_gmt":"2023-06-22T15:52:47","guid":{"rendered":"https:\/\/moverdb.com\/?page_id=10219"},"modified":"2026-01-08T15:29:38","modified_gmt":"2026-01-08T15:29:38","slug":"moving-companies-sweden","status":"publish","type":"page","link":"https:\/\/moverdb.com\/sv\/moving-companies\/moving-companies-sweden\/","title":{"rendered":"8 b\u00e4sta internationella flyttfirmor i Sverige"},"content":{"rendered":"<p>R\u00f6r du dig inom, till eller fr\u00e5n <a href=\"https:\/\/moverdb.com\/sv\/moving-to-sweden\/\" data-internallinksmanager029f6b8e52c=\"326\" title=\"Flyttar du till Sverige? 2026 Levnadskostnader och flyttningstips\">Sverige<\/a>? D\u00e5 kanske du vill anlita en flyttfirma som kan hj\u00e4lpa dig att planera din flytt inklusive packning, transport och hantering av tullprocedurer f\u00f6r internationella flyttar. Nedan har vi sammanst\u00e4llt en lista \u00f6ver svenska <a href=\"https:\/\/moverdb.com\/sv\/moving-companies\/\" data-internallinksmanager029f6b8e52c=\"79\" title=\"Topp 25 internationella flyttfirmor p\u00e5 n\u00e4tet\">flyttfirmor<\/a> som \u00e4r medlemmar i <a href=\"https:\/\/moverdb.com\/sv\/iam\/\" data-internallinksmanager029f6b8e52c=\"23\" title=\"International Association of Movers (IAM) f\u00f6rklaras\">Internationella sammanslutningen av flyttfirmor<\/a> (IAM) och\/eller <a href=\"https:\/\/moverdb.com\/sv\/fidi-faim\/\" data-internallinksmanager029f6b8e52c=\"16\" title=\"FIDI &amp; FAIM (FIDI Accredited International Mover) f\u00f6rklaras\">FIDI<\/a> Accredited International Mover (FAIM) som kan hj\u00e4lpa dig med din flytt.<\/p>\n<div id=\"ez-toc-container\" class=\"ez-toc-v2_0_82_2 ez-toc-wrap-left counter-hierarchy ez-toc-counter ez-toc-transparent ez-toc-container-direction\">\n<div class=\"ez-toc-title-container\">\n<p class=\"ez-toc-title\" style=\"cursor:inherit\">Avsnitt<\/p>\n<span class=\"ez-toc-title-toggle\"><a href=\"#\" class=\"ez-toc-pull-right ez-toc-btn ez-toc-btn-xs ez-toc-btn-default ez-toc-toggle\" aria-label=\"V\u00e4xla till inneh\u00e5llsf\u00f6rteckning\"><span class=\"ez-toc-js-icon-con\"><span class=\"\"><span class=\"eztoc-hide\" style=\"display:none;\">V\u00e4xel<\/span><span class=\"ez-toc-icon-toggle-span\"><svg style=\"fill: #999;color:#999\" xmlns=\"http:\/\/www.w3.org\/2000\/svg\" class=\"list-377408\" width=\"20px\" height=\"20px\" viewbox=\"0 0 24 24\" fill=\"none\"><path d=\"M6 6H4v2h2V6zm14 0H8v2h12V6zM4 11h2v2H4v-2zm16 0H8v2h12v-2zM4 16h2v2H4v-2zm16 0H8v2h12v-2z\" fill=\"currentColor\"><\/path><\/svg><svg style=\"fill: #999;color:#999\" class=\"arrow-unsorted-368013\" xmlns=\"http:\/\/www.w3.org\/2000\/svg\" width=\"10px\" height=\"10px\" viewbox=\"0 0 24 24\" version=\"1.2\" baseprofile=\"tiny\"><path d=\"M18.2 9.3l-6.2-6.3-6.2 6.3c-.2.2-.3.4-.3.7s.1.5.3.7c.2.2.4.3.7.3h11c.3 0 .5-.1.7-.3.2-.2.3-.5.3-.7s-.1-.5-.3-.7zM5.8 14.7l6.2 6.3 6.2-6.3c.2-.2.3-.5.3-.7s-.1-.5-.3-.7c-.2-.2-.4-.3-.7-.3h-11c-.3 0-.5.1-.7.3-.2.2-.3.5-.3.7s.1.5.3.7z\"\/><\/svg><\/span><\/span><\/span><\/a><\/span><\/div>\n<nav><ul class='ez-toc-list ez-toc-list-level-1 eztoc-toggle-hide-by-default' ><li class='ez-toc-page-1 ez-toc-heading-level-2'><a class=\"ez-toc-link ez-toc-heading-1\" href=\"https:\/\/moverdb.com\/sv\/moving-companies\/moving-companies-sweden\/#1_Alfa_Moving\" >1. Alfa Flyttning<\/a><\/li><li class='ez-toc-page-1 ez-toc-heading-level-2'><a class=\"ez-toc-link ez-toc-heading-2\" href=\"https:\/\/moverdb.com\/sv\/moving-companies\/moving-companies-sweden\/#2_Aspire_Mobility\" >2. Aspirera p\u00e5 r\u00f6rlighet<\/a><\/li><li class='ez-toc-page-1 ez-toc-heading-level-2'><a class=\"ez-toc-link ez-toc-heading-3\" href=\"https:\/\/moverdb.com\/sv\/moving-companies\/moving-companies-sweden\/#3_Freys_Express\" >3. Freys Express<\/a><\/li><li class='ez-toc-page-1 ez-toc-heading-level-2'><a class=\"ez-toc-link ez-toc-heading-4\" href=\"https:\/\/moverdb.com\/sv\/moving-companies\/moving-companies-sweden\/#4_Future_Mobility\" >4. Framtida r\u00f6rlighet<\/a><\/li><li class='ez-toc-page-1 ez-toc-heading-level-2'><a class=\"ez-toc-link ez-toc-heading-5\" href=\"https:\/\/moverdb.com\/sv\/moving-companies\/moving-companies-sweden\/#5_GLC_Flytt\" >5. GLC Flytt<\/a><\/li><li class='ez-toc-page-1 ez-toc-heading-level-2'><a class=\"ez-toc-link ez-toc-heading-6\" href=\"https:\/\/moverdb.com\/sv\/moving-companies\/moving-companies-sweden\/#6_Mirkka_International_Moving\" >6. Mirkka International Flyttning<\/a><\/li><li class='ez-toc-page-1 ez-toc-heading-level-2'><a class=\"ez-toc-link ez-toc-heading-7\" href=\"https:\/\/moverdb.com\/sv\/moving-companies\/moving-companies-sweden\/#7_Stadsbudkontoret\" >7. Stadsbudskontoret<\/a><\/li><li class='ez-toc-page-1 ez-toc-heading-level-2'><a class=\"ez-toc-link ez-toc-heading-8\" href=\"https:\/\/moverdb.com\/sv\/moving-companies\/moving-companies-sweden\/#8_TBA_Transporter\" >8. TBA-transport\u00f6r<\/a><\/li><li class='ez-toc-page-1 ez-toc-heading-level-2'><a class=\"ez-toc-link ez-toc-heading-9\" href=\"https:\/\/moverdb.com\/sv\/moving-companies\/moving-companies-sweden\/#Other_Useful_Guides_to_Sweden\" >Andra nyttiga guider till Sverige<\/a><\/li><\/ul><\/nav><\/div>\n<h2><span class=\"ez-toc-section\" id=\"1_Alfa_Moving\"><\/span><strong>1. Alfa Flyttning<\/strong><span class=\"ez-toc-section-end\"><\/span><\/h2>\n<p><img loading=\"lazy\" decoding=\"async\" class=\"alignnone size-full wp-image-10073\" src=\"https:\/\/moverdb.com\/wp-content\/uploads\/Alfa-Moving-international-moving-company.png\" alt=\"Alfa Moving internationell flyttfirma\" width=\"1440\" height=\"681\" data-wp-pid=\"10073\" srcset=\"https:\/\/moverdb.com\/wp-content\/uploads\/Alfa-Moving-international-moving-company.png 1440w, https:\/\/moverdb.com\/wp-content\/uploads\/Alfa-Moving-international-moving-company-300x142.png 300w, https:\/\/moverdb.com\/wp-content\/uploads\/Alfa-Moving-international-moving-company-1024x484.png 1024w, https:\/\/moverdb.com\/wp-content\/uploads\/Alfa-Moving-international-moving-company-18x9.png 18w, https:\/\/moverdb.com\/wp-content\/uploads\/Alfa-Moving-international-moving-company-600x284.png 600w\" sizes=\"auto, (max-width: 1440px) 100vw, 1440px\" \/><\/p>\n<ul>\n<li>Nationella flyttningar<\/li>\n<li>Internationella flyttar<\/li>\n<li>Flyttning av bost\u00e4der<\/li>\n<li>F\u00f6retagsflyttar<\/li>\n<li>Flyttj\u00e4nster<\/li>\n<li>D\u00f6rr-till-d\u00f6rr-tj\u00e4nster<\/li>\n<li>Transportarrangemang<\/li>\n<li>Invandring och visering<\/li>\n<li>F\u00f6rs\u00e4kring<\/li>\n<li>F\u00f6rvaringsutrymmen<\/li>\n<\/ul>\n<p>Alfa Moving \u00e4r en skandinavisk leverant\u00f6r av mobilitets- och uppdragstj\u00e4nster som grundades 1995 och har 10 kontor runt om i Sverige, <a href=\"https:\/\/moverdb.com\/sv\/moving-to-norway\/\" data-internallinksmanager029f6b8e52c=\"325\" title=\"Flyttar du till Norge? 2026 Levnadskostnader och flyttningstips\">Norge<\/a>, <a href=\"https:\/\/moverdb.com\/sv\/moving-to-denmark\/\" data-internallinksmanager029f6b8e52c=\"335\" title=\"Flyttar du till Danmark? 2026 Levnadskostnader och tips om flytt\">Danmark<\/a> och <a href=\"https:\/\/moverdb.com\/sv\/moving-to-finland\/\" data-internallinksmanager029f6b8e52c=\"345\" title=\"Flyttar du till Finland? 2026 Levnadskostnader och tips om flytt\">Finland<\/a>. De erbjuder flyttj\u00e4nster till 150 l\u00e4nder genom sina internationella n\u00e4tverk. De \u00e4r medlemmar i IAM med 28 \u00e5rs erfarenhet och \u00e4r ackrediterade av FIDI.<\/p>\n<p>Alfa Moving erbjuder en d\u00f6rr-till-d\u00f6rr-tj\u00e4nst som omfattar all planering och administration av din flytt. De kommer att v\u00e4lja det b\u00e4sta alternativet f\u00f6r din flytt baserat p\u00e5 storlek, inneh\u00e5ll och destination f\u00f6r din flytt. De erbjuder ocks\u00e5 flyttj\u00e4nster som inkluderar hem- och skols\u00f6kning, tillf\u00e4lligt boende, orientering, inflyttningstj\u00e4nster, kultur- och spr\u00e5kutbildning.<\/p>\n<p>Webbplats: <a href=\"http:\/\/www.alfamoving.com\" target=\"_blank\" rel=\"noopener\">http:\/\/www.alfamoving.com<\/a><\/p>\n<h2><span class=\"ez-toc-section\" id=\"2_Aspire_Mobility\"><\/span><strong>2. Aspirera p\u00e5 r\u00f6rlighet<\/strong><span class=\"ez-toc-section-end\"><\/span><\/h2>\n<p><img loading=\"lazy\" decoding=\"async\" class=\"alignnone size-full wp-image-10081\" src=\"https:\/\/moverdb.com\/wp-content\/uploads\/Aspire-Mobility-international-moving-company.png\" alt=\"Aspire Mobility internationell flyttfirma\" width=\"1440\" height=\"683\" data-wp-pid=\"10081\" srcset=\"https:\/\/moverdb.com\/wp-content\/uploads\/Aspire-Mobility-international-moving-company.png 1440w, https:\/\/moverdb.com\/wp-content\/uploads\/Aspire-Mobility-international-moving-company-300x142.png 300w, https:\/\/moverdb.com\/wp-content\/uploads\/Aspire-Mobility-international-moving-company-1024x486.png 1024w, https:\/\/moverdb.com\/wp-content\/uploads\/Aspire-Mobility-international-moving-company-18x9.png 18w, https:\/\/moverdb.com\/wp-content\/uploads\/Aspire-Mobility-international-moving-company-600x285.png 600w\" sizes=\"auto, (max-width: 1440px) 100vw, 1440px\" \/><\/p>\n<ul>\n<li>Internationella flyttar<\/li>\n<li>Hush\u00e5llsflyttar<\/li>\n<li>Flyttj\u00e4nster<\/li>\n<li>Flytta konsult<\/li>\n<li>F\u00f6rpackningstj\u00e4nst<\/li>\n<li>Transport till sj\u00f6ss och med flyg<\/li>\n<li>St\u00f6d f\u00f6r dokumentation<\/li>\n<li>Invandring<\/li>\n<li>F\u00f6rs\u00e4kring<\/li>\n<li>F\u00f6rvaringsutrymmen<\/li>\n<\/ul>\n<p>Aspire Mobility \u00e4r en internationell flytt- och relocationdivision inom Mobeltransport Danmark som grundades 1879 med kontor i K\u00f6penhamn, Stockholm, Aarhus, Odense, Aalborg och Hiller\u00f8d. De har ett n\u00e4tverk av globala partners som \u00e4r utvalda f\u00f6r att st\u00f6dja dem i \u00f6ver 100 l\u00e4nder. De \u00e4r medlemmar i IAM med 12 \u00e5rs erfarenhet.<\/p>\n<p>Aspire Mobility tillhandah\u00e5ller en flyttkonsult som genomf\u00f6r en unders\u00f6kning f\u00f6re flytten f\u00f6r att fastst\u00e4lla storlek och packningsbehov. De ordnar med packning av dina tillh\u00f6righeter, internationell transport med b\u00e5t eller flyg, uppackning och uppst\u00e4llning av m\u00f6bler. De erbjuder flyttj\u00e4nster som inkluderar hem- och skols\u00f6kning, visum och immigration, bos\u00e4ttning och avresetj\u00e4nster.<\/p>\n<p>Webbplats: <a href=\"http:\/\/www.aspiremobility.com\" target=\"_blank\" rel=\"noopener\">http:\/\/www.aspiremobility.com<\/a><\/p>\n<h2><span class=\"ez-toc-section\" id=\"3_Freys_Express\"><\/span><strong>3. Freys Express<\/strong><span class=\"ez-toc-section-end\"><\/span><\/h2>\n<p><img loading=\"lazy\" decoding=\"async\" class=\"alignnone size-full wp-image-10119\" src=\"https:\/\/moverdb.com\/wp-content\/uploads\/Freys-Express-international-moving-company.png\" alt=\"Freys Express internationell flyttfirma\" width=\"1440\" height=\"674\" data-wp-pid=\"10119\" srcset=\"https:\/\/moverdb.com\/wp-content\/uploads\/Freys-Express-international-moving-company.png 1440w, https:\/\/moverdb.com\/wp-content\/uploads\/Freys-Express-international-moving-company-300x140.png 300w, https:\/\/moverdb.com\/wp-content\/uploads\/Freys-Express-international-moving-company-1024x479.png 1024w, https:\/\/moverdb.com\/wp-content\/uploads\/Freys-Express-international-moving-company-18x8.png 18w, https:\/\/moverdb.com\/wp-content\/uploads\/Freys-Express-international-moving-company-600x281.png 600w\" sizes=\"auto, (max-width: 1440px) 100vw, 1440px\" \/><\/p>\n<ul>\n<li>Nationella flyttningar<\/li>\n<li>Internationella flyttar<\/li>\n<li>Hush\u00e5llsflyttar<\/li>\n<li>Flyttning av f\u00f6retag<\/li>\n<li>D\u00f6rr-till-d\u00f6rr-tj\u00e4nster<\/li>\n<li>F\u00f6rflyttningshantering<\/li>\n<li>Transport p\u00e5 v\u00e4g, till sj\u00f6ss och i luften<\/li>\n<li>Tullklarering<\/li>\n<li>F\u00f6rs\u00e4kring<\/li>\n<li>Kort- och l\u00e5ngtidsf\u00f6rvaring<\/li>\n<\/ul>\n<p>Freys Express \u00e4r ett flyttlogistikf\u00f6retag grundat 1896 med sju kontor i G\u00f6teborg, Karlstad, Link\u00f6ping, Malm\u00f6, Stockholm, Uppsala och \u00d6rebro. De har etablerade kontakter med internationella partners som hj\u00e4lper dem med flyttar utanf\u00f6r Sverige. De \u00e4r medlemmar i IAM med 20 \u00e5rs erfarenhet och \u00e4r ackrediterade av FIDI.<\/p>\n<p>Freys Express erbjuder d\u00f6rr-till-d\u00f6rr-flyttar med en obruten kedja fr\u00e5n planering av din flytt till uppackning p\u00e5 din destination. De g\u00f6r en inventering av dina tillh\u00f6righeter f\u00f6r att bed\u00f6ma dina behov. De tillhandah\u00e5ller en packnings-, m\u00e4rknings- och transporttj\u00e4nst som ser till att dina tillh\u00f6righeter kommer fram s\u00e4kert, komplett med tullklarering och uppackning.<\/p>\n<p>Webbplats: <a href=\"http:\/\/gmoving.se\" target=\"_blank\" rel=\"noopener\">http:\/\/gmoving.se<\/a><\/p>\n<h2><span class=\"ez-toc-section\" id=\"4_Future_Mobility\"><\/span><strong>4. Framtida r\u00f6rlighet<\/strong><span class=\"ez-toc-section-end\"><\/span><\/h2>\n<p><img loading=\"lazy\" decoding=\"async\" class=\"alignnone size-full wp-image-10122\" src=\"https:\/\/moverdb.com\/wp-content\/uploads\/Future-Mobility-international-moving-company.png\" alt=\"Future Mobility internationell flyttfirma\" width=\"1440\" height=\"683\" data-wp-pid=\"10122\" srcset=\"https:\/\/moverdb.com\/wp-content\/uploads\/Future-Mobility-international-moving-company.png 1440w, https:\/\/moverdb.com\/wp-content\/uploads\/Future-Mobility-international-moving-company-300x142.png 300w, https:\/\/moverdb.com\/wp-content\/uploads\/Future-Mobility-international-moving-company-1024x486.png 1024w, https:\/\/moverdb.com\/wp-content\/uploads\/Future-Mobility-international-moving-company-18x9.png 18w, https:\/\/moverdb.com\/wp-content\/uploads\/Future-Mobility-international-moving-company-600x285.png 600w\" sizes=\"auto, (max-width: 1440px) 100vw, 1440px\" \/><\/p>\n<ul>\n<li>Nationella flyttningar<\/li>\n<li><a href=\"https:\/\/moverdb.com\/sv\/international-removals\/\" data-internallinksmanager029f6b8e52c=\"27\" title=\"36 b\u00e4sta internationella flyttfirmor i Storbritannien\">Internationella flyttningar<\/a><\/li>\n<li>Flyttning av hush\u00e5ll<\/li>\n<li>F\u00f6retagsflyttar<\/li>\n<li>Arbetstagarnas r\u00f6rlighet<\/li>\n<li>Expressfrakt<\/li>\n<li>Kostnadsfri inspektion<\/li>\n<li>F\u00f6rpackningstj\u00e4nst<\/li>\n<li>Arrangemang f\u00f6r transport<\/li>\n<li>F\u00f6rvaringsutrymmen<\/li>\n<\/ul>\n<p>Future Mobility \u00e4r en internationell flyttfirma baserad i Stockholm. De \u00e4r medlemmar i IAM med fyra \u00e5rs service vilket ger dem ett internationellt n\u00e4tverk av flyttagenter som kan st\u00f6dja deras flyttj\u00e4nster utomlands.<\/p>\n<p>Future Mobility erbjuder flyttar till och fr\u00e5n Sverige och g\u00f6r en kostnadsfri inspektion f\u00f6r att skapa en skr\u00e4ddarsydd offert baserad p\u00e5 dina volymer och behov. De kommer att hantera varje steg i din flytt f\u00f6r att underl\u00e4tta din flytt. De erbjuder packnings- och monteringstj\u00e4nster f\u00f6r att spara tid och skydda dina tillh\u00f6righeter under transporten. De erbjuder ocks\u00e5 hj\u00e4lp med personalr\u00f6rlighet och hj\u00e4lper arbetsgivare att hantera omplaceringar av anst\u00e4llda.<\/p>\n<p>Webbplats: <a href=\"http:\/\/www.futuremobility.nu\" target=\"_blank\" rel=\"noopener\">http:\/\/www.futuremobility.nu<\/a><\/p>\n<h2><span class=\"ez-toc-section\" id=\"5_GLC_Flytt\"><\/span><strong>5. GLC Flytt<\/strong><span class=\"ez-toc-section-end\"><\/span><\/h2>\n<p><img loading=\"lazy\" decoding=\"async\" class=\"alignnone size-full wp-image-10127\" src=\"https:\/\/moverdb.com\/wp-content\/uploads\/GLC-Flytt-international-moving-company.png\" alt=\"GLC Flytt internationell flyttfirma\" width=\"1440\" height=\"680\" data-wp-pid=\"10127\" srcset=\"https:\/\/moverdb.com\/wp-content\/uploads\/GLC-Flytt-international-moving-company.png 1440w, https:\/\/moverdb.com\/wp-content\/uploads\/GLC-Flytt-international-moving-company-300x142.png 300w, https:\/\/moverdb.com\/wp-content\/uploads\/GLC-Flytt-international-moving-company-1024x484.png 1024w, https:\/\/moverdb.com\/wp-content\/uploads\/GLC-Flytt-international-moving-company-18x9.png 18w, https:\/\/moverdb.com\/wp-content\/uploads\/GLC-Flytt-international-moving-company-600x283.png 600w\" sizes=\"auto, (max-width: 1440px) 100vw, 1440px\" \/><\/p>\n<ul>\n<li>Nationella flyttningar<\/li>\n<li>Internationella flyttar<\/li>\n<li>Hush\u00e5llsflyttar<\/li>\n<li>Kontors- och industrif\u00f6rflyttningar<\/li>\n<li>D\u00f6rr-till-d\u00f6rr-l\u00f6sningar<\/li>\n<li>F\u00f6rpackningstj\u00e4nster<\/li>\n<li>Transportarrangemang<\/li>\n<li>Tullklarering<\/li>\n<li>F\u00f6rs\u00e4kring<\/li>\n<li>F\u00f6rvaringsutrymmen<\/li>\n<\/ul>\n<p>GLC Flytt \u00e4r en flyttfirma som erbjuder flytt- och lagertj\u00e4nster till f\u00f6retag och privatpersoner och \u00e4r baserad i G\u00f6teborg med r\u00f6tter tillbaka till b\u00f6rjan av 1980-talet. De anv\u00e4nder ett internationellt n\u00e4tverk av flyttagenter f\u00f6r att hj\u00e4lpa dem med flyttar \u00f6ver hela v\u00e4rlden. De \u00e4r medlemmar i IAM med 26 \u00e5rs erfarenhet.<\/p>\n<p>GLC Flytt erbjuder nationella och internationella d\u00f6rr-till-d\u00f6rr-flyttningar f\u00f6r privatpersoner och f\u00f6retag. De erbjuder packningsalternativ som inkluderar egen packning eller komplett packningstj\u00e4nst som anv\u00e4nder kvalitetsf\u00f6rpackningsmaterial och s\u00e4rskild omsorg f\u00f6r k\u00e4nsliga varor. De planerar transporten och sk\u00f6ter tullhanteringen samt erbjuder st\u00e4dning och andra till\u00e4ggstj\u00e4nster.<\/p>\n<p>Webbplats: <a href=\"http:\/\/www.glcflytt.se\" target=\"_blank\" rel=\"noopener\">http:\/\/www.glcflytt.se<\/a><\/p>\n<h2><span class=\"ez-toc-section\" id=\"6_Mirkka_International_Moving\"><\/span><strong>6. Mirkka International Flyttning<\/strong><span class=\"ez-toc-section-end\"><\/span><\/h2>\n<p><img loading=\"lazy\" decoding=\"async\" class=\"alignnone size-full wp-image-10156\" src=\"https:\/\/moverdb.com\/wp-content\/uploads\/Mirkka-International-Moving-company.png\" alt=\"Mirkka Internationellt flyttf\u00f6retag\" width=\"1440\" height=\"680\" data-wp-pid=\"10156\" srcset=\"https:\/\/moverdb.com\/wp-content\/uploads\/Mirkka-International-Moving-company.png 1440w, https:\/\/moverdb.com\/wp-content\/uploads\/Mirkka-International-Moving-company-300x142.png 300w, https:\/\/moverdb.com\/wp-content\/uploads\/Mirkka-International-Moving-company-1024x484.png 1024w, https:\/\/moverdb.com\/wp-content\/uploads\/Mirkka-International-Moving-company-18x9.png 18w, https:\/\/moverdb.com\/wp-content\/uploads\/Mirkka-International-Moving-company-600x283.png 600w\" sizes=\"auto, (max-width: 1440px) 100vw, 1440px\" \/><\/p>\n<ul>\n<li>Lokala och nationella flyttningar<\/li>\n<li>Internationella flyttningar<\/li>\n<li>Flyttning av hush\u00e5ll<\/li>\n<li>Flyttning av kontor<\/li>\n<li>Skr\u00e4ddarsydda l\u00f6sningar<\/li>\n<li>Sm\u00e5 f\u00f6rem\u00e5l till hela hus<\/li>\n<li>Professionellt flyttteam<\/li>\n<li>V\u00e4g-, luft- och sj\u00f6frakt<\/li>\n<li>Husst\u00e4dning<\/li>\n<li>Kort- och l\u00e5ngtidsf\u00f6rvaring<\/li>\n<\/ul>\n<p>Mirkka International Moving \u00e4r en inrikes och internationell flyttfirma som har \u00f6ver 40 \u00e5rs erfarenhet och \u00e4r baserad i J\u00f6nk\u00f6ping. De \u00e4r medlemmar i IAM med \u00e5tta \u00e5rs service vilket ger dem tillg\u00e5ng till ett internationellt n\u00e4tverk av flyttagenter f\u00f6r att leverera tj\u00e4nster \u00f6ver hela v\u00e4rlden.<\/p>\n<p>Mirkka International Moving erbjuder skr\u00e4ddarsydda flyttj\u00e4nster f\u00f6r ett litet antal f\u00f6rem\u00e5l och hela husflyttar lokalt, nationellt och internationellt. De tillhandah\u00e5ller flyttj\u00e4nster med ett professionellt team som kommer att organisera din flytt med v\u00e4g-, flyg- och sj\u00f6frakt. De erbjuder ocks\u00e5 ytterligare tj\u00e4nster som inkluderar hemst\u00e4dning.<\/p>\n<p>Webbplats: <a href=\"http:\/\/www.mirkkainternationalmoving.se\" target=\"_blank\" rel=\"noopener\">http:\/\/www.mirkkainternationalmoving.se<\/a><\/p>\n<h2><span class=\"ez-toc-section\" id=\"7_Stadsbudkontoret\"><\/span><strong>7. Stadsbudskontoret<\/strong><span class=\"ez-toc-section-end\"><\/span><\/h2>\n<p><img loading=\"lazy\" decoding=\"async\" class=\"alignnone size-full wp-image-10187\" src=\"https:\/\/moverdb.com\/wp-content\/uploads\/Stadsbudkontoret-international-moving-company.png\" alt=\"Stadsbudskontoret internationell flyttfirma\" width=\"1440\" height=\"677\" data-wp-pid=\"10187\" srcset=\"https:\/\/moverdb.com\/wp-content\/uploads\/Stadsbudkontoret-international-moving-company.png 1440w, https:\/\/moverdb.com\/wp-content\/uploads\/Stadsbudkontoret-international-moving-company-300x141.png 300w, https:\/\/moverdb.com\/wp-content\/uploads\/Stadsbudkontoret-international-moving-company-1024x481.png 1024w, https:\/\/moverdb.com\/wp-content\/uploads\/Stadsbudkontoret-international-moving-company-18x8.png 18w, https:\/\/moverdb.com\/wp-content\/uploads\/Stadsbudkontoret-international-moving-company-600x282.png 600w\" sizes=\"auto, (max-width: 1440px) 100vw, 1440px\" \/><\/p>\n<ul>\n<li>Nationella flyttningar<\/li>\n<li>Internationella flyttar<\/li>\n<li>Hush\u00e5llsflyttar<\/li>\n<li>F\u00f6retagsflyttar<\/li>\n<li>D\u00f6rr-till-d\u00f6rr-tj\u00e4nster<\/li>\n<li>F\u00f6rpackningstj\u00e4nst<\/li>\n<li>Flyg-, sj\u00f6- och lastbilstransporter<\/li>\n<li>Flytta dokumentation<\/li>\n<li>F\u00f6rs\u00e4kring<\/li>\n<li>Tillf\u00e4llig lagring<\/li>\n<\/ul>\n<p>Stadsbudskontoret \u00e4r en flyttfirma som hj\u00e4lper f\u00f6retag och privatpersoner och grundades 1888. De har kontor i Stockholm, \u00d6rnsk\u00f6ldsvik, Malm\u00f6, G\u00f6teborg, H\u00e4rn\u00f6sand och Cannes. De har ett stort n\u00e4tverk av professionella flyttfirmor f\u00f6r att leverera sina tj\u00e4nster utanf\u00f6r Sverige. De \u00e4r medlemmar i IAM med 135 \u00e5rs erfarenhet och \u00e4r ackrediterade av FIDI.<\/p>\n<p>Stadsbudskontorets flyttkoordinator hanterar alla aspekter av din flytt inom, till och fr\u00e5n Sverige och ser till att deras partners levererar tj\u00e4nsterna. I deras d\u00f6rr-till-d\u00f6rr-service ing\u00e5r att hitta den mest kostnadseffektiva och snabba flyttmetoden f\u00f6r dina behov. De hanterar all n\u00f6dv\u00e4ndig flyttdokumentation f\u00f6r import och export.<\/p>\n<p>Webbplats: <a href=\"http:\/\/www.sbkmoving.com\" target=\"_blank\" rel=\"noopener\">http:\/\/www.sbkmoving.com<\/a><\/p>\n<h2><span class=\"ez-toc-section\" id=\"8_TBA_Transporter\"><\/span><strong>8. TBA-transport\u00f6r<\/strong><span class=\"ez-toc-section-end\"><\/span><\/h2>\n<p><img loading=\"lazy\" decoding=\"async\" class=\"alignnone size-full wp-image-10192\" src=\"https:\/\/moverdb.com\/wp-content\/uploads\/TBA-Transporter-international-moving-company.png\" alt=\"TBA Transporter internationell flyttfirma\" width=\"1440\" height=\"628\" data-wp-pid=\"10192\" srcset=\"https:\/\/moverdb.com\/wp-content\/uploads\/TBA-Transporter-international-moving-company.png 1440w, https:\/\/moverdb.com\/wp-content\/uploads\/TBA-Transporter-international-moving-company-300x131.png 300w, https:\/\/moverdb.com\/wp-content\/uploads\/TBA-Transporter-international-moving-company-1024x447.png 1024w, https:\/\/moverdb.com\/wp-content\/uploads\/TBA-Transporter-international-moving-company-18x8.png 18w, https:\/\/moverdb.com\/wp-content\/uploads\/TBA-Transporter-international-moving-company-600x262.png 600w\" sizes=\"auto, (max-width: 1440px) 100vw, 1440px\" \/><\/p>\n<ul>\n<li>Lokala och nationella flyttningar<\/li>\n<li>Internationella flyttar<\/li>\n<li>Hush\u00e5llsflyttar<\/li>\n<li>Flyttning av f\u00f6retag<\/li>\n<li>Skr\u00e4ddarsydd service<\/li>\n<li>F\u00f6rpackningsalternativ<\/li>\n<li>Transporter p\u00e5 v\u00e4g, till sj\u00f6ss och med flyg<\/li>\n<li>Alternativ f\u00f6r uppackning<\/li>\n<li>F\u00f6rs\u00e4kring<\/li>\n<li>F\u00f6rvaringsl\u00f6sningar<\/li>\n<\/ul>\n<p>TBA Transporter \u00e4r en flyttfirma som grundades 1995 och har sitt s\u00e4te i Stockholm. De \u00e4r medlemmar i IAM med 28 \u00e5rs erfarenhet vilket ger dem tillg\u00e5ng till ett internationellt n\u00e4tverk av flyttagenter som kan st\u00f6tta dem.<\/p>\n<p>TBA Transporter erbjuder en skr\u00e4ddarsydd d\u00f6rr-till-d\u00f6rr flyttj\u00e4nst f\u00f6r sm\u00e5 och stora flyttprojekt. De erbjuder ett urval av packnings- och uppackningsalternativ som g\u00f6r att du kan g\u00f6ra s\u00e5 mycket eller s\u00e5 lite som du vill. De erbjuder specialiserad exportpackning f\u00f6r flyg- och sj\u00f6transporter och kan demontera och montera m\u00f6bler vid behov.<\/p>\n<p>Webbplats: <a href=\"http:\/\/www.tbatransporter.com\" target=\"_blank\" rel=\"noopener\">http:\/\/www.tbatransporter.com<\/a><\/p>\n<h2><span class=\"ez-toc-section\" id=\"Other_Useful_Guides_to_Sweden\"><\/span>Andra nyttiga guider till Sverige<span class=\"ez-toc-section-end\"><\/span><\/h2>\n<ul>\n<li> <a href=\"https:\/\/moverdb.com\/sv\/container-transport\/sverige\/\">2024 Sj\u00f6frakt Container Fraktpriser till &amp; fr\u00e5n Sverige<\/a><\/li>\n<li> <a href=\"https:\/\/moverdb.com\/sv\/moving-to-sweden\/\">Flyttar du till Sverige? 2026 Levnadskostnader och flyttningstips<\/a><\/li>\n<li> <a href=\"https:\/\/moverdb.com\/sv\/moving-to-sweden\/best-places-to-live-sweden\/\">13 b\u00e4sta platserna att bo p\u00e5 i Sverige<\/a><\/li>\n<li> <a href=\"https:\/\/moverdb.com\/sv\/moving-to-sweden\/living-in-sweden\/\">21 hemligheter om att bo i Sverige att veta innan du flyttar<\/a><\/li>\n<\/ul>","protected":false},"excerpt":{"rendered":"<p>Are you moving within, to or from Sweden? Then you may want to enlist the services of a moving company that can help you plan your move including packing, transportation and handling customs procedures for international moves. Below we have compiled a list of Swedish moving companies that are members of the International Association of [&hellip;]<\/p>\n","protected":false},"author":4,"featured_media":10073,"parent":190,"menu_order":0,"comment_status":"closed","ping_status":"closed","template":"","meta":{"_genesis_hide_title":false,"_genesis_hide_breadcrumbs":false,"_genesis_hide_singular_image":false,"_genesis_hide_footer_widgets":false,"_genesis_custom_body_class":"","_genesis_custom_post_class":"","_genesis_layout":"","footnotes":""},"class_list":{"0":"post-10219","1":"page","2":"type-page","3":"status-publish","4":"has-post-thumbnail","6":"entry"},"_links":{"self":[{"href":"https:\/\/moverdb.com\/sv\/wp-json\/wp\/v2\/pages\/10219","targetHints":{"allow":["GET"]}}],"collection":[{"href":"https:\/\/moverdb.com\/sv\/wp-json\/wp\/v2\/pages"}],"about":[{"href":"https:\/\/moverdb.com\/sv\/wp-json\/wp\/v2\/types\/page"}],"author":[{"embeddable":true,"href":"https:\/\/moverdb.com\/sv\/wp-json\/wp\/v2\/users\/4"}],"replies":[{"embeddable":true,"href":"https:\/\/moverdb.com\/sv\/wp-json\/wp\/v2\/comments?post=10219"}],"version-history":[{"count":3,"href":"https:\/\/moverdb.com\/sv\/wp-json\/wp\/v2\/pages\/10219\/revisions"}],"predecessor-version":[{"id":17110,"href":"https:\/\/moverdb.com\/sv\/wp-json\/wp\/v2\/pages\/10219\/revisions\/17110"}],"up":[{"embeddable":true,"href":"https:\/\/moverdb.com\/sv\/wp-json\/wp\/v2\/pages\/190"}],"wp:featuredmedia":[{"embeddable":true,"href":"https:\/\/moverdb.com\/sv\/wp-json\/wp\/v2\/media\/10073"}],"wp:attachment":[{"href":"https:\/\/moverdb.com\/sv\/wp-json\/wp\/v2\/media?parent=10219"}],"curies":[{"name":"wp","href":"https:\/\/api.w.org\/{rel}","templated":true}]}}