{"id":10217,"date":"2023-06-22T15:53:33","date_gmt":"2023-06-22T15:53:33","guid":{"rendered":"https:\/\/moverdb.com\/?page_id=10217"},"modified":"2026-05-15T15:00:50","modified_gmt":"2026-05-15T15:00:50","slug":"moving-companies-sudan","status":"publish","type":"page","link":"https:\/\/moverdb.com\/sv\/moving-companies\/moving-companies-sudan\/","title":{"rendered":"B\u00e4sta internationella flyttfirmor i Sudan"},"content":{"rendered":"<p>Att flytta kan vara en stressig tid eftersom det \u00e4r s\u00e5 mycket att g\u00f6ra och organisera, s\u00e4rskilt om du emigrerar. D\u00e4rf\u00f6r \u00e4r det bra att anlita en <a href=\"https:\/\/moverdb.com\/sv\/moving-companies\/\" data-internallinksmanager029f6b8e52c=\"79\" title=\"Topp 25 internationella flyttfirmor p\u00e5 n\u00e4tet\">flyttfirma<\/a> kan hj\u00e4lpa dig att g\u00f6ra det mycket enklare. Nedan har vi sammanst\u00e4llt en lista \u00f6ver Sudan-baserade <a href=\"https:\/\/moverdb.com\/sv\/international-removals\/\" data-internallinksmanager029f6b8e52c=\"27\" title=\"36 b\u00e4sta internationella flyttfirmor i Storbritannien\">flyttfirmor<\/a> som \u00e4r medlemmar i <a href=\"https:\/\/moverdb.com\/sv\/iam\/\" data-internallinksmanager029f6b8e52c=\"23\" title=\"International Association of Movers (IAM) f\u00f6rklaras\">Internationella sammanslutningen av flyttfirmor<\/a> (IAM) och\/eller <a href=\"https:\/\/moverdb.com\/sv\/fidi-faim\/\" data-internallinksmanager029f6b8e52c=\"16\" title=\"FIDI &amp; FAIM (FIDI Accredited International Mover) f\u00f6rklaras\">FIDI<\/a> Accredited International Mover (FAIM) som kan hj\u00e4lpa dig med din flytt.<\/p>\n<h2><strong>Ganbert Omlokalisering<\/strong><\/h2>\n<p><img loading=\"lazy\" decoding=\"async\" class=\"alignnone size-full wp-image-10124\" src=\"https:\/\/moverdb.com\/wp-content\/uploads\/Ganbert-Relocation-international-moving-company.png\" alt=\"Ganbert Relocation internationell flyttfirma\" width=\"1440\" height=\"679\" data-wp-pid=\"10124\" srcset=\"https:\/\/moverdb.com\/wp-content\/uploads\/Ganbert-Relocation-international-moving-company.png 1440w, https:\/\/moverdb.com\/wp-content\/uploads\/Ganbert-Relocation-international-moving-company-300x141.png 300w, https:\/\/moverdb.com\/wp-content\/uploads\/Ganbert-Relocation-international-moving-company-1024x483.png 1024w, https:\/\/moverdb.com\/wp-content\/uploads\/Ganbert-Relocation-international-moving-company-18x8.png 18w, https:\/\/moverdb.com\/wp-content\/uploads\/Ganbert-Relocation-international-moving-company-600x283.png 600w\" sizes=\"auto, (max-width: 1440px) 100vw, 1440px\" \/><\/p>\n<ul>\n<li>Nationella flyttningar<\/li>\n<li>Internationella flyttningar<\/li>\n<li>Hush\u00e5llsflyttar<\/li>\n<li>V\u00e4g-, luft- och sj\u00f6frakt<\/li>\n<li>Tullklarering<\/li>\n<li>Transport av husdjur och fordon<\/li>\n<li>St\u00f6d till invandring<\/li>\n<li>Tj\u00e4nster p\u00e5 flygplatsen<\/li>\n<li>F\u00f6rs\u00e4kring<\/li>\n<li>F\u00f6rvaringsutrymmen<\/li>\n<\/ul>\n<p>Ganbert Relocation \u00e4r ett flyttf\u00f6retag som grundades 1926 i <a href=\"https:\/\/moverdb.com\/sv\/top-49-container-ports\/\" data-internallinksmanager029f6b8e52c=\"80\" title=\"Topp 49 st\u00f6rsta och mest trafikerade containerhamnar 2025\">Hamn<\/a> Sudan. De \u00e4r medlemmar i IAM med 39 \u00e5rs erfarenhet, vilket ger dem tillg\u00e5ng till ett internationellt n\u00e4tverk av flyttfirmor som kan hj\u00e4lpa dem med flyttar till andra l\u00e4nder.<\/p>\n<p>Ganbert Relocation erbjuder flytt- och omlokaliseringstj\u00e4nster nationellt och internationellt f\u00f6r personliga tillh\u00f6righeter, konstf\u00f6rem\u00e5l, husdjur och fordon. De ordnar med v\u00e4gtransport, flygfrakt eller sj\u00f6frakt till din destination och hj\u00e4lper till med tullklarering. De erbjuder ocks\u00e5 ytterligare tj\u00e4nster som inkluderar f\u00f6rs\u00e4kring, lagring, immigrationsst\u00f6d och flygplatstj\u00e4nster.<\/p>\n<p>Webbplats: <a href=\"http:\/\/www.ganbert.com\" target=\"_blank\" rel=\"noopener\">http:\/\/www.ganbert.com<\/a><\/p>","protected":false},"excerpt":{"rendered":"<p>Moving can be a stressful time as there is so much to do and organise especially if you are emigrating. Therefore employing the service of a moving company can assist you in making it much easier. Below we have compiled a list of Sudan based removal companies that are members of the International Association of [&hellip;]<\/p>\n","protected":false},"author":4,"featured_media":10124,"parent":190,"menu_order":0,"comment_status":"closed","ping_status":"closed","template":"","meta":{"_genesis_hide_title":false,"_genesis_hide_breadcrumbs":false,"_genesis_hide_singular_image":false,"_genesis_hide_footer_widgets":false,"_genesis_custom_body_class":"","_genesis_custom_post_class":"","_genesis_layout":"","footnotes":""},"class_list":{"0":"post-10217","1":"page","2":"type-page","3":"status-publish","4":"has-post-thumbnail","6":"entry"},"_links":{"self":[{"href":"https:\/\/moverdb.com\/sv\/wp-json\/wp\/v2\/pages\/10217","targetHints":{"allow":["GET"]}}],"collection":[{"href":"https:\/\/moverdb.com\/sv\/wp-json\/wp\/v2\/pages"}],"about":[{"href":"https:\/\/moverdb.com\/sv\/wp-json\/wp\/v2\/types\/page"}],"author":[{"embeddable":true,"href":"https:\/\/moverdb.com\/sv\/wp-json\/wp\/v2\/users\/4"}],"replies":[{"embeddable":true,"href":"https:\/\/moverdb.com\/sv\/wp-json\/wp\/v2\/comments?post=10217"}],"version-history":[{"count":1,"href":"https:\/\/moverdb.com\/sv\/wp-json\/wp\/v2\/pages\/10217\/revisions"}],"predecessor-version":[{"id":10218,"href":"https:\/\/moverdb.com\/sv\/wp-json\/wp\/v2\/pages\/10217\/revisions\/10218"}],"up":[{"embeddable":true,"href":"https:\/\/moverdb.com\/sv\/wp-json\/wp\/v2\/pages\/190"}],"wp:featuredmedia":[{"embeddable":true,"href":"https:\/\/moverdb.com\/sv\/wp-json\/wp\/v2\/media\/10124"}],"wp:attachment":[{"href":"https:\/\/moverdb.com\/sv\/wp-json\/wp\/v2\/media?parent=10217"}],"curies":[{"name":"wp","href":"https:\/\/api.w.org\/{rel}","templated":true}]}}