{"id":10215,"date":"2023-06-22T15:54:43","date_gmt":"2023-06-22T15:54:43","guid":{"rendered":"https:\/\/moverdb.com\/?page_id=10215"},"modified":"2026-01-08T15:29:29","modified_gmt":"2026-01-08T15:29:29","slug":"moving-companies-sri-lanka","status":"publish","type":"page","link":"https:\/\/moverdb.com\/sv\/moving-companies\/moving-companies-sri-lanka\/","title":{"rendered":"7 b\u00e4sta internationella flyttfirmor i Sri Lanka"},"content":{"rendered":"<p>Planerar du att flytta? D\u00e5 kan det vara en god id\u00e9 att anlita en <a href=\"https:\/\/moverdb.com\/sv\/moving-companies\/\" data-internallinksmanager029f6b8e52c=\"79\" title=\"Topp 25 internationella flyttfirmor p\u00e5 n\u00e4tet\">flyttfirma<\/a> eftersom de kan hj\u00e4lpa dig med packning, transport och tullhantering n\u00e4r du flyttar utomlands. Nedan har vi sammanst\u00e4llt en lista \u00f6ver Sri Lanka-baserade <a href=\"https:\/\/moverdb.com\/sv\/international-removals\/\" data-internallinksmanager029f6b8e52c=\"27\" title=\"36 b\u00e4sta internationella flyttfirmor i Storbritannien\">flyttfirmor<\/a> som \u00e4r medlemmar i <a href=\"https:\/\/moverdb.com\/sv\/iam\/\" data-internallinksmanager029f6b8e52c=\"23\" title=\"International Association of Movers (IAM) f\u00f6rklaras\">Internationella sammanslutningen av flyttfirmor<\/a> (IAM) och\/eller <a href=\"https:\/\/moverdb.com\/sv\/fidi-faim\/\" data-internallinksmanager029f6b8e52c=\"16\" title=\"FIDI &amp; FAIM (FIDI Accredited International Mover) f\u00f6rklaras\">FIDI<\/a> Accredited International Mover (FAIM) som kan hj\u00e4lpa dig med din flytt.<\/p>\n<div id=\"ez-toc-container\" class=\"ez-toc-v2_0_82_2 ez-toc-wrap-left counter-hierarchy ez-toc-counter ez-toc-transparent ez-toc-container-direction\">\n<div class=\"ez-toc-title-container\">\n<p class=\"ez-toc-title\" style=\"cursor:inherit\">Avsnitt<\/p>\n<span class=\"ez-toc-title-toggle\"><a href=\"#\" class=\"ez-toc-pull-right ez-toc-btn ez-toc-btn-xs ez-toc-btn-default ez-toc-toggle\" aria-label=\"V\u00e4xla till inneh\u00e5llsf\u00f6rteckning\"><span class=\"ez-toc-js-icon-con\"><span class=\"\"><span class=\"eztoc-hide\" style=\"display:none;\">V\u00e4xel<\/span><span class=\"ez-toc-icon-toggle-span\"><svg style=\"fill: #999;color:#999\" xmlns=\"http:\/\/www.w3.org\/2000\/svg\" class=\"list-377408\" width=\"20px\" height=\"20px\" viewbox=\"0 0 24 24\" fill=\"none\"><path d=\"M6 6H4v2h2V6zm14 0H8v2h12V6zM4 11h2v2H4v-2zm16 0H8v2h12v-2zM4 16h2v2H4v-2zm16 0H8v2h12v-2z\" fill=\"currentColor\"><\/path><\/svg><svg style=\"fill: #999;color:#999\" class=\"arrow-unsorted-368013\" xmlns=\"http:\/\/www.w3.org\/2000\/svg\" width=\"10px\" height=\"10px\" viewbox=\"0 0 24 24\" version=\"1.2\" baseprofile=\"tiny\"><path d=\"M18.2 9.3l-6.2-6.3-6.2 6.3c-.2.2-.3.4-.3.7s.1.5.3.7c.2.2.4.3.7.3h11c.3 0 .5-.1.7-.3.2-.2.3-.5.3-.7s-.1-.5-.3-.7zM5.8 14.7l6.2 6.3 6.2-6.3c.2-.2.3-.5.3-.7s-.1-.5-.3-.7c-.2-.2-.4-.3-.7-.3h-11c-.3 0-.5.1-.7.3-.2.2-.3.5-.3.7s.1.5.3.7z\"\/><\/svg><\/span><\/span><\/span><\/a><\/span><\/div>\n<nav><ul class='ez-toc-list ez-toc-list-level-1 eztoc-toggle-hide-by-default' ><li class='ez-toc-page-1 ez-toc-heading-level-2'><a class=\"ez-toc-link ez-toc-heading-1\" href=\"https:\/\/moverdb.com\/sv\/moving-companies\/moving-companies-sri-lanka\/#1_Aitken_Spence\" >1. Aitken Spence<\/a><\/li><li class='ez-toc-page-1 ez-toc-heading-level-2'><a class=\"ez-toc-link ez-toc-heading-2\" href=\"https:\/\/moverdb.com\/sv\/moving-companies\/moving-companies-sri-lanka\/#2_Asian_Movers\" >2. Asiatiska flyttare<\/a><\/li><li class='ez-toc-page-1 ez-toc-heading-level-2'><a class=\"ez-toc-link ez-toc-heading-3\" href=\"https:\/\/moverdb.com\/sv\/moving-companies\/moving-companies-sri-lanka\/#3_Don_Carolis_Sons\" >3. Don Carolis &amp; S\u00f6ner<\/a><\/li><li class='ez-toc-page-1 ez-toc-heading-level-2'><a class=\"ez-toc-link ez-toc-heading-4\" href=\"https:\/\/moverdb.com\/sv\/moving-companies\/moving-companies-sri-lanka\/#4_Horizon_Relocations\" >4. Omlokaliseringar av Horizon<\/a><\/li><li class='ez-toc-page-1 ez-toc-heading-level-2'><a class=\"ez-toc-link ez-toc-heading-5\" href=\"https:\/\/moverdb.com\/sv\/moving-companies\/moving-companies-sri-lanka\/#5_Trans_World_Movers\" >5. Trans World flyttfirmor<\/a><\/li><li class='ez-toc-page-1 ez-toc-heading-level-2'><a class=\"ez-toc-link ez-toc-heading-6\" href=\"https:\/\/moverdb.com\/sv\/moving-companies\/moving-companies-sri-lanka\/#6_Trans-Global_Relocations\" >6. Transglobala omlokaliseringar<\/a><\/li><li class='ez-toc-page-1 ez-toc-heading-level-2'><a class=\"ez-toc-link ez-toc-heading-7\" href=\"https:\/\/moverdb.com\/sv\/moving-companies\/moving-companies-sri-lanka\/#7_Worldwide_Movers\" >7. Globala flyttfirmor<\/a><\/li><\/ul><\/nav><\/div>\n<h2><span class=\"ez-toc-section\" id=\"1_Aitken_Spence\"><\/span><strong>1. Aitken Spence<\/strong><span class=\"ez-toc-section-end\"><\/span><\/h2>\n<p><img loading=\"lazy\" decoding=\"async\" class=\"alignnone size-full wp-image-10071\" src=\"https:\/\/moverdb.com\/wp-content\/uploads\/Aitken-Spence-international-moving-company.png\" alt=\"Aitken Spence internationell flyttfirma\" width=\"1440\" height=\"676\" data-wp-pid=\"10071\" srcset=\"https:\/\/moverdb.com\/wp-content\/uploads\/Aitken-Spence-international-moving-company.png 1440w, https:\/\/moverdb.com\/wp-content\/uploads\/Aitken-Spence-international-moving-company-300x141.png 300w, https:\/\/moverdb.com\/wp-content\/uploads\/Aitken-Spence-international-moving-company-1024x481.png 1024w, https:\/\/moverdb.com\/wp-content\/uploads\/Aitken-Spence-international-moving-company-18x8.png 18w, https:\/\/moverdb.com\/wp-content\/uploads\/Aitken-Spence-international-moving-company-600x282.png 600w\" sizes=\"auto, (max-width: 1440px) 100vw, 1440px\" \/><\/p>\n<ul>\n<li>Nationella flyttningar<\/li>\n<li>Internationella flyttar<\/li>\n<li>Hush\u00e5llsflyttar<\/li>\n<li>F\u00f6retagets logistik<\/li>\n<li>Utst\u00e4llningstj\u00e4nster<\/li>\n<li>Slutgiltiga l\u00f6sningar<\/li>\n<li>Luft-, sj\u00f6- och landfrakt<\/li>\n<li>Tullklarering<\/li>\n<li>Flyttning av husdjur<\/li>\n<li>F\u00f6rvaringsutrymmen<\/li>\n<\/ul>\n<p>Aitken Spence \u00e4r ett multisektorf\u00f6retag som har varit verksamt sedan 1868 med n\u00e4rvaro i \u00e5tta l\u00e4nder, inklusive Colombo, Sri Lanka. Deras speditionsverksamhet omfattar flyttningar och omlokaliseringar. De anv\u00e4nder sina egna filialkontor och ett globalt n\u00e4tverk av handels- och logistikf\u00f6retag f\u00f6r att st\u00f6dja dem. De \u00e4r medlemmar i IAM med 44 \u00e5rs erfarenhet.<\/p>\n<p>Aitken Spence erbjuder integrerade helhetsl\u00f6sningar med sin globala n\u00e4rvaro. De tillhandah\u00e5ller problemfria flytt- och omlokaliseringstj\u00e4nster f\u00f6r hush\u00e5ll som flyttar var som helst i v\u00e4rlden. De kan flytta dina tillh\u00f6righeter och dina husdjur till ditt nya hem. De ordnar transport med tullklarering.<\/p>\n<p>Webbplats: <a href=\"http:\/\/www.acecargo.lk\" target=\"_blank\" rel=\"noopener\">http:\/\/www.acecargo.lk<\/a><\/p>\n<h2><span class=\"ez-toc-section\" id=\"2_Asian_Movers\"><\/span><strong>2. Asiatiska flyttare<\/strong><span class=\"ez-toc-section-end\"><\/span><\/h2>\n<p><img loading=\"lazy\" decoding=\"async\" class=\"alignnone size-full wp-image-10079\" src=\"https:\/\/moverdb.com\/wp-content\/uploads\/Asian-Movers-international-moving-company.png\" alt=\"Asian Movers internationell flyttfirma\" width=\"1440\" height=\"681\" data-wp-pid=\"10079\" srcset=\"https:\/\/moverdb.com\/wp-content\/uploads\/Asian-Movers-international-moving-company.png 1440w, https:\/\/moverdb.com\/wp-content\/uploads\/Asian-Movers-international-moving-company-300x142.png 300w, https:\/\/moverdb.com\/wp-content\/uploads\/Asian-Movers-international-moving-company-1024x484.png 1024w, https:\/\/moverdb.com\/wp-content\/uploads\/Asian-Movers-international-moving-company-18x9.png 18w, https:\/\/moverdb.com\/wp-content\/uploads\/Asian-Movers-international-moving-company-600x284.png 600w\" sizes=\"auto, (max-width: 1440px) 100vw, 1440px\" \/><\/p>\n<ul>\n<li>Lokala och nationella flyttningar<\/li>\n<li>Internationella flyttar<\/li>\n<li>Hush\u00e5llsflyttar<\/li>\n<li>F\u00f6retags- och kontorsflyttar<\/li>\n<li>D\u00f6rr-till-d\u00f6rr-tj\u00e4nster<\/li>\n<li>F\u00f6rpackningstj\u00e4nst<\/li>\n<li>V\u00e4g-, sj\u00f6- och lufttransport<\/li>\n<li>Tullklarering<\/li>\n<li>F\u00f6rs\u00e4kring<\/li>\n<li>F\u00f6rvaringsl\u00f6sningar<\/li>\n<\/ul>\n<p>Asian Movers \u00e4r ett f\u00f6retag som erbjuder skr\u00e4ddarsydda flyttl\u00f6sningar och som grundades i Sri Lanka och <a href=\"https:\/\/moverdb.com\/sv\/moving-to-the-maldives\/\" data-internallinksmanager029f6b8e52c=\"387\" title=\"Flytta till Maldiverna? 2026 Levnadskostnader och tips om flytt\">Maldiverna<\/a> \u00e5r 2013. De har en global r\u00e4ckvidd f\u00f6r sina tj\u00e4nster genom sitt medlemskap i internationella flyttorganisationer. De \u00e4r medlem i IAM med 10 \u00e5rs erfarenhet.<\/p>\n<p>Asian Movers erbjuder en skr\u00e4ddarsydd flyttj\u00e4nst oavsett om du beh\u00f6ver en komplett flyttj\u00e4nst eller bara en lastbil och flyttgubbar. Deras d\u00f6rr-till-d\u00f6rr-service kan inkludera att packa alla dina tillh\u00f6righeter s\u00e4kert och g\u00f6ra en inventering, lasta, transportera dem till din destination och lossa. De hj\u00e4lper till med frakt- och tullklareringsdokumentation samt f\u00f6rs\u00e4kring.<\/p>\n<p>Webbplats: <a href=\"http:\/\/www.asianmovers.com\/\" target=\"_blank\" rel=\"noopener\">http:\/\/www.asianmovers.com\/<\/a><\/p>\n<h2><span class=\"ez-toc-section\" id=\"3_Don_Carolis_Sons\"><\/span><strong>3. Don Carolis &amp; S\u00f6ner<\/strong><span class=\"ez-toc-section-end\"><\/span><\/h2>\n<p><em><img loading=\"lazy\" decoding=\"async\" class=\"alignnone size-full wp-image-10102\" src=\"https:\/\/moverdb.com\/wp-content\/uploads\/Don-Carolis-Sons-international-moving-company.png\" alt=\"Don Carolis &amp; Sons internationell flyttfirma\" width=\"1440\" height=\"679\" data-wp-pid=\"10102\" srcset=\"https:\/\/moverdb.com\/wp-content\/uploads\/Don-Carolis-Sons-international-moving-company.png 1440w, https:\/\/moverdb.com\/wp-content\/uploads\/Don-Carolis-Sons-international-moving-company-300x141.png 300w, https:\/\/moverdb.com\/wp-content\/uploads\/Don-Carolis-Sons-international-moving-company-1024x483.png 1024w, https:\/\/moverdb.com\/wp-content\/uploads\/Don-Carolis-Sons-international-moving-company-18x8.png 18w, https:\/\/moverdb.com\/wp-content\/uploads\/Don-Carolis-Sons-international-moving-company-600x283.png 600w\" sizes=\"auto, (max-width: 1440px) 100vw, 1440px\" \/><\/em><\/p>\n<ul>\n<li>Nationella flyttningar<\/li>\n<li>Internationella flyttar<\/li>\n<li>Hush\u00e5llsflyttar<\/li>\n<li>Organisatoriska f\u00f6r\u00e4ndringar<\/li>\n<li>Skr\u00e4ddarsydd service<\/li>\n<li>Samordnare f\u00f6r flyttning<\/li>\n<li>F\u00f6rpackningstj\u00e4nst<\/li>\n<li>Transportarrangemang<\/li>\n<li>Alternativ f\u00f6r uppackning<\/li>\n<li>Fullv\u00e4rdigt skydd<\/li>\n<\/ul>\n<p>Don Carolis &amp; Sons \u00e4r en m\u00f6beltillverkare, \u00e5terf\u00f6rs\u00e4ljare och export\u00f6r som har varit verksam i \u00f6ver 150 \u00e5r och \u00e4r baserad i Colombo. De \u00e4r medlemmar i IAM, vilket ger dem tillg\u00e5ng till ett internationellt n\u00e4tverk av flyttfirmor som kan hj\u00e4lpa dem med internationella flyttar.<\/p>\n<p>Don Carolis &amp; Sons erbjuder en skr\u00e4ddarsydd packningstj\u00e4nst som uppfyller dina behov n\u00e4r det g\u00e4ller tidsplan, budget och tillh\u00f6righeter samt tillhandah\u00e5ller en flyttkoordinator som st\u00f6der dig under hela din flytt. De kommer att ta hand om dina tillh\u00f6righeter inklusive lastning, transport och lossning p\u00e5 alla sina planer. Deras planer inkluderar uppackning, partiell uppackning och m\u00f6belplacering samt fullst\u00e4ndig uppackning.<\/p>\n<p>Webbplats: <a href=\"http:\/\/www.doncarolis.com\" target=\"_blank\" rel=\"noopener\">http:\/\/www.doncarolis.com<\/a><\/p>\n<h2><span class=\"ez-toc-section\" id=\"4_Horizon_Relocations\"><\/span><strong>4. Omlokaliseringar av Horizon<\/strong><span class=\"ez-toc-section-end\"><\/span><\/h2>\n<p><img loading=\"lazy\" decoding=\"async\" class=\"alignnone size-full wp-image-10136\" src=\"https:\/\/moverdb.com\/wp-content\/uploads\/Horizon-Relocations-international-moving-company.png\" alt=\"Horizon Relocations internationell flyttfirma\" width=\"1440\" height=\"626\" data-wp-pid=\"10136\" srcset=\"https:\/\/moverdb.com\/wp-content\/uploads\/Horizon-Relocations-international-moving-company.png 1440w, https:\/\/moverdb.com\/wp-content\/uploads\/Horizon-Relocations-international-moving-company-300x130.png 300w, https:\/\/moverdb.com\/wp-content\/uploads\/Horizon-Relocations-international-moving-company-1024x445.png 1024w, https:\/\/moverdb.com\/wp-content\/uploads\/Horizon-Relocations-international-moving-company-18x8.png 18w, https:\/\/moverdb.com\/wp-content\/uploads\/Horizon-Relocations-international-moving-company-600x261.png 600w\" sizes=\"auto, (max-width: 1440px) 100vw, 1440px\" \/><\/p>\n<ul>\n<li>Lokala och nationella flyttningar<\/li>\n<li>Internationella flyttningar<\/li>\n<li>Hush\u00e5llsflyttar<\/li>\n<li>Leverans av personliga effekter<\/li>\n<li>D\u00f6rr-till-d\u00f6rr-tj\u00e4nster<\/li>\n<li>F\u00f6rpackning<\/li>\n<li>Fraktarrangemang<\/li>\n<li>Tullklarering<\/li>\n<li>F\u00f6rs\u00e4kring<\/li>\n<li>F\u00f6rvaringsutrymmen<\/li>\n<\/ul>\n<p>Horizon Relocations \u00e4r ett inhemskt och internationellt flytt- och relocationf\u00f6retag baserat i Colombo. De \u00e4r medlemmar i IAM vilket ger dem tillg\u00e5ng till ett internationellt n\u00e4tverk av flyttfirmor som kan hj\u00e4lpa dem att tillhandah\u00e5lla internationella tj\u00e4nster.<\/p>\n<p>Horizon Relocations erbjuder d\u00f6rr-till-d\u00f6rr-flyttj\u00e4nster f\u00f6r lokala, nationella och internationella flyttar av personliga tillh\u00f6righeter och hush\u00e5llsf\u00f6rem\u00e5l. De tillhandah\u00e5ller tj\u00e4nster f\u00f6r sm\u00e5 till stora volymer av f\u00f6rem\u00e5l som kan inkludera f\u00f6rpackning och h\u00f6lje f\u00f6r att skydda f\u00f6rem\u00e5len under transport s\u00e5 att de anl\u00e4nder s\u00e4kert. De ordnar med transport av dina tillh\u00f6righeter genom transport eller frakt till din destination med tullklarering.<\/p>\n<p>Webbplats: <a href=\"http:\/\/www.horizonrelocations.lk\" target=\"_blank\" rel=\"noopener\">http:\/\/www.horizonrelocations.lk<\/a><\/p>\n<h2><span class=\"ez-toc-section\" id=\"5_Trans_World_Movers\"><\/span><strong>5. Trans World flyttfirmor<\/strong><span class=\"ez-toc-section-end\"><\/span><\/h2>\n<p><img loading=\"lazy\" decoding=\"async\" class=\"alignnone size-full wp-image-10196\" src=\"https:\/\/moverdb.com\/wp-content\/uploads\/Trans-World-Movers-international-moving-company.png\" alt=\"Trans World Movers internationell flyttfirma\" width=\"1440\" height=\"675\" data-wp-pid=\"10196\" srcset=\"https:\/\/moverdb.com\/wp-content\/uploads\/Trans-World-Movers-international-moving-company.png 1440w, https:\/\/moverdb.com\/wp-content\/uploads\/Trans-World-Movers-international-moving-company-300x141.png 300w, https:\/\/moverdb.com\/wp-content\/uploads\/Trans-World-Movers-international-moving-company-1024x480.png 1024w, https:\/\/moverdb.com\/wp-content\/uploads\/Trans-World-Movers-international-moving-company-18x8.png 18w, https:\/\/moverdb.com\/wp-content\/uploads\/Trans-World-Movers-international-moving-company-600x281.png 600w\" sizes=\"auto, (max-width: 1440px) 100vw, 1440px\" \/><\/p>\n<ul>\n<li>Lokala flyttningar<\/li>\n<li>Internationella flyttar<\/li>\n<li>Hush\u00e5llsflyttar<\/li>\n<li>F\u00f6retagsflyttar<\/li>\n<li>D\u00f6rr-till-d\u00f6rr-l\u00f6sningar<\/li>\n<li>F\u00f6rpackningstj\u00e4nst<\/li>\n<li>Luft-, sj\u00f6- och v\u00e4gtransporter<\/li>\n<li>Tullklarering<\/li>\n<li>Transport av fordon och husdjur<\/li>\n<li>F\u00f6rvaringsutrymmen<\/li>\n<\/ul>\n<p>Trans World Movers \u00e4r ett flyttf\u00f6retag som grundades 1973 och \u00e4r baserat i Colombo som tillhandah\u00e5ller tj\u00e4nster till privatpersoner, diplomater och f\u00f6retag. De har ett etablerat n\u00e4tverk av representanter och agenter \u00f6ver hela v\u00e4rlden som hj\u00e4lper dem med internationella flyttar. De \u00e4r medlemmar i IAM med 50 \u00e5rs erfarenhet.<\/p>\n<p>Trans World Movers erbjuder d\u00f6rr-till-d\u00f6rr-flyttj\u00e4nster lokalt och internationellt. De tillhandah\u00e5ller en packningstj\u00e4nst som uppfyller internationella standarder f\u00f6r att skydda f\u00f6rem\u00e5l under transport. De ordnar med transport av dina tillh\u00f6righeter p\u00e5 v\u00e4g, med flyg och till sj\u00f6ss med tullklarering. De erbjuder ytterligare tj\u00e4nster som inkluderar hantering av husdjur, <a href=\"https:\/\/moverdb.com\/sv\/car-transport-shipping\/\" data-internallinksmanager029f6b8e52c=\"2\" title=\"2026 Internationella offerter f\u00f6r biltransport och fordonsfrakt\">transport av fordon<\/a> och f\u00f6rvaringsl\u00f6sningar.<\/p>\n<p>Webbplats: <a href=\"http:\/\/www.transworldmovers.com\" target=\"_blank\" rel=\"noopener\">http:\/\/www.transworldmovers.com<\/a><\/p>\n<h2><span class=\"ez-toc-section\" id=\"6_Trans-Global_Relocations\"><\/span><strong>6. Transglobala omlokaliseringar<\/strong><span class=\"ez-toc-section-end\"><\/span><\/h2>\n<p><img loading=\"lazy\" decoding=\"async\" class=\"alignnone size-full wp-image-10197\" src=\"https:\/\/moverdb.com\/wp-content\/uploads\/Trans-Global-Relocations-international-moving-company.png\" alt=\"Trans-Global Relocations internationell flyttfirma\" width=\"1440\" height=\"681\" data-wp-pid=\"10197\" srcset=\"https:\/\/moverdb.com\/wp-content\/uploads\/Trans-Global-Relocations-international-moving-company.png 1440w, https:\/\/moverdb.com\/wp-content\/uploads\/Trans-Global-Relocations-international-moving-company-300x142.png 300w, https:\/\/moverdb.com\/wp-content\/uploads\/Trans-Global-Relocations-international-moving-company-1024x484.png 1024w, https:\/\/moverdb.com\/wp-content\/uploads\/Trans-Global-Relocations-international-moving-company-18x9.png 18w, https:\/\/moverdb.com\/wp-content\/uploads\/Trans-Global-Relocations-international-moving-company-600x284.png 600w\" sizes=\"auto, (max-width: 1440px) 100vw, 1440px\" \/><\/p>\n<ul>\n<li>Lokala och nationella flyttningar<\/li>\n<li>Internationella flyttar<\/li>\n<li>Hush\u00e5llsflyttar<\/li>\n<li>D\u00f6rr-till-d\u00f6rr-tj\u00e4nster<\/li>\n<li>Professionell f\u00f6rpackning<\/li>\n<li>Sj\u00f6- och lufttransporter<\/li>\n<li>Tullklarering<\/li>\n<li>Flyttning av husdjur<\/li>\n<li>Hantering av bilar<\/li>\n<li>S\u00e4ker lagring<\/li>\n<\/ul>\n<p>Trans-Global Relocations \u00e4r ett flytt- och relocationf\u00f6retag baserat i Colombo. De \u00e4r medlemmar i IAM vilket ger dem ett internationellt n\u00e4tverk av flyttfirmor som kan arbeta med utlandsflyttar.<\/p>\n<p>Trans-Global Relocations erbjuder en unders\u00f6kning i hemmet f\u00f6r att bed\u00f6ma dina flyttbehov och de kommer att skapa en flyttplan baserad p\u00e5 dina behov som inkluderar r\u00e5d om hur du f\u00f6rbereder dig och den mest kostnadseffektiva flyttmetoden. De tillhandah\u00e5ller en d\u00f6rr-till-d\u00f6rr-tj\u00e4nst som inkluderar professionell packning av dina tillh\u00f6righeter f\u00f6r att s\u00e4kerst\u00e4lla att de reser s\u00e4kert internationellt med b\u00e5t eller flyg komplett med tullklarering. De erbjuder ocks\u00e5 ytterligare tj\u00e4nster som inkluderar flytt av husdjur, bilhantering och f\u00f6rvaring.<\/p>\n<p>Webbplats: <a href=\"http:\/\/www.t-grelo.com\" target=\"_blank\" rel=\"noopener\">http:\/\/www.t-grelo.com<\/a><\/p>\n<h2><span class=\"ez-toc-section\" id=\"7_Worldwide_Movers\"><\/span><strong>7. Globala flyttfirmor<\/strong><span class=\"ez-toc-section-end\"><\/span><\/h2>\n<p><img loading=\"lazy\" decoding=\"async\" class=\"alignnone size-full wp-image-10209\" src=\"https:\/\/moverdb.com\/wp-content\/uploads\/Worldwide-Movers-international-moving-company.png\" alt=\"Worldwide Movers internationell flyttfirma\" width=\"1440\" height=\"674\" data-wp-pid=\"10209\" srcset=\"https:\/\/moverdb.com\/wp-content\/uploads\/Worldwide-Movers-international-moving-company.png 1440w, https:\/\/moverdb.com\/wp-content\/uploads\/Worldwide-Movers-international-moving-company-300x140.png 300w, https:\/\/moverdb.com\/wp-content\/uploads\/Worldwide-Movers-international-moving-company-1024x479.png 1024w, https:\/\/moverdb.com\/wp-content\/uploads\/Worldwide-Movers-international-moving-company-18x8.png 18w, https:\/\/moverdb.com\/wp-content\/uploads\/Worldwide-Movers-international-moving-company-600x281.png 600w\" sizes=\"auto, (max-width: 1440px) 100vw, 1440px\" \/><\/p>\n<ul>\n<li>Nationella flyttningar<\/li>\n<li>Internationella flyttar<\/li>\n<li>Hush\u00e5llsflyttar<\/li>\n<li>Flyttj\u00e4nster<\/li>\n<li>D\u00f6rr-till-d\u00f6rr eller d\u00f6rr-till-d\u00f6rr<a href=\"https:\/\/moverdb.com\/sv\/top-49-container-ports\/\" data-internallinksmanager029f6b8e52c=\"80\" title=\"Topp 49 st\u00f6rsta och mest trafikerade containerhamnar 2025\">port<\/a> service<\/li>\n<li>F\u00f6rpackningstj\u00e4nst<\/li>\n<li>Transport p\u00e5 land, i luften eller till sj\u00f6ss<\/li>\n<li>Tullf\u00f6rmedling<\/li>\n<li>Hantering av s\u00e4llskapsdjur<\/li>\n<li>Transport av fordon<\/li>\n<\/ul>\n<p>Worldwide Movers \u00e4r ett packnings- och flyttf\u00f6retag som grundades 2009 och \u00e4r baserat i Colombo. De \u00e4r medlemmar i IAM med 15 \u00e5rs service och \u00e4ven medlemmar i Asian Relocation Association, dessa medlemskap g\u00f6r det m\u00f6jligt f\u00f6r dem att tillhandah\u00e5lla flyttj\u00e4nster var som helst i v\u00e4rlden.<\/p>\n<p>Worldwide Movers erbjuder d\u00f6rr-till-d\u00f6rr- eller d\u00f6rr-till-port-flyttningar nationellt och internationellt. De tillhandah\u00e5ller en packningstj\u00e4nst som inkluderar s\u00e4ker packning av dina f\u00f6rem\u00e5l, demontering och \u00e5termontering av m\u00f6bler och inventarier. De kan ocks\u00e5 hj\u00e4lpa till att flytta dina fordon och husdjur med dig. De erbjuder flyttj\u00e4nster som inkluderar hus- och skols\u00f6kning, orientering, rundturer i omr\u00e5det och st\u00e4dtj\u00e4nster.<\/p>\n<p>Webbplats: <a href=\"https:\/\/w-movers.com\/\" target=\"_blank\" rel=\"noopener\">https:\/\/w-movers.com\/<\/a><\/p>","protected":false},"excerpt":{"rendered":"<p>Are you planning on moving? Then you may want to enlist the services of a moving company as they can assist you with packing, transportation and handling customs when moving abroad. Below we have compiled a list of Sri Lanka based removal companies that are members of the International Association of Movers (IAM) and\/or FIDI [&hellip;]<\/p>\n","protected":false},"author":4,"featured_media":10071,"parent":190,"menu_order":0,"comment_status":"closed","ping_status":"closed","template":"","meta":{"_genesis_hide_title":false,"_genesis_hide_breadcrumbs":false,"_genesis_hide_singular_image":false,"_genesis_hide_footer_widgets":false,"_genesis_custom_body_class":"","_genesis_custom_post_class":"","_genesis_layout":"","footnotes":""},"class_list":{"0":"post-10215","1":"page","2":"type-page","3":"status-publish","4":"has-post-thumbnail","6":"entry"},"_links":{"self":[{"href":"https:\/\/moverdb.com\/sv\/wp-json\/wp\/v2\/pages\/10215","targetHints":{"allow":["GET"]}}],"collection":[{"href":"https:\/\/moverdb.com\/sv\/wp-json\/wp\/v2\/pages"}],"about":[{"href":"https:\/\/moverdb.com\/sv\/wp-json\/wp\/v2\/types\/page"}],"author":[{"embeddable":true,"href":"https:\/\/moverdb.com\/sv\/wp-json\/wp\/v2\/users\/4"}],"replies":[{"embeddable":true,"href":"https:\/\/moverdb.com\/sv\/wp-json\/wp\/v2\/comments?post=10215"}],"version-history":[{"count":1,"href":"https:\/\/moverdb.com\/sv\/wp-json\/wp\/v2\/pages\/10215\/revisions"}],"predecessor-version":[{"id":10216,"href":"https:\/\/moverdb.com\/sv\/wp-json\/wp\/v2\/pages\/10215\/revisions\/10216"}],"up":[{"embeddable":true,"href":"https:\/\/moverdb.com\/sv\/wp-json\/wp\/v2\/pages\/190"}],"wp:featuredmedia":[{"embeddable":true,"href":"https:\/\/moverdb.com\/sv\/wp-json\/wp\/v2\/media\/10071"}],"wp:attachment":[{"href":"https:\/\/moverdb.com\/sv\/wp-json\/wp\/v2\/media?parent=10215"}],"curies":[{"name":"wp","href":"https:\/\/api.w.org\/{rel}","templated":true}]}}