{"id":988,"date":"2017-02-24T08:48:27","date_gmt":"2017-02-24T08:48:27","guid":{"rendered":"http:\/\/moverdb.com\/?page_id=988"},"modified":"2026-01-08T14:40:00","modified_gmt":"2026-01-08T14:40:00","slug":"island-movers","status":"publish","type":"page","link":"https:\/\/moverdb.com\/sl\/island-movers\/","title":{"rendered":"Island Movers - Mednarodni Moving Mnenja"},"content":{"rendered":"<p>Podjetje Island Movers s sede\u017eem v Honoluluju svojim strankam ponuja vrsto selitvenih storitev, ki so navedene spodaj, skupaj s profilom podjetja in pregledi. <\/p>\n<p><strong>Mednarodni premiki - <a href=\"https:\/\/moverdb.com\/sl\/moving-to-the-united-states\/\" data-internallinksmanager029f6b8e52c=\"94\" title=\"Selitev v Zdru\u017eene dr\u017eave Amerike? 2022 \u017divljenjski stro\u0161ki in nasveti za selitev\">ZDA<\/a> in svet<\/strong><\/p>\n<ul>\n<li> Koordinator osebnih potez<\/li>\n<li> Storitev od vrat do vrat<\/li>\n<li> Samostojno pakiranje ali celotna storitev pakiranja<\/li>\n<li> Zagotovljene \u0161katle<\/li>\n<li> Storitev razpakiranja<\/li>\n<li> Pomorski in zra\u010dni tovorni promet<\/li>\n<li> Pomo\u010d pri carinjenju<\/li>\n<li> Urejeno zavarovanje<\/li>\n<\/ul>\n<p><strong>Osebni premiki<\/strong><\/p>\n<ul>\n<li> Na istem otoku - stro\u0161ki glede na \u010das<\/li>\n<li> Na drug otok - stro\u0161ki glede na te\u017eo<\/li>\n<li> Globalno<\/li>\n<li> Samostojno pakiranje ali celotna storitev pakiranja<\/li>\n<li> Zagotovljene \u0161katle<\/li>\n<li> Storitev razpakiranja<\/li>\n<li> Na voljo sta dolgoro\u010dno in kratkoro\u010dno skladi\u0161\u010denje<\/li>\n<li> Na voljo je prenosno skladi\u0161\u010denje<\/li>\n<\/ul>\n<p><strong>Poslovni premiki<\/strong><\/p>\n<ul>\n<li> Majhne ali velike poteze<\/li>\n<li> Priporo\u010dljivo je pakiranje lastnih dokumentov<\/li>\n<li> Na voljo je dolgoro\u010dno in kratkoro\u010dno skladi\u0161\u010denje<\/li>\n<li> Na voljo je prenosno skladi\u0161\u010denje<\/li>\n<li> Demonta\u017ea in ponovna monta\u017ea pohi\u0161tva<\/li>\n<\/ul>\n<p><strong>Druge storitve<\/strong><\/p>\n<ul>\n<li> Skladi\u0161\u010da in skladi\u0161\u010dne enote<\/li>\n<li> Storitve tovornjakov in prevozov<\/li>\n<li> Konsolidirani prevoz tovora med otoki<\/li>\n<li> Storitve skladi\u0161\u010denja in distribucije<\/li>\n<li> Carinska in kmetijska uprava ZDA - Centralna izpitna postaja<\/li>\n<li> Prenova hotela <\/li>\n<li> Pogodbene storitve dostave na dom<\/li>\n<li> Mednarodne kongresne storitve<\/li>\n<li> Pro-File Record Systems<\/li>\n<li> Storitve kurirskih in oklepnih vozil<\/li>\n<li> Skladi\u0161\u010denje in prodaja zabojnikov<\/li>\n<\/ul>\n<h2>Profil podjetja Island Movers<\/h2>\n<p>Island Movers Inc je dru\u017einsko podjetje v lasti <a href=\"https:\/\/moverdb.com\/sl\/moving-to-the-united-states\/moving-to-hawaii\/\" data-internallinksmanager029f6b8e52c=\"403\" title=\"Selitev na Havaje? 2023 \u017divljenjski stro\u0161ki in nasveti za selitev\">Havaji<\/a> ki se je za\u010dela leta 1958. V \u0161estdesetih letih prej\u0161njega stoletja je podjetje prevzel Donald Takaki in od takrat je ostalo v dru\u017eini. To je ponosno havajsko podjetje z mo\u010dnimi povezavami s celino in na mednarodni ravni. Podjetje Island Movers je med 250 najbolj\u0161imi podjetji v dr\u017eavi Havaji. Je najve\u010dje podjetje za raznolike prevozne storitve v regiji. <\/p>\n<p>Podjetje Island Movers je specializirano za splo\u0161ne tovornjake, selitve na dom (lokalne in mednarodne) ter dostavo na dom. Podjetje Island Movers je del skupine Hawktree International Group in zaposluje ve\u010d kot 250 ljudi. Ve\u010dina poslov podjetja Island Movers je namenjena podjetjem, vklju\u010dno z mednarodnimi selitvami zaposlenih. Mednarodne selitve organiziramo prek globalnih partnerstev. <\/p>\n<p>Podjetje Island Movers Inc ima naslednje akreditacije in povezave:<\/p>\n<ul>\n<li> Panameri\u0161ko zdru\u017eenje mednarodnih prevoznikov (PAIMA)<\/li>\n<li> <a href=\"https:\/\/moverdb.com\/sl\/iam\/\">Mednarodno zdru\u017eenje Movers<\/a> (<a href=\"https:\/\/moverdb.com\/sl\/iam\/\" data-internallinksmanager029f6b8e52c=\"23\" title=\"Pojasnila o Mednarodnem zdru\u017eenju gibalcev (IAM)\">IAM<\/a>)<\/li>\n<li> <a href=\"https:\/\/moverdb.com\/sl\/amsa\/\">Ameri\u0161ko zdru\u017eenje za selitve in skladi\u0161\u010denje<\/a> (<a href=\"https:\/\/moverdb.com\/sl\/amsa\/\" data-internallinksmanager029f6b8e52c=\"5\" title=\"Pojasnila o ameri\u0161kem zdru\u017eenju za selitve in skladi\u0161\u010denje (AMSA)\">AMSA<\/a>)<\/li>\n<li> Urad za bolj\u0161e poslovanje (BBB)<\/li>\n<\/ul>\n<h2>Otok Movers Mnenja<\/h2>\n<p><strong>Pozitivno:<\/strong><\/p>\n<ul>\n<li> <em>\"Na\u0161 neverjeten stres in skrb zaradi transpacifi\u010dne selitve sta se zmanj\u0161ala, ko so Island Movers prevzeli na\u0161o selitev in pomagali pri nadzoru celine. <a href=\"https:\/\/moverdb.com\/sl\/moving-companies\/\" data-internallinksmanager029f6b8e52c=\"79\" title=\"Top 25 Mednarodne selitve podjetja Online\">selitev podjetja<\/a> ter nam zagotavljajo dobre nasvete, usposobljenost, toplo storitev za stranke in pravo\u010dasnost. Navdu\u0161en sem ne le nad strokovnostjo in zanesljivostjo podjetja Island Movers, temve\u010d tudi nad toplim duhom aloha, ki so ga izkazali vsi zaposleni v podjetju Island Movers, ki so nam pomagali pri selitvi!\"<\/em> - Jackie <a href=\"http:\/\/www.islandmovers.com\/personal-moves\/customer-testimonials\/\" target=\"_blank\" rel=\"noopener\">pri\u010devanje stranke<\/a><\/li>\n<li> <em>\"Resni\u010dno izjemna storitev!  Zelo sem vesel, da sem \u0161el z najbolj\u0161imi na Havajih!\"<\/em> - Gifford prek <a href=\"https:\/\/www.yelp.com\/biz\/island-movers-inc-honolulu-4?hrid=Ew3UirYLCqyK2kHDFhwl1A&#038;utm_campaign=www_review_share_popup&#038;utm_medium=copy_link&#038;utm_source=(direct)\" target=\"_blank\" rel=\"noopener\">Yelp<\/a><\/li>\n<\/ul>\n<p><strong>Negativno:<\/strong><\/p>\n<ul>\n<li> <em>\"Ne mislim, da bi jih kdaj poklical, da me dostavijo ali premaknejo, vendar je bila izku\u0161nja na splo\u0161no v redu.\"<\/em> - Angela prek <a href=\"https:\/\/www.yelp.com\/biz\/island-movers-inc-honolulu-4?hrid=TFkdEA1IDuuzBJ-Psl0q_w&#038;utm_campaign=www_review_share_popup&#038;utm_medium=copy_link&#038;utm_source=(direct)\" target=\"_blank\" rel=\"noopener\">Yelp<\/a><\/li>\n<\/ul>\n<div itemprop=\"review\" itemscope itemtype=\"http:\/\/schema.org\/Review\">\n<span itemprop=\"author\" itemscope=\"\" itemtype=\"http:\/\/schema.org\/Organization\"><span itemprop=\"name\">MoverDB.com<\/span><\/span> Spletni pregled spletnega mesta za <span itemprop=\"itemreviewed\" itemscope=\"\" itemtype=\"http:\/\/schema.org\/Brand\"><span itemprop=\"name\">Otok Movers<\/span><\/span>:<\/p>\n<ol>\n<li> Jasni kontaktni podatki na spletnem mestu (vklju\u010dno s telefonsko \u0161tevilko): <strong>Da<\/strong><\/li>\n<li> Enostavno pridobivanje <a href=\"https:\/\/moverdb.com\/sl\/citati\/\">premikanje ponudbe<\/a>? (Spletni obrazec za zahtevek za oceno): <strong>Da<\/strong><\/li>\n<li> Jasne informacije na spletnem mestu: <strong>Da,<\/strong> na spletni strani so navedene storitve, ki jih ponujajo, vendar niso podrobno opisane.<\/li>\n<li> \u010clanstvo v mednarodno priznanih organizacijah, ki se ukvarjajo z gibanjem: <strong>Da<\/strong>, (glej zgoraj)<\/li>\n<li> Seznam strank in\/ali pri\u010devanja prej\u0161njih strank: <strong>Da,<\/strong> \u010deprav jih je na njihovi spletni strani le nekaj. Mnenja s spleta so na splo\u0161no pozitivna.<\/li>\n<\/ol>\n<div itemprop=\"reviewRating\" itemscope itemtype=\"http:\/\/schema.org\/Rating\"><meta itemprop=\"worstRating\" content = \"0\" \/><meta itemprop=\"bestRating\" content=\"5\" \/><meta itemprop=\"ratingValue\" content=\"4.5\"><\/div>\n<p><strong>Skupna ocena: 4,5\/5<\/strong><br \/>\n<strong>Datum pregleda:<\/strong> <span itemprop=\"datePublished\" content=\"2017-02-24\">24\/02\/2017<\/span>\n<\/div>\n<p>Preberite ve\u010d o <a href=\"https:\/\/moverdb.com\/sl\/selitev-podjetja\/\">mednarodni selitveni delavci<\/a> in na\u0161e <a href=\"https:\/\/moverdb.com\/sl\/pregledi\/\">postopek pregleda<\/a>.<\/p>\n<p><strong>Spletna stran:<\/strong> <a href=\"http:\/\/www.islandmovers.com\/\" target=\"_blank\" rel=\"noopener\">http:\/\/www.islandmovers.com\/<\/a><\/p>","protected":false},"excerpt":{"rendered":"<p>Island Movers is based in Honolulu and offers its customers a range of moving services which are list below, together with a company profile and reviews. International Moves &#8211; US and the World Personal move coordinator Door to door service Self-packing or full packing service Cartons provided Unpacking service Sea freight and air freight Assistance [&hellip;]<\/p>\n","protected":false},"author":1,"featured_media":0,"parent":0,"menu_order":0,"comment_status":"closed","ping_status":"closed","template":"","meta":{"_genesis_hide_title":false,"_genesis_hide_breadcrumbs":false,"_genesis_hide_singular_image":false,"_genesis_hide_footer_widgets":false,"_genesis_custom_body_class":"","_genesis_custom_post_class":"","_genesis_layout":"","footnotes":""},"class_list":{"0":"post-988","1":"page","2":"type-page","3":"status-publish","5":"entry"},"_links":{"self":[{"href":"https:\/\/moverdb.com\/sl\/wp-json\/wp\/v2\/pages\/988","targetHints":{"allow":["GET"]}}],"collection":[{"href":"https:\/\/moverdb.com\/sl\/wp-json\/wp\/v2\/pages"}],"about":[{"href":"https:\/\/moverdb.com\/sl\/wp-json\/wp\/v2\/types\/page"}],"author":[{"embeddable":true,"href":"https:\/\/moverdb.com\/sl\/wp-json\/wp\/v2\/users\/1"}],"replies":[{"embeddable":true,"href":"https:\/\/moverdb.com\/sl\/wp-json\/wp\/v2\/comments?post=988"}],"version-history":[{"count":4,"href":"https:\/\/moverdb.com\/sl\/wp-json\/wp\/v2\/pages\/988\/revisions"}],"predecessor-version":[{"id":13166,"href":"https:\/\/moverdb.com\/sl\/wp-json\/wp\/v2\/pages\/988\/revisions\/13166"}],"wp:attachment":[{"href":"https:\/\/moverdb.com\/sl\/wp-json\/wp\/v2\/media?parent=988"}],"curies":[{"name":"wp","href":"https:\/\/api.w.org\/{rel}","templated":true}]}}