{"id":955,"date":"2016-07-24T19:52:53","date_gmt":"2016-07-24T19:52:53","guid":{"rendered":"http:\/\/moverdb.com\/?page_id=955"},"modified":"2026-01-08T15:21:02","modified_gmt":"2026-01-08T15:21:02","slug":"nas-kanada-premikovalci","status":"publish","type":"page","link":"https:\/\/moverdb.com\/sl\/us-canada-movers\/","title":{"rendered":"Top 100 Doma\u010di &amp; Mednarodni Movers v ZDA &amp; Kanada"},"content":{"rendered":"<p>Spodaj je seznam 100 najve\u010djih doma\u010dih in <a href=\"https:\/\/moverdb.com\/sl\/selitev-podjetja\/\">mednarodna selitvena podjetja<\/a> the <a href=\"https:\/\/moverdb.com\/sl\/moving-to-the-united-states\/\" data-internallinksmanager029f6b8e52c=\"94\" title=\"Selitev v Zdru\u017eene dr\u017eave Amerike? 2022 \u017divljenjski stro\u0161ki in nasveti za selitev\">Zdru\u017eene dr\u017eave Amerike<\/a> in . <a href=\"https:\/\/moverdb.com\/sl\/moving-to-canada\/\" data-internallinksmanager029f6b8e52c=\"265\" title=\"Selitev v Kanado? 2023 \u017divljenjski stro\u0161ki in nasveti za selitev\">Kanada<\/a> na podlagi \u0161tevila registriranih tovornjakov v njihovem voznem parku. <\/p>\n<p>Eno od teh podjetij bo verjetno pravo za va\u0161o mednarodno, meddr\u017eavno in\/ali meddr\u017eavno selitev.<\/p>\n<p><img loading=\"lazy\" decoding=\"async\" width=\"720\" height=\"480\" src=\"https:\/\/moverdb.com\/wp-content\/uploads\/Moving-truck.jpeg\" alt=\"tovornjak za selitev\" class=\"aligncenter size-full wp-image-1083\" srcset=\"https:\/\/moverdb.com\/wp-content\/uploads\/Moving-truck.jpeg 720w, https:\/\/moverdb.com\/wp-content\/uploads\/Moving-truck-300x200.jpeg 300w, https:\/\/moverdb.com\/wp-content\/uploads\/Moving-truck-600x400.jpeg 600w\" sizes=\"auto, (max-width: 720px) 100vw, 720px\" \/><\/p>\n<p>Podatki izvirajo iz <a href=\"http:\/\/www.movingcompanyreviews.com\/100-largest-moving-companies-of-the-us-and-canada\" target=\"_blank\" rel=\"noopener\">MovingCompanyReviews.com<\/a> ki prikazuje najnovej\u0161o velikost voznega parka in lokacijo sede\u017ea vsakega podjetja.<\/p>\n<p>V nadaljevanju si lahko preberete profile posameznih podjetij: <\/p>\n<ol>\n<li> <a href=\"https:\/\/moverdb.com\/sl\/united-van-lines\/\"><strong>United Van Lines<\/strong><\/a> - Ponuja doma\u010de selitve v Zdru\u017eenih dr\u017eavah Amerike in Kanadi ter mednarodne selitve po vsem svetu.<\/li>\n<li> <a href=\"https:\/\/moverdb.com\/sl\/u-pack-moving\/\"><strong>U-Pack Moving<\/strong><\/a> - ABF U-Pack Moving svojim strankam ponuja razli\u010dne storitve za selitev ter samostojno pakiranje in razpakiranje v ZDA, Kanadi in Portoriku. <\/li>\n<li> <a href=\"https:\/\/moverdb.com\/sl\/atlas-van-lines-international\/\"><strong>Atlas Van Lines<\/strong><\/a> - Ponuja doma\u010de selitve pod blagovno znamko Atlas Van Lines in mednarodne selitve pod blagovno znamko Atlas Van Lines International. Obe sta v lasti skupine Atlas World Group.<\/li>\n<li> <a href=\"https:\/\/moverdb.com\/sl\/mayflower-transit\/\"><strong>Mayflower Transit<\/strong><\/a> - Mayflower Transit ponuja \u0161iroko paleto storitev, od selitve in skladi\u0161\u010denja po lastni izbiri do prilagojenih celovitih mednarodnih storitev. <\/li>\n<li> <a href=\"https:\/\/moverdb.com\/sl\/allied-van-lines\/\"><strong>Allied Van Lines<\/strong><\/a> - Podjetje Allied Van Lines Inc se nahaja v mestu Fort Wayne v zvezni dr\u017eavi IN in svojim strankam ponuja razli\u010dne storitve, vklju\u010dno s sledenjem po\u0161iljkam 24 ur na dan 7 dni v tednu, pomo\u010djo pri carinjenju, angle\u0161ko govore\u010dim osebjem na obeh koncih selitve in odstranitvijo pakirnega materiala.<\/li>\n<li> <a href=\"https:\/\/moverdb.com\/sl\/north-american-van-lines\/\"><strong>North American Van Lines<\/strong><\/a> - Dru\u017eba North American Van Lines svojim strankam ponuja storitve za mednarodne, korporativne in doma\u010de selitve.<\/li>\n<li> <a href=\"https:\/\/moverdb.com\/sl\/wheaton\/\"><strong>Wheaton World Wide Moving<\/strong><\/a> - Podjetje Wheaton World Wide Moving (prej Wheaton Van Lines) svojim strankam ponuja vrsto storitev, od mednarodnih do lokalnih selitev.<\/li>\n<li> <a href=\"https:\/\/moverdb.com\/sl\/bekins-van-lines\/\"><strong>Bekins Van Lines<\/strong><\/a> - Podjetje Bekins Van Lines ima sede\u017e v Indianapolisu IN. Svojim strankam ponujajo razli\u010dne selitvene storitve, vklju\u010dno z mednarodnimi selitvami in selitvami velikih vrednosti.<\/li>\n<li> <a href=\"https:\/\/moverdb.com\/sl\/graebel-van-lines\/\"><strong>Graebel Van Lines<\/strong><\/a> - Dru\u017eba Graebel Van Lines ima sede\u017e v mestu Aurora v zvezni dr\u017eavi Kolorado, med njenimi strankami pa so podjetja s seznama Fortune 500 ter DEA, FBI, IRS in CDC.<\/li>\n<li> <a href=\"https:\/\/moverdb.com\/sl\/arpin-van-lines\/\"><strong>Arpin Van Lines<\/strong><\/a> - Podjetje Arpin Van Lines ima sede\u017e v West Warwicku, RI, in opravlja voja\u0161ke in gospodinjske selitve v dr\u017eavi in tujini. Ponujajo tudi storitve skladi\u0161\u010denja, kot sta skladi\u0161\u010denje s kontrolirano klimo in skladi\u0161\u010denje v zabojnikih.<\/li>\n<li> <a href=\"https:\/\/moverdb.com\/sl\/stevens-worldwide-van-lines\/\">Stevens Worldwide Van Lines<\/a> - Stevens Worldwide Van Lines s sede\u017eem v Saginaw MI ponujajo lokalne, zunanje, dolge in mednarodne premike za gospodinjstva, podjetja, vojsko in duhov\u0161\u010dino.<\/li>\n<li> <a href=\"https:\/\/moverdb.com\/sl\/amj-campbell-van-lines\/\">AMJ Campbell Van Lines<\/a> - Podjetje AMJ Campbell Van Lines ima sede\u017e v <a href=\"https:\/\/moverdb.com\/sl\/selitev-v-toronto\/\">Toronto<\/a>v Kanadi in je eden najve\u010djih kanadskih <a href=\"https:\/\/moverdb.com\/sl\/moving-companies\/\" data-internallinksmanager029f6b8e52c=\"79\" title=\"Top 25 Mednarodne selitve podjetja Online\">selitvena podjetja<\/a> za doma\u010de in mednarodne selitve.<\/li>\n<li> <a href=\"https:\/\/moverdb.com\/sl\/suddath\/\">Suddath<\/a> - Dru\u017eina podjetij, ki ponujajo vrsto doma\u010dih in mednarodnih selitvenih storitev, vklju\u010dno s selitvami stanovanj, podjetij in vladnih slu\u017eb.<\/li>\n<li> <a href=\"https:\/\/moverdb.com\/sl\/covan-world-wide\/\">Covan WorldWide Moving<\/a> - Dru\u017eba Covan ima ve\u010d kot 200 meddr\u017eavnih operativnih enot in 600 enot za lokalne selitve. Njegovo poslanstvo je biti vodilni na podro\u010dju mednarodnih prevoznih storitev.<\/li>\n<li> <a href=\"https:\/\/moverdb.com\/sl\/armstrong-relokacija\/\">Armstrong Selitev<\/a> - Podjetje Armstrong Relocation je danes najve\u010dji blagovni zastopnik dru\u017ebe United Van Lines in ima 22 pisarn v ZDA.<\/li>\n<li> <a href=\"https:\/\/moverdb.com\/sl\/williams-moving-storage\/\">Williams Moving &amp; Storage<\/a> - Williams Moving and Storage je kanadsko podjetje, ki se ukvarja z lokalnimi in mednarodnimi selitvami posameznikov in podjetij.<\/li>\n<li> <a href=\"https:\/\/moverdb.com\/sl\/beltmann-relokacija\/\">Beltmann Relocation Group<\/a> - Dru\u017eina Battina jo je ustanovila leta 1955 in je \u0161e vedno v dru\u017einski lasti. Je eden najve\u010djih in najstarej\u0161ih zastopnikov dru\u017ebe North American Van Lines.<\/li>\n<li> <a href=\"https:\/\/moverdb.com\/sl\/national-van-lines\/\">National Van Lines<\/a> - Geslo podjetja je \"Moving Your Memories\" (Premikamo va\u0161e spomine), ki tako osebje kot stranke opozarja, da so osebne stvari dragocene in da bodo z njimi vedno ravnali skrbno.<\/li>\n<li> <a href=\"https:\/\/moverdb.com\/sl\/bergerjevi-zavezniki\/\">Berger Allied (prenos in skladi\u0161\u010denje)<\/a> - Podjetje Berger Transfer and Storage deluje \u017ee od leta 1910. Sodeluje s posamezniki, podjetji in vladnimi agencijami. <\/li>\n<li> Lawrence Transportni sistemi<\/li>\n<li> <a href=\"https:\/\/moverdb.com\/sl\/mccollisters-moving\/\">Transportna skupina McCollister's Transportation Group<\/a> - McCollister's je zasebno podjetje in je zastopnik skupine UniGroup Inc., ki vklju\u010duje dru\u017ebi United Van Lines in Mayflower Transit. (glej zgoraj)<\/li>\n<li> <a href=\"https:\/\/moverdb.com\/sl\/druzba-coleman-po-vsem-svetu-premikanje\/\">Coleman Worldwide Moving<\/a> - Coleman Worldwide Moving, znan tudi kot Coleman American Moving Services &amp; Coleman Allied, ponuja doma\u010de in mednarodne premike.<\/li>\n<li> <a href=\"https:\/\/moverdb.com\/sl\/hilldrup-moving-storage\/\">Hilldrup Moving &amp; Storage<\/a> - Ponuja storitve, kot so pomo\u010d pri selitvi, upravljanje selitev, skladi\u0161\u010denje, odhodne storitve, destinacijske storitve in drugo.<\/li>\n<li> <a href=\"https:\/\/moverdb.com\/sl\/american-red-ball-transit\/\">Ameri\u0161ko podjetje Red Ball Transit Company<\/a> - S sede\u017eem v Indianapolisu se osredoto\u010da na doma\u010de storitve v ZDA.<\/li>\n<li> New World Van Lines<\/li>\n<li> Palmer Moving &amp; Storage<\/li>\n<li> Mergenthaler Prenos in skladi\u0161\u010denje<\/li>\n<li> Scobey Moving and Storage LTD<\/li>\n<li> Corrigan Moving Systems<\/li>\n<li> Tovorni sistem Tri Star<\/li>\n<li> Stradajo\u010di u\u010denci<\/li>\n<li> A-1 Freeman Moving Companies<\/li>\n<li> Daryl Flood Selitev in logistika<\/li>\n<li> JK Moving &amp; Storage<\/li>\n<li> Ace sistemi za premestitev<\/li>\n<li> Ford Storage &amp; Moving Company<\/li>\n<li> Budd Van Lines<\/li>\n<li> Letala Premikanje in skladi\u0161\u010denje<\/li>\n<li> Ne\u017eno Giant Moving Company<\/li>\n<li> <a href=\"https:\/\/moverdb.com\/sl\/island-movers\/\">Otok Movers<\/a> - Ponuja storitve selitve na havajske otoke in z njih, tako iz Zdru\u017eenih dr\u017eav Amerike kot mednarodno.<\/li>\n<li> Mesa Moving &amp; Storage<\/li>\n<li> Ameri\u0161ki mednarodni Movers<\/li>\n<li> Ameri\u0161ki Movers<\/li>\n<li> Arnoff Moving &amp; Storage,<\/li>\n<li> Fidelity Moving &amp; Storage Company<\/li>\n<li> Mednarodna podjetja Lile<\/li>\n<li> Carlyle Van Lines<\/li>\n<li> Pravi prevoznik<\/li>\n<li> Andrews Van Lines<\/li>\n<li> Sherwood Van Lines<\/li>\n<li> Bisson Moving &amp; Storage<\/li>\n<li> Bohrenova selitev in skladi\u0161\u010denje,<\/li>\n<li> Izberite Van &amp; Storage<\/li>\n<li> Broadway Express<\/li>\n<li> FlatRate Moving<\/li>\n<li> Smith Dray Line &amp; Storage<\/li>\n<li> Sourdough Express<\/li>\n<li> Ju\u017eni hribi Movers<\/li>\n<li> Fisher North American<\/li>\n<li> Interstate Van Lines\/Interstate Worldwide<\/li>\n<li> Ward North American<\/li>\n<li> Vzhodno <a href=\"https:\/\/moverdb.com\/sl\/moving-to-the-united-states\/moving-to-tennessee\/\" data-internallinksmanager029f6b8e52c=\"406\" title=\"Selitev v Tennessee? 2023 \u017divljenjski stro\u0161ki in nasveti za selitev\">Tennessee<\/a> Selitev\/Dva mo\u017ea in tovornjak<\/li>\n<li> Skupina Imlach<\/li>\n<li> Air Van Moving<\/li>\n<li> Zapu\u0161\u010dina Transportne storitve<\/li>\n<li> Tippet-Richardson<\/li>\n<li> Atlanti\u010dni premestitveni sistemi<\/li>\n<li> Carey Moving &amp; Storage<\/li>\n<li> A Arnold premestitev svetovnega razreda<\/li>\n<li> William B. Meyer<\/li>\n<li> Horizon Moving Systems<\/li>\n<li> Parki Moving &amp; Storage<\/li>\n<li> Highland Moving &amp; Storage<\/li>\n<li> Delancey Street Moving &amp; Transportation<\/li>\n<li> Armstrong Selitev<\/li>\n<li> Zvezna podjetja<\/li>\n<li> Hoyt's Moving &amp; Storage<\/li>\n<li> Johnson Storage and Moving<\/li>\n<li> Nor-Cal Moving Services<\/li>\n<li> <a href=\"https:\/\/moverdb.com\/sl\/royal-hawaiian-movers\/\">Royal Hawaiian Movers<\/a> - Royal Hawaiian Movers je del skupine podjetij DeWitt, ki svojim strankam ponuja razli\u010dne lokalne, med oto\u0161ke, celinske in mednarodne premike.<\/li>\n<li> Central Van &amp; Storage,<\/li>\n<li> <a href=\"https:\/\/moverdb.com\/sl\/premikanje-krosenj\/\">Crown Moving Co<\/a> - Zdaj zaprt, s sede\u017eem v <a href=\"https:\/\/moverdb.com\/sl\/moving-to-seattle\/\" data-internallinksmanager029f6b8e52c=\"65\" title=\"Selitev v Seattle? 2022 \u017divljenjski stro\u0161ki in nasveti za selitev\">Seattle<\/a>.<\/li>\n<li> Fry-Wagner Moving and Storage Co<\/li>\n<li> B. Von <a href=\"https:\/\/moverdb.com\/sl\/moving-to-france\/moving-to-paris\/\" data-internallinksmanager029f6b8e52c=\"407\" title=\"Selitev v Pariz? 2023 \u017divljenjski stro\u0161ki in nasveti za selitev\">Pariz<\/a> Premikanje in shranjevanje<\/li>\n<li> O'Brien's Moving &amp; Storage<\/li>\n<li> Podjetje Piqua Transfer &amp; Storage Company<\/li>\n<li> Joyce Van Lines,<\/li>\n<li> Plycon Transportation Group<\/li>\n<li> AAA Moving &amp; Storage<\/li>\n<li> Aaction Moving &amp; Storage<\/li>\n<li> Alero Selitev in skladi\u0161\u010denje<\/li>\n<li> DMS Moving Systems<\/li>\n<li> George Moving &amp; Storage<\/li>\n<li> Glen Ellyn Storage Corporation<\/li>\n<li> Piepho Moving and Storage<\/li>\n<li> Eagle Van Lines<\/li>\n<li> Roadrunner Moving and Storage<\/li>\n<li> Lint Van Lines<\/li>\n<li> Pacific Transfer<\/li>\n<li> Paxton Van Lines<\/li>\n<\/ol>","protected":false},"excerpt":{"rendered":"<p>Below you will find a list of the top 100 largest domestic and international moving companies the United States and Canada based on the number of registered trucks in their fleet. One of these companies is likely to be the right one for your international, long distance and\/or interstate move. The data comes from MovingCompanyReviews.com [&hellip;]<\/p>\n","protected":false},"author":1,"featured_media":1083,"parent":0,"menu_order":0,"comment_status":"closed","ping_status":"closed","template":"","meta":{"_genesis_hide_title":false,"_genesis_hide_breadcrumbs":false,"_genesis_hide_singular_image":false,"_genesis_hide_footer_widgets":false,"_genesis_custom_body_class":"","_genesis_custom_post_class":"","_genesis_layout":"","footnotes":""},"class_list":{"0":"post-955","1":"page","2":"type-page","3":"status-publish","4":"has-post-thumbnail","6":"entry"},"_links":{"self":[{"href":"https:\/\/moverdb.com\/sl\/wp-json\/wp\/v2\/pages\/955","targetHints":{"allow":["GET"]}}],"collection":[{"href":"https:\/\/moverdb.com\/sl\/wp-json\/wp\/v2\/pages"}],"about":[{"href":"https:\/\/moverdb.com\/sl\/wp-json\/wp\/v2\/types\/page"}],"author":[{"embeddable":true,"href":"https:\/\/moverdb.com\/sl\/wp-json\/wp\/v2\/users\/1"}],"replies":[{"embeddable":true,"href":"https:\/\/moverdb.com\/sl\/wp-json\/wp\/v2\/comments?post=955"}],"version-history":[{"count":40,"href":"https:\/\/moverdb.com\/sl\/wp-json\/wp\/v2\/pages\/955\/revisions"}],"predecessor-version":[{"id":6247,"href":"https:\/\/moverdb.com\/sl\/wp-json\/wp\/v2\/pages\/955\/revisions\/6247"}],"wp:featuredmedia":[{"embeddable":true,"href":"https:\/\/moverdb.com\/sl\/wp-json\/wp\/v2\/media\/1083"}],"wp:attachment":[{"href":"https:\/\/moverdb.com\/sl\/wp-json\/wp\/v2\/media?parent=955"}],"curies":[{"name":"wp","href":"https:\/\/api.w.org\/{rel}","templated":true}]}}