{"id":9523,"date":"2023-06-08T12:38:02","date_gmt":"2023-06-08T12:38:02","guid":{"rendered":"https:\/\/moverdb.com\/?page_id=9523"},"modified":"2026-01-08T15:30:15","modified_gmt":"2026-01-08T15:30:15","slug":"moving-companies-slovakia","status":"publish","type":"page","link":"https:\/\/moverdb.com\/sl\/moving-companies\/moving-companies-slovakia\/","title":{"rendered":"Najbolj\u0161a podjetja za mednarodno selitev na Slova\u0161kem"},"content":{"rendered":"<p>Razmi\u0161ljate o selitvi doma ali podjetja v ali iz <a href=\"https:\/\/moverdb.com\/sl\/moving-to-slovakia\/\" data-internallinksmanager029f6b8e52c=\"338\" title=\"Selitev na Slova\u0161ko? 2023 \u017divljenjski stro\u0161ki in nasveti za selitev\">Slova\u0161ka<\/a>? \u010ce je tako, boste morda \u017eeleli izkoristiti storitve selitvenega agenta, da bi zmanj\u0161ali delo in stres. V nadaljevanju smo pripravili seznam slova\u0161kih <a href=\"https:\/\/moverdb.com\/sl\/international-removals\/\" data-internallinksmanager029f6b8e52c=\"27\" title=\"36 najbolj\u0161ih podjetij za mednarodne selitve v Zdru\u017eenem kraljestvu\">podjetja za selitve<\/a> ki so \u010dlani <a href=\"https:\/\/moverdb.com\/sl\/iam\/\" data-internallinksmanager029f6b8e52c=\"23\" title=\"Pojasnila o Mednarodnem zdru\u017eenju gibalcev (IAM)\">Mednarodno zdru\u017eenje movers<\/a> (IAM) in\/ali <a href=\"https:\/\/moverdb.com\/sl\/fidi-faim\/\" data-internallinksmanager029f6b8e52c=\"16\" title=\"Pojasnila o FIDI in FAIM (FIDI Accredited International Mover)\">FIDI<\/a> akreditirani mednarodni selitveni delavci (FAIM), ki vam lahko pomagajo pri selitvi.<\/p>\n<h2><strong>Santa Fe premestitev<\/strong><\/h2>\n<p><img loading=\"lazy\" decoding=\"async\" class=\"alignnone size-full wp-image-9422\" src=\"https:\/\/moverdb.com\/wp-content\/uploads\/Santa-Fe-Relocation-Slovakia-international-moving-company.png\" alt=\"Santa Fe Relocation Slova\u0161ka mednarodna selitev podjetje\" width=\"1440\" height=\"677\" data-wp-pid=\"9422\" srcset=\"https:\/\/moverdb.com\/wp-content\/uploads\/Santa-Fe-Relocation-Slovakia-international-moving-company.png 1440w, https:\/\/moverdb.com\/wp-content\/uploads\/Santa-Fe-Relocation-Slovakia-international-moving-company-300x141.png 300w, https:\/\/moverdb.com\/wp-content\/uploads\/Santa-Fe-Relocation-Slovakia-international-moving-company-1024x481.png 1024w, https:\/\/moverdb.com\/wp-content\/uploads\/Santa-Fe-Relocation-Slovakia-international-moving-company-18x8.png 18w, https:\/\/moverdb.com\/wp-content\/uploads\/Santa-Fe-Relocation-Slovakia-international-moving-company-600x282.png 600w\" sizes=\"auto, (max-width: 1440px) 100vw, 1440px\" \/><\/p>\n<ul>\n<li>Nacionalna poteza<\/li>\n<li>Mednarodne selitve<\/li>\n<li>Selitve gospodinjstev<\/li>\n<li>Selitve podjetij<\/li>\n<li>Storitev pakiranja<\/li>\n<li>Letalski, pomorski in cestni prevoz<\/li>\n<li>Carinjenje<\/li>\n<li>Premestitev hi\u0161nih ljubljen\u010dkov<\/li>\n<li>Vizumi in priseljevanje<\/li>\n<li>Kratkoro\u010dno in dolgoro\u010dno skladi\u0161\u010denje<\/li>\n<\/ul>\n<p>Santa Fe Relocation je mednarodno podjetje za selitve, ki ima 64 pisarn v 38 dr\u017eavah. Svojo slova\u0161ko pisarno je odprlo leta 2002 v Bratislavi. Z 21 leti delovanja so \u010dlani zdru\u017eenja IAM in so akreditirani pri FIDI.<\/p>\n<p>Santa Fe Relocation vam ponuja mo\u017enost pregleda na domu ali videoposnetka in posvetovanja pred selitvijo, da bi ugotovili, kak\u0161ne so va\u0161e potrebe. Nudijo storitev pakiranja predmetov in pohi\u0161tva ter poskrbijo za letalski, pomorski ali cestni prevoz s carinjenjem.  Ponujajo razli\u010dne dodatke, vklju\u010dno z za\u0161\u010dito po\u0161iljke, skladi\u0161\u010denjem, iskanjem doma in \u0161ole, storitvami za vselitev, podporo pri odhodu in preselitvijo hi\u0161nih ljubljen\u010dkov, <a href=\"https:\/\/moverdb.com\/sl\/car-transport-shipping\/\" data-internallinksmanager029f6b8e52c=\"2\" title=\"2026 Kvote za mednarodni prevoz avtomobilov in prevoz vozil\">prevoz vozil<\/a>ter pomo\u010d pri izdajanju vizumov in priseljevanju.<\/p>\n<p>Spletna stran: <a href=\"https:\/\/www.santaferelo.com\/en\/contact\/our-offices\/slovakia-bratislava\/\" target=\"_blank\" rel=\"noopener\">https:\/\/www.santaferelo.com\/en\/contact\/our-offices\/slovakia-bratislava\/<\/a><\/p>\n<h2>Drugi uporabni vodniki za Slova\u0161ko<\/h2>\n<ul>\n<li> <a href=\"https:\/\/moverdb.com\/sl\/moving-to-slovakia\/moving-to-slovakia-from-the-uk\/\">Selitev na Slova\u0161ko iz Zdru\u017eenega kraljestva<\/a><\/li>\n<li> <a href=\"https:\/\/moverdb.com\/sl\/moving-to-slovakia\/\">Selitev na Slova\u0161ko? 2024 \u017divljenjski stro\u0161ki in nasveti za selitev<\/a><\/li>\n<\/ul>","protected":false},"excerpt":{"rendered":"<p>Are you thinking of moving home or your business within, to or from Slovakia? If you are then you may want to enlist the services of a moving agent to reduce the work involved and the stress. Below we have compiled a list of Slovakian removal companies that are members of the International Association of [&hellip;]<\/p>\n","protected":false},"author":4,"featured_media":9422,"parent":190,"menu_order":0,"comment_status":"closed","ping_status":"closed","template":"","meta":{"_genesis_hide_title":false,"_genesis_hide_breadcrumbs":false,"_genesis_hide_singular_image":false,"_genesis_hide_footer_widgets":false,"_genesis_custom_body_class":"","_genesis_custom_post_class":"","_genesis_layout":"","footnotes":""},"class_list":{"0":"post-9523","1":"page","2":"type-page","3":"status-publish","4":"has-post-thumbnail","6":"entry"},"_links":{"self":[{"href":"https:\/\/moverdb.com\/sl\/wp-json\/wp\/v2\/pages\/9523","targetHints":{"allow":["GET"]}}],"collection":[{"href":"https:\/\/moverdb.com\/sl\/wp-json\/wp\/v2\/pages"}],"about":[{"href":"https:\/\/moverdb.com\/sl\/wp-json\/wp\/v2\/types\/page"}],"author":[{"embeddable":true,"href":"https:\/\/moverdb.com\/sl\/wp-json\/wp\/v2\/users\/4"}],"replies":[{"embeddable":true,"href":"https:\/\/moverdb.com\/sl\/wp-json\/wp\/v2\/comments?post=9523"}],"version-history":[{"count":3,"href":"https:\/\/moverdb.com\/sl\/wp-json\/wp\/v2\/pages\/9523\/revisions"}],"predecessor-version":[{"id":17867,"href":"https:\/\/moverdb.com\/sl\/wp-json\/wp\/v2\/pages\/9523\/revisions\/17867"}],"up":[{"embeddable":true,"href":"https:\/\/moverdb.com\/sl\/wp-json\/wp\/v2\/pages\/190"}],"wp:featuredmedia":[{"embeddable":true,"href":"https:\/\/moverdb.com\/sl\/wp-json\/wp\/v2\/media\/9422"}],"wp:attachment":[{"href":"https:\/\/moverdb.com\/sl\/wp-json\/wp\/v2\/media?parent=9523"}],"curies":[{"name":"wp","href":"https:\/\/api.w.org\/{rel}","templated":true}]}}