{"id":9518,"date":"2023-06-08T12:39:44","date_gmt":"2023-06-08T12:39:44","guid":{"rendered":"https:\/\/moverdb.com\/?page_id=9518"},"modified":"2026-01-08T15:24:25","modified_gmt":"2026-01-08T15:24:25","slug":"moving-companies-serbia","status":"publish","type":"page","link":"https:\/\/moverdb.com\/sl\/moving-companies\/moving-companies-serbia\/","title":{"rendered":"3 Najbolj\u0161a mednarodna selitvena podjetja v Srbiji"},"content":{"rendered":"<p>\u010ce na\u010drtujete selitev znotraj Srbije, v Srbijo ali iz nje, morda razmi\u0161ljate o uporabi storitev <a href=\"https:\/\/moverdb.com\/sl\/moving-companies\/\" data-internallinksmanager029f6b8e52c=\"79\" title=\"Top 25 Mednarodne selitve podjetja Online\">selitev podjetja<\/a> za pomo\u010d pri pakiranju, prevozu in dokumentaciji. V nadaljevanju smo pripravili seznam srbskih <a href=\"https:\/\/moverdb.com\/sl\/international-removals\/\" data-internallinksmanager029f6b8e52c=\"27\" title=\"36 najbolj\u0161ih podjetij za mednarodne selitve v Zdru\u017eenem kraljestvu\">podjetja za selitve<\/a> ki so \u010dlani <a href=\"https:\/\/moverdb.com\/sl\/iam\/\" data-internallinksmanager029f6b8e52c=\"23\" title=\"Pojasnila o Mednarodnem zdru\u017eenju gibalcev (IAM)\">Mednarodno zdru\u017eenje movers<\/a> (IAM) in\/ali <a href=\"https:\/\/moverdb.com\/sl\/fidi-faim\/\" data-internallinksmanager029f6b8e52c=\"16\" title=\"Pojasnila o FIDI in FAIM (FIDI Accredited International Mover)\">FIDI<\/a> akreditirani mednarodni selitveni urad (FAIM), ki vam lahko pomaga pri selitvi.<\/p>\n<h2><strong>1. Balkanske selitve<\/strong><\/h2>\n<p><img loading=\"lazy\" decoding=\"async\" class=\"alignnone size-full wp-image-9337\" src=\"https:\/\/moverdb.com\/wp-content\/uploads\/Balkan-Relocations-international-moving-company.png\" alt=\"Balkan Relocations mednarodna selitev podjetje\" width=\"1440\" height=\"677\" data-wp-pid=\"9337\" srcset=\"https:\/\/moverdb.com\/wp-content\/uploads\/Balkan-Relocations-international-moving-company.png 1440w, https:\/\/moverdb.com\/wp-content\/uploads\/Balkan-Relocations-international-moving-company-300x141.png 300w, https:\/\/moverdb.com\/wp-content\/uploads\/Balkan-Relocations-international-moving-company-1024x481.png 1024w, https:\/\/moverdb.com\/wp-content\/uploads\/Balkan-Relocations-international-moving-company-18x8.png 18w, https:\/\/moverdb.com\/wp-content\/uploads\/Balkan-Relocations-international-moving-company-600x282.png 600w\" sizes=\"auto, (max-width: 1440px) 100vw, 1440px\" \/><\/p>\n<ul>\n<li>Lokalni premiki<\/li>\n<li>Mednarodne selitve<\/li>\n<li>Selitve gospodinjstev<\/li>\n<li>Premiki podjetij<\/li>\n<li>Mo\u017enosti pakiranja<\/li>\n<li>Kopenski, pomorski in zra\u010dni prevoz<\/li>\n<li>Carinske storitve<\/li>\n<li>Premiki hi\u0161nih ljubljen\u010dkov<\/li>\n<li>Zavarovanje<\/li>\n<li>Prostori za shranjevanje<\/li>\n<\/ul>\n<p>Balkan Relocations je selitvena, logisti\u010dna in transportna slu\u017eba, ki deluje v Beogradu. So del globalne mre\u017ee selitvenih agentov in storitvenih partnerjev, ki jim pomagajo pri izvajanju storitev zunaj Srbije. S \u0161estimi leti delovanja so \u010dlani zdru\u017eenja IAM.<\/p>\n<p>Podjetje Balkan Relocations ponuja storitev selitve od vrat do vrat z izbiro mo\u017enosti pakiranja, ki vklju\u010duje samo krhko pakiranje, samostojno pakiranje z zagotovljenim pakirnim materialom in popolno pakiranje. Zagotavljajo prevoz po vsem svetu po kopnem, morju ali zraku s carinsko pomo\u010djo in zavarovanjem. Nudijo tudi storitve namestitve in monta\u017ee, selitve hi\u0161nih ljubljen\u010dkov, selitvene storitve in pomo\u010d pri priseljevanju.<\/p>\n<p>Spletna stran: <a href=\"http:\/\/www.balkanrelocations.com\" target=\"_blank\" rel=\"noopener\">http:\/\/www.balkanrelocations.com<\/a><\/p>\n<h2><strong>2. Orphee Beinoglou<\/strong><\/h2>\n<p><img loading=\"lazy\" decoding=\"async\" class=\"alignnone size-full wp-image-9408\" src=\"https:\/\/moverdb.com\/wp-content\/uploads\/Orphee-Beinoglou-Serbia-international-moving-company.png\" alt=\"Orphee Beinoglou Srbija mednarodno selitev podjetja\" width=\"1440\" height=\"680\" data-wp-pid=\"9408\" srcset=\"https:\/\/moverdb.com\/wp-content\/uploads\/Orphee-Beinoglou-Serbia-international-moving-company.png 1440w, https:\/\/moverdb.com\/wp-content\/uploads\/Orphee-Beinoglou-Serbia-international-moving-company-300x142.png 300w, https:\/\/moverdb.com\/wp-content\/uploads\/Orphee-Beinoglou-Serbia-international-moving-company-1024x484.png 1024w, https:\/\/moverdb.com\/wp-content\/uploads\/Orphee-Beinoglou-Serbia-international-moving-company-18x9.png 18w, https:\/\/moverdb.com\/wp-content\/uploads\/Orphee-Beinoglou-Serbia-international-moving-company-600x283.png 600w\" sizes=\"auto, (max-width: 1440px) 100vw, 1440px\" \/><\/p>\n<ul>\n<li>Lokalne in nacionalne selitve<\/li>\n<li>Mednarodne selitve<\/li>\n<li>Selitve gospodinjstev<\/li>\n<li>Selitve pisarn<\/li>\n<li>Storitev od vrat do vrat<\/li>\n<li>Storitev pakiranja<\/li>\n<li>Pomorski, zra\u010dni in kopenski promet<\/li>\n<li>Carinjenje<\/li>\n<li>Zavarovanje<\/li>\n<li>Storitve shranjevanja<\/li>\n<\/ul>\n<p>Orphee Beinoglou je podjetje za prevoz tovora in logistiko, ustanovljeno leta 1923 v <a href=\"https:\/\/moverdb.com\/sl\/moving-to-greece\/\" data-internallinksmanager029f6b8e52c=\"353\" title=\"Selitev v Gr\u010dijo? 2023 \u017divljenjski stro\u0161ki in nasveti za selitev\">Gr\u010dija<\/a> s podru\u017enicami na Balkanu in v vzhodnem Sredozemlju. Njihova pisarna v Srbiji je v Beogradu. Pri zagotavljanju storitev v drugih dr\u017eavah uporabljajo globalno mre\u017eo. So \u010dlani zdru\u017eenja IAM s \u0161tiriletnim sta\u017eem.<\/p>\n<p>Orphee Beinglou ponuja osebne selitvene storitve od vrat do vrat s pregledom pred selitvijo, ki vam pomaga pri na\u010drtovanju selitve. Nudijo storitev pakiranja s specializiranimi embala\u017enimi materiali in usposobljenimi ekipami. Va\u0161e stvari bodo prepeljali po morju, zraku ali kopnem in vam pomagali pri carinjenju, preden vam dostavijo stvari in vam jih pomagajo razpakirati.<\/p>\n<p>Spletna stran: <a href=\"https:\/\/orbit.rs\" target=\"_blank\" rel=\"noopener\">https:\/\/orbit.rs<\/a><\/p>\n<h2><strong>3. Vizija 4 Logistika<\/strong><\/h2>\n<p><img loading=\"lazy\" decoding=\"async\" class=\"alignnone size-full wp-image-9444\" src=\"https:\/\/moverdb.com\/wp-content\/uploads\/Vision-4-Logistics-international-moving-company.png\" alt=\"Vizija 4 Logistika mednarodno gibljejo podjetje\" width=\"1440\" height=\"678\" data-wp-pid=\"9444\" srcset=\"https:\/\/moverdb.com\/wp-content\/uploads\/Vision-4-Logistics-international-moving-company.png 1440w, https:\/\/moverdb.com\/wp-content\/uploads\/Vision-4-Logistics-international-moving-company-300x141.png 300w, https:\/\/moverdb.com\/wp-content\/uploads\/Vision-4-Logistics-international-moving-company-1024x482.png 1024w, https:\/\/moverdb.com\/wp-content\/uploads\/Vision-4-Logistics-international-moving-company-18x8.png 18w, https:\/\/moverdb.com\/wp-content\/uploads\/Vision-4-Logistics-international-moving-company-600x283.png 600w\" sizes=\"auto, (max-width: 1440px) 100vw, 1440px\" \/><\/p>\n<ul>\n<li>Lokalni premiki<\/li>\n<li>Mednarodne selitve<\/li>\n<li>Selitve gospodinjstev<\/li>\n<li>Premiki podjetij<\/li>\n<li>Storitev od vrat do vrat<\/li>\n<li>Pomorski, cestni, \u017eelezni\u0161ki in zra\u010dni tovorni promet<\/li>\n<li>Izbira mo\u017enosti obremenitve<\/li>\n<li>Carinsko posredovanje<\/li>\n<li>Zavarovanje za vsa tveganja<\/li>\n<li>Prostori za shranjevanje<\/li>\n<\/ul>\n<p>Vision 4 Logistics je \u0161pedicijsko podjetje, ustanovljeno leta 2018, s sede\u017eem v Beogradu. Mednarodne prevoze zagotavlja prek svoje mre\u017ee izbranih zastopnikov po vsem svetu. So \u010dlan zdru\u017eenja IAM s petimi leti delovanja.<\/p>\n<p>Vision 4 Logistics ponuja storitve selitve od vrat do vrat za lokalne in mednarodne selitve. Imajo strokovno osebje in opremo, ki jim pomaga pri selitvah gospodinjstev in podjetij. Nudijo \u017eelezni\u0161ki, letalski, cestni in pomorski prevoz, ki vklju\u010duje poln kontejnerski tovor, manj kot kontejnerski tovor, poln tovornjak in manj kot tovornjak. Kot preventivni ukrep zagotavljajo zavarovanje vseh tveganj.<\/p>\n<p>Spletna stran: <a href=\"http:\/\/www.v4l.rs\" target=\"_blank\" rel=\"noopener\">http:\/\/www.v4l.rs<\/a><\/p>","protected":false},"excerpt":{"rendered":"<p>If you are planning a move within, to or from Serbia, you may be considering employing the services of a moving company to assist you with packing, transportation and documentation. Below we have compiled a list of Serbian removal companies that are members of the International Association of Movers (IAM) and\/or FIDI Accredited International Mover [&hellip;]<\/p>\n","protected":false},"author":4,"featured_media":9337,"parent":190,"menu_order":0,"comment_status":"closed","ping_status":"closed","template":"","meta":{"_genesis_hide_title":false,"_genesis_hide_breadcrumbs":false,"_genesis_hide_singular_image":false,"_genesis_hide_footer_widgets":false,"_genesis_custom_body_class":"","_genesis_custom_post_class":"","_genesis_layout":"","footnotes":""},"class_list":{"0":"post-9518","1":"page","2":"type-page","3":"status-publish","4":"has-post-thumbnail","6":"entry"},"_links":{"self":[{"href":"https:\/\/moverdb.com\/sl\/wp-json\/wp\/v2\/pages\/9518","targetHints":{"allow":["GET"]}}],"collection":[{"href":"https:\/\/moverdb.com\/sl\/wp-json\/wp\/v2\/pages"}],"about":[{"href":"https:\/\/moverdb.com\/sl\/wp-json\/wp\/v2\/types\/page"}],"author":[{"embeddable":true,"href":"https:\/\/moverdb.com\/sl\/wp-json\/wp\/v2\/users\/4"}],"replies":[{"embeddable":true,"href":"https:\/\/moverdb.com\/sl\/wp-json\/wp\/v2\/comments?post=9518"}],"version-history":[{"count":1,"href":"https:\/\/moverdb.com\/sl\/wp-json\/wp\/v2\/pages\/9518\/revisions"}],"predecessor-version":[{"id":9519,"href":"https:\/\/moverdb.com\/sl\/wp-json\/wp\/v2\/pages\/9518\/revisions\/9519"}],"up":[{"embeddable":true,"href":"https:\/\/moverdb.com\/sl\/wp-json\/wp\/v2\/pages\/190"}],"wp:featuredmedia":[{"embeddable":true,"href":"https:\/\/moverdb.com\/sl\/wp-json\/wp\/v2\/media\/9337"}],"wp:attachment":[{"href":"https:\/\/moverdb.com\/sl\/wp-json\/wp\/v2\/media?parent=9518"}],"curies":[{"name":"wp","href":"https:\/\/api.w.org\/{rel}","templated":true}]}}