{"id":9512,"date":"2023-06-08T12:42:23","date_gmt":"2023-06-08T12:42:23","guid":{"rendered":"https:\/\/moverdb.com\/?page_id=9512"},"modified":"2026-01-08T15:29:37","modified_gmt":"2026-01-08T15:29:37","slug":"moving-companies-romania","status":"publish","type":"page","link":"https:\/\/moverdb.com\/sl\/moving-companies\/moving-companies-romania\/","title":{"rendered":"8 Najbolj\u0161e mednarodne selitve podjetja v Romuniji"},"content":{"rendered":"<p>Se nameravate preseliti v Romunijo, v Romunijo ali iz nje? Potem boste morda \u017eeleli razmisliti o uporabi storitev <a href=\"https:\/\/moverdb.com\/sl\/moving-companies\/\" data-internallinksmanager029f6b8e52c=\"79\" title=\"Top 25 Mednarodne selitve podjetja Online\">selitev podjetja<\/a> za pomo\u010d pri selitvi. Spodaj smo pripravili seznam podjetij, ki se nahajajo v Romuniji. <a href=\"https:\/\/moverdb.com\/sl\/international-removals\/\" data-internallinksmanager029f6b8e52c=\"27\" title=\"36 najbolj\u0161ih podjetij za mednarodne selitve v Zdru\u017eenem kraljestvu\">podjetja za selitve<\/a> ki so \u010dlani <a href=\"https:\/\/moverdb.com\/sl\/iam\/\" data-internallinksmanager029f6b8e52c=\"23\" title=\"Pojasnila o Mednarodnem zdru\u017eenju gibalcev (IAM)\">Mednarodno zdru\u017eenje movers<\/a> (IAM) in\/ali <a href=\"https:\/\/moverdb.com\/sl\/fidi-faim\/\" data-internallinksmanager029f6b8e52c=\"16\" title=\"Pojasnila o FIDI in FAIM (FIDI Accredited International Mover)\">FIDI<\/a> akreditirani mednarodni selitveni urad (FAIM), ki vam lahko pomaga pri selitvi.<\/p>\n<div id=\"ez-toc-container\" class=\"ez-toc-v2_0_82_2 ez-toc-wrap-left counter-hierarchy ez-toc-counter ez-toc-transparent ez-toc-container-direction\">\n<div class=\"ez-toc-title-container\">\n<p class=\"ez-toc-title\" style=\"cursor:inherit\">Oddelki<\/p>\n<span class=\"ez-toc-title-toggle\"><a href=\"#\" class=\"ez-toc-pull-right ez-toc-btn ez-toc-btn-xs ez-toc-btn-default ez-toc-toggle\" aria-label=\"Toggle Tabela vsebine\"><span class=\"ez-toc-js-icon-con\"><span class=\"\"><span class=\"eztoc-hide\" style=\"display:none;\">Toggle<\/span><span class=\"ez-toc-icon-toggle-span\"><svg style=\"fill: #999;color:#999\" xmlns=\"http:\/\/www.w3.org\/2000\/svg\" class=\"list-377408\" width=\"20px\" height=\"20px\" viewbox=\"0 0 24 24\" fill=\"none\"><path d=\"M6 6H4v2h2V6zm14 0H8v2h12V6zM4 11h2v2H4v-2zm16 0H8v2h12v-2zM4 16h2v2H4v-2zm16 0H8v2h12v-2z\" fill=\"currentColor\"><\/path><\/svg><svg style=\"fill: #999;color:#999\" class=\"arrow-unsorted-368013\" xmlns=\"http:\/\/www.w3.org\/2000\/svg\" width=\"10px\" height=\"10px\" viewbox=\"0 0 24 24\" version=\"1.2\" baseprofile=\"tiny\"><path d=\"M18.2 9.3l-6.2-6.3-6.2 6.3c-.2.2-.3.4-.3.7s.1.5.3.7c.2.2.4.3.7.3h11c.3 0 .5-.1.7-.3.2-.2.3-.5.3-.7s-.1-.5-.3-.7zM5.8 14.7l6.2 6.3 6.2-6.3c.2-.2.3-.5.3-.7s-.1-.5-.3-.7c-.2-.2-.4-.3-.7-.3h-11c-.3 0-.5.1-.7.3-.2.2-.3.5-.3.7s.1.5.3.7z\"\/><\/svg><\/span><\/span><\/span><\/a><\/span><\/div>\n<nav><ul class='ez-toc-list ez-toc-list-level-1 eztoc-toggle-hide-by-default' ><li class='ez-toc-page-1 ez-toc-heading-level-2'><a class=\"ez-toc-link ez-toc-heading-1\" href=\"https:\/\/moverdb.com\/sl\/moving-companies\/moving-companies-romania\/#1_EE_Relo\" >1. EE Relo<\/a><\/li><li class='ez-toc-page-1 ez-toc-heading-level-2'><a class=\"ez-toc-link ez-toc-heading-2\" href=\"https:\/\/moverdb.com\/sl\/moving-companies\/moving-companies-romania\/#2_Gosselin\" >2. Gosselin<\/a><\/li><li class='ez-toc-page-1 ez-toc-heading-level-2'><a class=\"ez-toc-link ez-toc-heading-3\" href=\"https:\/\/moverdb.com\/sl\/moving-companies\/moving-companies-romania\/#3_Orbit\" >3. Orbita<\/a><\/li><li class='ez-toc-page-1 ez-toc-heading-level-2'><a class=\"ez-toc-link ez-toc-heading-4\" href=\"https:\/\/moverdb.com\/sl\/moving-companies\/moving-companies-romania\/#4_Premier_Moving_Storage\" >4. Premier Moving &amp; Storage<\/a><\/li><li class='ez-toc-page-1 ez-toc-heading-level-2'><a class=\"ez-toc-link ez-toc-heading-5\" href=\"https:\/\/moverdb.com\/sl\/moving-companies\/moving-companies-romania\/#5_Rilvan_Group\" >5. Skupina Rilvan<\/a><\/li><li class='ez-toc-page-1 ez-toc-heading-level-2'><a class=\"ez-toc-link ez-toc-heading-6\" href=\"https:\/\/moverdb.com\/sl\/moving-companies\/moving-companies-romania\/#6_Santa_Fe_Relocation\" >6. Premestitev Santa Fe<\/a><\/li><li class='ez-toc-page-1 ez-toc-heading-level-2'><a class=\"ez-toc-link ez-toc-heading-7\" href=\"https:\/\/moverdb.com\/sl\/moving-companies\/moving-companies-romania\/#7_Smartmoving_Logistics\" >7. Logistika Smartmoving<\/a><\/li><li class='ez-toc-page-1 ez-toc-heading-level-2'><a class=\"ez-toc-link ez-toc-heading-8\" href=\"https:\/\/moverdb.com\/sl\/moving-companies\/moving-companies-romania\/#8_CDD_Relocation\" >8. Premestitev CDD<\/a><\/li><li class='ez-toc-page-1 ez-toc-heading-level-2'><a class=\"ez-toc-link ez-toc-heading-9\" href=\"https:\/\/moverdb.com\/sl\/moving-companies\/moving-companies-romania\/#Other_Useful_Guides_to_Romania\" >Drugi uporabni vodniki za Romunijo<\/a><\/li><\/ul><\/nav><\/div>\n<h2><span class=\"ez-toc-section\" id=\"1_EE_Relo\"><\/span><strong>1. EE Relo<\/strong><span class=\"ez-toc-section-end\"><\/span><\/h2>\n<p><img loading=\"lazy\" decoding=\"async\" class=\"alignnone size-full wp-image-9356\" src=\"https:\/\/moverdb.com\/wp-content\/uploads\/EE-Relo-international-moving-company.png\" alt=\"EE Relo mednarodno gibanje podjetje\" width=\"1440\" height=\"672\" data-wp-pid=\"9356\" srcset=\"https:\/\/moverdb.com\/wp-content\/uploads\/EE-Relo-international-moving-company.png 1440w, https:\/\/moverdb.com\/wp-content\/uploads\/EE-Relo-international-moving-company-300x140.png 300w, https:\/\/moverdb.com\/wp-content\/uploads\/EE-Relo-international-moving-company-1024x478.png 1024w, https:\/\/moverdb.com\/wp-content\/uploads\/EE-Relo-international-moving-company-18x8.png 18w, https:\/\/moverdb.com\/wp-content\/uploads\/EE-Relo-international-moving-company-600x280.png 600w\" sizes=\"auto, (max-width: 1440px) 100vw, 1440px\" \/><\/p>\n<ul>\n<li>Lokalni premiki<\/li>\n<li>Mednarodne selitve<\/li>\n<li>Selitve gospodinjstev<\/li>\n<li>Poslovne poteze<\/li>\n<li>Storitve od vrat do vrat<\/li>\n<li>Anketa pred selitvijo<\/li>\n<li>Celovita storitev pakiranja<\/li>\n<li>Carinske formalnosti<\/li>\n<li>Prevoz hi\u0161nih ljubljen\u010dkov in avtomobilov<\/li>\n<li>Re\u0161itve za shranjevanje<\/li>\n<\/ul>\n<p>EE Relo je podjetje za upravljanje selitev, ki ima pisarne v Vzhodni Evropi, vklju\u010dno z Bukare\u0161to v Romuniji. Imajo \u0161iroko mre\u017eo partnerjev, ki jim pomagajo pri zagotavljanju globalnih storitev. Je \u010dlan zdru\u017eenja IAM z devetimi leti delovanja.<\/p>\n<p>EE Relo ponuja storitve selitve od vrat do vrat, ki lahko vklju\u010dujejo va\u0161 dom, podjetje, hi\u0161ne ljubljen\u010dke, avtomobil in umetnine. Zagotavljajo enotno kontaktno to\u010dko za upravljanje selitve, vklju\u010dno z oceno va\u0161ih zahtev, popolno storitvijo pakiranja, razstavljanjem pohi\u0161tva, organizacijo prevoza in razpakiranjem. Njihove selitvene storitve vklju\u010dujejo iskanje stanovanj in \u0161ol, pomo\u010d pri priseljevanju in vselitvene storitve s storitvijo concierge, ki vam pomaga vse urediti.<\/p>\n<p>Spletna stran: <a href=\"https:\/\/www.eerelo.com\" target=\"_blank\" rel=\"noopener\">https:\/\/www.eerelo.com<\/a><\/p>\n<h2><span class=\"ez-toc-section\" id=\"2_Gosselin\"><\/span><strong>2. Gosselin<\/strong><span class=\"ez-toc-section-end\"><\/span><\/h2>\n<p><img loading=\"lazy\" decoding=\"async\" class=\"alignnone size-full wp-image-9375\" src=\"https:\/\/moverdb.com\/wp-content\/uploads\/Gosselin-Romania-international-moving-company.png\" alt=\"Gosselin Romunija mednarodno gibljejo podjetje\" width=\"1440\" height=\"681\" data-wp-pid=\"9375\" srcset=\"https:\/\/moverdb.com\/wp-content\/uploads\/Gosselin-Romania-international-moving-company.png 1440w, https:\/\/moverdb.com\/wp-content\/uploads\/Gosselin-Romania-international-moving-company-300x142.png 300w, https:\/\/moverdb.com\/wp-content\/uploads\/Gosselin-Romania-international-moving-company-1024x484.png 1024w, https:\/\/moverdb.com\/wp-content\/uploads\/Gosselin-Romania-international-moving-company-18x9.png 18w, https:\/\/moverdb.com\/wp-content\/uploads\/Gosselin-Romania-international-moving-company-600x284.png 600w\" sizes=\"auto, (max-width: 1440px) 100vw, 1440px\" \/><\/p>\n<ul>\n<li>Nacionalne poteze<\/li>\n<li>Mednarodne selitve<\/li>\n<li>Selitve gospodinjstev<\/li>\n<li>Selitve pisarn<\/li>\n<li>Storitev od vrat do vrat<\/li>\n<li>Storitev pakiranja<\/li>\n<li>Carinjenje<\/li>\n<li>Rokovanje z likovno umetnostjo<\/li>\n<li>Prevoz vozil in hi\u0161nih ljubljen\u010dkov<\/li>\n<li>Prostori za shranjevanje<\/li>\n<\/ul>\n<p>Gosselin je mednarodno podjetje za selitve in preselitve s pisarnami v 34 dr\u017eavah. Romunska pisarna v Bukare\u0161ti je bila ustanovljena konec osemdesetih let prej\u0161njega stoletja. Za opravljanje mednarodnih storitev uporablja lastne in \u0161ir\u0161e mre\u017ee ter je \u010dlan zdru\u017eenja IAM.<\/p>\n<p>Gosselin zagotavlja selitev od vrat do vrat s profesionalnimi selitvenimi delavci, ki bodo va\u0161e predmete varno zapakirali za selitev z uporabo okolju prijaznega pakirnega materiala in razstavili pohi\u0161tvo. Poskrbeli bodo za prevoz predmetov s carinjenjem ter ob prihodu razpakirali in ponovno sestavili pohi\u0161tvo. Nudijo dodatne storitve, vklju\u010dno z ravnanjem z likovnimi umetninami in starinami, prevozom avtomobilov in motornih koles ter prevozom hi\u0161nih ljubljen\u010dkov.<\/p>\n<p>Spletna stran: <a href=\"http:\/\/www.gosselinmobility.eu\/romania\" target=\"_blank\" rel=\"noopener\">http:\/\/www.gosselinmobility.eu\/romania<\/a><\/p>\n<h2><span class=\"ez-toc-section\" id=\"3_Orbit\"><\/span><strong>3. Orbita<\/strong><span class=\"ez-toc-section-end\"><\/span><\/h2>\n<p><img loading=\"lazy\" decoding=\"async\" class=\"alignnone size-full wp-image-9406\" src=\"https:\/\/moverdb.com\/wp-content\/uploads\/Orbit-Romania-international-moving-company.png\" alt=\"Orbit Romunija mednarodno gibljejo podjetje\" width=\"1440\" height=\"678\" data-wp-pid=\"9406\" srcset=\"https:\/\/moverdb.com\/wp-content\/uploads\/Orbit-Romania-international-moving-company.png 1440w, https:\/\/moverdb.com\/wp-content\/uploads\/Orbit-Romania-international-moving-company-300x141.png 300w, https:\/\/moverdb.com\/wp-content\/uploads\/Orbit-Romania-international-moving-company-1024x482.png 1024w, https:\/\/moverdb.com\/wp-content\/uploads\/Orbit-Romania-international-moving-company-18x8.png 18w, https:\/\/moverdb.com\/wp-content\/uploads\/Orbit-Romania-international-moving-company-600x283.png 600w\" sizes=\"auto, (max-width: 1440px) 100vw, 1440px\" \/><\/p>\n<ul>\n<li>Nacionalne poteze<\/li>\n<li>Mednarodne selitve<\/li>\n<li>Selitve gospodinjstev in zaposlenih<\/li>\n<li>Pisarni\u0161ke in industrijske selitve<\/li>\n<li>Storitve premestitve<\/li>\n<li>Storitev pakiranja<\/li>\n<li>Cestni, zra\u010dni in pomorski tovorni promet<\/li>\n<li>Rokovanje z umetninami<\/li>\n<li>Prevoz hi\u0161nih ljubljen\u010dkov in avtomobilov<\/li>\n<li>Zavarovanje<\/li>\n<\/ul>\n<p>Orbit Romania je del skupine Orphee Beinglou Group, ki je bila ustanovljena leta 1923 in ima sede\u017e v Atenah.Nudi profesionalne selitve in prevozne storitve ter ima sede\u017e v Bukare\u0161ti. Z 21 leti delovanja so \u010dlani zdru\u017eenja IAM in so akreditirani pri FIDI.<\/p>\n<p>Orbit ponuja pregled na domu, da oceni va\u0161e potrebe in pripravi oceno. Nudijo storitve, ki vklju\u010dujejo nacionalne in mednarodne selitve, prevoz hi\u0161nih ljubljen\u010dkov in avtomobilov, ravnanje z umetninami in zavarovanje. Nudijo storitev pakiranja za za\u0161\u010dito va\u0161ih stvari med prevozom po cesti, zraku ali morju ter nudijo carinsko podporo. Na voljo so tudi dodatne storitve, vklju\u010dno z elektri\u010darjem, mizarjem in vodovodarjem.<\/p>\n<p>Spletna stran: <a href=\"http:\/\/www.orbitromania.ro\" target=\"_blank\" rel=\"noopener\">http:\/\/www.orbitromania.ro<\/a><\/p>\n<h2><span class=\"ez-toc-section\" id=\"4_Premier_Moving_Storage\"><\/span><strong>4. Premier Moving &amp; Storage<\/strong><span class=\"ez-toc-section-end\"><\/span><\/h2>\n<p><img loading=\"lazy\" decoding=\"async\" class=\"alignnone size-full wp-image-9414\" src=\"https:\/\/moverdb.com\/wp-content\/uploads\/Premier-Moving-Storage-international-moving-company.png\" alt=\"Premier Moving &amp; Storage mednarodna selitev podjetje\" width=\"1440\" height=\"670\" data-wp-pid=\"9414\" srcset=\"https:\/\/moverdb.com\/wp-content\/uploads\/Premier-Moving-Storage-international-moving-company.png 1440w, https:\/\/moverdb.com\/wp-content\/uploads\/Premier-Moving-Storage-international-moving-company-300x140.png 300w, https:\/\/moverdb.com\/wp-content\/uploads\/Premier-Moving-Storage-international-moving-company-1024x476.png 1024w, https:\/\/moverdb.com\/wp-content\/uploads\/Premier-Moving-Storage-international-moving-company-18x8.png 18w, https:\/\/moverdb.com\/wp-content\/uploads\/Premier-Moving-Storage-international-moving-company-600x279.png 600w\" sizes=\"auto, (max-width: 1440px) 100vw, 1440px\" \/><\/p>\n<ul>\n<li>Lokalni premiki<\/li>\n<li>Mednarodne selitve<\/li>\n<li>Selitve gospodinjstev<\/li>\n<li>Selitve pisarn<\/li>\n<li>Storitev od vrat do vrat<\/li>\n<li>Storitev pakiranja<\/li>\n<li>Cestni, pomorski in zra\u010dni promet<\/li>\n<li>Uvozne carinske formalnosti<\/li>\n<li>Prevoz vozil in hi\u0161nih ljubljen\u010dkov<\/li>\n<li>Varna skladi\u0161\u010da<\/li>\n<\/ul>\n<p>Premier Moving &amp; Storage je podjetje za selitve, ki je bilo ustanovljeno pred ve\u010d kot 15 leti in ima sede\u017e v Bukare\u0161ti. Skrbno izbira partnerje, ki izpolnjujejo njihove standarde, da bi jim pomagali pri izvajanju razli\u010dnih storitev na mednarodni ravni. Je \u010dlan zdru\u017eenja IAM s 17 leti delovanja.<\/p>\n<p>Ekipa za pakiranje podjetja Premier Moving &amp; Storage bo uporabila materiale vrhunske kakovosti, ki so zasnovani tako, da med prevozom \u0161\u010ditijo predmete, za katere se uporabljajo. Razstavili in ponovno sestavili bodo pohi\u0161tvo ter razpakirali va\u0161e stvari. Organizirali bodo prevoz, vklju\u010dno z urejanjem carinskih formalnosti. Nudijo dodatne storitve, ki vklju\u010dujejo prevoz avtomobilov, motornih \u010dolnov in hi\u0161nih \u017eivali.<\/p>\n<p>Spletna stran: <a href=\"http:\/\/www.premiermoving.ro\" target=\"_blank\" rel=\"noopener\">http:\/\/www.premiermoving.ro<\/a><\/p>\n<h2><span class=\"ez-toc-section\" id=\"5_Rilvan_Group\"><\/span><strong>5. Skupina Rilvan<\/strong><span class=\"ez-toc-section-end\"><\/span><\/h2>\n<p><img loading=\"lazy\" decoding=\"async\" class=\"alignnone size-full wp-image-9418\" src=\"https:\/\/moverdb.com\/wp-content\/uploads\/Rilvan-Group-international-moving-company.png\" alt=\"Rilvan Group mednarodno gibljejo podjetje\" width=\"1440\" height=\"680\" data-wp-pid=\"9418\" srcset=\"https:\/\/moverdb.com\/wp-content\/uploads\/Rilvan-Group-international-moving-company.png 1440w, https:\/\/moverdb.com\/wp-content\/uploads\/Rilvan-Group-international-moving-company-300x142.png 300w, https:\/\/moverdb.com\/wp-content\/uploads\/Rilvan-Group-international-moving-company-1024x484.png 1024w, https:\/\/moverdb.com\/wp-content\/uploads\/Rilvan-Group-international-moving-company-18x9.png 18w, https:\/\/moverdb.com\/wp-content\/uploads\/Rilvan-Group-international-moving-company-600x283.png 600w\" sizes=\"auto, (max-width: 1440px) 100vw, 1440px\" \/><\/p>\n<ul>\n<li>Nacionalne poteze<\/li>\n<li>Mednarodne selitve<\/li>\n<li>Stanovanjske selitve<\/li>\n<li>Poslovne poteze<\/li>\n<li>Storitve od vrat do vrat<\/li>\n<li>Storitev pakiranja<\/li>\n<li>Cestni, zra\u010dni in pomorski prevoz<\/li>\n<li>Prevoz likovne umetnosti<\/li>\n<li>Prevoz hi\u0161nih ljubljen\u010dkov in vozil<\/li>\n<li>Kratkoro\u010dno in dolgoro\u010dno skladi\u0161\u010denje<\/li>\n<\/ul>\n<p>Skupina Rilvan je nacionalno in mednarodno podjetje za selitve, ustanovljeno leta 1992, s sede\u017eem v Bukare\u0161ti v Romuniji, <a href=\"https:\/\/moverdb.com\/sl\/moving-to-slovenia\/\" data-internallinksmanager029f6b8e52c=\"392\" title=\"Selitev v Slovenijo? 2023 \u017divljenjski stro\u0161ki in nasveti za selitev\">Slovenija<\/a> in . <a href=\"https:\/\/moverdb.com\/sl\/moving-companies\/moving-companies-moldova\/\" data-internallinksmanager029f6b8e52c=\"290\" title=\"Najbolj\u0161a mednarodna selitvena podjetja v Moldaviji\">Moldavija<\/a>. Srednjo in vzhodno Evropo ter preostali svet oskrbujejo prek mednarodnih partnerjev. So \u010dlani zdru\u017eenja IAM z 31-letno tradicijo in so akreditirani pri FIDI.<\/p>\n<p>Skupina Rilvan ponuja storitve selitve od vrat do vrat, ki se za\u010dnejo s pregledom in oceno pred selitvijo. Nudijo storitve pakiranja, prevoza in razpakiranja. Nudijo storitve selitve, ki vklju\u010dujejo vizume in priseljevanje, naselitvene storitve ter iskanje stanovanja in \u0161ole. Nudijo tudi dodatne storitve, vklju\u010dno s prevozom hi\u0161nih ljubljen\u010dkov in vozil ter ravnanjem z umetninami.<\/p>\n<p>Spletna stran: <a href=\"http:\/\/www.rilvan.eu\" target=\"_blank\" rel=\"noopener\">http:\/\/www.rilvan.eu<\/a><\/p>\n<h2><span class=\"ez-toc-section\" id=\"6_Santa_Fe_Relocation\"><\/span><strong>6. Premestitev Santa Fe<\/strong><span class=\"ez-toc-section-end\"><\/span><\/h2>\n<p><img loading=\"lazy\" decoding=\"async\" class=\"alignnone size-full wp-image-9420\" src=\"https:\/\/moverdb.com\/wp-content\/uploads\/Santa-Fe-Relocation-Romania-international-moving-company.png\" alt=\"Santa Fe Relocation Romunija mednarodna selitev podjetje\" width=\"1440\" height=\"677\" data-wp-pid=\"9420\" srcset=\"https:\/\/moverdb.com\/wp-content\/uploads\/Santa-Fe-Relocation-Romania-international-moving-company.png 1440w, https:\/\/moverdb.com\/wp-content\/uploads\/Santa-Fe-Relocation-Romania-international-moving-company-300x141.png 300w, https:\/\/moverdb.com\/wp-content\/uploads\/Santa-Fe-Relocation-Romania-international-moving-company-1024x481.png 1024w, https:\/\/moverdb.com\/wp-content\/uploads\/Santa-Fe-Relocation-Romania-international-moving-company-18x8.png 18w, https:\/\/moverdb.com\/wp-content\/uploads\/Santa-Fe-Relocation-Romania-international-moving-company-600x282.png 600w\" sizes=\"auto, (max-width: 1440px) 100vw, 1440px\" \/><\/p>\n<ul>\n<li>Nacionalne poteze<\/li>\n<li>Mednarodne selitve<\/li>\n<li>Selitve gospodinjstev<\/li>\n<li>Selitve podjetij<\/li>\n<li>Storitev od vrat do vrat<\/li>\n<li>Storitev pakiranja<\/li>\n<li>Prevoz po cesti, morju ali zraku<\/li>\n<li>Carinjenje<\/li>\n<li>Prevoz hi\u0161nih ljubljen\u010dkov in vozil<\/li>\n<li>Kratkoro\u010dno in dolgoro\u010dno skladi\u0161\u010denje<\/li>\n<\/ul>\n<p>Santa Fe Relocation je mednarodno podjetje za selitve s 64 pisarnami v 38 dr\u017eavah, vklju\u010dno z Bukare\u0161to v Romuniji, ki je bila odprta leta 1991. Je \u010dlan zdru\u017eenja IAM z 31-letno tradicijo in je akreditirano pri FIDI.<\/p>\n<p>Santa Fe Relocation ponuja svetovanje pred selitvijo s pregledom na domu ali video pregledom. Nudijo celovito storitev, ki lahko vklju\u010duje tudi prevoz hi\u0161nih ljubljen\u010dkov in avtomobilov. Zagotavljajo storitev pakiranja za za\u0161\u010dito va\u0161ih stvari in poskrbijo za prevoz po cesti, zraku ali morju s carinjenjem. Njihove selitvene storitve vklju\u010dujejo storitve odhoda, iskanje doma in \u0161ole, orientacijo, jezikovno in kulturno usposabljanje, vizume ter storitev vselitve.<\/p>\n<p>Spletna stran: <a href=\"https:\/\/www.santaferelo.com\/en\/contact\/our-offices\/romania-bucharest\/\" target=\"_blank\" rel=\"noopener\">https:\/\/www.santaferelo.com\/en\/contact\/our-offices\/romania-bucharest\/<\/a><\/p>\n<h2><span class=\"ez-toc-section\" id=\"7_Smartmoving_Logistics\"><\/span><strong>7. Logistika Smartmoving<\/strong><span class=\"ez-toc-section-end\"><\/span><\/h2>\n<p><img loading=\"lazy\" decoding=\"async\" class=\"alignnone size-full wp-image-9427\" src=\"https:\/\/moverdb.com\/wp-content\/uploads\/Smartmoving-Logistics-international-moving-company.png\" alt=\"Smartmoving Logistika mednarodna selitev podjetje\" width=\"1440\" height=\"679\" data-wp-pid=\"9427\" srcset=\"https:\/\/moverdb.com\/wp-content\/uploads\/Smartmoving-Logistics-international-moving-company.png 1440w, https:\/\/moverdb.com\/wp-content\/uploads\/Smartmoving-Logistics-international-moving-company-300x141.png 300w, https:\/\/moverdb.com\/wp-content\/uploads\/Smartmoving-Logistics-international-moving-company-1024x483.png 1024w, https:\/\/moverdb.com\/wp-content\/uploads\/Smartmoving-Logistics-international-moving-company-18x8.png 18w, https:\/\/moverdb.com\/wp-content\/uploads\/Smartmoving-Logistics-international-moving-company-600x283.png 600w\" sizes=\"auto, (max-width: 1440px) 100vw, 1440px\" \/><\/p>\n<ul>\n<li>Nacionalne poteze<\/li>\n<li>Mednarodne selitve<\/li>\n<li>Stanovanjske selitve<\/li>\n<li>Premiki podjetja<\/li>\n<li>Izbirna storitev pakiranja<\/li>\n<li>Embala\u017eni material<\/li>\n<li>Ureditev prevoza<\/li>\n<li>Carinjenje<\/li>\n<li>Zavarovanje<\/li>\n<li>Prostori za shranjevanje<\/li>\n<\/ul>\n<p>Smartmoving Logistics je podjetje s sede\u017eem v Cluj-Napoci, ki je bilo ustanovljeno leta 2011. Ima mre\u017eo selitvenih in logisti\u010dnih partnerjev ter zastopnikov, ki mu omogo\u010dajo ponujanje storitev mednarodnih selitev in preselitev. Je \u010dlan zdru\u017eenja IAM z enoletnim delovanjem.<\/p>\n<p>Smartmoving Logistics bo pripravil prilagojen na\u010drt selitve, ki bo ustrezal va\u0161im potrebam in prora\u010dunu. Zagotavljajo prevoz va\u0161ih stvari na nacionalni in mednarodni ravni. Nudijo dodatne storitve, ki vklju\u010dujejo pakiranje va\u0161ih stvari s profesionalnimi embala\u017enimi materiali ter razpakiranje, razstavljanje in ponovno sestavljanje pohi\u0161tva, carinjenje, zavarovanje in \u010di\u0161\u010denje.<\/p>\n<p>Spletna stran: <a href=\"https:\/\/www.smartmoving.ro\" target=\"_blank\" rel=\"noopener\">https:\/\/www.smartmoving.ro<\/a><\/p>\n<h2><span class=\"ez-toc-section\" id=\"8_CDD_Relocation\"><\/span><strong>8. Premestitev CDD<\/strong><span class=\"ez-toc-section-end\"><\/span><\/h2>\n<p><img loading=\"lazy\" decoding=\"async\" class=\"alignnone size-full wp-image-9344\" src=\"https:\/\/moverdb.com\/wp-content\/uploads\/CDD-Relocations-international-moving-company.png\" alt=\"CDD Relocations mednarodna selitev podjetje\" width=\"1440\" height=\"665\" data-wp-pid=\"9344\" srcset=\"https:\/\/moverdb.com\/wp-content\/uploads\/CDD-Relocations-international-moving-company.png 1440w, https:\/\/moverdb.com\/wp-content\/uploads\/CDD-Relocations-international-moving-company-300x139.png 300w, https:\/\/moverdb.com\/wp-content\/uploads\/CDD-Relocations-international-moving-company-1024x473.png 1024w, https:\/\/moverdb.com\/wp-content\/uploads\/CDD-Relocations-international-moving-company-18x8.png 18w, https:\/\/moverdb.com\/wp-content\/uploads\/CDD-Relocations-international-moving-company-600x277.png 600w\" sizes=\"auto, (max-width: 1440px) 100vw, 1440px\" \/><\/p>\n<ul>\n<li>Lokalni premiki<\/li>\n<li>Mednarodne selitve<\/li>\n<li>Selitve gospodinjstev<\/li>\n<li>Premiki podjetij<\/li>\n<li>Storitev od vrat do vrat<\/li>\n<li>Storitev pakiranja<\/li>\n<li>Carinska pomo\u010d<\/li>\n<li>Selitev avtomobila in hi\u0161nih ljubljen\u010dkov<\/li>\n<li>Zavarovanje za vsa tveganja<\/li>\n<li>Kratkoro\u010dno do dolgoro\u010dno skladi\u0161\u010denje<\/li>\n<\/ul>\n<p>CDD Relocation je podjetje za selitve, ki je bilo ustanovljeno leta 2003 in ima sede\u017e v Mogosoaii. Je \u010dlan zdru\u017eenja IAM z 20-letno tradicijo in ima akreditacijo FIDI, ki mu omogo\u010da dostop do mednarodne mre\u017ee selitvenih agentov.<\/p>\n<p>CDD Relocation ponuja prilagojene re\u0161itve od vrat do vrat za mednarodne selitve z brezpla\u010dnim svetovanjem in pregledom pred selitvijo. Nudijo popolno storitev pakiranja z uporabo najprimernej\u0161ih pakirnih materialov, razstavijo in sestavijo va\u0161e pohi\u0161tvo ter ga ob prihodu razpakirajo. Nudijo dodatne storitve, ki vklju\u010dujejo selitev hi\u0161nih ljubljen\u010dkov, prenos vozila, zavarovanje in varno skladi\u0161\u010denje.<\/p>\n<p>Spletna stran: <a href=\"http:\/\/www.cddrelocation.ro\" target=\"_blank\" rel=\"noopener\">http:\/\/www.cddrelocation.ro<\/a><\/p>\n<h2><span class=\"ez-toc-section\" id=\"Other_Useful_Guides_to_Romania\"><\/span>Drugi uporabni vodniki za Romunijo<span class=\"ez-toc-section-end\"><\/span><\/h2>\n<ul>\n<li> <a href=\"https:\/\/moverdb.com\/sl\/moving-to-romania\/\">Selitev v Romunijo? 2024 \u017divljenjski stro\u0161ki in nasveti za selitev<\/a><\/li>\n<li> <a href=\"https:\/\/moverdb.com\/sl\/moving-to-romania\/moving-to-romania-from-the-uk\/\">Selitev iz Zdru\u017eenega kraljestva v Romunijo<\/a><\/li>\n<li> <a href=\"https:\/\/moverdb.com\/sl\/moving-to-romania\/best-places-to-live-romania\/\">12 najbolj\u0161ih mest za \u017eivljenje v Romuniji<\/a><\/li>\n<\/ul>","protected":false},"excerpt":{"rendered":"<p>Are you planning on moving within, to or from Romania? Then you may want to consider engaging the services of a moving company to assist you with your move. Below we have compiled a list of Romania based removal companies that are members of the International Association of Movers (IAM) and\/or FIDI Accredited International Mover [&hellip;]<\/p>\n","protected":false},"author":4,"featured_media":9356,"parent":190,"menu_order":0,"comment_status":"closed","ping_status":"closed","template":"","meta":{"_genesis_hide_title":false,"_genesis_hide_breadcrumbs":false,"_genesis_hide_singular_image":false,"_genesis_hide_footer_widgets":false,"_genesis_custom_body_class":"","_genesis_custom_post_class":"","_genesis_layout":"","footnotes":""},"class_list":{"0":"post-9512","1":"page","2":"type-page","3":"status-publish","4":"has-post-thumbnail","6":"entry"},"_links":{"self":[{"href":"https:\/\/moverdb.com\/sl\/wp-json\/wp\/v2\/pages\/9512","targetHints":{"allow":["GET"]}}],"collection":[{"href":"https:\/\/moverdb.com\/sl\/wp-json\/wp\/v2\/pages"}],"about":[{"href":"https:\/\/moverdb.com\/sl\/wp-json\/wp\/v2\/types\/page"}],"author":[{"embeddable":true,"href":"https:\/\/moverdb.com\/sl\/wp-json\/wp\/v2\/users\/4"}],"replies":[{"embeddable":true,"href":"https:\/\/moverdb.com\/sl\/wp-json\/wp\/v2\/comments?post=9512"}],"version-history":[{"count":3,"href":"https:\/\/moverdb.com\/sl\/wp-json\/wp\/v2\/pages\/9512\/revisions"}],"predecessor-version":[{"id":16341,"href":"https:\/\/moverdb.com\/sl\/wp-json\/wp\/v2\/pages\/9512\/revisions\/16341"}],"up":[{"embeddable":true,"href":"https:\/\/moverdb.com\/sl\/wp-json\/wp\/v2\/pages\/190"}],"wp:featuredmedia":[{"embeddable":true,"href":"https:\/\/moverdb.com\/sl\/wp-json\/wp\/v2\/media\/9356"}],"wp:attachment":[{"href":"https:\/\/moverdb.com\/sl\/wp-json\/wp\/v2\/media?parent=9512"}],"curies":[{"name":"wp","href":"https:\/\/api.w.org\/{rel}","templated":true}]}}