{"id":9508,"date":"2023-06-08T12:43:53","date_gmt":"2023-06-08T12:43:53","guid":{"rendered":"https:\/\/moverdb.com\/?page_id=9508"},"modified":"2026-01-08T15:30:14","modified_gmt":"2026-01-08T15:30:14","slug":"moving-companies-puerto-rico","status":"publish","type":"page","link":"https:\/\/moverdb.com\/sl\/moving-companies\/moving-companies-puerto-rico\/","title":{"rendered":"Najbolj\u0161a mednarodna selitvena podjetja v Portoriku"},"content":{"rendered":"<p>Pri selitvi je treba organizirati veliko stvari, zato veliko ljudi uporablja storitve <a href=\"https:\/\/moverdb.com\/sl\/moving-companies\/\" data-internallinksmanager029f6b8e52c=\"79\" title=\"Top 25 Mednarodne selitve podjetja Online\">selitev podjetja<\/a> za zmanj\u0161anje stresa pri selitvi. V nadaljevanju smo pripravili seznam podjetij s sede\u017eem v Portoriku <a href=\"https:\/\/moverdb.com\/sl\/international-removals\/\" data-internallinksmanager029f6b8e52c=\"27\" title=\"36 najbolj\u0161ih podjetij za mednarodne selitve v Zdru\u017eenem kraljestvu\">podjetja za selitve<\/a> ki so \u010dlani <a href=\"https:\/\/moverdb.com\/sl\/iam\/\" data-internallinksmanager029f6b8e52c=\"23\" title=\"Pojasnila o Mednarodnem zdru\u017eenju gibalcev (IAM)\">Mednarodno zdru\u017eenje movers<\/a> (IAM) in\/ali <a href=\"https:\/\/moverdb.com\/sl\/fidi-faim\/\" data-internallinksmanager029f6b8e52c=\"16\" title=\"Pojasnila o FIDI in FAIM (FIDI Accredited International Mover)\">FIDI<\/a> Akreditirani mednarodni selitveni delavci (FAIM), ki vam lahko pomagajo pri selitvi<\/p>\n<h2><strong>La Rosa del Monte<\/strong><\/h2>\n<p><img loading=\"lazy\" decoding=\"async\" class=\"alignnone size-full wp-image-9392\" src=\"https:\/\/moverdb.com\/wp-content\/uploads\/La-Rosa-del-Monte-international-moving-company.png\" alt=\"La Rosa del Monte mednarodna selitev podjetje\" width=\"1440\" height=\"684\" data-wp-pid=\"9392\" srcset=\"https:\/\/moverdb.com\/wp-content\/uploads\/La-Rosa-del-Monte-international-moving-company.png 1440w, https:\/\/moverdb.com\/wp-content\/uploads\/La-Rosa-del-Monte-international-moving-company-300x143.png 300w, https:\/\/moverdb.com\/wp-content\/uploads\/La-Rosa-del-Monte-international-moving-company-1024x486.png 1024w, https:\/\/moverdb.com\/wp-content\/uploads\/La-Rosa-del-Monte-international-moving-company-18x9.png 18w, https:\/\/moverdb.com\/wp-content\/uploads\/La-Rosa-del-Monte-international-moving-company-600x285.png 600w\" sizes=\"auto, (max-width: 1440px) 100vw, 1440px\" \/><\/p>\n<ul>\n<li>Lokalne in nacionalne selitve<\/li>\n<li>Mednarodne selitve<\/li>\n<li>Stanovanjske selitve<\/li>\n<li>Komercialni premiki<\/li>\n<li>Storitev od vrat do vrat<\/li>\n<li>Storitev pakiranja<\/li>\n<li>Kopenski, pomorski in zra\u010dni prevoz<\/li>\n<li>Rokovanje z likovno umetnostjo<\/li>\n<li><a href=\"https:\/\/moverdb.com\/sl\/car-transport-shipping\/\" data-internallinksmanager029f6b8e52c=\"2\" title=\"2026 Kvote za mednarodni prevoz avtomobilov in prevoz vozil\">Prevoz vozil<\/a><\/li>\n<li>Prostori za shranjevanje<\/li>\n<\/ul>\n<p>La Rosa del Monte je mednarodno podjetje za selitve s 50-letno zgodovino in pisarnami po vsej Ameriki ter v Toa Baja v Portoriku in <a href=\"https:\/\/moverdb.com\/sl\/moving-companies\/moving-companies-dominican-republic\/\" data-internallinksmanager029f6b8e52c=\"216\" title=\"6 najbolj\u0161ih mednarodnih selitvenih podjetij v Dominikanski republiki\">Dominikanska republika<\/a>. Delujejo v skladu z visokimi standardi in z drugimi agenti po vsem svetu, ki delujejo v skladu s podobnimi standardi, da bi zagotovili storitve na mednarodni ravni. So \u010dlani zdru\u017eenja IAM z 52-letno tradicijo in so akreditirani pri FIDI.<\/p>\n<p>La Rosa del Monte ponuja prilagojene storitve selitve od vrat do vrat ali od vrat do vrat<a href=\"https:\/\/moverdb.com\/sl\/top-49-container-ports\/\" data-internallinksmanager029f6b8e52c=\"80\" title=\"Top 49 najve\u010djih in najbolj obremenjenih pristani\u0161\u010d za kontejnerje v letu 2025\">pristani\u0161\u010de<\/a> ali obratno. Nudijo storitev pakiranja, ki jo opravi strokovno in izku\u0161eno osebje, ki varno zapakira va\u0161e stvari za prevoz po kopnem, zraku ali morju.<\/p>\n<p>Spletna stran: <a href=\"http:\/\/www.larosadelmonte.com\/\" target=\"_blank\" rel=\"noopener\">http:\/\/www.larosadelmonte.com\/<\/a><\/p>","protected":false},"excerpt":{"rendered":"<p>When you are moving there is so much to organise which is why so many people engage the services of a moving company to reduce the stress of moving. Below we have compiled a list of Puerto Rico based removal companies that are members of the International Association of Movers (IAM) and\/or FIDI Accredited International [&hellip;]<\/p>\n","protected":false},"author":4,"featured_media":9392,"parent":190,"menu_order":0,"comment_status":"closed","ping_status":"closed","template":"","meta":{"_genesis_hide_title":false,"_genesis_hide_breadcrumbs":false,"_genesis_hide_singular_image":false,"_genesis_hide_footer_widgets":false,"_genesis_custom_body_class":"","_genesis_custom_post_class":"","_genesis_layout":"","footnotes":""},"class_list":{"0":"post-9508","1":"page","2":"type-page","3":"status-publish","4":"has-post-thumbnail","6":"entry"},"_links":{"self":[{"href":"https:\/\/moverdb.com\/sl\/wp-json\/wp\/v2\/pages\/9508","targetHints":{"allow":["GET"]}}],"collection":[{"href":"https:\/\/moverdb.com\/sl\/wp-json\/wp\/v2\/pages"}],"about":[{"href":"https:\/\/moverdb.com\/sl\/wp-json\/wp\/v2\/types\/page"}],"author":[{"embeddable":true,"href":"https:\/\/moverdb.com\/sl\/wp-json\/wp\/v2\/users\/4"}],"replies":[{"embeddable":true,"href":"https:\/\/moverdb.com\/sl\/wp-json\/wp\/v2\/comments?post=9508"}],"version-history":[{"count":1,"href":"https:\/\/moverdb.com\/sl\/wp-json\/wp\/v2\/pages\/9508\/revisions"}],"predecessor-version":[{"id":9509,"href":"https:\/\/moverdb.com\/sl\/wp-json\/wp\/v2\/pages\/9508\/revisions\/9509"}],"up":[{"embeddable":true,"href":"https:\/\/moverdb.com\/sl\/wp-json\/wp\/v2\/pages\/190"}],"wp:featuredmedia":[{"embeddable":true,"href":"https:\/\/moverdb.com\/sl\/wp-json\/wp\/v2\/media\/9392"}],"wp:attachment":[{"href":"https:\/\/moverdb.com\/sl\/wp-json\/wp\/v2\/media?parent=9508"}],"curies":[{"name":"wp","href":"https:\/\/api.w.org\/{rel}","templated":true}]}}