{"id":945,"date":"2016-09-03T20:39:51","date_gmt":"2016-09-03T20:39:51","guid":{"rendered":"http:\/\/moverdb.com\/?page_id=945"},"modified":"2026-01-08T14:48:12","modified_gmt":"2026-01-08T14:48:12","slug":"dt-premikanje","status":"publish","type":"page","link":"https:\/\/moverdb.com\/sl\/dt-moving\/","title":{"rendered":"DT Moving: Mednarodna selitev in selitve Mnenja"},"content":{"rendered":"<p>DT Moving je <a href=\"https:\/\/moverdb.com\/sl\/moving-to-the-uk\/\" data-internallinksmanager029f6b8e52c=\"93\" title=\"Selitev v Zdru\u017eeno kraljestvo? 2022 \u017divljenjski stro\u0161ki in nasveti za selitev\">ZDRU\u017dENO KRALJESTVO<\/a> . <a href=\"https:\/\/moverdb.com\/sl\/moving-companies\/\" data-internallinksmanager029f6b8e52c=\"79\" title=\"Top 25 Mednarodne selitve podjetja Online\">mednarodna selitev podjetja<\/a> ki svojim strankam ponuja celotno paleto storitev, ki so navedene spodaj, skupaj s profilom podjetja in pregledi.<\/p>\n<p><strong><a href=\"https:\/\/moverdb.com\/sl\/international-removals\/\" data-internallinksmanager029f6b8e52c=\"27\" title=\"36 najbolj\u0161ih podjetij za mednarodne selitve v Zdru\u017eenem kraljestvu\">Mednarodna selitev<\/a><\/strong><\/p>\n<ul>\n<li> Pregled pred selitvijo, ponudba in sredstva<\/li>\n<li> Pakiranje v kraju bivanja<\/li>\n<li> Prevoz po zraku, morju ali cesti<\/li>\n<li> Urejeno zavarovanje<\/li>\n<li> stalna storitev, vklju\u010dno z upraviteljem selitve in storitvijo sledenja.<\/li>\n<li> Dostava na prebivali\u0161\u010de<\/li>\n<li> Razlo\u017eite svoje blago iz zabojnika, tovornjaka ali kov\u010dka in ga postavite v izbrano sobo.<\/li>\n<li> po potrebi namestite za\u0161\u010ditne materiale za nego tal in sten.<\/li>\n<li> preverite, ali je vsak dostavljeni predmet v skladu s prvotnim popisom embala\u017ee (da upo\u0161tevate vsak paket).<\/li>\n<li> Odvijte ves papir, oblazinjenje in kartonsko embala\u017eo ter jih odstranite za recikliranje.<\/li>\n<li> Za vas ponovno sestavi vse predhodno ozna\u010dene elemente, kar pomeni, da imate za eno stvar manj skrbi. Po potrebi lahko za pomo\u010d pri dodatnih opravilih poskrbimo tudi s priro\u010dnim delavcem.<\/li>\n<li> Omogo\u010dite vam, da preverite zalogo po posameznih postavkah in se podpi\u0161ete, ko ste zadovoljni z dostavo.<\/li>\n<li> Carinjenje<\/li>\n<\/ul>\n<p><strong>Destinacijske storitve<\/strong><\/p>\n<ul>\n<li> Iskanje najema doma<\/li>\n<li> Iskanje \u0161ole<\/li>\n<li> Orientacijski ogled<\/li>\n<li> Nastanitev<\/li>\n<li> Kulturno usposabljanje<\/li>\n<li> Zakonska podpora<\/li>\n<li> Najem pohi\u0161tva<\/li>\n<li> Za\u010dasna nastanitev<\/li>\n<li> Storitve ob odhodu<\/li>\n<li> Dav\u010dno svetovanje in svetovanje o priseljevanju<\/li>\n<\/ul>\n<p><strong>Likovna umetnost in starine<\/strong><\/p>\n<ul>\n<li> Storitev, prilagojena vsaki stranki<\/li>\n<li> Svetovalne storitve<\/li>\n<li> Dogovorite se za hotele itd. za nakup\/dostavo potovanja<\/li>\n<li> Zbirka starin<\/li>\n<li> Storitev pakiranja<\/li>\n<li> Dostava<\/li>\n<li> Zavarovanje<\/li>\n<\/ul>\n<p><strong>Shranjevanje<\/strong><\/p>\n<ul>\n<li> Zdru\u017eeno kraljestvo in <a href=\"https:\/\/moverdb.com\/sl\/moving-to-france\/\" data-internallinksmanager029f6b8e52c=\"315\" title=\"Selitev v Francijo? 2023 \u017divljenjski stro\u0161ki in nasveti za selitev\">Francija<\/a> - kratkotrajno in dolgotrajno skladi\u0161\u010denje v posebej izdelanih zabojnikih.<\/li>\n<li> 24-urno varovanje in kodiran dostop<\/li>\n<li> Nadzorovana temperatura<\/li>\n<li> Protipo\u017earna za\u0161\u010dita in oboro\u017eeni sprinklerski sistem<\/li>\n<li> Preostali svet - omre\u017eni partnerji bodo zagotovili varno shranjevanje<\/li>\n<\/ul>\n<p><strong>Pomo\u017ene storitve<\/strong><\/p>\n<ul>\n<li> Rokodelci (razstavljanje in sestavljanje pohi\u0161tva, opreme, polic, drugih predmetov)<\/li>\n<li> Obesitev slike<\/li>\n<li> Posebno pakiranje (za krhke predmete ali predmete visoke vrednosti)<\/li>\n<li> \u010ci\u0161\u010denje hi\u0161<\/li>\n<li> Slu\u017eba hi\u0161ne pomo\u010dnice (razpakiranje, pranje, pospravljanje <a href=\"https:\/\/moverdb.com\/sl\/moving-to-china\/\" data-internallinksmanager029f6b8e52c=\"357\" title=\"Selitev na Kitajsko? 2023 \u017divljenjski stro\u0161ki in nasveti za selitev\">Kitajska<\/a>, steklovina, obla\u010dila, razni gospodinjski pripomo\u010dki)<\/li>\n<li> Elektri\u010dar ali in\u0161talater<\/li>\n<li> Odstranitev in namestitev satelitske televizijske antene<\/li>\n<li> Specialisti\u010dna \"varna\" odstranitev<\/li>\n<li> Odstranitev in ponovna namestitev oken in vratnih okvirjev<\/li>\n<li> Zunanje dvigalo (specializirano dvigalo) za dostop do stanovanja skozi okno ali balkon v zgornjem nadstropju<\/li>\n<li> Najem pohi\u0161tva<\/li>\n<li> Restavriranje in popravilo pohi\u0161tva<\/li>\n<li> Shranjevanje avtomobilov<\/li>\n<\/ul>\n<h2>Profil podjetja DT Moving<\/h2>\n<p>Podjetje DT Moving je bilo prej znano kot David Turner Worldwide Movers in \u017ee od leta 1870 preva\u017ea ljudi po vsem svetu. Dru\u017eina ustanoviteljica je \u0161e vedno vklju\u010dena v podjetje, ki po vsem svetu preme\u0161\u010da ugledna podjetja in zasebnike. <\/p>\n<p>DT Moving ima pisarne v obeh <a href=\"https:\/\/moverdb.com\/sl\/moving-to-london\/\">London<\/a> in . <a href=\"https:\/\/moverdb.com\/sl\/moving-to-france\/moving-to-paris\/\" data-internallinksmanager029f6b8e52c=\"407\" title=\"Selitev v Pariz? 2023 \u017divljenjski stro\u0161ki in nasveti za selitev\">Pariz<\/a>. Ponosni so na svoje izku\u0161nje in integriteto ter pravijo, da je povpre\u010dna delovna doba vsakega zaposlenega pribli\u017eno 15 let. Vrednote podjetja vklju\u010dujejo kakovost storitev, odgovornost, skladnost in nenehne izbolj\u0161ave.<\/p>\n<p>Dru\u017eba DT Moving pravi, da je imela <strong>97% zadovoljstvo strank<\/strong> za leto 2015, kar je ve\u010d kot 95% v letu 2014.<\/p>\n<p>Dru\u017eba DT Moving ima naslednje akreditacije in povezave:<\/p>\n<ul>\n<li> FAIMPLUS akreditacija; neodvisna revizija dru\u017ebe Ernst &amp; Young<\/li>\n<li> Akreditacija ISO 9001-2008, vklju\u010dno z BS EN 12522\/1 BS EN 12522\/2<\/li>\n<li> Ustanovni \u010dlan OMNI (The Overseas Moving Network International)<\/li>\n<li> <a href=\"https:\/\/moverdb.com\/sl\/fidi-faim\/\">FIDI<\/a> pridru\u017eena organizacija od leta 1950 (F\u00e9d\u00e9ration Internationale des D\u00e9m\u00e9nageurs Internationaux)<\/li>\n<li> C-TPAT preverja <a href=\"https:\/\/moverdb.com\/sl\/moving-to-the-united-states\/\" data-internallinksmanager029f6b8e52c=\"94\" title=\"Selitev v Zdru\u017eene dr\u017eave Amerike? 2022 \u017divljenjski stro\u0161ki in nasveti za selitev\">ZDA<\/a> carina<\/li>\n<li> Poobla\u0161\u010deni \u010dlan zdru\u017eenja The <a href=\"https:\/\/moverdb.com\/sl\/britansko-zdruzenje-odstranjevalcev\/\">Britansko zdru\u017eenje odstranjevalcev<\/a>, DBA,. <a href=\"https:\/\/moverdb.com\/sl\/mtc\/\">Movers Trading Club<\/a> (<a href=\"https:\/\/moverdb.com\/sl\/mtc\/\" data-internallinksmanager029f6b8e52c=\"30\" title=\"Movers Trading Club (MTC) pojasnjeno\">MTC<\/a>)<\/li>\n<li> \u010clan <a href=\"https:\/\/moverdb.com\/sl\/eura\/\">EuRA<\/a> (The <a href=\"https:\/\/moverdb.com\/sl\/eura\/\" data-internallinksmanager029f6b8e52c=\"13\" title=\"Pojasnila o Evropskem zdru\u017eenju za preseljevanje (EuRA)\">Evropsko zdru\u017eenje za preseljevanje<\/a>)<\/li>\n<li> \u010clan <a href=\"https:\/\/moverdb.com\/sl\/association-relocation-professionals\/\">ARP<\/a> (The <a href=\"https:\/\/moverdb.com\/sl\/association-relocation-professionals\/\" data-internallinksmanager029f6b8e52c=\"6\" title=\"Pojasnila o Zdru\u017eenju strokovnjakov za preseljevanje (ARP)\">Zdru\u017eenje strokovnjakov za premestitev<\/a>)<\/li>\n<li> \u010clan <a href=\"https:\/\/moverdb.com\/sl\/iam\/\">IAM<\/a> (<a href=\"https:\/\/moverdb.com\/sl\/iam\/\" data-internallinksmanager029f6b8e52c=\"23\" title=\"Pojasnila o Mednarodnem zdru\u017eenju gibalcev (IAM)\">Mednarodno zdru\u017eenje movers<\/a>)<\/li>\n<li> \u010clan <a href=\"https:\/\/moverdb.com\/sl\/lacma\/\">LACMA<\/a> (Latinskoameri\u0161ko in karibsko zdru\u017eenje Movers)<\/li>\n<li> \u010clan <a href=\"https:\/\/moverdb.com\/sl\/svet-za-premestitev-zaposlenih\/\">ERC po vsem svetu<\/a> (Zdru\u017eenje za mobilnost delovne sile)<\/li>\n<li> Prvi\u010d v zgodovini <a href=\"https:\/\/moverdb.com\/sl\/fidi-faim\/\" data-internallinksmanager029f6b8e52c=\"16\" title=\"Pojasnila o FIDI in FAIM (FIDI Accredited International Mover)\">FAIM<\/a> organizacija, akreditirana po standardu ISO (zdaj FAIMPLUS)<\/li>\n<\/ul>\n<h2>DT Moving Mnenja<\/h2>\n<p><strong>Pozitivna<\/strong><\/p>\n<ul>\n<li> <em>\"Bili so izjemno strokovni, vljudni, hitri in u\u010dinkoviti. Vse so mi razlo\u017eili in ne morem si predstavljati, kako bi lahko poskrbeli za \u0161e bolj gladko izku\u0161njo.\"<\/em> - Z. COHEN prek DT Moving <a href=\"http:\/\/www.dtmoving.com\/about-us\/what-our-customers-say\" target=\"_blank\" rel=\"noopener\">Kaj pravijo na\u0161e stranke<\/a>.<\/li>\n<li> \"<em>Pravkar sem se preselila iz Londona v <a href=\"https:\/\/moverdb.com\/sl\/selitev-v-nc\/\">New York<\/a> in je bil navdu\u0161en nad storitvijo od za\u010detka do konca. To, kar bi lahko bilo zelo stresno, je bilo zelo enostavno.\"<\/em> - Uporabnik Qype, Dan prek <a href=\"https:\/\/www.yelp.co.uk\/biz\/dt-moving-london?hrid=_lnG2UpJr3NSw73UR115Pw&#038;utm_campaign=www_review_share_popup&#038;utm_medium=copy_link&#038;utm_source=(direct)\" target=\"_blank\" rel=\"noopener\">Yelp<\/a><\/li>\n<li> \"DT Moving so bili odli\u010dni od za\u010detka do konca.\" - MCalder prek <a href=\"https:\/\/www.yell.com\/biz\/dt-moving-mitcham-3825953\/\" target=\"_blank\" rel=\"noopener\">Jok<\/a><\/li>\n<li> \"To je \u017ee tretji\u010d, ko sva se z mo\u017eem preselila zaradi dela, in to je bila najbolj\u0161a storitev.\" - Chris prek <a href=\"http:\/\/www.allinlondon.co.uk\/directory\/1318\/74781.php\" target=\"_blank\" rel=\"noopener\">Vse v Londonu<\/a>.<\/li>\n<\/ul>\n<p><strong>Negativni<\/strong><\/p>\n<p><em>Na spletu nismo na\u0161li nobenih negativnih mnenj<\/em>.<\/p>\n<div itemprop=\"review\" itemscope itemtype=\"http:\/\/schema.org\/Review\">\n<span itemprop=\"author\" itemscope=\"\" itemtype=\"http:\/\/schema.org\/Organization\"><span itemprop=\"name\">MoverDB.com<\/span><\/span> Spletni pregled spletnega mesta za <span itemprop=\"itemreviewed\" itemscope=\"\" itemtype=\"http:\/\/schema.org\/Brand\"><span itemprop=\"name\">DT Moving<\/span><\/span>:<\/p>\n<ol>\n<li> Jasni kontaktni podatki na spletnem mestu (vklju\u010dno s telefonsko \u0161tevilko): <strong>Da<\/strong><\/li>\n<li> Enostavno pridobivanje <a href=\"https:\/\/moverdb.com\/sl\/citati\/\">mednarodne selitve<\/a>? (Spletni obrazec za zahtevek za oceno): <strong>Da<\/strong><\/li>\n<li> Jasne informacije na spletnem mestu: <strong>Da,<\/strong> Spletna stran je precej obse\u017ena in potencialnim strankam daje dobro predstavo o tem, kaj lahko podjetje ponudi.<\/li>\n<li> \u010clanstvo v mednarodno priznanih organizacijah, ki se ukvarjajo z gibanjem: <strong>Da<\/strong>, glej zgoraj.<\/li>\n<li> Seznam strank in\/ali pri\u010devanja prej\u0161njih strank: <strong>Da,<\/strong>na spletni strani je veliko pri\u010devanj strank, drugi pregledi na spletu pa so pozitivni.<\/li>\n<\/ol>\n<div itemprop=\"reviewRating\" itemscope itemtype=\"http:\/\/schema.org\/Rating\"><meta itemprop=\"worstRating\" content = \"0\" \/><meta itemprop=\"bestRating\" content=\"5\" \/><meta itemprop=\"ratingValue\" content=\"5\"><\/div>\n<p><strong>Skupna ocena: 5\/5<\/strong><br \/>\n<strong>Datum pregleda:<\/strong> <span itemprop=\"datePublished\" content=\"2016-09-03\">03\/09\/2016<\/span>\n<\/div>\n<p>Preberite ve\u010d o <a href=\"https:\/\/moverdb.com\/sl\/mednarodne-selitve\/\">mednarodne selitve<\/a> in na\u0161e <a href=\"https:\/\/moverdb.com\/sl\/pregledi\/\">postopek pregleda<\/a>.<\/p>\n<p><strong>Spletna stran:<\/strong> <a href=\"http:\/\/www.dtmoving.com\" target=\"_blank\" rel=\"noopener\">http:\/\/www.dtmoving.com<\/a><\/p>","protected":false},"excerpt":{"rendered":"<p>DT Moving is a UK based international moving company which offers its clients a full range of services which are listed below, together with a company profile and reviews. International Removals Pre-move survey, quotation and resources Packing at residence Transport by air, sea or road Insurance arranged Ongoing service including a move manager and a [&hellip;]<\/p>\n","protected":false},"author":1,"featured_media":0,"parent":0,"menu_order":0,"comment_status":"closed","ping_status":"closed","template":"","meta":{"_genesis_hide_title":false,"_genesis_hide_breadcrumbs":false,"_genesis_hide_singular_image":false,"_genesis_hide_footer_widgets":false,"_genesis_custom_body_class":"","_genesis_custom_post_class":"","_genesis_layout":"","footnotes":""},"class_list":{"0":"post-945","1":"page","2":"type-page","3":"status-publish","5":"entry"},"_links":{"self":[{"href":"https:\/\/moverdb.com\/sl\/wp-json\/wp\/v2\/pages\/945","targetHints":{"allow":["GET"]}}],"collection":[{"href":"https:\/\/moverdb.com\/sl\/wp-json\/wp\/v2\/pages"}],"about":[{"href":"https:\/\/moverdb.com\/sl\/wp-json\/wp\/v2\/types\/page"}],"author":[{"embeddable":true,"href":"https:\/\/moverdb.com\/sl\/wp-json\/wp\/v2\/users\/1"}],"replies":[{"embeddable":true,"href":"https:\/\/moverdb.com\/sl\/wp-json\/wp\/v2\/comments?post=945"}],"version-history":[{"count":8,"href":"https:\/\/moverdb.com\/sl\/wp-json\/wp\/v2\/pages\/945\/revisions"}],"predecessor-version":[{"id":6201,"href":"https:\/\/moverdb.com\/sl\/wp-json\/wp\/v2\/pages\/945\/revisions\/6201"}],"wp:attachment":[{"href":"https:\/\/moverdb.com\/sl\/wp-json\/wp\/v2\/media?parent=945"}],"curies":[{"name":"wp","href":"https:\/\/api.w.org\/{rel}","templated":true}]}}