{"id":944,"date":"2016-09-04T13:58:08","date_gmt":"2016-09-04T13:58:08","guid":{"rendered":"http:\/\/moverdb.com\/?page_id=944"},"modified":"2026-01-08T14:48:19","modified_gmt":"2026-01-08T14:48:19","slug":"presezek-mednarodni-premiki","status":"publish","type":"page","link":"https:\/\/moverdb.com\/sl\/excess-international-movers\/","title":{"rendered":"Odve\u010dni mednarodni premika\u010di: Mnenja o mednarodnih selitvah"},"content":{"rendered":"<p>Podjetje Excess International Movers nudi podjetjem, posameznikom in dru\u017einam \u0161irok nabor storitev, ki so na\u0161tete v nadaljevanju. Sledijo tudi profil podjetja in pregledi.<\/p>\n<p><strong><a href=\"https:\/\/moverdb.com\/sl\/international-removals\/\" data-internallinksmanager029f6b8e52c=\"27\" title=\"36 najbolj\u0161ih podjetij za mednarodne selitve v Zdru\u017eenem kraljestvu\">Mednarodna selitev<\/a><\/strong><\/p>\n<ul>\n<li> Z letalom, po morju ali cesti<\/li>\n<li> Storitev od vrat do vrat<\/li>\n<li> Posebna storitev za mednarodne selitve<\/li>\n<li> Koordinator selitve, ki organizira selitev od za\u010detka do konca in odgovarja na vsa vpra\u0161anja.<\/li>\n<li> Packers in movers za pakiranje premo\u017eenja v najbolj\u0161e industrijsko odobrene pakirne materiale - prav tako zagotavlja Excess International Movers<\/li>\n<li> Premestitve, nalo\u017eene na <a href=\"https:\/\/moverdb.com\/sl\/kontejnersko-posiljanje\/\">ladijski zabojnik<\/a> ali se nakladajo na zra\u010dna plovila<\/li>\n<li> Blago je carinjeno, dostavljeno in razlo\u017eeno na va\u0161em novem domu, v pisarni, hotelu ali na drugi kon\u010dni lokaciji - ali vam je na voljo za prevzem na izbranem letali\u0161\u010du.<\/li>\n<li> Pristojbine za mednarodno selitev, carinjenje in terminalske pristojbine<\/li>\n<\/ul>\n<p><strong>Evropska selitev<\/strong><\/p>\n<ul>\n<li> Storitev od vrat do vrat<\/li>\n<li> Posebna neposredna storitev. Va\u0161e predmete zapakiramo na va\u0161em domu ter jih nalo\u017eimo in prepeljemo neposredno v va\u0161 novi dom v Evropi. Izberete datum dostave, ki ustreza va\u0161im potrebam. <\/li>\n<li> Skupna obremenitev. Primerno, \u010de \u017eelite preva\u017eati blago v manj\u0161ih po\u0161iljkah, pri katerih je \u010dasovni okvir manj pomemben. \u010ceprav strankam \u0161e vedno ponujamo fiksni datum prevzema, vam pred prevzemom zagotovimo \u010dasovno okno za dostavo, datum dostave pa je potrjen, ko je urnik deljenega tovora dokon\u010dno oblikovan.<\/li>\n<li> Poseben koordinator selitve, ki odgovarja na vpra\u0161anja in organizira selitev EU od za\u010detka do konca.<\/li>\n<li> Evropska selitev vklju\u010duje storitev profesionalnega pakiranja z uporabo industrijsko odobrenih pakirnih materialov, da se zagotovi varnost va\u0161ega premo\u017eenja med prevozom.<\/li>\n<li> Premikanje, ki ga poberete, dostavite in razpakirate v novem domu z vso vsebino, name\u0161\u010deno po potrebi.<\/li>\n<\/ul>\n<p><strong>Storitve shranjevanja<\/strong><\/p>\n<ul>\n<li> 24-urno varovanje<\/li>\n<li> Za dostop do blaga je potrebno obvestilo in se lahko zara\u010duna dodatna pristojbina.<\/li>\n<li> Popusti za shranjevanje za \u0161tudente<\/li>\n<li> Skladi\u0161\u010denje v zabojnikih<\/li>\n<\/ul>\n<p><strong>Storitve za \u0161tudente<\/strong><\/p>\n<ul>\n<li> Posebne popuste za mini poteze<\/li>\n<li> Posebna mo\u017enost shranjevanja 5 \u0161katel s popustom<\/li>\n<li> \u0160tudent <a href=\"https:\/\/moverdb.com\/sl\/ladjarska-podjetja\/\">mednarodno po\u0161iljanje<\/a><\/li>\n<\/ul>\n<p><strong>Dodatne storitve<\/strong><\/p>\n<ul>\n<li> Prevoz prtljage<\/li>\n<li> Prtljaga brez spremstva<\/li>\n<li> Odve\u010dna prtljaga<\/li>\n<li> <a href=\"https:\/\/moverdb.com\/sl\/avto-transport-spedicija\/\">Prevoz vozil<\/a><\/li>\n<li> Premikanje podjetij<\/li>\n<li> Ladijski prevoz likovnih del<\/li>\n<li> Uvoz<\/li>\n<\/ul>\n<h2>Profil podjetja Excess International Movers<\/h2>\n<p>Podjetje Excess International Movers obstaja \u017ee ve\u010d kot 30 let in letno opravi ve\u010d kot 50.000 mednarodnih in lokalnih po\u0161iljk. Pravijo, da lahko opravijo selitev katere koli velikosti in jo opravijo v vsakem razumnem \u010dasovnem okviru. Excess International Movers trdi, da po\u0161ilja na ve\u010d kot 25 000 destinacij po vsem svetu.<\/p>\n<p>Podjetje pokriva vse vidike selitve v tujino, od prve ponudbe do storitev namestitve v ciljni dr\u017eavi. Zagotavlja re\u0161itve za prevoze za posameznike, dru\u017eine in podjetja, vklju\u010dno s \u0161tevilnimi uglednimi podjetji z imenom \"blue chip\".<\/p>\n<p>Akreditacije in pripadnosti Excess International Movers:<\/p>\n<ul>\n<li> <a href=\"https:\/\/moverdb.com\/sl\/britansko-zdruzenje-odstranjevalcev\/\">Britansko zdru\u017eenje odstranjevalcev<\/a> (<a href=\"https:\/\/moverdb.com\/sl\/british-association-of-removers\/\" data-internallinksmanager029f6b8e52c=\"9\" title=\"Pojasnila o Britanskem zdru\u017eenju izvajalcev selitev (BAR)\">BAR<\/a>)<\/li>\n<li> <a href=\"https:\/\/moverdb.com\/sl\/fidi-faim\/\">Federacija mednarodnih odstranjevalcev pohi\u0161tva<\/a> (<a href=\"https:\/\/moverdb.com\/sl\/fidi-faim\/\" data-internallinksmanager029f6b8e52c=\"16\" title=\"Pojasnila o FIDI in FAIM (FIDI Accredited International Mover)\">FIDI<\/a>)<\/li>\n<li> <a href=\"https:\/\/moverdb.com\/sl\/hgfaa\/\">Zdru\u017eenje ameri\u0161kih \u0161pediterjev za gospodinjsko blago<\/a> (HHGFAA)<\/li>\n<li> <a href=\"https:\/\/moverdb.com\/sl\/fidi-faim\/\">FAIM Plus<\/a><\/li>\n<li> <a href=\"https:\/\/moverdb.com\/sl\/mtc\/\">Movers Trading Club<\/a> (<a href=\"https:\/\/moverdb.com\/sl\/mtc\/\" data-internallinksmanager029f6b8e52c=\"30\" title=\"Movers Trading Club (MTC) pojasnjeno\">MTC<\/a>)<\/li>\n<li> Spletna stran <a href=\"https:\/\/moverdb.com\/sl\/iam\/\">Mednarodno zdru\u017eenje movers<\/a> (<a href=\"https:\/\/moverdb.com\/sl\/iam\/\" data-internallinksmanager029f6b8e52c=\"23\" title=\"Pojasnila o Mednarodnem zdru\u017eenju gibalcev (IAM)\">IAM<\/a>)<\/li>\n<li> ISO 9001<\/li>\n<\/ul>\n<h2>Odve\u010dni mednarodni Movers Reviews<\/h2>\n<p><strong>Pozitivna<\/strong><\/p>\n<ul>\n<li> <em>\"Od samega za\u010detka je bilo poslovanje s podjetjem Excess Internationl Movers prijetno. Imajo zelo ugodne cene in vas vodijo skozi celoten postopek. Prevzem in dostava sta potekala brez te\u017eav in s storitvijo ne bi mogel biti bolj zadovoljen. Toplo priporo\u010dam.\"<\/em> - Gospa Sophie Hay prek <a href=\"http:\/\/www.excess-international.com\/reviews\" target=\"_blank\" rel=\"noopener\">stran za pregled podjetja<\/a><\/li>\n<li> <em>\"Briljantna storitev od ponudbe do ladje. To podjetje zelo priporo\u010damo.\"<\/em> - Lisa prek <a href=\"https:\/\/uk.trustpilot.com\/reviews\/57bc88a00000ff00097f3cfc\" target=\"_blank\" rel=\"noopener\">Trustpilot<\/a>.<\/li>\n<li> <em>\"Pred kratkim smo se preselili iz <a href=\"https:\/\/moverdb.com\/sl\/moving-to-the-uk\/\" data-internallinksmanager029f6b8e52c=\"93\" title=\"Selitev v Zdru\u017eeno kraljestvo? 2022 \u017divljenjski stro\u0161ki in nasveti za selitev\">ZDRU\u017dENO KRALJESTVO<\/a> na . <a href=\"https:\/\/moverdb.com\/sl\/moving-to-canada\/\" data-internallinksmanager029f6b8e52c=\"265\" title=\"Selitev v Kanado? 2023 \u017divljenjski stro\u0161ki in nasveti za selitev\">Kanada<\/a>in Excess International je celoten postopek potekal zelo brez te\u017eav. Ponudba je bila precej natan\u010dna (kon\u010dni stro\u0161ki so bili dejansko nekoliko ni\u017eji od prvotne ponudbe, kar je bilo dobro - brez neprijetnih presene\u010denj v zadnjem trenutku), pakirci so odli\u010dno opravili svoje delo, Attila pa je z veseljem odgovoril na vsa na\u0161a vpra\u0161anja.\"<\/em> - prek <a href=\"http:\/\/www.reviewcentre.com\/Removal-Companies\/Excess-International-Movers-www-excess-international-com-review_2391382\" target=\"_blank\" rel=\"noopener\">Center za pregledovanje<\/a><\/li>\n<li> <em>\"Mo\u0161ki, ki so pri\u0161li opravit selitev in pakiranje gospodinjstva, so bili popolnoma #1 - prvovrstni z vsem, predani delavci in zelo vljudni.\"<\/em> - Anton prek <a href=\"http:\/\/www.shipping-international.com\/companies\/excess-international-movers.html\" target=\"_blank\" rel=\"noopener\">Shipping-International.com<\/a><\/li>\n<\/ul>\n<p><strong>Negativni<\/strong><\/p>\n<ul>\n<li> <em>\"Ko smo dobili nekaj ponudb, smo menili, da smo sprejeli dobro odlo\u010ditev, vendar se \u017eal stvari niso iz\u0161le po pri\u010dakovanjih.\"<\/em> - Lee\/Mrs Alexandria via <a href=\"https:\/\/uk.trustpilot.com\/reviews\/57b38afd0000ff00097cab0e\" target=\"_blank\" rel=\"noopener\">Trustpilot<\/a><\/li>\n<li> <em>\"\u0160e vedno imamo te\u017eave z EIM iz za\u010detka leta (2015), ko je na\u0161 zabojnik iz Zdru\u017eenega kraljestva prispel na NZ. Osebje EIM v Zdru\u017eenem kraljestvu je luknjo na strehi zabojnika prelepilo s svojim pakirnim trakom.\"<\/em> - Robert Snijders prek <a href=\"http:\/\/www.removalreviews.co.uk\/movingreviews\/move-from-uk-to-nz-10229\" target=\"_blank\" rel=\"noopener\">Mnenja o odstranjevanju<\/a><\/li>\n<li> <em>\"Pateti\u010dna storitev in brez ustrezne komunikacije. Nikakor ne priporo\u010dam uporabe teh fantov. Moja interakcija je bila zelo razo\u010darana in frustrirajo\u010da.\"<\/em> - prek <a href=\"http:\/\/www.reviewcentre.com\/Removal-Companies\/Excess-International-Movers-www-excess-international-com-review_3918175\" target=\"_blank\" rel=\"noopener\">Center za pregledovanje<\/a><\/li>\n<li> <em>\"Absolutno grozno podjetje, s katerim se je treba ukvarjati, po\u010dutil sem se, kot da bi se ukvarjal z izterjevalcem dolgov, ki se je z njimi pogovarjal po telefonu.\" -<br \/>\nWill B. prek <a href=\"https:\/\/www.yelp.co.uk\/biz\/excess-international-movers-london-2?hrid=gh9RC6mlebc__fP5wR0Q8g&#038;utm_campaign=www_review_share_popup&#038;utm_medium=copy_link&#038;utm_source=(direct)\" target=\"_blank\" rel=\"noopener\">Yelp<\/a><\/em><\/li>\n<\/ul>\n<div itemprop=\"review\" itemscope itemtype=\"http:\/\/schema.org\/Review\">\n<span itemprop=\"author\" itemscope=\"\" itemtype=\"http:\/\/schema.org\/Organization\"><span itemprop=\"name\">MoverDB.com<\/span><\/span> Spletni pregled spletnega mesta za <span itemprop=\"itemreviewed\" itemscope=\"\" itemtype=\"http:\/\/schema.org\/Brand\"><span itemprop=\"name\">Odve\u010dni mednarodni premika\u010di<\/span><\/span>:<\/p>\n<ol>\n<li> Jasni kontaktni podatki na spletnem mestu (vklju\u010dno s telefonsko \u0161tevilko): <strong>Da<\/strong><\/li>\n<li> Enostavno pridobivanje <a href=\"https:\/\/moverdb.com\/sl\/citati\/\">mednarodne selitve<\/a>? (Spletni obrazec za zahtevek za oceno): <strong>Da<\/strong><\/li>\n<li> Jasne informacije na spletnem mestu: <strong>Da,<\/strong> Informacije na spletni strani so precej podrobne in potencialnim strankam omogo\u010dajo dobro predstavo o ponudbi.<\/li>\n<li> \u010clanstvo v mednarodno priznanih organizacijah, ki se ukvarjajo z gibanjem: <strong>Da<\/strong>, glej zgoraj.<\/li>\n<li> Seznam strank in\/ali pri\u010devanja prej\u0161njih strank: <strong>Da,<\/strong> Na njihovi spletni strani je veliko pozitivnih pri\u010devanj strank, \u010deprav so ocene drugje nekoliko bolj me\u0161ane.<\/li>\n<\/ol>\n<div itemprop=\"reviewRating\" itemscope itemtype=\"http:\/\/schema.org\/Rating\"><meta itemprop=\"worstRating\" content = \"0\" \/><meta itemprop=\"bestRating\" content=\"5\" \/><meta itemprop=\"ratingValue\" content=\"4\"><\/div>\n<p><strong>Skupna ocena: 4\/5<\/strong><br \/>\n<strong>Datum pregleda:<\/strong> <span itemprop=\"datePublished\" content=\"2016-09-04\">04\/09\/2016<\/span>\n<\/div>\n<p>Preberite ve\u010d o <a href=\"https:\/\/moverdb.com\/sl\/mednarodne-selitve\/\">mednarodne selitve<\/a> in na\u0161e <a href=\"https:\/\/moverdb.com\/sl\/pregledi\/\">postopek pregleda<\/a>.<\/p>\n<p><strong>Spletna stran:<\/strong> <a href=\"http:\/\/www.excess-international.com\/\" target=\"_blank\" rel=\"noopener\">http:\/\/www.excess-international.com<\/a><\/p>","protected":false},"excerpt":{"rendered":"<p>Excess International Movers offer corporate clients, individuals and families a wide range of services which are listed below. There also follows a company profile and reviews. International Removals Air, sea or road Door to door service Dedicated service for international relocations A move co-ordinator to organise removals from start to finish and answer any queries [&hellip;]<\/p>\n","protected":false},"author":1,"featured_media":0,"parent":0,"menu_order":0,"comment_status":"closed","ping_status":"closed","template":"","meta":{"_genesis_hide_title":false,"_genesis_hide_breadcrumbs":false,"_genesis_hide_singular_image":false,"_genesis_hide_footer_widgets":false,"_genesis_custom_body_class":"","_genesis_custom_post_class":"","_genesis_layout":"","footnotes":""},"class_list":{"0":"post-944","1":"page","2":"type-page","3":"status-publish","5":"entry"},"_links":{"self":[{"href":"https:\/\/moverdb.com\/sl\/wp-json\/wp\/v2\/pages\/944","targetHints":{"allow":["GET"]}}],"collection":[{"href":"https:\/\/moverdb.com\/sl\/wp-json\/wp\/v2\/pages"}],"about":[{"href":"https:\/\/moverdb.com\/sl\/wp-json\/wp\/v2\/types\/page"}],"author":[{"embeddable":true,"href":"https:\/\/moverdb.com\/sl\/wp-json\/wp\/v2\/users\/1"}],"replies":[{"embeddable":true,"href":"https:\/\/moverdb.com\/sl\/wp-json\/wp\/v2\/comments?post=944"}],"version-history":[{"count":8,"href":"https:\/\/moverdb.com\/sl\/wp-json\/wp\/v2\/pages\/944\/revisions"}],"predecessor-version":[{"id":6207,"href":"https:\/\/moverdb.com\/sl\/wp-json\/wp\/v2\/pages\/944\/revisions\/6207"}],"wp:attachment":[{"href":"https:\/\/moverdb.com\/sl\/wp-json\/wp\/v2\/media?parent=944"}],"curies":[{"name":"wp","href":"https:\/\/api.w.org\/{rel}","templated":true}]}}