{"id":943,"date":"2016-09-03T18:19:36","date_gmt":"2016-09-03T18:19:36","guid":{"rendered":"http:\/\/moverdb.com\/?page_id=943"},"modified":"2026-01-08T15:20:36","modified_gmt":"2026-01-08T15:20:36","slug":"robinsons","status":"publish","type":"page","link":"https:\/\/moverdb.com\/sl\/robinsons\/","title":{"rendered":"Premestitev podjetja Robinsons: Mednarodni selitveni in selitveni pregledi"},"content":{"rendered":"<p>Robinsons Relocation je mednarodna <a href=\"https:\/\/moverdb.com\/sl\/international-removals\/\" data-internallinksmanager029f6b8e52c=\"27\" title=\"36 najbolj\u0161ih podjetij za mednarodne selitve v Zdru\u017eenem kraljestvu\">podjetje za selitve<\/a> ki svojim strankam nudijo \u0161tevilne storitve za pomo\u010d pri selitvi v tujino. Storitve so navedene spodaj, skupaj s profilom podjetja in pregledi.<\/p>\n<p><strong>Mednarodna selitev<\/strong><\/p>\n<ul>\n<li> Poseben vodja selitve<\/li>\n<li> Od vrat do vrat<\/li>\n<li> Samopla\u010dni\u0161ko ali strokovno pakiranje<\/li>\n<li> Letalski ali pomorski tovor <a href=\"https:\/\/moverdb.com\/sl\/kontejnersko-posiljanje\/\">mednarodni kontejnerski prevoz<\/a><\/li>\n<li> mo\u017enosti polne in delne obremenitve<\/li>\n<li> Razpakiranje in ponovno sestavljanje<\/li>\n<li> Carinska pomo\u010d<\/li>\n<li> Urejeno zavarovanje<\/li>\n<li> Po\u0161iljka avtomobila<\/li>\n<li> Po\u0161iljka hi\u0161nih ljubljen\u010dkov<\/li>\n<li> Po\u0161iljka umetnin in starin<\/li>\n<li> Selitev podjetja<\/li>\n<\/ul>\n<p><strong>Storitve premestitve<\/strong><\/p>\n<ul>\n<li> Usmeritev obmo\u010dja<\/li>\n<li> Iskanje na domu<\/li>\n<li> Iskanje \u0161ole<\/li>\n<li> Storitve za vselitev<\/li>\n<li> Teko\u010da podpora in upravljanje najemnih razmerij<\/li>\n<li> Storitve ob odhodu<\/li>\n<li> Vizumi in priseljevanje<\/li>\n<li> Medkulturno in jezikovno<\/li>\n<li> Zakonska podpora<\/li>\n<\/ul>\n<p><strong>Shranjevanje<\/strong><\/p>\n<ul>\n<li> Dolgoro\u010dno in kratkoro\u010dno<\/li>\n<li> Shranjevanje pohi\u0161tva<\/li>\n<li> Hramba vozil<\/li>\n<li> Komercialno skladi\u0161\u010denje<\/li>\n<li> Shranjevanje dokumentov<\/li>\n<li> 8 vej, med katerimi lahko izbirate<\/li>\n<li> Profesionalno pakirano<\/li>\n<li> Avtomatsko zavarovanje<\/li>\n<li> 24-urni videonadzor<\/li>\n<\/ul>\n<p><strong><a href=\"https:\/\/moverdb.com\/sl\/moving-to-the-uk\/\" data-internallinksmanager029f6b8e52c=\"93\" title=\"Selitev v Zdru\u017eeno kraljestvo? 2022 \u017divljenjski stro\u0161ki in nasveti za selitev\">ZDRU\u017dENO KRALJESTVO<\/a> Selitve hi\u0161e<\/strong><\/p>\n<ul>\n<li> Od vrat do vrat<\/li>\n<li> Celovita storitev<\/li>\n<li> Selitev podjetja<\/li>\n<\/ul>\n<h2>Profil podjetja Robinsons Relocation<\/h2>\n<p>Podjetje Robinsons je leta 1895 ustanovil Alfred Robinson, podjetje pa je za\u010delo s preva\u017eanjem premoga. Konkurenca je bila velika, zato se je Alfred Robinson odlo\u010dil, da se bo preusmeril v dejavnost selitve. <\/p>\n<p>V \u0161estdesetih letih prej\u0161njega stoletja se je podjetje raz\u0161irilo na podro\u010dje mednarodnih selitev, ko se je pojavilo mno\u017ei\u010dno izseljevanje v <a href=\"https:\/\/moverdb.com\/sl\/moving-to-australia\/living-in-australia\/\" data-internallinksmanager029f6b8e52c=\"240\" title=\"21 skrivnosti o \u017eivljenju v Avstraliji, ki jih morate poznati, preden se preselite\">Avstralija<\/a>. Vnuk Alfreda Robinsona je danes predsednik dru\u017ebe.<\/p>\n<p>Robinsons je eden od petih najve\u010djih izvoznikov osebnega blaga v Zdru\u017eenem kraljestvu. Njihov cilj je strankam, tako zasebnim kot poslovnim, ponuditi prilagojen na\u010drt, ki zagotavlja, da je selitev lahka in brez skritih stro\u0161kov. <\/p>\n<p>Dru\u017eba ima \u0161est namensko zgrajenih skladi\u0161\u010d v ve\u010djih sredi\u0161\u010dih v Zdru\u017eenem kraljestvu. Ima tudi vozni park s 60 vozili in ve\u010d kot 150 visoko usposobljenih delavcev.<\/p>\n<p>Seznam \u010dlanstev in akreditacij podjetja Robinsons:<\/p>\n<ul>\n<li> <a href=\"https:\/\/moverdb.com\/sl\/britansko-zdruzenje-odstranjevalcev\/\">Britansko zdru\u017eenje odstranjevalcev<\/a> (<a href=\"https:\/\/moverdb.com\/sl\/british-association-of-removers\/\" data-internallinksmanager029f6b8e52c=\"9\" title=\"Pojasnila o Britanskem zdru\u017eenju izvajalcev selitev (BAR)\">BAR<\/a>)<\/li>\n<li> <a href=\"https:\/\/moverdb.com\/sl\/bar-overseas\/\">Britansko zdru\u017eenje preme\u0161\u010dencev v tujini<\/a><\/li>\n<li> Britansko zdru\u017eenje za mednarodni tovorni promet (BIFA)<\/li>\n<li> Svetovno zagotovilo<\/li>\n<li> <a href=\"https:\/\/moverdb.com\/sl\/fidi-faim\/\">Mednarodna zveza mednarodnih prevoznikov pohi\u0161tva<\/a> (<a href=\"https:\/\/moverdb.com\/sl\/fidi-faim\/\" data-internallinksmanager029f6b8e52c=\"16\" title=\"Pojasnila o FIDI in FAIM (FIDI Accredited International Mover)\">FIDI<\/a>)<\/li>\n<li> Prekomorsko gibanje omre\u017eja Incorporated (OMNI)<\/li>\n<li> FAIM Plus<\/li>\n<li> <a href=\"https:\/\/moverdb.com\/sl\/eura\/\">EuRA<\/a><\/li>\n<li> ISO 9901:2008<\/li>\n<li> ISO 14001 :2004<\/li>\n<li> Zdru\u017eenje trgovcev z umetninami in starinami (LAPADA)<\/li>\n<li> Britanski proizvajalci pohi\u0161tva (BFM)<\/li>\n<\/ul>\n<h2>Robinsons Relocation Mnenja<\/h2>\n<p><strong>Pozitivno:<\/strong><\/p>\n<ul>\n<li> <em>\"Robinsoni so bili zelo potrpe\u017eljivi pri na\u0161em v\u010dasih \"te\u017eavnem\" potovanju do dejanskega datuma selitve in so se z veseljem usklajevali z mano. Osebje v pisarni je bilo ustre\u017eljivo, razumevajo\u010de in prijazno. Ko je pri\u0161el dan, so fantje, ki so pri\u0161li pakirat hi\u0161o za <a href=\"https:\/\/moverdb.com\/sl\/moving-to-the-united-states\/\" data-internallinksmanager029f6b8e52c=\"94\" title=\"Selitev v Zdru\u017eene dr\u017eave Amerike? 2022 \u017divljenjski stro\u0161ki in nasveti za selitev\">nas<\/a> bili prijazni, strokovni, predvsem pa vestni.\"<\/em> - Charlie K Brisker prek <a href=\"https:\/\/uk.trustpilot.com\/reviews\/57c6b04b0000ff000982140f\" target=\"_blank\" rel=\"noopener\">Trustpilot<\/a><\/li>\n<li> <em>\"Imeli smo odli\u010dno izku\u0161njo z Robinsonsom in zato sem bil precej presene\u010den, ko sem videl prej\u0161nji pregled, ki je bil druga\u010den. Glede na lastne izku\u0161nje smo se ve\u010dkrat preselili na razli\u010dne konce sveta in odkar smo jih prvi\u010d uporabili v 90-ih letih prej\u0161njega stoletja, smo pri selitvi vsaki\u010d zaupali podjetju Robinsons.\"<\/em> - Aiden Roberts prek <a href=\"http:\/\/www.removalreviews.co.uk\/movingreviews\/really-great-service-thank-you-robinsons-6974\" target=\"_blank\" rel=\"noopener\">Mnenja o odstranjevanju<\/a> <\/li>\n<\/ul>\n<p><strong>Negativno:<\/strong><\/p>\n<ul>\n<li> <em>\"Prva dva fanta, ki sta prispela, sta bila fantasti\u010dna. Nato so pri\u0161li \u0161e trije! V na\u0161e vti\u010dnice so priklju\u010dili svoje mobilne telefone, da bi predvajali glasbo!!! Pakiranje manj\u0161ih predmetov je bilo odli\u010dno! Nobenih po\u0161kodb! Vendar je bilo pomanjkanje skrbi in spo\u0161tovanja pri ve\u010djih predmetih \u0161okantno! \"<\/em> - Sharon Card prek <a href=\"https:\/\/www.trustpilot.com\/users\/55ed817e0000ff0001d9df65\" target=\"_blank\" rel=\"noopener\">Trustpilot<\/a> <\/li>\n<li> \"<em>Po nekaj raziskavah sem mislila, da sem izbrala ugledno podjetje, ki bo opravilo mojo mednarodno selitev. Ne bi se mogel bolj motiti.\" <\/em>Eric prek <a href=\"http:\/\/www.removalreviews.co.uk\/movingreviews\/absolute-disgrace-2741\" target=\"_blank\" rel=\"noopener\">Mnenja o odstranjevanju<\/a> <\/li>\n<\/ul>\n<div itemprop=\"review\" itemscope itemtype=\"http:\/\/schema.org\/Review\">\n<span itemprop=\"author\" itemscope=\"\" itemtype=\"http:\/\/schema.org\/Organization\"><span itemprop=\"name\">MoverDB.com<\/span><\/span> Spletni pregled spletnega mesta za <span itemprop=\"itemreviewed\" itemscope=\"\" itemtype=\"http:\/\/schema.org\/Brand\"><span itemprop=\"name\">Robinsonsova premestitev<\/span><\/span>:<\/p>\n<ol>\n<li> Jasni kontaktni podatki na spletnem mestu (vklju\u010dno s telefonsko \u0161tevilko): <strong>Da<\/strong><\/li>\n<li> Enostavno pridobivanje <a href=\"https:\/\/moverdb.com\/sl\/citati\/\">mednarodne selitve<\/a>? (Spletni obrazec za zahtevek za oceno): <strong>Da<\/strong><\/li>\n<li> Jasne informacije na spletnem mestu: <strong>Da,<\/strong> dobro koli\u010dino informacij o vseh storitvah, ki jih ponujajo.<\/li>\n<li> \u010clanstvo v mednarodno priznanih organizacijah, ki se ukvarjajo z gibanjem: <strong>Da<\/strong>, \u0161tevilne glej zgoraj.<\/li>\n<li> Seznam strank in\/ali pri\u010devanja prej\u0161njih strank: <strong>Da,<\/strong> vendar ne na njihovi spletni strani, temve\u010d stranke pustijo ocene na TrustPilot, kjer imajo zelo pozitivno oceno.<\/li>\n<\/ol>\n<div itemprop=\"reviewRating\" itemscope itemtype=\"http:\/\/schema.org\/Rating\"><meta itemprop=\"worstRating\" content = \"0\" \/><meta itemprop=\"bestRating\" content=\"5\" \/><meta itemprop=\"ratingValue\" content=\"5\"><\/div>\n<p><strong>Skupna ocena: 5\/5<\/strong><br \/>\n<strong>Datum pregleda:<\/strong> <span itemprop=\"datePublished\" content=\"2016-09-03\">03\/09\/2016<\/span>\n<\/div>\n<p>Preberite ve\u010d o <a href=\"https:\/\/moverdb.com\/sl\/mednarodne-selitve\/\">podjetja za mednarodne selitve<\/a> in na\u0161e <a href=\"https:\/\/moverdb.com\/sl\/pregledi\/\">postopek pregleda<\/a>.<\/p>\n<p><strong>Spletna stran:<\/strong> <a href=\"http:\/\/www.robinsonsrelo.com\" target=\"_blank\" rel=\"noopener\">http:\/\/www.robinsonsrelo.com<\/a><\/p>","protected":false},"excerpt":{"rendered":"<p>Robinsons Relocation are an international removal company which offer their clients many services to assist them in relocating abroad. The services are listed below together with a company profile and reviews. International Removals Dedicated move manager Door to door Self-packing or professionally packed Air freight or sea freight international container shipping full load and part [&hellip;]<\/p>\n","protected":false},"author":1,"featured_media":0,"parent":0,"menu_order":0,"comment_status":"closed","ping_status":"closed","template":"","meta":{"_genesis_hide_title":false,"_genesis_hide_breadcrumbs":false,"_genesis_hide_singular_image":false,"_genesis_hide_footer_widgets":false,"_genesis_custom_body_class":"","_genesis_custom_post_class":"","_genesis_layout":"","footnotes":""},"class_list":{"0":"post-943","1":"page","2":"type-page","3":"status-publish","5":"entry"},"_links":{"self":[{"href":"https:\/\/moverdb.com\/sl\/wp-json\/wp\/v2\/pages\/943","targetHints":{"allow":["GET"]}}],"collection":[{"href":"https:\/\/moverdb.com\/sl\/wp-json\/wp\/v2\/pages"}],"about":[{"href":"https:\/\/moverdb.com\/sl\/wp-json\/wp\/v2\/types\/page"}],"author":[{"embeddable":true,"href":"https:\/\/moverdb.com\/sl\/wp-json\/wp\/v2\/users\/1"}],"replies":[{"embeddable":true,"href":"https:\/\/moverdb.com\/sl\/wp-json\/wp\/v2\/comments?post=943"}],"version-history":[{"count":5,"href":"https:\/\/moverdb.com\/sl\/wp-json\/wp\/v2\/pages\/943\/revisions"}],"predecessor-version":[{"id":6233,"href":"https:\/\/moverdb.com\/sl\/wp-json\/wp\/v2\/pages\/943\/revisions\/6233"}],"wp:attachment":[{"href":"https:\/\/moverdb.com\/sl\/wp-json\/wp\/v2\/media?parent=943"}],"curies":[{"name":"wp","href":"https:\/\/api.w.org\/{rel}","templated":true}]}}