{"id":942,"date":"2016-09-04T17:22:17","date_gmt":"2016-09-04T17:22:17","guid":{"rendered":"http:\/\/moverdb.com\/?page_id=942"},"modified":"2026-01-08T14:47:57","modified_gmt":"2026-01-08T14:47:57","slug":"city-moving-storage","status":"publish","type":"page","link":"https:\/\/moverdb.com\/sl\/city-moving-storage\/","title":{"rendered":"City Moving and Storage: Mnenja o mednarodnih selitvah"},"content":{"rendered":"<p>Podjetje City Moving and Storage ponuja selitve v tujino in lokalne selitve za poslovne in zasebne stranke. Sledi seznam teh storitev, profil podjetja in ocene.<\/p>\n<p><strong>Opomba:<\/strong> City Moving and Storage se ne sme zamenjevati z City Removals, ki je lo\u010deno podjetje, ki prav tako zmedeno ponuja <a href=\"https:\/\/moverdb.com\/sl\/mednarodne-selitve\/\">mednarodne selitve<\/a>.<\/p>\n<p><strong>Storitve selitve<\/strong><\/p>\n<ul>\n<li> Razpakiranje in odstranjevanje smeti Storitev popolnega pakiranja<\/li>\n<li> Prepakiranje starin in umetnin<\/li>\n<li> Storitve pomorskega prevoza blaga z LCL (manj kot tovor zabojnika) ali FCL (poln tovor zabojnika) <a href=\"https:\/\/moverdb.com\/sl\/kontejnersko-posiljanje\/\">kontejnerski prevoz<\/a>.<\/li>\n<li> Tedenski prevozi s tovornjaki za selitve v Evropo<\/li>\n<li> Carinjenje in formalnosti<\/li>\n<li> Razpakiranje in odstranjevanje odpadkov<\/li>\n<\/ul>\n<p><strong>Storitve shranjevanja<\/strong><\/p>\n<ul>\n<li> Nakladanje zabojnikov<\/li>\n<li> Zabojniki za pakiranje<\/li>\n<li> Zapiranje posod<\/li>\n<li> Odlaganje zabojnikov<\/li>\n<\/ul>\n<h2>Profil podjetja City Moving and Storage<\/h2>\n<p>Podjetje City Moving and Storage je zasebno podjetje z omejeno odgovornostjo, ki je za\u010delo poslovati leta 1986. Sede\u017e podjetja je v <a href=\"https:\/\/moverdb.com\/sl\/moving-to-london\/\">London<\/a> z globalnimi poslovnimi partnerji po vsem svetu. Podjetje po\u0161ilja osebne in poslovne po\u0161iljke po vsem svetu in se pona\u0161a s strokovnim, dobro usposobljenim osebjem, ki spremlja postopek od vrat do vrat.<\/p>\n<p>Podjetje je specializirano za prevoz starin, umetni\u0161kih del, klavirjev in avtomobilov po vsem svetu. Ima specializiran oddelek za Skandinavijo s tedenskimi odhodi iz Londona. Stranke so v celoti obve\u0161\u010dene o svojih po\u0161iljkah z obvestili na vseh stopnjah potovanja. <\/p>\n<p>Podjetje City Moving and Storage ima akreditacije od:<\/p>\n<ul>\n<li> <a href=\"https:\/\/moverdb.com\/sl\/britansko-zdruzenje-odstranjevalcev\/\">Britansko zdru\u017eenje odstranjevalcev<\/a> (<a href=\"https:\/\/moverdb.com\/sl\/british-association-of-removers\/\" data-internallinksmanager029f6b8e52c=\"9\" title=\"Pojasnila o Britanskem zdru\u017eenju izvajalcev selitev (BAR)\">BAR<\/a>)<\/li>\n<li> <a href=\"https:\/\/moverdb.com\/sl\/fidi-faim\/\">Federacija mednarodnih prevoznikov<\/a> (<a href=\"https:\/\/moverdb.com\/sl\/fidi-faim\/\" data-internallinksmanager029f6b8e52c=\"16\" title=\"Pojasnila o FIDI in FAIM (FIDI Accredited International Mover)\">FIDI<\/a>)<\/li>\n<li> Standard za zagotavljanje kakovosti storitev - BS EN 12522<\/li>\n<\/ul>\n<p><strong>City Moving and Storage Mnenja<\/strong><\/p>\n<p>Na spletu nismo na\u0161li nobenih pozitivnih ali negativnih mnenj za podjetje City Moving and Storage.<\/p>\n<div itemprop=\"review\" itemscope itemtype=\"http:\/\/schema.org\/Review\">\n<span itemprop=\"author\" itemscope=\"\" itemtype=\"http:\/\/schema.org\/Organization\"><span itemprop=\"name\">MoverDB.com<\/span><\/span> Spletni pregled spletnega mesta za <span itemprop=\"itemreviewed\" itemscope=\"\" itemtype=\"http:\/\/schema.org\/Brand\"><span itemprop=\"name\">City Moving and Storage<\/span><\/span>:<\/p>\n<ol>\n<li> Jasni kontaktni podatki na spletnem mestu (vklju\u010dno s telefonsko \u0161tevilko): <strong>Da<\/strong><\/li>\n<li> Enostavno pridobivanje <a href=\"https:\/\/moverdb.com\/sl\/citati\/\">mednarodne selitvene ponudbe<\/a>? (Spletni obrazec za zahtevek za oceno): <strong>Osnovni<\/strong>imajo na svoji doma\u010di strani kontaktni obrazec, vendar ne navajajo, ali ponujajo ponudbe.<\/li>\n<li> Jasne informacije na spletnem mestu: <strong>Ne,<\/strong> Spletna stran je bila vzpostavljena leta 2008 in vam pove zelo malo o podjetju ali potezah, ki jih ponujajo.<\/li>\n<li> \u010clanstvo v mednarodno priznanih organizacijah, ki se ukvarjajo z gibanjem: <strong>Da<\/strong>, glej zgoraj.<\/li>\n<li> Seznam strank in\/ali pri\u010devanja prej\u0161njih strank: <strong>Ne,<\/strong> Vsebina spletnega mesta je minimalna in ne vklju\u010duje nobenih pri\u010devanj strank ali seznamov strank, poleg tega se zdi, da na spletu ni nobenih pregledov.<\/li>\n<\/ol>\n<div itemprop=\"reviewRating\" itemscope itemtype=\"http:\/\/schema.org\/Rating\"><meta itemprop=\"worstRating\" content = \"0\" \/><meta itemprop=\"bestRating\" content=\"5\" \/><meta itemprop=\"ratingValue\" content=\"2.5\"><\/div>\n<p><strong>Skupna ocena: 2,5\/5<\/strong><br \/>\n<strong>Datum pregleda:<\/strong> <span itemprop=\"datePublished\" content=\"2016-09-04\">04\/09\/2016<\/span>\n<\/div>\n<p>Ve\u010d o <a href=\"https:\/\/moverdb.com\/sl\/selitev-podjetja\/\">mednarodna selitvena podjetja<\/a> in na\u0161e <a href=\"https:\/\/moverdb.com\/sl\/pregledi\/\">postopek pregleda<\/a>.<\/p>\n<p><strong>Spletna stran:<\/strong> <a href=\"http:\/\/www.citymoving.co.uk\" target=\"_blank\" rel=\"noopener\">http:\/\/www.citymoving.co.uk<\/a><\/p>","protected":false},"excerpt":{"rendered":"<p>City Moving and Storage offer both overseas and local moves to both business and private clients. There follows a list of these services, together with a company profile and reviews. Note: City Moving and Storage, should not be confused with City Removals, which is a separate company that also confusingly offers international removals. Moving Services [&hellip;]<\/p>\n","protected":false},"author":1,"featured_media":0,"parent":0,"menu_order":0,"comment_status":"closed","ping_status":"closed","template":"","meta":{"_genesis_hide_title":false,"_genesis_hide_breadcrumbs":false,"_genesis_hide_singular_image":false,"_genesis_hide_footer_widgets":false,"_genesis_custom_body_class":"","_genesis_custom_post_class":"","_genesis_layout":"","footnotes":""},"class_list":{"0":"post-942","1":"page","2":"type-page","3":"status-publish","5":"entry"},"_links":{"self":[{"href":"https:\/\/moverdb.com\/sl\/wp-json\/wp\/v2\/pages\/942","targetHints":{"allow":["GET"]}}],"collection":[{"href":"https:\/\/moverdb.com\/sl\/wp-json\/wp\/v2\/pages"}],"about":[{"href":"https:\/\/moverdb.com\/sl\/wp-json\/wp\/v2\/types\/page"}],"author":[{"embeddable":true,"href":"https:\/\/moverdb.com\/sl\/wp-json\/wp\/v2\/users\/1"}],"replies":[{"embeddable":true,"href":"https:\/\/moverdb.com\/sl\/wp-json\/wp\/v2\/comments?post=942"}],"version-history":[{"count":5,"href":"https:\/\/moverdb.com\/sl\/wp-json\/wp\/v2\/pages\/942\/revisions"}],"predecessor-version":[{"id":6191,"href":"https:\/\/moverdb.com\/sl\/wp-json\/wp\/v2\/pages\/942\/revisions\/6191"}],"wp:attachment":[{"href":"https:\/\/moverdb.com\/sl\/wp-json\/wp\/v2\/media?parent=942"}],"curies":[{"name":"wp","href":"https:\/\/api.w.org\/{rel}","templated":true}]}}