{"id":941,"date":"2016-07-25T11:02:02","date_gmt":"2016-07-25T11:02:02","guid":{"rendered":"http:\/\/moverdb.com\/?page_id=941"},"modified":"2026-01-08T15:30:36","modified_gmt":"2026-01-08T15:30:36","slug":"united-van-lines","status":"publish","type":"page","link":"https:\/\/moverdb.com\/sl\/united-van-lines\/","title":{"rendered":"United Van Lines: Mednarodne selitvene storitve in ocene"},"content":{"rendered":"<p>Dru\u017eba United Van Lines svojim strankam ponuja \u0161tevilne selitvene storitve, tako mednarodne kot znotraj <a href=\"https:\/\/moverdb.com\/sl\/moving-to-the-united-states\/\" data-internallinksmanager029f6b8e52c=\"94\" title=\"Selitev v Zdru\u017eene dr\u017eave Amerike? 2022 \u017divljenjski stro\u0161ki in nasveti za selitev\">ZDA<\/a>. Spodaj je seznam teh storitev ter profil podjetja in pregledi.<\/p>\n<p><strong>Mednarodni premiki<\/strong><\/p>\n<ul>\n<li> Na\u010drtovanje in priprava selitve<\/li>\n<li> Ocena in ocena potreb<\/li>\n<li> Potovanje s predogledom destinacije<\/li>\n<li> Jezikovno usposabljanje in kulturna orientacija<\/li>\n<li> Upravljanje premikov<\/li>\n<li> Storitve na\u010drtovanja<\/li>\n<li> Mednarodni tranzit<\/li>\n<li> Sledenje in dostava<\/li>\n<li> Storitve za vselitev - banke, zdravniki itd.<\/li>\n<li> Vizumi in storitve za priseljevanje<\/li>\n<li> Postopki poslovnega priseljevanja<\/li>\n<li> Posamezni postopki priseljevanja<\/li>\n<li> Pomo\u010d pri nastanitvi - za\u010dasna ali stalna<\/li>\n<li> Storitve iskanja hi\u0161e<\/li>\n<li> Za\u010dasna nastanitev<\/li>\n<li> Upravljanje nepremi\u010dnin in najemnih razmerij<\/li>\n<li> Pomo\u010d pri preselitvi dru\u017eine<\/li>\n<li> Postopek izdaje vizuma in potnega lista<\/li>\n<li> Podpora partnerja\/skrbnika<\/li>\n<li> Pomo\u010d \u0161olam<\/li>\n<li> Kulturno in jezikovno usposabljanje<\/li>\n<li> Premestitev hi\u0161nih ljubljen\u010dkov<\/li>\n<li> Zavarovanje<\/li>\n<\/ul>\n<p><strong>Premaknite se z dru\u017ebo United<\/strong><\/p>\n<ul>\n<li> Lokalni premiki<\/li>\n<li> Mednarodne selitve<\/li>\n<li> Premiki na dolge razdalje<\/li>\n<li> Premiki podjetij<\/li>\n<li> Voja\u0161ke in vladne poteze<\/li>\n<li> Premiki v avtomobilski industriji<\/li>\n<\/ul>\n<p><strong>Pakiranje in skladi\u0161\u010denje<\/strong><\/p>\n<ul>\n<li> Samopakiranje<\/li>\n<li> Pakiranje po meri<\/li>\n<li> Celovita storitev pakiranja<\/li>\n<li> Razpakirajte se<\/li>\n<li> Razpakiranje po meri<\/li>\n<li> Popolno razpakiranje<\/li>\n<li> 90-dnevno tranzitno skladi\u0161\u010denje<\/li>\n<li> Hramba v trezorju<\/li>\n<li> Kratkotrajno in dolgotrajno skladi\u0161\u010denje in skladi\u0161\u010denje<\/li>\n<\/ul>\n<h2>Profil podjetja United Van Lines<\/h2>\n<p>Dru\u017eba United Van Lines je za\u010dela delovati leta 1928 kot Return Loads Service v Clevelandu, <a href=\"https:\/\/moverdb.com\/sl\/moving-to-the-united-states\/moving-to-ohio\/\" data-internallinksmanager029f6b8e52c=\"409\" title=\"Selitev v Ohio? 2023 \u017divljenjski stro\u0161ki in nasveti za selitev\">Ohio<\/a>. Podjetje se je okrepilo in se raz\u0161irilo na mednarodni trg. Leta 1995 je prvi\u010d ustvarilo milijardo dolarjev prihodkov. <\/p>\n<p>United Van Lines je #1 v tr\u017enem dele\u017eu selitvenih podjetij v dr\u017eavi.<\/p>\n<p>United ima 340 lokalnih zastopnikov po vsej dr\u017eavi, ki nudijo storitve selitev in skladi\u0161\u010denja. Za mednarodne selitve uporablja ve\u010d kot 1000 strokovnih zastopnikov v 128 dr\u017eavah.<\/p>\n<p>Dru\u017eba United Van Lines ima naslednje akreditacije in povezave:<\/p>\n<ul>\n<li> <a href=\"https:\/\/moverdb.com\/sl\/amsa\/\">Ameri\u0161ko zdru\u017eenje za selitve in skladi\u0161\u010denje<\/a> (<a href=\"https:\/\/moverdb.com\/sl\/amsa\/\" data-internallinksmanager029f6b8e52c=\"5\" title=\"Pojasnila o ameri\u0161kem zdru\u017eenju za selitve in skladi\u0161\u010denje (AMSA)\">AMSA<\/a>)<\/li>\n<li> <a href=\"https:\/\/moverdb.com\/sl\/obrocnik\/\">ProMover<\/a> (AMSA)<\/li>\n<li> Nacionalno zagotavljanje kakovosti ZDA ISO 9001 2008<\/li>\n<li> <a href=\"https:\/\/moverdb.com\/sl\/kanadsko-zdruzenje-prevoznikov\/\">Kanadsko zdru\u017eenje Movers<\/a> (<a href=\"https:\/\/moverdb.com\/sl\/canadian-association-of-movers\/\" data-internallinksmanager029f6b8e52c=\"11\" title=\"Pojasnila o kanadskem zdru\u017eenju movers (CAM)\">CAM<\/a>)<\/li>\n<\/ul>\n<h2>United Van Lines Mnenja<\/h2>\n<p><strong>Pozitivno:<\/strong><\/p>\n<ul>\n<li> \"<em>Dru\u017eba United Van Lines in njeni lokalni partnerji so bili \u010dudoviti.\"<\/em> - Julia prek <a href=\"http:\/\/www.yelp.com\/user_details?userid=nPUhNLstAOJEWjHLAb1rpA\" target=\"_blank\" rel=\"noopener\">Yelp<\/a><\/li>\n<li> \"<em>\u010ce se selite v Omaho, ste dol\u017eni uporabiti to podjetje.\"<\/em> - Dean S prek <a href=\"http:\/\/www.movingcompanyreviews.com\/MO\/Fenton\/united-van-lines-llc-61144\" target=\"_blank\" rel=\"noopener\">MovingCompanyReviews.com<\/a><\/li>\n<\/ul>\n<p><strong>Negativno:<\/strong><\/p>\n<ul>\n<li> \"<em>Stra\u0161na storitev za stranke.\"<\/em> - Ally prek <a href=\"http:\/\/www.yelp.com\/user_details?userid=ab4N7Z9Che1cq3g-QrONUw\" target=\"_blank\" rel=\"noopener\">Yelp<\/a> <\/li>\n<li> \"<em>No\u010dna mora. Z Johnom Silvernailom iz podjetja Corrigan United smo sodelovali pri selitvi na\u0161e dru\u017eine iz <a href=\"https:\/\/moverdb.com\/sl\/moving-to-the-united-states\/moving-to-colorado\/\" data-internallinksmanager029f6b8e52c=\"399\" title=\"Selitev v Kolorado? 2023 \u017divljenjski stro\u0161ki in nasveti za selitev\">Kolorado<\/a> na . <a href=\"https:\/\/moverdb.com\/sl\/moving-to-the-united-states\/moving-to-california\/\" data-internallinksmanager029f6b8e52c=\"330\" title=\"Selitev v Kalifornijo? 2023 \u017divljenjski stro\u0161ki in nasveti za selitev\">Kalifornija<\/a> junija 2014.\"<\/em> - Gaea M prek <a href=\"http:\/\/www.movingcompanyreviews.com\/MO\/Fenton\/united-van-lines-llc-61144\" target=\"_blank\" rel=\"noopener\">MovingCompanyReviews.com<\/a><\/li>\n<\/ul>\n<div itemprop=\"review\" itemscope itemtype=\"http:\/\/schema.org\/Review\">\n<span itemprop=\"author\" itemscope=\"\" itemtype=\"http:\/\/schema.org\/Organization\"><span itemprop=\"name\">MoverDB.com<\/span><\/span> Spletni pregled spletnega mesta za <span itemprop=\"itemreviewed\" itemscope=\"\" itemtype=\"http:\/\/schema.org\/Brand\"><span itemprop=\"name\">United Van Lines<\/span><\/span>:<\/p>\n<ol>\n<li> Jasni kontaktni podatki na spletnem mestu (vklju\u010dno s telefonsko \u0161tevilko): <strong>Da<\/strong><\/li>\n<li> Enostavno pridobivanje <a href=\"https:\/\/moverdb.com\/sl\/citati\/\">mednarodne selitvene ponudbe<\/a>? (Spletni obrazec za zahtevek za oceno): <strong>Da<\/strong><\/li>\n<li> Jasne informacije na spletnem mestu: <strong>Da.<\/strong> Na spletni strani so bile jasno predstavljene vse storitve, ki jih podjetje ponuja.<\/li>\n<li> \u010clanstvo v mednarodno priznanih organizacijah, ki se ukvarjajo z gibanjem: <strong>Da<\/strong>, (glej zgoraj)<\/li>\n<li> Seznam strank in\/ali pri\u010devanja prej\u0161njih strank. <strong>Da,<\/strong> Podjetje Burke Inc. je neodvisno revidiralo preglednico zadovoljstva strank in na podlagi te preglednice je podjetje doseglo stopnjo zadovoljstva strank 4,22 od petih mo\u017enih.<\/li>\n<\/ol>\n<div itemprop=\"reviewRating\" itemscope itemtype=\"http:\/\/schema.org\/Rating\"><meta itemprop=\"worstRating\" content = \"0\" \/><meta itemprop=\"bestRating\" content=\"5\" \/><meta itemprop=\"ratingValue\" content=\"5\"><\/div>\n<p><strong>Skupna ocena: 5\/5<\/strong><br \/>\n<strong>Datum pregleda:<\/strong> <span itemprop=\"datePublished\" content=\"2016-07-25\">25\/07\/2016<\/span>\n<\/div>\n<p>Preberite ve\u010d o <a href=\"https:\/\/moverdb.com\/sl\/selitev-podjetja\/\">mednarodna selitvena podjetja<\/a>, <a href=\"https:\/\/moverdb.com\/sl\/nas-kanada-premikovalci\/\">doma\u010da podjetja, ki se gibljejo<\/a> in na\u0161e <a href=\"https:\/\/moverdb.com\/sl\/pregledi\/\">pojasnilo o postopku pregleda<\/a>.<\/p>\n<p><strong>Spletne strani:<\/strong> ZDA: <a href=\"http:\/\/www.unitedvanlines.com\/\" target=\"_blank\" rel=\"noopener\">http:\/\/www.unitedvanlines.com\/<\/a>; <a href=\"https:\/\/moverdb.com\/sl\/moving-to-canada\/\" data-internallinksmanager029f6b8e52c=\"265\" title=\"Selitev v Kanado? 2023 \u017divljenjski stro\u0161ki in nasveti za selitev\">Kanada<\/a>: <a href=\"http:\/\/www.uvl.ca\/\" target=\"_blank\" rel=\"noopener\">http:\/\/www.uvl.ca\/<\/a> <\/p>","protected":false},"excerpt":{"rendered":"<p>United Van Lines offers its clients many moving services both international and within the US. Below is a list of these services, plus a company profile and reviews. International Moves Move planning and preparation Needs assessment and estimate Destination preview trip Language training and cultural orientation Move management Planning services International transit Tracking and delivery [&hellip;]<\/p>\n","protected":false},"author":1,"featured_media":0,"parent":0,"menu_order":0,"comment_status":"closed","ping_status":"closed","template":"","meta":{"_genesis_hide_title":false,"_genesis_hide_breadcrumbs":false,"_genesis_hide_singular_image":false,"_genesis_hide_footer_widgets":false,"_genesis_custom_body_class":"","_genesis_custom_post_class":"","_genesis_layout":"","footnotes":""},"class_list":{"0":"post-941","1":"page","2":"type-page","3":"status-publish","5":"entry"},"_links":{"self":[{"href":"https:\/\/moverdb.com\/sl\/wp-json\/wp\/v2\/pages\/941","targetHints":{"allow":["GET"]}}],"collection":[{"href":"https:\/\/moverdb.com\/sl\/wp-json\/wp\/v2\/pages"}],"about":[{"href":"https:\/\/moverdb.com\/sl\/wp-json\/wp\/v2\/types\/page"}],"author":[{"embeddable":true,"href":"https:\/\/moverdb.com\/sl\/wp-json\/wp\/v2\/users\/1"}],"replies":[{"embeddable":true,"href":"https:\/\/moverdb.com\/sl\/wp-json\/wp\/v2\/comments?post=941"}],"version-history":[{"count":10,"href":"https:\/\/moverdb.com\/sl\/wp-json\/wp\/v2\/pages\/941\/revisions"}],"predecessor-version":[{"id":6249,"href":"https:\/\/moverdb.com\/sl\/wp-json\/wp\/v2\/pages\/941\/revisions\/6249"}],"wp:attachment":[{"href":"https:\/\/moverdb.com\/sl\/wp-json\/wp\/v2\/media?parent=941"}],"curies":[{"name":"wp","href":"https:\/\/api.w.org\/{rel}","templated":true}]}}