{"id":940,"date":"2016-09-04T19:16:26","date_gmt":"2016-09-04T19:16:26","guid":{"rendered":"http:\/\/moverdb.com\/?page_id=940"},"modified":"2026-01-08T14:47:53","modified_gmt":"2026-01-08T14:47:53","slug":"btr-international","status":"publish","type":"page","link":"https:\/\/moverdb.com\/sl\/btr-international\/","title":{"rendered":"BTR International: BTR: Mobilnost delovne sile: Premestitev in selitve Mnenja"},"content":{"rendered":"<p>Dru\u017eba BTR International ponuja podjetjem \u0161tevilne storitve za selitev osebja ali podjetja v tujino.<\/p>\n<p><strong>Mednarodne selitvene storitve<\/strong><\/p>\n<ul type=\"circle\">\n<li class=\"m_7262227758002368167MsoListParagraph\"><b>Svetovalne storitve<\/b><u><\/u><u><\/u>\n<ul type=\"square\">\n<li class=\"m_7262227758002368167MsoListParagraph\">Oblikovanje in razvoj politik<u><\/u><u><\/u><\/li>\n<li class=\"m_7262227758002368167MsoListParagraph\">Primerjalna analiza<u><\/u><u><\/u><\/li>\n<li class=\"m_7262227758002368167MsoListParagraph\">Svetovanje<u><\/u><u><\/u><\/li>\n<\/ul>\n<\/li>\n<li class=\"m_7262227758002368167MsoListParagraph\"><b>Storitve pred oddajo<u><\/u><u><\/u><\/b>\n<ul type=\"square\">\n<li class=\"m_7262227758002368167MsoListParagraph\">Pre-Assignment svetovanje<u><\/u><u><\/u><\/li>\n<li class=\"m_7262227758002368167MsoListParagraph\">Na\u010drtovanje nadomestil<u><\/u><u><\/u><\/li>\n<li class=\"m_7262227758002368167MsoListParagraph\">Projekcije stro\u0161kov dodelitve<u><\/u><u><\/u><\/li>\n<li class=\"m_7262227758002368167MsoListParagraph\">Priprava pisma o dodelitvi<u><\/u><u><\/u><\/li>\n<li class=\"m_7262227758002368167MsoListParagraph\">Dav\u010dno na\u010drtovanje in strategija<u><\/u><u><\/u><\/li>\n<li class=\"m_7262227758002368167MsoListParagraph\">Izra\u010dun delovnega lista za za\u010detno nadomestilo<u><\/u><u><\/u><\/li>\n<li class=\"m_7262227758002368167MsoListParagraph\">Usklajevanje vizumov\/imigracije<u><\/u><u><\/u><\/li>\n<li class=\"m_7262227758002368167MsoListParagraph\">Poro\u010danje o \u017eivljenjskih stro\u0161kih<u><\/u><u><\/u><\/li>\n<li class=\"m_7262227758002368167MsoListParagraph\">Kulturno in jezikovno usposabljanje<u><\/u><u><\/u><\/li>\n<li class=\"m_7262227758002368167MsoListParagraph\">Svetovanje za izobra\u017eevanje in namestitev<u><\/u><u><\/u><\/li>\n<li class=\"m_7262227758002368167MsoListParagraph\">Pomo\u010d pri tr\u017eenju doma<u><\/u><u><\/u><\/li>\n<\/ul>\n<\/li>\n<li class=\"m_7262227758002368167MsoListParagraph\"><b>Upravljanje izdatkov<\/b><u><\/u><u><\/u>\n<ul type=\"square\">\n<li class=\"m_7262227758002368167MsoListParagraph\">Revizija in izpla\u010dilo izdatkov<u><\/u><u><\/u><\/li>\n<li class=\"m_7262227758002368167MsoListParagraph\">Neposredno pla\u010dilo stro\u0161kov<u><\/u><u><\/u><\/li>\n<li class=\"m_7262227758002368167MsoListParagraph\">Podrobno usklajevanje in poro\u010danje<u><\/u><u><\/u><\/li>\n<li class=\"m_7262227758002368167MsoListParagraph\">Skladnost s politiko globalne mobilnosti<u><\/u><u><\/u><\/li>\n<li class=\"m_7262227758002368167MsoListParagraph\">Izjema od politike poro\u010danja o stro\u0161kih<u><\/u><u><\/u><\/li>\n<\/ul>\n<\/li>\n<li class=\"m_7262227758002368167MsoListParagraph\"><b>Upravljanje premikanja<\/b><u><\/u><u><\/u>\n<ul type=\"square\">\n<li class=\"m_7262227758002368167MsoListParagraph\">Upravljanje skupinskih premikov<u><\/u><u><\/u><\/li>\n<li class=\"m_7262227758002368167MsoListParagraph\">Re\u0161itev s pav\u0161alnimi zneski<u><\/u><u><\/u><\/li>\n<li class=\"m_7262227758002368167MsoListParagraph\">Storitve shranjevanja<u><\/u><u><\/u><\/li>\n<li class=\"m_7262227758002368167MsoListParagraph\">Program globalne mobilnosti<u><\/u><u><\/u><\/li>\n<li class=\"m_7262227758002368167MsoListParagraph\">Mednarodno \u0161pedicijo<u><\/u><u><\/u><\/li>\n<li class=\"m_7262227758002368167MsoListParagraph\">Program zavarovanja<u><\/u><u><\/u><\/li>\n<li class=\"m_7262227758002368167MsoListParagraph\">Storitve VIP<u><\/u><u><\/u><\/li>\n<li class=\"m_7262227758002368167MsoListParagraph\">Upravljanje zalog<u><\/u><u><\/u><\/li>\n<li class=\"m_7262227758002368167MsoListParagraph\">Komercialni selitev<u><\/u><u><\/u><\/li>\n<li class=\"m_7262227758002368167MsoListParagraph\">Storitve selitve hi\u0161nih ljubljen\u010dkov<u><\/u><u><\/u><\/li>\n<\/ul>\n<\/li>\n<li class=\"m_7262227758002368167MsoListParagraph\"><b>Destinacijske storitve<\/b><u><\/u><u><\/u>\n<ul type=\"square\">\n<li class=\"m_7262227758002368167MsoListParagraph\">Pomo\u010d pri iskanju doma<u><\/u><u><\/u><\/li>\n<li class=\"m_7262227758002368167MsoListParagraph\">Pomo\u010d pri iskanju najema<u><\/u><u><\/u><\/li>\n<li class=\"m_7262227758002368167MsoListParagraph\">Pomo\u010d pri iskanju \u0161ole<u><\/u><u><\/u><\/li>\n<li class=\"m_7262227758002368167MsoListParagraph\">Za\u010dasno \u017eivljenje<u><\/u><u><\/u><\/li>\n<li class=\"m_7262227758002368167MsoListParagraph\">Karierno svetovanje za zakonca<u><\/u><u><\/u><\/li>\n<li class=\"m_7262227758002368167MsoListParagraph\">Upravljanje najemnih razmerij<u><\/u><u><\/u><\/li>\n<li class=\"m_7262227758002368167MsoListParagraph\">Upravljanje nepremi\u010dnin<u><\/u><u><\/u><\/li>\n<li class=\"m_7262227758002368167MsoListParagraph\">Storitve za vselitev<u><\/u><u><\/u><\/li>\n<\/ul>\n<\/li>\n<li class=\"m_7262227758002368167MsoListParagraph\"><b>Storitve poro\u010danja<\/b><u><\/u><u><\/u>\n<ul type=\"square\">\n<li class=\"m_7262227758002368167MsoListParagraph\">Poro\u010danje o nalogah po meri<u><\/u><u><\/u><\/li>\n<li class=\"m_7262227758002368167MsoListParagraph\">Upravljanje stro\u0161kov in davek ob koncu finan\u010dnega leta<u><\/u><u><\/u><\/li>\n<li class=\"m_7262227758002368167MsoListParagraph\">Izjema od politike sledenja<u><\/u><u><\/u><\/li>\n<li class=\"m_7262227758002368167MsoListParagraph\">Sledenje poslovnim potnikom in poro\u010danje o njih<u><\/u><u><\/u><\/li>\n<li class=\"m_7262227758002368167MsoListParagraph\">\u010cetrtletni in kon\u010dni pregledi strank<\/li>\n<\/ul>\n<\/li>\n<\/ul>\n<h2>Profil podjetja BTR International<\/h2>\n<p>BTR International je nagrajeno podjetje za upravljanje mednarodnih selitev z ve\u010d kot 35-letnimi izku\u0161njami na podro\u010dju mobilnosti delovne sile. Cilj podjetja BTR International je razbremeniti kadrovski oddelek podjetja, tako da organizira \u010dim ve\u010dji del selitve ter podpira tako podjetje kot osebje, ki se seli.<\/p>\n<p>Dru\u017ebo BTR je leta 2019 prevzela dru\u017eba Writer Corporation, globalna organizacija z ve\u010d kot 60-letnim strokovnim znanjem na podro\u010dju selitev. Skupno delo je okrepilo njihovo globalno mre\u017eo in kakovost storitev.<\/p>\n<p>Tukaj je seznam mednarodnih akreditacij in povezav dru\u017ebe BTR:<\/p>\n<ul>\n<li><a href=\"https:\/\/moverdb.com\/sl\/britansko-zdruzenje-odstranjevalcev\/\">Britansko zdru\u017eenje odstranjevalcev<\/a> (<a href=\"https:\/\/moverdb.com\/sl\/british-association-of-removers\/\" data-internallinksmanager029f6b8e52c=\"9\" title=\"Pojasnila o Britanskem zdru\u017eenju izvajalcev selitev (BAR)\">BAR<\/a>)<\/li>\n<li><a href=\"https:\/\/moverdb.com\/sl\/bar-overseas\/\">Britansko zdru\u017eenje preme\u0161\u010dencev v tujini<\/a><\/li>\n<li><a href=\"https:\/\/moverdb.com\/sl\/fidi-faim\/\">Federacija mednarodnih prevoznikov<\/a> (<a href=\"https:\/\/moverdb.com\/sl\/fidi-faim\/\" data-internallinksmanager029f6b8e52c=\"16\" title=\"Pojasnila o FIDI in FAIM (FIDI Accredited International Mover)\">FIDI<\/a>)<\/li>\n<li><a href=\"https:\/\/moverdb.com\/sl\/fidi-faim\/\">FAIM Plus<\/a><\/li>\n<li><a href=\"https:\/\/moverdb.com\/sl\/iam\/\">Mednarodno zdru\u017eenje movers<\/a> (<a href=\"https:\/\/moverdb.com\/sl\/iam\/\" data-internallinksmanager029f6b8e52c=\"23\" title=\"Pojasnila o Mednarodnem zdru\u017eenju gibalcev (IAM)\">IAM<\/a>)<\/li>\n<li><a href=\"https:\/\/moverdb.com\/sl\/fedemac\/\">FEDEMAC<\/a><\/li>\n<li><a href=\"https:\/\/moverdb.com\/sl\/lacma\/\">LACMA<\/a><\/li>\n<li><a href=\"https:\/\/moverdb.com\/sl\/mtc\/\">Movers Trading Club<\/a> (<a href=\"https:\/\/moverdb.com\/sl\/mtc\/\" data-internallinksmanager029f6b8e52c=\"30\" title=\"Movers Trading Club (MTC) pojasnjeno\">MTC<\/a>)<\/li>\n<li><a href=\"https:\/\/moverdb.com\/sl\/svet-za-premestitev-zaposlenih\/\">ERC po vsem svetu<\/a><\/li>\n<li><a href=\"https:\/\/moverdb.com\/sl\/association-relocation-professionals\/\">Zdru\u017eenje strokovnjakov za selitve<\/a> (<a href=\"https:\/\/moverdb.com\/sl\/association-relocation-professionals\/\" data-internallinksmanager029f6b8e52c=\"6\" title=\"Pojasnila o Zdru\u017eenju strokovnjakov za preseljevanje (ARP)\">ARP<\/a>)<\/li>\n<li><a href=\"https:\/\/moverdb.com\/sl\/eura\/\">Evropsko zdru\u017eenje za preseljevanje<\/a> (<a href=\"https:\/\/moverdb.com\/sl\/eura\/\" data-internallinksmanager029f6b8e52c=\"13\" title=\"Pojasnila o Evropskem zdru\u017eenju za preseljevanje (EuRA)\">EuRA<\/a>)<\/li>\n<li>Forum za upravljanje izseljencev<\/li>\n<li>ISO 9001<\/li>\n<li>ISO 14001<\/li>\n<\/ul>\n<p><strong>BTR International Mnenja<\/strong><\/p>\n<p>Podjetje ima ve\u010d pozitivnih pregledov <a href=\"https:\/\/www.google.com\/search?q=btr+international&#038;rlz=1C1GCEU_en-GBGB955GB973&#038;oq=btr+international&#038;aqs=chrome.0.0i355i512j46i175i199i512j69i59l3j69i60l3.8906j0j7&#038;sourceid=chrome&#038;ie=UTF-8#lrd=0x48764eb31a41d6d7:0xb3d5c304f795d7ad,1,,,\" target=\"_blank\" rel=\"noopener\">si lahko ogledate tukaj<\/a>.<\/p>\n<p><strong>Pozitivna<\/strong><\/p>\n<p><em>\"Ne bi si mogli \u017eeleti bolj\u0161e izku\u0161nje pri na\u0161i mednarodni selitvi z BTR. Strokovnjaki za selitve na obeh straneh so bili natan\u010dni, prijetni in visoko usposobljeni. Vsi predmeti so bili skrbno zapakirani, shranjeni in razpakirani\/spremljeni na cilju po obljubljenem urniku. Na\u0161a koordinatorka selitve Sarah je bila izjemno proaktivna, odzivna in skrbna. Toplo priporo\u010dam!\"<\/em> - Tina Cachules<\/p>\n<p><em>\"To podjetje smo v preteklih letih uporabili za obe na\u0161i hi\u0161ni selitvi. Njihove storitve so odli\u010dne. Konkuren\u010dne cene obakrat. Njihova slu\u017eba za stranke je zelo dostopna, njihove selitvene ekipe pa so zelo prilagodljive in u\u010dinkovite. Brez pomislekov priporo\u010dam podjetje BTR.\"<\/em> - Geoff White<\/p>\n<p><em>\"Ker je bila moja selitev precej kratka in je imela dolo\u010dene datume, je nisem mogel rezervirati pri podjetju BTR. Vendar je bil agent zelo koristen ter poln informacij in nasvetov. Vsekakor bi ga uporabila tudi v prihodnje.\"<\/em> - Rachael<\/p>\n<p><strong>Negativno:<\/strong><\/p>\n<ul>\n<li><em>\"Prva izku\u0161nja z dru\u017ebo BTR kot dostavljavcem na\u0161e po\u0161iljke gospodinjskega blaga iz <a href=\"https:\/\/moverdb.com\/sl\/moving-to-the-united-states\/\" data-internallinksmanager029f6b8e52c=\"94\" title=\"Selitev v Zdru\u017eene dr\u017eave Amerike? 2022 \u017divljenjski stro\u0161ki in nasveti za selitev\">ZDA<\/a> maja 2011, vendar so bili pri lokalni selitvi decembra 2012 prava no\u010dna mora.\"<\/em> - Tim Emrich prek <a href=\"http:\/\/www.removalreviews.co.uk\/movingreviews\/avoid-these-movers-1874\" target=\"_blank\" rel=\"noopener\">Mnenja o odstranjevanju<\/a><\/li>\n<\/ul>\n<div>\n<p>MoverDB.com Spletni pregled spletnih strani za BTR International:<\/p>\n<ol>\n<li>Jasni kontaktni podatki na spletnem mestu (vklju\u010dno s telefonsko \u0161tevilko): <strong>Da<\/strong><\/li>\n<li>Enostavno pridobivanje <a href=\"https:\/\/moverdb.com\/sl\/citati\/\">mednarodne selitve<\/a>? (Spletni obrazec za zahtevek za oceno): <strong>Da<\/strong><\/li>\n<li>Jasne informacije na spletnem mestu: <strong>Nekateri,<\/strong> Spletna stran ne vsebuje veliko podrobnih informacij in je nekoliko te\u017eja za navigacijo, vendar so osnovni podatki jasno predstavljeni.<\/li>\n<li>\u010clanstvo v mednarodno priznanih organizacijah, ki se ukvarjajo z gibanjem: <strong>Da<\/strong>, glej zgoraj.<\/li>\n<li>Seznam strank in\/ali pri\u010devanja prej\u0161njih strank: <strong>Da,<\/strong> Spletna stran vsebuje pri\u010devanja<\/li>\n<\/ol>\n<div>&nbsp;<\/div>\n<p><strong>Skupna ocena: 4,5\/5<\/strong><br \/>\n<strong>Datum pregleda:<\/strong>03\/04\/2023<\/p>\n<\/div>\n<p>Ve\u010d o <a href=\"https:\/\/moverdb.com\/sl\/mednarodne-selitve\/\">podjetja za mednarodne selitve<\/a> in na\u0161e <a href=\"https:\/\/moverdb.com\/sl\/pregledi\/\">postopek pregleda<\/a>.<\/p>\n<p><strong>Spletna stran:<\/strong> <a href=\"https:\/\/www.btrinternational.com\/\" target=\"_blank\" rel=\"noopener\">https:\/\/www.btrinternational.com\/<\/a><\/p>","protected":false},"excerpt":{"rendered":"<p>BTR International offers the corporate world many services in order for them to relocate their staff or their business abroad. International Moving Services Consulting Services Policy Design &amp; Development Benchmarking Counselling Pre-Assignment Services Pre-Assignment Counselling Compensation Planning Assignment Cost Projections Assignment Letter Preparation Tax Planning &amp; Strategy Initial Compensation Worksheet Calculation Visa\/Immigration Co-ordination Cost Of [&hellip;]<\/p>\n","protected":false},"author":1,"featured_media":0,"parent":0,"menu_order":0,"comment_status":"closed","ping_status":"closed","template":"","meta":{"_genesis_hide_title":false,"_genesis_hide_breadcrumbs":false,"_genesis_hide_singular_image":false,"_genesis_hide_footer_widgets":false,"_genesis_custom_body_class":"","_genesis_custom_post_class":"","_genesis_layout":"","footnotes":""},"class_list":{"0":"post-940","1":"page","2":"type-page","3":"status-publish","5":"entry"},"_links":{"self":[{"href":"https:\/\/moverdb.com\/sl\/wp-json\/wp\/v2\/pages\/940","targetHints":{"allow":["GET"]}}],"collection":[{"href":"https:\/\/moverdb.com\/sl\/wp-json\/wp\/v2\/pages"}],"about":[{"href":"https:\/\/moverdb.com\/sl\/wp-json\/wp\/v2\/types\/page"}],"author":[{"embeddable":true,"href":"https:\/\/moverdb.com\/sl\/wp-json\/wp\/v2\/users\/1"}],"replies":[{"embeddable":true,"href":"https:\/\/moverdb.com\/sl\/wp-json\/wp\/v2\/comments?post=940"}],"version-history":[{"count":8,"href":"https:\/\/moverdb.com\/sl\/wp-json\/wp\/v2\/pages\/940\/revisions"}],"predecessor-version":[{"id":8598,"href":"https:\/\/moverdb.com\/sl\/wp-json\/wp\/v2\/pages\/940\/revisions\/8598"}],"wp:attachment":[{"href":"https:\/\/moverdb.com\/sl\/wp-json\/wp\/v2\/media?parent=940"}],"curies":[{"name":"wp","href":"https:\/\/api.w.org\/{rel}","templated":true}]}}