{"id":939,"date":"2016-09-23T06:49:42","date_gmt":"2016-09-23T06:49:42","guid":{"rendered":"http:\/\/moverdb.com\/?page_id=939"},"modified":"2026-01-08T13:18:21","modified_gmt":"2026-01-08T13:18:21","slug":"gerson-relokacija","status":"publish","type":"page","link":"https:\/\/moverdb.com\/sl\/gerson-relocation\/","title":{"rendered":"Premestitev podjetja Gerson: Mednarodni selitveni in selitveni pregledi"},"content":{"rendered":"<p>Podjetje Gerson Relocation svojim strankam ponuja razli\u010dne storitve, ne glede na to, ali se selijo v tujino ali na lokalni ravni. Seznamu ponujenih storitev sledijo profil podjetja in pregledi.<\/p>\n<p><strong>Korporativne storitve\/podpora<\/strong><\/p>\n<ul>\n<li> Poseben vodja selitve, ki usklajuje selitev<\/li>\n<li> Strokovna raziskava<\/li>\n<li> Pakiranje<\/li>\n<li> <a href=\"https:\/\/moverdb.com\/sl\/kontejnersko-posiljanje\/\">Po\u0161iljanje po morju, zraku ali cesti<\/a><\/li>\n<li> Razpakiranje, \u010de je potrebno<\/li>\n<li> Odstranjevanje embala\u017enega materiala za recikliranje<\/li>\n<li> Skladi\u0161\u010denje, \u010de je potrebno<\/li>\n<li> Zavarovanje<\/li>\n<\/ul>\n<p><strong>Re\u0161itve za premestitev po meri<\/strong><\/p>\n<ul>\n<li> Informacijski paketi<\/li>\n<li> Kulturno usposabljanje<\/li>\n<li> Orientacijski obiski\/ogledi<\/li>\n<li> Svetovanje o izobra\u017eevanju<\/li>\n<li> Za\u010dasna nastanitev<\/li>\n<li> Iskanje na domu<\/li>\n<li> Pogajanja o najemu<\/li>\n<li> Prijava in odjava iz nepremi\u010dnin<\/li>\n<li> Najem pohi\u0161tva<\/li>\n<li> Nastanitev<\/li>\n<li> Pomo\u010d partnerjev<\/li>\n<li> Jezikovno usposabljanje<\/li>\n<\/ul>\n<p><strong>Zasebno selitev<\/strong><\/p>\n<ul>\n<li> Poseben vodja selitve<\/li>\n<li> Anketa<\/li>\n<li> Profesionalno pakiranje<\/li>\n<li> Prevoz stvari po morju, zraku ali cesti<\/li>\n<li> Carinjenje<\/li>\n<li> Razpakiranje stvari<\/li>\n<li> Recikliranje embala\u017enih materialov<\/li>\n<li> Skladi\u0161\u010denje, \u010de je potrebno<\/li>\n<li> Urejeno zavarovanje<\/li>\n<\/ul>\n<p><strong>Storitve shranjevanja<\/strong><\/p>\n<ul>\n<li> Storitev popolnega skladi\u0161\u010denja<\/li>\n<li> Samostojno skladi\u0161\u010denje<\/li>\n<li> Skladi\u0161\u010denje za \u0161tudente<\/li>\n<li> Komercialno skladi\u0161\u010denje<\/li>\n<li> Kratkoro\u010dno ali dolgoro\u010dno<\/li>\n<li> 24-urni videonadzor<\/li>\n<\/ul>\n<h2>Profil podjetja Gerson Relocation<\/h2>\n<p>Podjetje Gerson Relocation je bilo ustanovljeno leta 1961, njegov cilj pa je svojim strankam zagotavljati zelo osebne storitve, ki jih ni mogo\u010de najti v drugih organizacijah. To podjetje dosega s strogim nadzorom kakovosti in strokovnim, dobro usposobljenim osebjem, od katerega so nekateri v podjetju zaposleni \u017ee desetletja.<\/p>\n<p>Podjetje Gerson Relocation je tudi odlo\u010deno, da svoje poslovanje vodi na \u010dist in okoljsko odgovoren na\u010din. Podpirajo tri dobrodelne organizacije in svojim zaposlenim omogo\u010dijo dva dni pla\u010danega dopusta, da lahko tudi oni prispevajo k tem ciljem.<\/p>\n<p>Danes je podjetje Gerson Relocation h\u010derinsko podjetje dru\u017ebe <a href=\"https:\/\/moverdb.com\/sl\/abels-removals\/\">Abels Moving Services<\/a> Ltd, ki je zelo uspe\u0161no dru\u017einsko podjetje v lasti in upravljanju, ki je leta 1988 prejelo kraljevo odredbo kraljice. Na podlagi vpra\u0161alnikov, poslanih strankam, je podjetje v letih 2015 in 2016 doseglo oceno zadovoljstva strank 98%.<\/p>\n<p>Akreditacije in povezave podjetja Gerson Relocation: <\/p>\n<ul>\n<li> <a href=\"https:\/\/moverdb.com\/sl\/britansko-zdruzenje-odstranjevalcev\/\">Britansko zdru\u017eenje odstranjevalcev<\/a> (<a href=\"https:\/\/moverdb.com\/sl\/british-association-of-removers\/\" data-internallinksmanager029f6b8e52c=\"9\" title=\"Pojasnila o Britanskem zdru\u017eenju izvajalcev selitev (BAR)\">BAR<\/a>)<\/li>\n<li> <a href=\"https:\/\/moverdb.com\/sl\/harmony-relocation-network\/\">Harmony Relocation Network<\/a> (<a href=\"https:\/\/moverdb.com\/sl\/harmony-relocation-network\/\" data-internallinksmanager029f6b8e52c=\"20\" title=\"Pojasnila o mre\u017ei za premestitev Harmony (HRN)\">HRN<\/a>)<\/li>\n<li> <a href=\"https:\/\/moverdb.com\/sl\/eura\/\">Evropsko zdru\u017eenje za preseljevanje<\/a> (<a href=\"https:\/\/moverdb.com\/sl\/eura\/\" data-internallinksmanager029f6b8e52c=\"13\" title=\"Pojasnila o Evropskem zdru\u017eenju za preseljevanje (EuRA)\">EuRA<\/a>)<\/li>\n<li> <a href=\"https:\/\/moverdb.com\/sl\/fidi-faim\/\">FIDI<\/a><\/li>\n<li> <a href=\"https:\/\/moverdb.com\/sl\/fidi-faim\/\" data-internallinksmanager029f6b8e52c=\"16\" title=\"Pojasnila o FIDI in FAIM (FIDI Accredited International Mover)\">FAIM<\/a><\/li>\n<li> <a href=\"https:\/\/moverdb.com\/sl\/mtc\/\">Movers Trading Club<\/a> (<a href=\"https:\/\/moverdb.com\/sl\/mtc\/\" data-internallinksmanager029f6b8e52c=\"30\" title=\"Movers Trading Club (MTC) pojasnjeno\">MTC<\/a>)<\/li>\n<\/ul>\n<h2>Gerson Relocation Mnenja<\/h2>\n<p><strong>Pozitivna<\/strong><\/p>\n<ul>\n<li>  \"<em>Od na\u0161e ekipe za selitev ne bi mogli zahtevati bolj\u0161ih storitev.\"<\/em> - Gospa K. L. prek <a href=\"http:\/\/www.gersonrelocation.com\/voice-of-the-customer\/\" target=\"_blank\" rel=\"noopener\">Stran Sre\u010dne stranke<\/a> <\/li>\n<\/ul>\n<p><strong>Negativni<\/strong><\/p>\n<p>Na spletu nismo na\u0161li nobenih negativnih ocen za podjetje Gerson Relocation.<\/p>\n<div itemprop=\"review\" itemscope itemtype=\"http:\/\/schema.org\/Review\">\n<span itemprop=\"author\" itemscope=\"\" itemtype=\"http:\/\/schema.org\/Organization\"><span itemprop=\"name\">MoverDB.com<\/span><\/span> Spletni pregled spletnega mesta za <span itemprop=\"itemreviewed\" itemscope=\"\" itemtype=\"http:\/\/schema.org\/Brand\"><span itemprop=\"name\">Premestitev podjetja Gerson<\/span><\/span>:<\/p>\n<ol>\n<li> Jasni kontaktni podatki na spletnem mestu (vklju\u010dno s telefonsko \u0161tevilko): <strong>Da<\/strong><\/li>\n<li> Enostavno pridobivanje <a href=\"https:\/\/moverdb.com\/sl\/citati\/\">mednarodne selitve<\/a>? (Spletni obrazec za zahtevek za oceno): <strong>Da<\/strong><\/li>\n<li> Jasne informacije na spletnem mestu: <strong>Da,<\/strong> Spletno mesto je precej podrobno in potencialnim strankam omogo\u010da dobro predstavo o pri\u010dakovanih storitvah.<\/li>\n<li> \u010clanstvo v mednarodno priznanih organizacijah za mobilnost: <strong>Da<\/strong><\/li>\n<li> Seznam strank in\/ali pri\u010devanja prej\u0161njih strank: <strong>Da<\/strong>, Na spletni strani je veliko pozitivnih pri\u010devanj strank.<\/li>\n<\/ol>\n<div itemprop=\"reviewRating\" itemscope itemtype=\"http:\/\/schema.org\/Rating\"><meta itemprop=\"worstRating\" content = \"0\" \/><meta itemprop=\"bestRating\" content=\"5\" \/><meta itemprop=\"ratingValue\" content=\"5\"><\/div>\n<p><strong>Skupna ocena: 5\/5<\/strong><br \/>\n<strong>Datum pregleda:<\/strong> <span itemprop=\"datePublished\" content=\"2016-09-23\">23\/09\/16<\/span>\n<\/div>\n<p>Ve\u010d o <a href=\"https:\/\/moverdb.com\/sl\/mednarodne-selitve\/\">mednarodne selitve<\/a> in na\u0161e <a href=\"https:\/\/moverdb.com\/sl\/pregledi\/\">pojasnilo o postopku pregleda<\/a>.<\/p>\n<p><strong>Spletna stran:<\/strong> <a href=\"http:\/\/www.gersonrelocation.com\" target=\"_blank\" rel=\"noopener\">http:\/\/www.gersonrelocation.com<\/a><\/p>","protected":false},"excerpt":{"rendered":"<p>Gerson Relocation offer their clients a variety of services, whether they are relocating abroad or locally. A company profile and reviews follow the list of services on offer. Corporate Services\/Support Dedicated move manager to coordinate the move Professional survey Packing Shipping by sea, air or road Unpacking if required Clear away packing material for recycling [&hellip;]<\/p>\n","protected":false},"author":1,"featured_media":0,"parent":0,"menu_order":0,"comment_status":"closed","ping_status":"closed","template":"","meta":{"_genesis_hide_title":false,"_genesis_hide_breadcrumbs":false,"_genesis_hide_singular_image":false,"_genesis_hide_footer_widgets":false,"_genesis_custom_body_class":"","_genesis_custom_post_class":"","_genesis_layout":"","footnotes":""},"class_list":{"0":"post-939","1":"page","2":"type-page","3":"status-publish","5":"entry"},"_links":{"self":[{"href":"https:\/\/moverdb.com\/sl\/wp-json\/wp\/v2\/pages\/939","targetHints":{"allow":["GET"]}}],"collection":[{"href":"https:\/\/moverdb.com\/sl\/wp-json\/wp\/v2\/pages"}],"about":[{"href":"https:\/\/moverdb.com\/sl\/wp-json\/wp\/v2\/types\/page"}],"author":[{"embeddable":true,"href":"https:\/\/moverdb.com\/sl\/wp-json\/wp\/v2\/users\/1"}],"replies":[{"embeddable":true,"href":"https:\/\/moverdb.com\/sl\/wp-json\/wp\/v2\/comments?post=939"}],"version-history":[{"count":3,"href":"https:\/\/moverdb.com\/sl\/wp-json\/wp\/v2\/pages\/939\/revisions"}],"predecessor-version":[{"id":6214,"href":"https:\/\/moverdb.com\/sl\/wp-json\/wp\/v2\/pages\/939\/revisions\/6214"}],"wp:attachment":[{"href":"https:\/\/moverdb.com\/sl\/wp-json\/wp\/v2\/media?parent=939"}],"curies":[{"name":"wp","href":"https:\/\/api.w.org\/{rel}","templated":true}]}}