{"id":927,"date":"2016-09-23T21:57:09","date_gmt":"2016-09-23T21:57:09","guid":{"rendered":"http:\/\/moverdb.com\/?page_id=927"},"modified":"2026-01-08T13:19:00","modified_gmt":"2026-01-08T13:19:00","slug":"imove-international","status":"publish","type":"page","link":"https:\/\/moverdb.com\/sl\/imove-international\/","title":{"rendered":"IMove International: Premikanje in selitve Mnenja"},"content":{"rendered":"<p>Podjetje IMove International ima sede\u017e v Surreyju. Svojim strankam ponuja vrsto storitev za pomo\u010d pri selitvi v tujino. Te so navedene spodaj, skupaj s profilom podjetja in pregledi.<\/p>\n<p><strong><a href=\"https:\/\/moverdb.com\/sl\/international-removals\/\" data-internallinksmanager029f6b8e52c=\"27\" title=\"36 najbolj\u0161ih podjetij za mednarodne selitve v Zdru\u017eenem kraljestvu\">Mednarodna selitev<\/a><\/strong><\/p>\n<ul>\n<li> Koordinator osebnih potez<\/li>\n<li> Od vrat do vrat<\/li>\n<li> Vrata do <a href=\"https:\/\/moverdb.com\/sl\/top-49-container-ports\/\" data-internallinksmanager029f6b8e52c=\"80\" title=\"Top 49 najve\u010djih in najbolj obremenjenih pristani\u0161\u010d za kontejnerje v letu 2025\">pristani\u0161\u010de<\/a><\/li>\n<li> Z letalom, po morju ali cesti<\/li>\n<li> Selitve podjetja<\/li>\n<li> <a href=\"https:\/\/moverdb.com\/sl\/avto-transport-spedicija\/\">Motorna vozila<\/a><\/li>\n<li> Celovita storitev pakiranja<\/li>\n<li> Samopakiranje<\/li>\n<li> Krhko pakiranje<\/li>\n<li> Brezpla\u010dna dobava kartona, traku in embala\u017ee<\/li>\n<li> Storitev razpakiranja<\/li>\n<li> Dolgoro\u010dno in kratkoro\u010dno skladi\u0161\u010denje <\/li>\n<li> <a href=\"https:\/\/moverdb.com\/sl\/kontejnersko-posiljanje\/\">Prevoz s kontejnerji<\/a><\/li>\n<li> Prekomerno po\u0161iljanje prtljage<\/li>\n<li> Zagotovljeno zavarovanje<\/li>\n<li> Pomo\u010d pri carini in dokumentaciji<\/li>\n<\/ul>\n<p><strong>Druge storitve<\/strong><\/p>\n<ul>\n<li> Dolgoro\u010dno in kratkoro\u010dno skladi\u0161\u010denje<\/li>\n<li> Po\u0161iljanje in skladi\u0161\u010denje \u0161tudentov<\/li>\n<li> <a href=\"https:\/\/moverdb.com\/sl\/car-transport-shipping\/\" data-internallinksmanager029f6b8e52c=\"2\" title=\"2026 Kvote za mednarodni prevoz avtomobilov in prevoz vozil\">Prevoz avtomobilov<\/a><\/li>\n<li> Skupna posoda<\/li>\n<li> Storitev izvoznega pakiranja<\/li>\n<li> Pakiranje in izdelava zaboj\u010dkov<\/li>\n<\/ul>\n<h2>Profil podjetja IMove International<\/h2>\n<p>IMove International je mlado podjetje v zasebni lasti, ki je bilo ustanovljeno maja 2011. Je specializirano <a href=\"https:\/\/moverdb.com\/sl\/mednarodne-selitve\/\">mednarodna selitev<\/a>, podjetje za prevoz in selitev. <\/p>\n<p>IMove organizira selitve za dru\u017eine, podjetja in posameznike iz <a href=\"https:\/\/moverdb.com\/sl\/moving-to-the-uk\/\" data-internallinksmanager029f6b8e52c=\"93\" title=\"Selitev v Zdru\u017eeno kraljestvo? 2022 \u017divljenjski stro\u0161ki in nasveti za selitev\">ZDRU\u017dENO KRALJESTVO<\/a> na ve\u010dino destinacij po vsem svetu.<\/p>\n<p>IMove po\u0161ilja vse od najmanj\u0161e po\u0161iljke do gospodinjskega pohi\u0161tva. Podjetje vsaki stranki zagotovi osebnega koordinatorja selitve, ki je njihova kontaktna oseba med celotnim postopkom selitve.<\/p>\n<p>IMove International ima naslednje akreditacije in povezave:<\/p>\n<ul>\n<li> ISO 9001<\/li>\n<\/ul>\n<h2>IMove International Mnenja<\/h2>\n<p><strong>Pozitivno:<\/strong><\/p>\n<ul>\n<li> <em>\"Vse je potekalo gladko in u\u010dinkovito. Podjetje bi vsekakor priporo\u010dil zaradi storitev in razmerja med ceno in kakovostjo.\"<\/em> - H Fowler prek <a href=\"http:\/\/www.imoveintl.com\/testimonials.htm\" target=\"_blank\" rel=\"noopener\">Stran z mnenji strank<\/a><\/li>\n<li> \"<em>Dru\u017ebi IMove \u010destitam za to\u010dnost, hitrost in strokovnost, s katerimi je bila moja selitev iz Orlanda <a href=\"https:\/\/moverdb.com\/sl\/moving-to-the-united-states\/moving-to-florida\/\" data-internallinksmanager029f6b8e52c=\"331\" title=\"Selitev na Florido? 2023 \u017divljenjski stro\u0161ki in nasveti za selitev\">Florida<\/a> v Kent, je bila izvedena.<\/em> - Annette <a href=\"http:\/\/www.removalreviews.co.uk\/movers\/imove-international-191#11473\" target=\"_blank\" rel=\"noopener\">RemovalReviews.com<\/a> <\/li>\n<li> \"<em>Popolnoma priporo\u010dam to podjetje - zelo razumni stro\u0161ki, izjemno hitra selitev in odli\u010dna storitev\"<\/em> - Johathan prek <a href=\"http:\/\/www.reviews.co.uk\/company-reviews\/store\/imove-international-removals-ltd\" target=\"_blank\" rel=\"noopener\">Reviews.co.uk<\/a> <\/li>\n<\/ul>\n<p><strong>Negativni<\/strong><\/p>\n<ul>\n<li> \"<em>\u010ceprav je dobavni rok od <a href=\"https:\/\/moverdb.com\/sl\/moving-to-london\/\">London<\/a> na . <a href=\"https:\/\/moverdb.com\/sl\/moving-to-switzerland\/\" data-internallinksmanager029f6b8e52c=\"327\" title=\"Selitev v \u0160vico? 2023 \u017divljenjski stro\u0161ki in nasveti za selitev\">\u0160vica<\/a> je bil hiter, mo\u010dno odsvetujem uporabo tega podjetja, saj eden od dragocenej\u0161ih predmetov ni bil nikoli dostavljen in je bil \"izgubljen\". Ni bilo videti nobenega resni\u010dnega presene\u010denja, skrbi ali opravi\u010dila zaradi izgube tega predmeta.\"<\/em> - Gospa Laurens prek <a href=\"http:\/\/www.removalreviews.co.uk\/movingreviews\/stolen-item-1264\" target=\"_blank\" rel=\"noopener\">RemovalReviews.co.uk<\/a> <\/li>\n<li> \"<em>Na\u0161i predmeti so bili zbrani na datum zbiranja (02.11.2015), kar je bilo odli\u010dno, vendar je zdaj marec in \u0161e vedno nismo prejeli svojih \u0161katel.\"<\/em> - Samantha prek <a href=\"http:\/\/www.reviews.co.uk\/company-reviews\/store\/imove-international-removals-ltd\" target=\"_blank\" rel=\"noopener\">Reviews.co.uk<\/a> <\/li>\n<\/ul>\n<div itemprop=\"review\" itemscope itemtype=\"http:\/\/schema.org\/Review\">\n<span itemprop=\"author\" itemscope=\"\" itemtype=\"http:\/\/schema.org\/Organization\"><span itemprop=\"name\">MoverDB.com<\/span><\/span> Spletni pregled spletnega mesta za <span itemprop=\"itemreviewed\" itemscope=\"\" itemtype=\"http:\/\/schema.org\/Brand\"><span itemprop=\"name\">IMove International<\/span><\/span>:<\/p>\n<ol>\n<li> Jasni kontaktni podatki na spletnem mestu (vklju\u010dno s telefonsko \u0161tevilko): <strong>Da<\/strong><\/li>\n<li> Enostavno pridobivanje <a href=\"https:\/\/moverdb.com\/sl\/citati\/\">mednarodne selitve<\/a>? (Spletni obrazec za zahtevek za oceno): <strong>Da<\/strong><\/li>\n<li> Jasne informacije na spletnem mestu: <strong>Da<\/strong>, Na spletni strani je veliko informacij o selitvi v razli\u010dne dr\u017eave po svetu, vklju\u010dno s potrebnimi dokumenti.<\/li>\n<li> \u010clanstvo v mednarodno priznanih organizacijah za mobilnost: <strong>Delno<\/strong>\u010deprav so registrirani po standardu ISO, se zdi, da jim manjkajo druge akreditacije.<\/li>\n<li> Seznam strank in\/ali pri\u010devanja prej\u0161njih strank: <strong>Da,<\/strong> Na spletnem mestu je veliko pozitivnih mnenj strank.<\/li>\n<\/ol>\n<div itemprop=\"reviewRating\" itemscope itemtype=\"http:\/\/schema.org\/Rating\"><meta itemprop=\"worstRating\" content = \"0\" \/><meta itemprop=\"bestRating\" content=\"5\" \/><meta itemprop=\"ratingValue\" content=\"4\"><\/div>\n<p><strong>Skupna ocena: 4\/5<\/strong><br \/>\n<strong>Datum pregleda:<\/strong> <span itemprop=\"datePublished\" content=\"2016-09-23\">23\/09\/16<\/span>\n<\/div>\n<p>Preberite ve\u010d o <a href=\"https:\/\/moverdb.com\/sl\/mednarodne-selitve\/\">selitvena podjetja<\/a> in na\u0161e <a href=\"https:\/\/moverdb.com\/sl\/pregledi\/\">postopek pregleda<\/a>.<\/p>\n<p><strong>Spletna stran:<\/strong> <a href=\"http:\/\/www.imoveintl.com\/\" target=\"_blank\" rel=\"noopener\">http:\/\/www.imoveintl.com\/<\/a><\/p>","protected":false},"excerpt":{"rendered":"<p>IMove International is based in Surrey. It offers its customers a range of services to assist with their move abroad. These are listed below, together with a company profile and reviews. International Removals Personal move coordinator Door to door Door to port Air, sea or road Company relocations Motor vehicles Full packing service Self-packing Fragile [&hellip;]<\/p>\n","protected":false},"author":1,"featured_media":0,"parent":0,"menu_order":0,"comment_status":"closed","ping_status":"closed","template":"","meta":{"_genesis_hide_title":false,"_genesis_hide_breadcrumbs":false,"_genesis_hide_singular_image":false,"_genesis_hide_footer_widgets":false,"_genesis_custom_body_class":"","_genesis_custom_post_class":"","_genesis_layout":"","footnotes":""},"class_list":{"0":"post-927","1":"page","2":"type-page","3":"status-publish","5":"entry"},"_links":{"self":[{"href":"https:\/\/moverdb.com\/sl\/wp-json\/wp\/v2\/pages\/927","targetHints":{"allow":["GET"]}}],"collection":[{"href":"https:\/\/moverdb.com\/sl\/wp-json\/wp\/v2\/pages"}],"about":[{"href":"https:\/\/moverdb.com\/sl\/wp-json\/wp\/v2\/types\/page"}],"author":[{"embeddable":true,"href":"https:\/\/moverdb.com\/sl\/wp-json\/wp\/v2\/users\/1"}],"replies":[{"embeddable":true,"href":"https:\/\/moverdb.com\/sl\/wp-json\/wp\/v2\/comments?post=927"}],"version-history":[{"count":6,"href":"https:\/\/moverdb.com\/sl\/wp-json\/wp\/v2\/pages\/927\/revisions"}],"predecessor-version":[{"id":13160,"href":"https:\/\/moverdb.com\/sl\/wp-json\/wp\/v2\/pages\/927\/revisions\/13160"}],"wp:attachment":[{"href":"https:\/\/moverdb.com\/sl\/wp-json\/wp\/v2\/media?parent=927"}],"curies":[{"name":"wp","href":"https:\/\/api.w.org\/{rel}","templated":true}]}}