{"id":926,"date":"2017-07-04T15:15:07","date_gmt":"2017-07-04T15:15:07","guid":{"rendered":"http:\/\/moverdb.com\/?page_id=926"},"modified":"2026-01-08T14:47:30","modified_gmt":"2026-01-08T14:47:30","slug":"american-red-ball-transit","status":"publish","type":"page","link":"https:\/\/moverdb.com\/sl\/american-red-ball-transit\/","title":{"rendered":"Ameri\u0161ka rde\u010da \u017eoga Tranzit: International Moving Mnenja"},"content":{"rendered":"<p>Dru\u017eba American Red Ball Transit svojim strankam ponuja \u0161tevilne doma\u010de storitve v <a href=\"https:\/\/moverdb.com\/sl\/moving-to-the-united-states\/\" data-internallinksmanager029f6b8e52c=\"94\" title=\"Selitev v Zdru\u017eene dr\u017eave Amerike? 2022 \u017divljenjski stro\u0161ki in nasveti za selitev\">ZDA<\/a>, ki so navedeni spodaj, skupaj s profilom podjetja in pregledi.<\/p>\n<p><strong>premestitev podjetja<\/strong><\/p>\n<ul>\n<li> Prilagojen na\u010drt premestitve<\/li>\n<li> Pomo\u010d pri selitvah osebja in pisarn<\/li>\n<li> Celovita storitev pakiranja<\/li>\n<li> Demonta\u017ea in ponovna monta\u017ea pohi\u0161tva<\/li>\n<li> IT, ki se premika<\/li>\n<li> Storitev razpakiranja<\/li>\n<li> Dolgoro\u010dno in kratkoro\u010dno skladi\u0161\u010denje<\/li>\n<\/ul>\n<p><strong>Doma\u010de selitve<\/strong><\/p>\n<ul>\n<li> Interaktivni koledar, ki se premika<\/li>\n<li> Od vrat do vrat<\/li>\n<li> Celovita storitev pakiranja, krhkih predmetov ali samopostre\u017enega pakiranja<\/li>\n<li> razstavljanje in ponovno sestavljanje pohi\u0161tva.<\/li>\n<li> Na voljo je zavarovanje<\/li>\n<li> Ponujena storitev razpakiranja<\/li>\n<li> Na voljo sta dolgoro\u010dno in kratkoro\u010dno skladi\u0161\u010denje<\/li>\n<\/ul>\n<h2>Profil podjetja American Red Ball Transit<\/h2>\n<p>Dru\u017eba American Red Ball Transit, ustanovljena leta 1919, je najstarej\u0161a meddr\u017eavna <a href=\"https:\/\/moverdb.com\/sl\/international-removals\/\" data-internallinksmanager029f6b8e52c=\"27\" title=\"36 najbolj\u0161ih podjetij za mednarodne selitve v Zdru\u017eenem kraljestvu\">podjetje za selitve<\/a> v ZDA in ima sede\u017e v Indianapolisu. Podjetje je znano po svojem strokovnem znanju na podro\u010dju voja\u0161kih selitev in jih je izvedlo \u017ee v drugi svetovni vojni. Leta 1996 je bilo podjetje American Red Ball Transit prodano podjetju <a href=\"https:\/\/moverdb.com\/sl\/atlas-van-lines-international\/\">Skupina Atlas World<\/a>. Ta skupina na leto preseli ve\u010d kot 13.000 voja\u0161kih dru\u017ein.<\/p>\n<p>Leta 2001 je bila dru\u017eba American Red Ball Transit, ki je doma\u010da h\u010derinska dru\u017eba dru\u017ebe American Red Ball International, prodana njenemu vodstvu. Dru\u017eba American Red Ball International nadaljuje z mednarodnim delom podjetja.<\/p>\n<p>American Red Ball Transit ima naslednje povezave in akreditacije:<\/p>\n<ul>\n<li> Urad za bolj\u0161e poslovanje (BBB)<\/li>\n<li> <a href=\"https:\/\/moverdb.com\/sl\/amsa\/\">Ameri\u0161ko zdru\u017eenje za selitve in skladi\u0161\u010denje<\/a> (<a href=\"https:\/\/moverdb.com\/sl\/amsa\/\" data-internallinksmanager029f6b8e52c=\"5\" title=\"Pojasnila o ameri\u0161kem zdru\u017eenju za selitve in skladi\u0161\u010denje (AMSA)\">AMSA<\/a>)<\/li>\n<li> <a href=\"https:\/\/moverdb.com\/sl\/obrocnik\/\">ProMover<\/a><\/li>\n<\/ul>\n<h2>Ameri\u0161ka rde\u010da \u017eoga Tranzitno podjetje Mnenja<\/h2>\n<p><strong>Pozitivno:<\/strong><\/p>\n<ul>\n<li> <em>\"American Red Ball je eden na\u0161ih najbolj\u0161ih partnerjev, kakovostna organizacija s kakovostnimi posamezniki. Zelo priporo\u010dljivo.\"<\/em> - John prek <a href=\"https:\/\/www.yelp.co.uk\/biz\/american-red-ball-transit-company-indianapolis?hrid=mQPsd2n9lj4MbWXdnRerwA&#038;utm_campaign=www_review_share_popup&#038;utm_medium=copy_link&#038;utm_source=(direct)\" target=\"_blank\" rel=\"noopener\">Yelp<\/a><\/li>\n<\/ul>\n<p><strong>Negativno:<\/strong><\/p>\n<ul>\n<li> <em>\"S tem podjetjem sem imel grozno izku\u0161njo.\"<\/em> - R.R. prek <a href=\"https:\/\/www.bbb.org\/indy\/business-reviews\/movers\/american-red-ball-transit-company-inc-in-indianapolis-in-753\/reviews-and-complaints?section=reviews&#038;reviewtype=negative\" target=\"_blank\" rel=\"noopener\">BBB.org<\/a><\/li>\n<\/ul>\n<div itemprop=\"review\" itemscope itemtype=\"http:\/\/schema.org\/Review\">\n<span itemprop=\"author\" itemscope=\"\" itemtype=\"http:\/\/schema.org\/Organization\"><span itemprop=\"name\">MoverDB.com<\/span><\/span> Spletni pregled spletnega mesta za <span itemprop=\"itemreviewed\" itemscope=\"\" itemtype=\"http:\/\/schema.org\/Brand\"><span itemprop=\"name\">Ameri\u0161ka rde\u010da \u017eoga Transit<\/span><\/span>:<\/p>\n<ol>\n<li> Jasni kontaktni podatki na spletnem mestu (vklju\u010dno s telefonsko \u0161tevilko): <strong>Da<\/strong><\/li>\n<li> Enostavno pridobivanje <a href=\"https:\/\/moverdb.com\/sl\/citati\/\">mednarodne selitvene ponudbe<\/a>? (Spletni obrazec za zahtevek za oceno): <strong>Da<\/strong><\/li>\n<li> Jasne informacije na spletnem mestu: <strong>Omejeno,<\/strong> Spletna stran vam pove zelo malo.<\/li>\n<li> \u010clanstvo v mednarodno priznanih organizacijah, ki se ukvarjajo z gibanjem: <strong>Da<\/strong><\/li>\n<li> Seznam strank in\/ali pri\u010devanja prej\u0161njih strank: <strong>Ne<\/strong>, spletne ocene pa so me\u0161ane.<\/li>\n<\/ol>\n<div itemprop=\"reviewRating\" itemscope itemtype=\"http:\/\/schema.org\/Rating\"><meta itemprop=\"worstRating\" content = \"0\" \/><meta itemprop=\"bestRating\" content=\"5\" \/><meta itemprop=\"ratingValue\" content=\"3\"><\/div>\n<p><strong>Skupna ocena: 3\/5<\/strong><br \/>\n<strong>Datum pregleda:<\/strong> <span itemprop=\"datePublished\" content=\"2017-07-04\">04\/07\/2016<\/span>\n<\/div>\n<p>Preberite ve\u010d o <a href=\"https:\/\/moverdb.com\/sl\/selitev-podjetja\/\">mednarodna selitvena podjetja<\/a>, <a href=\"https:\/\/moverdb.com\/sl\/nas-kanada-premikovalci\/\">Doma\u010di selitveni delavci v ZDA<\/a> in izvedeli ve\u010d o na\u0161ih <a href=\"https:\/\/moverdb.com\/sl\/pregledi\/\">postopek pregleda<\/a>.<\/p>\n<p><strong>Spletna stran:<\/strong> <a href=\"http:\/\/www.redball.com\/\" target=\"_blank\" rel=\"noopener\">http:\/\/www.redball.com\/<\/a><\/p>","protected":false},"excerpt":{"rendered":"<p>American Red Ball Transit offers its customers many domestic services within the US, these are listed below, together with a company profile and reviews. Corporate Relocation Personalised relocation plan Assistance with personnel and office moves Full packing service Disassembly and reassembly of furniture IT moving Unpacking service Long and short term storage Domestic Moves Interactive [&hellip;]<\/p>\n","protected":false},"author":1,"featured_media":0,"parent":0,"menu_order":0,"comment_status":"closed","ping_status":"closed","template":"","meta":{"_genesis_hide_title":false,"_genesis_hide_breadcrumbs":false,"_genesis_hide_singular_image":false,"_genesis_hide_footer_widgets":false,"_genesis_custom_body_class":"","_genesis_custom_post_class":"","_genesis_layout":"","footnotes":""},"class_list":{"0":"post-926","1":"page","2":"type-page","3":"status-publish","5":"entry"},"_links":{"self":[{"href":"https:\/\/moverdb.com\/sl\/wp-json\/wp\/v2\/pages\/926","targetHints":{"allow":["GET"]}}],"collection":[{"href":"https:\/\/moverdb.com\/sl\/wp-json\/wp\/v2\/pages"}],"about":[{"href":"https:\/\/moverdb.com\/sl\/wp-json\/wp\/v2\/types\/page"}],"author":[{"embeddable":true,"href":"https:\/\/moverdb.com\/sl\/wp-json\/wp\/v2\/users\/1"}],"replies":[{"embeddable":true,"href":"https:\/\/moverdb.com\/sl\/wp-json\/wp\/v2\/comments?post=926"}],"version-history":[{"count":4,"href":"https:\/\/moverdb.com\/sl\/wp-json\/wp\/v2\/pages\/926\/revisions"}],"predecessor-version":[{"id":6171,"href":"https:\/\/moverdb.com\/sl\/wp-json\/wp\/v2\/pages\/926\/revisions\/6171"}],"wp:attachment":[{"href":"https:\/\/moverdb.com\/sl\/wp-json\/wp\/v2\/media?parent=926"}],"curies":[{"name":"wp","href":"https:\/\/api.w.org\/{rel}","templated":true}]}}