{"id":925,"date":"2016-09-27T05:35:52","date_gmt":"2016-09-27T05:35:52","guid":{"rendered":"http:\/\/moverdb.com\/?page_id=925"},"modified":"2026-01-08T14:40:05","modified_gmt":"2026-01-08T14:40:05","slug":"lopa-removals","status":"publish","type":"page","link":"https:\/\/moverdb.com\/sl\/lopa-removals\/","title":{"rendered":"Lopa Removals: Mnenja o mednarodnih selitvah"},"content":{"rendered":"<p>Podjetje Lopa Removals s sede\u017eem v Romfordu svojim strankam ponuja vrsto storitev, ki so navedene spodaj, skupaj s profilom podjetja in pregledi.<\/p>\n<p><strong>Evropski in mednarodni premiki<\/strong><\/p>\n<ul>\n<li> Poseben vodja selitve<\/li>\n<li> Selitve celotne hi\u0161e so kon\u010dane v 2-5 dneh<\/li>\n<li> Urejeno zavarovanje<\/li>\n<li> GPS sledenje vozilom<\/li>\n<li> Celotno pakiranje, pakiranje za krhke predmete ali pa ga opravite sami<\/li>\n<li> Brezpla\u010dne \u0161katle in pakirni material<\/li>\n<li> Garancija brez po\u0161kodb<\/li>\n<li> Ume\u0161\u010danje v kletke<\/li>\n<li> Zunanja dvigala za predmete, kot so klavirji.<\/li>\n<li> Delni in polni tovori<\/li>\n<li> Storitev razpakiranja<\/li>\n<li> Kratkoro\u010dno in dolgoro\u010dno skladi\u0161\u010denje<\/li>\n<\/ul>\n<p><strong>Shranjevanje<\/strong><\/p>\n<ul>\n<li> Kratkoro\u010dno in dolgoro\u010dno<\/li>\n<li> Varno in ograjeno<\/li>\n<li> Zavarovano<\/li>\n<li> Profesionalno zlo\u017eeno<\/li>\n<li> Ustrezna za\u0161\u010dita pred po\u0161kodbami in umazanijo<\/li>\n<\/ul>\n<p><strong>Strokovni premiki<\/strong><\/p>\n<ul>\n<li> Umetnostne galerije<\/li>\n<li> Razstave<\/li>\n<\/ul>\n<h2>Profil podjetja Lopa Removals<\/h2>\n<p>Dru\u017eba Lopa Removals je specializirana za mednarodne selitve, zlasti selitve znotraj Evrope. Podjetje ima sede\u017e v Romfordu. Gre za mlado podjetje, katerega glavni cilj je izbolj\u0161ati obstoje\u010de selitve med evropskimi dr\u017eavami. <\/p>\n<p>Ima dolg seznam uglednih zadovoljnih strank. Podjetje Lopa Removals ponuja visoko raven storitev za stranke pred selitvijo, med njo in po njej. Zaradi pozitivnih odzivov strank se trenutno osredoto\u010da na selitve med <a href=\"https:\/\/moverdb.com\/sl\/moving-to-london\/\">London<\/a>, <a href=\"https:\/\/moverdb.com\/sl\/moving-to-france\/moving-to-paris\/\" data-internallinksmanager029f6b8e52c=\"407\" title=\"Selitev v Pariz? 2023 \u017divljenjski stro\u0161ki in nasveti za selitev\">Pariz<\/a> in Bruslja, zaradi \u010desar so te poteze najbolj\u0161e na trgu.<\/p>\n<p>Dru\u017eba Lopa Removals ima naslednje akreditacije in povezave:<\/p>\n<ul>\n<li> Standard kakovosti ISO 9001<\/li>\n<li> <a href=\"https:\/\/moverdb.com\/sl\/britansko-zdruzenje-odstranjevalcev\/\">Britansko zdru\u017eenje odstranjevalcev<\/a> (<a href=\"https:\/\/moverdb.com\/sl\/british-association-of-removers\/\" data-internallinksmanager029f6b8e52c=\"9\" title=\"Pojasnila o Britanskem zdru\u017eenju izvajalcev selitev (BAR)\">BAR<\/a>)<\/li>\n<\/ul>\n<h2>Lopa Removals Mnenja<\/h2>\n<p><strong>Pozitivno:<\/strong><\/p>\n<ul>\n<li> \"Podjetje Lopa removals je opravilo zelo dobro storitev in poskrbelo, da je bila na\u0161a selitev iz Londona v Pariz gladka in brez stresa.\" - S. Gerber prek <a href=\"https:\/\/uk.trustpilot.com\/reviews\/57b199dc0000ff00097bf54d\" target=\"_blank\" rel=\"noopener\">Trustpilot<\/a><\/li>\n<\/ul>\n<p><strong>Negativno:<\/strong><\/p>\n<ul>\n<li> \"<em>Preseljeval sem se iz <a href=\"https:\/\/moverdb.com\/sl\/moving-to-belgium\/\" data-internallinksmanager029f6b8e52c=\"323\" title=\"Selitev v Belgijo? 2023 \u017divljenjski stro\u0161ki in nasveti za selitev\">Belgija<\/a> in je bil navdu\u0161en, da je na\u0161el te fante, po razumni ceni, zelo dobre ocene tukaj in se ogla\u0161uje kot dru\u017einska lastnina in zelo razumevanje. Moral bi vedeti bolje.\"<\/em> Andrej prek <a href=\"https:\/\/uk.trustpilot.com\/reviews\/53ce415d0000640002999120\" target=\"_blank\" rel=\"noopener\">Trustpilot<\/a> <\/li>\n<\/ul>\n<div itemprop=\"review\" itemscope itemtype=\"http:\/\/schema.org\/Review\">\n<span itemprop=\"author\" itemscope=\"\" itemtype=\"http:\/\/schema.org\/Organization\"><span itemprop=\"name\">MoverDB.com<\/span><\/span> Spletni pregled spletnega mesta za <span itemprop=\"itemreviewed\" itemscope=\"\" itemtype=\"http:\/\/schema.org\/Brand\"><span itemprop=\"name\">Lopa Removals<\/span><\/span>:<\/p>\n<ol>\n<li> Jasni kontaktni podatki na spletnem mestu (vklju\u010dno s telefonsko \u0161tevilko): <strong>Da<\/strong><\/li>\n<li> Enostavno pridobivanje <a href=\"https:\/\/moverdb.com\/sl\/citati\/\">ponudbe za selitve<\/a>? (Spletni obrazec za zahtevek za oceno): <strong>Da<\/strong><\/li>\n<li> Jasne informacije na spletnem mestu: <strong>Nekateri,<\/strong> na splo\u0161no pa spletna stran vsebuje razmeroma malo informacij.<\/li>\n<li> \u010clanstvo v mednarodno priznanih organizacijah za mobilnost: <strong>Da<\/strong><\/li>\n<li> Seznam strank in\/ali pri\u010devanja prej\u0161njih strank: <strong>Delno,<\/strong> medtem ko ne gostuje na spletni strani, imajo pozitivno oceno na Trustpilot.<\/li>\n<\/ol>\n<div itemprop=\"reviewRating\" itemscope itemtype=\"http:\/\/schema.org\/Rating\"><meta itemprop=\"worstRating\" content = \"0\" \/><meta itemprop=\"bestRating\" content=\"5\" \/><meta itemprop=\"ratingValue\" content=\"4\"><\/div>\n<p><strong>Skupna ocena: 4\/5<\/strong><br \/>\n<strong>Datum pregleda:<\/strong> <span itemprop=\"datePublished\" content=\"2016-09-27\">27\/08\/16<\/span>\n<\/div>\n<p>Preberite ve\u010d o <a href=\"https:\/\/moverdb.com\/sl\/mednarodne-selitve\/\">mednarodne selitve<\/a> in na\u0161e <a href=\"https:\/\/moverdb.com\/sl\/pregledi\/\">postopek pregleda<\/a>.<\/p>\n<p><strong>Spletna stran:<\/strong> <a href=\"http:\/\/new.loparemovals.com\/\" target=\"_blank\" rel=\"noopener\">http:\/\/new.loparemovals.com\/<\/a><\/p>","protected":false},"excerpt":{"rendered":"<p>Lopa Removals is based in Romford and offers its customers a range of services which are listed below, together with a company profile and reviews. European and International Moves Dedicated move manager Full house moves complete in 2-5 days Insurance arranged GPS vehicle tracking Full packing, fragile packing or do it yourself Free boxes and [&hellip;]<\/p>\n","protected":false},"author":1,"featured_media":0,"parent":0,"menu_order":0,"comment_status":"closed","ping_status":"closed","template":"","meta":{"_genesis_hide_title":false,"_genesis_hide_breadcrumbs":false,"_genesis_hide_singular_image":false,"_genesis_hide_footer_widgets":false,"_genesis_custom_body_class":"","_genesis_custom_post_class":"","_genesis_layout":"","footnotes":""},"class_list":{"0":"post-925","1":"page","2":"type-page","3":"status-publish","5":"entry"},"_links":{"self":[{"href":"https:\/\/moverdb.com\/sl\/wp-json\/wp\/v2\/pages\/925","targetHints":{"allow":["GET"]}}],"collection":[{"href":"https:\/\/moverdb.com\/sl\/wp-json\/wp\/v2\/pages"}],"about":[{"href":"https:\/\/moverdb.com\/sl\/wp-json\/wp\/v2\/types\/page"}],"author":[{"embeddable":true,"href":"https:\/\/moverdb.com\/sl\/wp-json\/wp\/v2\/users\/1"}],"replies":[{"embeddable":true,"href":"https:\/\/moverdb.com\/sl\/wp-json\/wp\/v2\/comments?post=925"}],"version-history":[{"count":7,"href":"https:\/\/moverdb.com\/sl\/wp-json\/wp\/v2\/pages\/925\/revisions"}],"predecessor-version":[{"id":13171,"href":"https:\/\/moverdb.com\/sl\/wp-json\/wp\/v2\/pages\/925\/revisions\/13171"}],"wp:attachment":[{"href":"https:\/\/moverdb.com\/sl\/wp-json\/wp\/v2\/media?parent=925"}],"curies":[{"name":"wp","href":"https:\/\/api.w.org\/{rel}","templated":true}]}}