{"id":924,"date":"2016-09-03T21:30:31","date_gmt":"2016-09-03T21:30:31","guid":{"rendered":"http:\/\/moverdb.com\/?page_id=924"},"modified":"2026-01-08T14:48:13","modified_gmt":"2026-01-08T14:48:13","slug":"eagle-relocations","status":"publish","type":"page","link":"https:\/\/moverdb.com\/sl\/eagle-relocations\/","title":{"rendered":"Premestitve Eagle: Mnenja o mednarodnih selitvah in selitvah"},"content":{"rendered":"<p>Eagle Relocations je <a href=\"https:\/\/moverdb.com\/sl\/international-removals\/\" data-internallinksmanager029f6b8e52c=\"27\" title=\"36 najbolj\u0161ih podjetij za mednarodne selitve v Zdru\u017eenem kraljestvu\">podjetje za selitve<\/a> s sede\u017eem v Watfordu, <a href=\"https:\/\/moverdb.com\/sl\/moving-to-the-uk\/\" data-internallinksmanager029f6b8e52c=\"93\" title=\"Selitev v Zdru\u017eeno kraljestvo? 2022 \u017divljenjski stro\u0161ki in nasveti za selitev\">ZDRU\u017dENO KRALJESTVO<\/a>. Strankam ponuja vrsto selitvenih storitev, ki so navedene spodaj, skupaj s profilom podjetja in pregledi.<\/p>\n<p><strong>Mednarodna selitev<\/strong><\/p>\n<ul>\n<li> Storitev od vrat do vrat<\/li>\n<li> Storitev od vrat do robnika<\/li>\n<li> Vrata do <a href=\"https:\/\/moverdb.com\/sl\/top-49-container-ports\/\" data-internallinksmanager029f6b8e52c=\"80\" title=\"Top 49 najve\u010djih in najbolj obremenjenih pristani\u0161\u010d za kontejnerje v letu 2025\">pristani\u0161\u010de<\/a> storitev<\/li>\n<li> Celovita storitev pakiranja<\/li>\n<li> Storitev krhkega ali delnega pakiranja<\/li>\n<li> Storitev, ki jo je pakiral lastnik<\/li>\n<li> Demonta\u017ea in ponovna monta\u017ea pohi\u0161tva<\/li>\n<li> Dobavljeni materiali za pakiranje<\/li>\n<li> Cestni, zra\u010dni in pomorski tranzit<\/li>\n<li> Carinjenje<\/li>\n<li> Odstranjevanje odpadkov<\/li>\n<li> Storitev Concierge<\/li>\n<li> Storitve hi\u0161ne pomo\u010dnice<\/li>\n<\/ul>\n<p><strong>Selitve podjetij<\/strong><\/p>\n<ul>\n<li> Vodja osebne selitve podjetja<\/li>\n<li> Pregled obstoje\u010dih in novih prostorov<\/li>\n<li> Demonta\u017ea in ponovna monta\u017ea pohi\u0161tva<\/li>\n<li> IT strokovnjaki za ra\u010dunalni\u0161ke selitve<\/li>\n<li> Zaboji za selitev, namenjeni pisarnam<\/li>\n<li> Zaboji z nalepkami<\/li>\n<li> Vodja selitve je med selitvijo stalno prisoten na lokaciji<\/li>\n<li> Urejeno zavarovanje<\/li>\n<\/ul>\n<p><strong>Selitve domov v Zdru\u017eenem kraljestvu<\/strong><\/p>\n<ul>\n<li> Povezovanje s skrbnikom selitve<\/li>\n<li> Anketa pred selitvijo<\/li>\n<li> Poseben koordinator selitve<\/li>\n<li> Od vrat do vrat<\/li>\n<li> Celotno pakiranje, delno pakiranje ali opravite sami<\/li>\n<li> Demonta\u017ea in ponovna monta\u017ea pohi\u0161tva<\/li>\n<li> Urejeno zavarovanje<\/li>\n<li> Odstranjevanje odpadkov<\/li>\n<\/ul>\n<h2>Profil podjetja Eagle Relocations<\/h2>\n<p>Dru\u017einsko podjetje Eagle Relocations je bilo ustanovljeno leta 1967 in se je takrat imenovalo Eagle Shipping. Leta 2002 je postalo dru\u017eba z omejeno odgovornostjo in se preimenovalo v Eagle Relocations. Svojim strankam ponuja celovito storitev selitve na lokalni, nacionalni in mednarodni ravni.<\/p>\n<p>V letu 2015 je Eagle Relocations preselil ve\u010d kot 3.500 ljudi. Ponujajo razli\u010dne pakete, ki ustrezajo njihovim potrebam in \u017eepom. Verjamejo v dobro storitev za stranke in zavezanost.<\/p>\n<p>Eagle Relocations ima naslednje akreditacije in povezave:<\/p>\n<ul>\n<li> <a href=\"https:\/\/moverdb.com\/sl\/britansko-zdruzenje-odstranjevalcev\/\">Britansko zdru\u017eenje odstranjevalcev<\/a> (<a href=\"https:\/\/moverdb.com\/sl\/british-association-of-removers\/\" data-internallinksmanager029f6b8e52c=\"9\" title=\"Pojasnila o Britanskem zdru\u017eenju izvajalcev selitev (BAR)\">BAR<\/a>)<\/li>\n<li> <a href=\"https:\/\/moverdb.com\/sl\/fedemac\/\">Zveza evropskih zdru\u017eenj movers<\/a> (<a href=\"https:\/\/moverdb.com\/sl\/fedemac\/\" data-internallinksmanager029f6b8e52c=\"15\" title=\"Pojasnila o Zvezi evropskih zdru\u017eenj za selitve (FEDEMAC)\">FEDEMAC<\/a>)<\/li>\n<li> <a href=\"https:\/\/moverdb.com\/sl\/iam\/\">Mednarodno zdru\u017eenje movers<\/a> (<a href=\"https:\/\/moverdb.com\/sl\/iam\/\" data-internallinksmanager029f6b8e52c=\"23\" title=\"Pojasnila o Mednarodnem zdru\u017eenju gibalcev (IAM)\">IAM<\/a>)<\/li>\n<li> <a href=\"https:\/\/moverdb.com\/sl\/hgfaa\/\">Zdru\u017eenje ameri\u0161kih \u0161pediterjev za gospodinjsko blago<\/a><\/li>\n<li> Britansko zdru\u017eenje za mednarodni tovorni promet (BIFA)<\/li>\n<li> <a href=\"https:\/\/moverdb.com\/sl\/bar-overseas\/\">Britansko zdru\u017eenje preme\u0161\u010dencev (BAR) v tujini<\/a><\/li>\n<\/ul>\n<h2>Eagle Relocations Mnenja<\/h2>\n<p><strong>Pozitivno:<\/strong><\/p>\n<ul>\n<li> <em>Fantje so bili odli\u010dni... Super koristni, u\u010dinkoviti, strokovni in vsi z velikim nasmehom na obrazu...<\/em> - Ross prek <a href=\"http:\/\/www.eaglerelocations.com\/testimonials\/\" target=\"_blank\" rel=\"noopener\">stran s pri\u010devanji strank<\/a><\/li>\n<li> <em>\"Bili so zaupanja vredni, strokovni, veseli, delavni in skrbni ter so nam olaj\u0161ali izjemno stresno obdobje. Zagotavljajo odli\u010dno razmerje med kakovostjo in ceno in vesel sem, da nisem izbral podjetja, ki mi je po elektronski po\u0161ti ponudilo \"predobre, da bi bilo res\" stro\u0161ke selitve, ne da bi nas sploh obiskalo na na\u0161em domu. Po mojem mnenju so vodilni na trgu in podjetju Eagle Relocations bom za vedno hvale\u017een.\"<\/em> - Karen prek <a href=\"https:\/\/www.trustpilot.com\/reviews\/56fe57450000ff00094ba791\" target=\"_blank\" rel=\"noopener\">TrustPilot<\/a> <\/li>\n<li> <em>\"Pravkar sem Eagle Relocations na 3 lo\u010denih prilo\u017enostih. Iz Hendona sem se preselil v Borhamwood, iz Borhamwooda v skladi\u0161\u010de in nato na Bali. Vsaki\u010d so bili izjemno profesionalni.\"<\/em> - Pankesh P prek <a href=\"https:\/\/www.yell.com\/reviews\/user\/PankeshP\" target=\"_blank\" rel=\"noopener\">Jok<\/a><\/li>\n<\/ul>\n<p><strong>Negativno:<\/strong><\/p>\n<ul>\n<li> <em>\"Ne uporabljajte tega podjetja, saj so izgubili vse moje svetovne dobrine.\"<\/em> - Adrienne prek <a href=\"https:\/\/www.trustpilot.com\/reviews\/587ecbbc0dc2f609f06be069\" target=\"_blank\" rel=\"noopener\">Trustpilot<\/a><\/li>\n<\/ul>\n<div itemprop=\"review\" itemscope itemtype=\"http:\/\/schema.org\/Review\">\n<span itemprop=\"author\" itemscope=\"\" itemtype=\"http:\/\/schema.org\/Organization\"><span itemprop=\"name\">MoverDB.com<\/span><\/span> Spletni pregled spletnega mesta za <span itemprop=\"itemreviewed\" itemscope=\"\" itemtype=\"http:\/\/schema.org\/Brand\"><span itemprop=\"name\">Premestitve orlov<\/span><\/span>:<\/p>\n<ol>\n<li> Jasni kontaktni podatki na spletnem mestu (vklju\u010dno s telefonsko \u0161tevilko): <strong>Da<\/strong><\/li>\n<li> Enostavno pridobivanje <a href=\"https:\/\/moverdb.com\/sl\/citati\/\">mednarodne selitve<\/a>? (Spletni obrazec za zahtevek za oceno): <strong>Da<\/strong><\/li>\n<li> Jasne informacije na spletnem mestu: <strong>Da,<\/strong> vklju\u010duje vodnike po dr\u017eavah in blog s koristnimi informacijami o selitvi v tujino.<\/li>\n<li> \u010clanstvo v mednarodno priznanih organizacijah, ki se ukvarjajo z gibanjem: <strong>Da<\/strong>, glej zgoraj.<\/li>\n<li> Seznam strank in\/ali pri\u010devanja prej\u0161njih strank: <strong>Nekateri,<\/strong> Na spletnem mestu so testi strank, vendar so si mnogi med njimi nekoliko podobni, na spletu pa je malo pregledov. Vendar so pregledi, ki so na voljo, ve\u010dinoma pozitivni.<\/li>\n<\/ol>\n<div itemprop=\"reviewRating\" itemscope itemtype=\"http:\/\/schema.org\/Rating\"><meta itemprop=\"worstRating\" content = \"0\" \/><meta itemprop=\"bestRating\" content=\"5\" \/><meta itemprop=\"ratingValue\" content=\"4.5\"><\/div>\n<p><strong>Skupna ocena: 4,5\/5<\/strong><br \/>\n<strong>Datum pregleda:<\/strong> <span itemprop=\"datePublished\" content=\"2016-09-03\">03\/09\/2016<\/span>\n<\/div>\n<p>Preberite ve\u010d o ve\u010d o <a href=\"https:\/\/moverdb.com\/sl\/mednarodne-selitve\/\">mednarodne selitve<\/a> in na\u0161e <a href=\"https:\/\/moverdb.com\/sl\/pregledi\/\">postopek pregleda<\/a>.<\/p>\n<p><strong>Spletna stran:<\/strong> <a href=\"http:\/\/www.eaglerelocations.com\" target=\"_blank\" rel=\"noopener\">http:\/\/www.eaglerelocations.com<\/a><\/p>","protected":false},"excerpt":{"rendered":"<p>Eagle Relocations is a removals company based in Watford, UK. It offers its clients a range of removals services which are listed below, together with a company profile and reviews. International Removals Door to door service Door to kerbside service Door to port service Full packing service Fragile or part pack service Owner packed service [&hellip;]<\/p>\n","protected":false},"author":1,"featured_media":0,"parent":0,"menu_order":0,"comment_status":"closed","ping_status":"closed","template":"","meta":{"_genesis_hide_title":false,"_genesis_hide_breadcrumbs":false,"_genesis_hide_singular_image":false,"_genesis_hide_footer_widgets":false,"_genesis_custom_body_class":"","_genesis_custom_post_class":"","_genesis_layout":"","footnotes":""},"class_list":{"0":"post-924","1":"page","2":"type-page","3":"status-publish","5":"entry"},"_links":{"self":[{"href":"https:\/\/moverdb.com\/sl\/wp-json\/wp\/v2\/pages\/924","targetHints":{"allow":["GET"]}}],"collection":[{"href":"https:\/\/moverdb.com\/sl\/wp-json\/wp\/v2\/pages"}],"about":[{"href":"https:\/\/moverdb.com\/sl\/wp-json\/wp\/v2\/types\/page"}],"author":[{"embeddable":true,"href":"https:\/\/moverdb.com\/sl\/wp-json\/wp\/v2\/users\/1"}],"replies":[{"embeddable":true,"href":"https:\/\/moverdb.com\/sl\/wp-json\/wp\/v2\/comments?post=924"}],"version-history":[{"count":6,"href":"https:\/\/moverdb.com\/sl\/wp-json\/wp\/v2\/pages\/924\/revisions"}],"predecessor-version":[{"id":6202,"href":"https:\/\/moverdb.com\/sl\/wp-json\/wp\/v2\/pages\/924\/revisions\/6202"}],"wp:attachment":[{"href":"https:\/\/moverdb.com\/sl\/wp-json\/wp\/v2\/media?parent=924"}],"curies":[{"name":"wp","href":"https:\/\/api.w.org\/{rel}","templated":true}]}}