{"id":921,"date":"2016-08-29T20:53:00","date_gmt":"2016-08-29T20:53:00","guid":{"rendered":"http:\/\/moverdb.com\/?page_id=921"},"modified":"2026-01-08T15:20:42","modified_gmt":"2026-01-08T15:20:42","slug":"simpsons-removals","status":"publish","type":"page","link":"https:\/\/moverdb.com\/sl\/simpsons-removals\/","title":{"rendered":"Simpsons Removals and Storage: Mnenja o mednarodnih selitvah"},"content":{"rendered":"<p>Podjetje Simpsons Removals and Storage Ltd s sede\u017eem v Kentu svojim strankam ponuja <a href=\"https:\/\/moverdb.com\/sl\/international-removals\/\" data-internallinksmanager029f6b8e52c=\"27\" title=\"36 najbolj\u0161ih podjetij za mednarodne selitve v Zdru\u017eenem kraljestvu\">mednarodne selitve<\/a> storitve, ki so na\u0161tete v nadaljevanju. Sledijo tudi profil podjetja in pregledi.<\/p>\n<p><strong>Mednarodna selitev<\/strong><\/p>\n<ul>\n<li> Od vrat do vrat ali z letali\u0161\u010da v namembnem kraju<\/li>\n<li> Celovita storitev, pakiranje krhkih predmetov ali pakiranje po lastnih \u017eeljah<\/li>\n<li> Pakirni materiali so lahko na voljo<\/li>\n<li> Letalski ali pomorski tovorni promet - <a href=\"https:\/\/moverdb.com\/sl\/kontejnersko-posiljanje\/\">mednarodni kontejnerski prevoz<\/a><\/li>\n<li> Odve\u010dna prtljaga za manj\u0161e tovore<\/li>\n<li> Urejeno zavarovanje<\/li>\n<li> Ravnanje s terminali\/<a href=\"https:\/\/moverdb.com\/sl\/top-49-container-ports\/\" data-internallinksmanager029f6b8e52c=\"80\" title=\"Top 49 najve\u010djih in najbolj obremenjenih pristani\u0161\u010d za kontejnerje v letu 2025\">pristani\u0161\u010de<\/a> stro\u0161ki<\/li>\n<li> Carinjenje<\/li>\n<li> Dostava in razpakiranje<\/li>\n<li> Odstranjevanje odpadkov<\/li>\n<li> Storitve obrtnikov<\/li>\n<li> Storitve hi\u0161ne pomo\u010dnice<\/li>\n<\/ul>\n<p><strong>Materiali za pakiranje<\/strong><\/p>\n<ul>\n<li> Pakiranje kartonastih \u0161katel razli\u010dnih velikosti<\/li>\n<li> Obe\u0161anje omarnih kartonov<\/li>\n<li> Pakirni trak<\/li>\n<li> Pakirni papir<\/li>\n<li> Papirnate odeje<\/li>\n<li> Tkanine za prevoz odej<\/li>\n<li> Vre\u010dke za vzmetnice<\/li>\n<li> Arhivske \u0161katle<\/li>\n<li> Leseni zaboji po meri so na voljo na zahtevo - potrebno je 7-dnevno obvestilo.<\/li>\n<\/ul>\n<p><strong>Evropski premiki<\/strong><\/p>\n<ul>\n<li> Z letalom, po morju ali cesti<\/li>\n<li> Namenska storitev obremenitve<\/li>\n<li> Na voljo so delne obremenitve<\/li>\n<li> Na voljo so storitve od vrat do vrat<\/li>\n<li> Celovita storitev, pakiranje krhkih predmetov ali pakiranje po lastnih \u017eeljah<\/li>\n<li> Pakirni materiali so lahko na voljo<\/li>\n<li> Urejeno zavarovanje<\/li>\n<li> Na voljo je storitev razpakiranja<\/li>\n<li> Odstranjevanje odpadkov<\/li>\n<\/ul>\n<p><strong><a href=\"https:\/\/moverdb.com\/sl\/moving-to-the-uk\/\" data-internallinksmanager029f6b8e52c=\"93\" title=\"Selitev v Zdru\u017eeno kraljestvo? 2022 \u017divljenjski stro\u0161ki in nasveti za selitev\">ZDRU\u017dENO KRALJESTVO<\/a> Selitve<\/strong><\/p>\n<ul>\n<li> Od vrat do vrat<\/li>\n<li> Osebne selitve<\/li>\n<li> Selitve podjetij<\/li>\n<li> Celovita storitev, pakiranje krhkih predmetov ali pakiranje po lastnih \u017eeljah<\/li>\n<li> Pakirni materiali so lahko na voljo<\/li>\n<li> Urejeno zavarovanje<\/li>\n<li> Na voljo je storitev razpakiranja<\/li>\n<li> Odstranjevanje odpadkov<\/li>\n<\/ul>\n<p><strong>Selitve podjetij<\/strong><\/p>\n<ul>\n<li> Selitev pisarne<\/li>\n<li> Selitve podjetij po vsem svetu<\/li>\n<li> Ekskluzivni dom se giblje po vsem svetu<\/li>\n<li> Re\u0161itve za premestitev IT<\/li>\n<li> Selitve tovarn in laboratorijev<\/li>\n<li> Trgovina na drobno s pisarni\u0161kim pohi\u0161tvom<\/li>\n<\/ul>\n<p><strong>Shranjevanje<\/strong><\/p>\n<ul>\n<li> Samostojno skladi\u0161\u010denje<\/li>\n<li> Hramba v gospodinjstvu<\/li>\n<li> Shranjevanje arhivov<\/li>\n<li> Zunanji pomnilnik<\/li>\n<li> 24 UR NA DAN, 7 DNI V TEDNU, VIDEONADZOR<\/li>\n<\/ul>\n<h2>Simpsons Removals and Storage<\/h2>\n<p>Dru\u017ebo Simpsons Removals and Storage Ltd je leta 1979 ustanovil Barry Simpson. To podjetje za selitve s sede\u017eem v Kentu je \u0161e danes v dru\u017einski lasti in ga vodita sin in h\u010di Barryja Simpsona. <\/p>\n<p>Cilj podjetja je nuditi strokovne in u\u010dinkovite storitve posameznikom, podjetjem in trgovcem, ki se selijo lokalno ali mednarodno. <\/p>\n<p>Simpsons ima na voljo vozni park z 20 vozili, ki ustrezajo potrebam vsake selitve. Prav tako imajo 100.000 kvadratnih metrov skladi\u0161\u010dnega prostora in \u0161e 20.000 kvadratnih metrov prostora, ki se lahko uporablja za skladi\u0161\u010denje zabojnikov. <\/p>\n<p>Podjetje ima \u017ee 36 let izku\u0161enj na podro\u010dju selitev in se po\u010duti pripravljeno za vsako selitev, ne glede na to, kako velika ali majhna je, kjer koli na svetu.<\/p>\n<p>Simpsons Removals and Storage ima naslednje akreditacije in povezave:<\/p>\n<ul>\n<li> <a href=\"https:\/\/moverdb.com\/sl\/britansko-zdruzenje-odstranjevalcev\/\">Britansko zdru\u017eenje odstranjevalcev<\/a> (<a href=\"https:\/\/moverdb.com\/sl\/british-association-of-removers\/\" data-internallinksmanager029f6b8e52c=\"9\" title=\"Pojasnila o Britanskem zdru\u017eenju izvajalcev selitev (BAR)\">BAR<\/a>)<\/li>\n<li> <a href=\"https:\/\/moverdb.com\/sl\/bar-overseas\/\">Britansko zdru\u017eenje odstranjevalcev - Odstranjevalec v tujini<\/a><\/li>\n<li> Britansko zdru\u017eenje odstranjevalcev - Skupina za komercialne selitve<\/li>\n<li> <a href=\"https:\/\/moverdb.com\/sl\/iam\/\">Mednarodno zdru\u017eenje movers<\/a> - <a href=\"https:\/\/moverdb.com\/sl\/iam\/\" data-internallinksmanager029f6b8e52c=\"23\" title=\"Pojasnila o Mednarodnem zdru\u017eenju gibalcev (IAM)\">IAM<\/a><\/li>\n<li> <a href=\"https:\/\/moverdb.com\/sl\/fedemac\/\">Zveza evropskih zdru\u017eenj movers<\/a> - <a href=\"https:\/\/moverdb.com\/sl\/fedemac\/\" data-internallinksmanager029f6b8e52c=\"15\" title=\"Pojasnila o Zvezi evropskih zdru\u017eenj za selitve (FEDEMAC)\">FEDEMAC<\/a><\/li>\n<li> Zagotovljena kakovost storitev Standard BS8564<\/li>\n<li> Zagotovljena kakovost storitev Standard BS8522 - Komercialna selitev<\/li>\n<li> Zdru\u017eenje trgovcev z umetninami in starinami - LAPADA<\/li>\n<li> Movers Traders Club (<a href=\"https:\/\/moverdb.com\/sl\/mtc\/\" data-internallinksmanager029f6b8e52c=\"30\" title=\"Movers Trading Club (MTC) pojasnjeno\">MTC<\/a>)<\/li>\n<\/ul>\n<h2>Simpsons Removals and Storage Mnenja<\/h2>\n<p><strong>Pozitivno:<\/strong><\/p>\n<ul>\n<li> <em>\"\u017delel sem samo povedati, da sem bil zelo zadovoljen s storitvijo, ki jo je Simpsons opravil pri v\u010deraj\u0161nji dostavi mojih zakladov! Celoten premik mojih stvari od <a href=\"https:\/\/moverdb.com\/sl\/moving-to-canada\/\" data-internallinksmanager029f6b8e52c=\"265\" title=\"Selitev v Kanado? 2023 \u017divljenjski stro\u0161ki in nasveti za selitev\">Kanada<\/a> v Zdru\u017eenem kraljestvu je bil odli\u010den.\"<\/em> - Jane prek<a href=\"http:\/\/www.simpsons-uk.com\/testimonials\" target=\"_blank\" rel=\"noopener\"> Pri\u010devanje Simpsonovih<\/a><\/li>\n<li> <em>\"Po izgubi re\u017ee pri prvotnem podjetju za selitve smo iskali drugo podjetje. Simpsonovi so bili najbolj pozorni in so poslali lastnika, da si ogleda <a href=\"https:\/\/moverdb.com\/sl\/moving-to-the-united-states\/\" data-internallinksmanager029f6b8e52c=\"94\" title=\"Selitev v Zdru\u017eene dr\u017eave Amerike? 2022 \u017divljenjski stro\u0161ki in nasveti za selitev\">nas<\/a> in dolo\u010dite ceno dela.\"<\/em> - Dan prek <a href=\"http:\/\/www.removalreviews.co.uk\/movingreviews\/surprisingly-good-2361\" target=\"_blank\" rel=\"noopener\">Mnenja o odstranjevanju<\/a><\/li>\n<li> <em>\"Zelo strokovno in zelo prijazno osebje, ki pomaga.\"<\/em> - Eros prek <a href=\"https:\/\/www.reallymoving.com\/international-removals\/directory\/216\/simpsons-removals-limited\" target=\"_blank\" rel=\"noopener\">ReallyMoving.com<\/a><\/li>\n<li> <em>\"S celotnim postopkom sem bil zelo zadovoljen. Osebje je bilo prijazno in ustre\u017eljivo, ves \u010das pa sem bil dobro obve\u0161\u010den o stanju moje po\u0161iljke.\"<\/em> - K Pryce prek <a href=\"http:\/\/www.reviewcentre.com\/Removal-Companies\/Simpsons-Removals-and-Storage-Ltd-www-simpsons-uk-com-review_2646331\" target=\"_blank\" rel=\"noopener\">Center za pregledovanje<\/a> <\/li>\n<\/ul>\n<p><strong>Negativno:<\/strong><\/p>\n<ul>\n<li> \"<em>Nikoli, ponavljam NIKOLI, ne uporabljajte Simpsonsovih odstranitev.\"<\/em> - Ruth prek <a href=\"http:\/\/www.removalreviews.co.uk\/movingreviews\/poor-delivery-men-and-customer-service-2658\" target=\"_blank\" rel=\"noopener\">Mnenja o odstranjevanju<\/a> <\/li>\n<li> \"<em>Podjetje ni opravilo odstranitve in je naro\u010dilo preneslo na drugo podjetje.\"<\/em> - Mistral prek <a href=\"https:\/\/www.reallymoving.com\/international-removals\/directory\/216\/simpsons-removals-limited\" target=\"_blank\" rel=\"noopener\">ReallyMoving.com<\/a> <\/li>\n<li> <em>\"To podjetje je sramota.\"<\/em> - prek <a href=\"http:\/\/www.reviewcentre.com\/Removal-Companies\/Simpsons-Removals-and-Storage-Ltd-www-simpsons-uk-com-review_4006517\" target=\"_blank\" rel=\"noopener\">Center za pregledovanje<\/a> <\/li>\n<\/ul>\n<div itemprop=\"review\" itemscope itemtype=\"http:\/\/schema.org\/Review\">\n<span itemprop=\"author\" itemscope=\"\" itemtype=\"http:\/\/schema.org\/Organization\"><span itemprop=\"name\">MoverDB.com<\/span><\/span> Spletni pregled spletnega mesta za <span itemprop=\"itemreviewed\" itemscope=\"\" itemtype=\"http:\/\/schema.org\/Brand\"><span itemprop=\"name\">Simpsons Removals and Storage<\/span><\/span>:<\/p>\n<ol>\n<li> Jasni kontaktni podatki na spletnem mestu (vklju\u010dno s telefonsko \u0161tevilko): <strong>Da<\/strong><\/li>\n<li> Enostavno pridobivanje <a href=\"https:\/\/moverdb.com\/sl\/citati\/\">mednarodne selitve<\/a>? (Spletni obrazec za zahtevek za oceno): <strong>Da<\/strong><\/li>\n<li> Jasne informacije na spletnem mestu: <strong>Da<\/strong>, kontaktne informacije in osnovni vodniki na spletu.<\/li>\n<li> \u010clanstvo v mednarodno priznanih organizacijah, ki se ukvarjajo z gibanjem: <strong>Da<\/strong>, glej zgoraj.<\/li>\n<li> Seznam strank in\/ali pri\u010devanja prej\u0161njih strank: <strong>Da<\/strong>, na spletni strani so pozitivna mnenja strank.<\/li>\n<\/ol>\n<div itemprop=\"reviewRating\" itemscope itemtype=\"http:\/\/schema.org\/Rating\"><meta itemprop=\"worstRating\" content = \"0\" \/><meta itemprop=\"bestRating\" content=\"5\" \/><meta itemprop=\"ratingValue\" content=\"4.5\"><\/div>\n<p><strong>Skupna ocena: 4,5\/5<\/strong><br \/>\n<strong>Datum pregleda:<\/strong> <span itemprop=\"datePublished\" content=\"2016-08-29\">29\/08\/2016<\/span>\n<\/div>\n<p>Ve\u010d o <a href=\"https:\/\/moverdb.com\/sl\/mednarodne-selitve\/\">mednarodne selitve<\/a> in na\u0161e <a href=\"https:\/\/moverdb.com\/sl\/pregledi\/\">postopek pregleda<\/a>.<\/p>\n<p><strong>Spletna stran:<\/strong> <a href=\"http:\/\/www.simpsons-uk.com\/\" target=\"_blank\" rel=\"noopener\">http:\/\/www.simpsons-uk.com<\/a><\/p>","protected":false},"excerpt":{"rendered":"<p>Simpsons Removals and Storage Ltd is based in Kent and offers its customers a range of international removals services which are listed below. There also follows a company profile and reviews. International Removals Door to door or airport at destination Full service, fragile items or do-it-yourself packing Packing materials can be provided Air freight or [&hellip;]<\/p>\n","protected":false},"author":1,"featured_media":0,"parent":0,"menu_order":0,"comment_status":"closed","ping_status":"closed","template":"","meta":{"_genesis_hide_title":false,"_genesis_hide_breadcrumbs":false,"_genesis_hide_singular_image":false,"_genesis_hide_footer_widgets":false,"_genesis_custom_body_class":"","_genesis_custom_post_class":"","_genesis_layout":"","footnotes":""},"class_list":{"0":"post-921","1":"page","2":"type-page","3":"status-publish","5":"entry"},"_links":{"self":[{"href":"https:\/\/moverdb.com\/sl\/wp-json\/wp\/v2\/pages\/921","targetHints":{"allow":["GET"]}}],"collection":[{"href":"https:\/\/moverdb.com\/sl\/wp-json\/wp\/v2\/pages"}],"about":[{"href":"https:\/\/moverdb.com\/sl\/wp-json\/wp\/v2\/types\/page"}],"author":[{"embeddable":true,"href":"https:\/\/moverdb.com\/sl\/wp-json\/wp\/v2\/users\/1"}],"replies":[{"embeddable":true,"href":"https:\/\/moverdb.com\/sl\/wp-json\/wp\/v2\/comments?post=921"}],"version-history":[{"count":5,"href":"https:\/\/moverdb.com\/sl\/wp-json\/wp\/v2\/pages\/921\/revisions"}],"predecessor-version":[{"id":6238,"href":"https:\/\/moverdb.com\/sl\/wp-json\/wp\/v2\/pages\/921\/revisions\/6238"}],"wp:attachment":[{"href":"https:\/\/moverdb.com\/sl\/wp-json\/wp\/v2\/media?parent=921"}],"curies":[{"name":"wp","href":"https:\/\/api.w.org\/{rel}","templated":true}]}}