{"id":908,"date":"2016-10-12T05:28:52","date_gmt":"2016-10-12T05:28:52","guid":{"rendered":"http:\/\/moverdb.com\/?page_id=908"},"modified":"2026-01-08T14:47:34","modified_gmt":"2026-01-08T14:47:34","slug":"arpin-international","status":"publish","type":"page","link":"https:\/\/moverdb.com\/sl\/arpin-international\/","title":{"rendered":"Arpin International: Mnenja o selitvah in preselitvah"},"content":{"rendered":"<p>Arpin International je globalna <a href=\"https:\/\/moverdb.com\/sl\/international-removals\/\" data-internallinksmanager029f6b8e52c=\"27\" title=\"36 najbolj\u0161ih podjetij za mednarodne selitve v Zdru\u017eenem kraljestvu\">podjetje za selitve<\/a> in s \u0161tevilnimi storitvami, ki so na\u0161tete spodaj. Preberite tudi njihov profil podjetja in preglede. Upo\u0161tevajte, da je to mednarodna podru\u017enica podjetja American <a href=\"https:\/\/moverdb.com\/sl\/moving-companies\/\" data-internallinksmanager029f6b8e52c=\"79\" title=\"Top 25 Mednarodne selitve podjetja Online\">selitev podjetja<\/a> <a href=\"https:\/\/moverdb.com\/sl\/arpin-van-lines\/\">Arpin Van Lines<\/a>.<\/p>\n<p><strong>Mednarodni premiki<\/strong><\/p>\n<ul>\n<li> Storitev od vrat do vrat<\/li>\n<li> Pakiranje in razpakiranje<\/li>\n<li> Poseben koordinator za mednarodne selitve (IMC)<\/li>\n<li> IMC je vedno na voljo po telefonu, faksu ali elektronski po\u0161ti.<\/li>\n<li> IMC so vsi <a href=\"https:\/\/moverdb.com\/sl\/fidi-faim\/\" data-internallinksmanager029f6b8e52c=\"16\" title=\"Pojasnila o FIDI in FAIM (FIDI Accredited International Mover)\">FIDI<\/a> usposobljeni<\/li>\n<li> ArpinTRAC strankam omogo\u010da sledenje po\u0161iljkam 24 ur na dan, 7 dni v tednu.<\/li>\n<li> selitve podjetij, zasebnih, vladnih in voja\u0161kih podjetij<\/li>\n<li> Carinjenje<\/li>\n<li> Premestitev hi\u0161nih ljubljen\u010dkov<\/li>\n<li> Prevoz avtomobilov<\/li>\n<li> Pomo\u010d pri iskanju hi\u0161e<\/li>\n<li> Pomo\u010d \u0161olam<\/li>\n<li> Pomo\u010d pri zdravstveni oskrbi<\/li>\n<\/ul>\n<p><strong>Shranjevanje<\/strong><\/p>\n<ul>\n<li> Dolgoro\u010dno ali kratkoro\u010dno skladi\u0161\u010denje po vsem svetu<\/li>\n<li> Nadzor CCTV<\/li>\n<\/ul>\n<h2>Profil podjetja Arpin International<\/h2>\n<p>Dru\u017eba Arpin International je del skupine Arpin International Group, ki je za\u010dela delovati leta 1900. Dana\u0161nji izvr\u0161ni podpredsednik Peter Arpin je \u017ee \u010detrta generacija, ki vodi to podjetje. Dru\u017eba Arpin International je bila ustanovljena leta 1989, njen sede\u017e pa je v <a href=\"https:\/\/moverdb.com\/sl\/moving-to-the-united-states\/moving-to-rhode-island\/\" data-internallinksmanager029f6b8e52c=\"450\" title=\"Selitev na Rhode Island? 2024 \u017divljenjski stro\u0161ki in nasveti za selitev\">Rhode Island<\/a>, <a href=\"https:\/\/moverdb.com\/sl\/moving-to-the-united-states\/\" data-internallinksmanager029f6b8e52c=\"94\" title=\"Selitev v Zdru\u017eene dr\u017eave Amerike? 2022 \u017divljenjski stro\u0161ki in nasveti za selitev\">ZDA<\/a>. <\/p>\n<p>Podjetje ima 385 zastopnikov v ZDA ter pisarne v regiji EMEA in APAC. Vi\u0161je vodstvo podjetja ima ve\u010d kot 25 let izku\u0161enj na podro\u010dju selitev ljudi po vsem svetu.<\/p>\n<p>Vizija dru\u017ebe Arpin International je svojim strankam zagotoviti najbolj\u0161o kombinacijo storitev in cene. \u0160tevilni zaposleni so bili v dolo\u010denem obdobju svojega \u017eivljenja izseljenci, zato razumejo izzive, s katerimi se soo\u010dajo dru\u017eine, ko se preselijo v drugo dr\u017eavo. <\/p>\n<p>Zaposleni v podjetju Arpin International se trudijo, da bi bila selitev \u010dim manj bole\u010da, saj poskrbijo za majhne in velike te\u017eave, ki se lahko pojavijo.<\/p>\n<p>Dru\u017eba je ustanovila odbor za trajnostni razvoj, da bi \"zgradila bolj zeleno prihodnost\" za prihodnje generacije. Svojim lokalnim skupnostim, industriji in svetu \u017eelijo vrniti veliko ve\u010d, kot so vzeli.<\/p>\n<p>Dru\u017eba Arpin International ima naslednje akreditacije in povezave:<\/p>\n<ul>\n<li> <a href=\"https:\/\/moverdb.com\/sl\/fidi-faim\/\">FIDI<\/a><\/li>\n<li> <a href=\"https:\/\/moverdb.com\/sl\/fidi-faim\/\">FAIM<\/a><\/li>\n<li> <a href=\"https:\/\/moverdb.com\/sl\/britansko-zdruzenje-odstranjevalcev\/\">Britansko zdru\u017eenje za selitve<\/a> (<a href=\"https:\/\/moverdb.com\/sl\/british-association-of-removers\/\" data-internallinksmanager029f6b8e52c=\"9\" title=\"Pojasnila o Britanskem zdru\u017eenju izvajalcev selitev (BAR)\">BAR<\/a>)<\/li>\n<li> <a href=\"https:\/\/moverdb.com\/sl\/iam\/\">Mednarodno zdru\u017eenje Movers<\/a> (IMA)<\/li>\n<li> Carinsko-trgovinsko partnerstvo proti terorizmu<\/li>\n<li> <a href=\"https:\/\/moverdb.com\/sl\/lacma\/\">LACMA<\/a><\/li>\n<li> <a href=\"https:\/\/moverdb.com\/sl\/svet-za-premestitev-zaposlenih\/\">ERC po vsem svetu<\/a><\/li>\n<li> <a href=\"https:\/\/moverdb.com\/sl\/eura\/\">EuRA<\/a><\/li>\n<\/ul>\n<h2>Mnenja dru\u017ebe Arpin International<\/h2>\n<p><em>Medtem ko na spletu ni pregledov za Arpin International, lahko preberete <a href=\"https:\/\/moverdb.com\/sl\/arpin-van-lines\/\">pregledi podjetja Arpin Van Lines tukaj<\/a>.<\/em><\/p>\n<div itemprop=\"review\" itemscope itemtype=\"http:\/\/schema.org\/Review\">\n<span itemprop=\"author\" itemscope=\"\" itemtype=\"http:\/\/schema.org\/Organization\"><span itemprop=\"name\">MoverDB.com<\/span><\/span> Spletni pregled spletnega mesta za <span itemprop=\"itemreviewed\" itemscope=\"\" itemtype=\"http:\/\/schema.org\/Brand\"><span itemprop=\"name\">Dru\u017eba Arpin International<\/span><\/span>:<\/p>\n<ol>\n<li> Jasni kontaktni podatki na spletnem mestu (vklju\u010dno s telefonsko \u0161tevilko): <strong>Da<\/strong><\/li>\n<li> Enostavno pridobivanje <a href=\"https:\/\/moverdb.com\/sl\/citati\/\">mednarodne selitve<\/a>? (Spletni obrazec za zahtevek za oceno): <strong>Ne<\/strong><\/li>\n<li> Jasne informacije na spletnem mestu: <strong>Ne zares<\/strong>, spletna stran je po\u010dasna in vsebuje malo informacij.<\/li>\n<li> \u010clanstvo v mednarodno priznanih organizacijah, ki se ukvarjajo z gibanjem: <strong>Da<\/strong><\/li>\n<li> Seznam strank in\/ali pri\u010devanja prej\u0161njih strank: <strong>Ne,<\/strong> in na spletu nismo na\u0161li nobenih pregledov.<\/li>\n<\/ol>\n<div itemprop=\"reviewRating\" itemscope itemtype=\"http:\/\/schema.org\/Rating\"><meta itemprop=\"worstRating\" content = \"0\" \/><meta itemprop=\"bestRating\" content=\"5\" \/><meta itemprop=\"ratingValue\" content=\"4\"><\/div>\n<p><strong>Skupna ocena: 4\/5<\/strong> - <em>Upo\u0161tevajte, da ta ocena odra\u017ea podjetje Arpin Van Lines, saj je premalo informacij za lo\u010deno oceno podjetja Arpin International. <\/em><br \/>\n<strong>Datum pregleda:<\/strong> <span itemprop=\"datePublished\" content=\"2016-10-12\">12\/10\/16<\/span>\n<\/div>\n<p>Preberite ve\u010d o <a href=\"https:\/\/moverdb.com\/sl\/selitev-podjetja\/\" target=\"_blank\" rel=\"noopener\">mednarodna selitvena podjetja<\/a>, <a href=\"https:\/\/moverdb.com\/sl\/mednarodne-selitve\/\">selitvena podjetja<\/a> in na\u0161e <a href=\"https:\/\/moverdb.com\/sl\/pregledi\/\">postopek pregleda<\/a>.<\/p>\n<p><strong>Spletna stran:<\/strong> <a href=\"http:\/\/www.arpinintl.com\/\" target=\"_blank\" rel=\"noopener\">http:\/\/www.arpinintl.com\/<\/a><\/p>","protected":false},"excerpt":{"rendered":"<p>Arpin International is a global removals company and with many services which are listed below. Also read their company profile and reviews. Please note that it&#8217;s the international branch of American moving company Arpin Van Lines. International Moves Door to door service Packing and unpacking Dedicated International Move Coordinator (IMC) IMC available by telephone, fax [&hellip;]<\/p>\n","protected":false},"author":1,"featured_media":0,"parent":0,"menu_order":0,"comment_status":"closed","ping_status":"closed","template":"","meta":{"_genesis_hide_title":false,"_genesis_hide_breadcrumbs":false,"_genesis_hide_singular_image":false,"_genesis_hide_footer_widgets":false,"_genesis_custom_body_class":"","_genesis_custom_post_class":"","_genesis_layout":"","footnotes":""},"class_list":{"0":"post-908","1":"page","2":"type-page","3":"status-publish","5":"entry"},"_links":{"self":[{"href":"https:\/\/moverdb.com\/sl\/wp-json\/wp\/v2\/pages\/908","targetHints":{"allow":["GET"]}}],"collection":[{"href":"https:\/\/moverdb.com\/sl\/wp-json\/wp\/v2\/pages"}],"about":[{"href":"https:\/\/moverdb.com\/sl\/wp-json\/wp\/v2\/types\/page"}],"author":[{"embeddable":true,"href":"https:\/\/moverdb.com\/sl\/wp-json\/wp\/v2\/users\/1"}],"replies":[{"embeddable":true,"href":"https:\/\/moverdb.com\/sl\/wp-json\/wp\/v2\/comments?post=908"}],"version-history":[{"count":4,"href":"https:\/\/moverdb.com\/sl\/wp-json\/wp\/v2\/pages\/908\/revisions"}],"predecessor-version":[{"id":6175,"href":"https:\/\/moverdb.com\/sl\/wp-json\/wp\/v2\/pages\/908\/revisions\/6175"}],"wp:attachment":[{"href":"https:\/\/moverdb.com\/sl\/wp-json\/wp\/v2\/media?parent=908"}],"curies":[{"name":"wp","href":"https:\/\/api.w.org\/{rel}","templated":true}]}}