{"id":906,"date":"2018-01-30T05:37:29","date_gmt":"2018-01-30T05:37:29","guid":{"rendered":"http:\/\/moverdb.com\/?page_id=906"},"modified":"2026-01-08T14:48:24","modified_gmt":"2026-01-08T14:48:24","slug":"fox-moving","status":"publish","type":"page","link":"https:\/\/moverdb.com\/sl\/fox-moving\/","title":{"rendered":"Fox Moving &amp; Storage: Mednarodni selitveni pregledi"},"content":{"rendered":"<p>Podjetje Fox Moving &amp; Storage ima sede\u017e v Cwmbranu v Walesu. Spodaj najdete seznam njihovih mednarodnih in lokalnih storitev, profil podjetja in ocene.<\/p>\n<p><strong>Mednarodna selitev - podjetja in posamezniki<\/strong><\/p>\n<ul>\n<li> Osebni <a href=\"https:\/\/moverdb.com\/sl\/international-removals\/\" data-internallinksmanager029f6b8e52c=\"27\" title=\"36 najbolj\u0161ih podjetij za mednarodne selitve v Zdru\u017eenem kraljestvu\">mednarodne selitve<\/a> zastopnik<\/li>\n<li> Iz\u010drpna ponudba, \u010dasovni razpored selitve in \u010dasovni okvir<\/li>\n<li> Strokovna ekipa za pakiranje<\/li>\n<li> Zagotavlja carinsko in tro\u0161arinsko dokumentacijo.<\/li>\n<li> Lokalni agenti, ki so vam na voljo za pomo\u010d v namembni dr\u017eavi<\/li>\n<\/ul>\n<p><strong>Selitev v Evropo - podjetja in posamezniki<\/strong><\/p>\n<ul>\n<li> Osebna evropska selitvena ekipa<\/li>\n<li> Iz\u010drpna ponudba in urnik selitve<\/li>\n<li> Strokovna ekipa za pakiranje<\/li>\n<li> Sprejeti so majhni tovori <\/li>\n<li> Dostava v celinsko Evropo po cesti<\/li>\n<li> Dostava na priobalne otoke s trajektom ali morskim zabojnikom<\/li>\n<li> Dostava v Vzhodno Evropo z morskim zabojnikom in\/ali cestnim prevozom<\/li>\n<li> informacije o uvozu in carini, kjer je to primerno.<\/li>\n<\/ul>\n<p><strong>Strokovnjaki za mednarodne in lokalne selitve podjetij in pisarn<\/strong><\/p>\n<ul>\n<li> Vi\u0161ji komercialni predstavnik je dodeljen<\/li>\n<li> Podrobna ponudba in urnik dela<\/li>\n<li> Namenski zaboji za papirje in manj\u0161e predmete<\/li>\n<li> Celotna paleta zabojev (z zape\u010datenim pokrovom in pokrovom), pakirnega materiala, vozi\u010dkov, za\u0161\u010ditnih pokrovov in vozi\u010dkov<\/li>\n<li> V celoti za\u0161\u010ditena oprema IT<\/li>\n<li> Osebje IT je na voljo za razstavljanje in ponovno sestavljanje ra\u010dunalnikov.<\/li>\n<li> Arhiv in skladi\u0161\u010de dokumentov<\/li>\n<li> Demonta\u017ea in ponovna monta\u017ea miz, delovnih postaj in regalov<\/li>\n<li> Celovita svetovna in evropska ladijska storitev ter storitve IT in komunikacije<\/li>\n<\/ul>\n<p><strong>Premikanje znotraj <a href=\"https:\/\/moverdb.com\/sl\/moving-to-the-uk\/\" data-internallinksmanager029f6b8e52c=\"93\" title=\"Selitev v Zdru\u017eeno kraljestvo? 2022 \u017divljenjski stro\u0161ki in nasveti za selitev\">ZDRU\u017dENO KRALJESTVO<\/a><\/strong><\/p>\n<ul>\n<li> Dodelitev osebnega agenta za selitve v Zdru\u017eenem kraljestvu<\/li>\n<li> Podrobna pisna ponudba<\/li>\n<li> Storitev od vrat do vrat<\/li>\n<li> Strokovnjaki za pakiranje<\/li>\n<li> Pakirni materiali so lahko na voljo<\/li>\n<li> Urejeno zavarovanje<\/li>\n<li> Urejeno shranjevanje<\/li>\n<\/ul>\n<p><strong>Re\u0161itve za shranjevanje<\/strong><\/p>\n<ul>\n<li> Poslovne, komercialne in zasebne enote za samopostre\u017eno skladi\u0161\u010denje<\/li>\n<li> Skladi\u0161\u010denje v zabojnikih<\/li>\n<li> Shranjevanje za \u0161tudente<\/li>\n<li> Poslovno skladi\u0161\u010denje<\/li>\n<li> Shranjevanje arhivov<\/li>\n<li> 24-urni nadzor CCTV<\/li>\n<li> Dostop med delovnim \u010dasom<\/li>\n<\/ul>\n<p>Prav tako so <a href=\"https:\/\/moverdb.com\/sl\/atlas-van-lines-international\/\" rel=\"noopener\" target=\"_blank\">Atlas Van Lines<\/a> zastopnik v Zdru\u017eenem kraljestvu.<\/p>\n<h2>Fox Moving &amp; Storage<\/h2>\n<p>Podjetje Fox Moving &amp; Storage je leta 1971 ustanovil Roy Fox. Njegova dru\u017eina se je s selitvami in skladi\u0161\u010denjem ukvarjala \u017ee od dvajsetih let prej\u0161njega stoletja. Od ustanovitve je podjetje zraslo iz majhnega dru\u017einskega podjetja, ki je oskrbovalo ju\u017eni Wales, v podjetje, ki zdaj zadovoljuje potrebe mednarodnih in lokalnih poslovnih in osebnih strank. Podjetje zdaj vodijo sin in dva vnuka Roya Foxa. <\/p>\n<p>Podjetje Fox Moving &amp; Storage se zavezuje, da bo svoje poslovanje izvajalo na na\u010din, ki bo v celoti spo\u0161toval okolje, zaposlene in predvsem stranke. Prav tako se zavezujejo, da bodo zagotavljali varno in u\u010dinkovito delovno okolje, ki ne bo koristilo le njihovim zaposlenim, temve\u010d tudi strankam.<\/p>\n<p>Pripadnosti in akreditacije podjetja Fox Moving:<\/p>\n<ul>\n<li> <a href=\"https:\/\/moverdb.com\/sl\/britansko-zdruzenje-odstranjevalcev\/\">Britansko zdru\u017eenje odstranjevalcev<\/a> (<a href=\"https:\/\/moverdb.com\/sl\/british-association-of-removers\/\" data-internallinksmanager029f6b8e52c=\"9\" title=\"Pojasnila o Britanskem zdru\u017eenju izvajalcev selitev (BAR)\">BAR<\/a>)<\/li>\n<li> In\u0161titut za trgovinske standarde (TSI)<\/li>\n<li> <a href=\"https:\/\/moverdb.com\/sl\/bar-overseas\/\">Skupina britanskega zdru\u017eenja Removers Overseas Group<\/a><\/li>\n<li> <a href=\"https:\/\/moverdb.com\/sl\/fidi-faim\/\">Mednarodna federacija mednarodnih prevoznikov (F\u00e9d\u00e9ration Internationale des D\u00e9m\u00e9nageurs Internationaux)<\/a> (<a href=\"https:\/\/moverdb.com\/sl\/fidi-faim\/\" data-internallinksmanager029f6b8e52c=\"16\" title=\"Pojasnila o FIDI in FAIM (FIDI Accredited International Mover)\">FIDI<\/a>)<\/li>\n<li> <a href=\"https:\/\/moverdb.com\/sl\/fidi-faim\/\">FIDI akreditirani mednarodni selitveni promet<\/a> (FAIM)<\/li>\n<li> Standard zagotovljene kakovosti storitev - Komercialno selitev<\/li>\n<li> Standard zagotovljene kakovosti storitev - Sistemi vodenja kakovosti<\/li>\n<li> Standard zagotovljene kakovosti storitev - Sistemi okoljskega ravnanja<\/li>\n<\/ul>\n<h2>Fox Moving &amp; Storage Mnenja<\/h2>\n<p><strong>Pozitivna<\/strong><\/p>\n<ul>\n<li> <em>\"Prijazna in u\u010dinkovita selitvena ekipa.\"<\/em> - Gospod Hamer prek <a href=\"http:\/\/www.fox-moving.com\/reviews\/\" target=\"_blank\" rel=\"noopener\">Fox Moving pregledi stran<\/a><\/li>\n<li> <em>\"Odli\u010dna, strokovna in vljudna storitev. Nobenih prito\u017eb; vse je potekalo po u\u010dinkovitem na\u010drtu. Lisice niso \"najcenej\u0161e\", vendar dobite tisto, za kar pla\u010date - kakovost!\"<\/em> - Patricia prek <a href=\"http:\/\/ww2.feefo.com\/en-us\/reviews\/fox-moving\/571f3e07498e08d16aafb163\/customer-review-top-notch-service\" target=\"_blank\" rel=\"noopener\">Feefo<\/a><\/li>\n<li> <em>\"Storitev, ki sem jo prejel od podjetja Fox, je bila brez primere - od za\u010detne poizvedbe do zaklju\u010dka. Posebno zahvalo moram izre\u010di tudi mojim selitvenim delavcem na dan selitve.\"<\/em> - Beverley prek <a href=\"http:\/\/trustedtraders.which.co.uk\/businesses\/fox-moving-storage-cwmbran\/\" target=\"_blank\" rel=\"noopener\">Zaupanja vredni trgovci<\/a><\/li>\n<li> <em>\"V zadnjih letih smo se \u0161estkrat preselili v drugo dr\u017eavo. Nazadnje sva se preselila z Dunaja na <a href=\"https:\/\/moverdb.com\/sl\/moving-to-london\/\">London<\/a> in to je bila najbolj\u0161a selitev, kar smo jih do\u017eiveli, in podjetju Fox se ne moremo dovolj zahvaliti.\"<\/em> - Sarah prek Facebooka.<\/li>\n<\/ul>\n<p><strong>Negativni<\/strong><\/p>\n<ul>\n<li> <em>\"Z \u017eeno sva bila \u0161okirana, kako slaba je bila storitev, ki sva jo prejela. Posadka je bila malomarna z na\u0161imi stvarmi in ni storila ni\u010desar, da bi nas za\u0161\u010ditila pred groznim vremenom v zadevnih dneh.\"<\/em> - Anthony prek  <a href=\"http:\/\/ww2.feefo.com\/en-us\/reviews\/fox-moving\/571f3e07498e08d16aafb1a9\/customer-review-a-shockingly-bad-service\" target=\"_blank\" rel=\"noopener\">Feefo<\/a><\/li>\n<li> <em>\"Veliko \u0161kode, ki so jo na blagu povzro\u010dili odstranjevalci. Premalo previdnosti. Predmeti so ostali povsod, tudi zunaj.\"<\/em> - Paul prek <a href=\"http:\/\/trustedtraders.which.co.uk\/businesses\/fox-moving-storage-cwmbran\/\" target=\"_blank\" rel=\"noopener\">Zaupanja vredni trgovci<\/a><\/li>\n<li> <em>\"\u0160okantno podjetje. Selitveni mo\u017eje so se ves dan prepirali, se prepirali in preklinjali drug drugega, zaradi \u010desar je bila \u017ee tako stresna selitev no\u010dna mora.\"<\/em> - Mike prek <a href=\"https:\/\/www.yell.com\/biz\/fox-moving-and-storage-ltd-cwmbran-6113370\/\" target=\"_blank\" rel=\"noopener\">Jok<\/a><\/li>\n<\/ul>\n<div itemprop=\"review\" itemscope itemtype=\"http:\/\/schema.org\/Review\">\n<span itemprop=\"author\" itemscope=\"\" itemtype=\"http:\/\/schema.org\/Organization\"><span itemprop=\"name\">MoverDB.com<\/span><\/span> Spletni pregled spletnega mesta za <span itemprop=\"itemreviewed\" itemscope=\"\" itemtype=\"http:\/\/schema.org\/Brand\"><span itemprop=\"name\">Fox Moving &amp; Storage<\/span><\/span>:<\/p>\n<ol>\n<li> Jasni kontaktni podatki na spletnem mestu (vklju\u010dno s telefonsko \u0161tevilko): <strong>Da<\/strong><\/li>\n<li> Enostavno pridobivanje <a href=\"https:\/\/moverdb.com\/sl\/citati\/\">mednarodne selitve<\/a>? (Spletni obrazec za zahtevek za oceno): <strong>Da<\/strong><\/li>\n<li> Jasne informacije na spletnem mestu: <strong>Da<\/strong>, Spletna stran je polna koristnih informacij in ima informativni blog.<\/li>\n<li> \u010clanstvo v mednarodno priznanih organizacijah, ki se ukvarjajo z gibanjem: <strong>Da<\/strong>, glej zgoraj<\/li>\n<li> Seznam strank in\/ali pri\u010devanja prej\u0161njih strank: <strong>Da<\/strong>, Na spletni strani je stran, ki je posve\u010dena pri\u010devanjem strank, in pregledi z vsega spleta so na splo\u0161no zelo pozitivni, le nekaj negativnih pregledov.<\/li>\n<\/ol>\n<div itemprop=\"reviewRating\" itemscope itemtype=\"http:\/\/schema.org\/Rating\"><meta itemprop=\"worstRating\" content = \"0\" \/><meta itemprop=\"bestRating\" content=\"5\" \/><meta itemprop=\"ratingValue\" content=\"5\"><\/div>\n<p><strong>Skupna ocena: 5\/5<\/strong><br \/>\n<strong>Datum pregleda:<\/strong> <span itemprop=\"datePublished\" content=\"2018-01-30\">30\/01\/18<\/span>\n<\/div>\n<p>Preberite ve\u010d o <a href=\"https:\/\/moverdb.com\/sl\/mednarodne-selitve\/\">mednarodne selitve<\/a> in na\u0161e <a href=\"https:\/\/moverdb.com\/sl\/pregledi\/\">postopek pregleda<\/a>.<\/p>\n<p><strong>Spletna stran:<\/strong> <a href=\"http:\/\/www.fox-moving.com\/\" target=\"_blank\" rel=\"noopener\">http:\/\/www.fox-moving.com\/<\/a><\/p>","protected":false},"excerpt":{"rendered":"<p>Fox Moving &#038; Storage is based in Cwmbran, Wales. Below you will find a list of their services both internationally and locally, together with a company profile and reviews. Moving Internationally &#8211; Corporate and Individual Personal international removals agent Comprehensive quotation, moving schedule and timescale Expert packing team Provides customs and excise documentation Local agents [&hellip;]<\/p>\n","protected":false},"author":1,"featured_media":0,"parent":0,"menu_order":0,"comment_status":"closed","ping_status":"closed","template":"","meta":{"_genesis_hide_title":false,"_genesis_hide_breadcrumbs":false,"_genesis_hide_singular_image":false,"_genesis_hide_footer_widgets":false,"_genesis_custom_body_class":"","_genesis_custom_post_class":"","_genesis_layout":"","footnotes":""},"class_list":{"0":"post-906","1":"page","2":"type-page","3":"status-publish","5":"entry"},"_links":{"self":[{"href":"https:\/\/moverdb.com\/sl\/wp-json\/wp\/v2\/pages\/906","targetHints":{"allow":["GET"]}}],"collection":[{"href":"https:\/\/moverdb.com\/sl\/wp-json\/wp\/v2\/pages"}],"about":[{"href":"https:\/\/moverdb.com\/sl\/wp-json\/wp\/v2\/types\/page"}],"author":[{"embeddable":true,"href":"https:\/\/moverdb.com\/sl\/wp-json\/wp\/v2\/users\/1"}],"replies":[{"embeddable":true,"href":"https:\/\/moverdb.com\/sl\/wp-json\/wp\/v2\/comments?post=906"}],"version-history":[{"count":9,"href":"https:\/\/moverdb.com\/sl\/wp-json\/wp\/v2\/pages\/906\/revisions"}],"predecessor-version":[{"id":6211,"href":"https:\/\/moverdb.com\/sl\/wp-json\/wp\/v2\/pages\/906\/revisions\/6211"}],"wp:attachment":[{"href":"https:\/\/moverdb.com\/sl\/wp-json\/wp\/v2\/media?parent=906"}],"curies":[{"name":"wp","href":"https:\/\/api.w.org\/{rel}","templated":true}]}}