{"id":895,"date":"2016-10-11T05:16:54","date_gmt":"2016-10-11T05:16:54","guid":{"rendered":"http:\/\/moverdb.com\/?page_id=895"},"modified":"2026-01-08T14:48:03","modified_gmt":"2026-01-08T14:48:03","slug":"constantine-moving","status":"publish","type":"page","link":"https:\/\/moverdb.com\/sl\/constantine-moving\/","title":{"rendered":"Constantine Moving: Mnenja o mednarodnih selitvah"},"content":{"rendered":"<p>V nadaljevanju so navedene storitve podjetja Constantine Moving, ki jim sledijo profil podjetja in pregledi.<\/p>\n<p><strong>Mednarodni dom Premikanje<\/strong><\/p>\n<ul>\n<li> Imenovanje pred selitvijo<\/li>\n<li> Brezpla\u010dna ponudba, na\u010drt selitve in \u010dasovni razpored<\/li>\n<li> Visoko izku\u0161ena, strokovno usposobljena ekipa za pakiranje<\/li>\n<li> Na voljo je skladi\u0161\u010denje<\/li>\n<li> Pomorska po\u0161iljka<\/li>\n<li> Po\u0161iljka po zraku<\/li>\n<li> Cestni prevoz<\/li>\n<li> Carinjenje<\/li>\n<li> Dostava v nov dom<\/li>\n<li> Razpakiranje in ponovno sestavljanje pohi\u0161tva<\/li>\n<li> Odstranitev vse embala\u017ee za recikliranje<\/li>\n<\/ul>\n<p><strong>Fine Art Moving<\/strong><\/p>\n<ul>\n<li> Oblikovanje in oblikovanje ohi\u0161ij iz blaga za predmete poljubne velikosti<\/li>\n<li> Poseben koordinator projekta<\/li>\n<li> Specializirani materiali za pakiranje<\/li>\n<li> Strokovno usposobljeni in izku\u0161eni tehniki za pakiranje<\/li>\n<li> Prevozi po cesti, zraku ali morju<\/li>\n<li> namestite vse od majhnih, ob\u010dutljivih predmetov do velikih muzejskih eksponatov.<\/li>\n<li> Tehniki nosijo opremo za rokovanje, kot so odri, lestve itd.<\/li>\n<li> Skladi\u0161\u010denje v okolju z nadzorovano vlago in 24-urnim nadzorom.<\/li>\n<li> Muzejske dekantacije<\/li>\n<li> Postavitve v galeriji<\/li>\n<li> Selitve celotne zbirke<\/li>\n<\/ul>\n<p><strong>Shranjevanje<\/strong><\/p>\n<ul>\n<li> Skladi\u0161\u010da, za\u0161\u010ditena z obse\u017enimi varnostnimi ukrepi<\/li>\n<li> Okolje z nadzorovano vlago za za\u0161\u010dito shranjenih zakladov<\/li>\n<\/ul>\n<p><strong>Pomo\u017ene storitve<\/strong><\/p>\n<ul>\n<li> <a href=\"https:\/\/moverdb.com\/sl\/car-transport-shipping\/\" data-internallinksmanager029f6b8e52c=\"2\" title=\"2026 Kvote za mednarodni prevoz avtomobilov in prevoz vozil\">Dostava avtomobilov<\/a> &amp; shranjevanje<\/li>\n<li> Prevoz hi\u0161nih ljubljen\u010dkov<\/li>\n<li> Rokodelci (razstavljanje in ponovno sestavljanje specializiranega pohi\u0161tva, opreme itd.)<\/li>\n<li> Vise\u010da slika \/ namestitev umetnine<\/li>\n<li> Posebno pakiranje (za krhke predmete ali predmete visoke vrednosti)<\/li>\n<li> \u010ci\u0161\u010denje hi\u0161<\/li>\n<li> Uslu\u017ebe hi\u0161nih pomo\u010dnic (pranje, pospravljanje <a href=\"https:\/\/moverdb.com\/sl\/moving-to-china\/\" data-internallinksmanager029f6b8e52c=\"357\" title=\"Selitev na Kitajsko? 2023 \u017divljenjski stro\u0161ki in nasveti za selitev\">Kitajska<\/a>, steklena posoda, obla\u010dila itd.)<\/li>\n<li> Elektri\u010dar ali in\u0161talater<\/li>\n<li> Odklop in ponovna namestitev satelitske televizijske antene<\/li>\n<li> Specialisti\u010dna \"varna\" odstranitev<\/li>\n<li> Odstranitev in ponovna namestitev okenskih in vratnih okvirjev<\/li>\n<li> Zunanje dvigalo (specializirano dvigalo) za dostop do rezidence skozi zgornja nadstropja<\/li>\n<li> Najem pohi\u0161tva<\/li>\n<li> Restavriranje in popravilo pohi\u0161tva<\/li>\n<\/ul>\n<h2>Constantine Moving Company Profil<\/h2>\n<p>Skupina podjetij Constantine se je za\u010dela sredi 19. stoletja, ko so Joseph Constantine in drugi dru\u017einski \u010dlani kupili podjetje, ki je imelo v lasti jadrnice. Do takrat, ko je para zamenjala jadra, se je skupina Constantine raz\u0161irila do te mere, da je bila eden najve\u010djih lastnikov ladij v <a href=\"https:\/\/moverdb.com\/sl\/moving-to-the-uk\/\" data-internallinksmanager029f6b8e52c=\"93\" title=\"Selitev v Zdru\u017eeno kraljestvo? 2022 \u017divljenjski stro\u0161ki in nasveti za selitev\">ZDRU\u017dENO KRALJESTVO<\/a>.<\/p>\n<p>Prva in druga svetovna vojna sta \u017eal vzeli njihove ladje, zato se je skupina odlo\u010dila za potovanja, <a href=\"https:\/\/moverdb.com\/sl\/spediter\/\">\u0161pedicija<\/a> in nalo\u017ebe v nepremi\u010dnine. Danes se Constantine Moving osredoto\u010da na selitve ljudi in umetnin po vsem svetu. Ponosno imajo kraljevski nalog za imenovanje, ki je priznanje za njihove storitve kraljici Elizabeti II.<\/p>\n<p>Pripadnosti in akreditacije Constantine Moving:<\/p>\n<ul>\n<li> <a href=\"https:\/\/moverdb.com\/sl\/britansko-zdruzenje-odstranjevalcev\/\">Britansko zdru\u017eenje odstranjevalcev<\/a> (<a href=\"https:\/\/moverdb.com\/sl\/british-association-of-removers\/\" data-internallinksmanager029f6b8e52c=\"9\" title=\"Pojasnila o Britanskem zdru\u017eenju izvajalcev selitev (BAR)\">BAR<\/a>)<\/li>\n<li> <a href=\"https:\/\/moverdb.com\/sl\/fidi-faim\/\">FIDI<\/a><\/li>\n<li> <a href=\"https:\/\/moverdb.com\/sl\/fidi-faim\/\">FAIM<\/a><\/li>\n<li> In\u0161titut za trgovinske standarde (TSI)<\/li>\n<li> <a href=\"https:\/\/moverdb.com\/sl\/iam\/\">Mednarodno zdru\u017eenje movers<\/a> (<a href=\"https:\/\/moverdb.com\/sl\/iam\/\" data-internallinksmanager029f6b8e52c=\"23\" title=\"Pojasnila o Mednarodnem zdru\u017eenju gibalcev (IAM)\">IAM<\/a>)<\/li>\n<li> Mednarodno sre\u010danje prevoznikov umetnin (ARTIM)<\/li>\n<li> Po imenovanju njenega veli\u010danstva kraljice<\/li>\n<\/ul>\n<h2>Constantine Moving Reviews<\/h2>\n<p><em>Trenutno ni pozitivnih ali negativnih ocen za Constantine Moving na spletu.<\/em><\/p>\n<div itemprop=\"review\" itemscope itemtype=\"http:\/\/schema.org\/Review\">\n<span itemprop=\"author\" itemscope=\"\" itemtype=\"http:\/\/schema.org\/Organization\"><span itemprop=\"name\">MoverDB.com<\/span><\/span> Spletni pregled spletnega mesta za <span itemprop=\"itemreviewed\" itemscope=\"\" itemtype=\"http:\/\/schema.org\/Brand\"><span itemprop=\"name\">Constantine Moving<\/span><\/span>:<\/p>\n<ol>\n<li> Jasni kontaktni podatki na spletnem mestu (vklju\u010dno s telefonsko \u0161tevilko): <strong>Da<\/strong><\/li>\n<li> Enostavno pridobivanje <a href=\"https:\/\/moverdb.com\/sl\/citati\/\">mednarodne selitve<\/a>? (Spletni obrazec za zahtevek za oceno): <strong>Ne<\/strong><\/li>\n<li> Jasne informacije na spletnem mestu: <strong>Nekateri,<\/strong> Na spletni strani ni veliko podrobnih informacij. Ta je na voljo v fazi na\u010drtovanja.<\/li>\n<li> \u010clanstvo v mednarodno priznanih organizacijah, ki se ukvarjajo z gibanjem: <strong>Da<\/strong>, glej zgoraj.<\/li>\n<li> Seznam strank in\/ali pri\u010devanja prej\u0161njih strank: <strong>Ne<\/strong>, \u010deprav so med njihovimi strankami tudi kraljica Elizabeta II. in kraljeva dru\u017eina.<\/li>\n<\/ol>\n<div itemprop=\"reviewRating\" itemscope itemtype=\"http:\/\/schema.org\/Rating\"><meta itemprop=\"worstRating\" content = \"0\" \/><meta itemprop=\"bestRating\" content=\"5\" \/><meta itemprop=\"ratingValue\" content=\"4\"><\/div>\n<p><strong>Skupna ocena: 4\/5<\/strong><br \/>\n<strong>Datum pregleda:<\/strong> <span itemprop=\"datePublished\" content=\"2016-10-11\">11\/10\/16<\/span>\n<\/div>\n<p>Preberite ve\u010d o <a href=\"https:\/\/moverdb.com\/sl\/mednarodne-selitve\/\">podjetja za mednarodno selitev<\/a> in na\u0161e <a href=\"https:\/\/moverdb.com\/sl\/pregledi\/\">postopek pregleda<\/a>.<\/p>\n<p><strong>Spletna stran:<\/strong> <a href=\"http:\/\/www.constantinemoving.com\/\" target=\"_blank\" rel=\"noopener\">http:\/\/www.constantinemoving.com\/<\/a><\/p>","protected":false},"excerpt":{"rendered":"<p>The services of Constantine Moving are listed below, following by a company profile and reviews. International Home Moving Pre-move appointment Free quote, move plan and timetable Highly experienced professionally trained packing crew Storage available Sea shipment Air shipment Road transportation Customs clearance Delivery to new home Unpacking and reassembling of furniture Removal of all packing [&hellip;]<\/p>\n","protected":false},"author":1,"featured_media":0,"parent":0,"menu_order":0,"comment_status":"closed","ping_status":"closed","template":"","meta":{"_genesis_hide_title":false,"_genesis_hide_breadcrumbs":false,"_genesis_hide_singular_image":false,"_genesis_hide_footer_widgets":false,"_genesis_custom_body_class":"","_genesis_custom_post_class":"","_genesis_layout":"","footnotes":""},"class_list":{"0":"post-895","1":"page","2":"type-page","3":"status-publish","5":"entry"},"_links":{"self":[{"href":"https:\/\/moverdb.com\/sl\/wp-json\/wp\/v2\/pages\/895","targetHints":{"allow":["GET"]}}],"collection":[{"href":"https:\/\/moverdb.com\/sl\/wp-json\/wp\/v2\/pages"}],"about":[{"href":"https:\/\/moverdb.com\/sl\/wp-json\/wp\/v2\/types\/page"}],"author":[{"embeddable":true,"href":"https:\/\/moverdb.com\/sl\/wp-json\/wp\/v2\/users\/1"}],"replies":[{"embeddable":true,"href":"https:\/\/moverdb.com\/sl\/wp-json\/wp\/v2\/comments?post=895"}],"version-history":[{"count":3,"href":"https:\/\/moverdb.com\/sl\/wp-json\/wp\/v2\/pages\/895\/revisions"}],"predecessor-version":[{"id":6195,"href":"https:\/\/moverdb.com\/sl\/wp-json\/wp\/v2\/pages\/895\/revisions\/6195"}],"wp:attachment":[{"href":"https:\/\/moverdb.com\/sl\/wp-json\/wp\/v2\/media?parent=895"}],"curies":[{"name":"wp","href":"https:\/\/api.w.org\/{rel}","templated":true}]}}