{"id":892,"date":"2016-10-03T05:36:50","date_gmt":"2016-10-03T05:36:50","guid":{"rendered":"http:\/\/moverdb.com\/?page_id=892"},"modified":"2026-01-08T14:48:20","modified_gmt":"2026-01-08T14:48:20","slug":"fn-removals","status":"publish","type":"page","link":"https:\/\/moverdb.com\/sl\/fn-removals\/","title":{"rendered":"F&amp;N Worldwide Removals: International Moving Reviews"},"content":{"rendered":"<p>Storitve podjetja F&amp;N Worldwide Removals so navedene spodaj, skupaj s profilom podjetja in pregledi.<\/p>\n<p><strong>Mednarodne in evropske selitve<\/strong><\/p>\n<ul>\n<li> Storitev od vrat do vrat<\/li>\n<li> Strokovno pakiranje<\/li>\n<li> Po potrebi po meri izdelani zaboji<\/li>\n<li> Skladi\u0161\u010denje, \u010de je potrebno<\/li>\n<li> organizirati prevoz po kopnem, morju ali zraku.<\/li>\n<li> Uredite <a href=\"https:\/\/moverdb.com\/sl\/avto-transport-spedicija\/\">po\u0161iljanje vozil<\/a><\/li>\n<li> Razpakiranje ob prihodu na destinacijo<\/li>\n<li> Strokovnjaki, ki so na voljo v <a href=\"https:\/\/moverdb.com\/sl\/moving-to-the-uk\/\" data-internallinksmanager029f6b8e52c=\"93\" title=\"Selitev v Zdru\u017eeno kraljestvo? 2022 \u017divljenjski stro\u0161ki in nasveti za selitev\">ZDRU\u017dENO KRALJESTVO<\/a> in namembna dr\u017eava<\/li>\n<li> Sodelovanje s carinskimi in ladjarskimi podjetji<\/li>\n<li> Organizirano zavarovanje<\/li>\n<li> Organizirajte prevoz z destinacije <a href=\"https:\/\/moverdb.com\/sl\/top-49-container-ports\/\" data-internallinksmanager029f6b8e52c=\"80\" title=\"Top 49 najve\u010djih in najbolj obremenjenih pristani\u0161\u010d za kontejnerje v letu 2025\">pristani\u0161\u010de<\/a><\/li>\n<\/ul>\n<p><strong>Mednarodna selitev podjetij<\/strong><\/p>\n<ul>\n<li> Obisk raziskave za razpravo o logistiki<\/li>\n<li> Storitev od vrat do vrat<\/li>\n<li> Strokovno pakiranje in razpakiranje<\/li>\n<li> <a href=\"https:\/\/moverdb.com\/sl\/car-transport-shipping\/\" data-internallinksmanager029f6b8e52c=\"2\" title=\"2026 Kvote za mednarodni prevoz avtomobilov in prevoz vozil\">Prevoz vozil<\/a><\/li>\n<li> Storitve IT za odstranitev in ponovno vzpostavitev ra\u010dunalni\u0161kih omre\u017eij<\/li>\n<li> organizirajte iskanje \u0161ol in hi\u0161 za zaposlene.<\/li>\n<li> Najem pohi\u0161tva<\/li>\n<li> Dogodki kluba izseljencev<\/li>\n<li> sre\u010danja za kulturno aklimatizacijo<\/li>\n<li> ravnanje s carino in <a href=\"https:\/\/moverdb.com\/sl\/ladjarska-podjetja\/\">ladjarska podjetja<\/a><\/li>\n<li> Urejeno zavarovanje<\/li>\n<li> Prevoz iz namembnega pristani\u0161\u010da<\/li>\n<\/ul>\n<p><strong>Selitve v Zdru\u017eenem kraljestvu<\/strong><\/p>\n<ul>\n<li> 25 sodobnih vozil za premikanje<\/li>\n<li> Storitev od vrat do vrat<\/li>\n<li> Strokovno pakiranje in razpakiranje po potrebi<\/li>\n<li> Na voljo so \u0161katle in pakirni materiali<\/li>\n<li> Skladi\u0161\u010denje, \u010de je potrebno<\/li>\n<li> Ureditev zavarovanja<\/li>\n<\/ul>\n<p><strong>Shranjevanje<\/strong><\/p>\n<ul>\n<li> Samostojno skladi\u0161\u010denje s 24-urnim dostopom in nadzornimi kamerami<\/li>\n<li> Hramba dokumentov in arhivov<\/li>\n<li> Dolgoro\u010dno skladi\u0161\u010denje v zabojnikih<\/li>\n<\/ul>\n<h2>F&amp;N Worldwide Removals Profil podjetja<\/h2>\n<p>Dru\u017eba F&amp;N Worldwide Removals je za\u010dela delovati leta 1980 v Berlinu, kmalu zatem pa se je preselila v Anglijo. Podjetje F&amp;N je sprva preva\u017ealo voja\u0161ko blago in postopoma vstopilo na trg selitev v Zdru\u017eenem kraljestvu. Podjetje se je raz\u0161irilo in vklju\u010dilo zasebne in trgovske selitve v Evropo. Podjetje se je \u0161e naprej razvijalo z uvedbo samopostre\u017enih skladi\u0161\u010d, pisarni\u0161kih selitev in oddelka za uvoz.<\/p>\n<p>Dru\u017eba F&amp;N Worldwide Removals zdaj preva\u017ea ljudi, podjetja in blago po vsem svetu. Podjetje je z izvajanjem \u0161tevilnih zelenih pobud mo\u010dno zavezano okolju. Mo\u010dno verjame v odli\u010dne storitve in zadovoljstvo strank.<\/p>\n<p>F&amp;N Worldwide Removals Pripadnosti in akreditacije:<\/p>\n<ul>\n<li> <a href=\"https:\/\/moverdb.com\/sl\/britansko-zdruzenje-odstranjevalcev\/\">Britansko zdru\u017eenje odstranjevalcev<\/a> (<a href=\"https:\/\/moverdb.com\/sl\/british-association-of-removers\/\" data-internallinksmanager029f6b8e52c=\"9\" title=\"Pojasnila o Britanskem zdru\u017eenju izvajalcev selitev (BAR)\">BAR<\/a>)<\/li>\n<li> <a href=\"https:\/\/moverdb.com\/sl\/fidi-faim\/\">FIDI<\/a><\/li>\n<li> <a href=\"https:\/\/moverdb.com\/sl\/fidi-faim\/\">FAIM<\/a><\/li>\n<li> <a href=\"https:\/\/moverdb.com\/sl\/iam\/\">Mednarodno zdru\u017eenje movers<\/a> (<a href=\"https:\/\/moverdb.com\/sl\/iam\/\" data-internallinksmanager029f6b8e52c=\"23\" title=\"Pojasnila o Mednarodnem zdru\u017eenju gibalcev (IAM)\">IAM<\/a>)<\/li>\n<li> <a href=\"https:\/\/moverdb.com\/sl\/fedemac\/\">Federacija zdru\u017eenja evropskih prevoznikov<\/a> (<a href=\"https:\/\/moverdb.com\/sl\/fedemac\/\" data-internallinksmanager029f6b8e52c=\"15\" title=\"Pojasnila o Zvezi evropskih zdru\u017eenj za selitve (FEDEMAC)\">FEDEMAC<\/a>)<\/li>\n<li> Eurovan<\/li>\n<li> In\u0161titut za trgovinske standarde<\/li>\n<li> <a href=\"https:\/\/moverdb.com\/sl\/hgfaa\/\">Zdru\u017eenje ameri\u0161kih \u0161pediterjev za gospodinjsko blago<\/a> (HHGFAA)<\/li>\n<li> Standard zagotovljene kakovosti storitev - selitev gospodinjskega pohi\u0161tva<\/li>\n<\/ul>\n<p><strong>F&amp;N Worldwide Removals Mnenja<\/strong><\/p>\n<p><strong>Pozitivna<\/strong><\/p>\n<ul>\n<li> <em>\"Rad bi povedal, kak\u0161no vrhunsko delo ste opravili za <a href=\"https:\/\/moverdb.com\/sl\/moving-to-the-united-states\/\" data-internallinksmanager029f6b8e52c=\"94\" title=\"Selitev v Zdru\u017eene dr\u017eave Amerike? 2022 \u017divljenjski stro\u0161ki in nasveti za selitev\">nas<\/a> od za\u010detka do konca. Zahvaljujem se vsem udele\u017eenim...\"<\/em> - Peter Hollingsworth prek <a href=\"http:\/\/www.fnworldwide.com\/testimonials\/\" target=\"_blank\" rel=\"noopener\">stran s pri\u010devanji strank<\/a><\/li>\n<li> <em>\"Iskal sem <a href=\"https:\/\/moverdb.com\/sl\/international-removals\/\" data-internallinksmanager029f6b8e52c=\"27\" title=\"36 najbolj\u0161ih podjetij za mednarodne selitve v Zdru\u017eenem kraljestvu\">podjetje za selitve<\/a> ki ga lahko uporabim za delo, ki se mi obeta, in na\u0161el sem FN Worldwide Logistics Ltd. Njihova spletna stran je odli\u010dna in zagotovo jih bom upo\u0161teval pri svoji prihodnji selitvi. Prav tako sem bil navdu\u0161en nad njihovim hitrim odgovorom na moje elektronsko sporo\u010dilo.\"<\/em> - prek <a href=\"http:\/\/removal-company-reviews.com\/view-removal-company-review.php?c=F+N%20Worldwide%20Logistics%20Ltd&#038;id=532\" target=\"_blank\" rel=\"noopener\">Odstranitev-Company-Reviews.com<\/a><\/li>\n<\/ul>\n<p><strong>Negativni<\/strong><\/p>\n<ul>\n<li> <em>\"Dru\u017eba F&amp;N je od mene prevzela pla\u010dilo za mednarodno selitev iz Zdru\u017eenega kraljestva v <a href=\"https:\/\/moverdb.com\/sl\/moving-to-bermuda\/\" data-internallinksmanager029f6b8e52c=\"421\" title=\"Selitev na Bermude? 2023 \u017divljenjski stro\u0161ki in nasveti za selitev\">Bermudi<\/a>. Podjetje, v katerem delam, je nehote tudi pla\u010dalo. Podjetje F&amp;N je ve\u010dkrat priznalo krivdo in vedno znova obljubljalo, da bo denar vrnilo. Tega niso storili.\"<\/em> - prek <a href=\"http:\/\/removal-company-reviews.com\/view-removal-company-review.php?c=F+N%20Worldwide%20Logistics%20Ltd&#038;id=532\" target=\"_blank\" rel=\"noopener\">Odstranitev-Company-Reviews.com<\/a>\n<\/ul>\n<div itemprop=\"review\" itemscope itemtype=\"http:\/\/schema.org\/Review\">\n<span itemprop=\"author\" itemscope=\"\" itemtype=\"http:\/\/schema.org\/Organization\"><span itemprop=\"name\">MoverDB.com<\/span><\/span> Spletni pregled spletnega mesta za <span itemprop=\"itemreviewed\" itemscope=\"\" itemtype=\"http:\/\/schema.org\/Brand\"><span itemprop=\"name\">F&amp;N Worldwide Removals<\/span><\/span>:<\/p>\n<ol>\n<li> Jasni kontaktni podatki na spletnem mestu (vklju\u010dno s telefonsko \u0161tevilko): <strong>Da<\/strong><\/li>\n<li> Enostavno pridobivanje <a href=\"https:\/\/moverdb.com\/sl\/citati\/\">mednarodne selitve<\/a>? (Spletni obrazec za zahtevek za oceno): <strong>Da<\/strong><\/li>\n<li> Jasne informacije na spletnem mestu: <strong>Nekaj<\/strong>, Na spletni strani ni veliko podrobnih informacij.<\/li>\n<li> \u010clanstvo v mednarodno priznanih organizacijah, ki se ukvarjajo z gibanjem: <strong>Da<\/strong>, glej zgoraj<\/li>\n<li> Seznam strank in\/ali pri\u010devanja prej\u0161njih strank: <strong>Nekaj<\/strong> Na spletnem mestu so pri\u010devanja strank, vendar je na spletu le malo pregledov.<\/li>\n<\/ol>\n<div itemprop=\"reviewRating\" itemscope itemtype=\"http:\/\/schema.org\/Rating\"><meta itemprop=\"worstRating\" content = \"0\" \/><meta itemprop=\"bestRating\" content=\"5\" \/><meta itemprop=\"ratingValue\" content=\"4\"><\/div>\n<p><strong>Skupna ocena: 4\/5<\/strong><br \/>\n<strong>Datum pregleda:<\/strong> <span itemprop=\"datePublished\" content=\"2016-10-03\">03\/10\/16<\/span>\n<\/div>\n<p>Preberite ve\u010d o <a href=\"https:\/\/moverdb.com\/sl\/mednarodne-selitve\/\">mednarodne selitve<\/a> in na\u0161e <a href=\"https:\/\/moverdb.com\/sl\/pregledi\/\">postopek pregleda premikanja<\/a>.<\/p>\n<p><strong>Spletna stran:<\/strong> <a href=\"http:\/\/www.fnworldwide.com\" target=\"_blank\" rel=\"noopener\">http:\/\/www.fnworldwide.com<\/a><\/p>","protected":false},"excerpt":{"rendered":"<p>F&#038;N Worldwide Removals services are listed below, together with their company profile and reviews. International and European Removals Door to door service Expert packing Custom made crates if applicable Storage if needed Organise transport by land, sea or air Arrange shipping of vehicles Unpacking on arrival at destination Experts available in the UK and country [&hellip;]<\/p>\n","protected":false},"author":1,"featured_media":0,"parent":0,"menu_order":0,"comment_status":"closed","ping_status":"closed","template":"","meta":{"_genesis_hide_title":false,"_genesis_hide_breadcrumbs":false,"_genesis_hide_singular_image":false,"_genesis_hide_footer_widgets":false,"_genesis_custom_body_class":"","_genesis_custom_post_class":"","_genesis_layout":"","footnotes":""},"class_list":{"0":"post-892","1":"page","2":"type-page","3":"status-publish","5":"entry"},"_links":{"self":[{"href":"https:\/\/moverdb.com\/sl\/wp-json\/wp\/v2\/pages\/892","targetHints":{"allow":["GET"]}}],"collection":[{"href":"https:\/\/moverdb.com\/sl\/wp-json\/wp\/v2\/pages"}],"about":[{"href":"https:\/\/moverdb.com\/sl\/wp-json\/wp\/v2\/types\/page"}],"author":[{"embeddable":true,"href":"https:\/\/moverdb.com\/sl\/wp-json\/wp\/v2\/users\/1"}],"replies":[{"embeddable":true,"href":"https:\/\/moverdb.com\/sl\/wp-json\/wp\/v2\/comments?post=892"}],"version-history":[{"count":5,"href":"https:\/\/moverdb.com\/sl\/wp-json\/wp\/v2\/pages\/892\/revisions"}],"predecessor-version":[{"id":6208,"href":"https:\/\/moverdb.com\/sl\/wp-json\/wp\/v2\/pages\/892\/revisions\/6208"}],"wp:attachment":[{"href":"https:\/\/moverdb.com\/sl\/wp-json\/wp\/v2\/media?parent=892"}],"curies":[{"name":"wp","href":"https:\/\/api.w.org\/{rel}","templated":true}]}}