{"id":8912,"date":"2023-04-27T14:28:23","date_gmt":"2023-04-27T14:28:23","guid":{"rendered":"https:\/\/moverdb.com\/?page_id=8912"},"modified":"2026-01-08T15:29:31","modified_gmt":"2026-01-08T15:29:31","slug":"moving-companies-philippines","status":"publish","type":"page","link":"https:\/\/moverdb.com\/sl\/moving-companies\/moving-companies-philippines\/","title":{"rendered":"7 najbolj\u0161ih mednarodnih selitvenih podjetij na Filipinih"},"content":{"rendered":"<p>\u010ce se selite na dom ali v podjetje znotraj obmo\u010dja, v ali iz njega. <a href=\"https:\/\/moverdb.com\/sl\/moving-to-the-philippines\/\" data-internallinksmanager029f6b8e52c=\"376\" title=\"Selitev na Filipine? 2023 \u017divljenjski stro\u0161ki in nasveti za selitev\">Filipini<\/a>, boste morda potrebovali pomo\u010d, ki bi vam olaj\u0161ala breme. <a href=\"https:\/\/moverdb.com\/sl\/moving-companies\/\" data-internallinksmanager029f6b8e52c=\"79\" title=\"Top 25 Mednarodne selitve podjetja Online\">Selitvena podjetja<\/a> vam lahko pomaga pri pakiranju, organizaciji prevoza in pripravi dokumentacije. V nadaljevanju smo pripravili seznam podjetij s sede\u017eem na Filipinih <a href=\"https:\/\/moverdb.com\/sl\/international-removals\/\" data-internallinksmanager029f6b8e52c=\"27\" title=\"36 najbolj\u0161ih podjetij za mednarodne selitve v Zdru\u017eenem kraljestvu\">podjetja za selitve<\/a> ki so \u010dlani <a href=\"https:\/\/moverdb.com\/sl\/iam\/\" data-internallinksmanager029f6b8e52c=\"23\" title=\"Pojasnila o Mednarodnem zdru\u017eenju gibalcev (IAM)\">Mednarodno zdru\u017eenje movers<\/a> (IAM) in\/ali <a href=\"https:\/\/moverdb.com\/sl\/fidi-faim\/\" data-internallinksmanager029f6b8e52c=\"16\" title=\"Pojasnila o FIDI in FAIM (FIDI Accredited International Mover)\">FIDI<\/a> akreditirani mednarodni selitveni urad (FAIM), ki vam lahko pomaga pri selitvi.<\/p>\n<div id=\"ez-toc-container\" class=\"ez-toc-v2_0_82_2 ez-toc-wrap-left counter-hierarchy ez-toc-counter ez-toc-transparent ez-toc-container-direction\">\n<div class=\"ez-toc-title-container\">\n<p class=\"ez-toc-title\" style=\"cursor:inherit\">Oddelki<\/p>\n<span class=\"ez-toc-title-toggle\"><a href=\"#\" class=\"ez-toc-pull-right ez-toc-btn ez-toc-btn-xs ez-toc-btn-default ez-toc-toggle\" aria-label=\"Toggle Tabela vsebine\"><span class=\"ez-toc-js-icon-con\"><span class=\"\"><span class=\"eztoc-hide\" style=\"display:none;\">Toggle<\/span><span class=\"ez-toc-icon-toggle-span\"><svg style=\"fill: #999;color:#999\" xmlns=\"http:\/\/www.w3.org\/2000\/svg\" class=\"list-377408\" width=\"20px\" height=\"20px\" viewbox=\"0 0 24 24\" fill=\"none\"><path d=\"M6 6H4v2h2V6zm14 0H8v2h12V6zM4 11h2v2H4v-2zm16 0H8v2h12v-2zM4 16h2v2H4v-2zm16 0H8v2h12v-2z\" fill=\"currentColor\"><\/path><\/svg><svg style=\"fill: #999;color:#999\" class=\"arrow-unsorted-368013\" xmlns=\"http:\/\/www.w3.org\/2000\/svg\" width=\"10px\" height=\"10px\" viewbox=\"0 0 24 24\" version=\"1.2\" baseprofile=\"tiny\"><path d=\"M18.2 9.3l-6.2-6.3-6.2 6.3c-.2.2-.3.4-.3.7s.1.5.3.7c.2.2.4.3.7.3h11c.3 0 .5-.1.7-.3.2-.2.3-.5.3-.7s-.1-.5-.3-.7zM5.8 14.7l6.2 6.3 6.2-6.3c.2-.2.3-.5.3-.7s-.1-.5-.3-.7c-.2-.2-.4-.3-.7-.3h-11c-.3 0-.5.1-.7.3-.2.2-.3.5-.3.7s.1.5.3.7z\"\/><\/svg><\/span><\/span><\/span><\/a><\/span><\/div>\n<nav><ul class='ez-toc-list ez-toc-list-level-1 eztoc-toggle-hide-by-default' ><li class='ez-toc-page-1 ez-toc-heading-level-2'><a class=\"ez-toc-link ez-toc-heading-1\" href=\"https:\/\/moverdb.com\/sl\/moving-companies\/moving-companies-philippines\/#1_Asia_Relocation\" >1. Premestitev v Azijo<\/a><\/li><li class='ez-toc-page-1 ez-toc-heading-level-2'><a class=\"ez-toc-link ez-toc-heading-2\" href=\"https:\/\/moverdb.com\/sl\/moving-companies\/moving-companies-philippines\/#2_Consolidated_Strategies_Solutions\" >2. Konsolidirane strategije in re\u0161itve<\/a><\/li><li class='ez-toc-page-1 ez-toc-heading-level-2'><a class=\"ez-toc-link ez-toc-heading-3\" href=\"https:\/\/moverdb.com\/sl\/moving-companies\/moving-companies-philippines\/#3_Dads_Moving_Storage\" >3. O\u010detovo premikanje in skladi\u0161\u010denje<\/a><\/li><li class='ez-toc-page-1 ez-toc-heading-level-2'><a class=\"ez-toc-link ez-toc-heading-4\" href=\"https:\/\/moverdb.com\/sl\/moving-companies\/moving-companies-philippines\/#4_Global_Logistics_Services\" >4. Globalne logisti\u010dne storitve<\/a><\/li><li class='ez-toc-page-1 ez-toc-heading-level-2'><a class=\"ez-toc-link ez-toc-heading-5\" href=\"https:\/\/moverdb.com\/sl\/moving-companies\/moving-companies-philippines\/#5_Goetz_Moving_Storage\" >5. Goetz Moving &amp; Storage<\/a><\/li><li class='ez-toc-page-1 ez-toc-heading-level-2'><a class=\"ez-toc-link ez-toc-heading-6\" href=\"https:\/\/moverdb.com\/sl\/moving-companies\/moving-companies-philippines\/#6_Melcon_Worldwide_Logistics\" >6. Melcon Worldwide Logistics<\/a><\/li><li class='ez-toc-page-1 ez-toc-heading-level-2'><a class=\"ez-toc-link ez-toc-heading-7\" href=\"https:\/\/moverdb.com\/sl\/moving-companies\/moving-companies-philippines\/#7_Santa_Fe_Relocation\" >7. Premestitev Santa Fe<\/a><\/li><li class='ez-toc-page-1 ez-toc-heading-level-2'><a class=\"ez-toc-link ez-toc-heading-8\" href=\"https:\/\/moverdb.com\/sl\/moving-companies\/moving-companies-philippines\/#Other_Useful_Guides_to_the_Philippines\" >Drugi koristni vodniki po Filipinih<\/a><\/li><\/ul><\/nav><\/div>\n<h2><span class=\"ez-toc-section\" id=\"1_Asia_Relocation\"><\/span><strong>1. Premestitev v Azijo<\/strong><span class=\"ez-toc-section-end\"><\/span><\/h2>\n<p><img loading=\"lazy\" decoding=\"async\" class=\"alignnone size-full wp-image-8759\" src=\"https:\/\/moverdb.com\/wp-content\/uploads\/Asia-Relocation-international-moving-company.png\" alt=\"Asia Relocation mednarodna selitev podjetja\" width=\"1440\" height=\"677\" data-wp-pid=\"8759\" srcset=\"https:\/\/moverdb.com\/wp-content\/uploads\/Asia-Relocation-international-moving-company.png 1440w, https:\/\/moverdb.com\/wp-content\/uploads\/Asia-Relocation-international-moving-company-300x141.png 300w, https:\/\/moverdb.com\/wp-content\/uploads\/Asia-Relocation-international-moving-company-1024x481.png 1024w, https:\/\/moverdb.com\/wp-content\/uploads\/Asia-Relocation-international-moving-company-18x8.png 18w, https:\/\/moverdb.com\/wp-content\/uploads\/Asia-Relocation-international-moving-company-600x282.png 600w\" sizes=\"auto, (max-width: 1440px) 100vw, 1440px\" \/><\/p>\n<ul>\n<li>Lokalni premiki<\/li>\n<li>Mednarodne selitve<\/li>\n<li>Selitve gospodinjstev<\/li>\n<li>Selitve pisarn<\/li>\n<li>Storitev pakiranja<\/li>\n<li>Ureditev prevoza<\/li>\n<li>Vizumi in priseljevanje<\/li>\n<li>Prevoz vozil in hi\u0161nih ljubljen\u010dkov<\/li>\n<li>Zavarovanje<\/li>\n<li>Kratkoro\u010dno in dolgoro\u010dno skladi\u0161\u010denje<\/li>\n<\/ul>\n<p>Asia Relocation ponuja upravljane mednarodne re\u0161itve za selitev in ima sede\u017e v mestu Makati. Sodelujejo z dobavitelji in zastopniki, ki ustrezajo njihovim standardom kakovosti in jim pomagajo pri zagotavljanju mednarodnih storitev. Je \u010dlan zdru\u017eenja IAM z 12-letno tradicijo.<\/p>\n<p>Asia Relocation ponuja \u0161tevilne storitve selitve in preselitve, ki vklju\u010dujejo nacionalne in mednarodne selitve ter vizumske in imigracijske storitve, <a href=\"https:\/\/moverdb.com\/sl\/car-transport-shipping\/\" data-internallinksmanager029f6b8e52c=\"2\" title=\"2026 Kvote za mednarodni prevoz avtomobilov in prevoz vozil\">prevoz vozil<\/a>, mo\u017enosti premestitve in shranjevanja hi\u0161nih ljubljen\u010dkov. Zagotovijo vam prilagojen na\u010drt selitve, celovito storitev pakiranja in organizacijo prevoza. Nudijo storitve selitve, vklju\u010dno z iskanjem doma in \u0161ole, za\u010dasno nastanitvijo, orientacijo in najemom vozila.<\/p>\n<p>Spletna stran: <a href=\"https:\/\/asia-relocation.com\/\" target=\"_blank\" rel=\"noopener\">https:\/\/asia-relocation.com\/<\/a><\/p>\n<h2><span class=\"ez-toc-section\" id=\"2_Consolidated_Strategies_Solutions\"><\/span><strong>2. Konsolidirane strategije in re\u0161itve<\/strong><span class=\"ez-toc-section-end\"><\/span><\/h2>\n<p><img loading=\"lazy\" decoding=\"async\" class=\"alignnone size-full wp-image-8778\" src=\"https:\/\/moverdb.com\/wp-content\/uploads\/Consolidated-Strategies-Solutions-international-moving-company.png\" alt=\"Konsolidirane strategije in re\u0161itve mednarodno gibanje podjetje\" width=\"1440\" height=\"679\" data-wp-pid=\"8778\" srcset=\"https:\/\/moverdb.com\/wp-content\/uploads\/Consolidated-Strategies-Solutions-international-moving-company.png 1440w, https:\/\/moverdb.com\/wp-content\/uploads\/Consolidated-Strategies-Solutions-international-moving-company-300x141.png 300w, https:\/\/moverdb.com\/wp-content\/uploads\/Consolidated-Strategies-Solutions-international-moving-company-1024x483.png 1024w, https:\/\/moverdb.com\/wp-content\/uploads\/Consolidated-Strategies-Solutions-international-moving-company-18x8.png 18w, https:\/\/moverdb.com\/wp-content\/uploads\/Consolidated-Strategies-Solutions-international-moving-company-600x283.png 600w\" sizes=\"auto, (max-width: 1440px) 100vw, 1440px\" \/><\/p>\n<ul>\n<li>Lokalni premiki<\/li>\n<li>Mednarodne selitve<\/li>\n<li>Selitve gospodinjstev<\/li>\n<li>Storitve premestitve<\/li>\n<li>Posvetovanja so na voljo<\/li>\n<li>Osebna storitev<\/li>\n<li>Storitev pakiranja<\/li>\n<li>Varno zaprte \u0161katle<\/li>\n<li>Ureditev prevoza<\/li>\n<li>Varna skladi\u0161\u010da<\/li>\n<\/ul>\n<p>Consolidated Strategies &amp; Solutions je podjetje za mednarodno selitev z ve\u010d kot 15-letnimi izku\u0161njami s sede\u017eem v Quezon Cityju. Je \u010dlan zdru\u017eenja IAM, kar mu omogo\u010da dostop do mednarodne mre\u017ee selitvenih agentov, ki mu nudijo podporo pri storitvah po vsem svetu.<\/p>\n<p>Consolidated Strategies &amp; Solutions ponuja lokalne in nacionalne selitve na Filipinih ter mednarodne selitve na Filipine in z njih. Nudijo storitve pakiranja za za\u0161\u010dito va\u0161ih stvari med prevozom in skladi\u0161\u010denjem. Ponujajo varna skladi\u0161\u010da, kjer lahko va\u0161e \u0161katle zape\u010datijo na va\u0161em domu in jih nato prepeljejo v njihova skladi\u0161\u010da.<\/p>\n<p>Spletna stran: <a href=\"http:\/\/www.csandsolutions.com\" target=\"_blank\" rel=\"noopener\">http:\/\/www.csandsolutions.com<\/a><\/p>\n<h2><span class=\"ez-toc-section\" id=\"3_Dads_Moving_Storage\"><\/span><strong>3. O\u010detovo premikanje in skladi\u0161\u010denje<\/strong><span class=\"ez-toc-section-end\"><\/span><\/h2>\n<p><img loading=\"lazy\" decoding=\"async\" class=\"alignnone size-full wp-image-8782\" src=\"https:\/\/moverdb.com\/wp-content\/uploads\/Dads-Moving-Storage-international-moving-company.png\" alt=\"\" width=\"1440\" height=\"683\" data-wp-pid=\"8782\" srcset=\"https:\/\/moverdb.com\/wp-content\/uploads\/Dads-Moving-Storage-international-moving-company.png 1440w, https:\/\/moverdb.com\/wp-content\/uploads\/Dads-Moving-Storage-international-moving-company-300x142.png 300w, https:\/\/moverdb.com\/wp-content\/uploads\/Dads-Moving-Storage-international-moving-company-1024x486.png 1024w, https:\/\/moverdb.com\/wp-content\/uploads\/Dads-Moving-Storage-international-moving-company-18x9.png 18w, https:\/\/moverdb.com\/wp-content\/uploads\/Dads-Moving-Storage-international-moving-company-600x285.png 600w\" sizes=\"auto, (max-width: 1440px) 100vw, 1440px\" \/><\/p>\n<ul>\n<li>Nacionalne poteze<\/li>\n<li>Mednarodne selitve<\/li>\n<li>Selitve gospodinjstev<\/li>\n<li>Premiki organizacije<\/li>\n<li>Vseobsegajo\u010de cene<\/li>\n<li>Storitev pakiranja<\/li>\n<li>Okolju prijazni materiali<\/li>\n<li>Ureditev prevoza<\/li>\n<li>Svetovanje in usmerjanje<\/li>\n<li>Prostori za shranjevanje<\/li>\n<\/ul>\n<p>Dad's Moving &amp; Storage je podjetje za selitev in skladi\u0161\u010denje, ki ga je ustanovilo nekaj izku\u0161enih veteranov in ima sede\u017e v mestu Muntinlupa. Sodeluje s selitvenimi agenti po vsem svetu v 196 dr\u017eavah, ki jim pomagajo pri izvajanju storitev zunaj Filipinov. S \u0161estimi leti delovanja so \u010dlani zdru\u017eenja IAM.<\/p>\n<p>Dad's Moving &amp; Storage ponuja selitvene storitve na Filipinih, v Filipine in iz njih za gospodinjstva in zaposlene v organizacijah, ki se selijo. Pri selitvi vas bodo podpirali in vodili ter vam pomagali pri varnem pakiranju va\u0161ih stvari z uporabo najprimernej\u0161ih materialov in \u0161katel za njihovo za\u0161\u010dito.<\/p>\n<p>Spletna stran: <a href=\"http:\/\/dadsmoving.com\" target=\"_blank\" rel=\"noopener\">http:\/\/dadsmoving.com<\/a><\/p>\n<h2><span class=\"ez-toc-section\" id=\"4_Global_Logistics_Services\"><\/span><strong>4. Globalne logisti\u010dne storitve<\/strong><span class=\"ez-toc-section-end\"><\/span><\/h2>\n<p><img loading=\"lazy\" decoding=\"async\" class=\"alignnone size-full wp-image-8805\" src=\"https:\/\/moverdb.com\/wp-content\/uploads\/Global-Logistics-Services-international-moving-company.png\" alt=\"Global Logistics Services mednarodno gibljejo podjetje\" width=\"1440\" height=\"680\" data-wp-pid=\"8805\" srcset=\"https:\/\/moverdb.com\/wp-content\/uploads\/Global-Logistics-Services-international-moving-company.png 1440w, https:\/\/moverdb.com\/wp-content\/uploads\/Global-Logistics-Services-international-moving-company-300x142.png 300w, https:\/\/moverdb.com\/wp-content\/uploads\/Global-Logistics-Services-international-moving-company-1024x484.png 1024w, https:\/\/moverdb.com\/wp-content\/uploads\/Global-Logistics-Services-international-moving-company-18x9.png 18w, https:\/\/moverdb.com\/wp-content\/uploads\/Global-Logistics-Services-international-moving-company-600x283.png 600w\" sizes=\"auto, (max-width: 1440px) 100vw, 1440px\" \/><\/p>\n<ul>\n<li>Nacionalne poteze<\/li>\n<li>Mednarodne selitve<\/li>\n<li>Selitve stanovanjskih objektov<\/li>\n<li>Selitve pisarn<\/li>\n<li>Storitev pakiranja<\/li>\n<li>Ureditev prevoza<\/li>\n<li>Sledenje po\u0161iljkam<\/li>\n<li>Prevoz vozil<\/li>\n<li>Premestitev hi\u0161nih ljubljen\u010dkov<\/li>\n<li>Storitve shranjevanja<\/li>\n<\/ul>\n<p>Global Logistics Services je mednarodno podjetje za selitev in premestitev, ki je bilo ustanovljeno leta 2013 in ima sede\u017e v Paranaqueu ter pisarne tudi v <a href=\"https:\/\/moverdb.com\/sl\/moving-to-the-united-states\/moving-to-new-york\/\" data-internallinksmanager029f6b8e52c=\"332\" title=\"Selitev v New York (dr\u017eava)? 2023 \u017divljenjski stro\u0161ki in nasveti za selitev\">New York<\/a> in Marshallovi otoki. Imajo \u0161iroko globalno mre\u017eo partnerjev, ki jim pomagajo pri izvajanju mednarodnih storitev. So \u010dlani zdru\u017eenja IAM s 16 leti delovanja.<\/p>\n<p>Globalne logisti\u010dne storitve ponujajo celovito re\u0161itev za selitve, ne glede na to, ali gre za selitev doma ali pisarne. Zagotavljajo storitve pakiranja z uporabo trpe\u017enih \u0161katel za za\u0161\u010dito va\u0161ih stvari in poskrbijo za varen prevoz do cilja. Nudijo specializirane storitve za selitev klavirjev, avtomobilov in hi\u0161nih ljubljen\u010dkov.<\/p>\n<p>Spletna stran: <a href=\"http:\/\/www.a1global-logistics.com\" target=\"_blank\" rel=\"noopener\">http:\/\/www.a1global-logistics.com<\/a><\/p>\n<h2><span class=\"ez-toc-section\" id=\"5_Goetz_Moving_Storage\"><\/span><strong>5. Goetz Moving &amp; Storage<\/strong><span class=\"ez-toc-section-end\"><\/span><\/h2>\n<p><img loading=\"lazy\" decoding=\"async\" class=\"alignnone size-full wp-image-8809\" src=\"https:\/\/moverdb.com\/wp-content\/uploads\/Goetz-Moving-Storage-international-moving-company.png\" alt=\"Goetz Moving &amp; Storage mednarodna selitev podjetje\" width=\"1440\" height=\"680\" data-wp-pid=\"8809\" srcset=\"https:\/\/moverdb.com\/wp-content\/uploads\/Goetz-Moving-Storage-international-moving-company.png 1440w, https:\/\/moverdb.com\/wp-content\/uploads\/Goetz-Moving-Storage-international-moving-company-300x142.png 300w, https:\/\/moverdb.com\/wp-content\/uploads\/Goetz-Moving-Storage-international-moving-company-1024x484.png 1024w, https:\/\/moverdb.com\/wp-content\/uploads\/Goetz-Moving-Storage-international-moving-company-18x9.png 18w, https:\/\/moverdb.com\/wp-content\/uploads\/Goetz-Moving-Storage-international-moving-company-600x283.png 600w\" sizes=\"auto, (max-width: 1440px) 100vw, 1440px\" \/><\/p>\n<ul>\n<li>Lokalni premiki<\/li>\n<li>Mednarodne selitve<\/li>\n<li>Stanovanjske selitve<\/li>\n<li>Selitve pisarn<\/li>\n<li>Storitev od vrat do vrat<\/li>\n<li>Letalski in pomorski tovorni promet<\/li>\n<li>Carinjenje<\/li>\n<li>Vizumi in storitve za priseljevanje<\/li>\n<li>Zavarovanje<\/li>\n<li>Prostori za shranjevanje<\/li>\n<\/ul>\n<p>Podjetje Goetz Moving &amp; Storage, ki ponuja mednarodne selitvene storitve od vrat do vrat, je bilo ustanovljeno leta 1984 in ima sede\u017e v mestu Paranaque. V podporo jim je mre\u017ea lokalnih in mednarodnih selitvenih agentov na strate\u0161kih lokacijah po vsem svetu. Je \u010dlan zdru\u017eenja IAM z 39 leti delovanja.<\/p>\n<p>Goetz Moving &amp; Storage ponuja storitve selitve od vrat do vrat, ki vklju\u010dujejo organizacijo prevoza in carinjenja ter zavarovanje. Nudijo storitve selitve, ki vklju\u010dujejo orientacijo v prostoru, iskanje stanovanja in \u0161ole, storitve vselitve, storitve ob odhodu, kulturno usposabljanje ter pomo\u010d pri izdaji vizumov in priseljevanju.<\/p>\n<p>Spletna stran: <a href=\"http:\/\/www.goetzmoving.com\" target=\"_blank\" rel=\"noopener\">http:\/\/www.goetzmoving.com<\/a><\/p>\n<h2><span class=\"ez-toc-section\" id=\"6_Melcon_Worldwide_Logistics\"><\/span><strong>6. Melcon Worldwide Logistics<\/strong><span class=\"ez-toc-section-end\"><\/span><\/h2>\n<p><img loading=\"lazy\" decoding=\"async\" class=\"alignnone size-full wp-image-8824\" src=\"https:\/\/moverdb.com\/wp-content\/uploads\/Melcon-Worldwide-Logistics-international-moving-company.png\" alt=\"Melcon Worldwide Logistika mednarodna selitev podjetje\" width=\"1440\" height=\"678\" data-wp-pid=\"8824\" srcset=\"https:\/\/moverdb.com\/wp-content\/uploads\/Melcon-Worldwide-Logistics-international-moving-company.png 1440w, https:\/\/moverdb.com\/wp-content\/uploads\/Melcon-Worldwide-Logistics-international-moving-company-300x141.png 300w, https:\/\/moverdb.com\/wp-content\/uploads\/Melcon-Worldwide-Logistics-international-moving-company-1024x482.png 1024w, https:\/\/moverdb.com\/wp-content\/uploads\/Melcon-Worldwide-Logistics-international-moving-company-18x8.png 18w, https:\/\/moverdb.com\/wp-content\/uploads\/Melcon-Worldwide-Logistics-international-moving-company-600x283.png 600w\" sizes=\"auto, (max-width: 1440px) 100vw, 1440px\" \/><\/p>\n<ul>\n<li>Lokalni premiki<\/li>\n<li>Mednarodne selitve<\/li>\n<li>Stanovanjske selitve<\/li>\n<li>Selitve pisarn in tovarn<\/li>\n<li>Storitev od vrat do vrat<\/li>\n<li>Letalski in pomorski tovorni promet<\/li>\n<li>Posredni\u0161ke storitve<\/li>\n<li>Prevoz hi\u0161nih ljubljen\u010dkov<\/li>\n<li>Tranzitno zavarovanje<\/li>\n<li>Prostori za shranjevanje<\/li>\n<\/ul>\n<p>Melcon Worldwide Logistics je logisti\u010dno podjetje na enem mestu, ki ponuja \u0161pedicijo, distribucijo in skladi\u0161\u010denje. Svoje pisarne ima v mestih Taguig in Davao. So \u010dlan zdru\u017eenja IAM z 20-letno tradicijo, kar jim omogo\u010da dostop do mednarodne mre\u017ee agentov za selitve, ki jim nudijo podporo.<\/p>\n<p>Melcon Worldwide Logistics ponuja prilagojene logisti\u010dne storitve, ki vklju\u010dujejo selitev od vrat do vrat in lokalne prevoze. Za\u0161\u010ditijo va\u0161e osebne predmete in poskrbijo za prevoz po zraku ali morju z zavarovanjem tranzita. Nudijo tudi storitev selitve hi\u0161nih ljubljen\u010dkov, ki vam pomaga, da jih vzamete s seboj. Ponujajo tudi mo\u017enost skladi\u0161\u010denja z uravnavanjem vlage in hladilnice.<\/p>\n<p>Spletna stran: <a href=\"http:\/\/www.melconlogistics.com\" target=\"_blank\" rel=\"noopener\">http:\/\/www.melconlogistics.com<\/a><\/p>\n<h2><span class=\"ez-toc-section\" id=\"7_Santa_Fe_Relocation\"><\/span><strong>7. Premestitev Santa Fe<\/strong><span class=\"ez-toc-section-end\"><\/span><\/h2>\n<p><img loading=\"lazy\" decoding=\"async\" class=\"alignnone size-full wp-image-8850\" src=\"https:\/\/moverdb.com\/wp-content\/uploads\/Santa-Fe-Relocation-Philippines-international-moving-company.png\" alt=\"Santa Fe Relocation Filipini mednarodno gibljejo podjetje\" width=\"1440\" height=\"676\" data-wp-pid=\"8850\" srcset=\"https:\/\/moverdb.com\/wp-content\/uploads\/Santa-Fe-Relocation-Philippines-international-moving-company.png 1440w, https:\/\/moverdb.com\/wp-content\/uploads\/Santa-Fe-Relocation-Philippines-international-moving-company-300x141.png 300w, https:\/\/moverdb.com\/wp-content\/uploads\/Santa-Fe-Relocation-Philippines-international-moving-company-1024x481.png 1024w, https:\/\/moverdb.com\/wp-content\/uploads\/Santa-Fe-Relocation-Philippines-international-moving-company-18x8.png 18w, https:\/\/moverdb.com\/wp-content\/uploads\/Santa-Fe-Relocation-Philippines-international-moving-company-600x282.png 600w\" sizes=\"auto, (max-width: 1440px) 100vw, 1440px\" \/><\/p>\n<ul>\n<li>Nacionalne poteze<\/li>\n<li>Mednarodne selitve<\/li>\n<li>Stanovanjske selitve<\/li>\n<li>Posvetovanje pred selitvijo<\/li>\n<li>Storitev pakiranja<\/li>\n<li>Prevoz po kopnem, zraku in morju<\/li>\n<li>Carinjenje<\/li>\n<li>Prevoz vozil<\/li>\n<li>Premestitev hi\u0161nih ljubljen\u010dkov<\/li>\n<li>Skladi\u0161\u010da za kratkoro\u010dno in dolgoro\u010dno skladi\u0161\u010denje<\/li>\n<\/ul>\n<p>Santa Fe Relocation je mednarodno podjetje, ki ima 96 pisarn v 47 dr\u017eavah, njihova podru\u017enica na Filipinih pa ima sede\u017e v mestu Calamba. Ljudem pomagajo pri selitvah \u017ee ve\u010d kot 120 let. Je \u010dlan zdru\u017eenja IAM in akreditiran pri FIDI.<\/p>\n<p>Santa Fe Relocation vam nudi svetovalca za selitev, ki vam bo pomagal pri selitvi. Poskrbel bo za pakiranje va\u0161ih stvari in prevoz po kopnem, zraku ali morju s carinjenjem. Ponujajo \u0161tevilne dodatne storitve in storitve selitve, vklju\u010dno s \u010di\u0161\u010denjem, kratkoro\u010dnim najemom, prevozom vozil, selitvijo hi\u0161nih \u017eivali, vizumi in priseljevanjem, storitvami ob odhodu, kulturnim usposabljanjem, orientacijo ter iskanjem doma in \u0161ole.<\/p>\n<p>Spletna stran: <a href=\"https:\/\/www.santaferelo.com\/en\/contact\/our-offices\/philippines-manila\/\" target=\"_blank\" rel=\"noopener\">https:\/\/www.santaferelo.com\/en\/contact\/our-offices\/philippines-manila\/<\/a><\/p>\n<h2><span class=\"ez-toc-section\" id=\"Other_Useful_Guides_to_the_Philippines\"><\/span>Drugi koristni vodniki po Filipinih<span class=\"ez-toc-section-end\"><\/span><\/h2>\n<ul>\n<li> <a href=\"https:\/\/moverdb.com\/sl\/kontejnersko-posiljanje\/filipini\/\">2024 Cene pomorskega prevoza zabojnikov v Filipine in iz njih<\/a><\/li>\n<li> <a href=\"https:\/\/moverdb.com\/sl\/moving-to-the-philippines\/\">Selitev na Filipine? 2023 \u017divljenjski stro\u0161ki in nasveti za selitev<\/a><\/li>\n<li> <a href=\"https:\/\/moverdb.com\/sl\/moving-to-the-philippines\/best-places-to-live-philippines\/\">12 najbolj\u0161ih mest za \u017eivljenje na Filipinih<\/a><\/li>\n<li> <a href=\"https:\/\/moverdb.com\/sl\/moving-to-the-philippines\/living-in-the-philippines\/\">21 skrivnosti o \u017eivljenju na Filipinih, ki jih morate poznati, preden se preselite<\/a><\/li>\n<li> <a href=\"https:\/\/moverdb.com\/sl\/moving-to-the-philippines\/philippines-from-us\/\">Selitev na Filipine iz Zdru\u017eenih dr\u017eav Amerike<\/a><\/li>\n<\/ul>","protected":false},"excerpt":{"rendered":"<p>If you are moving home or business within, to or from the Philippines, you may be looking for some support to help lighten the load. Moving companies can assist with packing, organising transportation and documentation support. Below we have compiled a list of Philippines based removal companies that are members of the International Association of [&hellip;]<\/p>\n","protected":false},"author":4,"featured_media":0,"parent":190,"menu_order":0,"comment_status":"closed","ping_status":"closed","template":"","meta":{"_genesis_hide_title":false,"_genesis_hide_breadcrumbs":false,"_genesis_hide_singular_image":false,"_genesis_hide_footer_widgets":false,"_genesis_custom_body_class":"","_genesis_custom_post_class":"","_genesis_layout":"","footnotes":""},"class_list":{"0":"post-8912","1":"page","2":"type-page","3":"status-publish","5":"entry","6":"has-post-thumbnail"},"_links":{"self":[{"href":"https:\/\/moverdb.com\/sl\/wp-json\/wp\/v2\/pages\/8912","targetHints":{"allow":["GET"]}}],"collection":[{"href":"https:\/\/moverdb.com\/sl\/wp-json\/wp\/v2\/pages"}],"about":[{"href":"https:\/\/moverdb.com\/sl\/wp-json\/wp\/v2\/types\/page"}],"author":[{"embeddable":true,"href":"https:\/\/moverdb.com\/sl\/wp-json\/wp\/v2\/users\/4"}],"replies":[{"embeddable":true,"href":"https:\/\/moverdb.com\/sl\/wp-json\/wp\/v2\/comments?post=8912"}],"version-history":[{"count":4,"href":"https:\/\/moverdb.com\/sl\/wp-json\/wp\/v2\/pages\/8912\/revisions"}],"predecessor-version":[{"id":16985,"href":"https:\/\/moverdb.com\/sl\/wp-json\/wp\/v2\/pages\/8912\/revisions\/16985"}],"up":[{"embeddable":true,"href":"https:\/\/moverdb.com\/sl\/wp-json\/wp\/v2\/pages\/190"}],"wp:attachment":[{"href":"https:\/\/moverdb.com\/sl\/wp-json\/wp\/v2\/media?parent=8912"}],"curies":[{"name":"wp","href":"https:\/\/api.w.org\/{rel}","templated":true}]}}