{"id":891,"date":"2016-09-03T21:06:56","date_gmt":"2016-09-03T21:06:56","guid":{"rendered":"http:\/\/moverdb.com\/?page_id=891"},"modified":"2026-01-08T14:47:50","modified_gmt":"2026-01-08T14:47:50","slug":"bournes","status":"publish","type":"page","link":"https:\/\/moverdb.com\/sl\/bournes\/","title":{"rendered":"Bournesove poteze: Mnenja o mednarodnih selitvah in selitvah"},"content":{"rendered":"<p>Bournes svojim strankam ponuja izbor <a href=\"https:\/\/moverdb.com\/sl\/international-removals\/\" data-internallinksmanager029f6b8e52c=\"27\" title=\"36 najbolj\u0161ih podjetij za mednarodne selitve v Zdru\u017eenem kraljestvu\">mednarodne selitve<\/a> storitve za selitev v tujino, ki so navedene spodaj. Sledijo tudi profil podjetja in pregledi.<\/p>\n<p><strong>Mednarodni selitveni<\/strong><\/p>\n<ul>\n<li> Celovita storitev pakiranja<\/li>\n<li> Storitev pakiranja delov<\/li>\n<li> Samopakiranje<\/li>\n<li> Posebna skrb za izvoz pohi\u0161tva v embala\u017eo<\/li>\n<li> Pomo\u010d pri pripravi dokumentacije<\/li>\n<li> Zbirka<\/li>\n<li> Prevoz z ladjo - <a href=\"https:\/\/moverdb.com\/sl\/kontejnersko-posiljanje\/\">poln kontejnerski prevoz<\/a>, delni tovor, lesena posoda<\/li>\n<li> Letalski tovorni promet<\/li>\n<li> Premestitev hi\u0161nih ljubljen\u010dkov<\/li>\n<li> <a href=\"https:\/\/moverdb.com\/sl\/avto-transport-spedicija\/\">Premestitev vozila<\/a><\/li>\n<li> Storitve hi\u0161ne pomo\u010dnice<\/li>\n<li> Storitve za mojstre<\/li>\n<li> Urejeno zavarovanje<\/li>\n<\/ul>\n<p><strong>Pomo\u010d pri premestitvi<\/strong><\/p>\n<ul>\n<li> Na\u010drtovanje pred odhodom vklju\u010duje oceno potreb (\u0161ole itd.)<\/li>\n<li> Medkulturno usposabljanje<\/li>\n<li> Program ogleda<\/li>\n<li> Storitev iskanja doma in orientacije<\/li>\n<li> Iskanje \u0161ole<\/li>\n<li> Uvajanje v storitev<\/li>\n<li> Poslovne prakse<\/li>\n<li> Pomo\u010d pri repatriaciji<\/li>\n<\/ul>\n<p><strong>Komercialni premiki<\/strong><\/p>\n<ul>\n<li> Vodenje projektov<\/li>\n<li> Na\u010drtovanje pred selitvijo<\/li>\n<li> Storitve pakiranja in razpakiranja<\/li>\n<li> Skladi\u0161\u010denje<\/li>\n<li> Prevoz po vsem svetu<\/li>\n<li> Notranja dostava<\/li>\n<li> Namestitev in monta\u017ea<\/li>\n<li> Povratna logistika in likvidacije<\/li>\n<\/ul>\n<p><strong>Shranjevanje<\/strong><\/p>\n<ul>\n<li> Ve\u010d kot 1200 lokacij na 6 celinah<\/li>\n<li> Dolgoro\u010dno in kratkoro\u010dno<\/li>\n<li> CCTV 24\/7 ali varnostne ekipe<\/li>\n<li> Vse varne lokacije<\/li>\n<\/ul>\n<h2>Profil podjetja Bournes<\/h2>\n<p>Podjetje Bournes je leta 1875 ustanovil Thomas Bourne kot splo\u0161no prevozni\u0161ko podjetje za dostavo blaga in premoga. Po drugi svetovni vojni se je podjetje raz\u0161irilo na podro\u010dje selitev in skladi\u0161\u010denja. V \u0161estdesetih in sedemdesetih letih prej\u0161njega stoletja je podjetje mo\u010dno zraslo, saj je kupovalo manj\u0161a podjetja in gradilo posebne skladi\u0161\u010dne prostore.<\/p>\n<p>Bournesovi so se leta 1993 za\u010deli seliti po Evropi, leta 2001 pa so za\u010deli <a href=\"https:\/\/moverdb.com\/sl\/selitev-podjetja\/\">mednarodno selitev<\/a>. Zdaj so lahko preselili ljudi in podjetja na 1500 lokacij v ve\u010d kot 120 dr\u017eavah.<\/p>\n<p>Podjetje \u0161e danes vodi peta generacija Bournesov, katere dru\u017einske in poslovne vrednote so po\u0161tenost, integriteta in preglednost. Podjetje Bournes ima predano in dobro usposobljeno osebje, ki se povezuje z ve\u010d sto strokovnjaki za selitve in selitve po vsem svetu.<\/p>\n<p>Dru\u017eba Bournes ima naslednje akreditacije in povezave:<\/p>\n<ul>\n<li> <a href=\"https:\/\/moverdb.com\/sl\/harmony-relocation-network\/\">Harmony Relocation Network<\/a><\/li>\n<li> Podjetje za odstranjevanje po britanskem standardu ISO 9001:2008<\/li>\n<li> <a href=\"https:\/\/moverdb.com\/sl\/britansko-zdruzenje-odstranjevalcev\/\">Britansko zdru\u017eenje odstranjevalcev<\/a> (<a href=\"https:\/\/moverdb.com\/sl\/british-association-of-removers\/\" data-internallinksmanager029f6b8e52c=\"9\" title=\"Pojasnila o Britanskem zdru\u017eenju izvajalcev selitev (BAR)\">BAR<\/a>)<\/li>\n<li> <a href=\"https:\/\/moverdb.com\/sl\/bar-overseas\/\">Skupina britanskega zdru\u017eenja Removers Overseas Group<\/a><\/li>\n<li> Kateri? Trusted Trader<\/li>\n<li> <a href=\"https:\/\/moverdb.com\/sl\/fidi-faim\/\">FIDI<\/a><\/li>\n<li> <a href=\"https:\/\/moverdb.com\/sl\/fidi-faim\/\" data-internallinksmanager029f6b8e52c=\"16\" title=\"Pojasnila o FIDI in FAIM (FIDI Accredited International Mover)\">FAIM<\/a><\/li>\n<li> Spletna stran <a href=\"https:\/\/moverdb.com\/sl\/iam\/\">Mednarodno zdru\u017eenje movers<\/a> (<a href=\"https:\/\/moverdb.com\/sl\/iam\/\" data-internallinksmanager029f6b8e52c=\"23\" title=\"Pojasnila o Mednarodnem zdru\u017eenju gibalcev (IAM)\">IAM<\/a>)<\/li>\n<li> <a href=\"https:\/\/moverdb.com\/sl\/eura\/\">Evropsko zdru\u017eenje za preseljevanje<\/a> (<a href=\"https:\/\/moverdb.com\/sl\/eura\/\" data-internallinksmanager029f6b8e52c=\"13\" title=\"Pojasnila o Evropskem zdru\u017eenju za preseljevanje (EuRA)\">EuRA<\/a>)<\/li>\n<li> <a href=\"https:\/\/moverdb.com\/sl\/mtc\/\">Movers Trading Club<\/a> (<a href=\"https:\/\/moverdb.com\/sl\/mtc\/\" data-internallinksmanager029f6b8e52c=\"30\" title=\"Movers Trading Club (MTC) pojasnjeno\">MTC<\/a>)<\/li>\n<\/ul>\n<h2>Bournes Moves Mnenja<\/h2>\n<p><strong>Pozitivna<\/strong><\/p>\n<ul>\n<li> <em>\"Bournovi so bili neverjetni, od prvotne ocene, kaj bi moral in \u010desa ne bi smel poslati, do <a href=\"https:\/\/moverdb.com\/sl\/moving-to-australia\/living-in-australia\/\" data-internallinksmanager029f6b8e52c=\"240\" title=\"21 skrivnosti o \u017eivljenju v Avstraliji, ki jih morate poznati, preden se preselite\">Avstralija<\/a>, pakiranje in razpakiranje v Avstraliji. Zaradi njihove storitve je bila selitev tako brez stresa, kot je le mogo\u010da, zato jih ne morem priporo\u010diti.\"<\/em> - prek <a href=\"http:\/\/bournesmoves.com\/international-removals\/international-customer-reviews.htm\" target=\"_blank\" rel=\"noopener\">Stran Bournesov pregled<\/a><\/li>\n<li> <em>\"Hitra storitev s konkuren\u010dnimi cenami. Ekipa je bila zelo vljudna in ustre\u017eljiva ter je dobro obvladala spremembe datumov izvedbe. Dodatno skladi\u0161\u010de je bilo brez te\u017eav zagotovljeno \u010dez no\u010d, da smo lahko pred vselitvijo po\u010distili novo nepremi\u010dnino. V celoti dobra storitev.\"<\/em> - prek <a href=\"https:\/\/www.trustedmover.org\/questionnaire\/4587\" target=\"_blank\" rel=\"noopener\">Stran za pregled BAR<\/a><\/li>\n<li> <em>\"Odli\u010dna storitev, od dobro obve\u0161\u010denega in pomirjujo\u010dega citata do koristne in prijazne ekipe, ki je pomagala <a href=\"https:\/\/moverdb.com\/sl\/moving-to-the-united-states\/\" data-internallinksmanager029f6b8e52c=\"94\" title=\"Selitev v Zdru\u017eene dr\u017eave Amerike? 2022 \u017divljenjski stro\u0161ki in nasveti za selitev\">nas<\/a> s premikom\".<\/em> - Susanna prek <a href=\"http:\/\/trustedtraders.which.co.uk\/businesses\/bournes-moves\/#reviews\" target=\"_blank\" rel=\"noopener\">Kateri?<\/a><\/li>\n<li> <em>\"Bil sem zelo zadovoljen. \u0160e posebej, ko je moja po\u0161iljka varno prispela na moj dom v <a href=\"https:\/\/moverdb.com\/sl\/moving-to-the-uk\/\" data-internallinksmanager029f6b8e52c=\"93\" title=\"Selitev v Zdru\u017eeno kraljestvo? 2022 \u017divljenjski stro\u0161ki in nasveti za selitev\">ZDRU\u017dENO KRALJESTVO<\/a> saj je bilo osebje izredno vljudno in zelo koristno.\"<\/em> - Susan prek <a href=\"https:\/\/www.facebook.com\/BournesRemovals\/reviews\/\" target=\"_blank\" rel=\"noopener\">Facebook<\/a><\/li>\n<\/ul>\n<p><strong>Negativni<\/strong><\/p>\n<ul>\n<li> \"Imeli smo smolo, da smo izbrali Bournes, kar je bila na\u0161a prva selitev po 19 letih, zato je bila to velika stvar za vso dru\u017eino. Prosimo, da ste pri izbiri tega podjetja zelo pozorni.\" - Ali prek <a href=\"http:\/\/www.removalreviews.co.uk\/movingreviews\/miserable-move-12090\" target=\"_blank\" rel=\"noopener\">Mnenja o odstranjevanju<\/a><\/li>\n<\/ul>\n<div itemprop=\"review\" itemscope itemtype=\"http:\/\/schema.org\/Review\">\n<span itemprop=\"author\" itemscope=\"\" itemtype=\"http:\/\/schema.org\/Organization\"><span itemprop=\"name\">MoverDB.com<\/span><\/span> Spletni pregled spletnega mesta za <span itemprop=\"itemreviewed\" itemscope=\"\" itemtype=\"http:\/\/schema.org\/Brand\"><span itemprop=\"name\">Bournes Moves<\/span><\/span>:<\/p>\n<ol>\n<li> Jasni kontaktni podatki na spletnem mestu (vklju\u010dno s telefonsko \u0161tevilko): <strong>Da<\/strong><\/li>\n<li> Enostavno pridobivanje <a href=\"https:\/\/moverdb.com\/sl\/citati\/\">mednarodne selitve<\/a>? (Spletni obrazec za zahtevek za oceno): <strong>Da<\/strong><\/li>\n<li> Jasne informacije na spletnem mestu: <strong>Da,<\/strong> Na spletni strani je veliko koristnih informacij.<\/li>\n<li> \u010clanstvo v mednarodno priznanih organizacijah, ki se ukvarjajo z gibanjem: <strong>Da<\/strong>, glej zgoraj.<\/li>\n<li> Seznam strank in\/ali pri\u010devanja prej\u0161njih strank: <strong>Nekateri,<\/strong> na spletni strani so ocene strank, vendar jih ni najla\u017eje najti, kar je \u010dudno, saj so zelo pozitivne.<\/li>\n<\/ol>\n<div itemprop=\"reviewRating\" itemscope itemtype=\"http:\/\/schema.org\/Rating\"><meta itemprop=\"worstRating\" content = \"0\" \/><meta itemprop=\"bestRating\" content=\"5\" \/><meta itemprop=\"ratingValue\" content=\"4.5\"><\/div>\n<p><strong>Skupna ocena: 4,5\/5<\/strong><br \/>\n<strong>Datum pregleda:<\/strong> <span itemprop=\"datePublished\" content=\"2016-09-03\">03\/09\/2016<\/span>\n<\/div>\n<p>Preberite o drugih <a href=\"https:\/\/moverdb.com\/sl\/mednarodne-selitve\/\">selitvena podjetja<\/a> in \u0161e ve\u010d v na\u0161i <a href=\"https:\/\/moverdb.com\/sl\/pregledi\/\">postopek pregleda<\/a>.<\/p>\n<p><strong>Spletna stran:<\/strong> <a href=\"http:\/\/bournesmoves.com\" target=\"_blank\" rel=\"noopener\">http:\/\/bournesmoves.com<\/a><\/p>","protected":false},"excerpt":{"rendered":"<p>Bournes offers its clients a selection of international removals services for moving overseas which are listed below. There also follows a company profile and reviews. International Moving Full packing service Part packing service Self-packing Special care furniture export wrapping Assistance with documentation Collection Transport by ship &#8211; full container shipping, part load, wooden container Airfreight [&hellip;]<\/p>\n","protected":false},"author":1,"featured_media":0,"parent":0,"menu_order":0,"comment_status":"closed","ping_status":"closed","template":"","meta":{"_genesis_hide_title":false,"_genesis_hide_breadcrumbs":false,"_genesis_hide_singular_image":false,"_genesis_hide_footer_widgets":false,"_genesis_custom_body_class":"","_genesis_custom_post_class":"","_genesis_layout":"","footnotes":""},"class_list":{"0":"post-891","1":"page","2":"type-page","3":"status-publish","5":"entry"},"_links":{"self":[{"href":"https:\/\/moverdb.com\/sl\/wp-json\/wp\/v2\/pages\/891","targetHints":{"allow":["GET"]}}],"collection":[{"href":"https:\/\/moverdb.com\/sl\/wp-json\/wp\/v2\/pages"}],"about":[{"href":"https:\/\/moverdb.com\/sl\/wp-json\/wp\/v2\/types\/page"}],"author":[{"embeddable":true,"href":"https:\/\/moverdb.com\/sl\/wp-json\/wp\/v2\/users\/1"}],"replies":[{"embeddable":true,"href":"https:\/\/moverdb.com\/sl\/wp-json\/wp\/v2\/comments?post=891"}],"version-history":[{"count":6,"href":"https:\/\/moverdb.com\/sl\/wp-json\/wp\/v2\/pages\/891\/revisions"}],"predecessor-version":[{"id":6185,"href":"https:\/\/moverdb.com\/sl\/wp-json\/wp\/v2\/pages\/891\/revisions\/6185"}],"wp:attachment":[{"href":"https:\/\/moverdb.com\/sl\/wp-json\/wp\/v2\/media?parent=891"}],"curies":[{"name":"wp","href":"https:\/\/api.w.org\/{rel}","templated":true}]}}