{"id":8908,"date":"2023-04-27T14:29:46","date_gmt":"2023-04-27T14:29:46","guid":{"rendered":"https:\/\/moverdb.com\/?page_id=8908"},"modified":"2026-01-08T15:29:02","modified_gmt":"2026-01-08T15:29:02","slug":"moving-companies-panama","status":"publish","type":"page","link":"https:\/\/moverdb.com\/sl\/moving-companies\/moving-companies-panama\/","title":{"rendered":"5 najbolj\u0161ih mednarodnih selitvenih podjetij v Panami"},"content":{"rendered":"<p>Ali se selite domov ali v pisarno znotraj, v ali iz <a href=\"https:\/\/moverdb.com\/sl\/moving-to-panama\/\" data-internallinksmanager029f6b8e52c=\"432\" title=\"Selitev v Panamo? 2023 \u017divljenjski stro\u0161ki in nasveti za selitev\">Panama<\/a>? Potem boste morda \u017eeleli uporabiti storitve <a href=\"https:\/\/moverdb.com\/sl\/moving-companies\/\" data-internallinksmanager029f6b8e52c=\"79\" title=\"Top 25 Mednarodne selitve podjetja Online\">selitev podjetja<\/a> za pomo\u010d pri pakiranju, organizaciji prevoza in urejanju dokumentacije za mednarodne selitve. V nadaljevanju smo pripravili seznam podjetij s sede\u017eem v Panami <a href=\"https:\/\/moverdb.com\/sl\/international-removals\/\" data-internallinksmanager029f6b8e52c=\"27\" title=\"36 najbolj\u0161ih podjetij za mednarodne selitve v Zdru\u017eenem kraljestvu\">podjetja za selitve<\/a> ki so \u010dlani <a href=\"https:\/\/moverdb.com\/sl\/iam\/\" data-internallinksmanager029f6b8e52c=\"23\" title=\"Pojasnila o Mednarodnem zdru\u017eenju gibalcev (IAM)\">Mednarodno zdru\u017eenje movers<\/a> (IAM) in\/ali <a href=\"https:\/\/moverdb.com\/sl\/fidi-faim\/\" data-internallinksmanager029f6b8e52c=\"16\" title=\"Pojasnila o FIDI in FAIM (FIDI Accredited International Mover)\">FIDI<\/a> akreditirani mednarodni selitveni urad (FAIM), ki vam lahko pomaga pri selitvi.<\/p>\n<div id=\"ez-toc-container\" class=\"ez-toc-v2_0_82_2 ez-toc-wrap-left counter-hierarchy ez-toc-counter ez-toc-transparent ez-toc-container-direction\">\n<div class=\"ez-toc-title-container\">\n<p class=\"ez-toc-title\" style=\"cursor:inherit\">Oddelki<\/p>\n<span class=\"ez-toc-title-toggle\"><a href=\"#\" class=\"ez-toc-pull-right ez-toc-btn ez-toc-btn-xs ez-toc-btn-default ez-toc-toggle\" aria-label=\"Toggle Tabela vsebine\"><span class=\"ez-toc-js-icon-con\"><span class=\"\"><span class=\"eztoc-hide\" style=\"display:none;\">Toggle<\/span><span class=\"ez-toc-icon-toggle-span\"><svg style=\"fill: #999;color:#999\" xmlns=\"http:\/\/www.w3.org\/2000\/svg\" class=\"list-377408\" width=\"20px\" height=\"20px\" viewbox=\"0 0 24 24\" fill=\"none\"><path d=\"M6 6H4v2h2V6zm14 0H8v2h12V6zM4 11h2v2H4v-2zm16 0H8v2h12v-2zM4 16h2v2H4v-2zm16 0H8v2h12v-2z\" fill=\"currentColor\"><\/path><\/svg><svg style=\"fill: #999;color:#999\" class=\"arrow-unsorted-368013\" xmlns=\"http:\/\/www.w3.org\/2000\/svg\" width=\"10px\" height=\"10px\" viewbox=\"0 0 24 24\" version=\"1.2\" baseprofile=\"tiny\"><path d=\"M18.2 9.3l-6.2-6.3-6.2 6.3c-.2.2-.3.4-.3.7s.1.5.3.7c.2.2.4.3.7.3h11c.3 0 .5-.1.7-.3.2-.2.3-.5.3-.7s-.1-.5-.3-.7zM5.8 14.7l6.2 6.3 6.2-6.3c.2-.2.3-.5.3-.7s-.1-.5-.3-.7c-.2-.2-.4-.3-.7-.3h-11c-.3 0-.5.1-.7.3-.2.2-.3.5-.3.7s.1.5.3.7z\"\/><\/svg><\/span><\/span><\/span><\/a><\/span><\/div>\n<nav><ul class='ez-toc-list ez-toc-list-level-1 eztoc-toggle-hide-by-default' ><li class='ez-toc-page-1 ez-toc-heading-level-2'><a class=\"ez-toc-link ez-toc-heading-1\" href=\"https:\/\/moverdb.com\/sl\/moving-companies\/moving-companies-panama\/#1_Canal_Movers_Logistics\" >1. Kanal Movers &amp; Logistika<\/a><\/li><li class='ez-toc-page-1 ez-toc-heading-level-2'><a class=\"ez-toc-link ez-toc-heading-2\" href=\"https:\/\/moverdb.com\/sl\/moving-companies\/moving-companies-panama\/#2_Logisfashion\" >2. Logisfashion<\/a><\/li><li class='ez-toc-page-1 ez-toc-heading-level-2'><a class=\"ez-toc-link ez-toc-heading-3\" href=\"https:\/\/moverdb.com\/sl\/moving-companies\/moving-companies-panama\/#3_Mudanzas_Express\" >3. Mudanzas Express<\/a><\/li><li class='ez-toc-page-1 ez-toc-heading-level-2'><a class=\"ez-toc-link ez-toc-heading-4\" href=\"https:\/\/moverdb.com\/sl\/moving-companies\/moving-companies-panama\/#4_Panama_Moving_Solutions\" >4. Panama Moving Solutions<\/a><\/li><li class='ez-toc-page-1 ez-toc-heading-level-2'><a class=\"ez-toc-link ez-toc-heading-5\" href=\"https:\/\/moverdb.com\/sl\/moving-companies\/moving-companies-panama\/#5_Panama_Packing_Storage\" >5. Pakiranje in skladi\u0161\u010denje v Panami<\/a><\/li><\/ul><\/nav><\/div>\n<h2><span class=\"ez-toc-section\" id=\"1_Canal_Movers_Logistics\"><\/span><strong>1. Kanal Movers &amp; Logistika<\/strong><span class=\"ez-toc-section-end\"><\/span><\/h2>\n<p><img loading=\"lazy\" decoding=\"async\" class=\"alignnone size-full wp-image-8770\" src=\"https:\/\/moverdb.com\/wp-content\/uploads\/Canal-Movers-Logistics-international-moving-company.png\" alt=\"Kanal Movers &amp; Logistika mednarodno gibanje podjetje\" width=\"1440\" height=\"679\" data-wp-pid=\"8770\" srcset=\"https:\/\/moverdb.com\/wp-content\/uploads\/Canal-Movers-Logistics-international-moving-company.png 1440w, https:\/\/moverdb.com\/wp-content\/uploads\/Canal-Movers-Logistics-international-moving-company-300x141.png 300w, https:\/\/moverdb.com\/wp-content\/uploads\/Canal-Movers-Logistics-international-moving-company-1024x483.png 1024w, https:\/\/moverdb.com\/wp-content\/uploads\/Canal-Movers-Logistics-international-moving-company-18x8.png 18w, https:\/\/moverdb.com\/wp-content\/uploads\/Canal-Movers-Logistics-international-moving-company-600x283.png 600w\" sizes=\"auto, (max-width: 1440px) 100vw, 1440px\" \/><\/p>\n<ul>\n<li>Lokalne in nacionalne selitve<\/li>\n<li>Mednarodne selitve<\/li>\n<li>Selitve gospodinjstev<\/li>\n<li>Selitve pisarn<\/li>\n<li>Storitve po meri<\/li>\n<li>Strokovna storitev pakiranja<\/li>\n<li>Ravnanje z umetni\u0161kimi deli<\/li>\n<li>Prevoz vozil in hi\u0161nih ljubljen\u010dkov<\/li>\n<li>Zavarovanje<\/li>\n<li>Prostori za shranjevanje<\/li>\n<\/ul>\n<p>Canal Movers &amp; Logistics je podjetje za selitve in logistiko, ki skrbi za mednarodna podjetja in posameznike. Sodeluje z globalno mre\u017eo logisti\u010dnih in selitvenih agentov. Z 22 leti delovanja so \u010dlani zdru\u017eenja IAM in imajo akreditacijo FIDI.<\/p>\n<p>Podjetje Canal Movers &amp; Logistics ponuja koordinatorja selitev, ki vam bo pomagal pri lokalnih, nacionalnih in mednarodnih selitvah, ne glede na to, ali selite svoj dom ali podjetje. Nudijo storitev profesionalnega pakiranja za za\u0161\u010dito va\u0161ih stvari med prevozom in zagotavljajo zavarovanje. Ponujajo tudi dodatne storitve, ki vklju\u010dujejo najem pohi\u0161tva, prevoz avtomobilov, motornih koles in plovil, prevoz hi\u0161nih ljubljen\u010dkov in ravnanje z umetni\u0161kimi deli.<\/p>\n<p>Spletna stran: <a href=\"http:\/\/www.canalmovers.com\" target=\"_blank\" rel=\"noopener\">http:\/\/www.canalmovers.com<\/a><\/p>\n<h2><span class=\"ez-toc-section\" id=\"2_Logisfashion\"><\/span><strong>2. Logisfashion<\/strong><span class=\"ez-toc-section-end\"><\/span><\/h2>\n<p><img loading=\"lazy\" decoding=\"async\" class=\"alignnone size-full wp-image-8822\" src=\"https:\/\/moverdb.com\/wp-content\/uploads\/Logisfashion-international-moving-company.png\" alt=\"Logisfashion mednarodno gibanje podjetje\" width=\"1440\" height=\"680\" data-wp-pid=\"8822\" srcset=\"https:\/\/moverdb.com\/wp-content\/uploads\/Logisfashion-international-moving-company.png 1440w, https:\/\/moverdb.com\/wp-content\/uploads\/Logisfashion-international-moving-company-300x142.png 300w, https:\/\/moverdb.com\/wp-content\/uploads\/Logisfashion-international-moving-company-1024x484.png 1024w, https:\/\/moverdb.com\/wp-content\/uploads\/Logisfashion-international-moving-company-18x9.png 18w, https:\/\/moverdb.com\/wp-content\/uploads\/Logisfashion-international-moving-company-600x283.png 600w\" sizes=\"auto, (max-width: 1440px) 100vw, 1440px\" \/><\/p>\n<ul>\n<li>Nacionalni prevoz<\/li>\n<li>Mednarodni prevoz<\/li>\n<li>Zasebni prevoz<\/li>\n<li>Komercialni prevoz<\/li>\n<li>Prilagojene storitve od vrat do vrat<\/li>\n<li>Razli\u010dne velikosti po\u0161iljk<\/li>\n<li>Letalski, pomorski in kopenski prevoz<\/li>\n<li>Carinska podpora<\/li>\n<li>Zavarovanje<\/li>\n<li>Prostori za shranjevanje<\/li>\n<\/ul>\n<p>Logisfashion je mednarodno logisti\u010dno podjetje, ki je bilo ustanovljeno leta 1997 in ima podru\u017enice v devetih dr\u017eavah po vsem svetu ter pisarno v Panami. Je \u010dlan zdru\u017eenja IAM z 42-letno tradicijo, ki jim omogo\u010da dostop do mednarodne mre\u017ee selitvenih agentov.<\/p>\n<p>Logisfashion ponuja mednarodni prevoz po zraku, morju in kopnem, ki vklju\u010duje poln kontejnerski tovor in manj kot kontejnerski tovor. Nudijo prilagojene storitve od vrat do vrat s sledljivostjo po\u0161iljke, carinjenjem in zavarovanjem blaga. Ponujajo tudi skladi\u0161\u010da in prostore za skladi\u0161\u010denje, ki podpirajo distribucijo ter uvozne in izvozne dejavnosti.<\/p>\n<p>Spletna stran: <a href=\"http:\/\/www.logisfashion.com\" target=\"_blank\" rel=\"noopener\">http:\/\/www.logisfashion.com<\/a><\/p>\n<h2><span class=\"ez-toc-section\" id=\"3_Mudanzas_Express\"><\/span><strong>3. Mudanzas Express<\/strong><span class=\"ez-toc-section-end\"><\/span><\/h2>\n<p><img loading=\"lazy\" decoding=\"async\" class=\"alignnone size-full wp-image-8833\" src=\"https:\/\/moverdb.com\/wp-content\/uploads\/Mudanzas-Express-international-moving-company.png\" alt=\"Mudanzas Express mednarodno gibanje podjetje\" width=\"1440\" height=\"686\" data-wp-pid=\"8833\" srcset=\"https:\/\/moverdb.com\/wp-content\/uploads\/Mudanzas-Express-international-moving-company.png 1440w, https:\/\/moverdb.com\/wp-content\/uploads\/Mudanzas-Express-international-moving-company-300x143.png 300w, https:\/\/moverdb.com\/wp-content\/uploads\/Mudanzas-Express-international-moving-company-1024x488.png 1024w, https:\/\/moverdb.com\/wp-content\/uploads\/Mudanzas-Express-international-moving-company-18x9.png 18w, https:\/\/moverdb.com\/wp-content\/uploads\/Mudanzas-Express-international-moving-company-600x286.png 600w\" sizes=\"auto, (max-width: 1440px) 100vw, 1440px\" \/><\/p>\n<ul>\n<li>Lokalni premiki<\/li>\n<li>Mednarodne selitve<\/li>\n<li>Selitve gospodinjstev<\/li>\n<li>Komercialne in pisarni\u0161ke selitve<\/li>\n<li>Storitev od vrat do vrat<\/li>\n<li>Nadzorovani proces upravljanja<\/li>\n<li>Storitev pakiranja<\/li>\n<li>Letalski in pomorski prevoz<\/li>\n<li>Carinsko posredovanje<\/li>\n<li>Prevoz avtomobilov<\/li>\n<\/ul>\n<p>Mudanzas Express je podjetje za mednarodne selitve s sede\u017eem v Tocumenu, ki ima ve\u010d kot 12 let izku\u0161enj. S 15 leti delovanja je \u010dlan zdru\u017eenja IAM, ki mu zagotavlja mednarodno mre\u017eo selitvenih agentov za podporo pri storitvah zunaj Paname.<\/p>\n<p>Mudanzas Express ponuja selitvene storitve za tiste, ki se selijo v Panamo ali iz nje, in sicer od vrat do vrat. Nudijo storitve pakiranja za za\u0161\u010dito va\u0161ih stvari med prevozom, razstavljanja in sestavljanja pohi\u0161tva ter ravnanja s krhkimi predmeti in klavirji.  Organizirajo prevoz in vodijo postopek, vklju\u010dno s carinskim posredovanjem.<\/p>\n<p>Spletna stran: <a href=\"http:\/\/www.mudanzasexpresspanama.com\" target=\"_blank\" rel=\"noopener\">http:\/\/www.mudanzasexpresspanama.com<\/a><\/p>\n<h2><span class=\"ez-toc-section\" id=\"4_Panama_Moving_Solutions\"><\/span><strong>4. Panama Moving Solutions<\/strong><span class=\"ez-toc-section-end\"><\/span><\/h2>\n<p><img loading=\"lazy\" decoding=\"async\" class=\"alignnone size-full wp-image-8843\" src=\"https:\/\/moverdb.com\/wp-content\/uploads\/Panama-Moving-Solutions-international-moving-company.png\" alt=\"Panama Moving Solutions mednarodno gibanje podjetje\" width=\"1440\" height=\"681\" data-wp-pid=\"8843\" srcset=\"https:\/\/moverdb.com\/wp-content\/uploads\/Panama-Moving-Solutions-international-moving-company.png 1440w, https:\/\/moverdb.com\/wp-content\/uploads\/Panama-Moving-Solutions-international-moving-company-300x142.png 300w, https:\/\/moverdb.com\/wp-content\/uploads\/Panama-Moving-Solutions-international-moving-company-1024x484.png 1024w, https:\/\/moverdb.com\/wp-content\/uploads\/Panama-Moving-Solutions-international-moving-company-18x9.png 18w, https:\/\/moverdb.com\/wp-content\/uploads\/Panama-Moving-Solutions-international-moving-company-600x284.png 600w\" sizes=\"auto, (max-width: 1440px) 100vw, 1440px\" \/><\/p>\n<ul>\n<li>Lokalne in nacionalne selitve<\/li>\n<li>Mednarodne selitve<\/li>\n<li>Selitve gospodinjstev<\/li>\n<li>Selitve podjetij<\/li>\n<li>Od vrat do vrat in od vrat do vrat<a href=\"https:\/\/moverdb.com\/sl\/top-49-container-ports\/\" data-internallinksmanager029f6b8e52c=\"80\" title=\"Top 49 najve\u010djih in najbolj obremenjenih pristani\u0161\u010d za kontejnerje v letu 2025\">pristani\u0161\u010de<\/a> storitve<\/li>\n<li>Storitve pakiranja<\/li>\n<li>Ureditev prevoza<\/li>\n<li>Prevoz hi\u0161nih ljubljen\u010dkov<\/li>\n<li>Prevoz vozil<\/li>\n<li>Prostori za shranjevanje<\/li>\n<\/ul>\n<p>Panama Moving Solutions ponuja mednarodne selitve in prevoz tovora z ve\u010d kot 20-letnimi izku\u0161njami in ima sede\u017e v Panami. Sodelujejo z mednarodno priznanimi selitvenimi agenti, ki jih podpirajo pri izvajanju storitev, in so \u010dlani zdru\u017eenja IAM s \u0161estimi leti delovanja.<\/p>\n<p>Panama Moving Solutions ponuja prilagojene selitve znotraj Paname, v Panamo in iz nje, ki so lahko od vrat do vrat ali od vrat do pristani\u0161\u010da. Nudijo storitve pakiranja, pri katerih uporabljajo najbolj\u0161e embala\u017ene izdelke in najnovej\u0161e tehnike pakiranja za zmanj\u0161anje po\u0161kodb in vlage. Nudijo dodatne storitve, ki vklju\u010dujejo prevoz hi\u0161nih ljubljen\u010dkov in vozil ter skladi\u0161\u010denje.<\/p>\n<p>Spletna stran: <a href=\"http:\/\/www.pmovings.com\" target=\"_blank\" rel=\"noopener\">http:\/\/www.pmovings.com<\/a><\/p>\n<h2><span class=\"ez-toc-section\" id=\"5_Panama_Packing_Storage\"><\/span><strong>5. Pakiranje in skladi\u0161\u010denje v Panami<\/strong><span class=\"ez-toc-section-end\"><\/span><\/h2>\n<p><img loading=\"lazy\" decoding=\"async\" class=\"alignnone size-full wp-image-8844\" src=\"https:\/\/moverdb.com\/wp-content\/uploads\/Panama-Packing-Storage-international-moving-company.png\" alt=\"Panama Packing &amp; Storage mednarodna selitev podjetje\" width=\"1440\" height=\"682\" data-wp-pid=\"8844\" srcset=\"https:\/\/moverdb.com\/wp-content\/uploads\/Panama-Packing-Storage-international-moving-company.png 1440w, https:\/\/moverdb.com\/wp-content\/uploads\/Panama-Packing-Storage-international-moving-company-300x142.png 300w, https:\/\/moverdb.com\/wp-content\/uploads\/Panama-Packing-Storage-international-moving-company-1024x485.png 1024w, https:\/\/moverdb.com\/wp-content\/uploads\/Panama-Packing-Storage-international-moving-company-18x9.png 18w, https:\/\/moverdb.com\/wp-content\/uploads\/Panama-Packing-Storage-international-moving-company-600x284.png 600w\" sizes=\"auto, (max-width: 1440px) 100vw, 1440px\" \/><\/p>\n<ul>\n<li>Lokalni premiki<\/li>\n<li>Mednarodne selitve<\/li>\n<li>Selitve gospodinjstev<\/li>\n<li>Pisarni\u0161ke storitve<\/li>\n<li>Storitve od vrat do vrat ali od vrat do pristani\u0161\u010da<\/li>\n<li>Storitev pakiranja<\/li>\n<li>Cestni, pomorski in zra\u010dni prevoz<\/li>\n<li>Podpora za uvoz in izvoz<\/li>\n<li>Rokovanje z umetninami<\/li>\n<li>Skladi\u0161\u010da za kratko do dolgo skladi\u0161\u010denje<\/li>\n<\/ul>\n<p>Panama Packing &amp; Storage je latinskoameri\u0161ko podjetje za selitve, ki je bilo ustanovljeno leta 1971 in ima sede\u017e v Panama Cityju. Ima globalno mre\u017eo selitvenih agentov, ki jim lahko pomagajo s svojimi storitvami tudi zunaj obmo\u010dja delovanja. Je \u010dlan zdru\u017eenja IAM in akreditiran pri FIDI.<\/p>\n<p>Panama Packing &amp; Storage ponuja mednarodne selitve in lokalne selitve, vklju\u010dno s storitvijo ravnanja z umetninami. Nudijo storitve pakiranja in razpakiranja, ki vklju\u010dujejo zavijanje in stiskanje krhkih predmetov. Ponujajo varne prostore za skladi\u0161\u010denje, ki so primerni za kratkoro\u010dne ali dolgoro\u010dne re\u0161itve.<\/p>\n<p>Spletna stran: <a href=\"http:\/\/www.panamapacking.com\" target=\"_blank\" rel=\"noopener\">http:\/\/www.panamapacking.com<\/a><\/p>","protected":false},"excerpt":{"rendered":"<p>Are you moving home or office within, to or from Panama? Then you may want to employ the services of a moving company to assist you with packing, organising transportation and arrangement of documentation for international moves. Below we have compiled a list of Panama based removal companies that are members of the International Association [&hellip;]<\/p>\n","protected":false},"author":4,"featured_media":0,"parent":190,"menu_order":0,"comment_status":"closed","ping_status":"closed","template":"","meta":{"_genesis_hide_title":false,"_genesis_hide_breadcrumbs":false,"_genesis_hide_singular_image":false,"_genesis_hide_footer_widgets":false,"_genesis_custom_body_class":"","_genesis_custom_post_class":"","_genesis_layout":"","footnotes":""},"class_list":{"0":"post-8908","1":"page","2":"type-page","3":"status-publish","5":"entry","6":"has-post-thumbnail"},"_links":{"self":[{"href":"https:\/\/moverdb.com\/sl\/wp-json\/wp\/v2\/pages\/8908","targetHints":{"allow":["GET"]}}],"collection":[{"href":"https:\/\/moverdb.com\/sl\/wp-json\/wp\/v2\/pages"}],"about":[{"href":"https:\/\/moverdb.com\/sl\/wp-json\/wp\/v2\/types\/page"}],"author":[{"embeddable":true,"href":"https:\/\/moverdb.com\/sl\/wp-json\/wp\/v2\/users\/4"}],"replies":[{"embeddable":true,"href":"https:\/\/moverdb.com\/sl\/wp-json\/wp\/v2\/comments?post=8908"}],"version-history":[{"count":1,"href":"https:\/\/moverdb.com\/sl\/wp-json\/wp\/v2\/pages\/8908\/revisions"}],"predecessor-version":[{"id":8909,"href":"https:\/\/moverdb.com\/sl\/wp-json\/wp\/v2\/pages\/8908\/revisions\/8909"}],"up":[{"embeddable":true,"href":"https:\/\/moverdb.com\/sl\/wp-json\/wp\/v2\/pages\/190"}],"wp:attachment":[{"href":"https:\/\/moverdb.com\/sl\/wp-json\/wp\/v2\/media?parent=8908"}],"curies":[{"name":"wp","href":"https:\/\/api.w.org\/{rel}","templated":true}]}}