{"id":890,"date":"2016-08-29T10:10:27","date_gmt":"2016-08-29T10:10:27","guid":{"rendered":"http:\/\/moverdb.com\/?page_id=890"},"modified":"2026-01-08T15:20:31","modified_gmt":"2026-01-08T15:20:31","slug":"pearson","status":"publish","type":"page","link":"https:\/\/moverdb.com\/sl\/pearson\/","title":{"rendered":"Pearson Home Moving: International Removals Mnenja o mednarodnih selitvah"},"content":{"rendered":"<p>Pearson Home Moving je podjetje za selitev in preselitev, ki svojim strankam ponuja naslednje storitve. Seznamu storitev sledijo profil podjetja in pregledi.<\/p>\n<p><strong>Mednarodne storitve selitve domov<\/strong><\/p>\n<ul>\n<li> Poseben vodja selitve<\/li>\n<li> Storitev od vrat do vrat<\/li>\n<li> Posebni vozni park<\/li>\n<li> Profesionalni pakirci - razstavljanje in pakiranje<\/li>\n<li> Pakirni materiali suppled<\/li>\n<li> <a href=\"https:\/\/moverdb.com\/sl\/kontejnersko-posiljanje\/\">Letalski ali pomorski tovor<\/a><\/li>\n<li> Carinska pomo\u010d<\/li>\n<li> Razpakiranje in sestavljanje<\/li>\n<li> Premestitev hi\u0161nih ljubljen\u010dkov<\/li>\n<li> <a href=\"https:\/\/moverdb.com\/sl\/avto-transport-spedicija\/\">Premestitev vozila<\/a><\/li>\n<li> Storitev \u010di\u0161\u010denja<\/li>\n<li> Urejeno zavarovanje<\/li>\n<li> Na voljo je skladi\u0161\u010denje<\/li>\n<\/ul>\n<h2>Pearson Home Moving Company Profil<\/h2>\n<p>Podjetje Pearson Home Moving je leta 1917 ustanovil Edward Pearson, do danes pa je opravilo ve\u010d kot 250.000 uspe\u0161nih selitev po vseh celinah, celo na Antarktiko. Cilj Edwarda Pearsona je bil postati najbolj\u0161i <a href=\"https:\/\/moverdb.com\/sl\/international-removals\/\" data-internallinksmanager029f6b8e52c=\"27\" title=\"36 najbolj\u0161ih podjetij za mednarodne selitve v Zdru\u017eenem kraljestvu\">podjetje za selitve<\/a> v podjetju.<\/p>\n<p>V podjetju pravijo, da so v zadnjih 100 letih zgradili eno najbolj\u0161ih globalnih mre\u017e strokovnjakov za selitve na svetu. Pearson Home Moving postavlja svoje stranke na prvo mesto, ne glede na to, kako majhna je selitev.<\/p>\n<p>Pearsonova okoljska politika vklju\u010duje uporabo okolju prijaznih izdelkov in recikliranje, kjer je to mogo\u010de, ter uporabo popolnoma nalo\u017eenih vozil, da bi zmanj\u0161ali oglji\u010dni odtis.<\/p>\n<p>Imajo naslednje akreditacije in povezave:<\/p>\n<ul>\n<li> <a href=\"https:\/\/moverdb.com\/sl\/britansko-zdruzenje-odstranjevalcev\/\">Britansko zdru\u017eenje odstranjevalcev<\/a> (<a href=\"https:\/\/moverdb.com\/sl\/british-association-of-removers\/\" data-internallinksmanager029f6b8e52c=\"9\" title=\"Pojasnila o Britanskem zdru\u017eenju izvajalcev selitev (BAR)\">BAR<\/a>)<\/li>\n<li> <a href=\"https:\/\/moverdb.com\/sl\/harmony-relocation-network\/\">Harmony Relocation Network<\/a><\/li>\n<li> DNV ISO9001<\/li>\n<li> <a href=\"https:\/\/moverdb.com\/sl\/fedemac\/\">Zveza evropskih zdru\u017eenj movers<\/a> (<a href=\"https:\/\/moverdb.com\/sl\/fedemac\/\" data-internallinksmanager029f6b8e52c=\"15\" title=\"Pojasnila o Zvezi evropskih zdru\u017eenj za selitve (FEDEMAC)\">FEDEMAC<\/a>)<\/li>\n<li> <a href=\"https:\/\/moverdb.com\/sl\/fidi-faim\/\">FIDI<\/a><\/li>\n<\/ul>\n<h2>Pearson Home Moving Mnenja<\/h2>\n<p><strong>Pozitivno:<\/strong><\/p>\n<ul>\n<li> \"To je bila na\u0161a 19. selitev v 40 letih. Najbolj\u0161a doslej, zelo profesionalno pisarni\u0161ko osebje in prvovrstni selitveni mo\u017eje. Dobro opravljeno! Pearsona bi priporo\u010dili vsem.\" - Peter prek <a href=\"http:\/\/www.pearsonhomemoving.com\/\" target=\"_blank\" rel=\"noopener\">Pearson Domov Premikanje Spletna stran<\/a><\/li>\n<li> <em>\"To podjetje je bilo fantasti\u010dno od za\u010detka do konca. Njihova cena je bila res konkuren\u010dna in so dali <a href=\"https:\/\/moverdb.com\/sl\/moving-to-the-united-states\/\" data-internallinksmanager029f6b8e52c=\"94\" title=\"Selitev v Zdru\u017eene dr\u017eave Amerike? 2022 \u017divljenjski stro\u0161ki in nasveti za selitev\">nas<\/a> odli\u010dno storitev.\"<\/em> - Steve prek <a href=\"http:\/\/www.mymovingreviews.com\/movers\/pearson-home-moving-2276#56936\" target=\"_blank\" rel=\"noopener\">MyMovingReviews.com<\/a><\/li>\n<li> <em>\"Prejeli smo zelo profesionalno storitev za na\u0161o selitev iz <a href=\"https:\/\/moverdb.com\/sl\/moving-to-germany\/\" data-internallinksmanager029f6b8e52c=\"321\" title=\"Selitev v Nem\u010dijo? 2023 \u017divljenjski stro\u0161ki in nasveti za selitev\">Nem\u010dija<\/a> na <a href=\"https:\/\/moverdb.com\/sl\/moving-to-the-uk\/\" data-internallinksmanager029f6b8e52c=\"93\" title=\"Selitev v Zdru\u017eeno kraljestvo? 2022 \u017divljenjski stro\u0161ki in nasveti za selitev\">ZDRU\u017dENO KRALJESTVO<\/a>.\"<\/em> - Kerry prek <a href=\"http:\/\/www.removalreviews.co.uk\/movingreviews\/home-move-to-uk-10941\" target=\"_blank\" rel=\"noopener\">Mnenja o odstranjevanju<\/a><\/li>\n<li> \"<em>Odli\u010dna storitev za stranke \/ odli\u010dna splo\u0161na storitev.\"<\/em> - Bruce prek <a href=\"http:\/\/www.ciao.co.uk\/Pearson_Home_Moving__Review_6008009\" target=\"_blank\" rel=\"noopener\">Ciao!<\/a> <\/li>\n<\/ul>\n<p><strong>Negativno:<\/strong><\/p>\n<ul>\n<li> <em>\"Dostava je zamujala dva dni. Razumemo, da je pri\u0161lo do te\u017eav in zamud na meji, na katere niso mogli vplivati, ne pa, da nas nikoli niso obvestili o stanju dostave.\"<\/em> - Christoph via <a href=\"http:\/\/www.mymovingreviews.com\/movers\/pearson-home-moving-2276#57516\" target=\"_blank\" rel=\"noopener\">MyMovingReviews.com<\/a> <\/li>\n<li> <em>\"Moje \u0161katle so bile ob dostavi umazane in mokre. Zato so bile tudi po\u0161kodovane.\"<\/em> - Harald v Glos prek <a href=\"http:\/\/www.removalreviews.co.uk\/movingreviews\/never-again-10123\" target=\"_blank\" rel=\"noopener\">Mnenja o odstranjevanju<\/a><\/li>\n<li> <em>\"Kon\u010dno so mi stvari dostavili sredi septembra, 81 dni po prevzemu.\"<\/em> - Imoena prek <a href=\"http:\/\/www.ciao.co.uk\/Pearson_Home_Moving__Review_6113468\" target=\"_blank\" rel=\"noopener\">Ciao!<\/a> <\/li>\n<\/ul>\n<div itemprop=\"review\" itemscope itemtype=\"http:\/\/schema.org\/Review\">\n<span itemprop=\"author\" itemscope=\"\" itemtype=\"http:\/\/schema.org\/Organization\"><span itemprop=\"name\">MoverDB.com<\/span><\/span> Spletni pregled spletnega mesta za <span itemprop=\"itemreviewed\" itemscope=\"\" itemtype=\"http:\/\/schema.org\/Brand\"><span itemprop=\"name\">Pearson Home Premikanje<\/span><\/span>:<\/p>\n<ol>\n<li> Jasni kontaktni podatki na spletnem mestu (vklju\u010dno s telefonsko \u0161tevilko): <strong>Da<\/strong><\/li>\n<li> Enostavno pridobivanje <a href=\"https:\/\/moverdb.com\/sl\/citati\/\">mednarodne selitve<\/a>? (Spletni obrazec za zahtevek za oceno): <strong>Da<\/strong><\/li>\n<li> Jasne informacije na spletnem mestu: <strong>Nekaj<\/strong>\u010deprav so na spleti\u0161\u010du jasni kontaktni podatki in pregled storitev, na njem ni podrobnih informacij o na\u010drtovanju selitve.<\/li>\n<li> \u010clanstvo v mednarodno priznanih organizacijah za mobilnost: <strong>Da<\/strong>, glej zgoraj.<\/li>\n<li> Seznam strank in\/ali pri\u010devanja prej\u0161njih strank: <strong>Da,<\/strong> Na spletnem mestu je ve\u010d pri\u010devanj strank.<\/li>\n<\/ol>\n<div itemprop=\"reviewRating\" itemscope itemtype=\"http:\/\/schema.org\/Rating\"><meta itemprop=\"worstRating\" content = \"0\" \/><meta itemprop=\"bestRating\" content=\"5\" \/><meta itemprop=\"ratingValue\" content=\"4.5\"><\/div>\n<p><strong>Skupna ocena: 4,5\/5<\/strong><br \/>\n<strong>Datum pregleda:<\/strong> <span itemprop=\"datePublished\" content=\"2016-08-29\">29\/08\/2016<\/span>\n<\/div>\n<p>Ve\u010d o <a href=\"https:\/\/moverdb.com\/sl\/mednarodne-selitve\/\">mednarodne selitve<\/a> in na\u0161e <a href=\"https:\/\/moverdb.com\/sl\/pregledi\/\">postopek pregleda<\/a>.<\/p>\n<p><strong>Spletna stran:<\/strong> <a href=\"http:\/\/www.pearsonhomemoving.com\" target=\"_blank\" rel=\"noopener\">http:\/\/www.pearsonhomemoving.com<\/a><\/p>","protected":false},"excerpt":{"rendered":"<p>Pearson Home Moving are a removal and relocation company which offer the following services to their clients. The service list is followed by their company profile and reviews. International Home Moving Services Dedicated move manager Door to door service Dedicated vehicle fleet Professional packers &#8211; disassemble and pack Packing materials suppled Air freight or sea [&hellip;]<\/p>\n","protected":false},"author":1,"featured_media":0,"parent":0,"menu_order":0,"comment_status":"closed","ping_status":"closed","template":"","meta":{"_genesis_hide_title":false,"_genesis_hide_breadcrumbs":false,"_genesis_hide_singular_image":false,"_genesis_hide_footer_widgets":false,"_genesis_custom_body_class":"","_genesis_custom_post_class":"","_genesis_layout":"","footnotes":""},"class_list":{"0":"post-890","1":"page","2":"type-page","3":"status-publish","5":"entry"},"_links":{"self":[{"href":"https:\/\/moverdb.com\/sl\/wp-json\/wp\/v2\/pages\/890","targetHints":{"allow":["GET"]}}],"collection":[{"href":"https:\/\/moverdb.com\/sl\/wp-json\/wp\/v2\/pages"}],"about":[{"href":"https:\/\/moverdb.com\/sl\/wp-json\/wp\/v2\/types\/page"}],"author":[{"embeddable":true,"href":"https:\/\/moverdb.com\/sl\/wp-json\/wp\/v2\/users\/1"}],"replies":[{"embeddable":true,"href":"https:\/\/moverdb.com\/sl\/wp-json\/wp\/v2\/comments?post=890"}],"version-history":[{"count":6,"href":"https:\/\/moverdb.com\/sl\/wp-json\/wp\/v2\/pages\/890\/revisions"}],"predecessor-version":[{"id":6229,"href":"https:\/\/moverdb.com\/sl\/wp-json\/wp\/v2\/pages\/890\/revisions\/6229"}],"wp:attachment":[{"href":"https:\/\/moverdb.com\/sl\/wp-json\/wp\/v2\/media?parent=890"}],"curies":[{"name":"wp","href":"https:\/\/api.w.org\/{rel}","templated":true}]}}