{"id":889,"date":"2016-09-03T15:17:39","date_gmt":"2016-09-03T15:17:39","guid":{"rendered":"http:\/\/moverdb.com\/?page_id=889"},"modified":"2026-01-08T15:20:33","modified_gmt":"2026-01-08T15:20:33","slug":"pss-removals","status":"publish","type":"page","link":"https:\/\/moverdb.com\/sl\/pss-removals\/","title":{"rendered":"PSS International Removals: Storitve selitev in ocene"},"content":{"rendered":"<p>PSS <a href=\"https:\/\/moverdb.com\/sl\/international-removals\/\" data-internallinksmanager029f6b8e52c=\"27\" title=\"36 najbolj\u0161ih podjetij za mednarodne selitve v Zdru\u017eenem kraljestvu\">Mednarodna selitev<\/a> \u017ee ve\u010d kot 34 let izvaja selitve v tujino. Spodaj so navedene razli\u010dne storitve, ki jih ponujajo.<\/p>\n<p><strong>Mednarodna selitev<\/strong><\/p>\n<ul>\n<li> Storitev po meri za ve\u010dino dr\u017eav<\/li>\n<li> Imenovani koordinator za mednarodne selitve<\/li>\n<li> Mo\u017enost profesionalnega pakiranja ali samostojnega pakiranja<\/li>\n<li> Storitev od vrat do vrat<\/li>\n<li> Urejeno zavarovanje<\/li>\n<li> Svetovanje o vseh vidikih ciljne dr\u017eave<\/li>\n<\/ul>\n<p><strong>Migracijske storitve<\/strong><br \/>\n<strong>Carinske informacije\/dokumentacija<\/strong><\/p>\n<p><strong><a href=\"https:\/\/moverdb.com\/sl\/kontejnersko-posiljanje\/\">Mednarodna dostava<\/a><\/strong><\/p>\n<ul>\n<li> Pomorski tovor ali hitri zra\u010dni tovor<\/li>\n<li> Urejeno zavarovanje<\/li>\n<\/ul>\n<p><strong>Storitev hitrega po\u0161iljanja paketov v tujino<\/strong><\/p>\n<ul>\n<li> Hitra dostava paketov od vrat do vrat za nujno potrebne predmete<\/li>\n<\/ul>\n<p><strong>Odve\u010dna prtljaga<\/strong><\/p>\n<ul>\n<li> Cestni tovorni promet (v Evropi) Pomorski tovorni promet ali hitri letalski tovorni promet<\/li>\n<li> Samostojno pakiranje<\/li>\n<li> Pakirano za vas<\/li>\n<li> Urejeno zavarovanje<\/li>\n<\/ul>\n<p><strong><a href=\"https:\/\/moverdb.com\/sl\/car-transport-shipping\/\" data-internallinksmanager029f6b8e52c=\"2\" title=\"2026 Kvote za mednarodni prevoz avtomobilov in prevoz vozil\">Dostava avtomobilov<\/a><\/strong><\/p>\n<ul>\n<li> Avto po\u0161ljite lo\u010deno<\/li>\n<li> Po\u0161iljanje avtomobila v istem zabojniku kot stvari<\/li>\n<li> Urejeno zavarovanje<\/li>\n<\/ul>\n<h2>Profil podjetja PSS International Removals<\/h2>\n<p>Dru\u017eba PSS International Removals se \u017ee ve\u010d kot 34 let ukvarja s selitvami v tujino. Podjetje se osredoto\u010da na selitve v tujino in ne opravlja selitev znotraj dr\u017eave. <a href=\"https:\/\/moverdb.com\/sl\/moving-to-the-uk\/\" data-internallinksmanager029f6b8e52c=\"93\" title=\"Selitev v Zdru\u017eeno kraljestvo? 2022 \u017divljenjski stro\u0161ki in nasveti za selitev\">ZDRU\u017dENO KRALJESTVO<\/a>. <\/p>\n<p>Dru\u017eba PSS International Removals po\u0161ilja predmete od enega samega kartona do velikih gospodinjstev ali celo velikih podjetij. Nobena selitev ni preve\u010d zapletena ali prevelika ali majhna.<\/p>\n<p>Vsak \u010dlan osebja je usposobljen za izvozne postopke in sodeluje le z najbolj\u0161imi profesionalnimi selitvenimi podjetji v tujini, da bi zagotovil storitve po meri, ki jih obljublja. So eden najve\u010djih prevoznikov v Zdru\u017eenem kraljestvu. <a href=\"https:\/\/moverdb.com\/sl\/mednarodne-selitve\/\">podjetja za mednarodne selitve<\/a> in v letu 2015 v tujino preselili 4.536 strank.<\/p>\n<p>Dru\u017eba PSS International ima naslednje akreditacije in povezave:<\/p>\n<ul>\n<li> <a href=\"https:\/\/moverdb.com\/sl\/britansko-zdruzenje-odstranjevalcev\/\">Britansko zdru\u017eenje odstranjevalcev<\/a> (<a href=\"https:\/\/moverdb.com\/sl\/british-association-of-removers\/\" data-internallinksmanager029f6b8e52c=\"9\" title=\"Pojasnila o Britanskem zdru\u017eenju izvajalcev selitev (BAR)\">BAR<\/a>)<\/li>\n<li> <a href=\"https:\/\/moverdb.com\/sl\/bar-overseas\/\">Britansko zdru\u017eenje preme\u0161\u010dencev v tujini<\/a><\/li>\n<li> <a href=\"https:\/\/moverdb.com\/sl\/fidi-faim\/\">FIDI<\/a><\/li>\n<li> <a href=\"https:\/\/moverdb.com\/sl\/fidi-faim\/\" data-internallinksmanager029f6b8e52c=\"16\" title=\"Pojasnila o FIDI in FAIM (FIDI Accredited International Mover)\">FAIM<\/a><\/li>\n<\/ul>\n<p><strong>Mnenja o mednarodnih selitvah PSS<\/strong><\/p>\n<p><strong>Pozitivna<\/strong><\/p>\n<ul>\n<li> <em>\"Vsi so bili zelo koristni in res profesionalni. Ne morem si predstavljati, da bi ta dan lahko potekal bolje in bolj gladko. Bila sem tako zelo pod stresom in uspelo jim je razveseliti <a href=\"https:\/\/moverdb.com\/sl\/moving-to-the-united-states\/\" data-internallinksmanager029f6b8e52c=\"94\" title=\"Selitev v Zdru\u017eene dr\u017eave Amerike? 2022 \u017divljenjski stro\u0161ki in nasveti za selitev\">nas<\/a> gor. Resni\u010dno profesionalni in prijazni ljudje.Resni\u010dno sem navdu\u0161en.\"<\/em> - Ania via <a href=\"https:\/\/www.pssremovals.com\/reviews\" target=\"_blank\" rel=\"noopener\">PSS Removals Mnenja strank<\/a><\/li>\n<li> <em>\"Podjetje PSS smo uporabili po priporo\u010dilu prijateljev. Imeli smo ekskluzivno uporabo 20-metrskega zabojnika za <a href=\"https:\/\/moverdb.com\/sl\/moving-to-australia\/living-in-australia\/\" data-internallinksmanager029f6b8e52c=\"240\" title=\"21 skrivnosti o \u017eivljenju v Avstraliji, ki jih morate poznati, preden se preselite\">Avstralija<\/a>. Ekipa, ki je pri\u0161la in zapakirala na\u0161o hi\u0161o, je bila neverjetna - delala je zelo hitro. Ko so bili na\u0161i predmeti na poti, me je ve\u010dkrat prepla\u0161ila panika, kaj bo razbito ali po\u0161kodovano, vendar so na\u0161i predmeti prispeli prej\u0161nji teden in vse je videti enako, kot je bilo videti, ko so bili zapakirani.\"<\/em> - Zoe prek <a href=\"http:\/\/www.mymovingreviews.com\/movers\/pss-international-removals-1788#57593\" target=\"_blank\" rel=\"noopener\">MyMovingReviews.com<\/a> <\/li>\n<li> <em>\"Od za\u010detka do konca ne bi mogel biti bolj zadovoljen s storitvijo, saj vodijo odli\u010dno nastavitev in so bili koristni in prijazni ves \u010das, to pa je nekaj, kar govori o tem, da smo bili verjetno najbolj neorganizirani in poudarjeni ljudje, ki so se kdajkoli premaknili.\"<\/em> - Michelle prek <a href=\"http:\/\/www.removalreviews.co.uk\/movingreviews\/good-company-8764\" target=\"_blank\" rel=\"noopener\">Mnenja o odstranjevanju<\/a> <\/li>\n<\/ul>\n<p><strong>Negativni<\/strong><\/p>\n<ul>\n<li> <em>\"Zahteval sem selitev gospodinjskih predmetov iz Zdru\u017eenega kraljestva v ZDA. \u010ceprav sem bil zelo hitro obve\u0161\u010den in nisem pravo\u010dasno izpolnil obrazcev, nisem zadovoljen, ker so mi na cilju zara\u010dunali dodatnih 400 ameri\u0161kih dolarjev za naklju\u010dno rentgensko pregledovanje na carini in zamudo pri prihodu po 4 mesecih, kar vklju\u010duje tudi obdobje skladi\u0161\u010denja.\"<\/em> - Sanjay prek <a href=\"http:\/\/www.mymovingreviews.com\/movers\/pss-international-removals-1788#57002\" target=\"_blank\" rel=\"noopener\">MyMovingReviews.com<\/a><\/li>\n<li> \"<em>Dru\u017eba je namenjena le temu, da ljudi oropa njihovega denarja!!!!!!\"<\/em> - Amir prek <a href=\"http:\/\/www.removalreviews.co.uk\/movingreviews\/straight-up-con-6619\" target=\"_blank\" rel=\"noopener\">Mnenja o odstranjevanju<\/a> <\/li>\n<\/ul>\n<div itemprop=\"review\" itemscope itemtype=\"http:\/\/schema.org\/Review\">\n<span itemprop=\"author\" itemscope=\"\" itemtype=\"http:\/\/schema.org\/Organization\"><span itemprop=\"name\">MoverDB.com<\/span><\/span> Spletni pregled spletnega mesta za <span itemprop=\"itemreviewed\" itemscope=\"\" itemtype=\"http:\/\/schema.org\/Brand\"><span itemprop=\"name\">PSS Mednarodna selitev<\/span><\/span>:<\/p>\n<ol>\n<li> Jasni kontaktni podatki na spletnem mestu (vklju\u010dno s telefonsko \u0161tevilko): <strong>Da<\/strong><\/li>\n<li> Enostavno pridobivanje <a href=\"https:\/\/moverdb.com\/sl\/citati\/\">mednarodne selitve<\/a>? (Spletni obrazec za zahtevek za oceno): <strong>Da<\/strong><\/li>\n<li> Jasne informacije na spletnem mestu: <strong>Da,<\/strong> veliko podrobnih informacij o vsaki destinaciji.<\/li>\n<li> \u010clanstvo v mednarodno priznanih organizacijah, ki se ukvarjajo z gibanjem: <strong>Da<\/strong>, glej zgoraj.<\/li>\n<li> Seznam strank in\/ali pri\u010devanja prej\u0161njih strank: <strong>Da,<\/strong> imajo stran s pregledi strank in na drugih spletnih straneh dobivajo na splo\u0161no pozitivne ocene.<\/li>\n<\/ol>\n<div itemprop=\"reviewRating\" itemscope itemtype=\"http:\/\/schema.org\/Rating\"><meta itemprop=\"worstRating\" content = \"0\" \/><meta itemprop=\"bestRating\" content=\"5\" \/><meta itemprop=\"ratingValue\" content=\"5\"><\/div>\n<p><strong>Skupna ocena: 5\/5<\/strong><br \/>\n<strong>Datum pregleda:<\/strong> <span itemprop=\"datePublished\" content=\"2016-09-03\">03\/09\/2016<\/span>\n<\/div>\n<p>Ve\u010d o <a href=\"https:\/\/moverdb.com\/sl\/selitev-podjetja\/\">mednarodna selitvena podjetja<\/a> in na\u0161e <a href=\"https:\/\/moverdb.com\/sl\/pregledi\/\">postopek pregleda<\/a>.<\/p>\n<p><strong>Spletna stran:<\/strong> <a href=\"https:\/\/www.pssremovals.com\" target=\"_blank\" rel=\"noopener\">https:\/\/www.pssremovals.com<\/a>.<\/p>","protected":false},"excerpt":{"rendered":"<p>PSS International Removals has been moving people abroad for over 34 years. Listed below are the various services they offer. International Removals Bespoke service to most countries Designated international move co-ordinator Professional packers or self-pack option Door to door service Insurance arranged Advice on every aspect of destination country Migration Services Customs Information\/Documentation International Shipping [&hellip;]<\/p>\n","protected":false},"author":1,"featured_media":0,"parent":0,"menu_order":0,"comment_status":"closed","ping_status":"closed","template":"","meta":{"_genesis_hide_title":false,"_genesis_hide_breadcrumbs":false,"_genesis_hide_singular_image":false,"_genesis_hide_footer_widgets":false,"_genesis_custom_body_class":"","_genesis_custom_post_class":"","_genesis_layout":"","footnotes":""},"class_list":{"0":"post-889","1":"page","2":"type-page","3":"status-publish","5":"entry"},"_links":{"self":[{"href":"https:\/\/moverdb.com\/sl\/wp-json\/wp\/v2\/pages\/889","targetHints":{"allow":["GET"]}}],"collection":[{"href":"https:\/\/moverdb.com\/sl\/wp-json\/wp\/v2\/pages"}],"about":[{"href":"https:\/\/moverdb.com\/sl\/wp-json\/wp\/v2\/types\/page"}],"author":[{"embeddable":true,"href":"https:\/\/moverdb.com\/sl\/wp-json\/wp\/v2\/users\/1"}],"replies":[{"embeddable":true,"href":"https:\/\/moverdb.com\/sl\/wp-json\/wp\/v2\/comments?post=889"}],"version-history":[{"count":4,"href":"https:\/\/moverdb.com\/sl\/wp-json\/wp\/v2\/pages\/889\/revisions"}],"predecessor-version":[{"id":6230,"href":"https:\/\/moverdb.com\/sl\/wp-json\/wp\/v2\/pages\/889\/revisions\/6230"}],"wp:attachment":[{"href":"https:\/\/moverdb.com\/sl\/wp-json\/wp\/v2\/media?parent=889"}],"curies":[{"name":"wp","href":"https:\/\/api.w.org\/{rel}","templated":true}]}}