{"id":8883,"date":"2023-04-27T14:40:02","date_gmt":"2023-04-27T14:40:02","guid":{"rendered":"https:\/\/moverdb.com\/?page_id=8883"},"modified":"2026-01-08T15:30:10","modified_gmt":"2026-01-08T15:30:10","slug":"moving-companies-namibia","status":"publish","type":"page","link":"https:\/\/moverdb.com\/sl\/moving-companies\/moving-companies-namibia\/","title":{"rendered":"Najbolj\u0161a mednarodna selitvena podjetja v Namibiji"},"content":{"rendered":"<p>Selitev je lahko te\u017eavna, ne glede na to, ali jo na\u010drtujete znotraj Namibije, v Namibijo ali iz nje, zato vam lahko selitveni servis pomaga olaj\u0161ati postopek. V nadaljevanju smo pripravili seznam storitev, ki jih ponujajo v Namibiji. <a href=\"https:\/\/moverdb.com\/sl\/international-removals\/\" data-internallinksmanager029f6b8e52c=\"27\" title=\"36 najbolj\u0161ih podjetij za mednarodne selitve v Zdru\u017eenem kraljestvu\">podjetja za selitve<\/a> ki so \u010dlani <a href=\"https:\/\/moverdb.com\/sl\/iam\/\" data-internallinksmanager029f6b8e52c=\"23\" title=\"Pojasnila o Mednarodnem zdru\u017eenju gibalcev (IAM)\">Mednarodno zdru\u017eenje movers<\/a> (IAM) in\/ali <a href=\"https:\/\/moverdb.com\/sl\/fidi-faim\/\" data-internallinksmanager029f6b8e52c=\"16\" title=\"Pojasnila o FIDI in FAIM (FIDI Accredited International Mover)\">FIDI<\/a> akreditirani mednarodni selitveni urad (FAIM), ki vam lahko pomaga pri selitvi.<\/p>\n<h2><strong>Stuttaford Van Lines<\/strong><\/h2>\n<p><img loading=\"lazy\" decoding=\"async\" class=\"alignnone size-full wp-image-8861\" src=\"https:\/\/moverdb.com\/wp-content\/uploads\/Stuttaford-Van-Lines-Namibia-international-moving-company.png\" alt=\"Stuttaford Van Lines Namibija mednarodno gibanje podjetje\" width=\"1440\" height=\"683\" data-wp-pid=\"8861\" srcset=\"https:\/\/moverdb.com\/wp-content\/uploads\/Stuttaford-Van-Lines-Namibia-international-moving-company.png 1440w, https:\/\/moverdb.com\/wp-content\/uploads\/Stuttaford-Van-Lines-Namibia-international-moving-company-300x142.png 300w, https:\/\/moverdb.com\/wp-content\/uploads\/Stuttaford-Van-Lines-Namibia-international-moving-company-1024x486.png 1024w, https:\/\/moverdb.com\/wp-content\/uploads\/Stuttaford-Van-Lines-Namibia-international-moving-company-18x9.png 18w, https:\/\/moverdb.com\/wp-content\/uploads\/Stuttaford-Van-Lines-Namibia-international-moving-company-600x285.png 600w\" sizes=\"auto, (max-width: 1440px) 100vw, 1440px\" \/><\/p>\n<ul>\n<li>Nacionalne poteze<\/li>\n<li>Mednarodne selitve<\/li>\n<li>Selitve gospodinjstev<\/li>\n<li>Selitve podjetij in pisarn<\/li>\n<li>Storitev pakiranja<\/li>\n<li>Ureditev prevoza<\/li>\n<li>Likovna embala\u017ea<\/li>\n<li>Prevozi vozil<\/li>\n<li>Zavarovanje<\/li>\n<li>Prostori za shranjevanje<\/li>\n<\/ul>\n<p>Stuttaford Van Lines je <a href=\"https:\/\/moverdb.com\/sl\/moving-companies\/\" data-internallinksmanager029f6b8e52c=\"79\" title=\"Top 25 Mednarodne selitve podjetja Online\">mednarodna selitev podjetja<\/a> ustanovljena leta 1857, s 14 pisarnami po vsej ju\u017eni Afriki, vklju\u010dno z Windhoekom v Namibiji. Imajo zaupanja vredno globalno mre\u017eo selitvenih partnerjev, ki jih podpirajo pri izvajanju njihovih storitev na mednarodni ravni. S 34 leti delovanja so \u010dlani zdru\u017eenja IAM in so akreditirani pri FIDI.<\/p>\n<p>Dru\u017eba Stuttaford Van Lines vas bo vodila skozi vse korake selitve in vam dodelila enotno kontaktno to\u010dko. Va\u0161e potovanje se za\u010dne s pregledom pred selitvijo. Nudijo storitev pakiranja z uporabo za\u0161\u010ditnih prevlek in embala\u017ee ter izdelavo podrobnega popisa. Organizirajo prevoz ter razpakirajo in ponovno sestavijo pohi\u0161tvo na va\u0161em cilju.<\/p>\n<p>Spletna stran: <a href=\"http:\/\/www.stuttafordvanlines.co.za\/branches\/windhoek\" target=\"_blank\" rel=\"noopener\">http:\/\/www.stuttafordvanlines.co.za\/branches\/windhoek<\/a><\/p>","protected":false},"excerpt":{"rendered":"<p>Moving can be a difficult time whether you are planning a move within, to or from Namibia, so involving a moving service can assist you in making the process easier. Below we have compiled a list of Namibia based removal companies that are members of the International Association of Movers (IAM) and\/or FIDI Accredited International [&hellip;]<\/p>\n","protected":false},"author":4,"featured_media":0,"parent":190,"menu_order":0,"comment_status":"closed","ping_status":"closed","template":"","meta":{"_genesis_hide_title":false,"_genesis_hide_breadcrumbs":false,"_genesis_hide_singular_image":false,"_genesis_hide_footer_widgets":false,"_genesis_custom_body_class":"","_genesis_custom_post_class":"","_genesis_layout":"","footnotes":""},"class_list":{"0":"post-8883","1":"page","2":"type-page","3":"status-publish","5":"entry","6":"has-post-thumbnail"},"_links":{"self":[{"href":"https:\/\/moverdb.com\/sl\/wp-json\/wp\/v2\/pages\/8883","targetHints":{"allow":["GET"]}}],"collection":[{"href":"https:\/\/moverdb.com\/sl\/wp-json\/wp\/v2\/pages"}],"about":[{"href":"https:\/\/moverdb.com\/sl\/wp-json\/wp\/v2\/types\/page"}],"author":[{"embeddable":true,"href":"https:\/\/moverdb.com\/sl\/wp-json\/wp\/v2\/users\/4"}],"replies":[{"embeddable":true,"href":"https:\/\/moverdb.com\/sl\/wp-json\/wp\/v2\/comments?post=8883"}],"version-history":[{"count":1,"href":"https:\/\/moverdb.com\/sl\/wp-json\/wp\/v2\/pages\/8883\/revisions"}],"predecessor-version":[{"id":8885,"href":"https:\/\/moverdb.com\/sl\/wp-json\/wp\/v2\/pages\/8883\/revisions\/8885"}],"up":[{"embeddable":true,"href":"https:\/\/moverdb.com\/sl\/wp-json\/wp\/v2\/pages\/190"}],"wp:attachment":[{"href":"https:\/\/moverdb.com\/sl\/wp-json\/wp\/v2\/media?parent=8883"}],"curies":[{"name":"wp","href":"https:\/\/api.w.org\/{rel}","templated":true}]}}