{"id":888,"date":"2016-08-31T21:15:38","date_gmt":"2016-08-31T21:15:38","guid":{"rendered":"http:\/\/moverdb.com\/?page_id=888"},"modified":"2026-01-08T14:47:24","modified_gmt":"2026-01-08T14:47:24","slug":"abels-removals","status":"publish","type":"page","link":"https:\/\/moverdb.com\/sl\/abels-removals\/","title":{"rendered":"Abels Moving Services: Mednarodna selitev Mnenja"},"content":{"rendered":"<p>Podjetje Abels Moving Services ima sede\u017e v Brandonu, Suffolk, vendar ima prostore v <a href=\"https:\/\/moverdb.com\/sl\/moving-to-london\/\">London<\/a>, <a href=\"\" data-internallinksmanager029f6b8e52c=\"37\" title=\"Cambridge\">Cambridge<\/a> in Lutterworth, vendar slu\u017ei celotnemu obmo\u010dju <a href=\"https:\/\/moverdb.com\/sl\/moving-to-the-uk\/\" data-internallinksmanager029f6b8e52c=\"93\" title=\"Selitev v Zdru\u017eeno kraljestvo? 2022 \u017divljenjski stro\u0161ki in nasveti za selitev\">ZDRU\u017dENO KRALJESTVO<\/a>. <\/p>\n<p>Svojim strankam ponuja \u0161tevilne namenske storitve, ki so navedene spodaj. Sledijo tudi profil podjetja in pregledi podjetja.<\/p>\n<p><strong>Mednarodni premiki<\/strong><\/p>\n<ul>\n<li> Zra\u010dni tovorni promet za majhne koli\u010dine<\/li>\n<li> Pomorski tovor za velike koli\u010dine<\/li>\n<li> Na voljo je upravljanje celotne selitve<\/li>\n<li> Odstranitev hi\u0161nih ljubljen\u010dkov<\/li>\n<li> Odstranitev avtomobila<\/li>\n<li> Storitev od vrat do vrat<\/li>\n<li> Visoko usposobljeni pakirci<\/li>\n<li> Visokokakovostni embala\u017eni materiali<\/li>\n<li> Carinska pomo\u010d<\/li>\n<li> Storitev dostave in razpakiranja<\/li>\n<li> Informacije o premestitvi<\/li>\n<li> Urejeno zavarovanje<\/li>\n<li> Storitve hi\u0161ne pomo\u010dnice<\/li>\n<li> Storitve za vrtove<\/li>\n<\/ul>\n<p><strong>Storitve premestitve<\/strong><\/p>\n<ul>\n<li> Vodi\u010di za premestitev v 60 dr\u017eav so na voljo za 60 dr\u017eav<\/li>\n<li> Za\u010detna ocena potreb<\/li>\n<li> Orientacija - nakupovanje, zabava, ban\u010dni\u0161tvo, prosti \u010das<\/li>\n<li> Pregled izobra\u017eevanja<\/li>\n<li> Pregled nepremi\u010dnin<\/li>\n<li> Najem pohi\u0161tva<\/li>\n<li> Priklju\u010dek za komunalne storitve<\/li>\n<li> Storitve hi\u0161ne pomo\u010dnice<\/li>\n<li> Storitve za vrtove<\/li>\n<\/ul>\n<p><strong>Evropski premiki<\/strong><\/p>\n<ul>\n<li> Storitev od vrat do vrat<\/li>\n<li> Vso dokumentacijo je izpolnil Abels<\/li>\n<li> Pakiranje in razpakiranje<\/li>\n<li> Posebni materiali za pakiranje<\/li>\n<li> Kratkoro\u010dno in dolgoro\u010dno skladi\u0161\u010denje<\/li>\n<li> Storitev osebnega asistenta - karkoli in vse<\/li>\n<li> Vodniki za premestitev<\/li>\n<li> Storitve hi\u0161ne pomo\u010dnice<\/li>\n<li> Storitve za vrtove<\/li>\n<\/ul>\n<p><strong>Storitve pakiranja<\/strong><\/p>\n<ul>\n<li> Krhki predmeti, vklju\u010dno s kristalom, <a href=\"https:\/\/moverdb.com\/sl\/moving-to-china\/\" data-internallinksmanager029f6b8e52c=\"357\" title=\"Selitev na Kitajsko? 2023 \u017divljenjski stro\u0161ki in nasveti za selitev\">Kitajska<\/a>, steklo itd.<\/li>\n<li> Slike, slike<\/li>\n<li> Obla\u010dila<\/li>\n<li> Starinsko pohi\u0161tvo, predmeti visoke vrednosti<\/li>\n<li> Vsebina omar na splo\u0161no<\/li>\n<\/ul>\n<p><strong>Shranjevanje<\/strong><\/p>\n<ul>\n<li> Dolgoro\u010dno in kratkoro\u010dno<\/li>\n<li> Skladi\u0161\u010denje v Zdru\u017eenem kraljestvu, Evropi in tujini<\/li>\n<li> Namensko zgrajena<\/li>\n<li> Optimalno okolje<\/li>\n<li> Strogi po\u017earni nadzor<\/li>\n<li> Pokritost s CCTV<\/li>\n<li> Stalna varnostna prisotnost<\/li>\n<li> Zabojniki, zape\u010dateni ob prevzemu<\/li>\n<li> Mehka pohi\u0161tvena oprema, shranjena v idealnih temperaturnih pogojih<\/li>\n<li> Shranjevanje datotek in arhivov<\/li>\n<li> Shranjevanje za \u0161tudente<\/li>\n<\/ul>\n<p><strong>Specializirane storitve<\/strong><\/p>\n<ul>\n<li> Poslovni in komercialni premiki<\/li>\n<li> Storitve v zvezi z dokumenti<\/li>\n<li> Storitve v zvezi z opremo in pohi\u0161tvom<\/li>\n<li> Trgovina na drobno in storitve dostave na dom<\/li>\n<li> Storitve name\u0161\u010danja pohi\u0161tva<\/li>\n<li> Namestitvene re\u0161itve za notranje oblikovalce in razvijalce nepremi\u010dnin<\/li>\n<\/ul>\n<h2>Abels Moving Services Profil podjetja<\/h2>\n<p>Dru\u017einsko podjetje Abels Moving Services je leta 1958 za\u010delo z dostavo blaga v trgovine. Od takrat je podjetje raslo in ima zdaj 1 500 servisnih centrov v 56 dr\u017eavah po vsem svetu. <\/p>\n<p>Podjetje je leta 1989 prejelo kraljevi nalog njenega veli\u010danstva kraljice v zahvalo za svoje storitve za krono, med katerimi je bil tudi prenos vseh poro\u010dnih daril princa Charlesa in princese Diane leta 1981. <\/p>\n<p>Podjetje Abels Moving Services se pona\u0161a s svojimi namensko izdelanimi, okolju prijaznimi tovornjaki. Verjamejo v vra\u010danje skupnosti in podpirajo razli\u010dne dobrodelne organizacije po vsem svetu. <\/p>\n<p>Trdno verjamejo v pristop \"brez te\u017eav\" do strank in so prepri\u010dani, da nasmeh naredi veliko dobrega.<\/p>\n<p>Podjetje Abels Moving Services ima naslednje povezave in akreditacije:<\/p>\n<ul>\n<li> Kraljevi nalog njenega veli\u010danstva kraljice<\/li>\n<li> <a href=\"https:\/\/moverdb.com\/sl\/fidi-faim\/\">FIDI<\/a><\/li>\n<li> <a href=\"https:\/\/moverdb.com\/sl\/fidi-faim\/\" data-internallinksmanager029f6b8e52c=\"16\" title=\"Pojasnila o FIDI in FAIM (FIDI Accredited International Mover)\">FAIM<\/a><\/li>\n<li> Vlagatelji v ljudi<\/li>\n<li> <a href=\"https:\/\/moverdb.com\/sl\/britansko-zdruzenje-odstranjevalcev\/\">Britansko zdru\u017eenje Movers<\/a> (<a href=\"https:\/\/moverdb.com\/sl\/british-association-of-removers\/\" data-internallinksmanager029f6b8e52c=\"9\" title=\"Pojasnila o Britanskem zdru\u017eenju izvajalcev selitev (BAR)\">BAR<\/a>)<\/li>\n<li> <a href=\"https:\/\/moverdb.com\/sl\/bar-overseas\/\">Skupina BAR Overseas<\/a><\/li>\n<li> Organ za finan\u010dne storitve<\/li>\n<li> <a href=\"https:\/\/moverdb.com\/sl\/fedemac\/\">Zveza evropskih zdru\u017eenj movers<\/a> (<a href=\"https:\/\/moverdb.com\/sl\/fedemac\/\" data-internallinksmanager029f6b8e52c=\"15\" title=\"Pojasnila o Zvezi evropskih zdru\u017eenj za selitve (FEDEMAC)\">FEDEMAC<\/a>)<\/li>\n<li> Vzajemno zavarovanje mednarodnih prevoznikov (IMMI)<\/li>\n<li> BS EN ISO 9001<\/li>\n<\/ul>\n<h2>Abels Moving Services<\/h2>\n<p><strong>Pozitivno:<\/strong><\/p>\n<ul>\n<li> <em>\"Ekipi za selitev na obeh straneh sta bili odli\u010dni - kompetentni, delali so vztrajno in preprosto prijetni, res so pomagali ve\u010d, kot je bilo nujno potrebno.\"<\/em> - Gospa Jenson prek <a href=\"http:\/\/www.abels.co.uk\/reviews\/\" target=\"_blank\" rel=\"noopener\">Stran z mnenji strank Abels<\/a>.<\/li>\n<li> <em>\"Vsi, s katerimi sem imel opravka v podjetju Abels, bodisi po telefonu, elektronski po\u0161ti ali osebno, so bili zelo koristni, prijazni in u\u010dinkoviti, vsekakor bi jih \u0161e enkrat uporabil in jih brez pomislekov priporo\u010dil drugim.\"<\/em> Gospa Pledge prek <a href=\"http:\/\/moveaide.com\/movers\/abels-moving-cambrige-uk-mover-reviews\" target=\"_blank\" rel=\"noopener\">MoveAide<\/a><\/li>\n<li> <em>\"\u017deleli smo vam sporo\u010diti, da smo zadovoljni, da je na\u0161a selitev zdaj uspe\u0161no zaklju\u010dena.\"<\/em> - prek <a href=\"http:\/\/removal-company-reviews.com\/view-removal-company-review.php?c=Abels%20Moving%20Services%20Ltd&#038;id=384\" target=\"_blank\" rel=\"noopener\">Mnenja o podjetju za odstranjevanje<\/a><\/li>\n<\/ul>\n<p><strong>Negativno:<\/strong><\/p>\n<ul>\n<li> <em>\"Grozljiva komunikacija o nepotrebnih zamudah. Boste se bali, da so izginili vsi va\u0161i \u017eivljenjski predmeti.\"<\/em> - Jeanie C. prek <a href=\"https:\/\/www.yelp.co.uk\/biz\/abels-moving-services-ltd-brandon-2?hrid=qZqRG6iZsRo2GEP-XgQefQ&#038;utm_campaign=www_review_share_popup&#038;utm_medium=copy_link&#038;utm_source=(direct)\" target=\"_blank\" rel=\"noopener\">Yelp<\/a><\/li>\n<li> <em>\"\u010de nisi kraljica, se zate ne bodo preve\u010d zmenili.\"<\/em> - Simon prek <a href=\"http:\/\/www.removalreviews.co.uk\/movingreviews\/far-from-their-advertising-image-7304\" target=\"_blank\" rel=\"noopener\">Mnenja o odstranjevanju<\/a><\/li>\n<li> <em>\"Slaba storitev vse okoli s slabo komunikacijo med obema <a href=\"https:\/\/moverdb.com\/sl\/selitev-v-singapur\/\">Singapur<\/a> ekipo in ekipo Zdru\u017eenega kraljestva.\"<\/em> - Gospod Crapper prek <a href=\"http:\/\/moveaide.com\/movers\/abels-moving-cambrige-uk-mover-reviews\" target=\"_blank\" rel=\"noopener\">MoveAide<\/a><\/li>\n<\/li>\n<\/ul>\n<div itemprop=\"review\" itemscope itemtype=\"http:\/\/schema.org\/Review\">\n<span itemprop=\"author\" itemscope=\"\" itemtype=\"http:\/\/schema.org\/Organization\"><span itemprop=\"name\">MoverDB.com<\/span><\/span> Spletni pregled spletnega mesta za <span itemprop=\"itemreviewed\" itemscope=\"\" itemtype=\"http:\/\/schema.org\/Brand\"><span itemprop=\"name\">Abels Moving Services<\/span><\/span>:<\/p>\n<ol>\n<li> Jasni kontaktni podatki na spletnem mestu (vklju\u010dno s telefonsko \u0161tevilko): <strong>Da<\/strong><\/li>\n<li> Enostavno pridobivanje <a href=\"https:\/\/moverdb.com\/sl\/citati\/\">mednarodne selitve<\/a>? (Spletni obrazec za zahtevek za oceno): <strong>Da<\/strong><\/li>\n<li> Jasne informacije na spletnem mestu: <strong>Da,<\/strong> dostojno koli\u010dino informacij na spletni strani o svojih storitvah, \u010deprav nekateri <\/li>\n<li> \u010clanstvo v mednarodno priznanih organizacijah, ki se ukvarjajo z gibanjem: <strong>Da<\/strong>, glej zgoraj.<\/li>\n<li> Seznam strank in\/ali pri\u010devanja prej\u0161njih strank: <strong>Da<\/strong> Na spletnem mestu so pozitivna pri\u010devanja strank.<\/li>\n<\/ol>\n<div itemprop=\"reviewRating\" itemscope itemtype=\"http:\/\/schema.org\/Rating\"><meta itemprop=\"worstRating\" content = \"0\" \/><meta itemprop=\"bestRating\" content=\"5\" \/><meta itemprop=\"ratingValue\" content=\"4.5\"><\/div>\n<p><strong>Skupna ocena: 4,5\/5<\/strong><br \/>\n<strong>Datum pregleda:<\/strong> <span itemprop=\"datePublished\" content=\"2016-08-31\">31\/08\/2016<\/span>\n<\/div>\n<p>Ve\u010d o <a href=\"https:\/\/moverdb.com\/sl\/mednarodne-selitve\/\">mednarodne selitve<\/a> in na\u0161e <a href=\"https:\/\/moverdb.com\/sl\/pregledi\/\">postopek pregleda<\/a>.<\/p>\n<p><strong>Spletna stran:<\/strong> <a href=\"http:\/\/www.abels.co.uk\" target=\"_blank\" rel=\"noopener\">http:\/\/www.abels.co.uk<\/a><\/p>","protected":false},"excerpt":{"rendered":"<p>Abels Moving Services is based in Brandon, Suffolk but has facilities in London, Cambridge and Lutterworth but serves the whole of the UK. It offers its clients many intentional moving services which are listed below. There also follows a company profile and company reviews. International Moves Airfreight for small volumes Sea freight for large volumes [&hellip;]<\/p>\n","protected":false},"author":1,"featured_media":0,"parent":0,"menu_order":0,"comment_status":"closed","ping_status":"closed","template":"","meta":{"_genesis_hide_title":false,"_genesis_hide_breadcrumbs":false,"_genesis_hide_singular_image":false,"_genesis_hide_footer_widgets":false,"_genesis_custom_body_class":"","_genesis_custom_post_class":"","_genesis_layout":"","footnotes":""},"class_list":{"0":"post-888","1":"page","2":"type-page","3":"status-publish","5":"entry"},"_links":{"self":[{"href":"https:\/\/moverdb.com\/sl\/wp-json\/wp\/v2\/pages\/888","targetHints":{"allow":["GET"]}}],"collection":[{"href":"https:\/\/moverdb.com\/sl\/wp-json\/wp\/v2\/pages"}],"about":[{"href":"https:\/\/moverdb.com\/sl\/wp-json\/wp\/v2\/types\/page"}],"author":[{"embeddable":true,"href":"https:\/\/moverdb.com\/sl\/wp-json\/wp\/v2\/users\/1"}],"replies":[{"embeddable":true,"href":"https:\/\/moverdb.com\/sl\/wp-json\/wp\/v2\/comments?post=888"}],"version-history":[{"count":8,"href":"https:\/\/moverdb.com\/sl\/wp-json\/wp\/v2\/pages\/888\/revisions"}],"predecessor-version":[{"id":6166,"href":"https:\/\/moverdb.com\/sl\/wp-json\/wp\/v2\/pages\/888\/revisions\/6166"}],"wp:attachment":[{"href":"https:\/\/moverdb.com\/sl\/wp-json\/wp\/v2\/media?parent=888"}],"curies":[{"name":"wp","href":"https:\/\/api.w.org\/{rel}","templated":true}]}}