{"id":8438,"date":"2023-04-27T14:42:03","date_gmt":"2023-04-27T14:42:03","guid":{"rendered":"https:\/\/moverdb.com\/?page_id=8438"},"modified":"2026-01-08T15:24:48","modified_gmt":"2026-01-08T15:24:48","slug":"moving-companies-morocco","status":"publish","type":"page","link":"https:\/\/moverdb.com\/sl\/moving-companies\/moving-companies-morocco\/","title":{"rendered":"4 Najbolj\u0161a mednarodna selitvena podjetja v Maroku"},"content":{"rendered":"<p>Ko razmi\u0161ljate o selitvi, je treba postoriti in na\u010drtovati veliko stvari, zlasti \u010de se selite v tujino. Tu je treba zagotoviti <a href=\"https:\/\/moverdb.com\/sl\/moving-companies\/\" data-internallinksmanager029f6b8e52c=\"79\" title=\"Top 25 Mednarodne selitve podjetja Online\">selitev podjetja<\/a> lahko olaj\u0161ate breme. V nadaljevanju smo pripravili seznam maro\u0161kih <a href=\"https:\/\/moverdb.com\/sl\/international-removals\/\" data-internallinksmanager029f6b8e52c=\"27\" title=\"36 najbolj\u0161ih podjetij za mednarodne selitve v Zdru\u017eenem kraljestvu\">podjetja za selitve<\/a> ki so \u010dlani <a href=\"https:\/\/moverdb.com\/sl\/iam\/\" data-internallinksmanager029f6b8e52c=\"23\" title=\"Pojasnila o Mednarodnem zdru\u017eenju gibalcev (IAM)\">Mednarodno zdru\u017eenje movers<\/a> (IAM) in\/ali <a href=\"https:\/\/moverdb.com\/sl\/fidi-faim\/\" data-internallinksmanager029f6b8e52c=\"16\" title=\"Pojasnila o FIDI in FAIM (FIDI Accredited International Mover)\">FIDI<\/a> akreditirani mednarodni selitveni urad (FAIM), ki vam lahko pomaga pri selitvi.<\/p>\n<div id=\"ez-toc-container\" class=\"ez-toc-v2_0_82_2 ez-toc-wrap-left counter-hierarchy ez-toc-counter ez-toc-transparent ez-toc-container-direction\">\n<div class=\"ez-toc-title-container\">\n<p class=\"ez-toc-title\" style=\"cursor:inherit\">Oddelki<\/p>\n<span class=\"ez-toc-title-toggle\"><a href=\"#\" class=\"ez-toc-pull-right ez-toc-btn ez-toc-btn-xs ez-toc-btn-default ez-toc-toggle\" aria-label=\"Toggle Tabela vsebine\"><span class=\"ez-toc-js-icon-con\"><span class=\"\"><span class=\"eztoc-hide\" style=\"display:none;\">Toggle<\/span><span class=\"ez-toc-icon-toggle-span\"><svg style=\"fill: #999;color:#999\" xmlns=\"http:\/\/www.w3.org\/2000\/svg\" class=\"list-377408\" width=\"20px\" height=\"20px\" viewbox=\"0 0 24 24\" fill=\"none\"><path d=\"M6 6H4v2h2V6zm14 0H8v2h12V6zM4 11h2v2H4v-2zm16 0H8v2h12v-2zM4 16h2v2H4v-2zm16 0H8v2h12v-2z\" fill=\"currentColor\"><\/path><\/svg><svg style=\"fill: #999;color:#999\" class=\"arrow-unsorted-368013\" xmlns=\"http:\/\/www.w3.org\/2000\/svg\" width=\"10px\" height=\"10px\" viewbox=\"0 0 24 24\" version=\"1.2\" baseprofile=\"tiny\"><path d=\"M18.2 9.3l-6.2-6.3-6.2 6.3c-.2.2-.3.4-.3.7s.1.5.3.7c.2.2.4.3.7.3h11c.3 0 .5-.1.7-.3.2-.2.3-.5.3-.7s-.1-.5-.3-.7zM5.8 14.7l6.2 6.3 6.2-6.3c.2-.2.3-.5.3-.7s-.1-.5-.3-.7c-.2-.2-.4-.3-.7-.3h-11c-.3 0-.5.1-.7.3-.2.2-.3.5-.3.7s.1.5.3.7z\"\/><\/svg><\/span><\/span><\/span><\/a><\/span><\/div>\n<nav><ul class='ez-toc-list ez-toc-list-level-1 eztoc-toggle-hide-by-default' ><li class='ez-toc-page-1 ez-toc-heading-level-2'><a class=\"ez-toc-link ez-toc-heading-1\" href=\"https:\/\/moverdb.com\/sl\/moving-companies\/moving-companies-morocco\/#1_Africa_Move\" >1. Afrika Move<\/a><\/li><li class='ez-toc-page-1 ez-toc-heading-level-2'><a class=\"ez-toc-link ez-toc-heading-2\" href=\"https:\/\/moverdb.com\/sl\/moving-companies\/moving-companies-morocco\/#2_Euromove\" >2. Euromove<\/a><\/li><li class='ez-toc-page-1 ez-toc-heading-level-2'><a class=\"ez-toc-link ez-toc-heading-3\" href=\"https:\/\/moverdb.com\/sl\/moving-companies\/moving-companies-morocco\/#3_MIMC\" >3. MIMC<\/a><\/li><li class='ez-toc-page-1 ez-toc-heading-level-2'><a class=\"ez-toc-link ez-toc-heading-4\" href=\"https:\/\/moverdb.com\/sl\/moving-companies\/moving-companies-morocco\/#4_MYCS\" >4. MYCS<\/a><\/li><\/ul><\/nav><\/div>\n<h2><span class=\"ez-toc-section\" id=\"1_Africa_Move\"><\/span><strong>1. Afrika Move<\/strong><span class=\"ez-toc-section-end\"><\/span><\/h2>\n<p><img loading=\"lazy\" decoding=\"async\" class=\"alignnone size-full wp-image-8280\" src=\"https:\/\/moverdb.com\/wp-content\/uploads\/Africa-Move-international-moving-company.png\" alt=\"Afrika Move mednarodno gibljejo podjetje\" width=\"1440\" height=\"680\" data-wp-pid=\"8280\" srcset=\"https:\/\/moverdb.com\/wp-content\/uploads\/Africa-Move-international-moving-company.png 1440w, https:\/\/moverdb.com\/wp-content\/uploads\/Africa-Move-international-moving-company-300x142.png 300w, https:\/\/moverdb.com\/wp-content\/uploads\/Africa-Move-international-moving-company-1024x484.png 1024w, https:\/\/moverdb.com\/wp-content\/uploads\/Africa-Move-international-moving-company-18x9.png 18w, https:\/\/moverdb.com\/wp-content\/uploads\/Africa-Move-international-moving-company-600x283.png 600w\" sizes=\"auto, (max-width: 1440px) 100vw, 1440px\" \/><\/p>\n<ul>\n<li>Nacionalne selitve<\/li>\n<li>Mednarodne selitve<\/li>\n<li>Selitve gospodinjstev<\/li>\n<li>Selitve podjetja<\/li>\n<li>Storitev od vrat do vrat<\/li>\n<li>Storitev pakiranja<\/li>\n<li>Cestni, pomorski in zra\u010dni prevoz<\/li>\n<li>Carinska podpora<\/li>\n<li>Spremljanje po\u0161iljke<\/li>\n<li>Zavarovanje<\/li>\n<\/ul>\n<p>Africa Move je podjetje za selitve in premestitve, ki je specializirano za storitve v afri\u0161kih dr\u017eavah, vklju\u010dno z Marokom. Nudijo selitve znotraj dr\u017eave, Afrike in na mednarodni ravni. Imajo svetovno mre\u017eo, ki jim pomaga pri mednarodnih selitvah. Je \u010dlan zdru\u017eenja IAM s tremi leti delovanja.<\/p>\n<p>Africa Move ponuja premike od vrat do vrat s podrobno oceno, ki vklju\u010duje vse njihove storitve. Nudijo storitve pakiranja, pri katerih uporabljajo visokokakovostne materiale in usposobljeno osebje, da zagotovijo pakiranje po mednarodnih standardih. Poskrbijo za prevoz va\u0161ih stvari po cesti, morju ali zraku in pomagajo pri carinskih formalnostih.<\/p>\n<p>Spletna stran: <a href=\"http:\/\/www.africa-move.com\" target=\"_blank\" rel=\"noopener\">http:\/\/www.africa-move.com<\/a><\/p>\n<h2><span class=\"ez-toc-section\" id=\"2_Euromove\"><\/span><strong>2. Euromove<\/strong><span class=\"ez-toc-section-end\"><\/span><\/h2>\n<p><img loading=\"lazy\" decoding=\"async\" class=\"alignnone size-full wp-image-8311\" src=\"https:\/\/moverdb.com\/wp-content\/uploads\/Euromove-international-moving-company-1.png\" alt=\"Euromove mednarodna selitev podjetja\" width=\"1440\" height=\"683\" data-wp-pid=\"8311\" srcset=\"https:\/\/moverdb.com\/wp-content\/uploads\/Euromove-international-moving-company-1.png 1440w, https:\/\/moverdb.com\/wp-content\/uploads\/Euromove-international-moving-company-1-300x142.png 300w, https:\/\/moverdb.com\/wp-content\/uploads\/Euromove-international-moving-company-1-1024x486.png 1024w, https:\/\/moverdb.com\/wp-content\/uploads\/Euromove-international-moving-company-1-18x9.png 18w, https:\/\/moverdb.com\/wp-content\/uploads\/Euromove-international-moving-company-1-600x285.png 600w\" sizes=\"auto, (max-width: 1440px) 100vw, 1440px\" \/><\/p>\n<ul>\n<li>Lokalne in nacionalne selitve<\/li>\n<li>Mednarodne selitve<\/li>\n<li>Stanovanjske selitve<\/li>\n<li>Komercialni premiki<\/li>\n<li>Storitev pakiranja<\/li>\n<li>razstavljanje in sestavljanje pohi\u0161tva<\/li>\n<li>Izbira prevoza in ravnanje z njim<\/li>\n<li>Carinske formalnosti<\/li>\n<li>Prostori za shranjevanje<\/li>\n<\/ul>\n<p>Euromove je mednarodno podjetje, ki je bilo ustanovljeno leta <a href=\"https:\/\/moverdb.com\/sl\/moving-to-canada\/\" data-internallinksmanager029f6b8e52c=\"265\" title=\"Selitev v Kanado? 2023 \u017divljenjski stro\u0161ki in nasveti za selitev\">Kanada<\/a> leta 2004, njeno maro\u0161ko h\u010derinsko podjetje pa je bilo ustanovljeno leta 2011 v Casablanci. Podjetje je \u010dlan zdru\u017eenja IAM \u017ee 12 let, kar mu zagotavlja mednarodno mre\u017eo selitvenih agentov, ki mu pomagajo pri selitvah v tujino.<\/p>\n<p>Euromove ponuja hitre in strokovne selitvene storitve, ki vklju\u010dujejo vse vidike selitve. Nudijo storitev pakiranja, ki bo varno zapakirala vse va\u0161e stvari in jih namestila v novem domu. Imajo vozni park visokokakovostnih selitvenih tovornjakov, ki bodo za\u0161\u010ditili svoj tovor med prevozom. Pomagali vam bodo pri upravnih postopkih in carinskih formalnostih.<\/p>\n<p>Spletna stran: <a href=\"http:\/\/www.euromove.ma\" target=\"_blank\" rel=\"noopener\">http:\/\/www.euromove.ma<\/a><\/p>\n<h2><span class=\"ez-toc-section\" id=\"3_MIMC\"><\/span><strong>3. MIMC<\/strong><span class=\"ez-toc-section-end\"><\/span><\/h2>\n<p><img loading=\"lazy\" decoding=\"async\" class=\"alignnone size-full wp-image-8339\" src=\"https:\/\/moverdb.com\/wp-content\/uploads\/MIMC-international-moving-company.png\" alt=\"MIMC mednarodno gibljejo podjetje\" width=\"1440\" height=\"683\" data-wp-pid=\"8339\" srcset=\"https:\/\/moverdb.com\/wp-content\/uploads\/MIMC-international-moving-company.png 1440w, https:\/\/moverdb.com\/wp-content\/uploads\/MIMC-international-moving-company-300x142.png 300w, https:\/\/moverdb.com\/wp-content\/uploads\/MIMC-international-moving-company-1024x486.png 1024w, https:\/\/moverdb.com\/wp-content\/uploads\/MIMC-international-moving-company-18x9.png 18w, https:\/\/moverdb.com\/wp-content\/uploads\/MIMC-international-moving-company-600x285.png 600w\" sizes=\"auto, (max-width: 1440px) 100vw, 1440px\" \/><\/p>\n<ul>\n<li>Nacionalne poteze<\/li>\n<li>Mednarodne selitve<\/li>\n<li>Selitve gospodinjstev<\/li>\n<li>Storitev od vrat do vrat<\/li>\n<li>Storitev pakiranja<\/li>\n<li>Cestni, pomorski in zra\u010dni prevoz<\/li>\n<li>Carinske formalnosti<\/li>\n<li>Premestitev hi\u0161nih ljubljen\u010dkov<\/li>\n<li><a href=\"https:\/\/moverdb.com\/sl\/car-transport-shipping\/\" data-internallinksmanager029f6b8e52c=\"2\" title=\"2026 Kvote za mednarodni prevoz avtomobilov in prevoz vozil\">Prevoz avtomobilov<\/a><\/li>\n<li>Varna skladi\u0161\u010da<\/li>\n<\/ul>\n<p>MIMC je mednarodno selitveno podjetje, ki je bilo ustanovljeno leta 2001 in ima poslovalnice v Rabatu, Kenitri in Casa. Sodeluje s \u0161tevilnimi zanesljivimi partnerji, ki jim pomagajo pri opravljanju storitev na mednarodni ravni. Je \u010dlan zdru\u017eenja IAM z 22-letno tradicijo.<\/p>\n<p>MIMC ponuja celovito re\u0161itev za selitvene re\u0161itve, prilagojene va\u0161im potrebam, ki se za\u010dne z za\u010detnim pregledom, da se ocenijo va\u0161e zahteve. Ponujajo storitev pakiranja, ki bo za\u0161\u010ditila va\u0161e stvari med prevozom. Ponujajo prevoz po cesti, morju in zraku, ki vklju\u010duje izbiro velikosti po\u0161iljk, kot so polni zabojniki in manj\u0161i zabojniki.<\/p>\n<p>Spletna stran: <a href=\"https:\/\/moumene.ma\/\" target=\"_blank\" rel=\"noopener\">https:\/\/moumene.ma\/<\/a><\/p>\n<h2><span class=\"ez-toc-section\" id=\"4_MYCS\"><\/span><strong>4. MYCS<\/strong><span class=\"ez-toc-section-end\"><\/span><\/h2>\n<p><img loading=\"lazy\" decoding=\"async\" class=\"alignnone size-full wp-image-8439\" src=\"https:\/\/moverdb.com\/wp-content\/uploads\/MYCS-international-moving-company.png\" alt=\"\" width=\"1440\" height=\"676\" data-wp-pid=\"8439\" srcset=\"https:\/\/moverdb.com\/wp-content\/uploads\/MYCS-international-moving-company.png 1440w, https:\/\/moverdb.com\/wp-content\/uploads\/MYCS-international-moving-company-300x141.png 300w, https:\/\/moverdb.com\/wp-content\/uploads\/MYCS-international-moving-company-1024x481.png 1024w, https:\/\/moverdb.com\/wp-content\/uploads\/MYCS-international-moving-company-18x8.png 18w, https:\/\/moverdb.com\/wp-content\/uploads\/MYCS-international-moving-company-600x282.png 600w\" sizes=\"auto, (max-width: 1440px) 100vw, 1440px\" \/><\/p>\n<ul>\n<li>Nacionalne po\u0161iljke<\/li>\n<li>Mednarodne po\u0161iljke<\/li>\n<li>Osebne po\u0161iljke<\/li>\n<li>Komercialne po\u0161iljke<\/li>\n<li>Storitev od vrat do vrat<\/li>\n<li>Cestni, pomorski in zra\u010dni tovorni promet<\/li>\n<li><a href=\"https:\/\/moverdb.com\/sl\/container-shipping\/\" data-internallinksmanager029f6b8e52c=\"3\" title=\"Mednarodni cenik prevozov zabojnikov: april 2026\">Prevoz s kontejnerji<\/a> mo\u017enosti<\/li>\n<li>Carinjenje<\/li>\n<li>Status po\u0161iljk v realnem \u010dasu<\/li>\n<li>Prostori za shranjevanje<\/li>\n<\/ul>\n<p>MYCS je \u0161pedicijsko in logisti\u010dno podjetje z 10-letnimi izku\u0161njami, ki ima sede\u017e v Maroku in <a href=\"https:\/\/moverdb.com\/sl\/moving-companies\/egypt-moving-companies\/\" data-internallinksmanager029f6b8e52c=\"200\" title=\"11 Najbolj\u0161a mednarodna selitvena podjetja v Egiptu\">Egipt<\/a>. Njihovi maro\u0161ki uradi so v Casablanci, Mohamediji in Tangerju. Sodelujejo s svetovno mre\u017eo partnerjev za storitve po vsem svetu in so \u010dlani zdru\u017eenja IAM.<\/p>\n<p>MYCS ponuja prilagojene re\u0161itve za prevoz, ki vklju\u010dujejo prevoz gospodinjskega in poslovnega blaga med domovi ali pisarnami. Nudijo storitve od vrat do vrat za majhne do velike po\u0161iljke in jih lahko dostavijo kamor koli po svetu. Ponujajo cestni, zra\u010dni in pomorski prevoz, ki vklju\u010duje manj\u0161e in polne zabojnike.<\/p>\n<p>Spletna stran: <a href=\"http:\/\/www.mycs.ma\" target=\"_blank\" rel=\"noopener\">http:\/\/www.mycs.ma<\/a> &nbsp;<\/p>","protected":false},"excerpt":{"rendered":"<p>When you are thinking of moving, there is so much to do and plan especially if you are moving abroad. This is where a moving company can help lighten the load. Below we have compiled a list of Moroccan removal companies that are members of the International Association of Movers (IAM) and\/or FIDI Accredited International [&hellip;]<\/p>\n","protected":false},"author":4,"featured_media":0,"parent":190,"menu_order":0,"comment_status":"closed","ping_status":"closed","template":"","meta":{"_genesis_hide_title":false,"_genesis_hide_breadcrumbs":false,"_genesis_hide_singular_image":false,"_genesis_hide_footer_widgets":false,"_genesis_custom_body_class":"","_genesis_custom_post_class":"","_genesis_layout":"","footnotes":""},"class_list":{"0":"post-8438","1":"page","2":"type-page","3":"status-publish","5":"entry","6":"has-post-thumbnail"},"_links":{"self":[{"href":"https:\/\/moverdb.com\/sl\/wp-json\/wp\/v2\/pages\/8438","targetHints":{"allow":["GET"]}}],"collection":[{"href":"https:\/\/moverdb.com\/sl\/wp-json\/wp\/v2\/pages"}],"about":[{"href":"https:\/\/moverdb.com\/sl\/wp-json\/wp\/v2\/types\/page"}],"author":[{"embeddable":true,"href":"https:\/\/moverdb.com\/sl\/wp-json\/wp\/v2\/users\/4"}],"replies":[{"embeddable":true,"href":"https:\/\/moverdb.com\/sl\/wp-json\/wp\/v2\/comments?post=8438"}],"version-history":[{"count":1,"href":"https:\/\/moverdb.com\/sl\/wp-json\/wp\/v2\/pages\/8438\/revisions"}],"predecessor-version":[{"id":8440,"href":"https:\/\/moverdb.com\/sl\/wp-json\/wp\/v2\/pages\/8438\/revisions\/8440"}],"up":[{"embeddable":true,"href":"https:\/\/moverdb.com\/sl\/wp-json\/wp\/v2\/pages\/190"}],"wp:attachment":[{"href":"https:\/\/moverdb.com\/sl\/wp-json\/wp\/v2\/media?parent=8438"}],"curies":[{"name":"wp","href":"https:\/\/api.w.org\/{rel}","templated":true}]}}