{"id":8434,"date":"2023-04-27T14:43:29","date_gmt":"2023-04-27T14:43:29","guid":{"rendered":"https:\/\/moverdb.com\/?page_id=8434"},"modified":"2026-01-08T15:23:49","modified_gmt":"2026-01-08T15:23:49","slug":"moving-companies-mongolia","status":"publish","type":"page","link":"https:\/\/moverdb.com\/sl\/moving-companies\/moving-companies-mongolia\/","title":{"rendered":"2 Najbolj\u0161a mednarodna selitvena podjetja v Mongoliji"},"content":{"rendered":"<p>Selitev je lahko zelo stresna, \u0161e posebej \u010de se seli\u0161 v tujino. \u010ce se selite znotraj Mongolije, v Mongolijo ali iz nje, boste morda \u017eeleli izkoristiti storitve <a href=\"https:\/\/moverdb.com\/sl\/moving-companies\/\" data-internallinksmanager029f6b8e52c=\"79\" title=\"Top 25 Mednarodne selitve podjetja Online\">selitev podjetja<\/a> da vam olaj\u0161ajo \u017eivljenje. V nadaljevanju smo pripravili seznam mongolskih <a href=\"https:\/\/moverdb.com\/sl\/international-removals\/\" data-internallinksmanager029f6b8e52c=\"27\" title=\"36 najbolj\u0161ih podjetij za mednarodne selitve v Zdru\u017eenem kraljestvu\">podjetja za selitve<\/a> ki so \u010dlani <a href=\"https:\/\/moverdb.com\/sl\/iam\/\" data-internallinksmanager029f6b8e52c=\"23\" title=\"Pojasnila o Mednarodnem zdru\u017eenju gibalcev (IAM)\">Mednarodno zdru\u017eenje movers<\/a> (IAM) in\/ali <a href=\"https:\/\/moverdb.com\/sl\/fidi-faim\/\" data-internallinksmanager029f6b8e52c=\"16\" title=\"Pojasnila o FIDI in FAIM (FIDI Accredited International Mover)\">FIDI<\/a> akreditirani mednarodni selitveni delavci (FAIM), ki vam lahko pomagajo pri selitvi.<\/p>\n<h2><strong>1. Nice Move Logistics<\/strong><\/h2>\n<p><img loading=\"lazy\" decoding=\"async\" class=\"alignnone size-full wp-image-8349\" src=\"https:\/\/moverdb.com\/wp-content\/uploads\/Nice-Move-Logistics-international-moving-company.png\" alt=\"Nice Move Logistika mednarodno gibanje podjetje\" width=\"1440\" height=\"670\" data-wp-pid=\"8349\" srcset=\"https:\/\/moverdb.com\/wp-content\/uploads\/Nice-Move-Logistics-international-moving-company.png 1440w, https:\/\/moverdb.com\/wp-content\/uploads\/Nice-Move-Logistics-international-moving-company-300x140.png 300w, https:\/\/moverdb.com\/wp-content\/uploads\/Nice-Move-Logistics-international-moving-company-1024x476.png 1024w, https:\/\/moverdb.com\/wp-content\/uploads\/Nice-Move-Logistics-international-moving-company-18x8.png 18w, https:\/\/moverdb.com\/wp-content\/uploads\/Nice-Move-Logistics-international-moving-company-600x279.png 600w\" sizes=\"auto, (max-width: 1440px) 100vw, 1440px\" \/><\/p>\n<ul>\n<li>Lokalne in nacionalne selitve<\/li>\n<li>Mednarodne selitve<\/li>\n<li>Selitve gospodinjstev<\/li>\n<li>Selitve pisarn<\/li>\n<li>Strokovna storitev pakiranja<\/li>\n<li>Pomorske in zra\u010dne po\u0161iljke<\/li>\n<li>Carinjenje<\/li>\n<li>premestitve hi\u0161nih ljubljen\u010dkov<\/li>\n<li>Prevoz avtomobilov<\/li>\n<li>Prostori za shranjevanje<\/li>\n<\/ul>\n<p>Nice Move Logistics je podjetje za selitev in premestitev, ki je bilo ustanovljeno leta 2021 in ima sede\u017e v Ulan Batorju. So \u010dlan zdru\u017eenja IAM z dveletnim delovanjem, ki jim omogo\u010da dostop do mednarodne mre\u017ee selitvenih agentov, kar jim pomaga pri zagotavljanju storitev po vsem svetu.<\/p>\n<p>Nice Move Logistics ponuja selitvene storitve znotraj Mongolije, v Mongolijo in iz nje za gospodinjstva in pisarne. Nudijo vam profesionalno pakiranje za za\u0161\u010dito va\u0161ih stvari med prevozom in poskrbijo za po\u0161iljanje po morju ali zraku s carinjenjem. Nudijo tudi dodatne storitve, vklju\u010dno s selitvijo hi\u0161nih ljubljen\u010dkov, ravnanjem z avtomobili in skladi\u0161\u010denjem.<\/p>\n<p>Spletna stran: <a href=\"http:\/\/www.nicelogistics.mn\" target=\"_blank\" rel=\"noopener\">http:\/\/www.nicelogistics.mn<\/a><\/p>\n<h2><strong>2. Monex Mongolian Express<\/strong><\/h2>\n<p><img loading=\"lazy\" decoding=\"async\" class=\"alignnone size-full wp-image-8342\" src=\"https:\/\/moverdb.com\/wp-content\/uploads\/Monex-Mongolian-Express-international-moving-company.png\" alt=\"Monex Mongolian Express mednarodno gibanje podjetje\" width=\"1440\" height=\"637\" data-wp-pid=\"8342\" srcset=\"https:\/\/moverdb.com\/wp-content\/uploads\/Monex-Mongolian-Express-international-moving-company.png 1440w, https:\/\/moverdb.com\/wp-content\/uploads\/Monex-Mongolian-Express-international-moving-company-300x133.png 300w, https:\/\/moverdb.com\/wp-content\/uploads\/Monex-Mongolian-Express-international-moving-company-1024x453.png 1024w, https:\/\/moverdb.com\/wp-content\/uploads\/Monex-Mongolian-Express-international-moving-company-18x8.png 18w, https:\/\/moverdb.com\/wp-content\/uploads\/Monex-Mongolian-Express-international-moving-company-600x265.png 600w\" sizes=\"auto, (max-width: 1440px) 100vw, 1440px\" \/><\/p>\n<ul>\n<li>Nacionalne poteze<\/li>\n<li>Mednarodne selitve<\/li>\n<li>Selitve gospodinjstev<\/li>\n<li>Komercialne po\u0161iljke<\/li>\n<li>Organizacija po\u0161iljk<\/li>\n<li><a href=\"https:\/\/moverdb.com\/sl\/container-shipping\/\" data-internallinksmanager029f6b8e52c=\"3\" title=\"Mednarodni cenik prevozov zabojnikov: april 2026\">Prevoz s kontejnerji<\/a><\/li>\n<li>Storitve pakiranja<\/li>\n<li>Cestni, \u017eelezni\u0161ki, pomorski in zra\u010dni prevoz<\/li>\n<li>Carinjenje<\/li>\n<li>Prostori za shranjevanje<\/li>\n<\/ul>\n<p>Monex Mongolian Express je prevozno in logisti\u010dno podjetje, ki je bilo ustanovljeno leta 1999 in ima sede\u017e v Ulan Batorju. Je \u010dlan zdru\u017eenja IAM s 24-letno tradicijo, ki jim zagotavlja mednarodno mre\u017eo selitvenih agentov, ki jim lahko pomagajo pri izvajanju storitev po vsem svetu.<\/p>\n<p>Monex Mongolian Express ponuja storitve po\u0161iljanja, ki vklju\u010dujejo mednarodne selitve in dostavo. Poskrbijo za prevoz va\u0161ega premo\u017eenja po cesti, \u017eeleznici, morju ali zraku in vam pomagajo pri carinjenju. Ponujajo 20- in 40-metrske zabojnike za prevoz va\u0161ega blaga ter vrsto vozil razli\u010dnih velikosti.<\/p>\n<p>Spletna stran: <a href=\"http:\/\/www.monex.mn\" target=\"_blank\" rel=\"noopener\">http:\/\/www.monex.mn<\/a><\/p>","protected":false},"excerpt":{"rendered":"<p>Moving can be a stressful time especially if you are moving countries. If you are moving within, to or from Mongolia you may want to engage the services of a moving company to make your life easier. Below we have compiled a list of Mongolian removal companies that are members of the International Association of [&hellip;]<\/p>\n","protected":false},"author":4,"featured_media":0,"parent":190,"menu_order":0,"comment_status":"closed","ping_status":"closed","template":"","meta":{"_genesis_hide_title":false,"_genesis_hide_breadcrumbs":false,"_genesis_hide_singular_image":false,"_genesis_hide_footer_widgets":false,"_genesis_custom_body_class":"","_genesis_custom_post_class":"","_genesis_layout":"","footnotes":""},"class_list":{"0":"post-8434","1":"page","2":"type-page","3":"status-publish","5":"entry","6":"has-post-thumbnail"},"_links":{"self":[{"href":"https:\/\/moverdb.com\/sl\/wp-json\/wp\/v2\/pages\/8434","targetHints":{"allow":["GET"]}}],"collection":[{"href":"https:\/\/moverdb.com\/sl\/wp-json\/wp\/v2\/pages"}],"about":[{"href":"https:\/\/moverdb.com\/sl\/wp-json\/wp\/v2\/types\/page"}],"author":[{"embeddable":true,"href":"https:\/\/moverdb.com\/sl\/wp-json\/wp\/v2\/users\/4"}],"replies":[{"embeddable":true,"href":"https:\/\/moverdb.com\/sl\/wp-json\/wp\/v2\/comments?post=8434"}],"version-history":[{"count":1,"href":"https:\/\/moverdb.com\/sl\/wp-json\/wp\/v2\/pages\/8434\/revisions"}],"predecessor-version":[{"id":8435,"href":"https:\/\/moverdb.com\/sl\/wp-json\/wp\/v2\/pages\/8434\/revisions\/8435"}],"up":[{"embeddable":true,"href":"https:\/\/moverdb.com\/sl\/wp-json\/wp\/v2\/pages\/190"}],"wp:attachment":[{"href":"https:\/\/moverdb.com\/sl\/wp-json\/wp\/v2\/media?parent=8434"}],"curies":[{"name":"wp","href":"https:\/\/api.w.org\/{rel}","templated":true}]}}