{"id":8404,"date":"2023-04-27T14:48:01","date_gmt":"2023-04-27T14:48:01","guid":{"rendered":"https:\/\/moverdb.com\/?page_id=8404"},"modified":"2026-01-08T15:23:47","modified_gmt":"2026-01-08T15:23:47","slug":"moving-companies-lesotho","status":"publish","type":"page","link":"https:\/\/moverdb.com\/sl\/moving-companies\/moving-companies-lesotho\/","title":{"rendered":"2 Najbolj\u0161a mednarodna selitvena podjetja v Lesotu"},"content":{"rendered":"<p>Selitev je lahko stresno obdobje, ne glede na to, ali se seli\u0161 domov ali v podjetje, stopnja stresa pa se pove\u010da, ko se seli\u0161 v dr\u017eave. Zato se veliko ljudi odlo\u010di za storitve <a href=\"https:\/\/moverdb.com\/sl\/moving-companies\/\" data-internallinksmanager029f6b8e52c=\"79\" title=\"Top 25 Mednarodne selitve podjetja Online\">selitev podjetja<\/a>. V nadaljevanju smo pripravili seznam podjetij s sede\u017eem v Lesotu. <a href=\"https:\/\/moverdb.com\/sl\/international-removals\/\" data-internallinksmanager029f6b8e52c=\"27\" title=\"36 najbolj\u0161ih podjetij za mednarodne selitve v Zdru\u017eenem kraljestvu\">podjetja za selitve<\/a> ki so \u010dlani <a href=\"https:\/\/moverdb.com\/sl\/iam\/\" data-internallinksmanager029f6b8e52c=\"23\" title=\"Pojasnila o Mednarodnem zdru\u017eenju gibalcev (IAM)\">Mednarodno zdru\u017eenje movers<\/a> (IAM) in\/ali <a href=\"https:\/\/moverdb.com\/sl\/fidi-faim\/\" data-internallinksmanager029f6b8e52c=\"16\" title=\"Pojasnila o FIDI in FAIM (FIDI Accredited International Mover)\">FIDI<\/a> akreditirani mednarodni selitveni urad (FAIM), ki vam lahko pomaga pri selitvi.<\/p>\n<h2><strong>1. Stuttaford Van Lines<\/strong><\/h2>\n<p><img loading=\"lazy\" decoding=\"async\" class=\"alignnone size-full wp-image-8368\" src=\"https:\/\/moverdb.com\/wp-content\/uploads\/Stuttaford-Van-Lines-international-moving-company.png\" alt=\"Stuttaford Van Lines mednarodna selitev podjetja\" width=\"1440\" height=\"680\" data-wp-pid=\"8368\" srcset=\"https:\/\/moverdb.com\/wp-content\/uploads\/Stuttaford-Van-Lines-international-moving-company.png 1440w, https:\/\/moverdb.com\/wp-content\/uploads\/Stuttaford-Van-Lines-international-moving-company-300x142.png 300w, https:\/\/moverdb.com\/wp-content\/uploads\/Stuttaford-Van-Lines-international-moving-company-1024x484.png 1024w, https:\/\/moverdb.com\/wp-content\/uploads\/Stuttaford-Van-Lines-international-moving-company-18x9.png 18w, https:\/\/moverdb.com\/wp-content\/uploads\/Stuttaford-Van-Lines-international-moving-company-600x283.png 600w\" sizes=\"auto, (max-width: 1440px) 100vw, 1440px\" \/><\/p>\n<ul>\n<li>Nacionalne poteze<\/li>\n<li>Mednarodne selitve<\/li>\n<li>Stanovanjske selitve<\/li>\n<li>Poslovne poteze<\/li>\n<li>Prilagojene storitve<\/li>\n<li>Storitev pakiranja<\/li>\n<li>Premestitev vozila in hi\u0161nih ljubljen\u010dkov<\/li>\n<li>Rokovanje z umetninami<\/li>\n<li>Zavarovanje<\/li>\n<li>Kratkoro\u010dno in dolgoro\u010dno skladi\u0161\u010denje<\/li>\n<\/ul>\n<p>Stuttaford Van Lines je podjetje za selitve, ki \u017ee od sredine 19. stoletja slu\u017ei dru\u017einam in podjetjem ter ima podru\u017enice po <a href=\"https:\/\/moverdb.com\/sl\/moving-to-south-africa\/\" data-internallinksmanager029f6b8e52c=\"347\" title=\"Selitev v Ju\u017eno Afriko? 2023 \u017divljenjski stro\u0161ki in nasveti za selitev\">Ju\u017ena Afrika<\/a> vklju\u010dno z Masero v Lesotu. S 47 leti delovanja so \u010dlani zdru\u017eenja IAM, kar jim omogo\u010da dostop do mednarodne mre\u017ee selitvenih agentov, ki jim pomagajo,<\/p>\n<p>Stuffaford Van Lines vam bo pomagal skrbno na\u010drtovati in se pripraviti na selitev. Dodelili vam bodo enotno kontaktno osebo, ki vam bo pomagala na vsakem koraku. Zagotavljajo storitev pakiranja, ki vklju\u010duje uporabo visokokakovostne embala\u017ee in za\u0161\u010ditnih prevlek, ozna\u010dili bodo vse kartone in izdelali popis.<\/p>\n<p>Spletna stran: <a href=\"http:\/\/www.stuttafordvanlines.co.za\" target=\"_blank\" rel=\"noopener\">http:\/\/www.stuttafordvanlines.co.za<\/a><\/p>\n<h2><strong>2. Sure Logistics<\/strong><\/h2>\n<p><img loading=\"lazy\" decoding=\"async\" class=\"alignnone size-full wp-image-8371\" src=\"https:\/\/moverdb.com\/wp-content\/uploads\/Sure-Logistics-international-moving-company.png\" alt=\"Sure Logistics mednarodno gibljejo podjetje\" width=\"1440\" height=\"678\" data-wp-pid=\"8371\" srcset=\"https:\/\/moverdb.com\/wp-content\/uploads\/Sure-Logistics-international-moving-company.png 1440w, https:\/\/moverdb.com\/wp-content\/uploads\/Sure-Logistics-international-moving-company-300x141.png 300w, https:\/\/moverdb.com\/wp-content\/uploads\/Sure-Logistics-international-moving-company-1024x482.png 1024w, https:\/\/moverdb.com\/wp-content\/uploads\/Sure-Logistics-international-moving-company-18x8.png 18w, https:\/\/moverdb.com\/wp-content\/uploads\/Sure-Logistics-international-moving-company-600x283.png 600w\" sizes=\"auto, (max-width: 1440px) 100vw, 1440px\" \/><\/p>\n<ul>\n<li>Lokalni premiki<\/li>\n<li>Premiki v tujino<\/li>\n<li>Doma\u010de poteze<\/li>\n<li>Selitve pisarn<\/li>\n<li>Storitve premestitve<\/li>\n<li>Prilagojena storitev selitve<\/li>\n<li>Ureditev prevoza<\/li>\n<li>Mo\u017enosti zabojnikov<\/li>\n<li><a href=\"https:\/\/moverdb.com\/sl\/car-transport-shipping\/\" data-internallinksmanager029f6b8e52c=\"2\" title=\"2026 Kvote za mednarodni prevoz avtomobilov in prevoz vozil\">Prevoz vozil<\/a><\/li>\n<li>Varno kratkoro\u010dno in dolgoro\u010dno shranjevanje<\/li>\n<\/ul>\n<p>Sure Logistics je specializirano podjetje za upravljanje logistike, ki ponuja vrsto prevoznih storitev in re\u0161itev za oskrbovalno verigo ter ima sede\u017e v Maseru. Pri zagotavljanju svojih storitev v drugih dr\u017eavah sodeluje z mednarodnimi partnerji za selitve. Je \u010dlan zdru\u017eenja IAM z devetletno tradicijo.<\/p>\n<p>Sure Logistics ponuja storitve selitve v Lesoto, v Lesoto in iz Lesota za domove in podjetja, ki so prilagojene va\u0161im potrebam. Ponujajo tudi storitve selitve, ki zagotavljajo kadrovsko podporo zaposlenim, in specializirane pakete globalne mobilnosti v ve\u010d kot 150 dr\u017eavah. Varno bodo prepeljali va\u0161e stvari in vam ponudili celoten tovor ali manj kot zabojnik.<\/p>\n<p>Spletna stran: <a href=\"http:\/\/www.surelogistics.co.ls\" target=\"_blank\" rel=\"noopener\">http:\/\/www.surelogistics.co.ls<\/a><\/p>","protected":false},"excerpt":{"rendered":"<p>Moving can be a stressful time whether you are moving your home or your business, and the stress level increases when you are moving countries. This is why so many people employ the services of a moving company. Below we have compiled a list of Lesotho based removal companies that are members of the International [&hellip;]<\/p>\n","protected":false},"author":4,"featured_media":0,"parent":190,"menu_order":0,"comment_status":"closed","ping_status":"closed","template":"","meta":{"_genesis_hide_title":false,"_genesis_hide_breadcrumbs":false,"_genesis_hide_singular_image":false,"_genesis_hide_footer_widgets":false,"_genesis_custom_body_class":"","_genesis_custom_post_class":"","_genesis_layout":"","footnotes":""},"class_list":{"0":"post-8404","1":"page","2":"type-page","3":"status-publish","5":"entry","6":"has-post-thumbnail"},"_links":{"self":[{"href":"https:\/\/moverdb.com\/sl\/wp-json\/wp\/v2\/pages\/8404","targetHints":{"allow":["GET"]}}],"collection":[{"href":"https:\/\/moverdb.com\/sl\/wp-json\/wp\/v2\/pages"}],"about":[{"href":"https:\/\/moverdb.com\/sl\/wp-json\/wp\/v2\/types\/page"}],"author":[{"embeddable":true,"href":"https:\/\/moverdb.com\/sl\/wp-json\/wp\/v2\/users\/4"}],"replies":[{"embeddable":true,"href":"https:\/\/moverdb.com\/sl\/wp-json\/wp\/v2\/comments?post=8404"}],"version-history":[{"count":2,"href":"https:\/\/moverdb.com\/sl\/wp-json\/wp\/v2\/pages\/8404\/revisions"}],"predecessor-version":[{"id":8418,"href":"https:\/\/moverdb.com\/sl\/wp-json\/wp\/v2\/pages\/8404\/revisions\/8418"}],"up":[{"embeddable":true,"href":"https:\/\/moverdb.com\/sl\/wp-json\/wp\/v2\/pages\/190"}],"wp:attachment":[{"href":"https:\/\/moverdb.com\/sl\/wp-json\/wp\/v2\/media?parent=8404"}],"curies":[{"name":"wp","href":"https:\/\/api.w.org\/{rel}","templated":true}]}}