{"id":8402,"date":"2023-04-27T14:51:30","date_gmt":"2023-04-27T14:51:30","guid":{"rendered":"https:\/\/moverdb.com\/?page_id=8402"},"modified":"2026-01-08T15:29:28","modified_gmt":"2026-01-08T15:29:28","slug":"moving-companies-lebanon","status":"publish","type":"page","link":"https:\/\/moverdb.com\/sl\/moving-companies\/moving-companies-lebanon\/","title":{"rendered":"7 najbolj\u0161ih mednarodnih selitvenih podjetij v Libanonu"},"content":{"rendered":"<p>\u017de samo razmi\u0161ljanje o selitvi doma ali podjetja je lahko stresno in se zdi zapleteno, \u010de se nameravate preseliti v tujino. <a href=\"https:\/\/moverdb.com\/sl\/moving-companies\/\" data-internallinksmanager029f6b8e52c=\"79\" title=\"Top 25 Mednarodne selitve podjetja Online\">selitev podjetja<\/a> lahko pomagate z razbremenitvijo. V nadaljevanju smo pripravili seznam podjetij iz Libanona. <a href=\"https:\/\/moverdb.com\/sl\/international-removals\/\" data-internallinksmanager029f6b8e52c=\"27\" title=\"36 najbolj\u0161ih podjetij za mednarodne selitve v Zdru\u017eenem kraljestvu\">podjetja za selitve<\/a> ki so \u010dlani <a href=\"https:\/\/moverdb.com\/sl\/iam\/\" data-internallinksmanager029f6b8e52c=\"23\" title=\"Pojasnila o Mednarodnem zdru\u017eenju gibalcev (IAM)\">Mednarodno zdru\u017eenje movers<\/a> (IAM) in\/ali <a href=\"https:\/\/moverdb.com\/sl\/fidi-faim\/\" data-internallinksmanager029f6b8e52c=\"16\" title=\"Pojasnila o FIDI in FAIM (FIDI Accredited International Mover)\">FIDI<\/a> akreditirani mednarodni selitveni urad (FAIM), ki vam lahko pomaga pri selitvi.<\/p>\n<div id=\"ez-toc-container\" class=\"ez-toc-v2_0_83 ez-toc-wrap-left counter-hierarchy ez-toc-counter ez-toc-transparent ez-toc-container-direction\">\n<div class=\"ez-toc-title-container\">\n<p class=\"ez-toc-title\" style=\"cursor:inherit\">Oddelki<\/p>\n<span class=\"ez-toc-title-toggle\"><a href=\"#\" class=\"ez-toc-pull-right ez-toc-btn ez-toc-btn-xs ez-toc-btn-default ez-toc-toggle\" aria-label=\"Toggle Tabela vsebine\"><span class=\"ez-toc-js-icon-con\"><span class=\"\"><span class=\"eztoc-hide\" style=\"display:none;\">Toggle<\/span><span class=\"ez-toc-icon-toggle-span\"><svg style=\"fill: #999;color:#999\" xmlns=\"http:\/\/www.w3.org\/2000\/svg\" class=\"list-377408\" width=\"20px\" height=\"20px\" viewbox=\"0 0 24 24\" fill=\"none\"><path d=\"M6 6H4v2h2V6zm14 0H8v2h12V6zM4 11h2v2H4v-2zm16 0H8v2h12v-2zM4 16h2v2H4v-2zm16 0H8v2h12v-2z\" fill=\"currentColor\"><\/path><\/svg><svg style=\"fill: #999;color:#999\" class=\"arrow-unsorted-368013\" xmlns=\"http:\/\/www.w3.org\/2000\/svg\" width=\"10px\" height=\"10px\" viewbox=\"0 0 24 24\" version=\"1.2\" baseprofile=\"tiny\"><path d=\"M18.2 9.3l-6.2-6.3-6.2 6.3c-.2.2-.3.4-.3.7s.1.5.3.7c.2.2.4.3.7.3h11c.3 0 .5-.1.7-.3.2-.2.3-.5.3-.7s-.1-.5-.3-.7zM5.8 14.7l6.2 6.3 6.2-6.3c.2-.2.3-.5.3-.7s-.1-.5-.3-.7c-.2-.2-.4-.3-.7-.3h-11c-.3 0-.5.1-.7.3-.2.2-.3.5-.3.7s.1.5.3.7z\"\/><\/svg><\/span><\/span><\/span><\/a><\/span><\/div>\n<nav><ul class='ez-toc-list ez-toc-list-level-1 eztoc-toggle-hide-by-default' ><li class='ez-toc-page-1 ez-toc-heading-level-2'><a class=\"ez-toc-link ez-toc-heading-1\" href=\"https:\/\/moverdb.com\/sl\/moving-companies\/moving-companies-lebanon\/#1_I-Movers\" >1. I-Movers<\/a><\/li><li class='ez-toc-page-1 ez-toc-heading-level-2'><a class=\"ez-toc-link ez-toc-heading-2\" href=\"https:\/\/moverdb.com\/sl\/moving-companies\/moving-companies-lebanon\/#2_Adam_International_Movers\" >2. Adam International Movers<\/a><\/li><li class='ez-toc-page-1 ez-toc-heading-level-2'><a class=\"ez-toc-link ez-toc-heading-3\" href=\"https:\/\/moverdb.com\/sl\/moving-companies\/moving-companies-lebanon\/#3_Orbit_International_Forwarders\" >3. Orbit International Forwarders<\/a><\/li><li class='ez-toc-page-1 ez-toc-heading-level-2'><a class=\"ez-toc-link ez-toc-heading-4\" href=\"https:\/\/moverdb.com\/sl\/moving-companies\/moving-companies-lebanon\/#4_All_Transportation_Agency\" >4. Vse agencije za promet<\/a><\/li><li class='ez-toc-page-1 ez-toc-heading-level-2'><a class=\"ez-toc-link ez-toc-heading-5\" href=\"https:\/\/moverdb.com\/sl\/moving-companies\/moving-companies-lebanon\/#5_Beirut_Express\" >5. Beirut Express<\/a><\/li><li class='ez-toc-page-1 ez-toc-heading-level-2'><a class=\"ez-toc-link ez-toc-heading-6\" href=\"https:\/\/moverdb.com\/sl\/moving-companies\/moving-companies-lebanon\/#6_Domex\" >6. Domex<\/a><\/li><li class='ez-toc-page-1 ez-toc-heading-level-2'><a class=\"ez-toc-link ez-toc-heading-7\" href=\"https:\/\/moverdb.com\/sl\/moving-companies\/moving-companies-lebanon\/#7_BCC_Logistics\" >7. Logistika BCC<\/a><\/li><\/ul><\/nav><\/div>\n<h2><span class=\"ez-toc-section\" id=\"1_I-Movers\"><\/span><strong>1. I-Movers<\/strong><span class=\"ez-toc-section-end\"><\/span><\/h2>\n<p><img loading=\"lazy\" decoding=\"async\" class=\"alignnone size-full wp-image-8327\" src=\"https:\/\/moverdb.com\/wp-content\/uploads\/I-Movers-international-moving-company.png\" alt=\"I-Movers mednarodno gibanje podjetje\" width=\"1440\" height=\"680\" data-wp-pid=\"8327\" srcset=\"https:\/\/moverdb.com\/wp-content\/uploads\/I-Movers-international-moving-company.png 1440w, https:\/\/moverdb.com\/wp-content\/uploads\/I-Movers-international-moving-company-300x142.png 300w, https:\/\/moverdb.com\/wp-content\/uploads\/I-Movers-international-moving-company-1024x484.png 1024w, https:\/\/moverdb.com\/wp-content\/uploads\/I-Movers-international-moving-company-18x9.png 18w, https:\/\/moverdb.com\/wp-content\/uploads\/I-Movers-international-moving-company-600x283.png 600w\" sizes=\"auto, (max-width: 1440px) 100vw, 1440px\" \/><\/p>\n<ul>\n<li>Lokalni premiki<\/li>\n<li>Mednarodne selitve<\/li>\n<li>Selitve gospodinjstev<\/li>\n<li>Premiki podjetij<\/li>\n<li>Prilagojena storitev<\/li>\n<li>Strokovna storitev pakiranja<\/li>\n<li>Letalski in pomorski prevoz<\/li>\n<li>Carinska dokumentacija<\/li>\n<li><a href=\"https:\/\/moverdb.com\/sl\/car-transport-shipping\/\" data-internallinksmanager029f6b8e52c=\"2\" title=\"2026 Kvote za mednarodni prevoz avtomobilov in prevoz vozil\">Prevoz vozil<\/a><\/li>\n<li>Mo\u017enosti shranjevanja<\/li>\n<\/ul>\n<p>I-Movers je mednarodno podjetje za selitve, ki je namenjeno gospodinjstvom in podjetjem ter ima sede\u017e v Bejrutu. Podjetje je \u010dlan zdru\u017eenja IAM \u017ee osem let in ima dostop do mednarodne mre\u017ee selitvenih agentov.<\/p>\n<p>Dru\u017eba I-Movers ponuja virtualno raziskavo za hitrost in u\u010dinkovitost. Nudijo prilagojene selitvene storitve z vodjo selitve, ki bo vodil va\u0161o selitev. Zagotavljajo storitev pakiranja, pri kateri uporabljajo vrhunski embala\u017eni material in dobro usposobljene ekipe pakircev, ki so tudi zavarovani proti vsem tveganjem. Zagotavljajo sistem za sledenje letalskim in pomorskim po\u0161iljkam ter pomo\u010d pri urejanju dokumentacije, vklju\u010dno s carinjenjem.<\/p>\n<p>Spletna stran: <a href=\"http:\/\/www.i-movers.com\" target=\"_blank\" rel=\"noopener\">http:\/\/www.i-movers.com<\/a><\/p>\n<h2><span class=\"ez-toc-section\" id=\"2_Adam_International_Movers\"><\/span><strong>2. Adam International Movers<\/strong><span class=\"ez-toc-section-end\"><\/span><\/h2>\n<p><img loading=\"lazy\" decoding=\"async\" class=\"alignnone size-full wp-image-8279\" src=\"https:\/\/moverdb.com\/wp-content\/uploads\/Adam-International-Movers-company.png\" alt=\"Adam International Movers podjetje\" width=\"1440\" height=\"679\" data-wp-pid=\"8279\" srcset=\"https:\/\/moverdb.com\/wp-content\/uploads\/Adam-International-Movers-company.png 1440w, https:\/\/moverdb.com\/wp-content\/uploads\/Adam-International-Movers-company-300x141.png 300w, https:\/\/moverdb.com\/wp-content\/uploads\/Adam-International-Movers-company-1024x483.png 1024w, https:\/\/moverdb.com\/wp-content\/uploads\/Adam-International-Movers-company-18x8.png 18w, https:\/\/moverdb.com\/wp-content\/uploads\/Adam-International-Movers-company-600x283.png 600w\" sizes=\"auto, (max-width: 1440px) 100vw, 1440px\" \/><\/p>\n<ul>\n<li>Nacionalne poteze<\/li>\n<li>Mednarodne selitve<\/li>\n<li>Selitve gospodinjstev<\/li>\n<li>Selitve pisarn<\/li>\n<li>Prilagodljive ponudbe, ki so prijazne do prora\u010duna<\/li>\n<li>Strokovna storitev pakiranja<\/li>\n<li>Prevoz po cesti, zraku ali morju<\/li>\n<li>Carinjenje<\/li>\n<li>Zavarovanje<\/li>\n<li>Prostori za shranjevanje<\/li>\n<\/ul>\n<p>Adam International Movers je podjetje za pakiranje in selitve za posameznike, domove in pisarne z lokacijami v Bejrutu, Libanonu in Armeniji. Imajo mre\u017eo zastopnikov in \u0161pediterjev po vsem svetu, ki jim pomagajo pri izvajanju mednarodnih storitev. Je \u010dlan zdru\u017eenja IAM s \u0161estimi leti delovanja.<\/p>\n<p>Adam International Movers ponuja pregled pred selitvijo, da bi razumel va\u0161e zahteve za selitev in vam dal ponudbo. Nudijo strokovno storitev pakiranja, ki jo izvaja usposobljeno osebje, ki uporablja najnovej\u0161e tehnike in visokokakovostne embala\u017ene materiale. Poskrbijo za prevoz va\u0161ih stvari po cesti, zraku ali morju ter po potrebi opravijo carinjenje.<\/p>\n<p>Spletna stran: <a href=\"http:\/\/www.adam-movers.com\" target=\"_blank\" rel=\"noopener\">http:\/\/www.adam-movers.com<\/a><\/p>\n<h2><span class=\"ez-toc-section\" id=\"3_Orbit_International_Forwarders\"><\/span><strong>3. Orbit International Forwarders<\/strong><span class=\"ez-toc-section-end\"><\/span><\/h2>\n<p><img loading=\"lazy\" decoding=\"async\" class=\"alignnone size-full wp-image-8351\" src=\"https:\/\/moverdb.com\/wp-content\/uploads\/Orbit-International-Forwarders-Lebanon-moving-company.png\" alt=\"Orbit International Forwarders Libanon premika podjetje\" width=\"1440\" height=\"679\" data-wp-pid=\"8351\" srcset=\"https:\/\/moverdb.com\/wp-content\/uploads\/Orbit-International-Forwarders-Lebanon-moving-company.png 1440w, https:\/\/moverdb.com\/wp-content\/uploads\/Orbit-International-Forwarders-Lebanon-moving-company-300x141.png 300w, https:\/\/moverdb.com\/wp-content\/uploads\/Orbit-International-Forwarders-Lebanon-moving-company-1024x483.png 1024w, https:\/\/moverdb.com\/wp-content\/uploads\/Orbit-International-Forwarders-Lebanon-moving-company-18x8.png 18w, https:\/\/moverdb.com\/wp-content\/uploads\/Orbit-International-Forwarders-Lebanon-moving-company-600x283.png 600w\" sizes=\"auto, (max-width: 1440px) 100vw, 1440px\" \/><\/p>\n<ul>\n<li>Lokalne in nacionalne selitve<\/li>\n<li>Selitve po vsem svetu<\/li>\n<li>Selitve gospodinjstev<\/li>\n<li>Selitve podjetij<\/li>\n<li>Storitev od vrat do vrat<\/li>\n<li>Storitev pakiranja<\/li>\n<li>kopenski, pomorski ali zra\u010dni tovorni promet<\/li>\n<li>Rokovanje z likovno umetnostjo<\/li>\n<li>Prevoz motornih vozil<\/li>\n<li>Prostori za shranjevanje<\/li>\n<\/ul>\n<p>Orbit International Forwarders je podjetje za pakiranje in selitve, ki je bilo ustanovljeno leta 1983. Ima devet lokacij v Evropi in Aziji, vklju\u010dno z Bejrutom v Libanonu. Za mednarodno opravljanje svojih storitev sodelujejo z ve\u010d kot tiso\u010d izbranimi zastopniki v skoraj vseh dr\u017eavah sveta. S 26 leti delovanja so \u010dlani zdru\u017eenja IAM.<\/p>\n<p>Podjetje Orbit International Forwarders ponuja prilagojeno storitev selitve od vrat do vrat, ki se za\u010dne z za\u010detnim pregledom. Ponujajo visokokakovostno pakiranje za za\u0161\u010dito va\u0161ega premo\u017eenja in zaboje za krhke predmete. Nudijo dodatne storitve, ki vklju\u010dujejo prevoz motornih vozil, ravnanje z umetninami, logistiko razstav, logistiko medijev in zabave ter skladi\u0161\u010denje.<\/p>\n<p>Spletna stran: <a href=\"http:\/\/www.orbitlb.com\" target=\"_blank\" rel=\"noopener\">http:\/\/www.orbitlb.com<\/a><\/p>\n<h2><span class=\"ez-toc-section\" id=\"4_All_Transportation_Agency\"><\/span><strong>4. Vse agencije za promet<\/strong><span class=\"ez-toc-section-end\"><\/span><\/h2>\n<p><img loading=\"lazy\" decoding=\"async\" class=\"alignnone size-full wp-image-8285\" src=\"https:\/\/moverdb.com\/wp-content\/uploads\/All-Transportation-Agency-international-moving-company.png\" alt=\"Vse Transportna agencija mednarodno gibljejo podjetje\" width=\"1440\" height=\"680\" data-wp-pid=\"8285\" srcset=\"https:\/\/moverdb.com\/wp-content\/uploads\/All-Transportation-Agency-international-moving-company.png 1440w, https:\/\/moverdb.com\/wp-content\/uploads\/All-Transportation-Agency-international-moving-company-300x142.png 300w, https:\/\/moverdb.com\/wp-content\/uploads\/All-Transportation-Agency-international-moving-company-1024x484.png 1024w, https:\/\/moverdb.com\/wp-content\/uploads\/All-Transportation-Agency-international-moving-company-18x9.png 18w, https:\/\/moverdb.com\/wp-content\/uploads\/All-Transportation-Agency-international-moving-company-600x283.png 600w\" sizes=\"auto, (max-width: 1440px) 100vw, 1440px\" \/><\/p>\n<ul>\n<li>Nacionalne poteze<\/li>\n<li>Mednarodne selitve<\/li>\n<li>Selitve gospodinjstev<\/li>\n<li>Komercialni projekti<\/li>\n<li>Storitev od vrat do vrat<\/li>\n<li>Strokovna storitev pakiranja<\/li>\n<li>Kopenski, pomorski in zra\u010dni prevoz<\/li>\n<li>Carinjenje<\/li>\n<li>Rokovanje z likovno umetnostjo<\/li>\n<li>Varno shranjevanje<\/li>\n<\/ul>\n<p>All Transportation Agency je agencija za kliring in \u0161pedicijo, ustanovljena leta 1985, s sede\u017eem v Bejrutu. Sede\u017ee ima tudi v Tripoliju, Saidi in Tyru. So \u010dlani zdru\u017eenja IAM, kar jim omogo\u010da dostop do mednarodne mre\u017ee selitvenih agentov, ki jim lahko pomagajo pri opravljanju storitev na mednarodni ravni.<\/p>\n<p>Agencija All Transportation Agency zagotavlja storitve od vrat do vrat za gospodinjstva, ki se selijo znotraj Libanona, v Libanon ali iz njega. Zagotavlja strokovno pakiranje za za\u0161\u010dito va\u0161ega premo\u017eenja, ki vklju\u010duje specializirano storitev za likovno umetnost. Njihova storitev pakiranja vklju\u010duje tudi razstavljanje in sestavljanje pohi\u0161tva ter ozna\u010devanje \u0161katel.<\/p>\n<p>Spletna stran: <a href=\"http:\/\/www.ata-lebanon.com\" target=\"_blank\" rel=\"noopener\">http:\/\/www.ata-lebanon.com<\/a><\/p>\n<h2><span class=\"ez-toc-section\" id=\"5_Beirut_Express\"><\/span><strong>5. Beirut Express<\/strong><span class=\"ez-toc-section-end\"><\/span><\/h2>\n<p><img loading=\"lazy\" decoding=\"async\" class=\"alignnone size-full wp-image-8293\" src=\"https:\/\/moverdb.com\/wp-content\/uploads\/Beirut-Express-international-moving-company.png\" alt=\"Bejrut Express mednarodno gibanje podjetje\" width=\"1440\" height=\"681\" data-wp-pid=\"8293\" srcset=\"https:\/\/moverdb.com\/wp-content\/uploads\/Beirut-Express-international-moving-company.png 1440w, https:\/\/moverdb.com\/wp-content\/uploads\/Beirut-Express-international-moving-company-300x142.png 300w, https:\/\/moverdb.com\/wp-content\/uploads\/Beirut-Express-international-moving-company-1024x484.png 1024w, https:\/\/moverdb.com\/wp-content\/uploads\/Beirut-Express-international-moving-company-18x9.png 18w, https:\/\/moverdb.com\/wp-content\/uploads\/Beirut-Express-international-moving-company-600x284.png 600w\" sizes=\"auto, (max-width: 1440px) 100vw, 1440px\" \/><\/p>\n<ul>\n<li>Lokalne selitve<\/li>\n<li>Mednarodne selitve<\/li>\n<li>Selitve gospodinjstev<\/li>\n<li>Selitve pisarn<\/li>\n<li>Strokovna storitev pakiranja<\/li>\n<li>Kakovostni materiali za pakiranje<\/li>\n<li>Letalski in pomorski tovorni promet<\/li>\n<li>Carinjenje<\/li>\n<li>Prevoz vozil<\/li>\n<li>Potovanje in izdajanje vozovnic<\/li>\n<\/ul>\n<p>Beirut Express je lokalna in mednarodna selitvena slu\u017eba, ki deluje \u017ee 56 let in ima sede\u017e v Bejrutu. Ima svetovno mre\u017eo pridru\u017eenih podjetij in poobla\u0161\u010denih zastopnikov ter je \u010dlan zdru\u017eenja IAM.<\/p>\n<p>Beirut Express ponuja selitvene storitve za gospodinjstva, podjetja in gospodarske dru\u017ebe, da bi bila selitev \u010dim manj te\u017eavna. Nudijo strokovno storitev pakiranja z usposobljeno ekipo, ki uporablja visoke za\u0161\u010ditne tehnike za za\u0161\u010dito va\u0161ih stvari med prevozom. Poskrbijo za prevoz va\u0161ih stvari z letalskim in pomorskim prevozom ter pomagajo pri carinjenju.<\/p>\n<p>Spletna stran: <a href=\"http:\/\/www.beirutexpress.com\" target=\"_blank\" rel=\"noopener\">http:\/\/www.beirutexpress.com<\/a><\/p>\n<h2><span class=\"ez-toc-section\" id=\"6_Domex\"><\/span><strong>6. Domex<\/strong><span class=\"ez-toc-section-end\"><\/span><\/h2>\n<p><img loading=\"lazy\" decoding=\"async\" class=\"alignnone size-full wp-image-8306\" src=\"https:\/\/moverdb.com\/wp-content\/uploads\/Domex-international-moving-company.png\" alt=\"Domex mednarodno gibanje podjetje\" width=\"1440\" height=\"681\" data-wp-pid=\"8306\" srcset=\"https:\/\/moverdb.com\/wp-content\/uploads\/Domex-international-moving-company.png 1440w, https:\/\/moverdb.com\/wp-content\/uploads\/Domex-international-moving-company-300x142.png 300w, https:\/\/moverdb.com\/wp-content\/uploads\/Domex-international-moving-company-1024x484.png 1024w, https:\/\/moverdb.com\/wp-content\/uploads\/Domex-international-moving-company-18x9.png 18w, https:\/\/moverdb.com\/wp-content\/uploads\/Domex-international-moving-company-600x284.png 600w\" sizes=\"auto, (max-width: 1440px) 100vw, 1440px\" \/><\/p>\n<ul>\n<li>Mednarodne selitve<\/li>\n<li>Selitve gospodinjstev<\/li>\n<li>Selitve pisarn<\/li>\n<li>Storitev od vrat do vrat<\/li>\n<li>Storitev pakiranja<\/li>\n<li>Visokokakovostni embala\u017eni materiali<\/li>\n<li>Carinjenje<\/li>\n<li>Rokovanje z umetninami<\/li>\n<li>Zavarovanje<\/li>\n<li>Prostori za shranjevanje<\/li>\n<\/ul>\n<p>Domex je podjetje za selitve in skladi\u0161\u010denje, ki opravlja mednarodne storitve v Libanon in iz njega ter ima sede\u017e v Bejrutu. Pri izvajanju storitev zunaj Libanona sodeluje z izbranimi selitvenimi podjetji po vsem svetu in je \u010dlan zdru\u017eenja IAM.<\/p>\n<p>Domex gospodinjstvom in pisarnam ponuja storitev od vrat do vrat. Nudijo storitev pakiranja, pri kateri uporabljajo visokokakovostne pakirne materiale za za\u0161\u010dito va\u0161ih predmetov in usposobljeno osebje. Nudijo tudi posebne storitve za krhke predmete in umetnine. Organizirajo najustreznej\u0161o pot in prevoz z uporabo pomorskega in zra\u010dnega tovora ter vam pomagajo pri carinjenju.<\/p>\n<p>Spletna stran: <a href=\"http:\/\/www.domexco.net\" target=\"_blank\" rel=\"noopener\">http:\/\/www.domexco.net<\/a><\/p>\n<h2><span class=\"ez-toc-section\" id=\"7_BCC_Logistics\"><\/span><strong>7. Logistika BCC<\/strong><span class=\"ez-toc-section-end\"><\/span><\/h2>\n<p><img loading=\"lazy\" decoding=\"async\" class=\"alignnone size-full wp-image-7673\" src=\"https:\/\/moverdb.com\/wp-content\/uploads\/BCC-Logistics-international-moving-company.png\" alt=\"BCC Logistika mednarodno gibljejo podjetje\" width=\"1440\" height=\"634\" data-wp-pid=\"7673\" srcset=\"https:\/\/moverdb.com\/wp-content\/uploads\/BCC-Logistics-international-moving-company.png 1440w, https:\/\/moverdb.com\/wp-content\/uploads\/BCC-Logistics-international-moving-company-300x132.png 300w, https:\/\/moverdb.com\/wp-content\/uploads\/BCC-Logistics-international-moving-company-1024x451.png 1024w, https:\/\/moverdb.com\/wp-content\/uploads\/BCC-Logistics-international-moving-company-18x8.png 18w, https:\/\/moverdb.com\/wp-content\/uploads\/BCC-Logistics-international-moving-company-600x264.png 600w\" sizes=\"auto, (max-width: 1440px) 100vw, 1440px\" \/><\/p>\n<ul>\n<li>Nacionalne poteze<\/li>\n<li>Mednarodne selitve<\/li>\n<li>Stanovanjske selitve<\/li>\n<li>Premiki podjetij<\/li>\n<li>Storitev od vrat do vrat<\/li>\n<li>Storitev pakiranja<\/li>\n<li>Kopenski, pomorski in zra\u010dni tovorni promet<\/li>\n<li>Carinjenje<\/li>\n<li>Rokovanje z likovno umetnostjo<\/li>\n<li>Prostori za shranjevanje<\/li>\n<\/ul>\n<p>BCC Logistics je globalno \u0161peditersko podjetje s sede\u017eem v Bejrutu, ustanovljeno leta 1993, z lokacijami v <a href=\"https:\/\/moverdb.com\/sl\/moving-to-qatar\/\" data-internallinksmanager029f6b8e52c=\"334\" title=\"Selitev v Katar? 2023 \u017divljenjski stro\u0161ki in nasveti za selitev\">Katar<\/a>, <a href=\"https:\/\/moverdb.com\/sl\/moving-companies\/moving-companies-iraq\/\" data-internallinksmanager029f6b8e52c=\"314\" title=\"2 Najbolj\u0161a mednarodna selitvena podjetja v Iraku\">Irak<\/a> in . <a href=\"https:\/\/moverdb.com\/sl\/moving-to-saudi-arabia\/\" data-internallinksmanager029f6b8e52c=\"319\" title=\"Selitev v Savdsko Arabijo? 2023 \u017divljenjski stro\u0161ki in nasveti za selitev\">Savdska Arabija<\/a>. Dobro so povezani z mednarodnimi selitvenimi agenti, kar jim omogo\u010da opravljanje storitev po vsem svetu. So \u010dlani zdru\u017eenja IAM in akreditirani pri FIDI.<\/p>\n<p>BCC Logistics ponuja selitvene storitve od vrat do vrat z eno kontaktno to\u010dko. Nudijo storitev pakiranja z uporabo kakovostnih pakirnih materialov ter pomorske po\u0161iljke v zabojnikih in tristensko pakiranje za letalske po\u0161iljke s carinskimi formalnostmi. Pomagajo vam pri pakiranju, razpakiranju in name\u0161\u010danju pohi\u0161tva. Ponujajo tudi ravnanje s te\u017ekimi predmeti, prevoz vozil in zavarovanje.<\/p>\n<p>Spletna stran: <a href=\"http:\/\/www.bcclogistics.com\/\" target=\"_blank\" rel=\"noopener\">http:\/\/www.bcclogistics.com\/<\/a><\/p>","protected":false},"excerpt":{"rendered":"<p>Just thinking about moving your home or business can be stressful and seem complicated if you are planning on moving abroad, which is where a moving company can assist by lightening the load. Below we have compiled a list of Lebanon based removal companies that are members of the International Association of Movers (IAM) and\/or [&hellip;]<\/p>\n","protected":false},"author":4,"featured_media":0,"parent":190,"menu_order":0,"comment_status":"closed","ping_status":"closed","template":"","meta":{"_genesis_hide_title":false,"_genesis_hide_breadcrumbs":false,"_genesis_hide_singular_image":false,"_genesis_hide_footer_widgets":false,"_genesis_custom_body_class":"","_genesis_custom_post_class":"","_genesis_layout":"","footnotes":""},"class_list":{"0":"post-8402","1":"page","2":"type-page","3":"status-publish","5":"entry","6":"has-post-thumbnail"},"_links":{"self":[{"href":"https:\/\/moverdb.com\/sl\/wp-json\/wp\/v2\/pages\/8402","targetHints":{"allow":["GET"]}}],"collection":[{"href":"https:\/\/moverdb.com\/sl\/wp-json\/wp\/v2\/pages"}],"about":[{"href":"https:\/\/moverdb.com\/sl\/wp-json\/wp\/v2\/types\/page"}],"author":[{"embeddable":true,"href":"https:\/\/moverdb.com\/sl\/wp-json\/wp\/v2\/users\/4"}],"replies":[{"embeddable":true,"href":"https:\/\/moverdb.com\/sl\/wp-json\/wp\/v2\/comments?post=8402"}],"version-history":[{"count":1,"href":"https:\/\/moverdb.com\/sl\/wp-json\/wp\/v2\/pages\/8402\/revisions"}],"predecessor-version":[{"id":8403,"href":"https:\/\/moverdb.com\/sl\/wp-json\/wp\/v2\/pages\/8402\/revisions\/8403"}],"up":[{"embeddable":true,"href":"https:\/\/moverdb.com\/sl\/wp-json\/wp\/v2\/pages\/190"}],"wp:attachment":[{"href":"https:\/\/moverdb.com\/sl\/wp-json\/wp\/v2\/media?parent=8402"}],"curies":[{"name":"wp","href":"https:\/\/api.w.org\/{rel}","templated":true}]}}