{"id":8400,"date":"2023-04-27T14:52:05","date_gmt":"2023-04-27T14:52:05","guid":{"rendered":"https:\/\/moverdb.com\/?page_id=8400"},"modified":"2026-01-08T15:24:21","modified_gmt":"2026-01-08T15:24:21","slug":"moving-companies-latvia","status":"publish","type":"page","link":"https:\/\/moverdb.com\/sl\/moving-companies\/moving-companies-latvia\/","title":{"rendered":"3 Najbolj\u0161a mednarodna selitvena podjetja v Latviji"},"content":{"rendered":"<p>\u010ce se selite v Latvijo, iz nje ali v Latvijo, boste morda \u017eeleli najeti selitveno podjetje, ki vam bo pomagalo pri selitvi. V nadaljevanju smo pripravili seznam latvijskih <a href=\"https:\/\/moverdb.com\/sl\/international-removals\/\" data-internallinksmanager029f6b8e52c=\"27\" title=\"36 najbolj\u0161ih podjetij za mednarodne selitve v Zdru\u017eenem kraljestvu\">podjetja za selitve<\/a> ki so \u010dlani <a href=\"https:\/\/moverdb.com\/sl\/iam\/\" data-internallinksmanager029f6b8e52c=\"23\" title=\"Pojasnila o Mednarodnem zdru\u017eenju gibalcev (IAM)\">Mednarodno zdru\u017eenje movers<\/a> (IAM) in\/ali <a href=\"https:\/\/moverdb.com\/sl\/fidi-faim\/\" data-internallinksmanager029f6b8e52c=\"16\" title=\"Pojasnila o FIDI in FAIM (FIDI Accredited International Mover)\">FIDI<\/a> akreditirani mednarodni selitveni delavci (FAIM), ki vam lahko pomagajo pri selitvi.<\/p>\n<div id=\"ez-toc-container\" class=\"ez-toc-v2_0_82_2 ez-toc-wrap-left counter-hierarchy ez-toc-counter ez-toc-transparent ez-toc-container-direction\">\n<div class=\"ez-toc-title-container\">\n<p class=\"ez-toc-title\" style=\"cursor:inherit\">Oddelki<\/p>\n<span class=\"ez-toc-title-toggle\"><a href=\"#\" class=\"ez-toc-pull-right ez-toc-btn ez-toc-btn-xs ez-toc-btn-default ez-toc-toggle\" aria-label=\"Toggle Tabela vsebine\"><span class=\"ez-toc-js-icon-con\"><span class=\"\"><span class=\"eztoc-hide\" style=\"display:none;\">Toggle<\/span><span class=\"ez-toc-icon-toggle-span\"><svg style=\"fill: #999;color:#999\" xmlns=\"http:\/\/www.w3.org\/2000\/svg\" class=\"list-377408\" width=\"20px\" height=\"20px\" viewbox=\"0 0 24 24\" fill=\"none\"><path d=\"M6 6H4v2h2V6zm14 0H8v2h12V6zM4 11h2v2H4v-2zm16 0H8v2h12v-2zM4 16h2v2H4v-2zm16 0H8v2h12v-2z\" fill=\"currentColor\"><\/path><\/svg><svg style=\"fill: #999;color:#999\" class=\"arrow-unsorted-368013\" xmlns=\"http:\/\/www.w3.org\/2000\/svg\" width=\"10px\" height=\"10px\" viewbox=\"0 0 24 24\" version=\"1.2\" baseprofile=\"tiny\"><path d=\"M18.2 9.3l-6.2-6.3-6.2 6.3c-.2.2-.3.4-.3.7s.1.5.3.7c.2.2.4.3.7.3h11c.3 0 .5-.1.7-.3.2-.2.3-.5.3-.7s-.1-.5-.3-.7zM5.8 14.7l6.2 6.3 6.2-6.3c.2-.2.3-.5.3-.7s-.1-.5-.3-.7c-.2-.2-.4-.3-.7-.3h-11c-.3 0-.5.1-.7.3-.2.2-.3.5-.3.7s.1.5.3.7z\"\/><\/svg><\/span><\/span><\/span><\/a><\/span><\/div>\n<nav><ul class='ez-toc-list ez-toc-list-level-1 eztoc-toggle-hide-by-default' ><li class='ez-toc-page-1 ez-toc-heading-level-2'><a class=\"ez-toc-link ez-toc-heading-1\" href=\"https:\/\/moverdb.com\/sl\/moving-companies\/moving-companies-latvia\/#1_FF_International_Movers\" >1. FF Mednarodni premika\u010di<\/a><\/li><li class='ez-toc-page-1 ez-toc-heading-level-2'><a class=\"ez-toc-link ez-toc-heading-2\" href=\"https:\/\/moverdb.com\/sl\/moving-companies\/moving-companies-latvia\/#2_Gosselin\" >2. Gosselin<\/a><\/li><li class='ez-toc-page-1 ez-toc-heading-level-2'><a class=\"ez-toc-link ez-toc-heading-3\" href=\"https:\/\/moverdb.com\/sl\/moving-companies\/moving-companies-latvia\/#3_Zebra_Cargo\" >3. Zebra Cargo<\/a><\/li><li class='ez-toc-page-1 ez-toc-heading-level-2'><a class=\"ez-toc-link ez-toc-heading-4\" href=\"https:\/\/moverdb.com\/sl\/moving-companies\/moving-companies-latvia\/#Other_Useful_Guides_to_Latvia\" >Drugi uporabni vodniki za Latvijo<\/a><\/li><\/ul><\/nav><\/div>\n<h2><span class=\"ez-toc-section\" id=\"1_FF_International_Movers\"><\/span><strong>1. FF Mednarodni premika\u010di<\/strong><span class=\"ez-toc-section-end\"><\/span><\/h2>\n<p><img loading=\"lazy\" decoding=\"async\" class=\"alignnone size-full wp-image-8314\" src=\"https:\/\/moverdb.com\/wp-content\/uploads\/FF-International-Movers-moving-company.png\" alt=\"FF Mednarodni Movers premikajo podjetje\" width=\"1440\" height=\"684\" data-wp-pid=\"8314\" srcset=\"https:\/\/moverdb.com\/wp-content\/uploads\/FF-International-Movers-moving-company.png 1440w, https:\/\/moverdb.com\/wp-content\/uploads\/FF-International-Movers-moving-company-300x143.png 300w, https:\/\/moverdb.com\/wp-content\/uploads\/FF-International-Movers-moving-company-1024x486.png 1024w, https:\/\/moverdb.com\/wp-content\/uploads\/FF-International-Movers-moving-company-18x9.png 18w, https:\/\/moverdb.com\/wp-content\/uploads\/FF-International-Movers-moving-company-600x285.png 600w\" sizes=\"auto, (max-width: 1440px) 100vw, 1440px\" \/><\/p>\n<ul>\n<li>Nacionalne poteze<\/li>\n<li>Mednarodne selitve<\/li>\n<li>Selitve gospodinjstev<\/li>\n<li>Selitve pisarn<\/li>\n<li>Storitev pakiranja<\/li>\n<li>Kopenski, zra\u010dni in pomorski prevoz<\/li>\n<li>Carinske formalnosti<\/li>\n<li>Prenos umetni\u0161kih del<\/li>\n<li>Podpora za priseljevanje<\/li>\n<li>Kratkotrajno ali dolgotrajno skladi\u0161\u010denje<\/li>\n<\/ul>\n<p>FF International Movers je podjetje za selitve in prevoze, ki je bilo ustanovljeno leta 2001 in ima sede\u017e v Rigi. Specializirano je za storitve v Latviji, <a href=\"https:\/\/moverdb.com\/sl\/moving-to-estonia\/\" data-internallinksmanager029f6b8e52c=\"430\" title=\"Selitev v Estonijo? 2023 \u017divljenjski stro\u0161ki in nasveti za selitev\">Estonija<\/a> in Litvi, vendar ponuja storitve tudi na mednarodni ravni. So \u010dlani zdru\u017eenja IAM z 22-letno tradicijo.<\/p>\n<p>Dru\u017eba FF International Movers ponuja brezpla\u010dno posvetovanje, da bi razumela va\u0161e potrebe in obseg selitve. Nudijo storitev pakiranja, ki zagotavlja, da so va\u0161e stvari varno zapakirane v visokokakovostne pakirne materiale in izpolnjujejo standarde za na\u010din prevoza. Pomagali vam bodo tudi pri razstavljanju in sestavljanju pohi\u0161tva. Svetovali vam bodo glede dokumentacije za imigracijske in carinske formalnosti.<\/p>\n<p>Spletna stran: <a href=\"http:\/\/www.ffinternationalmovers.lv\" target=\"_blank\" rel=\"noopener\">http:\/\/www.ffinternationalmovers.lv<\/a><\/p>\n<h2><span class=\"ez-toc-section\" id=\"2_Gosselin\"><\/span><strong>2. Gosselin<\/strong><span class=\"ez-toc-section-end\"><\/span><\/h2>\n<p><img loading=\"lazy\" decoding=\"async\" class=\"alignnone size-full wp-image-8322\" src=\"https:\/\/moverdb.com\/wp-content\/uploads\/Gosselin-Latvia-international-moving-company.png\" alt=\"Gosselin Latvija mednarodno gibanje podjetje\" width=\"1440\" height=\"679\" data-wp-pid=\"8322\" srcset=\"https:\/\/moverdb.com\/wp-content\/uploads\/Gosselin-Latvia-international-moving-company.png 1440w, https:\/\/moverdb.com\/wp-content\/uploads\/Gosselin-Latvia-international-moving-company-300x141.png 300w, https:\/\/moverdb.com\/wp-content\/uploads\/Gosselin-Latvia-international-moving-company-1024x483.png 1024w, https:\/\/moverdb.com\/wp-content\/uploads\/Gosselin-Latvia-international-moving-company-18x8.png 18w, https:\/\/moverdb.com\/wp-content\/uploads\/Gosselin-Latvia-international-moving-company-600x283.png 600w\" sizes=\"auto, (max-width: 1440px) 100vw, 1440px\" \/><\/p>\n<ul>\n<li>Nacionalne poteze<\/li>\n<li>Mednarodne selitve<\/li>\n<li>Selitve gospodinjstev<\/li>\n<li>Selitve pisarn<\/li>\n<li>Storitev od vrat do vrat<\/li>\n<li>Storitev pakiranja<\/li>\n<li>Carinjenje<\/li>\n<li>Likovna umetnost in prevoz vozil<\/li>\n<li>Zavarovanje<\/li>\n<li>Prostori za shranjevanje<\/li>\n<\/ul>\n<p>Gosselin je mednarodno podjetje za selitve, ki deluje v 34 dr\u017eavah v Evropi, Rusiji in Srednji Aziji in je bilo ustanovljeno leta 1930. Njihova latvijska pisarna je v Rigi, ki je \u010dlanica zdru\u017eenja IAM. Imajo tudi dostop do mednarodnih mre\u017e, s katerimi \u0161irijo svoj doseg po vsem svetu.<\/p>\n<p>Gosselin ponuja selitvene storitve od vrat do vrat, pri \u010demer uporablja profesionalne in usposobljene selitvene delavce. Nudijo storitev pakiranja, ki vklju\u010duje pakiranje z uporabo okolju prijaznih pakirnih materialov, razstavljanje in ponovno sestavljanje pohi\u0161tva ter razpakiranje. Organizirajo prevoz z vsemi upravnimi formalnostmi, vklju\u010dno s carinjenjem. Nudijo dodatne storitve, vklju\u010dno z ravnanjem z umetninami, selitvijo hi\u0161nih ljubljen\u010dkov, prevozom avtomobilov in motornih koles ter skladi\u0161\u010denjem.<\/p>\n<p>Spletna stran: <a href=\"https:\/\/gosselin-moving.com\/en\/moving-to-latvia\" target=\"_blank\" rel=\"noopener\">https:\/\/gosselin-moving.com\/en\/moving-to-latvia<\/a><\/p>\n<h2><span class=\"ez-toc-section\" id=\"3_Zebra_Cargo\"><\/span><strong>3. Zebra Cargo<\/strong><span class=\"ez-toc-section-end\"><\/span><\/h2>\n<p><img loading=\"lazy\" decoding=\"async\" class=\"alignnone size-full wp-image-8384\" src=\"https:\/\/moverdb.com\/wp-content\/uploads\/Zebra-Cargo-international-moving-company.png\" alt=\"Zebra Cargo mednarodna selitev podjetje\" width=\"1440\" height=\"684\" data-wp-pid=\"8384\" srcset=\"https:\/\/moverdb.com\/wp-content\/uploads\/Zebra-Cargo-international-moving-company.png 1440w, https:\/\/moverdb.com\/wp-content\/uploads\/Zebra-Cargo-international-moving-company-300x143.png 300w, https:\/\/moverdb.com\/wp-content\/uploads\/Zebra-Cargo-international-moving-company-1024x486.png 1024w, https:\/\/moverdb.com\/wp-content\/uploads\/Zebra-Cargo-international-moving-company-18x9.png 18w, https:\/\/moverdb.com\/wp-content\/uploads\/Zebra-Cargo-international-moving-company-600x285.png 600w\" sizes=\"auto, (max-width: 1440px) 100vw, 1440px\" \/><\/p>\n<ul>\n<li>Nacionalne poteze<\/li>\n<li>Mednarodne selitve<\/li>\n<li>Selitve gospodinjstev<\/li>\n<li>Selitve podjetij<\/li>\n<li>Storitev pakiranja<\/li>\n<li>Ureditev prevoza<\/li>\n<li>Carinske formalnosti<\/li>\n<li>Prevoz umetni\u0161kih del<\/li>\n<li>Zavarovanje<\/li>\n<li>Prostori za shranjevanje<\/li>\n<\/ul>\n<p>Zebra Cargo je podjetje za selitve, ustanovljeno leta 1998, ki ima pisarne v Latviji, Litvi in Estoniji ter sede\u017e v Rigi. Pri zagotavljanju svojih storitev na mednarodni ravni sodeluje s selitvenimi agenti po vsem svetu. Je tudi \u010dlan zdru\u017eenja IAM.<\/p>\n<p>Zebra Cargo ponuja brezpla\u010dno svetovanje, da oceni va\u0161e zahteve glede selitve, in sestavi urnik selitve, po katerem lahko spremljate potek selitve. Njihovi svetovalci za mednarodne selitve vam bodo svetovali in vam pomagali sprejeti najbolj\u0161e odlo\u010ditve. Nudijo storitev pakiranja za vse velikosti in oblike predmetov ter poskrbijo za prevoz s pomo\u010djo pri carinskih formalnostih.<\/p>\n<p>Spletna stran: <a href=\"http:\/\/www.zebracargo.com\" target=\"_blank\" rel=\"noopener\">http:\/\/www.zebracargo.com<\/a><\/p>\n<h2><span class=\"ez-toc-section\" id=\"Other_Useful_Guides_to_Latvia\"><\/span>Drugi uporabni vodniki za Latvijo<span class=\"ez-toc-section-end\"><\/span><\/h2>\n<ul>\n<li> <a href=\"https:\/\/moverdb.com\/sl\/kontejnersko-posiljanje\/latvija\/\">2024 Cene pomorskega prevoza zabojnikov v Latvijo in iz nje<\/a><\/li>\n<li> <a href=\"https:\/\/moverdb.com\/sl\/moving-to-latvia\/\">Selitev v Latvijo? 2024 \u017divljenjski stro\u0161ki in nasveti za selitev<\/a><\/li>\n<\/ul>","protected":false},"excerpt":{"rendered":"<p>Are you are moving home or your business within, or to or from Latvia then you might want to employ the services of a removal company to assist you. Below we have compiled a list of Latvian removal companies that are members of the International Association of Movers (IAM) and\/or FIDI Accredited International Mover (FAIM) [&hellip;]<\/p>\n","protected":false},"author":4,"featured_media":0,"parent":190,"menu_order":0,"comment_status":"closed","ping_status":"closed","template":"","meta":{"_genesis_hide_title":false,"_genesis_hide_breadcrumbs":false,"_genesis_hide_singular_image":false,"_genesis_hide_footer_widgets":false,"_genesis_custom_body_class":"","_genesis_custom_post_class":"","_genesis_layout":"","footnotes":""},"class_list":{"0":"post-8400","1":"page","2":"type-page","3":"status-publish","5":"entry","6":"has-post-thumbnail"},"_links":{"self":[{"href":"https:\/\/moverdb.com\/sl\/wp-json\/wp\/v2\/pages\/8400","targetHints":{"allow":["GET"]}}],"collection":[{"href":"https:\/\/moverdb.com\/sl\/wp-json\/wp\/v2\/pages"}],"about":[{"href":"https:\/\/moverdb.com\/sl\/wp-json\/wp\/v2\/types\/page"}],"author":[{"embeddable":true,"href":"https:\/\/moverdb.com\/sl\/wp-json\/wp\/v2\/users\/4"}],"replies":[{"embeddable":true,"href":"https:\/\/moverdb.com\/sl\/wp-json\/wp\/v2\/comments?post=8400"}],"version-history":[{"count":2,"href":"https:\/\/moverdb.com\/sl\/wp-json\/wp\/v2\/pages\/8400\/revisions"}],"predecessor-version":[{"id":17890,"href":"https:\/\/moverdb.com\/sl\/wp-json\/wp\/v2\/pages\/8400\/revisions\/17890"}],"up":[{"embeddable":true,"href":"https:\/\/moverdb.com\/sl\/wp-json\/wp\/v2\/pages\/190"}],"wp:attachment":[{"href":"https:\/\/moverdb.com\/sl\/wp-json\/wp\/v2\/media?parent=8400"}],"curies":[{"name":"wp","href":"https:\/\/api.w.org\/{rel}","templated":true}]}}